{"id":1432203,"date":"2023-03-02T15:35:19","date_gmt":"2023-03-02T14:35:19","guid":{"rendered":"https:\/\/moonia-boutique.com\/?page_id=1432203"},"modified":"2025-01-07T10:16:45","modified_gmt":"2025-01-07T09:16:45","slug":"compose-ton-bouquet-de-hijab","status":"publish","type":"page","link":"https:\/\/moonia-boutique.com\/en\/compose-ton-bouquet-de-hijab\/","title":{"rendered":"Compose ton Bouquet de Hijab Personnalis\u00e9"},"content":{"rendered":"<div class=\"row row-full-width align-middle align-center\"  id=\"row-1444270155\"> \n\t<div id=\"col-930607799\" class=\"col large-12\"  >\n\t\t\t\t<div class=\"col-inner\"  >\n\t\t\t\n\t\t\t \n  <div class=\"banner has-hover bg-zoom\" id=\"banner-1980910846\">\n          <div class=\"banner-inner fill\">\n        <div class=\"banner-bg fill\" >\n                                    <div class=\"overlay\"><\/div>            \n                    <\/div>\n\t\t\n        <div class=\"banner-layers container\">\n            <a class=\"fill\" href=\"https:\/\/moonia-boutique.com\/en\/product\/compose-ton-bouquet-de-voile\/\"><div class=\"fill banner-link\"><\/div><\/a>                <div id=\"text-box-186605717\" class=\"text-box banner-layer x50 md-x50 lg-x50 y50 md-y50 lg-y50 res-text\">\n                                <div class=\"text-box-content text dark\">\n              \n              <div class=\"text-inner text-center\">\n                   \t<div id=\"text-1018665649\" class=\"text\">\n\t\t\r\n<h1 class=\"uppercase\">compose ton Bouquet de Hijab Personnalis\u00e9<\/h1>\r\n<p>Faites-vous plaisir avec notre bouquet de hijab personnalis\u00e9.<\/p>\r\n\t\t\n<style>\n#text-1018665649 {\n  font-size: 1rem;\n  color: rgb(255, 255, 255);\n}\n#text-1018665649 > * {\n  color: rgb(255, 255, 255);\n}\n<\/style>\n\t<\/div>\n\t <a href=\"https:\/\/moonia-boutique.com\/en\/product\/compose-ton-bouquet-de-voile\/\" class=\"button primary is-xlarge\" >\n    <span>Je compose<\/span>\n  <\/a>\n               <\/div>\n           <\/div>\n                            \n<style>\n#text-box-186605717 {\n  width: 100%;\n}\n#text-box-186605717 .text-box-content {\n  font-size: 100%;\n}\n<\/style>\n    <\/div>\n          <\/div>\n      <\/div>\n\n            \n<style>\n#banner-1980910846 {\n  padding-top: 500px;\n}\n#banner-1980910846 .overlay {\n  background-color: rgba(0, 0, 0, 0.465);\n}\n#banner-1980910846 .banner-bg img {\n  object-position: 56% 23%;\n}\n<\/style>\n  <\/div>\n\n <div class=\"accordion\"> \t<div id=\"accordion-169554438\" class=\"accordion-item\">\n\t\t<a id=\"accordion-169554438-label\" class=\"accordion-title plain\" href=\"#accordion-item-d\u00e9couvrir\" aria-expanded=\"false\" aria-controls=\"accordion-169554438-content\">\n\t\t\t<button class=\"toggle\" aria-label=\"Toggle\"><i class=\"icon-angle-down\" aria-hidden=\"true\"><\/i><\/button>\n\t\t\t<span>D\u00e9couvrir<\/span>\n\t\t<\/a>\n\t\t<div id=\"accordion-169554438-content\" class=\"accordion-inner\" aria-labelledby=\"accordion-169554438-label\">\n\t\t\t \t<div id=\"text-374000743\" class=\"text\">\n\t\t\r\n<p>4 voiles<\/p>\r\n<p>un Accessoire<\/p>\r\n\t\t\n<style>\n#text-374000743 {\n  text-align: center;\n}\n<\/style>\n\t<\/div>\n\t \t\t<\/div>\n\t<\/div>\n\t <\/div> \t\t<\/div>\n\t\t\t\t\t<\/div>\n\n\t <\/div> \n\t<section class=\"section\" id=\"section_2063812288\">\n\t\t<div class=\"section-bg fill\" >\n\t\t\t\t\t\t\t\t\t\n\t\t\t\n\n\t\t<\/div>\n\n\t\t\n\n\t\t<div class=\"section-content relative\">\n\t\t\t \t<div id=\"text-1637419602\" class=\"text\">\n\t\t\r\n<h2 class=\"uppercase\"><span style=\"font-size: 150%;\">compose Bouquet de Hijab Personnalis\u00e9<\/span><\/h2>\r\n\t\t\n<style>\n#text-1637419602 {\n  text-align: center;\n  color: rgb(0,0,0);\n}\n#text-1637419602 > * {\n  color: rgb(0,0,0);\n}\n<\/style>\n\t<\/div>\n\t <div class=\"accordion\"> \t<div id=\"accordion-3336696228\" class=\"accordion-item\">\n\t\t<a id=\"accordion-3336696228-label\" class=\"accordion-title plain\" href=\"#accordion-item-en-savoir-plus\" aria-expanded=\"false\" aria-controls=\"accordion-3336696228-content\">\n\t\t\t<button class=\"toggle\" aria-label=\"Toggle\"><i class=\"icon-angle-down\" aria-hidden=\"true\"><\/i><\/button>\n\t\t\t<span>En savoir plus<\/span>\n\t\t<\/a>\n\t\t<div id=\"accordion-3336696228-content\" class=\"accordion-inner\" aria-labelledby=\"accordion-3336696228-label\">\n\t\t\t \t<div id=\"text-1113461400\" class=\"text\">\n\t\t\r\n<p>Faites-vous plaisir avec nos bouquets de hijab personnalis\u00e9. Pour offrir un cadeau \u00e0 une femme voil\u00e9e les bouquets \u00e0 composer sont id\u00e9ales. En cas d&#8217;\u00e9v\u00e8nement, c&#8217;est le cadeau parfait, pour un mariage, nos bouquet de hijab personnalis\u00e9 vont tr\u00e8s bien dans un trousseau de mariage. Lors d&#8217;une conversion \u00e0 l&#8217;islam, n&#8217;h\u00e9sitez \u00e0 offrir une box avec les premiers hijabs de la soeur reconvertie . De plus, pour une femme voil\u00e9e r\u00e9cemment c&#8217;est aussi un joli cadeau. Enfin, pour renouveler sa garde-robe (et se faire un petit plaisir aussi!) composez une tenue compl\u00e8te dans Compose ta box c&#8217;est encore plus sympa.<\/p>\r\n\t\t\n<style>\n#text-1113461400 {\n  text-align: center;\n}\n<\/style>\n\t<\/div>\n\t \t\t<\/div>\n\t<\/div>\n\t <\/div> \t\t<\/div>\n\n\t\t\n<style>\n#section_2063812288 {\n  padding-top: 0px;\n  padding-bottom: 0px;\n}\n<\/style>\n\t<\/section>\n\t \t<div id=\"text-2332979374\" class=\"text\">\n\t\t\r\n<h2><span style=\"font-size: 120%;\">Compose ton Bouquet de Hijab Personnalis\u00e9<\/span><\/h2>\r\n<p>Bienvenue sur compose ton bouquet de voile personnalis\u00e9 ! Nous sommes ravis de vous offrir cette opportunit\u00e9 de personnaliser votre look en choisissant les hijabs qui vous plaisent le plus.<\/p>\r\n<p>Voici comment \u00e7a fonctionne :<\/p>\r\n<h2><span style=\"font-size: 120%;\">Compose ton bouquet de hijabs<\/span><\/h2>\r\n<p>En cliquant sur chaque icone vous trouverez tous nos <a href=\"https:\/\/moonia-boutique.com\/en\/product-category\/hijab\/\">hijabs<\/a> disponibles. Il y a une vari\u00e9t\u00e9 de styles, de couleurs et de mati\u00e8re pour que vous puissiez trouver ceux qui conviennent le mieux \u00e0 votre go\u00fbt et \u00e0 votre tenue. Vous pouvez cliquer sur chaque hijab pour voir une photo en gros plan et obtenir plus d&#8217;informations sur la taille, la mati\u00e8re et la fa\u00e7on de porter.<\/p>\r\n<h2><span style=\"font-size: 120%;\">Compl\u00e8te ton Bouquet de voile<\/span><\/h2>\r\n<p>Une fois que vous avez trouv\u00e9 les hijabs que vous souhaitez inclure dans votre bouquet. Vous pouvez ajouter un <a href=\"https:\/\/www.larousse.fr\/dictionnaires\/francais\/accessoire\/425#:~:text=%EE%A0%AC%20accessoire,-nom%20masculin&amp;text=1.,'automobile%2C%20de%20robot%20%C3%A9lectrique.\">accessoire<\/a> pour completer votre bouquet.<\/p>\r\n<h2><span style=\"font-size: 120%;\">Valide ton Bouquet<\/span><\/h2>\r\n<p>Une fois que vous avez ajout\u00e9 tous les hijabs que vous souhaitez, vous pouvez valider votre bouquet de voile.<br \/>Nous sommes impatients de voir le bouquet de hijab que vous allez cr\u00e9er ! N&#8217;h\u00e9sitez pas \u00e0 nous contacter si vous avez des questions ou des pr\u00e9occupations.<\/p>\r\n\t\t\n<style>\n#text-2332979374 {\n  text-align: center;\n}\n<\/style>\n\t<\/div>","protected":false},"excerpt":{"rendered":"","protected":false},"author":8,"featured_media":142250,"parent":0,"menu_order":0,"comment_status":"closed","ping_status":"closed","template":"page-blank.php","meta":{"_acf_changed":false,"_mo_disable_npp":"","footnotes":""},"class_list":["post-1432203","page","type-page","status-publish","has-post-thumbnail","hentry"],"acf":[],"yoast_head":"<!-- This site is optimized with the Yoast SEO plugin v26.6 - https:\/\/yoast.com\/wordpress\/plugins\/seo\/ -->\n<title>Bouquet de Hijab Personnalis\u00e9 cadeau pour femme voil\u00e9e - Moonia Boutique<\/title>\n<meta name=\"description\" content=\"D\u00e9couvre le Bouquet de Hijab Personnalis\u00e9 ! Nous sommes ravis de vous offrir cette opportunit\u00e9 de personnaliser votre bouquet de hijab !\" \/>\n<meta name=\"robots\" content=\"index, follow, max-snippet:-1, max-image-preview:large, max-video-preview:-1\" \/>\n<link rel=\"canonical\" href=\"https:\/\/moonia-boutique.com\/en\/compose-ton-bouquet-de-hijab\/\" \/>\n<meta property=\"og:locale\" content=\"en_GB\" \/>\n<meta property=\"og:type\" content=\"article\" \/>\n<meta property=\"og:title\" content=\"Bouquet de Hijab Personnalis\u00e9 cadeau pour femme voil\u00e9e - Moonia Boutique\" \/>\n<meta property=\"og:description\" content=\"D\u00e9couvre le Bouquet de Hijab Personnalis\u00e9 ! Nous sommes ravis de vous offrir cette opportunit\u00e9 de personnaliser votre bouquet de hijab !\" \/>\n<meta property=\"og:url\" content=\"https:\/\/moonia-boutique.com\/en\/compose-ton-bouquet-de-hijab\/\" \/>\n<meta property=\"og:site_name\" content=\"Moonia Boutique\" \/>\n<meta property=\"article:modified_time\" content=\"2025-01-07T09:16:45+00:00\" \/>\n<meta property=\"og:image\" content=\"https:\/\/moonia-boutique.com\/wp-content\/uploads\/2023\/02\/45232DE5-CB5D-4A00-8FAE-54A19D2F0367-scaled.jpeg\" \/>\n\t<meta property=\"og:image:width\" content=\"1485\" \/>\n\t<meta property=\"og:image:height\" content=\"2048\" \/>\n\t<meta property=\"og:image:type\" content=\"image\/jpeg\" \/>\n<meta name=\"twitter:card\" content=\"summary_large_image\" \/>\n<meta name=\"twitter:label1\" content=\"Estimated reading time\" \/>\n\t<meta name=\"twitter:data1\" content=\"3 minutes\" \/>\n<script type=\"application\/ld+json\" class=\"yoast-schema-graph\">{\"@context\":\"https:\/\/schema.org\",\"@graph\":[{\"@type\":\"WebPage\",\"@id\":\"https:\/\/moonia-boutique.com\/compose-ton-bouquet-de-hijab\/\",\"url\":\"https:\/\/moonia-boutique.com\/compose-ton-bouquet-de-hijab\/\",\"name\":\"Bouquet de Hijab Personnalis\u00e9 cadeau pour femme voil\u00e9e - Moonia Boutique\",\"isPartOf\":{\"@id\":\"https:\/\/moonia-boutique.com\/#website\"},\"primaryImageOfPage\":{\"@id\":\"https:\/\/moonia-boutique.com\/compose-ton-bouquet-de-hijab\/#primaryimage\"},\"image\":{\"@id\":\"https:\/\/moonia-boutique.com\/compose-ton-bouquet-de-hijab\/#primaryimage\"},\"thumbnailUrl\":\"https:\/\/moonia-boutique.com\/wp-content\/uploads\/2023\/02\/45232DE5-CB5D-4A00-8FAE-54A19D2F0367-scaled.jpeg\",\"datePublished\":\"2023-03-02T14:35:19+00:00\",\"dateModified\":\"2025-01-07T09:16:45+00:00\",\"description\":\"D\u00e9couvre le Bouquet de Hijab Personnalis\u00e9 ! Nous sommes ravis de vous offrir cette opportunit\u00e9 de personnaliser votre bouquet de hijab !\",\"breadcrumb\":{\"@id\":\"https:\/\/moonia-boutique.com\/compose-ton-bouquet-de-hijab\/#breadcrumb\"},\"inLanguage\":\"en-GB\",\"potentialAction\":[{\"@type\":\"ReadAction\",\"target\":[\"https:\/\/moonia-boutique.com\/compose-ton-bouquet-de-hijab\/\"]}]},{\"@type\":\"ImageObject\",\"inLanguage\":\"en-GB\",\"@id\":\"https:\/\/moonia-boutique.com\/compose-ton-bouquet-de-hijab\/#primaryimage\",\"url\":\"https:\/\/moonia-boutique.com\/wp-content\/uploads\/2023\/02\/45232DE5-CB5D-4A00-8FAE-54A19D2F0367-scaled.jpeg\",\"contentUrl\":\"https:\/\/moonia-boutique.com\/wp-content\/uploads\/2023\/02\/45232DE5-CB5D-4A00-8FAE-54A19D2F0367-scaled.jpeg\",\"width\":1485,\"height\":2048,\"caption\":\"Compose ton Bouquet de voile Bouquet de Voile Soie de Medine rose\"},{\"@type\":\"BreadcrumbList\",\"@id\":\"https:\/\/moonia-boutique.com\/compose-ton-bouquet-de-hijab\/#breadcrumb\",\"itemListElement\":[{\"@type\":\"ListItem\",\"position\":1,\"name\":\"Accueil\",\"item\":\"https:\/\/moonia-boutique.com\/\"},{\"@type\":\"ListItem\",\"position\":2,\"name\":\"Compose ton Bouquet de Hijab Personnalis\u00e9\"}]},{\"@type\":\"WebSite\",\"@id\":\"https:\/\/moonia-boutique.com\/#website\",\"url\":\"https:\/\/moonia-boutique.com\/\",\"name\":\"Moonia Boutique\",\"description\":\"Moonia Boutique - Le site de mode de la femme musulmane !\",\"publisher\":{\"@id\":\"https:\/\/moonia-boutique.com\/#organization\"},\"potentialAction\":[{\"@type\":\"SearchAction\",\"target\":{\"@type\":\"EntryPoint\",\"urlTemplate\":\"https:\/\/moonia-boutique.com\/?s={search_term_string}\"},\"query-input\":{\"@type\":\"PropertyValueSpecification\",\"valueRequired\":true,\"valueName\":\"search_term_string\"}}],\"inLanguage\":\"en-GB\"},{\"@type\":\"Organization\",\"@id\":\"https:\/\/moonia-boutique.com\/#organization\",\"name\":\"Moonia Boutique\",\"url\":\"https:\/\/moonia-boutique.com\/\",\"logo\":{\"@type\":\"ImageObject\",\"inLanguage\":\"en-GB\",\"@id\":\"https:\/\/moonia-boutique.com\/#\/schema\/logo\/image\/\",\"url\":\"https:\/\/moonia-boutique.com\/wp-content\/uploads\/2023\/08\/Sans-titre-1000-x-1000-px.png\",\"contentUrl\":\"https:\/\/moonia-boutique.com\/wp-content\/uploads\/2023\/08\/Sans-titre-1000-x-1000-px.png\",\"width\":1000,\"height\":1000,\"caption\":\"Moonia Boutique\"},\"image\":{\"@id\":\"https:\/\/moonia-boutique.com\/#\/schema\/logo\/image\/\"}}]}<\/script>\n<!-- \/ Yoast SEO plugin. -->","yoast_head_json":{"title":"Bouquet de Hijab Personnalis\u00e9 cadeau pour femme voil\u00e9e - Moonia Boutique","description":"D\u00e9couvre le Bouquet de Hijab Personnalis\u00e9 ! Nous sommes ravis de vous offrir cette opportunit\u00e9 de personnaliser votre bouquet de hijab !","robots":{"index":"index","follow":"follow","max-snippet":"max-snippet:-1","max-image-preview":"max-image-preview:large","max-video-preview":"max-video-preview:-1"},"canonical":"https:\/\/moonia-boutique.com\/en\/compose-ton-bouquet-de-hijab\/","og_locale":"en_GB","og_type":"article","og_title":"Bouquet de Hijab Personnalis\u00e9 cadeau pour femme voil\u00e9e - Moonia Boutique","og_description":"D\u00e9couvre le Bouquet de Hijab Personnalis\u00e9 ! Nous sommes ravis de vous offrir cette opportunit\u00e9 de personnaliser votre bouquet de hijab !","og_url":"https:\/\/moonia-boutique.com\/en\/compose-ton-bouquet-de-hijab\/","og_site_name":"Moonia Boutique","article_modified_time":"2025-01-07T09:16:45+00:00","og_image":[{"width":1485,"height":2048,"url":"https:\/\/moonia-boutique.com\/wp-content\/uploads\/2023\/02\/45232DE5-CB5D-4A00-8FAE-54A19D2F0367-scaled.jpeg","type":"image\/jpeg"}],"twitter_card":"summary_large_image","twitter_misc":{"Estimated reading time":"3 minutes"},"schema":{"@context":"https:\/\/schema.org","@graph":[{"@type":"WebPage","@id":"https:\/\/moonia-boutique.com\/compose-ton-bouquet-de-hijab\/","url":"https:\/\/moonia-boutique.com\/compose-ton-bouquet-de-hijab\/","name":"Bouquet de Hijab Personnalis\u00e9 cadeau pour femme voil\u00e9e - Moonia Boutique","isPartOf":{"@id":"https:\/\/moonia-boutique.com\/#website"},"primaryImageOfPage":{"@id":"https:\/\/moonia-boutique.com\/compose-ton-bouquet-de-hijab\/#primaryimage"},"image":{"@id":"https:\/\/moonia-boutique.com\/compose-ton-bouquet-de-hijab\/#primaryimage"},"thumbnailUrl":"https:\/\/moonia-boutique.com\/wp-content\/uploads\/2023\/02\/45232DE5-CB5D-4A00-8FAE-54A19D2F0367-scaled.jpeg","datePublished":"2023-03-02T14:35:19+00:00","dateModified":"2025-01-07T09:16:45+00:00","description":"D\u00e9couvre le Bouquet de Hijab Personnalis\u00e9 ! Nous sommes ravis de vous offrir cette opportunit\u00e9 de personnaliser votre bouquet de hijab !","breadcrumb":{"@id":"https:\/\/moonia-boutique.com\/compose-ton-bouquet-de-hijab\/#breadcrumb"},"inLanguage":"en-GB","potentialAction":[{"@type":"ReadAction","target":["https:\/\/moonia-boutique.com\/compose-ton-bouquet-de-hijab\/"]}]},{"@type":"ImageObject","inLanguage":"en-GB","@id":"https:\/\/moonia-boutique.com\/compose-ton-bouquet-de-hijab\/#primaryimage","url":"https:\/\/moonia-boutique.com\/wp-content\/uploads\/2023\/02\/45232DE5-CB5D-4A00-8FAE-54A19D2F0367-scaled.jpeg","contentUrl":"https:\/\/moonia-boutique.com\/wp-content\/uploads\/2023\/02\/45232DE5-CB5D-4A00-8FAE-54A19D2F0367-scaled.jpeg","width":1485,"height":2048,"caption":"Compose ton Bouquet de voile Bouquet de Voile Soie de Medine rose"},{"@type":"BreadcrumbList","@id":"https:\/\/moonia-boutique.com\/compose-ton-bouquet-de-hijab\/#breadcrumb","itemListElement":[{"@type":"ListItem","position":1,"name":"Accueil","item":"https:\/\/moonia-boutique.com\/"},{"@type":"ListItem","position":2,"name":"Compose ton Bouquet de Hijab Personnalis\u00e9"}]},{"@type":"WebSite","@id":"https:\/\/moonia-boutique.com\/#website","url":"https:\/\/moonia-boutique.com\/","name":"Moonia Boutique","description":"Moonia Boutique - Le site de mode de la femme musulmane !","publisher":{"@id":"https:\/\/moonia-boutique.com\/#organization"},"potentialAction":[{"@type":"SearchAction","target":{"@type":"EntryPoint","urlTemplate":"https:\/\/moonia-boutique.com\/?s={search_term_string}"},"query-input":{"@type":"PropertyValueSpecification","valueRequired":true,"valueName":"search_term_string"}}],"inLanguage":"en-GB"},{"@type":"Organization","@id":"https:\/\/moonia-boutique.com\/#organization","name":"Moonia Boutique","url":"https:\/\/moonia-boutique.com\/","logo":{"@type":"ImageObject","inLanguage":"en-GB","@id":"https:\/\/moonia-boutique.com\/#\/schema\/logo\/image\/","url":"https:\/\/moonia-boutique.com\/wp-content\/uploads\/2023\/08\/Sans-titre-1000-x-1000-px.png","contentUrl":"https:\/\/moonia-boutique.com\/wp-content\/uploads\/2023\/08\/Sans-titre-1000-x-1000-px.png","width":1000,"height":1000,"caption":"Moonia Boutique"},"image":{"@id":"https:\/\/moonia-boutique.com\/#\/schema\/logo\/image\/"}}]}},"jetpack_sharing_enabled":true,"_links":{"self":[{"href":"https:\/\/moonia-boutique.com\/en\/wp-json\/wp\/v2\/pages\/1432203","targetHints":{"allow":["GET"]}}],"collection":[{"href":"https:\/\/moonia-boutique.com\/en\/wp-json\/wp\/v2\/pages"}],"about":[{"href":"https:\/\/moonia-boutique.com\/en\/wp-json\/wp\/v2\/types\/page"}],"author":[{"embeddable":true,"href":"https:\/\/moonia-boutique.com\/en\/wp-json\/wp\/v2\/users\/8"}],"replies":[{"embeddable":true,"href":"https:\/\/moonia-boutique.com\/en\/wp-json\/wp\/v2\/comments?post=1432203"}],"version-history":[{"count":10,"href":"https:\/\/moonia-boutique.com\/en\/wp-json\/wp\/v2\/pages\/1432203\/revisions"}],"predecessor-version":[{"id":3193177,"href":"https:\/\/moonia-boutique.com\/en\/wp-json\/wp\/v2\/pages\/1432203\/revisions\/3193177"}],"wp:featuredmedia":[{"embeddable":true,"href":"https:\/\/moonia-boutique.com\/en\/wp-json\/wp\/v2\/media\/142250"}],"wp:attachment":[{"href":"https:\/\/moonia-boutique.com\/en\/wp-json\/wp\/v2\/media?parent=1432203"}],"curies":[{"name":"wp","href":"https:\/\/api.w.org\/{rel}","templated":true}]}}