{"id":174,"date":"2019-07-18T08:55:18","date_gmt":"2019-07-18T08:55:18","guid":{"rendered":"https:\/\/nille.qodeinteractive.com\/?page_id=174"},"modified":"2025-01-02T12:32:30","modified_gmt":"2025-01-02T11:32:30","slug":"a-propos","status":"publish","type":"page","link":"https:\/\/moonia-boutique.com\/en\/a-propos\/","title":{"rendered":"\u00c0 propos"},"content":{"rendered":"<section class=\"section\" id=\"section_995171662\">\n\t\t<div class=\"section-bg fill\" >\n\t\t\t\t\t\t\t\t\t<div class=\"section-bg-overlay absolute fill\"><\/div>\n\t\t\t\n\n\t\t<\/div>\n\n\t\t\n\n\t\t<div class=\"section-content relative\">\n\t\t\t <div class=\"row row-large\"  id=\"row-418911864\"> \n\t<div id=\"col-661143356\" class=\"col medium-6 small-12 large-6\"  >\n\t\t<div class=\"is-sticky-column\"><div class=\"is-sticky-column__inner\">\t\t<div class=\"col-inner\"  >\n\t\t\t\n\t\t\t \n  <div class=\"banner has-hover\" id=\"banner-307022596\">\n          <div class=\"banner-inner fill\">\n        <div class=\"banner-bg fill\" >\n                                                \n                    <\/div>\n\t\t\n        <div class=\"banner-layers container\">\n            <div class=\"fill banner-link\"><\/div>                <div id=\"text-box-1229310358\" class=\"text-box banner-layer x50 md-x50 lg-x50 y50 md-y50 lg-y50 res-text\">\n                                <div class=\"text-box-content text dark\">\n              \n              <div class=\"text-inner text-center\">\n                                 <\/div>\n           <\/div>\n                            \n<style>\n#text-box-1229310358 {\n  width: 60%;\n}\n#text-box-1229310358 .text-box-content {\n  font-size: 100%;\n}\n@media (min-width:550px) {\n  #text-box-1229310358 {\n    width: 60%;\n  }\n}\n<\/style>\n    <\/div>\n          <\/div>\n      <\/div>\n\n            \n<style>\n#banner-307022596 {\n  padding-top: 500px;\n}\n#banner-307022596 .banner-bg img {\n  object-position: 14% 38%;\n}\n<\/style>\n  <\/div>\n\n \t\t<\/div>\n\t\t<\/div><\/div>\t\t\t<\/div>\n\n\t \n\t<div id=\"col-1992577151\" class=\"col medium-6 small-12 large-6\"  >\n\t\t\t\t<div class=\"col-inner text-left\"  >\n\t\t\t\n\t\t\t\r\n<div><strong>Ch\u00e8res Sisters,<\/strong><\/div>\r\n<div>\u00a0<\/div>\r\n<div>Nous avons une annonce importante \u00e0 vous faire. Vous l&#8217;avez remarqu\u00e9 le site \u00e0 un peu chang\u00e9.<\/div>\r\n<div>\u00a0<\/div>\r\n<div>Nous sommes ravis de vous pr\u00e9senter notre nouveau nom\u00a0 <strong>*Moonia Boutique*<\/strong>. Depuis 2018, nous avons \u00e9volu\u00e9 pour offrir bien plus que des Box. Notre gamme s&#8217;est enrichie avec des collections compl\u00e8tes de pr\u00eat-\u00e0-porter, incluant des hijabs, des robes, des abayas et bien plus encore. Nous sommes devenus une boutique de pr\u00eat \u00e0 porter r\u00e9f\u00e9rente dans la communaut\u00e9 musulmane.<\/div>\r\n<div>\u00a0<\/div>\r\n<div>Le nom<strong> &#8220;Moonia&#8221;<\/strong> refl\u00e8te notre lien avec la religion et le calendrier lunaire suivi dans l&#8217;islam. La lune est une magnifique Cr\u00e9ature d&#8217;Allah elle brille au milieu des \u00e9toiles. C&#8217;est \u00e9galement un hommage \u00e0 notre fondatrice, Mounia, qui depuis toujours s&#8217;investis afin de satisfaire ses clientes et de leur offrir une boutique qui leur ressemble.<\/div>\r\n<div>\u00a0<\/div>\r\n<div>Pour c\u00e9l\u00e9brer ce changement, nous souhaitons vous remercier pour votre soutien en <span style=\"color: #d4914e;\"><strong>vous offrant une r\u00e9duction exceptionnelle de 15% avec le code *MOONIA15* lors de votre commande.<\/strong><\/span><\/div>\r\n<div>\u00a0<\/div>\r\n<div>Nous sommes reconnaissants de votre fid\u00e9lit\u00e9 et avons h\u00e2te de continuer ce voyage passionnant en tant que<strong> Moonia Boutique.<\/strong><\/div>\r\n<div>\u00a0<\/div>\r\n<div>Avec gratitude,<\/div>\r\n<div>\u00a0<\/div>\r\n<div>L&#8217;\u00e9quipe Moonia Boutique<\/div>\r\n\t<div id=\"gap-615103980\" class=\"gap-element clearfix\" style=\"display:block; height:auto;\">\n\t\t\n<style>\n#gap-615103980 {\n  padding-top: 30px;\n}\n<\/style>\n\t<\/div>\n\t <div class=\"row\"  id=\"row-1859186668\"> \n\t<div id=\"col-1040380382\" class=\"col medium-6 small-12 large-6\"  >\n\t\t\t\t<div class=\"col-inner text-center\"  >\n\t\t\t\n\t\t\t <a href=\"https:\/\/moonia-boutique.com\/en\/boutique\/\" class=\"button primary expand\" >\n    <span>Faire mon shopping<\/span>\n  <\/a>\n \t\t<\/div>\n\t\t\t\t\t<\/div>\n\n\t \n\t<div id=\"col-234109192\" class=\"col medium-6 small-12 large-6\"  >\n\t\t\t\t<div class=\"col-inner text-center\"  >\n\t\t\t\n\t\t\t <a href=\"https:\/\/moonia-boutique.com\/en\/compose-ta-box\/\" class=\"button primary expand\" >\n    <span>Compose ta box maintenant<\/span>\n  <\/a>\n \t\t<\/div>\n\t\t\t\t\t<\/div>\n\n\t <\/div> \t\t<\/div>\n\t\t\t\t\t<\/div>\n\n\t <\/div> \t\t<\/div>\n\n\t\t\n<style>\n#section_995171662 {\n  padding-top: 30px;\n  padding-bottom: 30px;\n}\n#section_995171662 .section-bg-overlay {\n  background-color: rgba(255, 255, 255, 0.85);\n}\n<\/style>\n\t<\/section>","protected":false},"excerpt":{"rendered":"","protected":false},"author":1,"featured_media":0,"parent":0,"menu_order":0,"comment_status":"closed","ping_status":"closed","template":"","meta":{"_acf_changed":false,"_mo_disable_npp":"","footnotes":""},"class_list":["post-174","page","type-page","status-publish","hentry"],"acf":[],"yoast_head":"<!-- This site is optimized with the Yoast SEO plugin v26.6 - https:\/\/yoast.com\/wordpress\/plugins\/seo\/ -->\n<title>\u00c0 propos - Moonia Boutique<\/title>\n<meta name=\"robots\" content=\"noindex, nofollow\" \/>\n<meta property=\"og:locale\" content=\"en_GB\" \/>\n<meta property=\"og:type\" content=\"article\" \/>\n<meta property=\"og:title\" content=\"\u00c0 propos - Moonia Boutique\" \/>\n<meta property=\"og:url\" content=\"https:\/\/moonia-boutique.com\/en\/a-propos\/\" \/>\n<meta property=\"og:site_name\" content=\"Moonia Boutique\" \/>\n<meta property=\"article:modified_time\" content=\"2025-01-02T11:32:30+00:00\" \/>\n<meta property=\"og:image\" content=\"https:\/\/moonia-boutique.com\/wp-content\/uploads\/2023\/08\/Sans-titre-1000-x-1000-px.png\" \/>\n\t<meta property=\"og:image:width\" content=\"1000\" \/>\n\t<meta property=\"og:image:height\" content=\"1000\" \/>\n\t<meta property=\"og:image:type\" content=\"image\/png\" \/>\n<meta name=\"twitter:card\" content=\"summary_large_image\" \/>\n<meta name=\"twitter:label1\" content=\"Estimated reading time\" \/>\n\t<meta name=\"twitter:data1\" content=\"2 minutes\" \/>\n<script type=\"application\/ld+json\" class=\"yoast-schema-graph\">{\"@context\":\"https:\/\/schema.org\",\"@graph\":[{\"@type\":\"WebPage\",\"@id\":\"https:\/\/moonia-boutique.com\/a-propos\/\",\"url\":\"https:\/\/moonia-boutique.com\/a-propos\/\",\"name\":\"\u00c0 propos - Moonia Boutique\",\"isPartOf\":{\"@id\":\"https:\/\/moonia-boutique.com\/#website\"},\"datePublished\":\"2019-07-18T08:55:18+00:00\",\"dateModified\":\"2025-01-02T11:32:30+00:00\",\"breadcrumb\":{\"@id\":\"https:\/\/moonia-boutique.com\/a-propos\/#breadcrumb\"},\"inLanguage\":\"en-GB\",\"potentialAction\":[{\"@type\":\"ReadAction\",\"target\":[\"https:\/\/moonia-boutique.com\/a-propos\/\"]}]},{\"@type\":\"BreadcrumbList\",\"@id\":\"https:\/\/moonia-boutique.com\/a-propos\/#breadcrumb\",\"itemListElement\":[{\"@type\":\"ListItem\",\"position\":1,\"name\":\"Accueil\",\"item\":\"https:\/\/moonia-boutique.com\/\"},{\"@type\":\"ListItem\",\"position\":2,\"name\":\"\u00c0 propos\"}]},{\"@type\":\"WebSite\",\"@id\":\"https:\/\/moonia-boutique.com\/#website\",\"url\":\"https:\/\/moonia-boutique.com\/\",\"name\":\"Moonia Boutique\",\"description\":\"Moonia Boutique - Le site de mode de la femme musulmane !\",\"publisher\":{\"@id\":\"https:\/\/moonia-boutique.com\/#organization\"},\"potentialAction\":[{\"@type\":\"SearchAction\",\"target\":{\"@type\":\"EntryPoint\",\"urlTemplate\":\"https:\/\/moonia-boutique.com\/?s={search_term_string}\"},\"query-input\":{\"@type\":\"PropertyValueSpecification\",\"valueRequired\":true,\"valueName\":\"search_term_string\"}}],\"inLanguage\":\"en-GB\"},{\"@type\":\"Organization\",\"@id\":\"https:\/\/moonia-boutique.com\/#organization\",\"name\":\"Moonia Boutique\",\"url\":\"https:\/\/moonia-boutique.com\/\",\"logo\":{\"@type\":\"ImageObject\",\"inLanguage\":\"en-GB\",\"@id\":\"https:\/\/moonia-boutique.com\/#\/schema\/logo\/image\/\",\"url\":\"https:\/\/moonia-boutique.com\/wp-content\/uploads\/2023\/08\/Sans-titre-1000-x-1000-px.png\",\"contentUrl\":\"https:\/\/moonia-boutique.com\/wp-content\/uploads\/2023\/08\/Sans-titre-1000-x-1000-px.png\",\"width\":1000,\"height\":1000,\"caption\":\"Moonia Boutique\"},\"image\":{\"@id\":\"https:\/\/moonia-boutique.com\/#\/schema\/logo\/image\/\"}}]}<\/script>\n<!-- \/ Yoast SEO plugin. -->","yoast_head_json":{"title":"\u00c0 propos - Moonia Boutique","robots":{"index":"noindex","follow":"nofollow"},"og_locale":"en_GB","og_type":"article","og_title":"\u00c0 propos - Moonia Boutique","og_url":"https:\/\/moonia-boutique.com\/en\/a-propos\/","og_site_name":"Moonia Boutique","article_modified_time":"2025-01-02T11:32:30+00:00","og_image":[{"width":1000,"height":1000,"url":"https:\/\/moonia-boutique.com\/wp-content\/uploads\/2023\/08\/Sans-titre-1000-x-1000-px.png","type":"image\/png"}],"twitter_card":"summary_large_image","twitter_misc":{"Estimated reading time":"2 minutes"},"schema":{"@context":"https:\/\/schema.org","@graph":[{"@type":"WebPage","@id":"https:\/\/moonia-boutique.com\/a-propos\/","url":"https:\/\/moonia-boutique.com\/a-propos\/","name":"\u00c0 propos - Moonia Boutique","isPartOf":{"@id":"https:\/\/moonia-boutique.com\/#website"},"datePublished":"2019-07-18T08:55:18+00:00","dateModified":"2025-01-02T11:32:30+00:00","breadcrumb":{"@id":"https:\/\/moonia-boutique.com\/a-propos\/#breadcrumb"},"inLanguage":"en-GB","potentialAction":[{"@type":"ReadAction","target":["https:\/\/moonia-boutique.com\/a-propos\/"]}]},{"@type":"BreadcrumbList","@id":"https:\/\/moonia-boutique.com\/a-propos\/#breadcrumb","itemListElement":[{"@type":"ListItem","position":1,"name":"Accueil","item":"https:\/\/moonia-boutique.com\/"},{"@type":"ListItem","position":2,"name":"\u00c0 propos"}]},{"@type":"WebSite","@id":"https:\/\/moonia-boutique.com\/#website","url":"https:\/\/moonia-boutique.com\/","name":"Moonia Boutique","description":"Moonia Boutique - Le site de mode de la femme musulmane !","publisher":{"@id":"https:\/\/moonia-boutique.com\/#organization"},"potentialAction":[{"@type":"SearchAction","target":{"@type":"EntryPoint","urlTemplate":"https:\/\/moonia-boutique.com\/?s={search_term_string}"},"query-input":{"@type":"PropertyValueSpecification","valueRequired":true,"valueName":"search_term_string"}}],"inLanguage":"en-GB"},{"@type":"Organization","@id":"https:\/\/moonia-boutique.com\/#organization","name":"Moonia Boutique","url":"https:\/\/moonia-boutique.com\/","logo":{"@type":"ImageObject","inLanguage":"en-GB","@id":"https:\/\/moonia-boutique.com\/#\/schema\/logo\/image\/","url":"https:\/\/moonia-boutique.com\/wp-content\/uploads\/2023\/08\/Sans-titre-1000-x-1000-px.png","contentUrl":"https:\/\/moonia-boutique.com\/wp-content\/uploads\/2023\/08\/Sans-titre-1000-x-1000-px.png","width":1000,"height":1000,"caption":"Moonia Boutique"},"image":{"@id":"https:\/\/moonia-boutique.com\/#\/schema\/logo\/image\/"}}]}},"jetpack_sharing_enabled":true,"_links":{"self":[{"href":"https:\/\/moonia-boutique.com\/en\/wp-json\/wp\/v2\/pages\/174","targetHints":{"allow":["GET"]}}],"collection":[{"href":"https:\/\/moonia-boutique.com\/en\/wp-json\/wp\/v2\/pages"}],"about":[{"href":"https:\/\/moonia-boutique.com\/en\/wp-json\/wp\/v2\/types\/page"}],"author":[{"embeddable":true,"href":"https:\/\/moonia-boutique.com\/en\/wp-json\/wp\/v2\/users\/1"}],"replies":[{"embeddable":true,"href":"https:\/\/moonia-boutique.com\/en\/wp-json\/wp\/v2\/comments?post=174"}],"version-history":[{"count":11,"href":"https:\/\/moonia-boutique.com\/en\/wp-json\/wp\/v2\/pages\/174\/revisions"}],"predecessor-version":[{"id":3192921,"href":"https:\/\/moonia-boutique.com\/en\/wp-json\/wp\/v2\/pages\/174\/revisions\/3192921"}],"wp:attachment":[{"href":"https:\/\/moonia-boutique.com\/en\/wp-json\/wp\/v2\/media?parent=174"}],"curies":[{"name":"wp","href":"https:\/\/api.w.org\/{rel}","templated":true}]}}