{"id":300,"date":"2019-07-18T14:08:16","date_gmt":"2019-07-18T14:08:16","guid":{"rendered":"https:\/\/nille.qodeinteractive.com\/?page_id=300"},"modified":"2025-01-02T12:34:59","modified_gmt":"2025-01-02T11:34:59","slug":"faq","status":"publish","type":"page","link":"https:\/\/moonia-boutique.com\/en\/faq\/","title":{"rendered":"FAQ"},"content":{"rendered":"<div id=\"text-1415373994\" class=\"text\">\n\t\t\r\n<h2 class=\"uppercase\">Questions fr\u00e9quentes<\/h2>\r\n\t\t\n<style>\n#text-1415373994 {\n  text-align: center;\n}\n<\/style>\n\t<\/div>\n\t \t<div id=\"gap-1148899447\" class=\"gap-element clearfix\" style=\"display:block; height:auto;\">\n\t\t\n<style>\n#gap-1148899447 {\n  padding-top: 70px;\n}\n<\/style>\n\t<\/div>\n\t <h3 class=\"accordion_title\">Commande &amp; produit<\/h3><div class=\"accordion\"> \t<div id=\"accordion-2777222807\" class=\"accordion-item\">\n\t\t<a id=\"accordion-2777222807-label\" class=\"accordion-title plain\" href=\"#accordion-item-comment-effectuer-des-achats-\u00c0-partir-de-mon-appareil-mobile-?\" aria-expanded=\"false\" aria-controls=\"accordion-2777222807-content\">\n\t\t\t<button class=\"toggle\" aria-label=\"Toggle\"><i class=\"icon-angle-down\" aria-hidden=\"true\"><\/i><\/button>\n\t\t\t<span>COMMENT EFFECTUER DES ACHATS \u00c0 PARTIR DE MON APPAREIL MOBILE ?<\/span>\n\t\t<\/a>\n\t\t<div id=\"accordion-2777222807-content\" class=\"accordion-inner\" aria-labelledby=\"accordion-2777222807-label\">\n\t\t\t\r\n<p>Notre site est responsive, c\u2019est \u00e0 dire qu\u2019il s\u2019adapte au format de l\u2019appareil que vous utilisez vous permettant de r\u00e9aliser vos achats en tout s\u00e9curit\u00e9 sur votre t\u00e9l\u00e9phone ou tablette. Il vous suffit donc d\u2019acc\u00e9der au site boxforsister.com via l\u2019appareil de votre choix et de proc\u00e9der au shopping.<\/p>\r\n\t\t<\/div>\n\t<\/div>\n\t \t<div id=\"accordion-433631045\" class=\"accordion-item\">\n\t\t<a id=\"accordion-433631045-label\" class=\"accordion-title plain\" href=\"#accordion-item-ma-taille-sera-t-elle-bient\u00d4t-a-nouveau-disponible-sur-le-site-?\" aria-expanded=\"false\" aria-controls=\"accordion-433631045-content\">\n\t\t\t<button class=\"toggle\" aria-label=\"Toggle\"><i class=\"icon-angle-down\" aria-hidden=\"true\"><\/i><\/button>\n\t\t\t<span>MA TAILLE SERA-T-ELLE BIENT\u00d4T A NOUVEAU DISPONIBLE SUR LE SITE ?<\/span>\n\t\t<\/a>\n\t\t<div id=\"accordion-433631045-content\" class=\"accordion-inner\" aria-labelledby=\"accordion-433631045-label\">\n\t\t\t\r\n<p>Les produits pr\u00e9sent\u00e9s sur boxforsister.com correspondent \u00e0 nos articles disponibles en stock. Si vous ne pouvez pas s\u00e9lectionner votre taille ou ajouter le produit \u00e0 votre panier, c\u2019est que ce produit n\u2019est plus disponible. Dans ce cas, nous vous invitons \u00e0 vous inscrire en liste d\u2019attente disponible sur les produits en rupture afin d\u2019\u00eatre averti de leurs retour en stock.<\/p>\r\n\t\t<\/div>\n\t<\/div>\n\t <\/div> \t<div id=\"gap-1221287202\" class=\"gap-element clearfix\" style=\"display:block; height:auto;\">\n\t\t\n<style>\n#gap-1221287202 {\n  padding-top: 50px;\n}\n<\/style>\n\t<\/div>\n\t <h3 class=\"accordion_title\">Mon compte<\/h3><div class=\"accordion\"> \t<div id=\"accordion-2669852262\" class=\"accordion-item\">\n\t\t<a id=\"accordion-2669852262-label\" class=\"accordion-title plain\" href=\"#accordion-item-que-faire-si-je-n\u2019arrive-pas-\u00c0-me-connecter-\u00c0-mon-compte-client-?\" aria-expanded=\"false\" aria-controls=\"accordion-2669852262-content\">\n\t\t\t<button class=\"toggle\" aria-label=\"Toggle\"><i class=\"icon-angle-down\" aria-hidden=\"true\"><\/i><\/button>\n\t\t\t<span>QUE FAIRE SI JE N\u2019ARRIVE PAS \u00c0 ME CONNECTER \u00c0 MON COMPTE CLIENT ?<\/span>\n\t\t<\/a>\n\t\t<div id=\"accordion-2669852262-content\" class=\"accordion-inner\" aria-labelledby=\"accordion-2669852262-label\">\n\t\t\t\r\n<p>Si vous rencontrez des difficult\u00e9s, nous vous invitons \u00e0 contacter le Service Client. Nous nous ferons un plaisir de vous aider.<\/p>\r\n\t\t<\/div>\n\t<\/div>\n\t \t<div id=\"accordion-608132392\" class=\"accordion-item\">\n\t\t<a id=\"accordion-608132392-label\" class=\"accordion-title plain\" href=\"#accordion-item-comment-r\u00c9initialiser-mon-mot-de-passe-?\" aria-expanded=\"false\" aria-controls=\"accordion-608132392-content\">\n\t\t\t<button class=\"toggle\" aria-label=\"Toggle\"><i class=\"icon-angle-down\" aria-hidden=\"true\"><\/i><\/button>\n\t\t\t<span>COMMENT R\u00c9INITIALISER MON MOT DE PASSE ?<\/span>\n\t\t<\/a>\n\t\t<div id=\"accordion-608132392-content\" class=\"accordion-inner\" aria-labelledby=\"accordion-608132392-label\">\n\t\t\t\r\n<p>Vous pouvez proc\u00e9der \u00e0 la r\u00e9initialisation de votre mot de passe via ce lien : <a href=\"https:\/\/moonia-boutique.com\/en\/mon-compte\/lost-password\/\">https:\/\/moonia-boutique.com\/mon-compte\/lost-password\/<\/a><\/p>\r\n\t\t<\/div>\n\t<\/div>\n\t <\/div> \t<div id=\"gap-1008333325\" class=\"gap-element clearfix\" style=\"display:block; height:auto;\">\n\t\t\n<style>\n#gap-1008333325 {\n  padding-top: 50px;\n}\n<\/style>\n\t<\/div>\n\t <h3 class=\"accordion_title\">Retour &amp; remboursement<\/h3><div class=\"accordion\"> \t<div id=\"accordion-741040055\" class=\"accordion-item\">\n\t\t<a id=\"accordion-741040055-label\" class=\"accordion-title plain\" href=\"#accordion-item-dois-je-garder-un-justificatif-d\u2019envoi-?\" aria-expanded=\"false\" aria-controls=\"accordion-741040055-content\">\n\t\t\t<button class=\"toggle\" aria-label=\"Toggle\"><i class=\"icon-angle-down\" aria-hidden=\"true\"><\/i><\/button>\n\t\t\t<span>DOIS-JE GARDER UN JUSTIFICATIF D\u2019ENVOI ?<\/span>\n\t\t<\/a>\n\t\t<div id=\"accordion-741040055-content\" class=\"accordion-inner\" aria-labelledby=\"accordion-741040055-label\">\n\t\t\t\r\n<p>Le retour \u00e9tant sous votre responsabilit\u00e9 jusqu\u2019\u00e0 son arriv\u00e9e dans nos entrep\u00f4ts, nous vous recommandons de toujours demander une preuve d\u2019envoi avec le tampon de la poste afin de pouvoir suivre son \u00e9volution et nous la fournir en cas de litige.<\/p>\r\n\t\t<\/div>\n\t<\/div>\n\t \t<div id=\"accordion-485970044\" class=\"accordion-item\">\n\t\t<a id=\"accordion-485970044-label\" class=\"accordion-title plain\" href=\"#accordion-item-combien-de-temps-ai-je-pour-retourner-un-produit-?\" aria-expanded=\"false\" aria-controls=\"accordion-485970044-content\">\n\t\t\t<button class=\"toggle\" aria-label=\"Toggle\"><i class=\"icon-angle-down\" aria-hidden=\"true\"><\/i><\/button>\n\t\t\t<span>COMBIEN DE TEMPS AI-JE POUR RETOURNER UN PRODUIT ?<\/span>\n\t\t<\/a>\n\t\t<div id=\"accordion-485970044-content\" class=\"accordion-inner\" aria-labelledby=\"accordion-485970044-label\">\n\t\t\t\r\n<p>Vous b\u00e9n\u00e9ficiez d\u2019un d\u00e9lai de 14 jours \u00e0 compter de la r\u00e9ception de votre commande pour la retourner. L\u2019article doit \u00eatre renvoy\u00e9 dans son \u00e9tat neuf, avec les \u00e9tiquettes d\u2019origine attach\u00e9es et l\u2019ensemble des emballages. Si ces conditions ne sont pas remplies, Box For Sister se r\u00e9serve le droit de refuser le retour et le remboursement. En cons\u00e9quence, le produit vous sera r\u00e9exp\u00e9di\u00e9.<\/p>\r\n\t\t<\/div>\n\t<\/div>\n\t \t<div id=\"accordion-3369890120\" class=\"accordion-item\">\n\t\t<a id=\"accordion-3369890120-label\" class=\"accordion-title plain\" href=\"#accordion-item-combien-cela-co\u00dbte-t-il-de-retourner-un-produit-?\" aria-expanded=\"false\" aria-controls=\"accordion-3369890120-content\">\n\t\t\t<button class=\"toggle\" aria-label=\"Toggle\"><i class=\"icon-angle-down\" aria-hidden=\"true\"><\/i><\/button>\n\t\t\t<span>COMBIEN CELA CO\u00dbTE-T-IL DE RETOURNER UN PRODUIT ?<\/span>\n\t\t<\/a>\n\t\t<div id=\"accordion-3369890120-content\" class=\"accordion-inner\" aria-labelledby=\"accordion-3369890120-label\">\n\t\t\t\r\n<p>Les frais de retour sont \u00e0 votre charge et leurs co\u00fbts varient selon le transporteur que vous aurez s\u00e9lectionn\u00e9 au pr\u00e9alable.<\/p>\r\n\t\t<\/div>\n\t<\/div>\n\t \t<div id=\"accordion-3875981987\" class=\"accordion-item\">\n\t\t<a id=\"accordion-3875981987-label\" class=\"accordion-title plain\" href=\"#accordion-item-combien-de-temps-faut-il-pour-\u00catre-recr\u00c9dit\u00c9-apr\u00c8s-le-retour-d\u2019un-produit-achet\u00c9-et-paye-en-ligne-?\" aria-expanded=\"false\" aria-controls=\"accordion-3875981987-content\">\n\t\t\t<button class=\"toggle\" aria-label=\"Toggle\"><i class=\"icon-angle-down\" aria-hidden=\"true\"><\/i><\/button>\n\t\t\t<span>COMBIEN DE TEMPS FAUT-IL POUR \u00caTRE RECR\u00c9DIT\u00c9 APR\u00c8S LE RETOUR D\u2019UN PRODUIT ACHET\u00c9 ET PAYE EN LIGNE ?<\/span>\n\t\t<\/a>\n\t\t<div id=\"accordion-3875981987-content\" class=\"accordion-inner\" aria-labelledby=\"accordion-3875981987-label\">\n\t\t\t\r\n<p>i le retour des produits est conforme aux crit\u00e8res d\u2019acceptation d\u2019un retour par notre service qualit\u00e9 : \u2013 les articles doivent \u00eatre dans leur \u00e9tat neuf, sans avoir \u00e9t\u00e9 port\u00e9s ni lav\u00e9s \u2013 l\u2019ensemble des emballages (plastiques, bo\u00eetes), accessoires et \u00e9tiquettes produits doivent \u00eatre retourn\u00e9s. Vous serez cr\u00e9dit\u00e9s sous 10 \u00e0 15 jours et sur le moyen de paiement qui a \u00e9t\u00e9 utilis\u00e9 lors de l\u2019achat. Il faut compter le d\u00e9lai d\u2019acheminement du retour du colis (qui est en moyenne de 5 jours), ainsi que le temps de traitement du contr\u00f4le qualit\u00e9 \u00e0 notre entrep\u00f4t (jusqu\u2019\u00e0 2 jours), ainsi que le d\u00e9lai de remboursement de votre \u00e9tablissement bancaire qui peut prendre jusqu\u2019\u00e0 3 jours.<\/p>\r\n\t\t<\/div>\n\t<\/div>\n\t \t<div id=\"accordion-2779030036\" class=\"accordion-item\">\n\t\t<a id=\"accordion-2779030036-label\" class=\"accordion-title plain\" href=\"#accordion-item-est-il-possible-d\u2019\u00c9changer-un-produit-?\" aria-expanded=\"false\" aria-controls=\"accordion-2779030036-content\">\n\t\t\t<button class=\"toggle\" aria-label=\"Toggle\"><i class=\"icon-angle-down\" aria-hidden=\"true\"><\/i><\/button>\n\t\t\t<span>EST-IL POSSIBLE D\u2019\u00c9CHANGER UN PRODUIT ?<\/span>\n\t\t<\/a>\n\t\t<div id=\"accordion-2779030036-content\" class=\"accordion-inner\" aria-labelledby=\"accordion-2779030036-label\">\n\t\t\t\r\n<p>Il nous est actuellement impossible de proc\u00e9der \u00e0 un \u00e9change pour des raisons de limites techniques. N\u00e9anmoins, vous pouvez retourner le produit (\u00e0 vos frais) qui vous sera rembours\u00e9 \u00e0 r\u00e9ception et recommander le produit que vous souhaitez.<\/p>\r\n\t\t<\/div>\n\t<\/div>\n\t \t<div id=\"accordion-2018503343\" class=\"accordion-item\">\n\t\t<a id=\"accordion-2018503343-label\" class=\"accordion-title plain\" href=\"#accordion-item-comment-serai-je-recr\u00c9dit\u00c9-apr\u00c8s-le-retour-d\u2019un-produit-?\" aria-expanded=\"false\" aria-controls=\"accordion-2018503343-content\">\n\t\t\t<button class=\"toggle\" aria-label=\"Toggle\"><i class=\"icon-angle-down\" aria-hidden=\"true\"><\/i><\/button>\n\t\t\t<span>COMMENT SERAI-JE RECR\u00c9DIT\u00c9 APR\u00c8S LE RETOUR D\u2019UN PRODUIT ?<\/span>\n\t\t<\/a>\n\t\t<div id=\"accordion-2018503343-content\" class=\"accordion-inner\" aria-labelledby=\"accordion-2018503343-label\">\n\t\t\t\r\n<p>1. Si vous avez pay\u00e9 par carte de cr\u00e9dit, la valeur des produits retourn\u00e9s sera recr\u00e9dit\u00e9e sur votre carte.<\/p>\r\n<p>2. Si vous avez pay\u00e9 par paypal, la valeur des produits retourn\u00e9s sera recr\u00e9dit\u00e9e sur votre compte paypal.<\/p>\r\n<p>Les frais d\u2019exp\u00e9ditions ne seront pas recr\u00e9dit\u00e9s sauf si l\u2019objet accuse un d\u00e9faut.<\/p>\r\n\t\t<\/div>\n\t<\/div>\n\t <\/div> \t<div id=\"gap-2120813666\" class=\"gap-element clearfix\" style=\"display:block; height:auto;\">\n\t\t\n<style>\n#gap-2120813666 {\n  padding-top: 50px;\n}\n<\/style>\n\t<\/div>\n\t <h3 class=\"accordion_title\">Livraison<\/h3><div class=\"accordion\"> \t<div id=\"accordion-592180997\" class=\"accordion-item\">\n\t\t<a id=\"accordion-592180997-label\" class=\"accordion-title plain\" href=\"#accordion-item-ma-commande-semble-retard\u00c9e.-que-faire-?\" aria-expanded=\"false\" aria-controls=\"accordion-592180997-content\">\n\t\t\t<button class=\"toggle\" aria-label=\"Toggle\"><i class=\"icon-angle-down\" aria-hidden=\"true\"><\/i><\/button>\n\t\t\t<span>MA COMMANDE SEMBLE RETARD\u00c9E. QUE FAIRE ?<\/span>\n\t\t<\/a>\n\t\t<div id=\"accordion-592180997-content\" class=\"accordion-inner\" aria-labelledby=\"accordion-592180997-label\">\n\t\t\t\r\n<p>Il peut arriver que nos prestataires de livraison rencontrent des probl\u00e8mes de logistique, entra\u00eenant un retard dans la livraison de votre commande. Dans le cas o\u00f9 la date de livraison de commande aurait \u00e9t\u00e9 d\u00e9pass\u00e9e, nous vous invitons \u00e0 contacter notre <a href=\"https:\/\/moonia-boutique.com\/en\/contact\/\">service client.<\/a><\/p>\r\n\t\t<\/div>\n\t<\/div>\n\t \t<div id=\"accordion-2231458014\" class=\"accordion-item\">\n\t\t<a id=\"accordion-2231458014-label\" class=\"accordion-title plain\" href=\"#accordion-item-je-n\u2019ai-pas-re\u00c7u-le-bon-produit,-que-faire-?\" aria-expanded=\"false\" aria-controls=\"accordion-2231458014-content\">\n\t\t\t<button class=\"toggle\" aria-label=\"Toggle\"><i class=\"icon-angle-down\" aria-hidden=\"true\"><\/i><\/button>\n\t\t\t<span>JE N\u2019AI PAS RE\u00c7U LE BON PRODUIT, QUE FAIRE ?<\/span>\n\t\t<\/a>\n\t\t<div id=\"accordion-2231458014-content\" class=\"accordion-inner\" aria-labelledby=\"accordion-2231458014-label\">\n\t\t\t\r\n<p>Nous nous effor\u00e7ons de vous proposer des commandes toujours mieux pr\u00e9par\u00e9es, et r\u00e9alisons plusieurs v\u00e9rifications lors de la pr\u00e9paration de celles-ci. Nous vous informons, que si toutefois une erreur se serait produite, nous vous pr\u00e9sentons nos excuses. Vous disposez alors d\u2019un d\u00e9lai de retour de 30 jours. Veuillez noter que nous ne sommes cependant pas en mesure de r\u00e9aliser un \u00e9change. Nous proc\u00e9derons au remboursement de ce produit d\u00e8s r\u00e9ception de votre colis. Pour en savoir plus sur les modalit\u00e9s de retour, nous vous invitons \u00e0 consulter la rubrique \u201cRetours et remboursement\u201d. Si vous avez d\u2019autres questions concernant votre colis, nous vous invitons \u00e0 contacter le <a href=\"https:\/\/moonia-boutique.com\/en\/contact\/\">Service Client.<\/a><\/p>\r\n\t\t<\/div>\n\t<\/div>\n\t <\/div>","protected":false},"excerpt":{"rendered":"","protected":false},"author":1,"featured_media":0,"parent":0,"menu_order":0,"comment_status":"closed","ping_status":"closed","template":"","meta":{"_acf_changed":false,"_mo_disable_npp":"","footnotes":""},"class_list":["post-300","page","type-page","status-publish","hentry"],"acf":[],"yoast_head":"<!-- This site is optimized with the Yoast SEO plugin v26.6 - https:\/\/yoast.com\/wordpress\/plugins\/seo\/ -->\n<title>FAQ - Moonia Boutique<\/title>\n<meta name=\"robots\" content=\"noindex, nofollow\" \/>\n<meta property=\"og:locale\" content=\"en_GB\" \/>\n<meta property=\"og:type\" content=\"article\" \/>\n<meta property=\"og:title\" content=\"FAQ - Moonia Boutique\" \/>\n<meta property=\"og:url\" content=\"https:\/\/moonia-boutique.com\/en\/faq\/\" \/>\n<meta property=\"og:site_name\" content=\"Moonia Boutique\" \/>\n<meta property=\"article:modified_time\" content=\"2025-01-02T11:34:59+00:00\" \/>\n<meta property=\"og:image\" content=\"https:\/\/moonia-boutique.com\/wp-content\/uploads\/2023\/08\/Sans-titre-1000-x-1000-px.png\" \/>\n\t<meta property=\"og:image:width\" content=\"1000\" \/>\n\t<meta property=\"og:image:height\" content=\"1000\" \/>\n\t<meta property=\"og:image:type\" content=\"image\/png\" \/>\n<meta name=\"twitter:card\" content=\"summary_large_image\" \/>\n<meta name=\"twitter:label1\" content=\"Estimated reading time\" \/>\n\t<meta name=\"twitter:data1\" content=\"4 minutes\" \/>\n<script type=\"application\/ld+json\" class=\"yoast-schema-graph\">{\"@context\":\"https:\/\/schema.org\",\"@graph\":[{\"@type\":\"WebPage\",\"@id\":\"https:\/\/moonia-boutique.com\/faq\/\",\"url\":\"https:\/\/moonia-boutique.com\/faq\/\",\"name\":\"FAQ - Moonia Boutique\",\"isPartOf\":{\"@id\":\"https:\/\/moonia-boutique.com\/#website\"},\"datePublished\":\"2019-07-18T14:08:16+00:00\",\"dateModified\":\"2025-01-02T11:34:59+00:00\",\"breadcrumb\":{\"@id\":\"https:\/\/moonia-boutique.com\/faq\/#breadcrumb\"},\"inLanguage\":\"en-GB\",\"potentialAction\":[{\"@type\":\"ReadAction\",\"target\":[\"https:\/\/moonia-boutique.com\/faq\/\"]}]},{\"@type\":\"BreadcrumbList\",\"@id\":\"https:\/\/moonia-boutique.com\/faq\/#breadcrumb\",\"itemListElement\":[{\"@type\":\"ListItem\",\"position\":1,\"name\":\"Accueil\",\"item\":\"https:\/\/moonia-boutique.com\/\"},{\"@type\":\"ListItem\",\"position\":2,\"name\":\"FAQ\"}]},{\"@type\":\"WebSite\",\"@id\":\"https:\/\/moonia-boutique.com\/#website\",\"url\":\"https:\/\/moonia-boutique.com\/\",\"name\":\"Moonia Boutique\",\"description\":\"Moonia Boutique - Le site de mode de la femme musulmane !\",\"publisher\":{\"@id\":\"https:\/\/moonia-boutique.com\/#organization\"},\"potentialAction\":[{\"@type\":\"SearchAction\",\"target\":{\"@type\":\"EntryPoint\",\"urlTemplate\":\"https:\/\/moonia-boutique.com\/?s={search_term_string}\"},\"query-input\":{\"@type\":\"PropertyValueSpecification\",\"valueRequired\":true,\"valueName\":\"search_term_string\"}}],\"inLanguage\":\"en-GB\"},{\"@type\":\"Organization\",\"@id\":\"https:\/\/moonia-boutique.com\/#organization\",\"name\":\"Moonia Boutique\",\"url\":\"https:\/\/moonia-boutique.com\/\",\"logo\":{\"@type\":\"ImageObject\",\"inLanguage\":\"en-GB\",\"@id\":\"https:\/\/moonia-boutique.com\/#\/schema\/logo\/image\/\",\"url\":\"https:\/\/moonia-boutique.com\/wp-content\/uploads\/2023\/08\/Sans-titre-1000-x-1000-px.png\",\"contentUrl\":\"https:\/\/moonia-boutique.com\/wp-content\/uploads\/2023\/08\/Sans-titre-1000-x-1000-px.png\",\"width\":1000,\"height\":1000,\"caption\":\"Moonia Boutique\"},\"image\":{\"@id\":\"https:\/\/moonia-boutique.com\/#\/schema\/logo\/image\/\"}}]}<\/script>\n<!-- \/ Yoast SEO plugin. -->","yoast_head_json":{"title":"FAQ - Moonia Boutique","robots":{"index":"noindex","follow":"nofollow"},"og_locale":"en_GB","og_type":"article","og_title":"FAQ - Moonia Boutique","og_url":"https:\/\/moonia-boutique.com\/en\/faq\/","og_site_name":"Moonia Boutique","article_modified_time":"2025-01-02T11:34:59+00:00","og_image":[{"width":1000,"height":1000,"url":"https:\/\/moonia-boutique.com\/wp-content\/uploads\/2023\/08\/Sans-titre-1000-x-1000-px.png","type":"image\/png"}],"twitter_card":"summary_large_image","twitter_misc":{"Estimated reading time":"4 minutes"},"schema":{"@context":"https:\/\/schema.org","@graph":[{"@type":"WebPage","@id":"https:\/\/moonia-boutique.com\/faq\/","url":"https:\/\/moonia-boutique.com\/faq\/","name":"FAQ - Moonia Boutique","isPartOf":{"@id":"https:\/\/moonia-boutique.com\/#website"},"datePublished":"2019-07-18T14:08:16+00:00","dateModified":"2025-01-02T11:34:59+00:00","breadcrumb":{"@id":"https:\/\/moonia-boutique.com\/faq\/#breadcrumb"},"inLanguage":"en-GB","potentialAction":[{"@type":"ReadAction","target":["https:\/\/moonia-boutique.com\/faq\/"]}]},{"@type":"BreadcrumbList","@id":"https:\/\/moonia-boutique.com\/faq\/#breadcrumb","itemListElement":[{"@type":"ListItem","position":1,"name":"Accueil","item":"https:\/\/moonia-boutique.com\/"},{"@type":"ListItem","position":2,"name":"FAQ"}]},{"@type":"WebSite","@id":"https:\/\/moonia-boutique.com\/#website","url":"https:\/\/moonia-boutique.com\/","name":"Moonia Boutique","description":"Moonia Boutique - Le site de mode de la femme musulmane !","publisher":{"@id":"https:\/\/moonia-boutique.com\/#organization"},"potentialAction":[{"@type":"SearchAction","target":{"@type":"EntryPoint","urlTemplate":"https:\/\/moonia-boutique.com\/?s={search_term_string}"},"query-input":{"@type":"PropertyValueSpecification","valueRequired":true,"valueName":"search_term_string"}}],"inLanguage":"en-GB"},{"@type":"Organization","@id":"https:\/\/moonia-boutique.com\/#organization","name":"Moonia Boutique","url":"https:\/\/moonia-boutique.com\/","logo":{"@type":"ImageObject","inLanguage":"en-GB","@id":"https:\/\/moonia-boutique.com\/#\/schema\/logo\/image\/","url":"https:\/\/moonia-boutique.com\/wp-content\/uploads\/2023\/08\/Sans-titre-1000-x-1000-px.png","contentUrl":"https:\/\/moonia-boutique.com\/wp-content\/uploads\/2023\/08\/Sans-titre-1000-x-1000-px.png","width":1000,"height":1000,"caption":"Moonia Boutique"},"image":{"@id":"https:\/\/moonia-boutique.com\/#\/schema\/logo\/image\/"}}]}},"jetpack_sharing_enabled":true,"_links":{"self":[{"href":"https:\/\/moonia-boutique.com\/en\/wp-json\/wp\/v2\/pages\/300","targetHints":{"allow":["GET"]}}],"collection":[{"href":"https:\/\/moonia-boutique.com\/en\/wp-json\/wp\/v2\/pages"}],"about":[{"href":"https:\/\/moonia-boutique.com\/en\/wp-json\/wp\/v2\/types\/page"}],"author":[{"embeddable":true,"href":"https:\/\/moonia-boutique.com\/en\/wp-json\/wp\/v2\/users\/1"}],"replies":[{"embeddable":true,"href":"https:\/\/moonia-boutique.com\/en\/wp-json\/wp\/v2\/comments?post=300"}],"version-history":[{"count":6,"href":"https:\/\/moonia-boutique.com\/en\/wp-json\/wp\/v2\/pages\/300\/revisions"}],"predecessor-version":[{"id":3192931,"href":"https:\/\/moonia-boutique.com\/en\/wp-json\/wp\/v2\/pages\/300\/revisions\/3192931"}],"wp:attachment":[{"href":"https:\/\/moonia-boutique.com\/en\/wp-json\/wp\/v2\/media?parent=300"}],"curies":[{"name":"wp","href":"https:\/\/api.w.org\/{rel}","templated":true}]}}