{"id":5589,"date":"2020-10-29T14:49:36","date_gmt":"2020-10-29T13:49:36","guid":{"rendered":"https:\/\/moonia-boutique.com\/?page_id=5589"},"modified":"2026-01-01T10:28:37","modified_gmt":"2026-01-01T09:28:37","slug":"conditions-generales-de-ventes","status":"publish","type":"page","link":"https:\/\/moonia-boutique.com\/en\/conditions-generales-de-ventes\/","title":{"rendered":"Conditions g\u00e9n\u00e9rales de ventes"},"content":{"rendered":"<h3>Digitalmoon<\/h3>\n<p>\u00a0<\/p>\n<ul>\n<li>Si\u00e8ge social : 28 rue fran\u00e7ois simon, 57070 Saint Julien les Metz<\/li>\n<li>Adresse mail : contact@moonia-boutique.com<\/li>\n<li>Site internet : www.moonia-boutique.com<\/li>\n<\/ul>\n<p>\u00a0<\/p>\n<h3>1. APPLICATION DES CONDITIONS G\u00c9N\u00c9RALES<\/h3>\n<p>\u00a0<\/p>\n<ul>\n<li>Ces conditions g\u00e9n\u00e9rales (ci-apr\u00e8s les \u00ab Conditions G\u00e9n\u00e9rales \u00bb) sont mises \u00e0 la disposition de l\u2019Acheteur en ligne par le Vendeur \u00e0 l\u2019adresse suivante www.moonia-boutique.com et s\u2019appliquent \u00e0 toutes les offres,Commandes, Contrats et autres relations juridiques entre l\u2019Acheteur et le Vendeur dans le cadre de l\u2019achat d\u2019un ou plusieurs Produit(s) sur le Site Internet.<\/li>\n<\/ul>\n<p>\u00a0<\/p>\n<h3>2. R\u00c9ALISATION ET CONTENU DU CONTRAT<\/h3>\n<p>\u00a0<\/p>\n<ul>\n<li>L\u2019Acheteur doit s\u00e9lectionner les Produits parmi la gamme de marchandises du Vendeur, de la contenance et de la taille d\u00e9sir\u00e9s et les placer dans un \u00ab panier d\u2019achat \u00bb en cliquant sur le bouton \u00ab ajouter au panier \u00bb.<\/li>\n<li>En cliquant sur \u201cPANIER\u201d il sera redirig\u00e9 vers un aper\u00e7u des articles d\u2019achat avec leurs caract\u00e9ristiques, leur prix et les moyens de livraison.<\/li>\n<li>En cliquant sur \u201cPAIEMENT\u201d il sera redirig\u00e9 vers la saisit de son adresse de facturation et l\u2019adresse de livraison d\u00e9sir\u00e9e si celle-ci est diff\u00e9rente de l\u2019adresse de facturation.<\/li>\n<li>\u00a0Apr\u00e8s avoir s\u00e9lectionn\u00e9 le mode de livraison et l\u2019adresse\u00a0l\u2019Acheteur peut poursuivre le processus de commande en choisissant parmi les modes de paiement.<\/li>\n<\/ul>\n<p>\u00a0<\/p>\n<h3>3. TAXES ET TARIFS<\/h3>\n<p>\u00a0<\/p>\n<ul>\n<li>Les prix de vente mentionn\u00e9s sur le Site Internet sont exprim\u00e9s dans votre monnaie locale ou en euros, incluent la Taxe sur la Valeur Ajout\u00e9e (TVA), et les frais d\u2019exp\u00e9dition. Les frais d\u2019exp\u00e9dition de retour seront support\u00e9s par l\u2019acheteur (voir conditions retour et \u00e9changes **). Lors de la passation de la Commande et lors de la confirmation du Contrat, le Prix d\u2019achat total est affich\u00e9.<\/li>\n<\/ul>\n<p>\u00a0<\/p>\n<h3>4. MODE DE PAIEMENT<\/h3>\n<p>\u00a0<\/p>\n<ul>\n<li>Nous acceptons les paiements via les cartes de cr\u00e9dit et de d\u00e9bit VISA \/ MASTER \/ AMERICAN EXPRESS et PayPal. Visitez www.paypal.com pour plus d\u2019informations. Nous n\u2019acceptons pas les paiements par ch\u00e8que, virement bancaire ou interbancaire.<\/li>\n<\/ul>\n<p>\u00a0<\/p>\n<h3>5. LIVRAISON<\/h3>\n<p>\u00a0<\/p>\n<ul>\n<li>La livraison est effectu\u00e9e par un transporteur d\u00e9sign\u00e9 par l\u2019acheteur<\/li>\n<li>La livraison est calcul\u00e9 selon le secteur g\u00e9ographique.<\/li>\n<li>Apr\u00e8s la passation de la Commande, le Vendeur livrera les Produits dans les meilleurs d\u00e9lais, ces d\u00e9lais ne pouvant d\u00e9passer quatorze (14) jours \u00e0 compter du traitement de la Commande par le Vendeur, \u00e0 l\u2019adresse indiqu\u00e9e par l\u2019Acheteur, \u00e0 la condition que le prix d\u2019achat total ait \u00e9t\u00e9 re\u00e7u par le Vendeur pendant cette p\u00e9riode.<\/li>\n<li>Le Vendeur peut ne pas proc\u00e9der \u00e0 la livraison des Produits ou la retenir si le montant total de la Commande correspondante n\u2019a pas \u00e9t\u00e9 r\u00e9gl\u00e9 avant la livraison.<\/li>\n<li>En cas de retard de livraison, ou si la Commande ne peut pas \u00eatre effectu\u00e9e ou n\u2019est effectu\u00e9e que partiellement, l\u2019Acheteur en sera inform\u00e9 dans le m\u00eame d\u00e9lai des quatorze (14) jours suivant la passation de la Commande. En cas de d\u00e9faut de livraison du ou des Produit(s) dans un d\u00e9lai de sept (7) jours \u00e0 compter de la date pr\u00e9vue par le Vendeur, non d\u00fb \u00e0 un cas de force majeure, l\u2019Acheteur aura la possibilit\u00e9 de mettre fin \u00e0 sa Commande par lettre recommand\u00e9e avec accus\u00e9 de r\u00e9ception dans un d\u00e9lai de soixante (60) jours \u00e0 compter de la date indiqu\u00e9e pour la livraison. En cas de d\u00e9faut de livraison du ou des Produit(s) r\u00e9sultant de leur indisponibilit\u00e9, le Vendeur en informera l\u2019Acheteur dans le d\u00e9lai des quatorze (14) jours. L\u2019Acheteur pourra demander le remboursement de sa Commande au Vendeur. Le Vendeur proc\u00e9dera \u00e0 ce remboursement dans un d\u00e9lai de quatorze (14) jours \u00e0 compter du paiement de la Commande par l\u2019Acheteur.<\/li>\n<\/ul>\n<p>\u00a0<\/p>\n<h3>6. STATUT ET SUIVI DE COMMANDE<\/h3>\n<p>\u00a0<\/p>\n<ul>\n<li>Vous pouvez suivre le statut de votre commande, ainsi qu\u2019obtenir le num\u00e9ro de suivi depuis votre compte client.<\/li>\n<\/ul>\n<p>\u00a0<\/p>\n<ul>\n<li>Apr\u00e8s validation de votre commande un mail de confirmation vous sera communiqu\u00e9 ainsi que le num\u00e9ro de suivi et le r\u00e9capitulatif de votre commande<\/li>\n<\/ul>\n<p>\u00a0<\/p>\n<h3>7. RETOURS, \u00c9CHANGES ET REMBOURSEMENT<\/h3>\n<p><span style=\"color: #d83131;\"><strong>Les retours doivent \u00eatre effectu\u00e9s exclusivement via <a href=\"https:\/\/www.laposte.fr\/professionnel\/colissimo-en-ligne\">COLISSIMO<\/a> et si les produits ne sont pas dans leur emballage d&#8217;origine et correctement retourn\u00e9s, le remboursement ne pourra \u00eatre effectu\u00e9.<\/strong><\/span><\/p>\n<p><span style=\"color: #d83131;\"><strong>Les produits retourn\u00e9s doivent \u00eatre dans leur emballage d&#8217;origine et les produits sold\u00e9s ne sont ni retourn\u00e9s ni rembours\u00e9s.<\/strong><\/span><\/p>\n<p>Les retours se font au Nom et \u00e0 l&#8217;adresse suivante :\u00a0<\/p>\n<p><strong>Yassine Zaid<\/strong><\/p>\n<p><strong>28 rue Fran\u00e7ois Simon<\/strong><\/p>\n<p><strong>57070 Saint-Julien-l\u00e8s-Metz<\/strong><\/p>\n<p>\u00a0<\/p>\n<ul>\n<li>En cas de retour de produits, l\u2019acheteur dispose d\u2019un d\u00e9lai de quatorze (14) jours \u00e0 compter de la date de livraison pour renvoyer les articles non d\u00e9sir\u00e9s, sans avoir besoin de justifier sa d\u00e9cision, et b\u00e9n\u00e9ficiera du remboursement des produits retourn\u00e9s, \u00e0 l&#8217;exclusion des frais de retour. Au-del\u00e0 de ce d\u00e9lai, l\u2019acheteur doit justifier son retour en remplissant un formulaire dans les trente (30) jours suivant la r\u00e9ception pour pouvoir b\u00e9n\u00e9ficier d\u2019un remboursement, \u00e0 l&#8217;exclusion des frais de retour.<\/li>\n<\/ul>\n<p>\u00a0<\/p>\n<ul>\n<li>Les produits retourn\u00e9s doivent \u00eatre dans leur emballage d&#8217;origine et les produits sold\u00e9s ne sont ni retourn\u00e9s ni rembours\u00e9s.<\/li>\n<\/ul>\n<p>\u00a0<\/p>\n<ul>\n<li>Les \u00e9changes ne sont pas possibles, mais les remboursements sont applicables sous r\u00e9serve des conditions susmentionn\u00e9es.<\/li>\n<\/ul>\n<p>\u00a0<\/p>\n<ul>\n<li>Le remboursement sera effectu\u00e9 sur le moyen de paiement utilis\u00e9 par l\u2019acheteur (dans un d\u00e9lai de quatorze jours) apr\u00e8s r\u00e9ception et v\u00e9rification des articles retourn\u00e9s. Les frais de retour sont \u00e0 la charge de l\u2019acheteur et seront d\u00e9duits du montant \u00e0 rembourser avant restitution.<\/li>\n<\/ul>\n<p>\u00a0<\/p>\n<h3>8. R\u00c9CLAMATIONS<\/h3>\n<p>\u00a0<\/p>\n<ul>\n<li>Les coordonn\u00e9es du Vendeur sont mentionn\u00e9es sur le Site Internet sous la rubrique \u00ab Infos \u00bb.<\/li>\n<li>L\u2019Acheteur doit v\u00e9rifier le(s) Produit(s) \u00e0 r\u00e9ception et informer le Vendeur dans un d\u00e9lai raisonnable des \u00e9ventuels d\u00e9fauts visibles sur le(s) Produit(s). Les r\u00e9clamations doivent \u00eatre effectu\u00e9es par \u00e9crit et motiv\u00e9es de fa\u00e7on compl\u00e8te et claire.<\/li>\n<li>Une r\u00e9ponse aux r\u00e9clamations re\u00e7ues par le Vendeur est envoy\u00e9e sous quatorze (14) jours, apr\u00e8s r\u00e9ception. Si une r\u00e9clamation requiert un d\u00e9lai de traitement plus long, le Vendeur informera l\u2019Acheteur du d\u00e9lai qu\u2019il estime n\u00e9cessaire dans le m\u00eame d\u00e9lai de quatorze (14) jours.<\/li>\n<\/ul>\n<p>\u00a0<\/p>\n<h3>9. DONN\u00c9ES PERSONNELLES<\/h3>\n<p>\u00a0<\/p>\n<ul>\n<li>Le Vendeur traite les informations de l\u2019Acheteur conform\u00e9ment \u00e0 la r\u00e9glementation applicable en mati\u00e8re de protection des donn\u00e9es personnelles et en conformit\u00e9 avec la Politique Relative \u00e0 la Vie Priv\u00e9e.<\/li>\n<\/ul>\n<p>\u00a0<\/p>\n<h3>10. MODIFICATION DES CONDITIONS G\u00c9N\u00c9RALES<\/h3>\n<p>\u00a0<\/p>\n<ul>\n<li>Les pr\u00e9sentes Conditions G\u00e9n\u00e9rales peuvent \u00eatre modifi\u00e9es par le Vendeur \u00e0 tout moment. Les Conditions G\u00e9n\u00e9rales les plus r\u00e9centes sont publi\u00e9es sur le Site Internet. L\u2019Acheteur devra accepter ces Conditions G\u00e9n\u00e9rales pour pouvoir finaliser sa Commande. Lorsqu\u2019il est impossible pour l\u2019Acheteur de consulter les Conditions G\u00e9n\u00e9rales sur le Site Internet, le Vendeur enverra, sur demande, la version la plus r\u00e9cente des Conditions G\u00e9n\u00e9rales par e-mail \u00e0 l\u2019Acheteur. Version D\u00e9cembre 2023.<\/li>\n<\/ul>","protected":false},"excerpt":{"rendered":"<p>Digitalmoon \u00a0 Si\u00e8ge social : 28 rue fran\u00e7ois simon, 57070 Saint Julien les Metz Adresse mail : contact@moonia-boutique.com Site internet : www.moonia-boutique.com \u00a0 1. APPLICATION DES CONDITIONS G\u00c9N\u00c9RALES \u00a0 Ces conditions g\u00e9n\u00e9rales (ci-apr\u00e8s les \u00ab Conditions G\u00e9n\u00e9rales \u00bb) sont mises \u00e0 la disposition de l\u2019Acheteur en ligne par le Vendeur \u00e0 l\u2019adresse suivante www.moonia-boutique.com et [&#8230;]","protected":false},"author":1,"featured_media":0,"parent":0,"menu_order":0,"comment_status":"closed","ping_status":"closed","template":"","meta":{"_acf_changed":false,"_mo_disable_npp":"","footnotes":""},"class_list":["post-5589","page","type-page","status-publish","hentry"],"acf":[],"yoast_head":"<!-- This site is optimized with the Yoast SEO plugin v26.6 - https:\/\/yoast.com\/wordpress\/plugins\/seo\/ -->\n<title>Conditions g\u00e9n\u00e9rales de ventes - Moonia Boutique<\/title>\n<meta name=\"robots\" content=\"noindex, nofollow\" \/>\n<meta property=\"og:locale\" content=\"en_GB\" \/>\n<meta property=\"og:type\" content=\"article\" \/>\n<meta property=\"og:title\" content=\"Conditions g\u00e9n\u00e9rales de ventes - Moonia Boutique\" \/>\n<meta property=\"og:description\" content=\"Digitalmoon \u00a0 Si\u00e8ge social : 28 rue fran\u00e7ois simon, 57070 Saint Julien les Metz Adresse mail : contact@moonia-boutique.com Site internet : www.moonia-boutique.com \u00a0 1. APPLICATION DES CONDITIONS G\u00c9N\u00c9RALES \u00a0 Ces conditions g\u00e9n\u00e9rales (ci-apr\u00e8s les \u00ab Conditions G\u00e9n\u00e9rales \u00bb) sont mises \u00e0 la disposition de l\u2019Acheteur en ligne par le Vendeur \u00e0 l\u2019adresse suivante www.moonia-boutique.com et [...]\" \/>\n<meta property=\"og:url\" content=\"https:\/\/moonia-boutique.com\/en\/conditions-generales-de-ventes\/\" \/>\n<meta property=\"og:site_name\" content=\"Moonia Boutique\" \/>\n<meta property=\"article:modified_time\" content=\"2026-01-01T09:28:37+00:00\" \/>\n<meta property=\"og:image\" content=\"https:\/\/moonia-boutique.com\/wp-content\/uploads\/2023\/08\/Sans-titre-1000-x-1000-px.png\" \/>\n\t<meta property=\"og:image:width\" content=\"1000\" \/>\n\t<meta property=\"og:image:height\" content=\"1000\" \/>\n\t<meta property=\"og:image:type\" content=\"image\/png\" \/>\n<meta name=\"twitter:card\" content=\"summary_large_image\" \/>\n<meta name=\"twitter:label1\" content=\"Estimated reading time\" \/>\n\t<meta name=\"twitter:data1\" content=\"6 minutes\" \/>\n<script type=\"application\/ld+json\" class=\"yoast-schema-graph\">{\"@context\":\"https:\/\/schema.org\",\"@graph\":[{\"@type\":\"WebPage\",\"@id\":\"https:\/\/moonia-boutique.com\/conditions-generales-de-ventes\/\",\"url\":\"https:\/\/moonia-boutique.com\/conditions-generales-de-ventes\/\",\"name\":\"Conditions g\u00e9n\u00e9rales de ventes - Moonia Boutique\",\"isPartOf\":{\"@id\":\"https:\/\/moonia-boutique.com\/#website\"},\"datePublished\":\"2020-10-29T13:49:36+00:00\",\"dateModified\":\"2026-01-01T09:28:37+00:00\",\"breadcrumb\":{\"@id\":\"https:\/\/moonia-boutique.com\/conditions-generales-de-ventes\/#breadcrumb\"},\"inLanguage\":\"en-GB\",\"potentialAction\":[{\"@type\":\"ReadAction\",\"target\":[\"https:\/\/moonia-boutique.com\/conditions-generales-de-ventes\/\"]}]},{\"@type\":\"BreadcrumbList\",\"@id\":\"https:\/\/moonia-boutique.com\/conditions-generales-de-ventes\/#breadcrumb\",\"itemListElement\":[{\"@type\":\"ListItem\",\"position\":1,\"name\":\"Accueil\",\"item\":\"https:\/\/moonia-boutique.com\/\"},{\"@type\":\"ListItem\",\"position\":2,\"name\":\"Conditions g\u00e9n\u00e9rales de ventes\"}]},{\"@type\":\"WebSite\",\"@id\":\"https:\/\/moonia-boutique.com\/#website\",\"url\":\"https:\/\/moonia-boutique.com\/\",\"name\":\"Moonia Boutique\",\"description\":\"Moonia Boutique - Le site de mode de la femme musulmane !\",\"publisher\":{\"@id\":\"https:\/\/moonia-boutique.com\/#organization\"},\"potentialAction\":[{\"@type\":\"SearchAction\",\"target\":{\"@type\":\"EntryPoint\",\"urlTemplate\":\"https:\/\/moonia-boutique.com\/?s={search_term_string}\"},\"query-input\":{\"@type\":\"PropertyValueSpecification\",\"valueRequired\":true,\"valueName\":\"search_term_string\"}}],\"inLanguage\":\"en-GB\"},{\"@type\":\"Organization\",\"@id\":\"https:\/\/moonia-boutique.com\/#organization\",\"name\":\"Moonia Boutique\",\"url\":\"https:\/\/moonia-boutique.com\/\",\"logo\":{\"@type\":\"ImageObject\",\"inLanguage\":\"en-GB\",\"@id\":\"https:\/\/moonia-boutique.com\/#\/schema\/logo\/image\/\",\"url\":\"https:\/\/moonia-boutique.com\/wp-content\/uploads\/2023\/08\/Sans-titre-1000-x-1000-px.png\",\"contentUrl\":\"https:\/\/moonia-boutique.com\/wp-content\/uploads\/2023\/08\/Sans-titre-1000-x-1000-px.png\",\"width\":1000,\"height\":1000,\"caption\":\"Moonia Boutique\"},\"image\":{\"@id\":\"https:\/\/moonia-boutique.com\/#\/schema\/logo\/image\/\"}}]}<\/script>\n<!-- \/ Yoast SEO plugin. -->","yoast_head_json":{"title":"Conditions g\u00e9n\u00e9rales de ventes - Moonia Boutique","robots":{"index":"noindex","follow":"nofollow"},"og_locale":"en_GB","og_type":"article","og_title":"Conditions g\u00e9n\u00e9rales de ventes - Moonia Boutique","og_description":"Digitalmoon \u00a0 Si\u00e8ge social : 28 rue fran\u00e7ois simon, 57070 Saint Julien les Metz Adresse mail : contact@moonia-boutique.com Site internet : www.moonia-boutique.com \u00a0 1. APPLICATION DES CONDITIONS G\u00c9N\u00c9RALES \u00a0 Ces conditions g\u00e9n\u00e9rales (ci-apr\u00e8s les \u00ab Conditions G\u00e9n\u00e9rales \u00bb) sont mises \u00e0 la disposition de l\u2019Acheteur en ligne par le Vendeur \u00e0 l\u2019adresse suivante www.moonia-boutique.com et [...]","og_url":"https:\/\/moonia-boutique.com\/en\/conditions-generales-de-ventes\/","og_site_name":"Moonia Boutique","article_modified_time":"2026-01-01T09:28:37+00:00","og_image":[{"width":1000,"height":1000,"url":"https:\/\/moonia-boutique.com\/wp-content\/uploads\/2023\/08\/Sans-titre-1000-x-1000-px.png","type":"image\/png"}],"twitter_card":"summary_large_image","twitter_misc":{"Estimated reading time":"6 minutes"},"schema":{"@context":"https:\/\/schema.org","@graph":[{"@type":"WebPage","@id":"https:\/\/moonia-boutique.com\/conditions-generales-de-ventes\/","url":"https:\/\/moonia-boutique.com\/conditions-generales-de-ventes\/","name":"Conditions g\u00e9n\u00e9rales de ventes - Moonia Boutique","isPartOf":{"@id":"https:\/\/moonia-boutique.com\/#website"},"datePublished":"2020-10-29T13:49:36+00:00","dateModified":"2026-01-01T09:28:37+00:00","breadcrumb":{"@id":"https:\/\/moonia-boutique.com\/conditions-generales-de-ventes\/#breadcrumb"},"inLanguage":"en-GB","potentialAction":[{"@type":"ReadAction","target":["https:\/\/moonia-boutique.com\/conditions-generales-de-ventes\/"]}]},{"@type":"BreadcrumbList","@id":"https:\/\/moonia-boutique.com\/conditions-generales-de-ventes\/#breadcrumb","itemListElement":[{"@type":"ListItem","position":1,"name":"Accueil","item":"https:\/\/moonia-boutique.com\/"},{"@type":"ListItem","position":2,"name":"Conditions g\u00e9n\u00e9rales de ventes"}]},{"@type":"WebSite","@id":"https:\/\/moonia-boutique.com\/#website","url":"https:\/\/moonia-boutique.com\/","name":"Moonia Boutique","description":"Moonia Boutique - Le site de mode de la femme musulmane !","publisher":{"@id":"https:\/\/moonia-boutique.com\/#organization"},"potentialAction":[{"@type":"SearchAction","target":{"@type":"EntryPoint","urlTemplate":"https:\/\/moonia-boutique.com\/?s={search_term_string}"},"query-input":{"@type":"PropertyValueSpecification","valueRequired":true,"valueName":"search_term_string"}}],"inLanguage":"en-GB"},{"@type":"Organization","@id":"https:\/\/moonia-boutique.com\/#organization","name":"Moonia Boutique","url":"https:\/\/moonia-boutique.com\/","logo":{"@type":"ImageObject","inLanguage":"en-GB","@id":"https:\/\/moonia-boutique.com\/#\/schema\/logo\/image\/","url":"https:\/\/moonia-boutique.com\/wp-content\/uploads\/2023\/08\/Sans-titre-1000-x-1000-px.png","contentUrl":"https:\/\/moonia-boutique.com\/wp-content\/uploads\/2023\/08\/Sans-titre-1000-x-1000-px.png","width":1000,"height":1000,"caption":"Moonia Boutique"},"image":{"@id":"https:\/\/moonia-boutique.com\/#\/schema\/logo\/image\/"}}]}},"jetpack_sharing_enabled":true,"_links":{"self":[{"href":"https:\/\/moonia-boutique.com\/en\/wp-json\/wp\/v2\/pages\/5589","targetHints":{"allow":["GET"]}}],"collection":[{"href":"https:\/\/moonia-boutique.com\/en\/wp-json\/wp\/v2\/pages"}],"about":[{"href":"https:\/\/moonia-boutique.com\/en\/wp-json\/wp\/v2\/types\/page"}],"author":[{"embeddable":true,"href":"https:\/\/moonia-boutique.com\/en\/wp-json\/wp\/v2\/users\/1"}],"replies":[{"embeddable":true,"href":"https:\/\/moonia-boutique.com\/en\/wp-json\/wp\/v2\/comments?post=5589"}],"version-history":[{"count":11,"href":"https:\/\/moonia-boutique.com\/en\/wp-json\/wp\/v2\/pages\/5589\/revisions"}],"predecessor-version":[{"id":3203811,"href":"https:\/\/moonia-boutique.com\/en\/wp-json\/wp\/v2\/pages\/5589\/revisions\/3203811"}],"wp:attachment":[{"href":"https:\/\/moonia-boutique.com\/en\/wp-json\/wp\/v2\/media?parent=5589"}],"curies":[{"name":"wp","href":"https:\/\/api.w.org\/{rel}","templated":true}]}}