{"id":104516,"date":"2022-06-04T19:36:40","date_gmt":"2022-06-04T17:36:40","guid":{"rendered":"https:\/\/moonia-boutique.com\/?post_type=product&#038;p=104516"},"modified":"2025-12-12T22:09:14","modified_gmt":"2025-12-12T21:09:14","slug":"khimar-sitar-long-2-voiles-duo","status":"publish","type":"product","link":"https:\/\/moonia-boutique.com\/en\/product\/khimar-sitar-long-2-voiles-duo\/","title":{"rendered":"Khimar Sitar Long 2 voiles Duo"},"content":{"rendered":"<p>Voici le <strong>Khimar Sitar Long 2 voiles Duo<\/strong>. En effet , c&#8217;est un <strong>Khimar<\/strong> duo car il se compose de <strong>2 voiles<\/strong> diff\u00e9rents un premier en <strong>Soie de M\u00e9dine<\/strong> et un second en <strong>mousseline.<\/strong> C&#8217;est l&#8217;id\u00e9al pour les p\u00e9riodes estivales. C&#8217;est un <strong>Khimar<\/strong> qui se noue tr\u00e8s facilement \u00e0 l&#8217;arri\u00e8re comme un <strong><a href=\"https:\/\/moonia-boutique.com\/en\/product\/jilbab\/\">Jilbab<\/a><\/strong>. Le <strong>Khimar<\/strong> reste <strong>bien en place<\/strong> et vous pouvez ainsi l&#8217;ajuster selon vos envies.<\/p>\n<p>De plus, Le <strong>Khimar Sitar 2 voiles Duo <\/strong>couvre le <strong>dos<\/strong> et la <strong>poitrine.<\/strong> Il mesure<strong> 120cm <\/strong>\u00e0 l&#8217;avant et <strong>160cm<\/strong> \u00e0 l&#8217;arri\u00e8re<b>.<\/b> Vous appr\u00e9cierez sa forme pointu \u00e0 l&#8217;avant et \u00e0 l&#8217;arri\u00e8re. Le tissu est tr\u00e8s <strong>l\u00e9ger<\/strong> et <strong>fluide<\/strong>. Il allie la douceur de la <strong>Soie de Medine<\/strong> \u00e0 la l\u00e9g\u00e8ret\u00e9 de la <strong>Mousseline<\/strong>.<\/p>\n<p>Ainsi le <strong>Khimar<\/strong> se marie tr\u00e8s bien avec la <strong><a href=\"https:\/\/www.instagram.com\/p\/CXjZGAQI_v7\/?utm_source=ig_web_copy_link\">Abaya soie de Medine papillon<\/a><\/strong>. D&#8217;ailleurs n\u2019h\u00e9sitez \u00e0 jeter un \u0153il aux autres <em><a href=\"https:\/\/moonia-boutique.com\/en\/product-category\/pret-a-porter-pour-femme-musulmane\/?_ga=2.171804640.1502423077.1649484460-1487210365.1609018413\">Abayas<\/a>&nbsp;<\/em>et \u00e0 notre <em><a href=\"https:\/\/moonia-boutique.com\/en\/product-category\/hijab\/\">collection de hijab<\/a>&nbsp;<\/em>afin de composer la tenue qui vous ressemble.<\/p>\n<div class=\"product__description rte\">\n<p>Longueur du Khimar: <strong>120cm <\/strong>\u00e0 l&#8217;avant (bandeau compris) et <strong>160cm<\/strong> \u00e0 l&#8217;arri\u00e8re (bandeau compris)<\/p>\n<p>Le mod\u00e8le mesure 1,72m et porte du 36 habituellement.<\/p>\n<p>Disponible en plusieurs couleurs, trouvez celle qui vous plaira.<\/p>\n<p>Le Khimar est cit\u00e9 dans le Quran sourate Nour verset 31: <strong>&#8220;Et dis aux croyantes de baisser leurs regards, de garder leur chastet\u00e9, et de ne montrer de leurs atours que ce qui en para\u00eet et qu&#8217;elles rabattent leur Voile (Khimar) sur leurs poitrines;<\/strong>&#8230;&#8221;<\/p>\n<p>&nbsp;<\/p>\n<\/div>\n<div id=\"shopify-block-f7072ad4-46de-49ca-83bc-4d1823867783\" class=\"shopify-block shopify-app-block\">\n<div id=\"shopify-product-reviews\" data-id=\"7445781512411\">\n<div class=\"spr-container\"><\/div>\n<\/div>\n<\/div>","protected":false},"excerpt":{"rendered":"<p>Voici le <strong>Khimar Star Long 2 voiles Duo<\/strong>. En effet , c\u2019est un <strong>Khimar<\/strong> duo car il se compose de <strong>2 voiles<\/strong> diff\u00e9rents un premier en <strong>Soie de M\u00e9dine<\/strong> et un second en <strong>mousseline.<\/strong> C\u2019est l\u2019id\u00e9al pour les p\u00e9riodes estivales. C\u2019est un <strong>Khimar<\/strong> qui se noue tr\u00e8s facilement \u00e0 l\u2019arri\u00e8re comme un <strong><a href=\"https:\/\/moonia-boutique.com\/en\/product\/jilbab\/\">Jilbab<\/a><\/strong>. Le <strong>Khimar<\/strong> reste <strong>bien en place<\/strong> et vous pouvez ainsi l\u2019ajuster selon vos envies.<\/p>\n<p>De plus, Le <strong>Khimar Sitar Long 2 voiles Duo <\/strong>couvre le <strong>dos<\/strong> et la <strong>poitrine.<\/strong> Il mesure<strong> 120cm <\/strong>\u00e0 l\u2019avant et <strong>160cm<\/strong> \u00e0 l\u2019arri\u00e8re<b>.<\/b> Vous appr\u00e9cierez sa forme pointu \u00e0 l\u2019avant et \u00e0 l\u2019arri\u00e8re. Le tissu est tr\u00e8s <strong>l\u00e9ger<\/strong> et <strong>fluide<\/strong>. Il allie la douceur de la <strong>Soie de Medine<\/strong> \u00e0 la l\u00e9g\u00e8ret\u00e9 de la <strong>Mousseline<\/strong>.<\/p>\n<p>Ainsi le <strong>Khimar<\/strong> se marie tr\u00e8s bien avec la <strong><a href=\"https:\/\/www.instagram.com\/p\/CXjZGAQI_v7\/?utm_source=ig_web_copy_link\">Abaya soie de Medine papillon<\/a><\/strong>. D\u2019ailleurs n\u2019h\u00e9sitez \u00e0 jeter un \u0153il aux autres <em><a href=\"https:\/\/moonia-boutique.com\/en\/product-category\/pret-a-porter-pour-femme-musulmane\/?_ga=2.171804640.1502423077.1649484460-1487210365.1609018413\">Abayas<\/a>&nbsp;<\/em>et \u00e0 notre <em><a href=\"https:\/\/moonia-boutique.com\/en\/product-category\/hijab\/\">collection de hijab<\/a>&nbsp;<\/em>afin de composer la tenue qui vous ressemble.<\/p>\n<div class=\"product__description rte\">\n<p>Longueur du Khimar: <strong>120cm <\/strong>\u00e0 l\u2019avant (bandeau compris) et <strong>160cm<\/strong> \u00e0 l\u2019arri\u00e8re (bandeau compris)<\/p>\n<p>Le mod\u00e8le mesure 1,72m et porte du 36 habituellement.<\/p>\n<\/div>","protected":false},"featured_media":3202774,"comment_status":"open","ping_status":"closed","template":"","meta":{"_acf_changed":false,"_mo_disable_npp":""},"product_brand":[],"product_cat":[242,492,497,490,495,375],"product_tag":[],"giftcard-category":[],"class_list":{"0":"post-104516","1":"product","2":"type-product","3":"status-publish","4":"has-post-thumbnail","6":"product_cat-khimar","7":"product_cat-khimar-2-voiles","8":"product_cat-khimar-mousseline","9":"product_cat-khimar-pas-cher","10":"product_cat-khimar-soie-de-medine","11":"product_cat-s-f","13":"first","14":"instock","15":"taxable","16":"shipping-taxable","17":"purchasable","18":"product-type-variable","19":"rtwpvs-product"},"composite_virtual":false,"composite_layout":"","composite_add_to_cart_form_location":"","composite_editable_in_cart":false,"composite_sold_individually_context":"","composite_shop_price_calc":"","composite_components":[],"composite_scenarios":[],"acf":[],"yoast_head":"<!-- This site is optimized with the Yoast SEO plugin v26.6 - https:\/\/yoast.com\/wordpress\/plugins\/seo\/ -->\n<title>Khimar Sitar Long 2 voiles Duo - Moonia Boutique<\/title>\n<meta name=\"description\" content=\"Voici le Khimar 2 voiles Duo. Il est compos\u00e9 de 2 voiles diff\u00e9rents un premier en Soie de M\u00e9dine et un second en mousseline.\" \/>\n<meta name=\"robots\" content=\"index, follow, max-snippet:-1, max-image-preview:large, max-video-preview:-1\" \/>\n<link rel=\"canonical\" href=\"https:\/\/moonia-boutique.com\/en\/product\/khimar-sitar-long-2-voiles-duo\/\" \/>\n<meta property=\"og:locale\" content=\"en_GB\" \/>\n<meta property=\"og:type\" content=\"article\" \/>\n<meta property=\"og:title\" content=\"Khimar Sitar Long 2 voiles Duo - Moonia Boutique\" \/>\n<meta property=\"og:description\" content=\"Voici le Khimar 2 voiles Duo. Il est compos\u00e9 de 2 voiles diff\u00e9rents un premier en Soie de M\u00e9dine et un second en mousseline.\" \/>\n<meta property=\"og:url\" content=\"https:\/\/moonia-boutique.com\/en\/product\/khimar-sitar-long-2-voiles-duo\/\" \/>\n<meta property=\"og:site_name\" content=\"Moonia Boutique\" \/>\n<meta property=\"article:modified_time\" content=\"2025-12-12T21:09:14+00:00\" \/>\n<meta property=\"og:image\" content=\"https:\/\/moonia-boutique.com\/wp-content\/uploads\/2023\/08\/Sans-titre-1000-x-1000-px.png\" \/>\n\t<meta property=\"og:image:width\" content=\"1000\" \/>\n\t<meta property=\"og:image:height\" content=\"1000\" \/>\n\t<meta property=\"og:image:type\" content=\"image\/png\" \/>\n<meta name=\"twitter:card\" content=\"summary_large_image\" \/>\n<meta name=\"twitter:label1\" content=\"Estimated reading time\" \/>\n\t<meta name=\"twitter:data1\" content=\"2 minutes\" \/>\n<script type=\"application\/ld+json\" class=\"yoast-schema-graph\">{\"@context\":\"https:\/\/schema.org\",\"@graph\":[{\"@type\":\"WebPage\",\"@id\":\"https:\/\/moonia-boutique.com\/produit\/khimar-sitar-long-2-voiles-duo\/\",\"url\":\"https:\/\/moonia-boutique.com\/produit\/khimar-sitar-long-2-voiles-duo\/\",\"name\":\"Khimar Sitar Long 2 voiles Duo - Moonia Boutique\",\"isPartOf\":{\"@id\":\"https:\/\/moonia-boutique.com\/#website\"},\"primaryImageOfPage\":{\"@id\":\"https:\/\/moonia-boutique.com\/produit\/khimar-sitar-long-2-voiles-duo\/#primaryimage\"},\"image\":{\"@id\":\"https:\/\/moonia-boutique.com\/produit\/khimar-sitar-long-2-voiles-duo\/#primaryimage\"},\"thumbnailUrl\":\"https:\/\/moonia-boutique.com\/wp-content\/uploads\/2022\/06\/img_9537-scaled.jpeg\",\"datePublished\":\"2022-06-04T17:36:40+00:00\",\"dateModified\":\"2025-12-12T21:09:14+00:00\",\"description\":\"Voici le Khimar 2 voiles Duo. Il est compos\u00e9 de 2 voiles diff\u00e9rents un premier en Soie de M\u00e9dine et un second en mousseline.\",\"breadcrumb\":{\"@id\":\"https:\/\/moonia-boutique.com\/produit\/khimar-sitar-long-2-voiles-duo\/#breadcrumb\"},\"inLanguage\":\"en-GB\",\"potentialAction\":[{\"@type\":\"ReadAction\",\"target\":[\"https:\/\/moonia-boutique.com\/produit\/khimar-sitar-long-2-voiles-duo\/\"]}]},{\"@type\":\"ImageObject\",\"inLanguage\":\"en-GB\",\"@id\":\"https:\/\/moonia-boutique.com\/produit\/khimar-sitar-long-2-voiles-duo\/#primaryimage\",\"url\":\"https:\/\/moonia-boutique.com\/wp-content\/uploads\/2022\/06\/img_9537-scaled.jpeg\",\"contentUrl\":\"https:\/\/moonia-boutique.com\/wp-content\/uploads\/2022\/06\/img_9537-scaled.jpeg\",\"width\":1232,\"height\":2048,\"caption\":\"Khimar Sitar Long 2 voiles Duo Rose Blush\"},{\"@type\":\"BreadcrumbList\",\"@id\":\"https:\/\/moonia-boutique.com\/produit\/khimar-sitar-long-2-voiles-duo\/#breadcrumb\",\"itemListElement\":[{\"@type\":\"ListItem\",\"position\":1,\"name\":\"Accueil\",\"item\":\"https:\/\/moonia-boutique.com\/\"},{\"@type\":\"ListItem\",\"position\":2,\"name\":\"Boutique Femme Musulmane\",\"item\":\"https:\/\/moonia-boutique.com\/boutique\/\"},{\"@type\":\"ListItem\",\"position\":3,\"name\":\"Khimar Sitar Long 2 voiles Duo\"}]},{\"@type\":\"WebSite\",\"@id\":\"https:\/\/moonia-boutique.com\/#website\",\"url\":\"https:\/\/moonia-boutique.com\/\",\"name\":\"Moonia Boutique\",\"description\":\"Moonia Boutique - Le site de mode de la femme musulmane !\",\"publisher\":{\"@id\":\"https:\/\/moonia-boutique.com\/#organization\"},\"potentialAction\":[{\"@type\":\"SearchAction\",\"target\":{\"@type\":\"EntryPoint\",\"urlTemplate\":\"https:\/\/moonia-boutique.com\/?s={search_term_string}\"},\"query-input\":{\"@type\":\"PropertyValueSpecification\",\"valueRequired\":true,\"valueName\":\"search_term_string\"}}],\"inLanguage\":\"en-GB\"},{\"@type\":\"Organization\",\"@id\":\"https:\/\/moonia-boutique.com\/#organization\",\"name\":\"Moonia Boutique\",\"url\":\"https:\/\/moonia-boutique.com\/\",\"logo\":{\"@type\":\"ImageObject\",\"inLanguage\":\"en-GB\",\"@id\":\"https:\/\/moonia-boutique.com\/#\/schema\/logo\/image\/\",\"url\":\"https:\/\/moonia-boutique.com\/wp-content\/uploads\/2023\/08\/Sans-titre-1000-x-1000-px.png\",\"contentUrl\":\"https:\/\/moonia-boutique.com\/wp-content\/uploads\/2023\/08\/Sans-titre-1000-x-1000-px.png\",\"width\":1000,\"height\":1000,\"caption\":\"Moonia Boutique\"},\"image\":{\"@id\":\"https:\/\/moonia-boutique.com\/#\/schema\/logo\/image\/\"}}]}<\/script>\n<!-- \/ Yoast SEO plugin. -->","yoast_head_json":{"title":"Khimar Sitar Long 2 voiles Duo - Moonia Boutique","description":"Voici le Khimar 2 voiles Duo. Il est compos\u00e9 de 2 voiles diff\u00e9rents un premier en Soie de M\u00e9dine et un second en mousseline.","robots":{"index":"index","follow":"follow","max-snippet":"max-snippet:-1","max-image-preview":"max-image-preview:large","max-video-preview":"max-video-preview:-1"},"canonical":"https:\/\/moonia-boutique.com\/en\/product\/khimar-sitar-long-2-voiles-duo\/","og_locale":"en_GB","og_type":"article","og_title":"Khimar Sitar Long 2 voiles Duo - Moonia Boutique","og_description":"Voici le Khimar 2 voiles Duo. Il est compos\u00e9 de 2 voiles diff\u00e9rents un premier en Soie de M\u00e9dine et un second en mousseline.","og_url":"https:\/\/moonia-boutique.com\/en\/product\/khimar-sitar-long-2-voiles-duo\/","og_site_name":"Moonia Boutique","article_modified_time":"2025-12-12T21:09:14+00:00","og_image":[{"width":1000,"height":1000,"url":"https:\/\/moonia-boutique.com\/wp-content\/uploads\/2023\/08\/Sans-titre-1000-x-1000-px.png","type":"image\/png"}],"twitter_card":"summary_large_image","twitter_misc":{"Estimated reading time":"2 minutes"},"schema":{"@context":"https:\/\/schema.org","@graph":[{"@type":"WebPage","@id":"https:\/\/moonia-boutique.com\/produit\/khimar-sitar-long-2-voiles-duo\/","url":"https:\/\/moonia-boutique.com\/produit\/khimar-sitar-long-2-voiles-duo\/","name":"Khimar Sitar Long 2 voiles Duo - Moonia Boutique","isPartOf":{"@id":"https:\/\/moonia-boutique.com\/#website"},"primaryImageOfPage":{"@id":"https:\/\/moonia-boutique.com\/produit\/khimar-sitar-long-2-voiles-duo\/#primaryimage"},"image":{"@id":"https:\/\/moonia-boutique.com\/produit\/khimar-sitar-long-2-voiles-duo\/#primaryimage"},"thumbnailUrl":"https:\/\/moonia-boutique.com\/wp-content\/uploads\/2022\/06\/img_9537-scaled.jpeg","datePublished":"2022-06-04T17:36:40+00:00","dateModified":"2025-12-12T21:09:14+00:00","description":"Voici le Khimar 2 voiles Duo. Il est compos\u00e9 de 2 voiles diff\u00e9rents un premier en Soie de M\u00e9dine et un second en mousseline.","breadcrumb":{"@id":"https:\/\/moonia-boutique.com\/produit\/khimar-sitar-long-2-voiles-duo\/#breadcrumb"},"inLanguage":"en-GB","potentialAction":[{"@type":"ReadAction","target":["https:\/\/moonia-boutique.com\/produit\/khimar-sitar-long-2-voiles-duo\/"]}]},{"@type":"ImageObject","inLanguage":"en-GB","@id":"https:\/\/moonia-boutique.com\/produit\/khimar-sitar-long-2-voiles-duo\/#primaryimage","url":"https:\/\/moonia-boutique.com\/wp-content\/uploads\/2022\/06\/img_9537-scaled.jpeg","contentUrl":"https:\/\/moonia-boutique.com\/wp-content\/uploads\/2022\/06\/img_9537-scaled.jpeg","width":1232,"height":2048,"caption":"Khimar Sitar Long 2 voiles Duo Rose Blush"},{"@type":"BreadcrumbList","@id":"https:\/\/moonia-boutique.com\/produit\/khimar-sitar-long-2-voiles-duo\/#breadcrumb","itemListElement":[{"@type":"ListItem","position":1,"name":"Accueil","item":"https:\/\/moonia-boutique.com\/"},{"@type":"ListItem","position":2,"name":"Boutique Femme Musulmane","item":"https:\/\/moonia-boutique.com\/boutique\/"},{"@type":"ListItem","position":3,"name":"Khimar Sitar Long 2 voiles Duo"}]},{"@type":"WebSite","@id":"https:\/\/moonia-boutique.com\/#website","url":"https:\/\/moonia-boutique.com\/","name":"Moonia Boutique","description":"Moonia Boutique - Le site de mode de la femme musulmane !","publisher":{"@id":"https:\/\/moonia-boutique.com\/#organization"},"potentialAction":[{"@type":"SearchAction","target":{"@type":"EntryPoint","urlTemplate":"https:\/\/moonia-boutique.com\/?s={search_term_string}"},"query-input":{"@type":"PropertyValueSpecification","valueRequired":true,"valueName":"search_term_string"}}],"inLanguage":"en-GB"},{"@type":"Organization","@id":"https:\/\/moonia-boutique.com\/#organization","name":"Moonia Boutique","url":"https:\/\/moonia-boutique.com\/","logo":{"@type":"ImageObject","inLanguage":"en-GB","@id":"https:\/\/moonia-boutique.com\/#\/schema\/logo\/image\/","url":"https:\/\/moonia-boutique.com\/wp-content\/uploads\/2023\/08\/Sans-titre-1000-x-1000-px.png","contentUrl":"https:\/\/moonia-boutique.com\/wp-content\/uploads\/2023\/08\/Sans-titre-1000-x-1000-px.png","width":1000,"height":1000,"caption":"Moonia Boutique"},"image":{"@id":"https:\/\/moonia-boutique.com\/#\/schema\/logo\/image\/"}}]}},"jetpack_sharing_enabled":true,"_links":{"self":[{"href":"https:\/\/moonia-boutique.com\/en\/wp-json\/wp\/v2\/product\/104516","targetHints":{"allow":["GET"]}}],"collection":[{"href":"https:\/\/moonia-boutique.com\/en\/wp-json\/wp\/v2\/product"}],"about":[{"href":"https:\/\/moonia-boutique.com\/en\/wp-json\/wp\/v2\/types\/product"}],"replies":[{"embeddable":true,"href":"https:\/\/moonia-boutique.com\/en\/wp-json\/wp\/v2\/comments?post=104516"}],"wp:featuredmedia":[{"embeddable":true,"href":"https:\/\/moonia-boutique.com\/en\/wp-json\/wp\/v2\/media\/3202774"}],"wp:attachment":[{"href":"https:\/\/moonia-boutique.com\/en\/wp-json\/wp\/v2\/media?parent=104516"}],"wp:term":[{"taxonomy":"product_brand","embeddable":true,"href":"https:\/\/moonia-boutique.com\/en\/wp-json\/wp\/v2\/product_brand?post=104516"},{"taxonomy":"product_cat","embeddable":true,"href":"https:\/\/moonia-boutique.com\/en\/wp-json\/wp\/v2\/product_cat?post=104516"},{"taxonomy":"product_tag","embeddable":true,"href":"https:\/\/moonia-boutique.com\/en\/wp-json\/wp\/v2\/product_tag?post=104516"},{"taxonomy":"giftcard-category","embeddable":true,"href":"https:\/\/moonia-boutique.com\/en\/wp-json\/wp\/v2\/giftcard-category?post=104516"}],"curies":[{"name":"wp","href":"https:\/\/api.w.org\/{rel}","templated":true}]}}