{"id":105219,"date":"2022-06-07T15:00:29","date_gmt":"2022-06-07T13:00:29","guid":{"rendered":"https:\/\/moonia-boutique.com\/?post_type=product&#038;p=105219"},"modified":"2026-04-05T12:51:28","modified_gmt":"2026-04-05T10:51:28","slug":"qamis-brode-manches-courtes","status":"publish","type":"product","link":"https:\/\/moonia-boutique.com\/en\/product\/qamis-brode-manches-courtes\/","title":{"rendered":"Qamis Brod\u00e9 manches courtes"},"content":{"rendered":"<h1>Qamis Brod\u00e9 manches courtes<\/h1>\n<p>Le <strong>Qamis Brod\u00e9 manches courtes <\/strong>est un\u00a0<strong>Qamis<\/strong>\u00a0de\u00a0<strong>couleur uni<\/strong>. Il est fabriqu\u00e9 \u00e0 partir d\u2019un tissu de tr\u00e8s bonne\u00a0<strong>qualit\u00e9 <\/strong>l\u00e9g\u00e8rement <strong>satin\u00e9.<\/strong>\u00a0C\u2019est l\u2019alliance parfaite entre style <b>classe <\/b>et <b>d\u00e9contract\u00e9<\/b>. De plus, le tissu est agr\u00e9able \u00e0 porter. Il vous garantira un confort optimal. Le <strong>Qamis Brod\u00e9 manches courtes <\/strong>permet \u00e0 votre peau de respirer facilement. C\u2019est un <strong>qamis brillan<\/strong>t ainsi il est id\u00e9al pour toutes les occasions.<\/p>\n<p>Le\u00a0<strong>Qamis<\/strong>\u00a0reprend le\u00a0<strong>style Marocain <\/strong>avec de joli broderie (2 types diff\u00e9rents). Le Qamis poss\u00e8de un col rond boutonn\u00e9. La fermeture se fait gr\u00e2ce \u00e0 plusieurs boutons classique au niveau du buste. Le qamis poss\u00e8de des manches courtes id\u00e9als pour les p\u00e9riodes estivales. Il se porte \u00e0 toutes les saisons gr\u00e2ce \u00e0 son tissu respirant. Le Qamis poss\u00e8de une poche \u00e0 l\u2019avant pour y mettre des petits objets comme un siwak par exemple. Il poss\u00e8de aussi des poches laterals tr\u00e8s large pour y conserver des objets plus volumineux t\u00e9l\u00e9phone, portefeuille,\u2026<\/p>\n<p>Vous pouvez aussi composer une <a href=\"https:\/\/www.instagram.com\/p\/COAWnS2j7KB\/?utm_source=ig_web_copy_link\"><strong>Dine Box<\/strong><\/a>\u00a0avec ce Qamis et choisir un\u00a0<strong>Tapis<\/strong>\u00a0puis un\u00a0<strong>livre<\/strong>\u00a0un ou\u00a0<strong>bien-\u00eatre<\/strong>\u00a0afin d\u2019offrir un coffret sur mesure.<\/p>\n<p>D\u00e9couvrez toute la collection de<a href=\"https:\/\/moonia-boutique.com\/en\/product-category\/homme\/qamis\/\"><strong>\u00a0Qamis for Brother<\/strong><\/a>.<\/p>\n<p>D\u2019apr\u00e8s Oum Salama (qu\u2019Allah l\u2019agr\u00e9e), l\u2019habit que le Proph\u00e8te (que la pri\u00e8re d\u2019Allah et Son salut soient sur lui) aimait le plus est le\u00a0<strong>qamis<\/strong>.<br \/>\n<b>(Rapport\u00e9 par Tirmidhi dans ses Sounan n\u00b01762 qui l\u2019a authentifi\u00e9 et il a \u00e9galement \u00e9t\u00e9 authentifi\u00e9 par Cheikh Albani dans sa correction de Sounan Tirmidhi)<\/b><\/p>\n<p>&nbsp;<\/p>","protected":false},"excerpt":{"rendered":"<p>Le <strong>Qamis Brod\u00e9 manches courtes <\/strong>est un\u00a0<strong>Qamis<\/strong>\u00a0de\u00a0<strong>couleur uni<\/strong>. Il est fabriqu\u00e9 \u00e0 partir d\u2019un tissu de tr\u00e8s bonne\u00a0<strong>qualit\u00e9 <\/strong>l\u00e9g\u00e8rement <strong>satin\u00e9<\/strong>\u00a0C\u2019est l\u2019alliance parfaite entre style <b>classe <\/b>et <b>d\u00e9contract\u00e9<\/b>. De plus, le tissu est agr\u00e9able \u00e0 porter. Il vous garantira un confort optimal. Le <strong>Qamis Brod\u00e9 manches courtes <\/strong>permet \u00e0 votre peau de respirer facilement. C\u2019est un <strong>qamis brillan<\/strong>t ainsi il est id\u00e9al pour toutes les occasions.<\/p>\n<p>Le\u00a0<strong>Qamis<\/strong>\u00a0reprend le\u00a0<strong>style Marocain <\/strong>avec de joli broderie (2 types diff\u00e9rents). Le Qamis poss\u00e8de un col rond boutonn\u00e9. La fermeture se fait gr\u00e2ce \u00e0 plusieurs boutons classique au niveau du buste. Le qamis poss\u00e8de des manches courtes id\u00e9als pour les p\u00e9riodes estivales. Il se porte \u00e0 toutes les saisons gr\u00e2ce \u00e0 son tissu respirant. Le Qamis poss\u00e8de une poche \u00e0 l\u2019avant pour y mettre des petits objets comme un siwak par exemple. Il poss\u00e8de aussi des poches laterals tr\u00e8s large pour y conserver des objets plus volumineux: t\u00e9l\u00e9phone, portefeuille,\u2026<\/p>\n<p>Vous pouvez aussi composer une <a href=\"https:\/\/www.instagram.com\/p\/COAWnS2j7KB\/?utm_source=ig_web_copy_link\"><strong>Dine Box<\/strong><\/a>\u00a0avec ce Qamis et choisir un\u00a0<strong>Tapis<\/strong>\u00a0puis un\u00a0<strong>livre<\/strong>\u00a0un ou\u00a0<strong>bien-\u00eatre<\/strong>\u00a0afin d\u2019offrir un coffret sur mesure.<\/p>\n<p>D\u00e9couvrez toute la collection de<a href=\"https:\/\/moonia-boutique.com\/en\/product-category\/homme\/qamis\/\"><strong>\u00a0Qamis for Brother<\/strong><\/a>.<\/p>\n<p>&nbsp;<\/p>\n<table style=\"border-collapse: collapse;width: 99.9037%;height: 156px\">\n<tbody>\n<tr style=\"height: 26px\">\n<td style=\"width: 17.1136%;height: 26px;text-align: center\"><strong>Taille du Qamis<\/strong><\/td>\n<td style=\"width: 40.3322%;height: 26px;text-align: center\"><strong>Hauteur de la personne (cm)<\/strong><\/td>\n<td style=\"width: 74.9637%;height: 26px;text-align: center\"><strong>Longueur du Qamis (cm)<\/strong><\/td>\n<\/tr>\n<tr style=\"height: 26px\">\n<td style=\"width: 17.1136%;height: 26px;text-align: center\"><strong>54<\/strong><\/td>\n<td style=\"width: 40.3322%;height: 26px;text-align: center\"><strong>174-178<\/strong><\/td>\n<td style=\"width: 74.9637%;height: 26px;text-align: center\"><strong>137<\/strong><\/td>\n<\/tr>\n<tr style=\"height: 26px\">\n<td style=\"width: 17.1136%;height: 26px;text-align: center\"><strong>56<\/strong><\/td>\n<td style=\"width: 40.3322%;height: 26px;text-align: center\"><strong>178-781<\/strong><\/td>\n<td style=\"width: 74.9637%;height: 26px;text-align: center\"><strong>142<\/strong><\/td>\n<\/tr>\n<tr style=\"height: 26px\">\n<td style=\"width: 17.1136%;height: 26px;text-align: center\"><strong>58<\/strong><\/td>\n<td style=\"width: 40.3322%;height: 26px;text-align: center\"><strong>182-185<\/strong><\/td>\n<td style=\"width: 74.9637%;height: 26px;text-align: center\"><strong>147<\/strong><\/td>\n<\/tr>\n<tr style=\"height: 26px\">\n<td style=\"width: 17.1136%;height: 26px;text-align: center\"><strong>60<\/strong><\/td>\n<td style=\"width: 40.3322%;height: 26px;text-align: center\"><strong>186-189<\/strong><\/td>\n<td style=\"width: 74.9637%;height: 26px;text-align: center\"><strong>152<\/strong><\/td>\n<\/tr>\n<tr style=\"height: 26px\">\n<td style=\"width: 17.1136%;height: 26px;text-align: center\"><strong>62<\/strong><\/td>\n<td style=\"width: 40.3322%;height: 26px;text-align: center\"><strong>+ de 189<\/strong><\/td>\n<td style=\"width: 74.9637%;height: 26px;text-align: center\"><strong>158<\/strong><\/td>\n<\/tr>\n<\/tbody>\n<\/table>\n<p>&nbsp;<\/p>","protected":false},"featured_media":103449,"comment_status":"open","ping_status":"closed","template":"","meta":{"_acf_changed":false,"_mo_disable_npp":""},"product_brand":[],"product_cat":[411,569,207,237,215,370],"product_tag":[],"giftcard-category":[],"class_list":{"0":"post-105219","1":"product","2":"type-product","3":"status-publish","4":"has-post-thumbnail","6":"product_cat-soldes-2023","7":"product_cat-black-november-2025","8":"product_cat-qamis","9":"product_cat-qamis-box","10":"product_cat-vetement-musulman-pour-homme","11":"product_cat-z-i","13":"first","14":"outofstock","15":"sale","16":"taxable","17":"shipping-taxable","18":"purchasable","19":"product-type-variable","20":"rtwpvs-product"},"composite_virtual":false,"composite_layout":"","composite_add_to_cart_form_location":"","composite_editable_in_cart":false,"composite_sold_individually_context":"","composite_shop_price_calc":"","composite_components":[],"composite_scenarios":[],"acf":[],"yoast_head":"<!-- This site is optimized with the Yoast SEO plugin v26.6 - https:\/\/yoast.com\/wordpress\/plugins\/seo\/ -->\n<title>Qamis Brod\u00e9 manches courtes - Moonia Boutique<\/title>\n<meta name=\"description\" content=\"Le Qamis Brod\u00e9 manches courtes est un\u00a0Qamis\u00a0de\u00a0couleur uni. Il est fabriqu\u00e9 \u00e0 partir d\u2019un tissu de tr\u00e8s bonne\u00a0qualit\u00e9 l\u00e9g\u00e8rement satin\u00e9.\" \/>\n<meta name=\"robots\" content=\"index, follow, max-snippet:-1, max-image-preview:large, max-video-preview:-1\" \/>\n<link rel=\"canonical\" href=\"https:\/\/moonia-boutique.com\/en\/product\/qamis-brode-manches-courtes\/\" \/>\n<meta property=\"og:locale\" content=\"en_GB\" \/>\n<meta property=\"og:type\" content=\"article\" \/>\n<meta property=\"og:title\" content=\"Qamis Brod\u00e9 manches courtes - Moonia Boutique\" \/>\n<meta property=\"og:description\" content=\"Le Qamis Brod\u00e9 manches courtes est un\u00a0Qamis\u00a0de\u00a0couleur uni. Il est fabriqu\u00e9 \u00e0 partir d\u2019un tissu de tr\u00e8s bonne\u00a0qualit\u00e9 l\u00e9g\u00e8rement satin\u00e9.\" \/>\n<meta property=\"og:url\" content=\"https:\/\/moonia-boutique.com\/en\/product\/qamis-brode-manches-courtes\/\" \/>\n<meta property=\"og:site_name\" content=\"Moonia Boutique\" \/>\n<meta property=\"article:modified_time\" content=\"2026-04-05T10:51:28+00:00\" \/>\n<meta property=\"og:image\" content=\"https:\/\/moonia-boutique.com\/wp-content\/uploads\/2022\/05\/E349882A-2768-4CE4-B2BF-5C4CE4FF96CF-scaled-scaled.jpeg\" \/>\n\t<meta property=\"og:image:width\" content=\"1163\" \/>\n\t<meta property=\"og:image:height\" content=\"2048\" \/>\n\t<meta property=\"og:image:type\" content=\"image\/jpeg\" \/>\n<meta name=\"twitter:card\" content=\"summary_large_image\" \/>\n<meta name=\"twitter:label1\" content=\"Estimated reading time\" \/>\n\t<meta name=\"twitter:data1\" content=\"2 minutes\" \/>\n<script type=\"application\/ld+json\" class=\"yoast-schema-graph\">{\"@context\":\"https:\/\/schema.org\",\"@graph\":[{\"@type\":\"WebPage\",\"@id\":\"https:\/\/moonia-boutique.com\/produit\/qamis-brode-manches-courtes\/\",\"url\":\"https:\/\/moonia-boutique.com\/produit\/qamis-brode-manches-courtes\/\",\"name\":\"Qamis Brod\u00e9 manches courtes - Moonia Boutique\",\"isPartOf\":{\"@id\":\"https:\/\/moonia-boutique.com\/#website\"},\"primaryImageOfPage\":{\"@id\":\"https:\/\/moonia-boutique.com\/produit\/qamis-brode-manches-courtes\/#primaryimage\"},\"image\":{\"@id\":\"https:\/\/moonia-boutique.com\/produit\/qamis-brode-manches-courtes\/#primaryimage\"},\"thumbnailUrl\":\"https:\/\/moonia-boutique.com\/wp-content\/uploads\/2022\/05\/E349882A-2768-4CE4-B2BF-5C4CE4FF96CF-scaled-scaled.jpeg\",\"datePublished\":\"2022-06-07T13:00:29+00:00\",\"dateModified\":\"2026-04-05T10:51:28+00:00\",\"description\":\"Le Qamis Brod\u00e9 manches courtes est un\u00a0Qamis\u00a0de\u00a0couleur uni. Il est fabriqu\u00e9 \u00e0 partir d\u2019un tissu de tr\u00e8s bonne\u00a0qualit\u00e9 l\u00e9g\u00e8rement satin\u00e9.\",\"breadcrumb\":{\"@id\":\"https:\/\/moonia-boutique.com\/produit\/qamis-brode-manches-courtes\/#breadcrumb\"},\"inLanguage\":\"en-GB\",\"potentialAction\":[{\"@type\":\"ReadAction\",\"target\":[\"https:\/\/moonia-boutique.com\/produit\/qamis-brode-manches-courtes\/\"]}]},{\"@type\":\"ImageObject\",\"inLanguage\":\"en-GB\",\"@id\":\"https:\/\/moonia-boutique.com\/produit\/qamis-brode-manches-courtes\/#primaryimage\",\"url\":\"https:\/\/moonia-boutique.com\/wp-content\/uploads\/2022\/05\/E349882A-2768-4CE4-B2BF-5C4CE4FF96CF-scaled-scaled.jpeg\",\"contentUrl\":\"https:\/\/moonia-boutique.com\/wp-content\/uploads\/2022\/05\/E349882A-2768-4CE4-B2BF-5C4CE4FF96CF-scaled-scaled.jpeg\",\"width\":1163,\"height\":2048,\"caption\":\"Qamis Brod\u00e9 manches courtes\"},{\"@type\":\"BreadcrumbList\",\"@id\":\"https:\/\/moonia-boutique.com\/produit\/qamis-brode-manches-courtes\/#breadcrumb\",\"itemListElement\":[{\"@type\":\"ListItem\",\"position\":1,\"name\":\"Accueil\",\"item\":\"https:\/\/moonia-boutique.com\/\"},{\"@type\":\"ListItem\",\"position\":2,\"name\":\"Boutique Femme Musulmane\",\"item\":\"https:\/\/moonia-boutique.com\/boutique\/\"},{\"@type\":\"ListItem\",\"position\":3,\"name\":\"Qamis Brod\u00e9 manches courtes\"}]},{\"@type\":\"WebSite\",\"@id\":\"https:\/\/moonia-boutique.com\/#website\",\"url\":\"https:\/\/moonia-boutique.com\/\",\"name\":\"Moonia Boutique\",\"description\":\"Moonia Boutique - Le site de mode de la femme musulmane !\",\"publisher\":{\"@id\":\"https:\/\/moonia-boutique.com\/#organization\"},\"potentialAction\":[{\"@type\":\"SearchAction\",\"target\":{\"@type\":\"EntryPoint\",\"urlTemplate\":\"https:\/\/moonia-boutique.com\/?s={search_term_string}\"},\"query-input\":{\"@type\":\"PropertyValueSpecification\",\"valueRequired\":true,\"valueName\":\"search_term_string\"}}],\"inLanguage\":\"en-GB\"},{\"@type\":\"Organization\",\"@id\":\"https:\/\/moonia-boutique.com\/#organization\",\"name\":\"Moonia Boutique\",\"url\":\"https:\/\/moonia-boutique.com\/\",\"logo\":{\"@type\":\"ImageObject\",\"inLanguage\":\"en-GB\",\"@id\":\"https:\/\/moonia-boutique.com\/#\/schema\/logo\/image\/\",\"url\":\"https:\/\/moonia-boutique.com\/wp-content\/uploads\/2023\/08\/Sans-titre-1000-x-1000-px.png\",\"contentUrl\":\"https:\/\/moonia-boutique.com\/wp-content\/uploads\/2023\/08\/Sans-titre-1000-x-1000-px.png\",\"width\":1000,\"height\":1000,\"caption\":\"Moonia Boutique\"},\"image\":{\"@id\":\"https:\/\/moonia-boutique.com\/#\/schema\/logo\/image\/\"}}]}<\/script>\n<!-- \/ Yoast SEO plugin. -->","yoast_head_json":{"title":"Qamis Brod\u00e9 manches courtes - Moonia Boutique","description":"Le Qamis Brod\u00e9 manches courtes est un\u00a0Qamis\u00a0de\u00a0couleur uni. Il est fabriqu\u00e9 \u00e0 partir d\u2019un tissu de tr\u00e8s bonne\u00a0qualit\u00e9 l\u00e9g\u00e8rement satin\u00e9.","robots":{"index":"index","follow":"follow","max-snippet":"max-snippet:-1","max-image-preview":"max-image-preview:large","max-video-preview":"max-video-preview:-1"},"canonical":"https:\/\/moonia-boutique.com\/en\/product\/qamis-brode-manches-courtes\/","og_locale":"en_GB","og_type":"article","og_title":"Qamis Brod\u00e9 manches courtes - Moonia Boutique","og_description":"Le Qamis Brod\u00e9 manches courtes est un\u00a0Qamis\u00a0de\u00a0couleur uni. Il est fabriqu\u00e9 \u00e0 partir d\u2019un tissu de tr\u00e8s bonne\u00a0qualit\u00e9 l\u00e9g\u00e8rement satin\u00e9.","og_url":"https:\/\/moonia-boutique.com\/en\/product\/qamis-brode-manches-courtes\/","og_site_name":"Moonia Boutique","article_modified_time":"2026-04-05T10:51:28+00:00","og_image":[{"width":1163,"height":2048,"url":"https:\/\/moonia-boutique.com\/wp-content\/uploads\/2022\/05\/E349882A-2768-4CE4-B2BF-5C4CE4FF96CF-scaled-scaled.jpeg","type":"image\/jpeg"}],"twitter_card":"summary_large_image","twitter_misc":{"Estimated reading time":"2 minutes"},"schema":{"@context":"https:\/\/schema.org","@graph":[{"@type":"WebPage","@id":"https:\/\/moonia-boutique.com\/produit\/qamis-brode-manches-courtes\/","url":"https:\/\/moonia-boutique.com\/produit\/qamis-brode-manches-courtes\/","name":"Qamis Brod\u00e9 manches courtes - Moonia Boutique","isPartOf":{"@id":"https:\/\/moonia-boutique.com\/#website"},"primaryImageOfPage":{"@id":"https:\/\/moonia-boutique.com\/produit\/qamis-brode-manches-courtes\/#primaryimage"},"image":{"@id":"https:\/\/moonia-boutique.com\/produit\/qamis-brode-manches-courtes\/#primaryimage"},"thumbnailUrl":"https:\/\/moonia-boutique.com\/wp-content\/uploads\/2022\/05\/E349882A-2768-4CE4-B2BF-5C4CE4FF96CF-scaled-scaled.jpeg","datePublished":"2022-06-07T13:00:29+00:00","dateModified":"2026-04-05T10:51:28+00:00","description":"Le Qamis Brod\u00e9 manches courtes est un\u00a0Qamis\u00a0de\u00a0couleur uni. Il est fabriqu\u00e9 \u00e0 partir d\u2019un tissu de tr\u00e8s bonne\u00a0qualit\u00e9 l\u00e9g\u00e8rement satin\u00e9.","breadcrumb":{"@id":"https:\/\/moonia-boutique.com\/produit\/qamis-brode-manches-courtes\/#breadcrumb"},"inLanguage":"en-GB","potentialAction":[{"@type":"ReadAction","target":["https:\/\/moonia-boutique.com\/produit\/qamis-brode-manches-courtes\/"]}]},{"@type":"ImageObject","inLanguage":"en-GB","@id":"https:\/\/moonia-boutique.com\/produit\/qamis-brode-manches-courtes\/#primaryimage","url":"https:\/\/moonia-boutique.com\/wp-content\/uploads\/2022\/05\/E349882A-2768-4CE4-B2BF-5C4CE4FF96CF-scaled-scaled.jpeg","contentUrl":"https:\/\/moonia-boutique.com\/wp-content\/uploads\/2022\/05\/E349882A-2768-4CE4-B2BF-5C4CE4FF96CF-scaled-scaled.jpeg","width":1163,"height":2048,"caption":"Qamis Brod\u00e9 manches courtes"},{"@type":"BreadcrumbList","@id":"https:\/\/moonia-boutique.com\/produit\/qamis-brode-manches-courtes\/#breadcrumb","itemListElement":[{"@type":"ListItem","position":1,"name":"Accueil","item":"https:\/\/moonia-boutique.com\/"},{"@type":"ListItem","position":2,"name":"Boutique Femme Musulmane","item":"https:\/\/moonia-boutique.com\/boutique\/"},{"@type":"ListItem","position":3,"name":"Qamis Brod\u00e9 manches courtes"}]},{"@type":"WebSite","@id":"https:\/\/moonia-boutique.com\/#website","url":"https:\/\/moonia-boutique.com\/","name":"Moonia Boutique","description":"Moonia Boutique - Le site de mode de la femme musulmane !","publisher":{"@id":"https:\/\/moonia-boutique.com\/#organization"},"potentialAction":[{"@type":"SearchAction","target":{"@type":"EntryPoint","urlTemplate":"https:\/\/moonia-boutique.com\/?s={search_term_string}"},"query-input":{"@type":"PropertyValueSpecification","valueRequired":true,"valueName":"search_term_string"}}],"inLanguage":"en-GB"},{"@type":"Organization","@id":"https:\/\/moonia-boutique.com\/#organization","name":"Moonia Boutique","url":"https:\/\/moonia-boutique.com\/","logo":{"@type":"ImageObject","inLanguage":"en-GB","@id":"https:\/\/moonia-boutique.com\/#\/schema\/logo\/image\/","url":"https:\/\/moonia-boutique.com\/wp-content\/uploads\/2023\/08\/Sans-titre-1000-x-1000-px.png","contentUrl":"https:\/\/moonia-boutique.com\/wp-content\/uploads\/2023\/08\/Sans-titre-1000-x-1000-px.png","width":1000,"height":1000,"caption":"Moonia Boutique"},"image":{"@id":"https:\/\/moonia-boutique.com\/#\/schema\/logo\/image\/"}}]}},"jetpack_sharing_enabled":true,"_links":{"self":[{"href":"https:\/\/moonia-boutique.com\/en\/wp-json\/wp\/v2\/product\/105219","targetHints":{"allow":["GET"]}}],"collection":[{"href":"https:\/\/moonia-boutique.com\/en\/wp-json\/wp\/v2\/product"}],"about":[{"href":"https:\/\/moonia-boutique.com\/en\/wp-json\/wp\/v2\/types\/product"}],"replies":[{"embeddable":true,"href":"https:\/\/moonia-boutique.com\/en\/wp-json\/wp\/v2\/comments?post=105219"}],"wp:featuredmedia":[{"embeddable":true,"href":"https:\/\/moonia-boutique.com\/en\/wp-json\/wp\/v2\/media\/103449"}],"wp:attachment":[{"href":"https:\/\/moonia-boutique.com\/en\/wp-json\/wp\/v2\/media?parent=105219"}],"wp:term":[{"taxonomy":"product_brand","embeddable":true,"href":"https:\/\/moonia-boutique.com\/en\/wp-json\/wp\/v2\/product_brand?post=105219"},{"taxonomy":"product_cat","embeddable":true,"href":"https:\/\/moonia-boutique.com\/en\/wp-json\/wp\/v2\/product_cat?post=105219"},{"taxonomy":"product_tag","embeddable":true,"href":"https:\/\/moonia-boutique.com\/en\/wp-json\/wp\/v2\/product_tag?post=105219"},{"taxonomy":"giftcard-category","embeddable":true,"href":"https:\/\/moonia-boutique.com\/en\/wp-json\/wp\/v2\/giftcard-category?post=105219"}],"curies":[{"name":"wp","href":"https:\/\/api.w.org\/{rel}","templated":true}]}}