{"id":106014,"date":"2022-06-11T13:29:05","date_gmt":"2022-06-11T11:29:05","guid":{"rendered":"https:\/\/moonia-boutique.com\/?post_type=product&#038;p=106014"},"modified":"2026-04-19T15:34:53","modified_gmt":"2026-04-19T13:34:53","slug":"abaya-chemise","status":"publish","type":"product","link":"https:\/\/moonia-boutique.com\/en\/product\/abaya-chemise\/","title":{"rendered":"Abaya papillon longue Chemise"},"content":{"rendered":"<p>L\u2019Abaya chemise est une abaya moderne qui vient compl\u00e9ter notre gamme de robes musulmanes.<\/p>\n<p>Fluide et l\u00e9g\u00e8re, elle vous accompagnera parfaitement durant les saisons estivales.<\/p>\n<p>Cette robe abaya chemise papillon est particuli\u00e8rement confortable, en effet son style ample et ses manches larges resserr\u00e9es vous vaudront un confort maximal dans vos mouvements en plus d\u2019\u00eatre longue et couvrante.<\/p>\n<p>Elle est d\u2019une fluidit\u00e9 incroyable en plus d\u2019\u00eatre tr\u00e8s pratique car boutonn\u00e9e sur toute la longueur, elle fera une abaya allaitement parfaite.<\/p>\n<p>On d\u00e9note de son col chemise qui rende cette abaya musulmane moderne tr\u00e8s tendance et sa coupe arrondie en bas lui apporte un style islamique particulier.<\/p>\n<p>Elle pourra \u00eatre port\u00e9e ferm\u00e9e ou l\u2019enfiler en kimono abaya avec l\u2019une de nos sous abaya.<\/p>\n<p>Elle s\u2019accompagnera parfaitement d\u2019un hijab \u00e0 enfiler, d\u2019un maxi hijab ou d\u2019un long khimar pour cr\u00e9er la tenue islamique parfaite.<\/p>\n<p>Ici, notre mod\u00e8le porte un magnifique <a href=\"https:\/\/moonia-boutique.com\/en\/product\/hijab-soie-de-medine-a-nouer\/\">Soie de m\u00e9dine \u00e0 nouer lilas.<\/a><\/p>\n<p>Bien large, elle conviendra \u00e0 toutes les morphologies.<\/p>\n<p>Taille unique, pour une taille 36 \u00e0 58\/60.<\/p>\n<p>Taille des \u00e9paules aux pieds : environ 140cm.<\/p>\n<p>Pour un beau retomb\u00e9 sur les pieds, nous la conseillons aux femmes mesurant jusqu\u2019\u00e0 1m70.<\/p>\n<p>Notre mod\u00e8le mesure 1m72 et porte du S\/M.<\/p>\n<p>Pour une multitude de style islamique, d\u00e9couvrez l\u2019ensemble de notre vaste gamme de abaya musulmanes et de nos jolies robes mastour.<\/p>","protected":false},"excerpt":{"rendered":"<p>L\u2019Abaya chemise est une abaya moderne qui vient compl\u00e9ter notre gamme de robes musulmanes.<\/p>\n<p>Fluide et l\u00e9g\u00e8re, elle vous accompagnera parfaitement durant les saisons estivales.<\/p>\n<p>Cette robe abaya chemise papillon est particuli\u00e8rement confortable, en effet son style ample et ses manches larges resserr\u00e9es vous vaudront un confort maximal dans vos mouvements en plus d\u2019\u00eatre longue et couvrante.<\/p>\n<p>Elle est d\u2019une fluidit\u00e9 incroyable en plus d\u2019\u00eatre tr\u00e8s pratique car boutonn\u00e9e sur toute la longueur, elle fera une abaya allaitement parfaite.<\/p>\n<p>On d\u00e9note de son col chemise qui rende cette abaya musulmane moderne tr\u00e8s tendance et sa coupe arrondie en bas lui apporte un style islamique particulier.<\/p>\n<p>Elle pourra \u00eatre port\u00e9e ferm\u00e9e ou l\u2019enfiler en kimono abaya avec l\u2019une de nos sous abaya.<\/p>\n<p>Elle s\u2019accompagnera parfaitement d\u2019un hijab \u00e0 enfiler, d\u2019un maxi hijab ou d\u2019un long khimar pour cr\u00e9er la tenue islamique parfaite.<\/p>\n<p>Ici, notre mod\u00e8le porte un magnifique <a href=\"https:\/\/moonia-boutique.com\/en\/product\/hijab-soie-de-medine-a-nouer\/\">Soie de m\u00e9dine \u00e0 nouer lilas.<\/a><\/p>\n<p>Bien large, elle conviendra \u00e0 toutes les morphologies.<\/p>\n<p>Taille unique, pour une taille 36 \u00e0 58\/60.<\/p>\n<p>Taille des \u00e9paules aux pieds : environ 140cm.<\/p>\n<p>Pour un beau retomb\u00e9 sur les pieds, nous la conseillons aux femmes mesurant jusqu\u2019\u00e0 1m70.<\/p>\n<p>Notre mod\u00e8le mesure 1m72 et porte du S\/M.<\/p>\n<p>Pour une multitude de style islamique, d\u00e9couvrez l\u2019ensemble de notre vaste gamme de abaya musulmanes et de nos jolies robes mastour.<\/p>","protected":false},"featured_media":3205181,"comment_status":"open","ping_status":"closed","template":"","meta":{"_acf_changed":false,"_mo_disable_npp":""},"product_brand":[],"product_cat":[418,468,455,476,462,451,416,459,452,525,456,457,411,558,569,415,374,205,204,422],"product_tag":[],"giftcard-category":[],"class_list":{"0":"post-106014","1":"product","2":"type-product","3":"status-publish","4":"has-post-thumbnail","6":"product_cat-abaya-allaitement","7":"product_cat-abaya-beige","8":"product_cat-abaya-dubai","9":"product_cat-abaya-ete","10":"product_cat-abaya-evase","11":"product_cat-abaya-femme","12":"product_cat-abaya-grande-taille","13":"product_cat-abaya-kimono","14":"product_cat-abaya-papillon","15":"product_cat-abaya-pour-compose-ta-box","16":"product_cat-abaya-robe","17":"product_cat-abaya-saoudienne","18":"product_cat-soldes-2023","19":"product_cat-black-november-2024","20":"product_cat-black-november-2025","21":"product_cat-ensemble","22":"product_cat-mil","23":"product_cat-pret-a-porter-pour-femme-musulmane","24":"product_cat-robe-mastour","25":"product_cat-hajj-omra","27":"first","28":"instock","29":"sale","30":"taxable","31":"shipping-taxable","32":"purchasable","33":"product-type-variable","34":"rtwpvs-product"},"composite_virtual":false,"composite_layout":"","composite_add_to_cart_form_location":"","composite_editable_in_cart":false,"composite_sold_individually_context":"","composite_shop_price_calc":"","composite_components":[],"composite_scenarios":[],"acf":[],"yoast_head":"<!-- This site is optimized with the Yoast SEO plugin v26.6 - https:\/\/yoast.com\/wordpress\/plugins\/seo\/ -->\n<title>Abaya papillon longue Chemise - Moonia Boutique<\/title>\n<meta name=\"description\" content=\"Nous vous pr\u00e9sentons la Abaya chemise pour style chic et d\u00e9contract\u00e9. C&#039;est une Abaya coupe papillon avec col chemise et une ouverture par boutons.\" \/>\n<meta name=\"robots\" content=\"index, follow, max-snippet:-1, max-image-preview:large, max-video-preview:-1\" \/>\n<link rel=\"canonical\" href=\"https:\/\/moonia-boutique.com\/en\/product\/abaya-chemise\/\" \/>\n<meta property=\"og:locale\" content=\"en_GB\" \/>\n<meta property=\"og:type\" content=\"article\" \/>\n<meta property=\"og:title\" content=\"Abaya papillon longue Chemise - Moonia Boutique\" \/>\n<meta property=\"og:description\" content=\"Nous vous pr\u00e9sentons la Abaya chemise pour style chic et d\u00e9contract\u00e9. C&#039;est une Abaya coupe papillon avec col chemise et une ouverture par boutons.\" \/>\n<meta property=\"og:url\" content=\"https:\/\/moonia-boutique.com\/en\/product\/abaya-chemise\/\" \/>\n<meta property=\"og:site_name\" content=\"Moonia Boutique\" \/>\n<meta property=\"article:modified_time\" content=\"2026-04-19T13:34:53+00:00\" \/>\n<meta property=\"og:image\" content=\"https:\/\/moonia-boutique.com\/wp-content\/uploads\/2024\/09\/IMG_4988.jpeg\" \/>\n\t<meta property=\"og:image:width\" content=\"1290\" \/>\n\t<meta property=\"og:image:height\" content=\"1899\" \/>\n\t<meta property=\"og:image:type\" content=\"image\/jpeg\" \/>\n<meta name=\"twitter:card\" content=\"summary_large_image\" \/>\n<meta name=\"twitter:label1\" content=\"Estimated reading time\" \/>\n\t<meta name=\"twitter:data1\" content=\"2 minutes\" \/>\n<script type=\"application\/ld+json\" class=\"yoast-schema-graph\">{\"@context\":\"https:\/\/schema.org\",\"@graph\":[{\"@type\":\"WebPage\",\"@id\":\"https:\/\/moonia-boutique.com\/produit\/abaya-chemise\/\",\"url\":\"https:\/\/moonia-boutique.com\/produit\/abaya-chemise\/\",\"name\":\"Abaya papillon longue Chemise - Moonia Boutique\",\"isPartOf\":{\"@id\":\"https:\/\/moonia-boutique.com\/#website\"},\"primaryImageOfPage\":{\"@id\":\"https:\/\/moonia-boutique.com\/produit\/abaya-chemise\/#primaryimage\"},\"image\":{\"@id\":\"https:\/\/moonia-boutique.com\/produit\/abaya-chemise\/#primaryimage\"},\"thumbnailUrl\":\"https:\/\/moonia-boutique.com\/wp-content\/uploads\/2022\/06\/img_3603.png\",\"datePublished\":\"2022-06-11T11:29:05+00:00\",\"dateModified\":\"2026-04-19T13:34:53+00:00\",\"description\":\"Nous vous pr\u00e9sentons la Abaya chemise pour style chic et d\u00e9contract\u00e9. C'est une Abaya coupe papillon avec col chemise et une ouverture par boutons.\",\"breadcrumb\":{\"@id\":\"https:\/\/moonia-boutique.com\/produit\/abaya-chemise\/#breadcrumb\"},\"inLanguage\":\"en-GB\",\"potentialAction\":[{\"@type\":\"ReadAction\",\"target\":[\"https:\/\/moonia-boutique.com\/produit\/abaya-chemise\/\"]}]},{\"@type\":\"ImageObject\",\"inLanguage\":\"en-GB\",\"@id\":\"https:\/\/moonia-boutique.com\/produit\/abaya-chemise\/#primaryimage\",\"url\":\"https:\/\/moonia-boutique.com\/wp-content\/uploads\/2022\/06\/img_3603.png\",\"contentUrl\":\"https:\/\/moonia-boutique.com\/wp-content\/uploads\/2022\/06\/img_3603.png\",\"width\":864,\"height\":1240},{\"@type\":\"BreadcrumbList\",\"@id\":\"https:\/\/moonia-boutique.com\/produit\/abaya-chemise\/#breadcrumb\",\"itemListElement\":[{\"@type\":\"ListItem\",\"position\":1,\"name\":\"Accueil\",\"item\":\"https:\/\/moonia-boutique.com\/\"},{\"@type\":\"ListItem\",\"position\":2,\"name\":\"Boutique Femme Musulmane\",\"item\":\"https:\/\/moonia-boutique.com\/boutique\/\"},{\"@type\":\"ListItem\",\"position\":3,\"name\":\"Abaya papillon longue Chemise\"}]},{\"@type\":\"WebSite\",\"@id\":\"https:\/\/moonia-boutique.com\/#website\",\"url\":\"https:\/\/moonia-boutique.com\/\",\"name\":\"Moonia Boutique\",\"description\":\"Moonia Boutique - Le site de mode de la femme musulmane !\",\"publisher\":{\"@id\":\"https:\/\/moonia-boutique.com\/#organization\"},\"potentialAction\":[{\"@type\":\"SearchAction\",\"target\":{\"@type\":\"EntryPoint\",\"urlTemplate\":\"https:\/\/moonia-boutique.com\/?s={search_term_string}\"},\"query-input\":{\"@type\":\"PropertyValueSpecification\",\"valueRequired\":true,\"valueName\":\"search_term_string\"}}],\"inLanguage\":\"en-GB\"},{\"@type\":\"Organization\",\"@id\":\"https:\/\/moonia-boutique.com\/#organization\",\"name\":\"Moonia Boutique\",\"url\":\"https:\/\/moonia-boutique.com\/\",\"logo\":{\"@type\":\"ImageObject\",\"inLanguage\":\"en-GB\",\"@id\":\"https:\/\/moonia-boutique.com\/#\/schema\/logo\/image\/\",\"url\":\"https:\/\/moonia-boutique.com\/wp-content\/uploads\/2023\/08\/Sans-titre-1000-x-1000-px.png\",\"contentUrl\":\"https:\/\/moonia-boutique.com\/wp-content\/uploads\/2023\/08\/Sans-titre-1000-x-1000-px.png\",\"width\":1000,\"height\":1000,\"caption\":\"Moonia Boutique\"},\"image\":{\"@id\":\"https:\/\/moonia-boutique.com\/#\/schema\/logo\/image\/\"}}]}<\/script>\n<!-- \/ Yoast SEO plugin. -->","yoast_head_json":{"title":"Abaya papillon longue Chemise - Moonia Boutique","description":"Nous vous pr\u00e9sentons la Abaya chemise pour style chic et d\u00e9contract\u00e9. C'est une Abaya coupe papillon avec col chemise et une ouverture par boutons.","robots":{"index":"index","follow":"follow","max-snippet":"max-snippet:-1","max-image-preview":"max-image-preview:large","max-video-preview":"max-video-preview:-1"},"canonical":"https:\/\/moonia-boutique.com\/en\/product\/abaya-chemise\/","og_locale":"en_GB","og_type":"article","og_title":"Abaya papillon longue Chemise - Moonia Boutique","og_description":"Nous vous pr\u00e9sentons la Abaya chemise pour style chic et d\u00e9contract\u00e9. C'est une Abaya coupe papillon avec col chemise et une ouverture par boutons.","og_url":"https:\/\/moonia-boutique.com\/en\/product\/abaya-chemise\/","og_site_name":"Moonia Boutique","article_modified_time":"2026-04-19T13:34:53+00:00","og_image":[{"width":1290,"height":1899,"url":"https:\/\/moonia-boutique.com\/wp-content\/uploads\/2024\/09\/IMG_4988.jpeg","type":"image\/jpeg"}],"twitter_card":"summary_large_image","twitter_misc":{"Estimated reading time":"2 minutes"},"schema":{"@context":"https:\/\/schema.org","@graph":[{"@type":"WebPage","@id":"https:\/\/moonia-boutique.com\/produit\/abaya-chemise\/","url":"https:\/\/moonia-boutique.com\/produit\/abaya-chemise\/","name":"Abaya papillon longue Chemise - Moonia Boutique","isPartOf":{"@id":"https:\/\/moonia-boutique.com\/#website"},"primaryImageOfPage":{"@id":"https:\/\/moonia-boutique.com\/produit\/abaya-chemise\/#primaryimage"},"image":{"@id":"https:\/\/moonia-boutique.com\/produit\/abaya-chemise\/#primaryimage"},"thumbnailUrl":"https:\/\/moonia-boutique.com\/wp-content\/uploads\/2022\/06\/img_3603.png","datePublished":"2022-06-11T11:29:05+00:00","dateModified":"2026-04-19T13:34:53+00:00","description":"Nous vous pr\u00e9sentons la Abaya chemise pour style chic et d\u00e9contract\u00e9. C'est une Abaya coupe papillon avec col chemise et une ouverture par boutons.","breadcrumb":{"@id":"https:\/\/moonia-boutique.com\/produit\/abaya-chemise\/#breadcrumb"},"inLanguage":"en-GB","potentialAction":[{"@type":"ReadAction","target":["https:\/\/moonia-boutique.com\/produit\/abaya-chemise\/"]}]},{"@type":"ImageObject","inLanguage":"en-GB","@id":"https:\/\/moonia-boutique.com\/produit\/abaya-chemise\/#primaryimage","url":"https:\/\/moonia-boutique.com\/wp-content\/uploads\/2022\/06\/img_3603.png","contentUrl":"https:\/\/moonia-boutique.com\/wp-content\/uploads\/2022\/06\/img_3603.png","width":864,"height":1240},{"@type":"BreadcrumbList","@id":"https:\/\/moonia-boutique.com\/produit\/abaya-chemise\/#breadcrumb","itemListElement":[{"@type":"ListItem","position":1,"name":"Accueil","item":"https:\/\/moonia-boutique.com\/"},{"@type":"ListItem","position":2,"name":"Boutique Femme Musulmane","item":"https:\/\/moonia-boutique.com\/boutique\/"},{"@type":"ListItem","position":3,"name":"Abaya papillon longue Chemise"}]},{"@type":"WebSite","@id":"https:\/\/moonia-boutique.com\/#website","url":"https:\/\/moonia-boutique.com\/","name":"Moonia Boutique","description":"Moonia Boutique - Le site de mode de la femme musulmane !","publisher":{"@id":"https:\/\/moonia-boutique.com\/#organization"},"potentialAction":[{"@type":"SearchAction","target":{"@type":"EntryPoint","urlTemplate":"https:\/\/moonia-boutique.com\/?s={search_term_string}"},"query-input":{"@type":"PropertyValueSpecification","valueRequired":true,"valueName":"search_term_string"}}],"inLanguage":"en-GB"},{"@type":"Organization","@id":"https:\/\/moonia-boutique.com\/#organization","name":"Moonia Boutique","url":"https:\/\/moonia-boutique.com\/","logo":{"@type":"ImageObject","inLanguage":"en-GB","@id":"https:\/\/moonia-boutique.com\/#\/schema\/logo\/image\/","url":"https:\/\/moonia-boutique.com\/wp-content\/uploads\/2023\/08\/Sans-titre-1000-x-1000-px.png","contentUrl":"https:\/\/moonia-boutique.com\/wp-content\/uploads\/2023\/08\/Sans-titre-1000-x-1000-px.png","width":1000,"height":1000,"caption":"Moonia Boutique"},"image":{"@id":"https:\/\/moonia-boutique.com\/#\/schema\/logo\/image\/"}}]}},"jetpack_sharing_enabled":true,"_links":{"self":[{"href":"https:\/\/moonia-boutique.com\/en\/wp-json\/wp\/v2\/product\/106014","targetHints":{"allow":["GET"]}}],"collection":[{"href":"https:\/\/moonia-boutique.com\/en\/wp-json\/wp\/v2\/product"}],"about":[{"href":"https:\/\/moonia-boutique.com\/en\/wp-json\/wp\/v2\/types\/product"}],"replies":[{"embeddable":true,"href":"https:\/\/moonia-boutique.com\/en\/wp-json\/wp\/v2\/comments?post=106014"}],"wp:featuredmedia":[{"embeddable":true,"href":"https:\/\/moonia-boutique.com\/en\/wp-json\/wp\/v2\/media\/3205181"}],"wp:attachment":[{"href":"https:\/\/moonia-boutique.com\/en\/wp-json\/wp\/v2\/media?parent=106014"}],"wp:term":[{"taxonomy":"product_brand","embeddable":true,"href":"https:\/\/moonia-boutique.com\/en\/wp-json\/wp\/v2\/product_brand?post=106014"},{"taxonomy":"product_cat","embeddable":true,"href":"https:\/\/moonia-boutique.com\/en\/wp-json\/wp\/v2\/product_cat?post=106014"},{"taxonomy":"product_tag","embeddable":true,"href":"https:\/\/moonia-boutique.com\/en\/wp-json\/wp\/v2\/product_tag?post=106014"},{"taxonomy":"giftcard-category","embeddable":true,"href":"https:\/\/moonia-boutique.com\/en\/wp-json\/wp\/v2\/giftcard-category?post=106014"}],"curies":[{"name":"wp","href":"https:\/\/api.w.org\/{rel}","templated":true}]}}