{"id":11067,"date":"2021-01-30T10:52:54","date_gmt":"2021-01-30T09:52:54","guid":{"rendered":"https:\/\/moonia-boutique.com\/?post_type=product&#038;p=11067"},"modified":"2026-03-12T14:04:28","modified_gmt":"2026-03-12T13:04:28","slug":"savon-karamat","status":"publish","type":"product","link":"https:\/\/moonia-boutique.com\/en\/product\/savon-karamat\/","title":{"rendered":"Savon Karamat"},"content":{"rendered":"<p>Dans la gamme <strong>Karamat<\/strong>, nous vous proposons un magnifique trio de <strong>savon<\/strong>. Des savons <strong>magnifiques<\/strong> par leur forme et aux <strong>parfums<\/strong> <strong>enivrants<\/strong>. Les savons respectent votre peau et lui donne <strong>douceur<\/strong> et un <strong>aspect lisse<\/strong> apr\u00e8s chaque rin\u00e7age. D\u00e9couvrez aussi tous nos produits<strong> <a href=\"https:\/\/moonia-boutique.com\/en\/product-category\/bien-etre\/\">bien-\u00eatre<\/a><\/strong>.<\/p>\n<p>composition: \u00a0palmate de sodium, de cocoate de sodium, d&#8217;olivate de sodium et de pr\u00e9cieux lait de ch\u00e8vre<\/p>","protected":false},"excerpt":{"rendered":"<p>Dans la gamme <strong>Karamat<\/strong>, nous vous proposons un magnifique trio de <strong>savon<\/strong>. Des savons <strong>magnifiques<\/strong> par leur forme et aux <strong>parfums<\/strong> <strong>enivrants<\/strong>. Les savons respectent votre peau et lui donne <strong>douceur<\/strong> et un <strong>aspect lisse<\/strong> apr\u00e8s chaque rin\u00e7age. D\u00e9couvrez aussi tous nos produits<strong> <a href=\"https:\/\/moonia-boutique.com\/en\/product-category\/bien-etre\/\">bien-\u00eatre<\/a><\/strong>.<\/p>","protected":false},"featured_media":11076,"comment_status":"open","ping_status":"closed","template":"","meta":{"_acf_changed":false,"_mo_disable_npp":""},"product_brand":[],"product_cat":[249,182,236,101,215,370],"product_tag":[],"giftcard-category":[],"class_list":{"0":"post-11067","1":"product","2":"type-product","3":"status-publish","4":"has-post-thumbnail","6":"product_cat-bain","7":"product_cat-bien-etre","8":"product_cat-bien-etre-homme","9":"product_cat-nos-savons","10":"product_cat-vetement-musulman-pour-homme","11":"product_cat-z-i","13":"first","14":"instock","15":"taxable","16":"shipping-taxable","17":"purchasable","18":"product-type-variable","19":"rtwpvs-product"},"composite_virtual":false,"composite_layout":"","composite_add_to_cart_form_location":"","composite_editable_in_cart":false,"composite_sold_individually_context":"","composite_shop_price_calc":"","composite_components":[],"composite_scenarios":[],"acf":[],"yoast_head":"<!-- This site is optimized with the Yoast SEO plugin v26.6 - https:\/\/yoast.com\/wordpress\/plugins\/seo\/ -->\n<title>Savon Karamat - Moonia Boutique<\/title>\n<meta name=\"description\" content=\"Dans la gamme Karamat, nous vous proposons un magnifique trio de savon. Des savons magnifiques par leur forme et aux parfums enivrants. Les savons respectent votre peau et lui donne douceur et un aspect lisse apr\u00e8s chaque rin\u00e7age. D\u00e9couvrez aussi tous nos produits bien-\u00eatre.\" \/>\n<meta name=\"robots\" content=\"index, follow, max-snippet:-1, max-image-preview:large, max-video-preview:-1\" \/>\n<link rel=\"canonical\" href=\"https:\/\/moonia-boutique.com\/en\/product\/savon-karamat\/\" \/>\n<meta property=\"og:locale\" content=\"en_GB\" \/>\n<meta property=\"og:type\" content=\"article\" \/>\n<meta property=\"og:title\" content=\"Savon Karamat - Moonia Boutique\" \/>\n<meta property=\"og:description\" content=\"Dans la gamme Karamat, nous vous proposons un magnifique trio de savon. Des savons magnifiques par leur forme et aux parfums enivrants. Les savons respectent votre peau et lui donne douceur et un aspect lisse apr\u00e8s chaque rin\u00e7age. D\u00e9couvrez aussi tous nos produits bien-\u00eatre.\" \/>\n<meta property=\"og:url\" content=\"https:\/\/moonia-boutique.com\/en\/product\/savon-karamat\/\" \/>\n<meta property=\"og:site_name\" content=\"Moonia Boutique\" \/>\n<meta property=\"article:modified_time\" content=\"2026-03-12T13:04:28+00:00\" \/>\n<meta property=\"og:image\" content=\"https:\/\/moonia-boutique.com\/wp-content\/uploads\/2021\/01\/img_7303-scaled-scaled.jpeg\" \/>\n\t<meta property=\"og:image:width\" content=\"1536\" \/>\n\t<meta property=\"og:image:height\" content=\"2048\" \/>\n\t<meta property=\"og:image:type\" content=\"image\/jpeg\" \/>\n<meta name=\"twitter:card\" content=\"summary_large_image\" \/>\n<meta name=\"twitter:label1\" content=\"Estimated reading time\" \/>\n\t<meta name=\"twitter:data1\" content=\"1 minute\" \/>\n<script type=\"application\/ld+json\" class=\"yoast-schema-graph\">{\"@context\":\"https:\/\/schema.org\",\"@graph\":[{\"@type\":\"WebPage\",\"@id\":\"https:\/\/moonia-boutique.com\/produit\/savon-karamat\/\",\"url\":\"https:\/\/moonia-boutique.com\/produit\/savon-karamat\/\",\"name\":\"Savon Karamat - Moonia Boutique\",\"isPartOf\":{\"@id\":\"https:\/\/moonia-boutique.com\/#website\"},\"primaryImageOfPage\":{\"@id\":\"https:\/\/moonia-boutique.com\/produit\/savon-karamat\/#primaryimage\"},\"image\":{\"@id\":\"https:\/\/moonia-boutique.com\/produit\/savon-karamat\/#primaryimage\"},\"thumbnailUrl\":\"https:\/\/moonia-boutique.com\/wp-content\/uploads\/2021\/01\/img_7303-scaled-scaled.jpeg\",\"datePublished\":\"2021-01-30T09:52:54+00:00\",\"dateModified\":\"2026-03-12T13:04:28+00:00\",\"description\":\"Dans la gamme Karamat, nous vous proposons un magnifique trio de savon. Des savons magnifiques par leur forme et aux parfums enivrants. Les savons respectent votre peau et lui donne douceur et un aspect lisse apr\u00e8s chaque rin\u00e7age. D\u00e9couvrez aussi tous nos produits bien-\u00eatre.\",\"breadcrumb\":{\"@id\":\"https:\/\/moonia-boutique.com\/produit\/savon-karamat\/#breadcrumb\"},\"inLanguage\":\"en-GB\",\"potentialAction\":[{\"@type\":\"ReadAction\",\"target\":[\"https:\/\/moonia-boutique.com\/produit\/savon-karamat\/\"]}]},{\"@type\":\"ImageObject\",\"inLanguage\":\"en-GB\",\"@id\":\"https:\/\/moonia-boutique.com\/produit\/savon-karamat\/#primaryimage\",\"url\":\"https:\/\/moonia-boutique.com\/wp-content\/uploads\/2021\/01\/img_7303-scaled-scaled.jpeg\",\"contentUrl\":\"https:\/\/moonia-boutique.com\/wp-content\/uploads\/2021\/01\/img_7303-scaled-scaled.jpeg\",\"width\":1536,\"height\":2048,\"caption\":\"Savon Karamat\"},{\"@type\":\"BreadcrumbList\",\"@id\":\"https:\/\/moonia-boutique.com\/produit\/savon-karamat\/#breadcrumb\",\"itemListElement\":[{\"@type\":\"ListItem\",\"position\":1,\"name\":\"Accueil\",\"item\":\"https:\/\/moonia-boutique.com\/\"},{\"@type\":\"ListItem\",\"position\":2,\"name\":\"Boutique Femme Musulmane\",\"item\":\"https:\/\/moonia-boutique.com\/boutique\/\"},{\"@type\":\"ListItem\",\"position\":3,\"name\":\"Savon Karamat\"}]},{\"@type\":\"WebSite\",\"@id\":\"https:\/\/moonia-boutique.com\/#website\",\"url\":\"https:\/\/moonia-boutique.com\/\",\"name\":\"Moonia Boutique\",\"description\":\"Moonia Boutique - Le site de mode de la femme musulmane !\",\"publisher\":{\"@id\":\"https:\/\/moonia-boutique.com\/#organization\"},\"potentialAction\":[{\"@type\":\"SearchAction\",\"target\":{\"@type\":\"EntryPoint\",\"urlTemplate\":\"https:\/\/moonia-boutique.com\/?s={search_term_string}\"},\"query-input\":{\"@type\":\"PropertyValueSpecification\",\"valueRequired\":true,\"valueName\":\"search_term_string\"}}],\"inLanguage\":\"en-GB\"},{\"@type\":\"Organization\",\"@id\":\"https:\/\/moonia-boutique.com\/#organization\",\"name\":\"Moonia Boutique\",\"url\":\"https:\/\/moonia-boutique.com\/\",\"logo\":{\"@type\":\"ImageObject\",\"inLanguage\":\"en-GB\",\"@id\":\"https:\/\/moonia-boutique.com\/#\/schema\/logo\/image\/\",\"url\":\"https:\/\/moonia-boutique.com\/wp-content\/uploads\/2023\/08\/Sans-titre-1000-x-1000-px.png\",\"contentUrl\":\"https:\/\/moonia-boutique.com\/wp-content\/uploads\/2023\/08\/Sans-titre-1000-x-1000-px.png\",\"width\":1000,\"height\":1000,\"caption\":\"Moonia Boutique\"},\"image\":{\"@id\":\"https:\/\/moonia-boutique.com\/#\/schema\/logo\/image\/\"}}]}<\/script>\n<!-- \/ Yoast SEO plugin. -->","yoast_head_json":{"title":"Savon Karamat - Moonia Boutique","description":"Dans la gamme Karamat, nous vous proposons un magnifique trio de savon. Des savons magnifiques par leur forme et aux parfums enivrants. Les savons respectent votre peau et lui donne douceur et un aspect lisse apr\u00e8s chaque rin\u00e7age. D\u00e9couvrez aussi tous nos produits bien-\u00eatre.","robots":{"index":"index","follow":"follow","max-snippet":"max-snippet:-1","max-image-preview":"max-image-preview:large","max-video-preview":"max-video-preview:-1"},"canonical":"https:\/\/moonia-boutique.com\/en\/product\/savon-karamat\/","og_locale":"en_GB","og_type":"article","og_title":"Savon Karamat - Moonia Boutique","og_description":"Dans la gamme Karamat, nous vous proposons un magnifique trio de savon. Des savons magnifiques par leur forme et aux parfums enivrants. Les savons respectent votre peau et lui donne douceur et un aspect lisse apr\u00e8s chaque rin\u00e7age. D\u00e9couvrez aussi tous nos produits bien-\u00eatre.","og_url":"https:\/\/moonia-boutique.com\/en\/product\/savon-karamat\/","og_site_name":"Moonia Boutique","article_modified_time":"2026-03-12T13:04:28+00:00","og_image":[{"width":1536,"height":2048,"url":"https:\/\/moonia-boutique.com\/wp-content\/uploads\/2021\/01\/img_7303-scaled-scaled.jpeg","type":"image\/jpeg"}],"twitter_card":"summary_large_image","twitter_misc":{"Estimated reading time":"1 minute"},"schema":{"@context":"https:\/\/schema.org","@graph":[{"@type":"WebPage","@id":"https:\/\/moonia-boutique.com\/produit\/savon-karamat\/","url":"https:\/\/moonia-boutique.com\/produit\/savon-karamat\/","name":"Savon Karamat - Moonia Boutique","isPartOf":{"@id":"https:\/\/moonia-boutique.com\/#website"},"primaryImageOfPage":{"@id":"https:\/\/moonia-boutique.com\/produit\/savon-karamat\/#primaryimage"},"image":{"@id":"https:\/\/moonia-boutique.com\/produit\/savon-karamat\/#primaryimage"},"thumbnailUrl":"https:\/\/moonia-boutique.com\/wp-content\/uploads\/2021\/01\/img_7303-scaled-scaled.jpeg","datePublished":"2021-01-30T09:52:54+00:00","dateModified":"2026-03-12T13:04:28+00:00","description":"Dans la gamme Karamat, nous vous proposons un magnifique trio de savon. Des savons magnifiques par leur forme et aux parfums enivrants. Les savons respectent votre peau et lui donne douceur et un aspect lisse apr\u00e8s chaque rin\u00e7age. D\u00e9couvrez aussi tous nos produits bien-\u00eatre.","breadcrumb":{"@id":"https:\/\/moonia-boutique.com\/produit\/savon-karamat\/#breadcrumb"},"inLanguage":"en-GB","potentialAction":[{"@type":"ReadAction","target":["https:\/\/moonia-boutique.com\/produit\/savon-karamat\/"]}]},{"@type":"ImageObject","inLanguage":"en-GB","@id":"https:\/\/moonia-boutique.com\/produit\/savon-karamat\/#primaryimage","url":"https:\/\/moonia-boutique.com\/wp-content\/uploads\/2021\/01\/img_7303-scaled-scaled.jpeg","contentUrl":"https:\/\/moonia-boutique.com\/wp-content\/uploads\/2021\/01\/img_7303-scaled-scaled.jpeg","width":1536,"height":2048,"caption":"Savon Karamat"},{"@type":"BreadcrumbList","@id":"https:\/\/moonia-boutique.com\/produit\/savon-karamat\/#breadcrumb","itemListElement":[{"@type":"ListItem","position":1,"name":"Accueil","item":"https:\/\/moonia-boutique.com\/"},{"@type":"ListItem","position":2,"name":"Boutique Femme Musulmane","item":"https:\/\/moonia-boutique.com\/boutique\/"},{"@type":"ListItem","position":3,"name":"Savon Karamat"}]},{"@type":"WebSite","@id":"https:\/\/moonia-boutique.com\/#website","url":"https:\/\/moonia-boutique.com\/","name":"Moonia Boutique","description":"Moonia Boutique - Le site de mode de la femme musulmane !","publisher":{"@id":"https:\/\/moonia-boutique.com\/#organization"},"potentialAction":[{"@type":"SearchAction","target":{"@type":"EntryPoint","urlTemplate":"https:\/\/moonia-boutique.com\/?s={search_term_string}"},"query-input":{"@type":"PropertyValueSpecification","valueRequired":true,"valueName":"search_term_string"}}],"inLanguage":"en-GB"},{"@type":"Organization","@id":"https:\/\/moonia-boutique.com\/#organization","name":"Moonia Boutique","url":"https:\/\/moonia-boutique.com\/","logo":{"@type":"ImageObject","inLanguage":"en-GB","@id":"https:\/\/moonia-boutique.com\/#\/schema\/logo\/image\/","url":"https:\/\/moonia-boutique.com\/wp-content\/uploads\/2023\/08\/Sans-titre-1000-x-1000-px.png","contentUrl":"https:\/\/moonia-boutique.com\/wp-content\/uploads\/2023\/08\/Sans-titre-1000-x-1000-px.png","width":1000,"height":1000,"caption":"Moonia Boutique"},"image":{"@id":"https:\/\/moonia-boutique.com\/#\/schema\/logo\/image\/"}}]}},"jetpack_sharing_enabled":true,"_links":{"self":[{"href":"https:\/\/moonia-boutique.com\/en\/wp-json\/wp\/v2\/product\/11067","targetHints":{"allow":["GET"]}}],"collection":[{"href":"https:\/\/moonia-boutique.com\/en\/wp-json\/wp\/v2\/product"}],"about":[{"href":"https:\/\/moonia-boutique.com\/en\/wp-json\/wp\/v2\/types\/product"}],"replies":[{"embeddable":true,"href":"https:\/\/moonia-boutique.com\/en\/wp-json\/wp\/v2\/comments?post=11067"}],"wp:featuredmedia":[{"embeddable":true,"href":"https:\/\/moonia-boutique.com\/en\/wp-json\/wp\/v2\/media\/11076"}],"wp:attachment":[{"href":"https:\/\/moonia-boutique.com\/en\/wp-json\/wp\/v2\/media?parent=11067"}],"wp:term":[{"taxonomy":"product_brand","embeddable":true,"href":"https:\/\/moonia-boutique.com\/en\/wp-json\/wp\/v2\/product_brand?post=11067"},{"taxonomy":"product_cat","embeddable":true,"href":"https:\/\/moonia-boutique.com\/en\/wp-json\/wp\/v2\/product_cat?post=11067"},{"taxonomy":"product_tag","embeddable":true,"href":"https:\/\/moonia-boutique.com\/en\/wp-json\/wp\/v2\/product_tag?post=11067"},{"taxonomy":"giftcard-category","embeddable":true,"href":"https:\/\/moonia-boutique.com\/en\/wp-json\/wp\/v2\/giftcard-category?post=11067"}],"curies":[{"name":"wp","href":"https:\/\/api.w.org\/{rel}","templated":true}]}}