{"id":114963,"date":"2022-09-09T10:43:08","date_gmt":"2022-09-09T08:43:08","guid":{"rendered":"https:\/\/moonia-boutique.com\/?post_type=product&#038;p=114963"},"modified":"2026-01-09T17:55:31","modified_gmt":"2026-01-09T16:55:31","slug":"kimono-organza","status":"publish","type":"product","link":"https:\/\/moonia-boutique.com\/en\/product\/kimono-organza\/","title":{"rendered":"Kimono Abaya Brillant Manche Tulipe"},"content":{"rendered":"<h1>Le Kimono Brillant manches tulipe<\/h1>\n<p>Le Kimono Brillant manches tulipe est orn\u00e9 d\u2019un voilage effet satin\u00e9 tr\u00e8s raffin\u00e9 et doubl\u00e9 d\u2019un tissu afin de le rendre compl\u00e8tement opaque et non transparent (bien que les couleurs claires le soient tr\u00e8s l\u00e9g\u00e8rement).<\/p>\n<p>Kimono \u00e9l\u00e9gant et chic, ses manches bouffantes et ses volants aux poignets lui conf\u00e8rent un c\u00f4t\u00e9 \u00ab Princesse \u00bb tr\u00e8s d\u00e9licat qui si\u00e9ront \u00e0 vos \u00e9v\u00e9nements.<\/p>\n<p>Cette robe kimono est fournie avec une ceinture afin d\u2019ajuster celle-ci selon vos envies.<\/p>\n<p>La abaya ouverte effet satin\u00e9 inspir\u00e9e de Dubai saura se faire une place dans votre dressing et parfaire vos tenues.<\/p>\n<p>Le Kimono Organza islamique s\u2019assortira parfaitement \u00e0 un hijab \u00e0 enfiler ou le <a href=\"https:\/\/moonia-boutique.com\/en\/product\/hijab-soie-de-medine-croise-a-enfiler\/\">Soie de M\u00e9dine \u00e0 enfiler<\/a> ou un voile l\u00e9gif\u00e9r\u00e9 que vous pourrez orner d\u2019une broche \u00e0 hijab, peu importe, il apportera sa touche d\u2019\u00e9l\u00e9gance et de pudeur islamique pour vous sublimer quoiqu\u2019il arrive.<\/p>\n<p>Pourquoi pas l\u2019assortir d\u2019une longue abaya ou d\u2019une robe blanche musulmane qui apportera lumi\u00e8re \u00e0 la tenue.<\/p>\n<p>Notre mod\u00e8le mesure 1m65 et porte habituellement du S\/M. Pour une multitude de style islamique, d\u00e9couvrez l\u2019ensemble de notre vaste gamme de abaya musulmanes et de nos jolies robes mastour.<\/p>\n<p>Longueur: 138cm<\/p>\n<p>Entretien:<\/p>\n<p>Lavage \u00e0 40<b style=\"font-family: Roboto,\">\u00b0<\/b><\/p>\n<p>Repassage en mode coton ou d\u00e9froisseur vapeur<\/p>\n<p>Pas de s\u00e9chage en machine, uniquement \u00e0 l&#8217;aire libre.<\/p>","protected":false},"excerpt":{"rendered":"<p>Le Kimono Organza est orn\u00e9 d\u2019un voilage effet satin\u00e9 tr\u00e8s raffin\u00e9 et doubl\u00e9 d\u2019un tissu afin de le rendre compl\u00e8tement opaque et non transparent (bien que les couleurs claires le soient tr\u00e8s l\u00e9g\u00e8rement).<\/p>\n<p>Kimono \u00e9l\u00e9gant et chic, ses manches bouffantes et ses volants aux poignets lui conf\u00e8rent un c\u00f4t\u00e9 \u00ab Princesse \u00bb tr\u00e8s d\u00e9licat qui si\u00e9ront \u00e0 vos \u00e9v\u00e9nements.<\/p>\n<p>Cette robe kimono est fournie avec une ceinture afin d\u2019ajuster celle-ci selon vos envies.<\/p>\n<p>La abaya ouverte effet satin\u00e9 inspir\u00e9e de Dubai saura se faire une place dans votre dressing et parfaire vos tenues.<\/p>\n<p>Le Kimono Organza islamique s\u2019assortira parfaitement \u00e0 un hijab \u00e0 enfiler ou le <a href=\"https:\/\/moonia-boutique.com\/en\/product\/hijab-soie-de-medine-croise-a-enfiler\/\">Soie de M\u00e9dine \u00e0 enfiler<\/a> ou un voile l\u00e9gif\u00e9r\u00e9 que vous pourrez orner d\u2019une broche \u00e0 hijab, peu importe, il apportera sa touche d\u2019\u00e9l\u00e9gance et de pudeur islamique pour vous sublimer quoiqu\u2019il arrive.<\/p>\n<p>Pourquoi pas l\u2019assortir d\u2019une longue abaya ou d\u2019une robe blanche musulmane qui apportera lumi\u00e8re \u00e0 la tenue.<\/p>\n<p>Notre mod\u00e8le mesure 1m65 et porte habituellement du S\/M. Pour une multitude de style islamique, d\u00e9couvrez l\u2019ensemble de notre vaste gamme de abaya musulmanes et de nos jolies robes mastour.<\/p>\n<p>Longueur: 138cm<\/p>","protected":false},"featured_media":3202833,"comment_status":"open","ping_status":"closed","template":"","meta":{"_acf_changed":false,"_mo_disable_npp":""},"product_brand":[],"product_cat":[472,468,451,459,470,463,464,411,558,569,389,209,567,374,205,440,204],"product_tag":[],"giftcard-category":[],"class_list":{"0":"post-114963","1":"product","2":"type-product","3":"status-publish","4":"has-post-thumbnail","6":"product_cat-abaya-aid","7":"product_cat-abaya-beige","8":"product_cat-abaya-femme","9":"product_cat-abaya-kimono","10":"product_cat-abaya-mariage","11":"product_cat-abaya-noir","12":"product_cat-abaya-satin","13":"product_cat-soldes-2023","14":"product_cat-black-november-2024","15":"product_cat-black-november-2025","16":"product_cat-aid-collection","17":"product_cat-destockage","18":"product_cat-destockage-printemps","19":"product_cat-mil","20":"product_cat-pret-a-porter-pour-femme-musulmane","21":"product_cat-robe-de-fete-pret-a-porter-pour-femme-musulmane","22":"product_cat-robe-mastour","24":"first","25":"instock","26":"sale","27":"taxable","28":"shipping-taxable","29":"purchasable","30":"product-type-variable","31":"rtwpvs-product"},"composite_virtual":false,"composite_layout":"","composite_add_to_cart_form_location":"","composite_editable_in_cart":false,"composite_sold_individually_context":"","composite_shop_price_calc":"","composite_components":[],"composite_scenarios":[],"acf":[],"yoast_head":"<!-- This site is optimized with the Yoast SEO plugin v26.6 - https:\/\/yoast.com\/wordpress\/plugins\/seo\/ -->\n<title>Kimono Abaya Brillant Manche Tulipe - Moonia Boutique<\/title>\n<meta name=\"description\" content=\"Le Kimono organza \u00e9l\u00e9gant et chic, ses manches bouffantes et ses volants aux poignets lui conf\u00e8rent un c\u00f4t\u00e9 \u00ab Princesse \u00bb, d\u00e9couvrez-le.\" \/>\n<meta name=\"robots\" content=\"index, follow, max-snippet:-1, max-image-preview:large, max-video-preview:-1\" \/>\n<link rel=\"canonical\" href=\"https:\/\/moonia-boutique.com\/en\/product\/kimono-organza\/\" \/>\n<meta property=\"og:locale\" content=\"en_GB\" \/>\n<meta property=\"og:type\" content=\"article\" \/>\n<meta property=\"og:title\" content=\"Kimono Abaya Brillant Manche Tulipe - Moonia Boutique\" \/>\n<meta property=\"og:description\" content=\"Le Kimono organza \u00e9l\u00e9gant et chic, ses manches bouffantes et ses volants aux poignets lui conf\u00e8rent un c\u00f4t\u00e9 \u00ab Princesse \u00bb, d\u00e9couvrez-le.\" \/>\n<meta property=\"og:url\" content=\"https:\/\/moonia-boutique.com\/en\/product\/kimono-organza\/\" \/>\n<meta property=\"og:site_name\" content=\"Moonia Boutique\" \/>\n<meta property=\"article:modified_time\" content=\"2026-01-09T16:55:31+00:00\" \/>\n<meta property=\"og:image\" content=\"https:\/\/moonia-boutique.com\/wp-content\/uploads\/2022\/09\/EF9E0A65-143F-4215-8308-06130152CB38-scaled.jpeg\" \/>\n\t<meta property=\"og:image:width\" content=\"1425\" \/>\n\t<meta property=\"og:image:height\" content=\"2048\" \/>\n\t<meta property=\"og:image:type\" content=\"image\/jpeg\" \/>\n<meta name=\"twitter:card\" content=\"summary_large_image\" \/>\n<meta name=\"twitter:label1\" content=\"Estimated reading time\" \/>\n\t<meta name=\"twitter:data1\" content=\"2 minutes\" \/>\n<script type=\"application\/ld+json\" class=\"yoast-schema-graph\">{\"@context\":\"https:\/\/schema.org\",\"@graph\":[{\"@type\":\"WebPage\",\"@id\":\"https:\/\/moonia-boutique.com\/produit\/kimono-organza\/\",\"url\":\"https:\/\/moonia-boutique.com\/produit\/kimono-organza\/\",\"name\":\"Kimono Abaya Brillant Manche Tulipe - Moonia Boutique\",\"isPartOf\":{\"@id\":\"https:\/\/moonia-boutique.com\/#website\"},\"primaryImageOfPage\":{\"@id\":\"https:\/\/moonia-boutique.com\/produit\/kimono-organza\/#primaryimage\"},\"image\":{\"@id\":\"https:\/\/moonia-boutique.com\/produit\/kimono-organza\/#primaryimage\"},\"thumbnailUrl\":\"https:\/\/moonia-boutique.com\/wp-content\/uploads\/2022\/09\/img_9560.jpeg\",\"datePublished\":\"2022-09-09T08:43:08+00:00\",\"dateModified\":\"2026-01-09T16:55:31+00:00\",\"description\":\"Le Kimono organza \u00e9l\u00e9gant et chic, ses manches bouffantes et ses volants aux poignets lui conf\u00e8rent un c\u00f4t\u00e9 \u00ab Princesse \u00bb, d\u00e9couvrez-le.\",\"breadcrumb\":{\"@id\":\"https:\/\/moonia-boutique.com\/produit\/kimono-organza\/#breadcrumb\"},\"inLanguage\":\"en-GB\",\"potentialAction\":[{\"@type\":\"ReadAction\",\"target\":[\"https:\/\/moonia-boutique.com\/produit\/kimono-organza\/\"]}]},{\"@type\":\"ImageObject\",\"inLanguage\":\"en-GB\",\"@id\":\"https:\/\/moonia-boutique.com\/produit\/kimono-organza\/#primaryimage\",\"url\":\"https:\/\/moonia-boutique.com\/wp-content\/uploads\/2022\/09\/img_9560.jpeg\",\"contentUrl\":\"https:\/\/moonia-boutique.com\/wp-content\/uploads\/2022\/09\/img_9560.jpeg\",\"width\":1290,\"height\":1978,\"caption\":\"Kimono Abaya Brillant Manche tulipe Bleu\"},{\"@type\":\"BreadcrumbList\",\"@id\":\"https:\/\/moonia-boutique.com\/produit\/kimono-organza\/#breadcrumb\",\"itemListElement\":[{\"@type\":\"ListItem\",\"position\":1,\"name\":\"Accueil\",\"item\":\"https:\/\/moonia-boutique.com\/\"},{\"@type\":\"ListItem\",\"position\":2,\"name\":\"Boutique Femme Musulmane\",\"item\":\"https:\/\/moonia-boutique.com\/boutique\/\"},{\"@type\":\"ListItem\",\"position\":3,\"name\":\"Kimono Abaya Brillant Manche Tulipe\"}]},{\"@type\":\"WebSite\",\"@id\":\"https:\/\/moonia-boutique.com\/#website\",\"url\":\"https:\/\/moonia-boutique.com\/\",\"name\":\"Moonia Boutique\",\"description\":\"Moonia Boutique - Le site de mode de la femme musulmane !\",\"publisher\":{\"@id\":\"https:\/\/moonia-boutique.com\/#organization\"},\"potentialAction\":[{\"@type\":\"SearchAction\",\"target\":{\"@type\":\"EntryPoint\",\"urlTemplate\":\"https:\/\/moonia-boutique.com\/?s={search_term_string}\"},\"query-input\":{\"@type\":\"PropertyValueSpecification\",\"valueRequired\":true,\"valueName\":\"search_term_string\"}}],\"inLanguage\":\"en-GB\"},{\"@type\":\"Organization\",\"@id\":\"https:\/\/moonia-boutique.com\/#organization\",\"name\":\"Moonia Boutique\",\"url\":\"https:\/\/moonia-boutique.com\/\",\"logo\":{\"@type\":\"ImageObject\",\"inLanguage\":\"en-GB\",\"@id\":\"https:\/\/moonia-boutique.com\/#\/schema\/logo\/image\/\",\"url\":\"https:\/\/moonia-boutique.com\/wp-content\/uploads\/2023\/08\/Sans-titre-1000-x-1000-px.png\",\"contentUrl\":\"https:\/\/moonia-boutique.com\/wp-content\/uploads\/2023\/08\/Sans-titre-1000-x-1000-px.png\",\"width\":1000,\"height\":1000,\"caption\":\"Moonia Boutique\"},\"image\":{\"@id\":\"https:\/\/moonia-boutique.com\/#\/schema\/logo\/image\/\"}}]}<\/script>\n<!-- \/ Yoast SEO plugin. -->","yoast_head_json":{"title":"Kimono Abaya Brillant Manche Tulipe - Moonia Boutique","description":"Le Kimono organza \u00e9l\u00e9gant et chic, ses manches bouffantes et ses volants aux poignets lui conf\u00e8rent un c\u00f4t\u00e9 \u00ab Princesse \u00bb, d\u00e9couvrez-le.","robots":{"index":"index","follow":"follow","max-snippet":"max-snippet:-1","max-image-preview":"max-image-preview:large","max-video-preview":"max-video-preview:-1"},"canonical":"https:\/\/moonia-boutique.com\/en\/product\/kimono-organza\/","og_locale":"en_GB","og_type":"article","og_title":"Kimono Abaya Brillant Manche Tulipe - Moonia Boutique","og_description":"Le Kimono organza \u00e9l\u00e9gant et chic, ses manches bouffantes et ses volants aux poignets lui conf\u00e8rent un c\u00f4t\u00e9 \u00ab Princesse \u00bb, d\u00e9couvrez-le.","og_url":"https:\/\/moonia-boutique.com\/en\/product\/kimono-organza\/","og_site_name":"Moonia Boutique","article_modified_time":"2026-01-09T16:55:31+00:00","og_image":[{"width":1425,"height":2048,"url":"https:\/\/moonia-boutique.com\/wp-content\/uploads\/2022\/09\/EF9E0A65-143F-4215-8308-06130152CB38-scaled.jpeg","type":"image\/jpeg"}],"twitter_card":"summary_large_image","twitter_misc":{"Estimated reading time":"2 minutes"},"schema":{"@context":"https:\/\/schema.org","@graph":[{"@type":"WebPage","@id":"https:\/\/moonia-boutique.com\/produit\/kimono-organza\/","url":"https:\/\/moonia-boutique.com\/produit\/kimono-organza\/","name":"Kimono Abaya Brillant Manche Tulipe - Moonia Boutique","isPartOf":{"@id":"https:\/\/moonia-boutique.com\/#website"},"primaryImageOfPage":{"@id":"https:\/\/moonia-boutique.com\/produit\/kimono-organza\/#primaryimage"},"image":{"@id":"https:\/\/moonia-boutique.com\/produit\/kimono-organza\/#primaryimage"},"thumbnailUrl":"https:\/\/moonia-boutique.com\/wp-content\/uploads\/2022\/09\/img_9560.jpeg","datePublished":"2022-09-09T08:43:08+00:00","dateModified":"2026-01-09T16:55:31+00:00","description":"Le Kimono organza \u00e9l\u00e9gant et chic, ses manches bouffantes et ses volants aux poignets lui conf\u00e8rent un c\u00f4t\u00e9 \u00ab Princesse \u00bb, d\u00e9couvrez-le.","breadcrumb":{"@id":"https:\/\/moonia-boutique.com\/produit\/kimono-organza\/#breadcrumb"},"inLanguage":"en-GB","potentialAction":[{"@type":"ReadAction","target":["https:\/\/moonia-boutique.com\/produit\/kimono-organza\/"]}]},{"@type":"ImageObject","inLanguage":"en-GB","@id":"https:\/\/moonia-boutique.com\/produit\/kimono-organza\/#primaryimage","url":"https:\/\/moonia-boutique.com\/wp-content\/uploads\/2022\/09\/img_9560.jpeg","contentUrl":"https:\/\/moonia-boutique.com\/wp-content\/uploads\/2022\/09\/img_9560.jpeg","width":1290,"height":1978,"caption":"Kimono Abaya Brillant Manche tulipe Bleu"},{"@type":"BreadcrumbList","@id":"https:\/\/moonia-boutique.com\/produit\/kimono-organza\/#breadcrumb","itemListElement":[{"@type":"ListItem","position":1,"name":"Accueil","item":"https:\/\/moonia-boutique.com\/"},{"@type":"ListItem","position":2,"name":"Boutique Femme Musulmane","item":"https:\/\/moonia-boutique.com\/boutique\/"},{"@type":"ListItem","position":3,"name":"Kimono Abaya Brillant Manche Tulipe"}]},{"@type":"WebSite","@id":"https:\/\/moonia-boutique.com\/#website","url":"https:\/\/moonia-boutique.com\/","name":"Moonia Boutique","description":"Moonia Boutique - Le site de mode de la femme musulmane !","publisher":{"@id":"https:\/\/moonia-boutique.com\/#organization"},"potentialAction":[{"@type":"SearchAction","target":{"@type":"EntryPoint","urlTemplate":"https:\/\/moonia-boutique.com\/?s={search_term_string}"},"query-input":{"@type":"PropertyValueSpecification","valueRequired":true,"valueName":"search_term_string"}}],"inLanguage":"en-GB"},{"@type":"Organization","@id":"https:\/\/moonia-boutique.com\/#organization","name":"Moonia Boutique","url":"https:\/\/moonia-boutique.com\/","logo":{"@type":"ImageObject","inLanguage":"en-GB","@id":"https:\/\/moonia-boutique.com\/#\/schema\/logo\/image\/","url":"https:\/\/moonia-boutique.com\/wp-content\/uploads\/2023\/08\/Sans-titre-1000-x-1000-px.png","contentUrl":"https:\/\/moonia-boutique.com\/wp-content\/uploads\/2023\/08\/Sans-titre-1000-x-1000-px.png","width":1000,"height":1000,"caption":"Moonia Boutique"},"image":{"@id":"https:\/\/moonia-boutique.com\/#\/schema\/logo\/image\/"}}]}},"jetpack_sharing_enabled":true,"_links":{"self":[{"href":"https:\/\/moonia-boutique.com\/en\/wp-json\/wp\/v2\/product\/114963","targetHints":{"allow":["GET"]}}],"collection":[{"href":"https:\/\/moonia-boutique.com\/en\/wp-json\/wp\/v2\/product"}],"about":[{"href":"https:\/\/moonia-boutique.com\/en\/wp-json\/wp\/v2\/types\/product"}],"replies":[{"embeddable":true,"href":"https:\/\/moonia-boutique.com\/en\/wp-json\/wp\/v2\/comments?post=114963"}],"wp:featuredmedia":[{"embeddable":true,"href":"https:\/\/moonia-boutique.com\/en\/wp-json\/wp\/v2\/media\/3202833"}],"wp:attachment":[{"href":"https:\/\/moonia-boutique.com\/en\/wp-json\/wp\/v2\/media?parent=114963"}],"wp:term":[{"taxonomy":"product_brand","embeddable":true,"href":"https:\/\/moonia-boutique.com\/en\/wp-json\/wp\/v2\/product_brand?post=114963"},{"taxonomy":"product_cat","embeddable":true,"href":"https:\/\/moonia-boutique.com\/en\/wp-json\/wp\/v2\/product_cat?post=114963"},{"taxonomy":"product_tag","embeddable":true,"href":"https:\/\/moonia-boutique.com\/en\/wp-json\/wp\/v2\/product_tag?post=114963"},{"taxonomy":"giftcard-category","embeddable":true,"href":"https:\/\/moonia-boutique.com\/en\/wp-json\/wp\/v2\/giftcard-category?post=114963"}],"curies":[{"name":"wp","href":"https:\/\/api.w.org\/{rel}","templated":true}]}}