{"id":118163,"date":"2022-09-30T11:05:15","date_gmt":"2022-09-30T09:05:15","guid":{"rendered":"https:\/\/moonia-boutique.com\/?post_type=product&#038;p=118163"},"modified":"2026-04-16T18:04:02","modified_gmt":"2026-04-16T16:04:02","slug":"ensemble-abaya-khimar-jazz-omra","status":"publish","type":"product","link":"https:\/\/moonia-boutique.com\/en\/product\/ensemble-abaya-khimar-jazz-omra\/","title":{"rendered":"Ensemble Abaya Khimar jazz"},"content":{"rendered":"<h1 data-pm-slice=\"1 1 []\"><strong>Ensemble Abaya Khimar Jazz<\/strong><\/h1>\n<h2><strong>Un Ensemble Abaya Khimar jazz complet en 2 pi\u00e8ces<\/strong><\/h2>\n<p>Oukhti, d\u00e9couvre ainsi cet <strong>ensemble Abaya Khimar Jazz<\/strong>, une tenue qui allie pudeur, confort et \u00e9l\u00e9gance. Parfait pour la pri\u00e8re, la mosqu\u00e9e ou bien m\u00eame pour tes sorties du quotidien, cet ensemble musulman femme respecte parfaitement les conditions du voile l\u00e9gif\u00e9r\u00e9. Avec son <strong>tissu fluide Jazz Aerobin<\/strong>, il ne se froisse pas et s\u2019entretient aussi facilement. Aussi, il est l\u00e9g\u00e8rement extensible et adapt\u00e9 \u00e0 toutes les saisons.<\/p>\n<h2><strong>Un tissu Jazz de qualit\u00e9 pour un confort optimal<\/strong><\/h2>\n<p>L\u2019ensemble est confectionn\u00e9 dans un <strong>tissu Jazz gaufr\u00e9 opaque<\/strong>, offrant ainsi une fluidit\u00e9 absolue. Ce tissu l\u00e9ger et respirant assure donc un confort maximal tout en maintenant un tomb\u00e9 impeccable. Il ne n\u00e9cessite pas de repassage fr\u00e9quent et reste agr\u00e9able \u00e0 porter m\u00eame durant de longues heures.<\/p>\n<h2><strong>Une tenue de pri\u00e8re id\u00e9ale pour la maison et la mosqu\u00e9e<\/strong><\/h2>\n<p>Avec sa <strong>coupe large et mastour<\/strong>, cette abaya longue t\u2019assure une couverture optimale. Son <strong>khimar pointu \u00e0 l\u2019arri\u00e8re<\/strong>, dot\u00e9 de <strong>bandes \u00e0 nouer<\/strong>, permet un ajustement parfait. Pas besoin d\u2019un bonnet en dessous, il tient bien en place gr\u00e2ce \u00e0 sa mati\u00e8re de qualit\u00e9. Cet ensemble est <strong>id\u00e9al pour la salat<\/strong> et pour tes moments de spiritualit\u00e9.<\/p>\n<h2><strong>Un Ensemble Abaya Khimar jazz parfait pour l\u2019Omra et le Hajj<\/strong><\/h2>\n<p>Si tu recherches une <strong>tenue pudique et confortable<\/strong> pour accomplir l\u2019Omra ou le <a href=\"https:\/\/hajj.nusuk.sa\/account\/authorize\">Hajj<\/a>, ce <strong>jilbab 2 pi\u00e8ces<\/strong> est un excellent choix. Son tissu l\u00e9ger et opaque te garantit une couverture totale, tout en te laissant libre de tes mouvements. Besoin de conseils pour bien choisir ta tenue pour l\u2019Omra ? Consulte notre article de blog pour en savoir plus.<\/p>\n<h2><strong>Ensemble Abaya Khimar jazz Convient \u00e0 toutes les morphologies<\/strong><\/h2>\n<p>Avec ses <strong>manches tulipe resserr\u00e9es aux poignets<\/strong> et sa coupe ample, cet ensemble est adapt\u00e9 \u00e0 toutes les silhouettes. Disponible en plusieurs tailles, il s\u2019ajuste parfaitement \u00e0 ta morphologie tout en restant fluide et \u00e9l\u00e9gant.<\/p>\n<h3><strong>Guide des tailles :<\/strong><\/h3>\n<p>Taille unique qui convient \u00e0 toutes les morphologies : du <strong>XS <\/strong>au <strong>XXXL<\/strong> (34 au 50)<\/p>\n<p>Notre mod\u00e8le mesure <strong>1m72<\/strong> et porte habituellement la taille <strong>S\/M<\/strong>.<\/p>\n<h2><strong>D\u00e9couvre notre collection de jilbab et robes de pri\u00e8re<\/strong><\/h2>\n<p>Si tu aimes cet ensemble, explore aussi notre <strong>collection de<a href=\"https:\/\/moonia-boutique.com\/en\/product-category\/jilbab\/jilbab-pas-cher\/\"> jilbab pas cher<\/a> et<a href=\"https:\/\/moonia-boutique.com\/en\/product-category\/robe-de-priere\/\"> robes de pri\u00e8re<\/a><\/strong> pour encore plus de choix adapt\u00e9s \u00e0 ton style et tes besoins.<\/p>\n<p>Commandes d\u00e8s maintenant ton Ensemble Abaya Khimar et adopte un style mastour tout en \u00e9l\u00e9gance !<\/p>","protected":false},"excerpt":{"rendered":"<p>L\u2019exceptionnel ensemble Abaya Khimar Jazz sera votre alli\u00e9 peu importe les saisons. Confectionn\u00e9 dans<br \/>\nun tissu fluide Jazz Aerobin, une mati\u00e8re qui ne se froisse pas et s\u2019entretient parfaitement, en plus&amp;lt;br \/&gt;d\u2019\u00eatre toute saison et l\u00e9g\u00e8rement extensible. Cet ensemble musulman femme respecte toutes les<br \/>\nconditions du voile l\u00e9gif\u00e9r\u00e9 et vous couvrira enti\u00e8rement. Il vous offrira \u00e9galement fluidit\u00e9 dans vos<br \/>\nmouvements et vous pourrez le porter en toute circonstance.<\/p>\n<p>Ses manches resserr\u00e9es aux poignets en forme de tulipe et son long khimar jilbab lui conf\u00e8rent cette<br \/>\n\u00e9l\u00e9gance islamique si particuli\u00e8re. Son tissu Jazz gaufr\u00e9 opaque lui apporte une fluidit\u00e9 absolue.<\/p>\n<p>L\u2019ensemble Abaya Khimar Jazz est compos\u00e9 de deux pi\u00e8ces : un long voile femme ainsi qu\u2019une robe<br \/>\nlongue abaya. Son somptueux khimar 1 voile ou cape Jilbab, pointu derri\u00e8re, est un voile char3i qui<br \/>\npr\u00e9sente 2 bandes \u00e0 nouer afin d\u2019en faciliter le port et l\u2019attache. Gr\u00e2ce \u00e0 sa mati\u00e8re, le khimar poss\u00e8de<br \/>\nune tr\u00e8s bonne tenue, il n\u2019est donc pas n\u00e9cessaire d\u2019enfiler un bonnet en-dessous.<\/p>\n<p>Absolument pratique pour la pri\u00e8re, une parfaite tenue salat femme !<\/p>\n<p>Pour une multitude de style vestimentaire islamique, d\u00e9couvrez l\u2019ensemble de notre vaste<br \/>\ngamme de <a href=\"https:\/\/moonia-boutique.com\/en\/product-category\/pret-a-porter-pour-femme-musulmane\/robe-mastour\/\">abaya musulmanes et de nos jolies robes mastour.<\/a><\/p>\n<p><a href=\"https:\/\/www.instagram.com\/boxforsister\/\">Suivez nos tendances et tutos sur Instagram<\/a><\/p>\n<p>Guide des tailles: taille unique du XS au XXXL (34 au 50)<\/p>\n<p>Notre mod\u00e8le mesure 1m72 et porte du S\/M.<\/p>","protected":false},"featured_media":1439333,"comment_status":"open","ping_status":"closed","template":"","meta":{"_acf_changed":false,"_mo_disable_npp":""},"product_brand":[],"product_cat":[469,468,461,451,475,466,463,448,525,467,570,429,415,494,478,297,488,496,242,491,490,205,196,204,424,422],"product_tag":[],"giftcard-category":[],"class_list":{"0":"post-118163","1":"product","2":"type-product","3":"status-publish","4":"has-post-thumbnail","6":"product_cat-abaya-3-piece","7":"product_cat-abaya-beige","8":"product_cat-abaya-blanche","9":"product_cat-abaya-femme","10":"product_cat-abaya-jazz","11":"product_cat-abaya-khimar","12":"product_cat-abaya-noir","13":"product_cat-abaya-pas-cher","14":"product_cat-abaya-pour-compose-ta-box","15":"product_cat-abaya-voile-integre","16":"product_cat-bestseller","17":"product_cat-e-o","18":"product_cat-ensemble","19":"product_cat-ensemble-abaya-khimar","20":"product_cat-hijab-femme","21":"product_cat-jilbab","22":"product_cat-jilbab-2-pieces","23":"product_cat-jilbab-pas-cher","24":"product_cat-khimar","25":"product_cat-khimar-jazz","26":"product_cat-khimar-pas-cher","27":"product_cat-pret-a-porter-pour-femme-musulmane","28":"product_cat-robe-de-priere","29":"product_cat-robe-mastour","30":"product_cat-collection-ramadan","31":"product_cat-hajj-omra","33":"first","34":"instock","35":"taxable","36":"shipping-taxable","37":"purchasable","38":"product-type-variable","39":"has-default-attributes","40":"rtwpvs-product"},"composite_virtual":false,"composite_layout":"","composite_add_to_cart_form_location":"","composite_editable_in_cart":false,"composite_sold_individually_context":"","composite_shop_price_calc":"","composite_components":[],"composite_scenarios":[],"acf":[],"yoast_head":"<!-- This site is optimized with the Yoast SEO plugin v26.6 - https:\/\/yoast.com\/wordpress\/plugins\/seo\/ -->\n<title>Ensemble Abaya Khimar jazz pour Hajj et Omra<\/title>\n<meta name=\"description\" content=\"Ensemble Abaya Khimar jazzL\u2019exceptionnel ensemble Abaya Khimar Jazz sera votre alli\u00e9 peu importe les saisons. Confectionn\u00e9 dans un tissu fluide Jazz Aerobin\" \/>\n<meta name=\"robots\" content=\"index, follow, max-snippet:-1, max-image-preview:large, max-video-preview:-1\" \/>\n<link rel=\"canonical\" href=\"https:\/\/moonia-boutique.com\/en\/product\/ensemble-abaya-khimar-jazz-omra\/\" \/>\n<meta property=\"og:locale\" content=\"en_GB\" \/>\n<meta property=\"og:type\" content=\"article\" \/>\n<meta property=\"og:title\" content=\"Ensemble Abaya Khimar jazz pour Hajj et Omra\" \/>\n<meta property=\"og:description\" content=\"Ensemble Abaya Khimar jazzL\u2019exceptionnel ensemble Abaya Khimar Jazz sera votre alli\u00e9 peu importe les saisons. Confectionn\u00e9 dans un tissu fluide Jazz Aerobin\" \/>\n<meta property=\"og:url\" content=\"https:\/\/moonia-boutique.com\/en\/product\/ensemble-abaya-khimar-jazz-omra\/\" \/>\n<meta property=\"og:site_name\" content=\"Moonia Boutique\" \/>\n<meta property=\"article:modified_time\" content=\"2026-04-16T16:04:02+00:00\" \/>\n<meta property=\"og:image\" content=\"http:\/\/moonia-boutique.com\/wp-content\/uploads\/2023\/03\/58494EB2-1088-4B41-925B-7357EFA14626-scaled.jpeg\" \/>\n\t<meta property=\"og:image:width\" content=\"1536\" \/>\n\t<meta property=\"og:image:height\" content=\"2048\" \/>\n\t<meta property=\"og:image:type\" content=\"image\/jpeg\" \/>\n<meta name=\"twitter:card\" content=\"summary_large_image\" \/>\n<meta name=\"twitter:label1\" content=\"Estimated reading time\" \/>\n\t<meta name=\"twitter:data1\" content=\"3 minutes\" \/>\n<script type=\"application\/ld+json\" class=\"yoast-schema-graph\">{\"@context\":\"https:\/\/schema.org\",\"@graph\":[{\"@type\":\"WebPage\",\"@id\":\"https:\/\/moonia-boutique.com\/produit\/ensemble-abaya-khimar-jazz-omra\/\",\"url\":\"https:\/\/moonia-boutique.com\/produit\/ensemble-abaya-khimar-jazz-omra\/\",\"name\":\"Ensemble Abaya Khimar jazz pour Hajj et Omra\",\"isPartOf\":{\"@id\":\"https:\/\/moonia-boutique.com\/#website\"},\"primaryImageOfPage\":{\"@id\":\"https:\/\/moonia-boutique.com\/produit\/ensemble-abaya-khimar-jazz-omra\/#primaryimage\"},\"image\":{\"@id\":\"https:\/\/moonia-boutique.com\/produit\/ensemble-abaya-khimar-jazz-omra\/#primaryimage\"},\"thumbnailUrl\":\"https:\/\/moonia-boutique.com\/wp-content\/uploads\/2023\/03\/58494EB2-1088-4B41-925B-7357EFA14626-scaled.jpeg\",\"datePublished\":\"2022-09-30T09:05:15+00:00\",\"dateModified\":\"2026-04-16T16:04:02+00:00\",\"description\":\"Ensemble Abaya Khimar jazzL\u2019exceptionnel ensemble Abaya Khimar Jazz sera votre alli\u00e9 peu importe les saisons. Confectionn\u00e9 dans un tissu fluide Jazz Aerobin\",\"breadcrumb\":{\"@id\":\"https:\/\/moonia-boutique.com\/produit\/ensemble-abaya-khimar-jazz-omra\/#breadcrumb\"},\"inLanguage\":\"en-GB\",\"potentialAction\":[{\"@type\":\"ReadAction\",\"target\":[\"https:\/\/moonia-boutique.com\/produit\/ensemble-abaya-khimar-jazz-omra\/\"]}]},{\"@type\":\"ImageObject\",\"inLanguage\":\"en-GB\",\"@id\":\"https:\/\/moonia-boutique.com\/produit\/ensemble-abaya-khimar-jazz-omra\/#primaryimage\",\"url\":\"https:\/\/moonia-boutique.com\/wp-content\/uploads\/2023\/03\/58494EB2-1088-4B41-925B-7357EFA14626-scaled.jpeg\",\"contentUrl\":\"https:\/\/moonia-boutique.com\/wp-content\/uploads\/2023\/03\/58494EB2-1088-4B41-925B-7357EFA14626-scaled.jpeg\",\"width\":1536,\"height\":2048,\"caption\":\"Ensemble Abaya Khimar jazz\"},{\"@type\":\"BreadcrumbList\",\"@id\":\"https:\/\/moonia-boutique.com\/produit\/ensemble-abaya-khimar-jazz-omra\/#breadcrumb\",\"itemListElement\":[{\"@type\":\"ListItem\",\"position\":1,\"name\":\"Accueil\",\"item\":\"https:\/\/moonia-boutique.com\/\"},{\"@type\":\"ListItem\",\"position\":2,\"name\":\"Boutique Femme Musulmane\",\"item\":\"https:\/\/moonia-boutique.com\/boutique\/\"},{\"@type\":\"ListItem\",\"position\":3,\"name\":\"Ensemble Abaya Khimar jazz\"}]},{\"@type\":\"WebSite\",\"@id\":\"https:\/\/moonia-boutique.com\/#website\",\"url\":\"https:\/\/moonia-boutique.com\/\",\"name\":\"Moonia Boutique\",\"description\":\"Moonia Boutique - Le site de mode de la femme musulmane !\",\"publisher\":{\"@id\":\"https:\/\/moonia-boutique.com\/#organization\"},\"potentialAction\":[{\"@type\":\"SearchAction\",\"target\":{\"@type\":\"EntryPoint\",\"urlTemplate\":\"https:\/\/moonia-boutique.com\/?s={search_term_string}\"},\"query-input\":{\"@type\":\"PropertyValueSpecification\",\"valueRequired\":true,\"valueName\":\"search_term_string\"}}],\"inLanguage\":\"en-GB\"},{\"@type\":\"Organization\",\"@id\":\"https:\/\/moonia-boutique.com\/#organization\",\"name\":\"Moonia Boutique\",\"url\":\"https:\/\/moonia-boutique.com\/\",\"logo\":{\"@type\":\"ImageObject\",\"inLanguage\":\"en-GB\",\"@id\":\"https:\/\/moonia-boutique.com\/#\/schema\/logo\/image\/\",\"url\":\"https:\/\/moonia-boutique.com\/wp-content\/uploads\/2023\/08\/Sans-titre-1000-x-1000-px.png\",\"contentUrl\":\"https:\/\/moonia-boutique.com\/wp-content\/uploads\/2023\/08\/Sans-titre-1000-x-1000-px.png\",\"width\":1000,\"height\":1000,\"caption\":\"Moonia Boutique\"},\"image\":{\"@id\":\"https:\/\/moonia-boutique.com\/#\/schema\/logo\/image\/\"}}]}<\/script>\n<!-- \/ Yoast SEO plugin. -->","yoast_head_json":{"title":"Ensemble Abaya Khimar jazz pour Hajj et Omra","description":"Ensemble Abaya Khimar jazzL\u2019exceptionnel ensemble Abaya Khimar Jazz sera votre alli\u00e9 peu importe les saisons. Confectionn\u00e9 dans un tissu fluide Jazz Aerobin","robots":{"index":"index","follow":"follow","max-snippet":"max-snippet:-1","max-image-preview":"max-image-preview:large","max-video-preview":"max-video-preview:-1"},"canonical":"https:\/\/moonia-boutique.com\/en\/product\/ensemble-abaya-khimar-jazz-omra\/","og_locale":"en_GB","og_type":"article","og_title":"Ensemble Abaya Khimar jazz pour Hajj et Omra","og_description":"Ensemble Abaya Khimar jazzL\u2019exceptionnel ensemble Abaya Khimar Jazz sera votre alli\u00e9 peu importe les saisons. Confectionn\u00e9 dans un tissu fluide Jazz Aerobin","og_url":"https:\/\/moonia-boutique.com\/en\/product\/ensemble-abaya-khimar-jazz-omra\/","og_site_name":"Moonia Boutique","article_modified_time":"2026-04-16T16:04:02+00:00","og_image":[{"width":1536,"height":2048,"url":"http:\/\/moonia-boutique.com\/wp-content\/uploads\/2023\/03\/58494EB2-1088-4B41-925B-7357EFA14626-scaled.jpeg","type":"image\/jpeg"}],"twitter_card":"summary_large_image","twitter_misc":{"Estimated reading time":"3 minutes"},"schema":{"@context":"https:\/\/schema.org","@graph":[{"@type":"WebPage","@id":"https:\/\/moonia-boutique.com\/produit\/ensemble-abaya-khimar-jazz-omra\/","url":"https:\/\/moonia-boutique.com\/produit\/ensemble-abaya-khimar-jazz-omra\/","name":"Ensemble Abaya Khimar jazz pour Hajj et Omra","isPartOf":{"@id":"https:\/\/moonia-boutique.com\/#website"},"primaryImageOfPage":{"@id":"https:\/\/moonia-boutique.com\/produit\/ensemble-abaya-khimar-jazz-omra\/#primaryimage"},"image":{"@id":"https:\/\/moonia-boutique.com\/produit\/ensemble-abaya-khimar-jazz-omra\/#primaryimage"},"thumbnailUrl":"https:\/\/moonia-boutique.com\/wp-content\/uploads\/2023\/03\/58494EB2-1088-4B41-925B-7357EFA14626-scaled.jpeg","datePublished":"2022-09-30T09:05:15+00:00","dateModified":"2026-04-16T16:04:02+00:00","description":"Ensemble Abaya Khimar jazzL\u2019exceptionnel ensemble Abaya Khimar Jazz sera votre alli\u00e9 peu importe les saisons. Confectionn\u00e9 dans un tissu fluide Jazz Aerobin","breadcrumb":{"@id":"https:\/\/moonia-boutique.com\/produit\/ensemble-abaya-khimar-jazz-omra\/#breadcrumb"},"inLanguage":"en-GB","potentialAction":[{"@type":"ReadAction","target":["https:\/\/moonia-boutique.com\/produit\/ensemble-abaya-khimar-jazz-omra\/"]}]},{"@type":"ImageObject","inLanguage":"en-GB","@id":"https:\/\/moonia-boutique.com\/produit\/ensemble-abaya-khimar-jazz-omra\/#primaryimage","url":"https:\/\/moonia-boutique.com\/wp-content\/uploads\/2023\/03\/58494EB2-1088-4B41-925B-7357EFA14626-scaled.jpeg","contentUrl":"https:\/\/moonia-boutique.com\/wp-content\/uploads\/2023\/03\/58494EB2-1088-4B41-925B-7357EFA14626-scaled.jpeg","width":1536,"height":2048,"caption":"Ensemble Abaya Khimar jazz"},{"@type":"BreadcrumbList","@id":"https:\/\/moonia-boutique.com\/produit\/ensemble-abaya-khimar-jazz-omra\/#breadcrumb","itemListElement":[{"@type":"ListItem","position":1,"name":"Accueil","item":"https:\/\/moonia-boutique.com\/"},{"@type":"ListItem","position":2,"name":"Boutique Femme Musulmane","item":"https:\/\/moonia-boutique.com\/boutique\/"},{"@type":"ListItem","position":3,"name":"Ensemble Abaya Khimar jazz"}]},{"@type":"WebSite","@id":"https:\/\/moonia-boutique.com\/#website","url":"https:\/\/moonia-boutique.com\/","name":"Moonia Boutique","description":"Moonia Boutique - Le site de mode de la femme musulmane !","publisher":{"@id":"https:\/\/moonia-boutique.com\/#organization"},"potentialAction":[{"@type":"SearchAction","target":{"@type":"EntryPoint","urlTemplate":"https:\/\/moonia-boutique.com\/?s={search_term_string}"},"query-input":{"@type":"PropertyValueSpecification","valueRequired":true,"valueName":"search_term_string"}}],"inLanguage":"en-GB"},{"@type":"Organization","@id":"https:\/\/moonia-boutique.com\/#organization","name":"Moonia Boutique","url":"https:\/\/moonia-boutique.com\/","logo":{"@type":"ImageObject","inLanguage":"en-GB","@id":"https:\/\/moonia-boutique.com\/#\/schema\/logo\/image\/","url":"https:\/\/moonia-boutique.com\/wp-content\/uploads\/2023\/08\/Sans-titre-1000-x-1000-px.png","contentUrl":"https:\/\/moonia-boutique.com\/wp-content\/uploads\/2023\/08\/Sans-titre-1000-x-1000-px.png","width":1000,"height":1000,"caption":"Moonia Boutique"},"image":{"@id":"https:\/\/moonia-boutique.com\/#\/schema\/logo\/image\/"}}]}},"jetpack_sharing_enabled":true,"_links":{"self":[{"href":"https:\/\/moonia-boutique.com\/en\/wp-json\/wp\/v2\/product\/118163","targetHints":{"allow":["GET"]}}],"collection":[{"href":"https:\/\/moonia-boutique.com\/en\/wp-json\/wp\/v2\/product"}],"about":[{"href":"https:\/\/moonia-boutique.com\/en\/wp-json\/wp\/v2\/types\/product"}],"replies":[{"embeddable":true,"href":"https:\/\/moonia-boutique.com\/en\/wp-json\/wp\/v2\/comments?post=118163"}],"wp:featuredmedia":[{"embeddable":true,"href":"https:\/\/moonia-boutique.com\/en\/wp-json\/wp\/v2\/media\/1439333"}],"wp:attachment":[{"href":"https:\/\/moonia-boutique.com\/en\/wp-json\/wp\/v2\/media?parent=118163"}],"wp:term":[{"taxonomy":"product_brand","embeddable":true,"href":"https:\/\/moonia-boutique.com\/en\/wp-json\/wp\/v2\/product_brand?post=118163"},{"taxonomy":"product_cat","embeddable":true,"href":"https:\/\/moonia-boutique.com\/en\/wp-json\/wp\/v2\/product_cat?post=118163"},{"taxonomy":"product_tag","embeddable":true,"href":"https:\/\/moonia-boutique.com\/en\/wp-json\/wp\/v2\/product_tag?post=118163"},{"taxonomy":"giftcard-category","embeddable":true,"href":"https:\/\/moonia-boutique.com\/en\/wp-json\/wp\/v2\/giftcard-category?post=118163"}],"curies":[{"name":"wp","href":"https:\/\/api.w.org\/{rel}","templated":true}]}}