{"id":11969,"date":"2021-02-13T20:31:00","date_gmt":"2021-02-13T19:31:00","guid":{"rendered":"https:\/\/moonia-boutique.com\/?post_type=product&#038;p=11969"},"modified":"2026-04-19T15:34:53","modified_gmt":"2026-04-19T13:34:53","slug":"robe-de-priere-avec-zip","status":"publish","type":"product","link":"https:\/\/moonia-boutique.com\/en\/product\/robe-de-priere-avec-zip\/","title":{"rendered":"Robe de pri\u00e8re avec Zip"},"content":{"rendered":"<h1>Robe de pri\u00e8re avec Zip<\/h1>\n<p>D\u00e9couvrez\u00a0<strong>la robe de pri\u00e8re avec zip<\/strong> !\u00a0 Celle-ci est compos\u00e9e d\u2019une <strong>longue tunique<\/strong>\u00a0et d\u2019un\u00a0<strong>hijab int\u00e9gr\u00e9<\/strong>. Ainsi, le\u00a0<strong>hijab<\/strong>\u00a0est maintenu dans la\u00a0robe \u00e0 l\u2019aide de deux \u00e9lastiques. De plus, elle est tr\u00e8s\u00a0<strong>facile \u00e0 enfiler<\/strong> gr\u00e2ce \u00e0 sa fermeture \u00e9clair. Son tissu en\u00a0<strong>jersey et en cotton<\/strong>\u00a0est tr\u00e8s\u00a0<strong>confortable<\/strong>. Le\u00a0<strong>tissu<\/strong>\u00a0en\u00a0<strong>jersey<\/strong>\u00a0est\u00a0<strong>\u00e9lastique<\/strong>\u00a0et permet notamment un bon\u00a0<strong>maintien<\/strong>\u00a0pendant la pri\u00e8re. Le\u00a0<strong>cotton<\/strong>\u00a0vous donne une agr\u00e9able\u00a0<strong>sensation<\/strong>\u00a0au touch\u00e9. Elle est\u00a0<strong>ample<\/strong>\u00a0et cache bien les formes. Cette tenue s\u2019adapte \u00e0 toutes les morphologies. Elle est aussi tr\u00e8s\u00a0<strong>joli<\/strong>\u00a0et peut \u00eatre aussi\u00a0<strong>porter<\/strong>\u00a0au quotidien. En cas d\u2019invit\u00e9 surprise, vous pourrez vous habiller tr\u00e8s rapidement. Enfin, La tenue est tr\u00e8s\u00a0<strong>pratique<\/strong>\u00a0afin de permettre \u00e0 toutes nos\u00a0<strong>s\u0153urs<\/strong>\u00a0d\u2019avoir un\u00a0<strong>v\u00eatement<\/strong>\u00a0<strong>d\u00e9di\u00e9 \u00e0 la pri\u00e8re<\/strong>. Vous pouvez essayer aussi nos autres mod\u00e8les de\u00a0<strong>tenue de pri\u00e8re\u00a0<\/strong>dont la\u00a0<strong><a href=\"https:\/\/moonia-boutique.com\/en\/product\/robe-de-priere\/\">robe de pri\u00e8re taille unique<\/a>.<\/strong>\u00a0N\u2019h\u00e9sitez pas regarder le\u00a0<strong>tuto<\/strong>\u00a0afin de voir \u00e0 quel point elle se met\u00a0<strong>facilement<\/strong>. Retrouvez toutes nos vid\u00e9o sur\u00a0<strong><a href=\"https:\/\/www.instagram.com\/p\/CI84VzGIL49\/?utm_source=ig_web_copy_link\">Instagram<\/a><\/strong>. Enfin, c\u2019est un tr\u00e8s joli cadeau \u00e0 offrir pour une conversion<\/p>\n<p><strong><u>Tissus<\/u><\/strong>: polyester (50% Jersey 50% viscose)<\/p>\n<p>Taille unique du S au XXL (36-48)<\/p>\n<p>Fabriqu\u00e9e en Turquie<\/p>","protected":false},"excerpt":{"rendered":"<p>D\u00e9couvrez\u00a0<strong>la robe de pri\u00e8re avec zip<\/strong> !\u00a0 Celle-ci est compos\u00e9e d\u2019une <strong>longue tunique<\/strong>\u00a0et d\u2019un\u00a0<strong>hijab int\u00e9gr\u00e9<\/strong>. Ainsi, le\u00a0<strong>hijab<\/strong>\u00a0est maintenu dans la\u00a0robe \u00e0 l\u2019aide de deux \u00e9lastiques. De plus, elle est tr\u00e8s\u00a0<strong>facile \u00e0 enfiler<\/strong> gr\u00e2ce \u00e0 sa fermeture \u00e9clair. Son tissu en\u00a0<strong>jersey et en cotton<\/strong>\u00a0est tr\u00e8s\u00a0<strong>confortable<\/strong>.<\/p>\n<p><strong><u>Tissus<\/u><\/strong>: polyester (50% Jersey 50% viscose)<\/p>\n<p>Disponible en 2 Tailles:<\/p>\n<p>Taille S\/M\/L (36-44)<\/p>\n<p>Taille unique du S au XXL (36-48)<\/p>\n<p>Fabriqu\u00e9e en Turquie<\/p>","protected":false},"featured_media":3200999,"comment_status":"open","ping_status":"closed","template":"","meta":{"_acf_changed":false,"_mo_disable_npp":""},"product_brand":[],"product_cat":[418,468,463,448,525,467,411,558,569,567,205,196,204,424,422,370],"product_tag":[],"giftcard-category":[],"class_list":{"0":"post-11969","1":"product","2":"type-product","3":"status-publish","4":"has-post-thumbnail","6":"product_cat-abaya-allaitement","7":"product_cat-abaya-beige","8":"product_cat-abaya-noir","9":"product_cat-abaya-pas-cher","10":"product_cat-abaya-pour-compose-ta-box","11":"product_cat-abaya-voile-integre","12":"product_cat-soldes-2023","13":"product_cat-black-november-2024","14":"product_cat-black-november-2025","15":"product_cat-destockage-printemps","16":"product_cat-pret-a-porter-pour-femme-musulmane","17":"product_cat-robe-de-priere","18":"product_cat-robe-mastour","19":"product_cat-collection-ramadan","20":"product_cat-hajj-omra","21":"product_cat-z-i","23":"first","24":"instock","25":"sale","26":"taxable","27":"shipping-taxable","28":"purchasable","29":"product-type-variable","30":"rtwpvs-product"},"composite_virtual":false,"composite_layout":"","composite_add_to_cart_form_location":"","composite_editable_in_cart":false,"composite_sold_individually_context":"","composite_shop_price_calc":"","composite_components":[],"composite_scenarios":[],"acf":[],"yoast_head":"<!-- This site is optimized with the Yoast SEO plugin v26.6 - https:\/\/yoast.com\/wordpress\/plugins\/seo\/ -->\n<title>Robe de pri\u00e8re avec Zip - Moonia Boutique<\/title>\n<meta name=\"description\" content=\"D\u00e9couvrez\u00a0la robe de pri\u00e8re avec zip!\u00a0Elle est compos\u00e9e d\u2019une tunique\u00a0et d\u2019un\u00a0hijab int\u00e9gr\u00e9. Elle est tr\u00e8s\u00a0facile \u00e0 enfiler gr\u00e2ce \u00e0 sa fermeture \u00e9clair.\" \/>\n<meta name=\"robots\" content=\"index, follow, max-snippet:-1, max-image-preview:large, max-video-preview:-1\" \/>\n<link rel=\"canonical\" href=\"https:\/\/moonia-boutique.com\/en\/product\/robe-de-priere-avec-zip\/\" \/>\n<meta property=\"og:locale\" content=\"en_GB\" \/>\n<meta property=\"og:type\" content=\"article\" \/>\n<meta property=\"og:title\" content=\"Robe de pri\u00e8re avec Zip - Moonia Boutique\" \/>\n<meta property=\"og:description\" content=\"D\u00e9couvrez\u00a0la robe de pri\u00e8re avec zip!\u00a0Elle est compos\u00e9e d\u2019une tunique\u00a0et d\u2019un\u00a0hijab int\u00e9gr\u00e9. Elle est tr\u00e8s\u00a0facile \u00e0 enfiler gr\u00e2ce \u00e0 sa fermeture \u00e9clair.\" \/>\n<meta property=\"og:url\" content=\"https:\/\/moonia-boutique.com\/en\/product\/robe-de-priere-avec-zip\/\" \/>\n<meta property=\"og:site_name\" content=\"Moonia Boutique\" \/>\n<meta property=\"article:modified_time\" content=\"2026-04-19T13:34:53+00:00\" \/>\n<meta property=\"og:image\" content=\"https:\/\/moonia-boutique.com\/wp-content\/uploads\/2021\/02\/img_6022-scaled.jpeg\" \/>\n\t<meta property=\"og:image:width\" content=\"1254\" \/>\n\t<meta property=\"og:image:height\" content=\"2048\" \/>\n\t<meta property=\"og:image:type\" content=\"image\/jpeg\" \/>\n<meta name=\"twitter:card\" content=\"summary_large_image\" \/>\n<meta name=\"twitter:label1\" content=\"Estimated reading time\" \/>\n\t<meta name=\"twitter:data1\" content=\"2 minutes\" \/>\n<script type=\"application\/ld+json\" class=\"yoast-schema-graph\">{\"@context\":\"https:\/\/schema.org\",\"@graph\":[{\"@type\":\"WebPage\",\"@id\":\"https:\/\/moonia-boutique.com\/produit\/robe-de-priere-avec-zip\/\",\"url\":\"https:\/\/moonia-boutique.com\/produit\/robe-de-priere-avec-zip\/\",\"name\":\"Robe de pri\u00e8re avec Zip - Moonia Boutique\",\"isPartOf\":{\"@id\":\"https:\/\/moonia-boutique.com\/#website\"},\"primaryImageOfPage\":{\"@id\":\"https:\/\/moonia-boutique.com\/produit\/robe-de-priere-avec-zip\/#primaryimage\"},\"image\":{\"@id\":\"https:\/\/moonia-boutique.com\/produit\/robe-de-priere-avec-zip\/#primaryimage\"},\"thumbnailUrl\":\"https:\/\/moonia-boutique.com\/wp-content\/uploads\/2021\/02\/img_6022-scaled.jpeg\",\"datePublished\":\"2021-02-13T19:31:00+00:00\",\"dateModified\":\"2026-04-19T13:34:53+00:00\",\"description\":\"D\u00e9couvrez\u00a0la robe de pri\u00e8re avec zip!\u00a0Elle est compos\u00e9e d\u2019une tunique\u00a0et d\u2019un\u00a0hijab int\u00e9gr\u00e9. Elle est tr\u00e8s\u00a0facile \u00e0 enfiler gr\u00e2ce \u00e0 sa fermeture \u00e9clair.\",\"breadcrumb\":{\"@id\":\"https:\/\/moonia-boutique.com\/produit\/robe-de-priere-avec-zip\/#breadcrumb\"},\"inLanguage\":\"en-GB\",\"potentialAction\":[{\"@type\":\"ReadAction\",\"target\":[\"https:\/\/moonia-boutique.com\/produit\/robe-de-priere-avec-zip\/\"]}]},{\"@type\":\"ImageObject\",\"inLanguage\":\"en-GB\",\"@id\":\"https:\/\/moonia-boutique.com\/produit\/robe-de-priere-avec-zip\/#primaryimage\",\"url\":\"https:\/\/moonia-boutique.com\/wp-content\/uploads\/2021\/02\/img_6022-scaled.jpeg\",\"contentUrl\":\"https:\/\/moonia-boutique.com\/wp-content\/uploads\/2021\/02\/img_6022-scaled.jpeg\",\"width\":1254,\"height\":2048,\"caption\":\"Robe pri\u00e8re soie de m\u00e9dine zip Taupe\"},{\"@type\":\"BreadcrumbList\",\"@id\":\"https:\/\/moonia-boutique.com\/produit\/robe-de-priere-avec-zip\/#breadcrumb\",\"itemListElement\":[{\"@type\":\"ListItem\",\"position\":1,\"name\":\"Accueil\",\"item\":\"https:\/\/moonia-boutique.com\/\"},{\"@type\":\"ListItem\",\"position\":2,\"name\":\"Boutique Femme Musulmane\",\"item\":\"https:\/\/moonia-boutique.com\/boutique\/\"},{\"@type\":\"ListItem\",\"position\":3,\"name\":\"Robe de pri\u00e8re avec Zip\"}]},{\"@type\":\"WebSite\",\"@id\":\"https:\/\/moonia-boutique.com\/#website\",\"url\":\"https:\/\/moonia-boutique.com\/\",\"name\":\"Moonia Boutique\",\"description\":\"Moonia Boutique - Le site de mode de la femme musulmane !\",\"publisher\":{\"@id\":\"https:\/\/moonia-boutique.com\/#organization\"},\"potentialAction\":[{\"@type\":\"SearchAction\",\"target\":{\"@type\":\"EntryPoint\",\"urlTemplate\":\"https:\/\/moonia-boutique.com\/?s={search_term_string}\"},\"query-input\":{\"@type\":\"PropertyValueSpecification\",\"valueRequired\":true,\"valueName\":\"search_term_string\"}}],\"inLanguage\":\"en-GB\"},{\"@type\":\"Organization\",\"@id\":\"https:\/\/moonia-boutique.com\/#organization\",\"name\":\"Moonia Boutique\",\"url\":\"https:\/\/moonia-boutique.com\/\",\"logo\":{\"@type\":\"ImageObject\",\"inLanguage\":\"en-GB\",\"@id\":\"https:\/\/moonia-boutique.com\/#\/schema\/logo\/image\/\",\"url\":\"https:\/\/moonia-boutique.com\/wp-content\/uploads\/2023\/08\/Sans-titre-1000-x-1000-px.png\",\"contentUrl\":\"https:\/\/moonia-boutique.com\/wp-content\/uploads\/2023\/08\/Sans-titre-1000-x-1000-px.png\",\"width\":1000,\"height\":1000,\"caption\":\"Moonia Boutique\"},\"image\":{\"@id\":\"https:\/\/moonia-boutique.com\/#\/schema\/logo\/image\/\"}}]}<\/script>\n<!-- \/ Yoast SEO plugin. -->","yoast_head_json":{"title":"Robe de pri\u00e8re avec Zip - Moonia Boutique","description":"D\u00e9couvrez\u00a0la robe de pri\u00e8re avec zip!\u00a0Elle est compos\u00e9e d\u2019une tunique\u00a0et d\u2019un\u00a0hijab int\u00e9gr\u00e9. Elle est tr\u00e8s\u00a0facile \u00e0 enfiler gr\u00e2ce \u00e0 sa fermeture \u00e9clair.","robots":{"index":"index","follow":"follow","max-snippet":"max-snippet:-1","max-image-preview":"max-image-preview:large","max-video-preview":"max-video-preview:-1"},"canonical":"https:\/\/moonia-boutique.com\/en\/product\/robe-de-priere-avec-zip\/","og_locale":"en_GB","og_type":"article","og_title":"Robe de pri\u00e8re avec Zip - Moonia Boutique","og_description":"D\u00e9couvrez\u00a0la robe de pri\u00e8re avec zip!\u00a0Elle est compos\u00e9e d\u2019une tunique\u00a0et d\u2019un\u00a0hijab int\u00e9gr\u00e9. Elle est tr\u00e8s\u00a0facile \u00e0 enfiler gr\u00e2ce \u00e0 sa fermeture \u00e9clair.","og_url":"https:\/\/moonia-boutique.com\/en\/product\/robe-de-priere-avec-zip\/","og_site_name":"Moonia Boutique","article_modified_time":"2026-04-19T13:34:53+00:00","og_image":[{"width":1254,"height":2048,"url":"https:\/\/moonia-boutique.com\/wp-content\/uploads\/2021\/02\/img_6022-scaled.jpeg","type":"image\/jpeg"}],"twitter_card":"summary_large_image","twitter_misc":{"Estimated reading time":"2 minutes"},"schema":{"@context":"https:\/\/schema.org","@graph":[{"@type":"WebPage","@id":"https:\/\/moonia-boutique.com\/produit\/robe-de-priere-avec-zip\/","url":"https:\/\/moonia-boutique.com\/produit\/robe-de-priere-avec-zip\/","name":"Robe de pri\u00e8re avec Zip - Moonia Boutique","isPartOf":{"@id":"https:\/\/moonia-boutique.com\/#website"},"primaryImageOfPage":{"@id":"https:\/\/moonia-boutique.com\/produit\/robe-de-priere-avec-zip\/#primaryimage"},"image":{"@id":"https:\/\/moonia-boutique.com\/produit\/robe-de-priere-avec-zip\/#primaryimage"},"thumbnailUrl":"https:\/\/moonia-boutique.com\/wp-content\/uploads\/2021\/02\/img_6022-scaled.jpeg","datePublished":"2021-02-13T19:31:00+00:00","dateModified":"2026-04-19T13:34:53+00:00","description":"D\u00e9couvrez\u00a0la robe de pri\u00e8re avec zip!\u00a0Elle est compos\u00e9e d\u2019une tunique\u00a0et d\u2019un\u00a0hijab int\u00e9gr\u00e9. Elle est tr\u00e8s\u00a0facile \u00e0 enfiler gr\u00e2ce \u00e0 sa fermeture \u00e9clair.","breadcrumb":{"@id":"https:\/\/moonia-boutique.com\/produit\/robe-de-priere-avec-zip\/#breadcrumb"},"inLanguage":"en-GB","potentialAction":[{"@type":"ReadAction","target":["https:\/\/moonia-boutique.com\/produit\/robe-de-priere-avec-zip\/"]}]},{"@type":"ImageObject","inLanguage":"en-GB","@id":"https:\/\/moonia-boutique.com\/produit\/robe-de-priere-avec-zip\/#primaryimage","url":"https:\/\/moonia-boutique.com\/wp-content\/uploads\/2021\/02\/img_6022-scaled.jpeg","contentUrl":"https:\/\/moonia-boutique.com\/wp-content\/uploads\/2021\/02\/img_6022-scaled.jpeg","width":1254,"height":2048,"caption":"Robe pri\u00e8re soie de m\u00e9dine zip Taupe"},{"@type":"BreadcrumbList","@id":"https:\/\/moonia-boutique.com\/produit\/robe-de-priere-avec-zip\/#breadcrumb","itemListElement":[{"@type":"ListItem","position":1,"name":"Accueil","item":"https:\/\/moonia-boutique.com\/"},{"@type":"ListItem","position":2,"name":"Boutique Femme Musulmane","item":"https:\/\/moonia-boutique.com\/boutique\/"},{"@type":"ListItem","position":3,"name":"Robe de pri\u00e8re avec Zip"}]},{"@type":"WebSite","@id":"https:\/\/moonia-boutique.com\/#website","url":"https:\/\/moonia-boutique.com\/","name":"Moonia Boutique","description":"Moonia Boutique - Le site de mode de la femme musulmane !","publisher":{"@id":"https:\/\/moonia-boutique.com\/#organization"},"potentialAction":[{"@type":"SearchAction","target":{"@type":"EntryPoint","urlTemplate":"https:\/\/moonia-boutique.com\/?s={search_term_string}"},"query-input":{"@type":"PropertyValueSpecification","valueRequired":true,"valueName":"search_term_string"}}],"inLanguage":"en-GB"},{"@type":"Organization","@id":"https:\/\/moonia-boutique.com\/#organization","name":"Moonia Boutique","url":"https:\/\/moonia-boutique.com\/","logo":{"@type":"ImageObject","inLanguage":"en-GB","@id":"https:\/\/moonia-boutique.com\/#\/schema\/logo\/image\/","url":"https:\/\/moonia-boutique.com\/wp-content\/uploads\/2023\/08\/Sans-titre-1000-x-1000-px.png","contentUrl":"https:\/\/moonia-boutique.com\/wp-content\/uploads\/2023\/08\/Sans-titre-1000-x-1000-px.png","width":1000,"height":1000,"caption":"Moonia Boutique"},"image":{"@id":"https:\/\/moonia-boutique.com\/#\/schema\/logo\/image\/"}}]}},"jetpack_sharing_enabled":true,"_links":{"self":[{"href":"https:\/\/moonia-boutique.com\/en\/wp-json\/wp\/v2\/product\/11969","targetHints":{"allow":["GET"]}}],"collection":[{"href":"https:\/\/moonia-boutique.com\/en\/wp-json\/wp\/v2\/product"}],"about":[{"href":"https:\/\/moonia-boutique.com\/en\/wp-json\/wp\/v2\/types\/product"}],"replies":[{"embeddable":true,"href":"https:\/\/moonia-boutique.com\/en\/wp-json\/wp\/v2\/comments?post=11969"}],"wp:featuredmedia":[{"embeddable":true,"href":"https:\/\/moonia-boutique.com\/en\/wp-json\/wp\/v2\/media\/3200999"}],"wp:attachment":[{"href":"https:\/\/moonia-boutique.com\/en\/wp-json\/wp\/v2\/media?parent=11969"}],"wp:term":[{"taxonomy":"product_brand","embeddable":true,"href":"https:\/\/moonia-boutique.com\/en\/wp-json\/wp\/v2\/product_brand?post=11969"},{"taxonomy":"product_cat","embeddable":true,"href":"https:\/\/moonia-boutique.com\/en\/wp-json\/wp\/v2\/product_cat?post=11969"},{"taxonomy":"product_tag","embeddable":true,"href":"https:\/\/moonia-boutique.com\/en\/wp-json\/wp\/v2\/product_tag?post=11969"},{"taxonomy":"giftcard-category","embeddable":true,"href":"https:\/\/moonia-boutique.com\/en\/wp-json\/wp\/v2\/giftcard-category?post=11969"}],"curies":[{"name":"wp","href":"https:\/\/api.w.org\/{rel}","templated":true}]}}