{"id":126190,"date":"2022-11-20T13:37:03","date_gmt":"2022-11-20T12:37:03","guid":{"rendered":"https:\/\/moonia-boutique.com\/?post_type=product&#038;p=126190"},"modified":"2026-04-04T07:54:26","modified_gmt":"2026-04-04T05:54:26","slug":"tapis-de-priere-molletonne","status":"publish","type":"product","link":"https:\/\/moonia-boutique.com\/en\/product\/tapis-de-priere-molletonne\/","title":{"rendered":"Tapis de Pri\u00e8re Molletonn\u00e9"},"content":{"rendered":"<h1>Tapis de Pri\u00e8re Molletonn\u00e9<\/h1>\n<p style=\"font-family: josefin-regular; margin-bottom: 1.3em; margin-top: 0px; font-style: normal; font-weight: 400; letter-spacing: normal; text-align: start; text-indent: 0px; text-transform: none; text-decoration: none;\"><span style=\"font-family: Helvetica;\">Nous avons le plaisir de vous proposer le<span class=\"Apple-converted-space\">\u00a0<\/span><strong style=\"font-weight: 400;\">Tapis de pri\u00e8re <\/strong><strong>Molletonn\u00e9<\/strong><span class=\"Apple-converted-space\"><strong style=\"font-weight: 400;\">\u00a0<\/strong><\/span>inspir\u00e9 du<span class=\"Apple-converted-space\">\u00a0<\/span><strong style=\"font-weight: 400;\">style Oriental<\/strong>. Un<span class=\"Apple-converted-space\">\u00a0<\/span><strong style=\"font-weight: 400;\">design sobre et original<span class=\"Apple-converted-space\">\u00a0<\/span><\/strong>\u00e0 la fois. C\u2019est un tapis tr\u00e8s<span class=\"Apple-converted-space\">\u00a0<\/span><strong style=\"font-weight: 400;\">confortable<span class=\"Apple-converted-space\">\u00a0<\/span><\/strong>et de grande qualit\u00e9, fabriqu\u00e9 en<span class=\"Apple-converted-space\">\u00a0<\/span><strong style=\"font-weight: 400;\">Turquie<\/strong>. Sa mati\u00e8re en<span class=\"Apple-converted-space\">\u00a0<\/span><strong style=\"font-weight: 400;\">daim<span class=\"Apple-converted-space\">\u00a0<\/span><\/strong>vous apportera <strong style=\"font-weight: 400;\">douceur<span class=\"Apple-converted-space\">\u00a0<\/span><\/strong>et une\u00a0<strong style=\"font-weight: 400;\">agr\u00e9able<span class=\"Apple-converted-space\">\u00a0<\/span><\/strong>sensation au touch\u00e9. Le<strong style=\"font-weight: 400;\"><span class=\"Apple-converted-space\">\u00a0<\/span>Tapis de pri\u00e8re <\/strong><strong>Molletonn\u00e9<\/strong><span class=\"Apple-converted-space\">\u00a0<\/span>est \u00e9pais au moins<span class=\"Apple-converted-space\">\u00a0<\/span><strong style=\"font-weight: 400;\">2cm<\/strong>. Il contient une<span class=\"Apple-converted-space\">\u00a0<\/span><strong style=\"font-weight: 400;\">mousse<\/strong><span class=\"Apple-converted-space\">\u00a0<\/span>\u00e0 l\u2019int\u00e9rieur pour un maximum de<span class=\"Apple-converted-space\">\u00a0<\/span><strong style=\"font-weight: 400;\">confort<\/strong>. Le<span class=\"Apple-converted-space\">\u00a0<\/span><strong style=\"font-weight: 400;\">Tapis <\/strong><strong>Molletonn\u00e9<\/strong><span class=\"Apple-converted-space\">\u00a0<\/span>poss\u00e8de un<span class=\"Apple-converted-space\">\u00a0<\/span><strong style=\"font-weight: 400;\">design oriental.<\/strong><span class=\"Apple-converted-space\">\u00a0<\/span>De jolis<span class=\"Apple-converted-space\">\u00a0<\/span><strong style=\"font-weight: 400;\">motifs de couture tr\u00e8s<\/strong><span class=\"Apple-converted-space\">\u00a0<\/span><strong style=\"font-weight: 400;\">discret<\/strong><span class=\"Apple-converted-space\">\u00a0<\/span>et<span class=\"Apple-converted-space\">\u00a0<\/span><strong style=\"font-weight: 400;\">sobre<\/strong><span class=\"Apple-converted-space\">\u00a0<\/span>d\u00e9core la Sajada. Mais elle ne vous d\u00e9concentrer pas durant votre<span class=\"Apple-converted-space\">\u00a0<\/span><strong style=\"font-weight: 400;\">salat<\/strong><span class=\"Apple-converted-space\">\u00a0<\/span>(pri\u00e8re). De plus, Vous appr\u00e9cierez \u00e9galement ses franges sur le cot\u00e9 bas. Sa<span class=\"Apple-converted-space\">\u00a0<\/span><strong style=\"font-weight: 400;\">particularit\u00e9<\/strong><span class=\"Apple-converted-space\">\u00a0<\/span>est de pas \u00eatre<span class=\"Apple-converted-space\">\u00a0<\/span><strong style=\"font-weight: 400;\">rectangulaire<\/strong><span class=\"Apple-converted-space\">\u00a0<\/span>comme la plupart des<span class=\"Apple-converted-space\">\u00a0<\/span><strong style=\"font-weight: 400;\">tapis de pri\u00e8re<\/strong>. En effet, Il reprend la forme d\u2019une<span class=\"Apple-converted-space\">\u00a0<\/span><strong style=\"font-weight: 400;\">arche<\/strong><span class=\"Apple-converted-space\">\u00a0<\/span>, laissant ainsi la place pour se<span class=\"Apple-converted-space\">\u00a0<\/span><strong style=\"font-weight: 400;\">prosterner convenablement<\/strong>.<\/span><\/p>\n<h2>Le Tapis de Pri\u00e8re \u00e9pais et confortable<\/h2>\n<p><span style=\"font-family: Helvetica;\">Voici notre nouveau Tapis de pri\u00e8re Molletonn\u00e9 \u00e0 l&#8217;inspiration orientale. Avec un design sobre et original, ce tapis de pri\u00e8re est parfait pour les pratiquants \u00e0 la recherche de confort et de qualit\u00e9. Fabriqu\u00e9 en Turquie avec une mati\u00e8re douce et agr\u00e9able au toucher. Le Tapis de pri\u00e8re Molletonn\u00e9 est \u00e9pais de plus de 2cm et poss\u00e8de une mousse int\u00e9rieure pour un confort optimal.<\/span><\/p>\n<h2>Design Oriental : Motifs de couture discrets et sobres pour une ambiance calme et paisible<\/h2>\n<p><span style=\"font-family: Helvetica;\">Ainsi son design oriental est subtilement d\u00e9cor\u00e9 de motifs de couture discrets et sobres, offrant une ambiance calme et paisible pour votre pri\u00e8re. En effet les franges sur le c\u00f4t\u00e9 bas ajoutent une touche d&#8217;\u00e9l\u00e9gance. Et contrairement \u00e0 la plupart des tapis de pri\u00e8re rectangulaires, ce tapis reprend la forme d&#8217;une arche pour vous permettre de vous prosterner convenablement.<\/span><\/p>\n<h2>Accomplissez votre pri\u00e8re avec confort<\/h2>\n<p><span style=\"font-family: Helvetica;\">En effet notre Tapis de pri\u00e8re Molletonn\u00e9 est parfait pour tous les musulmans, motivant \u00e0 accomplir votre pri\u00e8re dans le plus grand confort. N\u00e9anmoins Il est important de noter que les motifs varient d&#8217;un tapis \u00e0 l&#8217;autre, ajoutant une touche d&#8217;originalit\u00e9 \u00e0 chaque achat. N&#8217;oubliez pas d&#8217;accompagner votre tapis avec notre tenue de pri\u00e8re \u00e9galement fabriqu\u00e9e en Turquie pour une exp\u00e9rience de pri\u00e8re compl\u00e8te et harmonieuse.<\/span><\/p>\n<p style=\"font-family: josefin-regular; margin-bottom: 1.3em; margin-top: 0px; font-style: normal; font-weight: 400; letter-spacing: normal; text-align: start; text-indent: 0px; text-transform: none; text-decoration: none;\"><span style=\"font-family: Helvetica;\">La<span class=\"Apple-converted-space\">\u00a0<\/span><strong style=\"font-weight: 400;\">pri\u00e8re<\/strong><span class=\"Apple-converted-space\">\u00a0<\/span>est une<span class=\"Apple-converted-space\">\u00a0<\/span><strong style=\"font-weight: 400;\">obligation<\/strong><span class=\"Apple-converted-space\">\u00a0<\/span>pour tout<span class=\"Apple-converted-space\">\u00a0<\/span><strong style=\"font-weight: 400;\">musulman<\/strong><span class=\"Apple-converted-space\">\u00a0<\/span>et ce<span class=\"Apple-converted-space\">\u00a0<\/span><strong style=\"font-weight: 400;\">tapis <\/strong>vous<span class=\"Apple-converted-space\">\u00a0<\/span><strong style=\"font-weight: 400;\">motivera<\/strong><span class=\"Apple-converted-space\">\u00a0<\/span>\u00e0 l\u2019accomplir dans le plus grand des<span class=\"Apple-converted-space\">\u00a0<\/span><strong style=\"font-weight: 400;\">conforts<\/strong>. N\u2019h\u00e9sitez pas \u00e0 l\u2019accompagner de notre<span class=\"Apple-converted-space\">\u00a0<\/span><strong style=\"font-weight: 400;\"><a style=\"background-color: transparent; text-decoration: none;\" href=\"https:\/\/www.instagram.com\/reel\/Cb2zixjIk6I\/?utm_source=ig_web_copy_link\">tenue de pri\u00e8re<\/a><\/strong><span class=\"Apple-converted-space\">\u00a0<\/span>elle est aussi<span class=\"Apple-converted-space\">\u00a0<\/span><strong style=\"font-weight: 400;\"><a style=\"background-color: transparent; text-decoration: none;\" href=\"https:\/\/moonia-boutique.com\/en\/product\/robe-de-priere-xl\/\">fabriqu\u00e9e en Turquie<\/a>.<\/strong><\/span><\/p>\n<p><span style=\"font-family: Helvetica;\">Attention: les motifs varient d&#8217;un tapis \u00e0 l&#8217;autre.<\/span><\/p>","protected":false},"excerpt":{"rendered":"<p style=\"font-family: josefin-regular; margin-bottom: 1.3em; margin-top: 0px; font-style: normal; font-weight: 400; letter-spacing: normal; text-align: start; text-indent: 0px; text-transform: none; text-decoration: none;\">Nous avons le plaisir de vous proposer le<span class=\"Apple-converted-space\">\u00a0<\/span><strong style=\"font-weight: 400;\">Tapis de pri\u00e8re <\/strong><strong>Molletonn\u00e9<\/strong><span class=\"Apple-converted-space\"><strong style=\"font-weight: 400;\">\u00a0<\/strong><\/span>inspir\u00e9 du<span class=\"Apple-converted-space\">\u00a0<\/span><strong style=\"font-weight: 400;\">style Oriental<\/strong>. Un<span class=\"Apple-converted-space\">\u00a0<\/span><strong style=\"font-weight: 400;\">design sobre et original<span class=\"Apple-converted-space\">\u00a0<\/span><\/strong>\u00e0 la fois. C\u2019est un tapis tr\u00e8s<span class=\"Apple-converted-space\">\u00a0<\/span><strong style=\"font-weight: 400;\">confortable<span class=\"Apple-converted-space\">\u00a0<\/span><\/strong>et de grande qualit\u00e9, fabriqu\u00e9 en<span class=\"Apple-converted-space\">\u00a0<\/span><strong style=\"font-weight: 400;\">Turquie<\/strong>. Sa mati\u00e8re en<span class=\"Apple-converted-space\">\u00a0<\/span><strong style=\"font-weight: 400;\">daim<span class=\"Apple-converted-space\">\u00a0<\/span><\/strong>vous apportera <strong style=\"font-weight: 400;\">douceur<span class=\"Apple-converted-space\">\u00a0<\/span><\/strong>et une\u00a0<strong style=\"font-weight: 400;\">agr\u00e9able<span class=\"Apple-converted-space\">\u00a0<\/span><\/strong>sensation au touch\u00e9. Le<strong style=\"font-weight: 400;\"><span class=\"Apple-converted-space\">\u00a0<\/span>Tapis de pri\u00e8re <\/strong><strong>Molletonn\u00e9<\/strong><span class=\"Apple-converted-space\">\u00a0<\/span>est \u00e9pais au moins<span class=\"Apple-converted-space\">\u00a0<\/span><strong style=\"font-weight: 400;\">2cm<\/strong>. Il contient une<span class=\"Apple-converted-space\">\u00a0<\/span><strong style=\"font-weight: 400;\">mousse<\/strong><span class=\"Apple-converted-space\">\u00a0<\/span>\u00e0 l\u2019int\u00e9rieur pour un maximum de<span class=\"Apple-converted-space\">\u00a0<\/span><strong style=\"font-weight: 400;\">confort<\/strong>. Le<span class=\"Apple-converted-space\">\u00a0<\/span><strong style=\"font-weight: 400;\">Tapis <\/strong><strong>Molletonn\u00e9<\/strong><span class=\"Apple-converted-space\">\u00a0<\/span>poss\u00e8de un<span class=\"Apple-converted-space\">\u00a0<\/span><strong style=\"font-weight: 400;\">design oriental.<\/strong><span class=\"Apple-converted-space\">\u00a0<\/span>De joli<span class=\"Apple-converted-space\">\u00a0<\/span><strong style=\"font-weight: 400;\">motifs de couture tr\u00e8s<\/strong><span class=\"Apple-converted-space\">\u00a0<\/span><strong style=\"font-weight: 400;\">discret<\/strong><span class=\"Apple-converted-space\">\u00a0<\/span>et<span class=\"Apple-converted-space\">\u00a0<\/span><strong style=\"font-weight: 400;\">sobre<\/strong><span class=\"Apple-converted-space\">\u00a0<\/span>d\u00e9core le tapis, pour ne pas vous d\u00e9concentrer durant votre<span class=\"Apple-converted-space\">\u00a0<\/span><strong style=\"font-weight: 400;\">salat<\/strong><span class=\"Apple-converted-space\">\u00a0<\/span>(pri\u00e8re). De plus, Vous appr\u00e9cierez \u00e9galement ses franges sur le cot\u00e9 bas. Sa<span class=\"Apple-converted-space\">\u00a0<\/span><strong style=\"font-weight: 400;\">particularit\u00e9<\/strong><span class=\"Apple-converted-space\">\u00a0<\/span>est de pas \u00eatre<span class=\"Apple-converted-space\">\u00a0<\/span><strong style=\"font-weight: 400;\">rectangulaire<\/strong><span class=\"Apple-converted-space\">\u00a0<\/span>comme la plupart des<span class=\"Apple-converted-space\">\u00a0<\/span><strong style=\"font-weight: 400;\">tapis de pri\u00e8re<\/strong>. En effet, Il reprend la forme d\u2019une<span class=\"Apple-converted-space\">\u00a0<\/span><strong style=\"font-weight: 400;\">arche<\/strong><span class=\"Apple-converted-space\">\u00a0<\/span>, laissant ainsi la place pour se<span class=\"Apple-converted-space\">\u00a0<\/span><strong style=\"font-weight: 400;\">prosterner convenablement<\/strong>.<\/p>\n<p style=\"font-family: josefin-regular; margin-bottom: 1.3em; margin-top: 0px; font-style: normal; font-weight: 400; letter-spacing: normal; text-align: start; text-indent: 0px; text-transform: none; text-decoration: none;\">La<span class=\"Apple-converted-space\">\u00a0<\/span><strong style=\"font-weight: 400;\">pri\u00e8re<\/strong><span class=\"Apple-converted-space\">\u00a0<\/span>est une<span class=\"Apple-converted-space\">\u00a0<\/span><strong style=\"font-weight: 400;\">obligation<\/strong><span class=\"Apple-converted-space\">\u00a0<\/span>pour tout<span class=\"Apple-converted-space\">\u00a0<\/span><strong style=\"font-weight: 400;\">musulman<\/strong><span class=\"Apple-converted-space\">\u00a0<\/span>et ce<span class=\"Apple-converted-space\">\u00a0<\/span><strong style=\"font-weight: 400;\">tapis<\/strong>vous<span class=\"Apple-converted-space\">\u00a0<\/span><strong style=\"font-weight: 400;\">motivera<\/strong><span class=\"Apple-converted-space\">\u00a0<\/span>\u00e0 l\u2019accomplir dans le plus grand des<span class=\"Apple-converted-space\">\u00a0<\/span><strong style=\"font-weight: 400;\">conforts<\/strong>. N\u2019h\u00e9sitez pas \u00e0 l\u2019accompagner de notre<span class=\"Apple-converted-space\">\u00a0<\/span><strong style=\"font-weight: 400;\"><a style=\"font-family: josefin-regular !important; background-color: transparent; text-decoration: none;\" href=\"https:\/\/www.instagram.com\/reel\/Cb2zixjIk6I\/?utm_source=ig_web_copy_link\">tenue de pri\u00e8re<\/a><\/strong><span class=\"Apple-converted-space\">\u00a0<\/span>elle est aussi<span class=\"Apple-converted-space\">\u00a0<\/span><strong style=\"font-weight: 400;\"><a style=\"font-family: josefin-regular !important; background-color: transparent; text-decoration: none;\" href=\"https:\/\/moonia-boutique.com\/en\/product\/robe-de-priere-xl\/\">fabriqu\u00e9e en Turquie<\/a>.<\/strong><\/p>\n<p>Attention: les motifs varient d\u2019un tapis \u00e0 l\u2019autre.<\/p>","protected":false},"featured_media":125685,"comment_status":"open","ping_status":"closed","template":"","meta":{"_acf_changed":false,"_mo_disable_npp":""},"product_brand":[],"product_cat":[570,243,424],"product_tag":[],"giftcard-category":[],"class_list":{"0":"post-126190","1":"product","2":"type-product","3":"status-publish","4":"has-post-thumbnail","6":"product_cat-bestseller","7":"product_cat-tapis-de-priere","8":"product_cat-collection-ramadan","10":"first","11":"instock","12":"taxable","13":"shipping-taxable","14":"purchasable","15":"product-type-variable","16":"rtwpvs-product"},"composite_virtual":false,"composite_layout":"","composite_add_to_cart_form_location":"","composite_editable_in_cart":false,"composite_sold_individually_context":"","composite_shop_price_calc":"","composite_components":[],"composite_scenarios":[],"acf":[],"yoast_head":"<!-- This site is optimized with the Yoast SEO plugin v26.6 - https:\/\/yoast.com\/wordpress\/plugins\/seo\/ -->\n<title>Tapis de Pri\u00e8re Molletonn\u00e9 - Moonia Boutique<\/title>\n<meta name=\"description\" content=\"Voici le\u00a0Tapis de pri\u00e8re Molletonn\u00e9\u00a0au\u00a0style Oriental. Un\u00a0design sobre et original\u00a0\u00e0 la fois. C\u2019est un tapis tr\u00e8s\u00a0confortable\u00a0et de grande qualit\u00e9.\" \/>\n<meta name=\"robots\" content=\"index, follow, max-snippet:-1, max-image-preview:large, max-video-preview:-1\" \/>\n<link rel=\"canonical\" href=\"https:\/\/moonia-boutique.com\/en\/product\/tapis-de-priere-molletonne\/\" \/>\n<meta property=\"og:locale\" content=\"en_GB\" \/>\n<meta property=\"og:type\" content=\"article\" \/>\n<meta property=\"og:title\" content=\"Tapis de Pri\u00e8re Molletonn\u00e9 - Moonia Boutique\" \/>\n<meta property=\"og:description\" content=\"Voici le\u00a0Tapis de pri\u00e8re Molletonn\u00e9\u00a0au\u00a0style Oriental. Un\u00a0design sobre et original\u00a0\u00e0 la fois. C\u2019est un tapis tr\u00e8s\u00a0confortable\u00a0et de grande qualit\u00e9.\" \/>\n<meta property=\"og:url\" content=\"https:\/\/moonia-boutique.com\/en\/product\/tapis-de-priere-molletonne\/\" \/>\n<meta property=\"og:site_name\" content=\"Moonia Boutique\" \/>\n<meta property=\"article:modified_time\" content=\"2026-04-04T05:54:26+00:00\" \/>\n<meta property=\"og:image\" content=\"http:\/\/moonia-boutique.com\/wp-content\/uploads\/2022\/11\/8C7FC5FB-BD27-4AD7-B0B0-5FAB9E9807D6-scaled.jpeg\" \/>\n\t<meta property=\"og:image:width\" content=\"1536\" \/>\n\t<meta property=\"og:image:height\" content=\"2048\" \/>\n\t<meta property=\"og:image:type\" content=\"image\/jpeg\" \/>\n<meta name=\"twitter:card\" content=\"summary_large_image\" \/>\n<meta name=\"twitter:label1\" content=\"Estimated reading time\" \/>\n\t<meta name=\"twitter:data1\" content=\"2 minutes\" \/>\n<script type=\"application\/ld+json\" class=\"yoast-schema-graph\">{\"@context\":\"https:\/\/schema.org\",\"@graph\":[{\"@type\":\"WebPage\",\"@id\":\"https:\/\/moonia-boutique.com\/produit\/tapis-de-priere-molletonne\/\",\"url\":\"https:\/\/moonia-boutique.com\/produit\/tapis-de-priere-molletonne\/\",\"name\":\"Tapis de Pri\u00e8re Molletonn\u00e9 - Moonia Boutique\",\"isPartOf\":{\"@id\":\"https:\/\/moonia-boutique.com\/#website\"},\"primaryImageOfPage\":{\"@id\":\"https:\/\/moonia-boutique.com\/produit\/tapis-de-priere-molletonne\/#primaryimage\"},\"image\":{\"@id\":\"https:\/\/moonia-boutique.com\/produit\/tapis-de-priere-molletonne\/#primaryimage\"},\"thumbnailUrl\":\"https:\/\/moonia-boutique.com\/wp-content\/uploads\/2022\/11\/8C7FC5FB-BD27-4AD7-B0B0-5FAB9E9807D6-scaled.jpeg\",\"datePublished\":\"2022-11-20T12:37:03+00:00\",\"dateModified\":\"2026-04-04T05:54:26+00:00\",\"description\":\"Voici le\u00a0Tapis de pri\u00e8re Molletonn\u00e9\u00a0au\u00a0style Oriental. Un\u00a0design sobre et original\u00a0\u00e0 la fois. C\u2019est un tapis tr\u00e8s\u00a0confortable\u00a0et de grande qualit\u00e9.\",\"breadcrumb\":{\"@id\":\"https:\/\/moonia-boutique.com\/produit\/tapis-de-priere-molletonne\/#breadcrumb\"},\"inLanguage\":\"en-GB\",\"potentialAction\":[{\"@type\":\"ReadAction\",\"target\":[\"https:\/\/moonia-boutique.com\/produit\/tapis-de-priere-molletonne\/\"]}]},{\"@type\":\"ImageObject\",\"inLanguage\":\"en-GB\",\"@id\":\"https:\/\/moonia-boutique.com\/produit\/tapis-de-priere-molletonne\/#primaryimage\",\"url\":\"https:\/\/moonia-boutique.com\/wp-content\/uploads\/2022\/11\/8C7FC5FB-BD27-4AD7-B0B0-5FAB9E9807D6-scaled.jpeg\",\"contentUrl\":\"https:\/\/moonia-boutique.com\/wp-content\/uploads\/2022\/11\/8C7FC5FB-BD27-4AD7-B0B0-5FAB9E9807D6-scaled.jpeg\",\"width\":1536,\"height\":2048,\"caption\":\"Tapis de Pri\u00e8re Molletonn\u00e9\"},{\"@type\":\"BreadcrumbList\",\"@id\":\"https:\/\/moonia-boutique.com\/produit\/tapis-de-priere-molletonne\/#breadcrumb\",\"itemListElement\":[{\"@type\":\"ListItem\",\"position\":1,\"name\":\"Accueil\",\"item\":\"https:\/\/moonia-boutique.com\/\"},{\"@type\":\"ListItem\",\"position\":2,\"name\":\"Boutique Femme Musulmane\",\"item\":\"https:\/\/moonia-boutique.com\/boutique\/\"},{\"@type\":\"ListItem\",\"position\":3,\"name\":\"Tapis de Pri\u00e8re Molletonn\u00e9\"}]},{\"@type\":\"WebSite\",\"@id\":\"https:\/\/moonia-boutique.com\/#website\",\"url\":\"https:\/\/moonia-boutique.com\/\",\"name\":\"Moonia Boutique\",\"description\":\"Moonia Boutique - Le site de mode de la femme musulmane !\",\"publisher\":{\"@id\":\"https:\/\/moonia-boutique.com\/#organization\"},\"potentialAction\":[{\"@type\":\"SearchAction\",\"target\":{\"@type\":\"EntryPoint\",\"urlTemplate\":\"https:\/\/moonia-boutique.com\/?s={search_term_string}\"},\"query-input\":{\"@type\":\"PropertyValueSpecification\",\"valueRequired\":true,\"valueName\":\"search_term_string\"}}],\"inLanguage\":\"en-GB\"},{\"@type\":\"Organization\",\"@id\":\"https:\/\/moonia-boutique.com\/#organization\",\"name\":\"Moonia Boutique\",\"url\":\"https:\/\/moonia-boutique.com\/\",\"logo\":{\"@type\":\"ImageObject\",\"inLanguage\":\"en-GB\",\"@id\":\"https:\/\/moonia-boutique.com\/#\/schema\/logo\/image\/\",\"url\":\"https:\/\/moonia-boutique.com\/wp-content\/uploads\/2023\/08\/Sans-titre-1000-x-1000-px.png\",\"contentUrl\":\"https:\/\/moonia-boutique.com\/wp-content\/uploads\/2023\/08\/Sans-titre-1000-x-1000-px.png\",\"width\":1000,\"height\":1000,\"caption\":\"Moonia Boutique\"},\"image\":{\"@id\":\"https:\/\/moonia-boutique.com\/#\/schema\/logo\/image\/\"}}]}<\/script>\n<!-- \/ Yoast SEO plugin. -->","yoast_head_json":{"title":"Tapis de Pri\u00e8re Molletonn\u00e9 - Moonia Boutique","description":"Voici le\u00a0Tapis de pri\u00e8re Molletonn\u00e9\u00a0au\u00a0style Oriental. Un\u00a0design sobre et original\u00a0\u00e0 la fois. C\u2019est un tapis tr\u00e8s\u00a0confortable\u00a0et de grande qualit\u00e9.","robots":{"index":"index","follow":"follow","max-snippet":"max-snippet:-1","max-image-preview":"max-image-preview:large","max-video-preview":"max-video-preview:-1"},"canonical":"https:\/\/moonia-boutique.com\/en\/product\/tapis-de-priere-molletonne\/","og_locale":"en_GB","og_type":"article","og_title":"Tapis de Pri\u00e8re Molletonn\u00e9 - Moonia Boutique","og_description":"Voici le\u00a0Tapis de pri\u00e8re Molletonn\u00e9\u00a0au\u00a0style Oriental. Un\u00a0design sobre et original\u00a0\u00e0 la fois. C\u2019est un tapis tr\u00e8s\u00a0confortable\u00a0et de grande qualit\u00e9.","og_url":"https:\/\/moonia-boutique.com\/en\/product\/tapis-de-priere-molletonne\/","og_site_name":"Moonia Boutique","article_modified_time":"2026-04-04T05:54:26+00:00","og_image":[{"width":1536,"height":2048,"url":"http:\/\/moonia-boutique.com\/wp-content\/uploads\/2022\/11\/8C7FC5FB-BD27-4AD7-B0B0-5FAB9E9807D6-scaled.jpeg","type":"image\/jpeg"}],"twitter_card":"summary_large_image","twitter_misc":{"Estimated reading time":"2 minutes"},"schema":{"@context":"https:\/\/schema.org","@graph":[{"@type":"WebPage","@id":"https:\/\/moonia-boutique.com\/produit\/tapis-de-priere-molletonne\/","url":"https:\/\/moonia-boutique.com\/produit\/tapis-de-priere-molletonne\/","name":"Tapis de Pri\u00e8re Molletonn\u00e9 - Moonia Boutique","isPartOf":{"@id":"https:\/\/moonia-boutique.com\/#website"},"primaryImageOfPage":{"@id":"https:\/\/moonia-boutique.com\/produit\/tapis-de-priere-molletonne\/#primaryimage"},"image":{"@id":"https:\/\/moonia-boutique.com\/produit\/tapis-de-priere-molletonne\/#primaryimage"},"thumbnailUrl":"https:\/\/moonia-boutique.com\/wp-content\/uploads\/2022\/11\/8C7FC5FB-BD27-4AD7-B0B0-5FAB9E9807D6-scaled.jpeg","datePublished":"2022-11-20T12:37:03+00:00","dateModified":"2026-04-04T05:54:26+00:00","description":"Voici le\u00a0Tapis de pri\u00e8re Molletonn\u00e9\u00a0au\u00a0style Oriental. Un\u00a0design sobre et original\u00a0\u00e0 la fois. C\u2019est un tapis tr\u00e8s\u00a0confortable\u00a0et de grande qualit\u00e9.","breadcrumb":{"@id":"https:\/\/moonia-boutique.com\/produit\/tapis-de-priere-molletonne\/#breadcrumb"},"inLanguage":"en-GB","potentialAction":[{"@type":"ReadAction","target":["https:\/\/moonia-boutique.com\/produit\/tapis-de-priere-molletonne\/"]}]},{"@type":"ImageObject","inLanguage":"en-GB","@id":"https:\/\/moonia-boutique.com\/produit\/tapis-de-priere-molletonne\/#primaryimage","url":"https:\/\/moonia-boutique.com\/wp-content\/uploads\/2022\/11\/8C7FC5FB-BD27-4AD7-B0B0-5FAB9E9807D6-scaled.jpeg","contentUrl":"https:\/\/moonia-boutique.com\/wp-content\/uploads\/2022\/11\/8C7FC5FB-BD27-4AD7-B0B0-5FAB9E9807D6-scaled.jpeg","width":1536,"height":2048,"caption":"Tapis de Pri\u00e8re Molletonn\u00e9"},{"@type":"BreadcrumbList","@id":"https:\/\/moonia-boutique.com\/produit\/tapis-de-priere-molletonne\/#breadcrumb","itemListElement":[{"@type":"ListItem","position":1,"name":"Accueil","item":"https:\/\/moonia-boutique.com\/"},{"@type":"ListItem","position":2,"name":"Boutique Femme Musulmane","item":"https:\/\/moonia-boutique.com\/boutique\/"},{"@type":"ListItem","position":3,"name":"Tapis de Pri\u00e8re Molletonn\u00e9"}]},{"@type":"WebSite","@id":"https:\/\/moonia-boutique.com\/#website","url":"https:\/\/moonia-boutique.com\/","name":"Moonia Boutique","description":"Moonia Boutique - Le site de mode de la femme musulmane !","publisher":{"@id":"https:\/\/moonia-boutique.com\/#organization"},"potentialAction":[{"@type":"SearchAction","target":{"@type":"EntryPoint","urlTemplate":"https:\/\/moonia-boutique.com\/?s={search_term_string}"},"query-input":{"@type":"PropertyValueSpecification","valueRequired":true,"valueName":"search_term_string"}}],"inLanguage":"en-GB"},{"@type":"Organization","@id":"https:\/\/moonia-boutique.com\/#organization","name":"Moonia Boutique","url":"https:\/\/moonia-boutique.com\/","logo":{"@type":"ImageObject","inLanguage":"en-GB","@id":"https:\/\/moonia-boutique.com\/#\/schema\/logo\/image\/","url":"https:\/\/moonia-boutique.com\/wp-content\/uploads\/2023\/08\/Sans-titre-1000-x-1000-px.png","contentUrl":"https:\/\/moonia-boutique.com\/wp-content\/uploads\/2023\/08\/Sans-titre-1000-x-1000-px.png","width":1000,"height":1000,"caption":"Moonia Boutique"},"image":{"@id":"https:\/\/moonia-boutique.com\/#\/schema\/logo\/image\/"}}]}},"jetpack_sharing_enabled":true,"_links":{"self":[{"href":"https:\/\/moonia-boutique.com\/en\/wp-json\/wp\/v2\/product\/126190","targetHints":{"allow":["GET"]}}],"collection":[{"href":"https:\/\/moonia-boutique.com\/en\/wp-json\/wp\/v2\/product"}],"about":[{"href":"https:\/\/moonia-boutique.com\/en\/wp-json\/wp\/v2\/types\/product"}],"replies":[{"embeddable":true,"href":"https:\/\/moonia-boutique.com\/en\/wp-json\/wp\/v2\/comments?post=126190"}],"wp:featuredmedia":[{"embeddable":true,"href":"https:\/\/moonia-boutique.com\/en\/wp-json\/wp\/v2\/media\/125685"}],"wp:attachment":[{"href":"https:\/\/moonia-boutique.com\/en\/wp-json\/wp\/v2\/media?parent=126190"}],"wp:term":[{"taxonomy":"product_brand","embeddable":true,"href":"https:\/\/moonia-boutique.com\/en\/wp-json\/wp\/v2\/product_brand?post=126190"},{"taxonomy":"product_cat","embeddable":true,"href":"https:\/\/moonia-boutique.com\/en\/wp-json\/wp\/v2\/product_cat?post=126190"},{"taxonomy":"product_tag","embeddable":true,"href":"https:\/\/moonia-boutique.com\/en\/wp-json\/wp\/v2\/product_tag?post=126190"},{"taxonomy":"giftcard-category","embeddable":true,"href":"https:\/\/moonia-boutique.com\/en\/wp-json\/wp\/v2\/giftcard-category?post=126190"}],"curies":[{"name":"wp","href":"https:\/\/api.w.org\/{rel}","templated":true}]}}