{"id":127441,"date":"2022-11-30T11:25:52","date_gmt":"2022-11-30T10:25:52","guid":{"rendered":"https:\/\/moonia-boutique.com\/?post_type=product&#038;p=127441"},"modified":"2025-11-08T10:17:29","modified_gmt":"2025-11-08T09:17:29","slug":"doudoune-longue-alaska","status":"publish","type":"product","link":"https:\/\/moonia-boutique.com\/en\/product\/doudoune-longue-alaska\/","title":{"rendered":"Doudoune Longue Alaska"},"content":{"rendered":"<h1>Doudoune Longue femme musulmane Alaska<\/h1>\n<p>La Doudoune longue ALASKA de haute qualit\u00e9 est faite pour vous si vous \u00eates \u00e0 la recherche d\u2019un manteau long femme qui ne d\u00e9voile pas vos formes et que vous pourrez porter au-dessous d\u2019une abaya robe longue ou de vos jilbab deux pi\u00e8ces. Elle accompagnera vos abaya papillon, vos robes hijab hiver&#8230; Bref, cet \u00e9pais anorak matelass\u00e9 d\u2019Hiver sera id\u00e9al pour la saison automne hiver et se mariera avec n\u2019importe quelle pi\u00e8ce de votre dressing en y ajoutant sa touche ultra chic et tendance !<\/p>\n<p>Son tissu, extr\u00eamement \u00e9pais, vous prot\u00e9gera du froid en faisant barri\u00e8re. La doudoune Alaska deviendra donc un indispensable pour vous. Ce gros manteau hijab hiver fashion pr\u00e9sente une jolie capuche et deux ficelles pour pouvoir l\u2019ajuster, deux poches plaqu\u00e9es pour prot\u00e9ger ses mains du froid ou pour y glisser son smartphone. Elle poss\u00e8de \u00e9galement deux fentes sur les c\u00f4t\u00e9s qui la subliment. Cette doudoune islamique a, pour plus de confort et d\u2019utilit\u00e9, une fermeture \u00e0 bouton et \u00e0 ZIP. Les boutons pr\u00e9sents sont l\u00e0 pour \u00e9viter la d\u00e9marche de pingouin !<\/p>\n<p>Une coupe bien longue qui lui apporte une certaine \u00e9l\u00e9gance et appuie la mode femme islam. Elle mettra en valeur toutes vos tenues islamiques. Les couleurs propos\u00e9es si\u00e9ront parfaitement avec celles de votre dressing. Elle sera la touche finale de votre tenue musulmane moderne.<\/p>\n<p>Nous la conseillons tout personnellement port\u00e9e avec l&#8217;ensemble jupe col polo que nous proposons sur le site accompagn\u00e9 d\u2019un hijab jazz \u00e0 enfiler, pour un total look hijab modest fashion ! Ou comme pr\u00e9sentement, accompagn\u00e9e d\u2019un ensemble jupe col polo tr\u00e8s sympathique.<\/p>\n<p>Des tailles standards allant du S au L. Notre mod\u00e8le mesure quant \u00e0 elle 1m73 et porte du M.<\/p>\n<p>Pour une multitude de style vestimentaire islamique, d\u00e9couvrez l\u2019ensemble de notre vaste gamme de abaya musulmanes et de nos jolies robes Mastour.<\/p>\n<p>126cm de longueur environ<\/p>\n<p>S convient au 36-38<\/p>\n<p>M convient au 40-42<\/p>\n<p>L convient au 44-46<\/p>\n<p>Notre mannequin mesure 1m73 et porte une taille M pour un 38 habituel et elle porte une taille M<\/p>\n<p>Dimension de la doudoune: 1m10<\/p>\n<p><a href=\"https:\/\/www.instagram.com\/boxforsister\/\">Suivez nos tendances et tutos sur Instagram<\/a><\/p>","protected":false},"excerpt":{"rendered":"<p>La Doudoune longue ALASKA de haute qualit\u00e9 est faite pour vous si vous \u00eates \u00e0 la recherche d\u2019un manteau long femme qui ne d\u00e9voile pas vos formes et que vous pourrez porter au-dessous d\u2019une abaya robe longue ou de vos jilbab deux pi\u00e8ces. Elle accompagnera vos abaya papillon, vos robes hijab hiver\u2026 Bref, cet \u00e9pais anorak matelass\u00e9 d\u2019Hiver sera id\u00e9al pour la saison automne-hiver et se mariera avec n\u2019importe quelle pi\u00e8ce de votre dressing en y ajoutant sa touche ultra chic et tendance !<\/p>\n<p>Son tissu, extr\u00eamement \u00e9pais, vous prot\u00e9gera du froid en faisant barri\u00e8re. La doudoune Alaska deviendra donc un indispensable pour vous. Ce gros manteau hijab hiver fashion pr\u00e9sente une jolie capuche et deux ficelles pour pouvoir l\u2019ajuster, deux poches plaqu\u00e9es pour prot\u00e9ger ses mains du froid ou pour y glisser son smartphone. Elle poss\u00e8de \u00e9galement deux fentes sur les c\u00f4t\u00e9s qui la subliment. Cette doudoune islamique a, pour plus de confort et d\u2019utilit\u00e9, une fermeture \u00e0 bouton et \u00e0 ZIP. Les boutons pr\u00e9sents sont l\u00e0 pour \u00e9viter la d\u00e9marche de pingouin !<\/p>\n<p>Une coupe bien longue qui lui apporte une certaine \u00e9l\u00e9gance et appuie la mode femme islam. Elle mettra en valeur toutes vos tenues islamiques. Les couleurs propos\u00e9es si\u00e9ront parfaitement avec celles de votre dressing. Elle sera la touche finale de votre tenue musulmane moderne.<\/p>\n<p>Nous la conseillons tout personnellement port\u00e9e avec l\u2019ensemble jupe col polo que nous proposons sur le site accompagn\u00e9 d\u2019un hijab jazz \u00e0 enfiler, pour un total look hijab modest fashion ! Ou comme pr\u00e9sentement, accompagn\u00e9e d\u2019un ensemble jupe col polo tr\u00e8s sympathique.<\/p>\n<p>Des tailles standards allant du S au L. Notre mod\u00e8le mesure quant \u00e0 elle 1m73 et porte du M.<\/p>\n<p>Pour une multitude de style vestimentaire islamique, d\u00e9couvrez l\u2019ensemble de notre vaste gamme de abaya musulmanes et de nos jolies robes mastour.<\/p>\n<p>126cm de longueur environ<\/p>\n<p>S convient au 36-38<\/p>\n<p>M convient au 40-42<\/p>\n<p>L convient au 44-46<\/p>\n<p>Dimension de la doudoune: 1m10<\/p>\n<p>Notre mannequin mesure 1m73 et porte une taille M pour un 38 habituel et elle porte une taille M<\/p>","protected":false},"featured_media":3202459,"comment_status":"open","ping_status":"closed","template":"","meta":{"_acf_changed":false,"_mo_disable_npp":""},"product_brand":[],"product_cat":[411,558,569,209,567,429,363,205,364],"product_tag":[],"giftcard-category":[],"class_list":{"0":"post-127441","1":"product","2":"type-product","3":"status-publish","4":"has-post-thumbnail","6":"product_cat-soldes-2023","7":"product_cat-black-november-2024","8":"product_cat-black-november-2025","9":"product_cat-destockage","10":"product_cat-destockage-printemps","11":"product_cat-e-o","12":"product_cat-manteaux-et-vestes","13":"product_cat-pret-a-porter-pour-femme-musulmane","14":"product_cat-collection-hiver","16":"first","17":"instock","18":"sale","19":"taxable","20":"shipping-taxable","21":"purchasable","22":"product-type-variable","23":"rtwpvs-product"},"composite_virtual":false,"composite_layout":"","composite_add_to_cart_form_location":"","composite_editable_in_cart":false,"composite_sold_individually_context":"","composite_shop_price_calc":"","composite_components":[],"composite_scenarios":[],"acf":[],"yoast_head":"<!-- This site is optimized with the Yoast SEO plugin v26.6 - https:\/\/yoast.com\/wordpress\/plugins\/seo\/ -->\n<title>Doudoune Longue Alaska - Moonia Boutique<\/title>\n<meta name=\"description\" content=\"La Doudoune longue ALASKA de haute qualit\u00e9 est faite pour vous si vous \u00eates \u00e0 la recherche d\u2019un manteau long femme qui ne d\u00e9voile pas vos formes\" \/>\n<meta name=\"robots\" content=\"index, follow, max-snippet:-1, max-image-preview:large, max-video-preview:-1\" \/>\n<link rel=\"canonical\" href=\"https:\/\/moonia-boutique.com\/en\/product\/doudoune-longue-alaska\/\" \/>\n<meta property=\"og:locale\" content=\"en_GB\" \/>\n<meta property=\"og:type\" content=\"article\" \/>\n<meta property=\"og:title\" content=\"Doudoune Longue Alaska - Moonia Boutique\" \/>\n<meta property=\"og:description\" content=\"La Doudoune longue ALASKA de haute qualit\u00e9 est faite pour vous si vous \u00eates \u00e0 la recherche d\u2019un manteau long femme qui ne d\u00e9voile pas vos formes\" \/>\n<meta property=\"og:url\" content=\"https:\/\/moonia-boutique.com\/en\/product\/doudoune-longue-alaska\/\" \/>\n<meta property=\"og:site_name\" content=\"Moonia Boutique\" \/>\n<meta property=\"article:modified_time\" content=\"2025-11-08T09:17:29+00:00\" \/>\n<meta property=\"og:image\" content=\"http:\/\/moonia-boutique.com\/wp-content\/uploads\/2022\/11\/img_9096.jpeg\" \/>\n\t<meta property=\"og:image:width\" content=\"864\" \/>\n\t<meta property=\"og:image:height\" content=\"1184\" \/>\n\t<meta property=\"og:image:type\" content=\"image\/jpeg\" \/>\n<meta name=\"twitter:card\" content=\"summary_large_image\" \/>\n<meta name=\"twitter:label1\" content=\"Estimated reading time\" \/>\n\t<meta name=\"twitter:data1\" content=\"3 minutes\" \/>\n<script type=\"application\/ld+json\" class=\"yoast-schema-graph\">{\"@context\":\"https:\/\/schema.org\",\"@graph\":[{\"@type\":\"WebPage\",\"@id\":\"https:\/\/moonia-boutique.com\/produit\/doudoune-longue-alaska\/\",\"url\":\"https:\/\/moonia-boutique.com\/produit\/doudoune-longue-alaska\/\",\"name\":\"Doudoune Longue Alaska - Moonia Boutique\",\"isPartOf\":{\"@id\":\"https:\/\/moonia-boutique.com\/#website\"},\"primaryImageOfPage\":{\"@id\":\"https:\/\/moonia-boutique.com\/produit\/doudoune-longue-alaska\/#primaryimage\"},\"image\":{\"@id\":\"https:\/\/moonia-boutique.com\/produit\/doudoune-longue-alaska\/#primaryimage\"},\"thumbnailUrl\":\"https:\/\/moonia-boutique.com\/wp-content\/uploads\/2022\/11\/img_9096.jpeg\",\"datePublished\":\"2022-11-30T10:25:52+00:00\",\"dateModified\":\"2025-11-08T09:17:29+00:00\",\"description\":\"La Doudoune longue ALASKA de haute qualit\u00e9 est faite pour vous si vous \u00eates \u00e0 la recherche d\u2019un manteau long femme qui ne d\u00e9voile pas vos formes\",\"breadcrumb\":{\"@id\":\"https:\/\/moonia-boutique.com\/produit\/doudoune-longue-alaska\/#breadcrumb\"},\"inLanguage\":\"en-GB\",\"potentialAction\":[{\"@type\":\"ReadAction\",\"target\":[\"https:\/\/moonia-boutique.com\/produit\/doudoune-longue-alaska\/\"]}]},{\"@type\":\"ImageObject\",\"inLanguage\":\"en-GB\",\"@id\":\"https:\/\/moonia-boutique.com\/produit\/doudoune-longue-alaska\/#primaryimage\",\"url\":\"https:\/\/moonia-boutique.com\/wp-content\/uploads\/2022\/11\/img_9096.jpeg\",\"contentUrl\":\"https:\/\/moonia-boutique.com\/wp-content\/uploads\/2022\/11\/img_9096.jpeg\",\"width\":864,\"height\":1184,\"caption\":\"Doudoune Longue Chaude Noir\"},{\"@type\":\"BreadcrumbList\",\"@id\":\"https:\/\/moonia-boutique.com\/produit\/doudoune-longue-alaska\/#breadcrumb\",\"itemListElement\":[{\"@type\":\"ListItem\",\"position\":1,\"name\":\"Accueil\",\"item\":\"https:\/\/moonia-boutique.com\/\"},{\"@type\":\"ListItem\",\"position\":2,\"name\":\"Boutique Femme Musulmane\",\"item\":\"https:\/\/moonia-boutique.com\/boutique\/\"},{\"@type\":\"ListItem\",\"position\":3,\"name\":\"Doudoune Longue Alaska\"}]},{\"@type\":\"WebSite\",\"@id\":\"https:\/\/moonia-boutique.com\/#website\",\"url\":\"https:\/\/moonia-boutique.com\/\",\"name\":\"Moonia Boutique\",\"description\":\"Moonia Boutique - Le site de mode de la femme musulmane !\",\"publisher\":{\"@id\":\"https:\/\/moonia-boutique.com\/#organization\"},\"potentialAction\":[{\"@type\":\"SearchAction\",\"target\":{\"@type\":\"EntryPoint\",\"urlTemplate\":\"https:\/\/moonia-boutique.com\/?s={search_term_string}\"},\"query-input\":{\"@type\":\"PropertyValueSpecification\",\"valueRequired\":true,\"valueName\":\"search_term_string\"}}],\"inLanguage\":\"en-GB\"},{\"@type\":\"Organization\",\"@id\":\"https:\/\/moonia-boutique.com\/#organization\",\"name\":\"Moonia Boutique\",\"url\":\"https:\/\/moonia-boutique.com\/\",\"logo\":{\"@type\":\"ImageObject\",\"inLanguage\":\"en-GB\",\"@id\":\"https:\/\/moonia-boutique.com\/#\/schema\/logo\/image\/\",\"url\":\"https:\/\/moonia-boutique.com\/wp-content\/uploads\/2023\/08\/Sans-titre-1000-x-1000-px.png\",\"contentUrl\":\"https:\/\/moonia-boutique.com\/wp-content\/uploads\/2023\/08\/Sans-titre-1000-x-1000-px.png\",\"width\":1000,\"height\":1000,\"caption\":\"Moonia Boutique\"},\"image\":{\"@id\":\"https:\/\/moonia-boutique.com\/#\/schema\/logo\/image\/\"}}]}<\/script>\n<!-- \/ Yoast SEO plugin. -->","yoast_head_json":{"title":"Doudoune Longue Alaska - Moonia Boutique","description":"La Doudoune longue ALASKA de haute qualit\u00e9 est faite pour vous si vous \u00eates \u00e0 la recherche d\u2019un manteau long femme qui ne d\u00e9voile pas vos formes","robots":{"index":"index","follow":"follow","max-snippet":"max-snippet:-1","max-image-preview":"max-image-preview:large","max-video-preview":"max-video-preview:-1"},"canonical":"https:\/\/moonia-boutique.com\/en\/product\/doudoune-longue-alaska\/","og_locale":"en_GB","og_type":"article","og_title":"Doudoune Longue Alaska - Moonia Boutique","og_description":"La Doudoune longue ALASKA de haute qualit\u00e9 est faite pour vous si vous \u00eates \u00e0 la recherche d\u2019un manteau long femme qui ne d\u00e9voile pas vos formes","og_url":"https:\/\/moonia-boutique.com\/en\/product\/doudoune-longue-alaska\/","og_site_name":"Moonia Boutique","article_modified_time":"2025-11-08T09:17:29+00:00","og_image":[{"width":864,"height":1184,"url":"http:\/\/moonia-boutique.com\/wp-content\/uploads\/2022\/11\/img_9096.jpeg","type":"image\/jpeg"}],"twitter_card":"summary_large_image","twitter_misc":{"Estimated reading time":"3 minutes"},"schema":{"@context":"https:\/\/schema.org","@graph":[{"@type":"WebPage","@id":"https:\/\/moonia-boutique.com\/produit\/doudoune-longue-alaska\/","url":"https:\/\/moonia-boutique.com\/produit\/doudoune-longue-alaska\/","name":"Doudoune Longue Alaska - Moonia Boutique","isPartOf":{"@id":"https:\/\/moonia-boutique.com\/#website"},"primaryImageOfPage":{"@id":"https:\/\/moonia-boutique.com\/produit\/doudoune-longue-alaska\/#primaryimage"},"image":{"@id":"https:\/\/moonia-boutique.com\/produit\/doudoune-longue-alaska\/#primaryimage"},"thumbnailUrl":"https:\/\/moonia-boutique.com\/wp-content\/uploads\/2022\/11\/img_9096.jpeg","datePublished":"2022-11-30T10:25:52+00:00","dateModified":"2025-11-08T09:17:29+00:00","description":"La Doudoune longue ALASKA de haute qualit\u00e9 est faite pour vous si vous \u00eates \u00e0 la recherche d\u2019un manteau long femme qui ne d\u00e9voile pas vos formes","breadcrumb":{"@id":"https:\/\/moonia-boutique.com\/produit\/doudoune-longue-alaska\/#breadcrumb"},"inLanguage":"en-GB","potentialAction":[{"@type":"ReadAction","target":["https:\/\/moonia-boutique.com\/produit\/doudoune-longue-alaska\/"]}]},{"@type":"ImageObject","inLanguage":"en-GB","@id":"https:\/\/moonia-boutique.com\/produit\/doudoune-longue-alaska\/#primaryimage","url":"https:\/\/moonia-boutique.com\/wp-content\/uploads\/2022\/11\/img_9096.jpeg","contentUrl":"https:\/\/moonia-boutique.com\/wp-content\/uploads\/2022\/11\/img_9096.jpeg","width":864,"height":1184,"caption":"Doudoune Longue Chaude Noir"},{"@type":"BreadcrumbList","@id":"https:\/\/moonia-boutique.com\/produit\/doudoune-longue-alaska\/#breadcrumb","itemListElement":[{"@type":"ListItem","position":1,"name":"Accueil","item":"https:\/\/moonia-boutique.com\/"},{"@type":"ListItem","position":2,"name":"Boutique Femme Musulmane","item":"https:\/\/moonia-boutique.com\/boutique\/"},{"@type":"ListItem","position":3,"name":"Doudoune Longue Alaska"}]},{"@type":"WebSite","@id":"https:\/\/moonia-boutique.com\/#website","url":"https:\/\/moonia-boutique.com\/","name":"Moonia Boutique","description":"Moonia Boutique - Le site de mode de la femme musulmane !","publisher":{"@id":"https:\/\/moonia-boutique.com\/#organization"},"potentialAction":[{"@type":"SearchAction","target":{"@type":"EntryPoint","urlTemplate":"https:\/\/moonia-boutique.com\/?s={search_term_string}"},"query-input":{"@type":"PropertyValueSpecification","valueRequired":true,"valueName":"search_term_string"}}],"inLanguage":"en-GB"},{"@type":"Organization","@id":"https:\/\/moonia-boutique.com\/#organization","name":"Moonia Boutique","url":"https:\/\/moonia-boutique.com\/","logo":{"@type":"ImageObject","inLanguage":"en-GB","@id":"https:\/\/moonia-boutique.com\/#\/schema\/logo\/image\/","url":"https:\/\/moonia-boutique.com\/wp-content\/uploads\/2023\/08\/Sans-titre-1000-x-1000-px.png","contentUrl":"https:\/\/moonia-boutique.com\/wp-content\/uploads\/2023\/08\/Sans-titre-1000-x-1000-px.png","width":1000,"height":1000,"caption":"Moonia Boutique"},"image":{"@id":"https:\/\/moonia-boutique.com\/#\/schema\/logo\/image\/"}}]}},"jetpack_sharing_enabled":true,"_links":{"self":[{"href":"https:\/\/moonia-boutique.com\/en\/wp-json\/wp\/v2\/product\/127441","targetHints":{"allow":["GET"]}}],"collection":[{"href":"https:\/\/moonia-boutique.com\/en\/wp-json\/wp\/v2\/product"}],"about":[{"href":"https:\/\/moonia-boutique.com\/en\/wp-json\/wp\/v2\/types\/product"}],"replies":[{"embeddable":true,"href":"https:\/\/moonia-boutique.com\/en\/wp-json\/wp\/v2\/comments?post=127441"}],"wp:featuredmedia":[{"embeddable":true,"href":"https:\/\/moonia-boutique.com\/en\/wp-json\/wp\/v2\/media\/3202459"}],"wp:attachment":[{"href":"https:\/\/moonia-boutique.com\/en\/wp-json\/wp\/v2\/media?parent=127441"}],"wp:term":[{"taxonomy":"product_brand","embeddable":true,"href":"https:\/\/moonia-boutique.com\/en\/wp-json\/wp\/v2\/product_brand?post=127441"},{"taxonomy":"product_cat","embeddable":true,"href":"https:\/\/moonia-boutique.com\/en\/wp-json\/wp\/v2\/product_cat?post=127441"},{"taxonomy":"product_tag","embeddable":true,"href":"https:\/\/moonia-boutique.com\/en\/wp-json\/wp\/v2\/product_tag?post=127441"},{"taxonomy":"giftcard-category","embeddable":true,"href":"https:\/\/moonia-boutique.com\/en\/wp-json\/wp\/v2\/giftcard-category?post=127441"}],"curies":[{"name":"wp","href":"https:\/\/api.w.org\/{rel}","templated":true}]}}