{"id":134307,"date":"2023-01-08T15:50:38","date_gmt":"2023-01-08T14:50:38","guid":{"rendered":"https:\/\/moonia-boutique.com\/?post_type=product&#038;p=134307"},"modified":"2025-12-05T12:44:53","modified_gmt":"2025-12-05T11:44:53","slug":"emir-box","status":"publish","type":"product","link":"https:\/\/moonia-boutique.com\/en\/product\/emir-box\/","title":{"rendered":"Coffret Homme musulman Emir Box"},"content":{"rendered":"<p><span style=\"font-family: Helvetica;\">D\u00e9couvrez <strong>L&#8217;Emir Box, <\/strong>un coffret <strong>pr\u00eat \u00e0 offrir<\/strong> ! C&#8217;est un <strong>magnifique<\/strong> <strong>coffret pour Homme <\/strong>avec <strong>Coran.<\/strong><\/span><\/p>\n<h3><span style=\"font-family: Helvetica;\"><strong>Composition de l&#8217;Emir Box<\/strong>:<\/span><\/h3>\n<p><span style=\"font-family: Helvetica;\">&#8211; Le <strong>Coran<\/strong> <strong>Noir<\/strong>: \u00e9crit en <strong>arabe<\/strong> avec la <strong>traduction<\/strong> en <strong>fran\u00e7ais<\/strong>. Traduction r\u00e9alis\u00e9e par le complexe du Roi Fahd \u00e0 <strong>M\u00e9dine<\/strong>.<\/span><\/p>\n<p><span style=\"font-family: Helvetica;\">&#8211; Le<strong> tapis luxe<\/strong> :<span style=\"font-size: 16px; font-style: normal; letter-spacing: normal; text-align: center; text-indent: 0px; text-transform: none; text-decoration: none; float: none;\"> Un <strong>tapis<\/strong> <\/span><strong><span style=\"font-size: 16px; font-style: normal; letter-spacing: normal; text-align: center; text-indent: 0px; text-transform: none; text-decoration: none; float: none;\">\u00e9pais<\/span><\/strong><span style=\"font-size: 16px; font-style: normal; letter-spacing: normal; text-align: center; text-indent: 0px; text-transform: none; text-decoration: none; float: none;\"> tr\u00e8s<\/span> <strong>confortable<\/strong> <span style=\"font-size: 16px; font-style: normal; letter-spacing: normal; text-align: center; text-indent: 0px; text-transform: none; text-decoration: none; float: none;\">de <\/span><span style=\"font-size: 16px; font-style: normal; letter-spacing: normal; text-align: center; text-indent: 0px; text-transform: none; text-decoration: none; float: none;\">grande <strong>qualit\u00e9<\/strong><\/span><span style=\"font-size: 16px; font-style: normal; letter-spacing: normal; text-align: center; text-indent: 0px; text-transform: none; text-decoration: none; float: none;\"> et fabriqu\u00e9 en<\/span> <strong>Turquie<\/strong><span style=\"font-size: 16px; font-style: normal; letter-spacing: normal; text-align: center; text-indent: 0px; text-transform: none; text-decoration: none; float: none;\">. Sa <strong>mati\u00e8re<\/strong><\/span> <span style=\"font-size: 16px; font-style: normal; letter-spacing: normal; text-align: center; text-indent: 0px; text-transform: none; text-decoration: none; float: none;\">vous apportera<\/span> <strong>douceur<\/strong> <span style=\"font-size: 16px; font-style: normal; letter-spacing: normal; text-align: center; text-indent: 0px; text-transform: none; text-decoration: none; float: none;\">et une\u00a0<\/span><strong>agr\u00e9able<\/strong> <span style=\"font-size: 16px; font-style: normal; letter-spacing: normal; text-align: center; text-indent: 0px; text-transform: none; text-decoration: none; float: none;\"><strong>sensation<\/strong> au touch\u00e9.<\/span><\/span><\/p>\n<p><span style=\"font-family: Helvetica;\">&#8211; La <strong><em>Citadelle du musulman<\/em><\/strong>: couverture <strong>noire<\/strong> et <strong>dor\u00e9e<\/strong> (fran\u00e7ais\/ arabe\/ phon\u00e9tique). C&#8217;est le livre qui regroupe toutes les <strong>invocations<\/strong> dont le <strong>musulman<\/strong> a besoin.<\/span><\/p>\n<p><span style=\"font-family: Helvetica;\">&#8211; Le <strong>Livre <\/strong>&#8220;<em><strong>Le Tawhid<\/strong><\/em>&#8220;: Livre de couleur noir ou le livre &#8220;la description de la Pri\u00e8re du Proph\u00e8te(sws)&#8221; de couleur Bleu.<\/span><\/p>\n<p><span style=\"font-family: Helvetica;\">&#8211; Une <strong>huile \u00e0 barbe<\/strong>: Cette\u00a0<strong>huile<\/strong>\u00a0non grasse est <strong>absorbante<\/strong>,\u00a0<strong>adoucit<\/strong>\u00a0la\u00a0<strong>barbe<\/strong>\u00a0et\u00a0<strong>hydrate<\/strong>\u00a0la\u00a0<strong>peau<\/strong>. Enrichi d\u2019huile\u00a0<strong>pure<\/strong>\u00a0et\u00a0<strong>naturelle<\/strong>, ce m\u00e9lange ultra nutritif p\u00e9n\u00e8tre rapidement pour\u00a0<strong>hydrater<\/strong>\u00a0et\u00a0<strong>r\u00e9g\u00e9n\u00e9rer<\/strong> les peaux s\u00e8che.<\/span><\/p>\n<p><span style=\"font-family: Helvetica;\">&#8211; Un <strong>musc pour homme.<\/strong><\/span><\/p>\n<p><span style=\"font-family: Helvetica;\">&#8211; Le tout est emball\u00e9 dans une <strong>Box<\/strong> avec un logo <strong>Box For Brother offert<\/strong>: Parfait pour <strong>offrir<\/strong> \u00e0 un <strong>homme<\/strong> <strong>musulman<\/strong>.<\/span><\/p>\n<p><span style=\"font-family: Helvetica;\">Avec le <strong>coffret Coran Emir Box<\/strong>, vous \u00eates s\u00fbr de faire un <strong>heureux<\/strong>. C&#8217;est un <strong>cadeau original<\/strong> et tellement utile pour une <strong>conversion<\/strong> ou pour une personne qui se met \u00e0 <strong>prier<\/strong> ou qui souhaite renforcer sa relation avec son <strong>Cr\u00e9ateur<\/strong>. C&#8217;est un coffret exclusivement pour <strong>homme musulmane<\/strong>.<\/span><\/p>\n<p><span style=\"font-family: Helvetica;\">D\u00e9couvrez aussi notre collection de <strong><a href=\"https:\/\/moonia-boutique.com\/en\/product-category\/nos-boxs\/box-prete-a-offrir\/?_ga=2.227183387.746101221.1632574855-1487210365.1609018413\">coffret pr\u00eat \u00e0 offrir\u00a0<\/a><\/strong>.<\/span><\/p>","protected":false},"excerpt":{"rendered":"<p><span style=\"font-family: Helvetica;\">D\u00e9couvrez L\u2019Emir <strong>Box, <\/strong>un coffret <strong>pr\u00eat \u00e0 offrir<\/strong> ! C\u2019est un <strong>magnifique<\/strong> <strong>coffret pour Homme <\/strong>avec <strong>Coran.<\/strong><\/span><\/p>\n<h3><span style=\"font-family: Helvetica;\"><strong>Composition<\/strong>:<\/span><\/h3>\n<p><span style=\"font-family: Helvetica;\">\u2013 Le <strong>Coran<\/strong> <strong>Noir<\/strong>: \u00e9crit en <strong>arabe<\/strong> avec la <strong>traduction<\/strong> en <strong>fran\u00e7ais<\/strong>. Traduction r\u00e9alis\u00e9e par le complexe du Roi Fahd \u00e0 <strong>M\u00e9dine<\/strong>.<\/span><\/p>\n<p><span style=\"font-family: Helvetica;\">\u2013 Le<strong> tapis luxe<\/strong> :<span style=\"font-size: 16px; font-style: normal; letter-spacing: normal; text-align: center; text-indent: 0px; text-transform: none; text-decoration: none; float: none;\"> Un <strong>tapis<\/strong> <\/span><strong><span style=\"font-size: 16px; font-style: normal; letter-spacing: normal; text-align: center; text-indent: 0px; text-transform: none; text-decoration: none; float: none;\">\u00e9pais<\/span><\/strong><span style=\"font-size: 16px; font-style: normal; letter-spacing: normal; text-align: center; text-indent: 0px; text-transform: none; text-decoration: none; float: none;\"> tr\u00e8s<\/span> <strong>confortable<\/strong> <span style=\"font-size: 16px; font-style: normal; letter-spacing: normal; text-align: center; text-indent: 0px; text-transform: none; text-decoration: none; float: none;\">de <\/span><span style=\"font-size: 16px; font-style: normal; letter-spacing: normal; text-align: center; text-indent: 0px; text-transform: none; text-decoration: none; float: none;\">grande <strong>qualit\u00e9<\/strong><\/span><span style=\"font-size: 16px; font-style: normal; letter-spacing: normal; text-align: center; text-indent: 0px; text-transform: none; text-decoration: none; float: none;\"> et fabriqu\u00e9 en<\/span> <strong>Turquie<\/strong><span style=\"font-size: 16px; font-style: normal; letter-spacing: normal; text-align: center; text-indent: 0px; text-transform: none; text-decoration: none; float: none;\">. Sa <strong>mati\u00e8re<\/strong><\/span> <span style=\"font-size: 16px; font-style: normal; letter-spacing: normal; text-align: center; text-indent: 0px; text-transform: none; text-decoration: none; float: none;\">vous apportera<\/span> <strong>douceur<\/strong> <span style=\"font-size: 16px; font-style: normal; letter-spacing: normal; text-align: center; text-indent: 0px; text-transform: none; text-decoration: none; float: none;\">et une\u00a0<\/span><strong>agr\u00e9able<\/strong> <span style=\"font-size: 16px; font-style: normal; letter-spacing: normal; text-align: center; text-indent: 0px; text-transform: none; text-decoration: none; float: none;\"><strong>sensation<\/strong> au touch\u00e9.<\/span><\/span><\/p>\n<p><span style=\"font-family: Helvetica;\">\u2013 La <strong><em>Citadelle du musulman<\/em><\/strong>: couverture <strong>noire<\/strong> et <strong>dor\u00e9e<\/strong> (fran\u00e7ais\/ arabe\/ phon\u00e9tique). C\u2019est le livre qui regroupe toutes les <strong>invocations<\/strong> dont le <strong>musulman<\/strong> a besoin.<\/span><\/p>\n<p><span style=\"font-family: Helvetica;\">\u2013 Le <strong>Livre <\/strong>\u201c<em><strong>Le Tawhid<\/strong><\/em>\u201c: Livre de couleur noir ou le livre \u201cla description de la Pri\u00e8re du Proph\u00e8te(sws)\u201d de couleur Bleu.<\/span><\/p>\n<p><span style=\"font-family: Helvetica;\">\u2013 Une <strong>huile \u00e0 barbe<\/strong>: Cette\u00a0<strong>huile<\/strong>\u00a0non grasse est <strong>absorbante<\/strong>,\u00a0<strong>adoucit<\/strong>\u00a0la\u00a0<strong>barbe<\/strong>\u00a0et\u00a0<strong>hydrate<\/strong>\u00a0la\u00a0<strong>peau<\/strong>. Enrichi d\u2019huile\u00a0<strong>pure<\/strong>\u00a0et\u00a0<strong>naturelle<\/strong>, ce m\u00e9lange ultra nutritif p\u00e9n\u00e8tre rapidement pour\u00a0<strong>hydrater<\/strong>\u00a0et\u00a0<strong>r\u00e9g\u00e9n\u00e9rer<\/strong> les peaux s\u00e8che.<\/span><\/p>\n<p><span style=\"font-family: Helvetica;\">\u2013 Un <strong>musc pour homme.<\/strong><\/span><\/p>\n<p><span style=\"font-family: Helvetica;\">\u2013 Le tout est emball\u00e9 dans une <strong>Box<\/strong> avec un logo <strong>Box For Brother offert<\/strong>: Parfait pour <strong>offrir<\/strong> \u00e0 un <strong>homme<\/strong> <strong>musulman<\/strong>.<\/span><\/p>\n<p><span style=\"font-family: Helvetica;\">Avec le <strong>coffret Coran Emir Box<\/strong>, vous \u00eates s\u00fbr de faire un <strong>heureux<\/strong>. C\u2019est un <strong>cadeau original<\/strong> et tellement utile pour une <strong>conversion<\/strong> ou pour une personne qui se met \u00e0 <strong>prier<\/strong> ou qui souhaite renforcer sa relation avec son <strong>Cr\u00e9ateur<\/strong>. C\u2019est un coffret exclusivement pour <strong>homme musulmane<\/strong>.<\/span><\/p>\n<p><span style=\"font-family: Helvetica;\">D\u00e9couvrez aussi notre collection de <strong><a href=\"https:\/\/moonia-boutique.com\/en\/product-category\/nos-boxs\/box-prete-a-offrir\/?_ga=2.227183387.746101221.1632574855-1487210365.1609018413\">coffret pr\u00eat \u00e0 offrir\u00a0<\/a><\/strong>.<\/span><\/p>\n<p><span style=\"color: #ed1c24;\">En cas d\u2019indisponibilit\u00e9, nous substituons l\u2019article manquant par un produit d\u2019une valeur \u00e9gale ou sup\u00e9rieure.<\/span><\/p>","protected":false},"featured_media":134305,"comment_status":"open","ping_status":"closed","template":"","meta":{"_acf_changed":false,"_mo_disable_npp":""},"product_brand":[],"product_cat":[197,206,539,441,518,431,436,424,215,370],"product_tag":[],"giftcard-category":[],"class_list":{"0":"post-134307","1":"product","2":"type-product","3":"status-publish","4":"has-post-thumbnail","6":"product_cat-box-prete-a-offrir","7":"product_cat-coffret-cadeau-islamique","8":"product_cat-coffret-coran","9":"product_cat-coffret-islam-homme","10":"product_cat-coran-arabe-francais","11":"product_cat-f-t","12":"product_cat-ori","13":"product_cat-collection-ramadan","14":"product_cat-vetement-musulman-pour-homme","15":"product_cat-z-i","17":"first","18":"instock","19":"sale","20":"taxable","21":"shipping-taxable","22":"purchasable","23":"product-type-variable","24":"rtwpvs-product"},"composite_virtual":false,"composite_layout":"","composite_add_to_cart_form_location":"","composite_editable_in_cart":false,"composite_sold_individually_context":"","composite_shop_price_calc":"","composite_components":[],"composite_scenarios":[],"acf":[],"yoast_head":"<!-- This site is optimized with the Yoast SEO plugin v26.6 - https:\/\/yoast.com\/wordpress\/plugins\/seo\/ -->\n<title>Coffret Homme musulman Emir Box - Moonia Boutique<\/title>\n<meta name=\"description\" content=\"D\u00e9couvrez L&#039;Emir Box, un coffret pr\u00eat \u00e0 offrir ! C&#039;est un magnifique coffret pour Homme avec Coran.\" \/>\n<meta name=\"robots\" content=\"index, follow, max-snippet:-1, max-image-preview:large, max-video-preview:-1\" \/>\n<link rel=\"canonical\" href=\"https:\/\/moonia-boutique.com\/en\/product\/emir-box\/\" \/>\n<meta property=\"og:locale\" content=\"en_GB\" \/>\n<meta property=\"og:type\" content=\"article\" \/>\n<meta property=\"og:title\" content=\"Coffret Homme musulman Emir Box - Moonia Boutique\" \/>\n<meta property=\"og:description\" content=\"D\u00e9couvrez L&#039;Emir Box, un coffret pr\u00eat \u00e0 offrir ! C&#039;est un magnifique coffret pour Homme avec Coran.\" \/>\n<meta property=\"og:url\" content=\"https:\/\/moonia-boutique.com\/en\/product\/emir-box\/\" \/>\n<meta property=\"og:site_name\" content=\"Moonia Boutique\" \/>\n<meta property=\"article:modified_time\" content=\"2025-12-05T11:44:53+00:00\" \/>\n<meta property=\"og:image\" content=\"http:\/\/moonia-boutique.com\/wp-content\/uploads\/2023\/01\/D94FC2CD-39D9-4156-9016-CFB5A6A27763-scaled.jpeg\" \/>\n\t<meta property=\"og:image:width\" content=\"1536\" \/>\n\t<meta property=\"og:image:height\" content=\"2048\" \/>\n\t<meta property=\"og:image:type\" content=\"image\/jpeg\" \/>\n<meta name=\"twitter:card\" content=\"summary_large_image\" \/>\n<meta name=\"twitter:label1\" content=\"Estimated reading time\" \/>\n\t<meta name=\"twitter:data1\" content=\"2 minutes\" \/>\n<script type=\"application\/ld+json\" class=\"yoast-schema-graph\">{\"@context\":\"https:\/\/schema.org\",\"@graph\":[{\"@type\":\"WebPage\",\"@id\":\"https:\/\/moonia-boutique.com\/produit\/emir-box\/\",\"url\":\"https:\/\/moonia-boutique.com\/produit\/emir-box\/\",\"name\":\"Coffret Homme musulman Emir Box - Moonia Boutique\",\"isPartOf\":{\"@id\":\"https:\/\/moonia-boutique.com\/#website\"},\"primaryImageOfPage\":{\"@id\":\"https:\/\/moonia-boutique.com\/produit\/emir-box\/#primaryimage\"},\"image\":{\"@id\":\"https:\/\/moonia-boutique.com\/produit\/emir-box\/#primaryimage\"},\"thumbnailUrl\":\"https:\/\/moonia-boutique.com\/wp-content\/uploads\/2023\/01\/D94FC2CD-39D9-4156-9016-CFB5A6A27763-scaled.jpeg\",\"datePublished\":\"2023-01-08T14:50:38+00:00\",\"dateModified\":\"2025-12-05T11:44:53+00:00\",\"description\":\"D\u00e9couvrez L'Emir Box, un coffret pr\u00eat \u00e0 offrir ! C'est un magnifique coffret pour Homme avec Coran.\",\"breadcrumb\":{\"@id\":\"https:\/\/moonia-boutique.com\/produit\/emir-box\/#breadcrumb\"},\"inLanguage\":\"en-GB\",\"potentialAction\":[{\"@type\":\"ReadAction\",\"target\":[\"https:\/\/moonia-boutique.com\/produit\/emir-box\/\"]}]},{\"@type\":\"ImageObject\",\"inLanguage\":\"en-GB\",\"@id\":\"https:\/\/moonia-boutique.com\/produit\/emir-box\/#primaryimage\",\"url\":\"https:\/\/moonia-boutique.com\/wp-content\/uploads\/2023\/01\/D94FC2CD-39D9-4156-9016-CFB5A6A27763-scaled.jpeg\",\"contentUrl\":\"https:\/\/moonia-boutique.com\/wp-content\/uploads\/2023\/01\/D94FC2CD-39D9-4156-9016-CFB5A6A27763-scaled.jpeg\",\"width\":1536,\"height\":2048,\"caption\":\"Emir Box\"},{\"@type\":\"BreadcrumbList\",\"@id\":\"https:\/\/moonia-boutique.com\/produit\/emir-box\/#breadcrumb\",\"itemListElement\":[{\"@type\":\"ListItem\",\"position\":1,\"name\":\"Accueil\",\"item\":\"https:\/\/moonia-boutique.com\/\"},{\"@type\":\"ListItem\",\"position\":2,\"name\":\"Boutique Femme Musulmane\",\"item\":\"https:\/\/moonia-boutique.com\/boutique\/\"},{\"@type\":\"ListItem\",\"position\":3,\"name\":\"Coffret Homme musulman Emir Box\"}]},{\"@type\":\"WebSite\",\"@id\":\"https:\/\/moonia-boutique.com\/#website\",\"url\":\"https:\/\/moonia-boutique.com\/\",\"name\":\"Moonia Boutique\",\"description\":\"Moonia Boutique - Le site de mode de la femme musulmane !\",\"publisher\":{\"@id\":\"https:\/\/moonia-boutique.com\/#organization\"},\"potentialAction\":[{\"@type\":\"SearchAction\",\"target\":{\"@type\":\"EntryPoint\",\"urlTemplate\":\"https:\/\/moonia-boutique.com\/?s={search_term_string}\"},\"query-input\":{\"@type\":\"PropertyValueSpecification\",\"valueRequired\":true,\"valueName\":\"search_term_string\"}}],\"inLanguage\":\"en-GB\"},{\"@type\":\"Organization\",\"@id\":\"https:\/\/moonia-boutique.com\/#organization\",\"name\":\"Moonia Boutique\",\"url\":\"https:\/\/moonia-boutique.com\/\",\"logo\":{\"@type\":\"ImageObject\",\"inLanguage\":\"en-GB\",\"@id\":\"https:\/\/moonia-boutique.com\/#\/schema\/logo\/image\/\",\"url\":\"https:\/\/moonia-boutique.com\/wp-content\/uploads\/2023\/08\/Sans-titre-1000-x-1000-px.png\",\"contentUrl\":\"https:\/\/moonia-boutique.com\/wp-content\/uploads\/2023\/08\/Sans-titre-1000-x-1000-px.png\",\"width\":1000,\"height\":1000,\"caption\":\"Moonia Boutique\"},\"image\":{\"@id\":\"https:\/\/moonia-boutique.com\/#\/schema\/logo\/image\/\"}}]}<\/script>\n<!-- \/ Yoast SEO plugin. -->","yoast_head_json":{"title":"Coffret Homme musulman Emir Box - Moonia Boutique","description":"D\u00e9couvrez L'Emir Box, un coffret pr\u00eat \u00e0 offrir ! C'est un magnifique coffret pour Homme avec Coran.","robots":{"index":"index","follow":"follow","max-snippet":"max-snippet:-1","max-image-preview":"max-image-preview:large","max-video-preview":"max-video-preview:-1"},"canonical":"https:\/\/moonia-boutique.com\/en\/product\/emir-box\/","og_locale":"en_GB","og_type":"article","og_title":"Coffret Homme musulman Emir Box - Moonia Boutique","og_description":"D\u00e9couvrez L'Emir Box, un coffret pr\u00eat \u00e0 offrir ! C'est un magnifique coffret pour Homme avec Coran.","og_url":"https:\/\/moonia-boutique.com\/en\/product\/emir-box\/","og_site_name":"Moonia Boutique","article_modified_time":"2025-12-05T11:44:53+00:00","og_image":[{"width":1536,"height":2048,"url":"http:\/\/moonia-boutique.com\/wp-content\/uploads\/2023\/01\/D94FC2CD-39D9-4156-9016-CFB5A6A27763-scaled.jpeg","type":"image\/jpeg"}],"twitter_card":"summary_large_image","twitter_misc":{"Estimated reading time":"2 minutes"},"schema":{"@context":"https:\/\/schema.org","@graph":[{"@type":"WebPage","@id":"https:\/\/moonia-boutique.com\/produit\/emir-box\/","url":"https:\/\/moonia-boutique.com\/produit\/emir-box\/","name":"Coffret Homme musulman Emir Box - Moonia Boutique","isPartOf":{"@id":"https:\/\/moonia-boutique.com\/#website"},"primaryImageOfPage":{"@id":"https:\/\/moonia-boutique.com\/produit\/emir-box\/#primaryimage"},"image":{"@id":"https:\/\/moonia-boutique.com\/produit\/emir-box\/#primaryimage"},"thumbnailUrl":"https:\/\/moonia-boutique.com\/wp-content\/uploads\/2023\/01\/D94FC2CD-39D9-4156-9016-CFB5A6A27763-scaled.jpeg","datePublished":"2023-01-08T14:50:38+00:00","dateModified":"2025-12-05T11:44:53+00:00","description":"D\u00e9couvrez L'Emir Box, un coffret pr\u00eat \u00e0 offrir ! C'est un magnifique coffret pour Homme avec Coran.","breadcrumb":{"@id":"https:\/\/moonia-boutique.com\/produit\/emir-box\/#breadcrumb"},"inLanguage":"en-GB","potentialAction":[{"@type":"ReadAction","target":["https:\/\/moonia-boutique.com\/produit\/emir-box\/"]}]},{"@type":"ImageObject","inLanguage":"en-GB","@id":"https:\/\/moonia-boutique.com\/produit\/emir-box\/#primaryimage","url":"https:\/\/moonia-boutique.com\/wp-content\/uploads\/2023\/01\/D94FC2CD-39D9-4156-9016-CFB5A6A27763-scaled.jpeg","contentUrl":"https:\/\/moonia-boutique.com\/wp-content\/uploads\/2023\/01\/D94FC2CD-39D9-4156-9016-CFB5A6A27763-scaled.jpeg","width":1536,"height":2048,"caption":"Emir Box"},{"@type":"BreadcrumbList","@id":"https:\/\/moonia-boutique.com\/produit\/emir-box\/#breadcrumb","itemListElement":[{"@type":"ListItem","position":1,"name":"Accueil","item":"https:\/\/moonia-boutique.com\/"},{"@type":"ListItem","position":2,"name":"Boutique Femme Musulmane","item":"https:\/\/moonia-boutique.com\/boutique\/"},{"@type":"ListItem","position":3,"name":"Coffret Homme musulman Emir Box"}]},{"@type":"WebSite","@id":"https:\/\/moonia-boutique.com\/#website","url":"https:\/\/moonia-boutique.com\/","name":"Moonia Boutique","description":"Moonia Boutique - Le site de mode de la femme musulmane !","publisher":{"@id":"https:\/\/moonia-boutique.com\/#organization"},"potentialAction":[{"@type":"SearchAction","target":{"@type":"EntryPoint","urlTemplate":"https:\/\/moonia-boutique.com\/?s={search_term_string}"},"query-input":{"@type":"PropertyValueSpecification","valueRequired":true,"valueName":"search_term_string"}}],"inLanguage":"en-GB"},{"@type":"Organization","@id":"https:\/\/moonia-boutique.com\/#organization","name":"Moonia Boutique","url":"https:\/\/moonia-boutique.com\/","logo":{"@type":"ImageObject","inLanguage":"en-GB","@id":"https:\/\/moonia-boutique.com\/#\/schema\/logo\/image\/","url":"https:\/\/moonia-boutique.com\/wp-content\/uploads\/2023\/08\/Sans-titre-1000-x-1000-px.png","contentUrl":"https:\/\/moonia-boutique.com\/wp-content\/uploads\/2023\/08\/Sans-titre-1000-x-1000-px.png","width":1000,"height":1000,"caption":"Moonia Boutique"},"image":{"@id":"https:\/\/moonia-boutique.com\/#\/schema\/logo\/image\/"}}]}},"jetpack_sharing_enabled":true,"_links":{"self":[{"href":"https:\/\/moonia-boutique.com\/en\/wp-json\/wp\/v2\/product\/134307","targetHints":{"allow":["GET"]}}],"collection":[{"href":"https:\/\/moonia-boutique.com\/en\/wp-json\/wp\/v2\/product"}],"about":[{"href":"https:\/\/moonia-boutique.com\/en\/wp-json\/wp\/v2\/types\/product"}],"replies":[{"embeddable":true,"href":"https:\/\/moonia-boutique.com\/en\/wp-json\/wp\/v2\/comments?post=134307"}],"wp:featuredmedia":[{"embeddable":true,"href":"https:\/\/moonia-boutique.com\/en\/wp-json\/wp\/v2\/media\/134305"}],"wp:attachment":[{"href":"https:\/\/moonia-boutique.com\/en\/wp-json\/wp\/v2\/media?parent=134307"}],"wp:term":[{"taxonomy":"product_brand","embeddable":true,"href":"https:\/\/moonia-boutique.com\/en\/wp-json\/wp\/v2\/product_brand?post=134307"},{"taxonomy":"product_cat","embeddable":true,"href":"https:\/\/moonia-boutique.com\/en\/wp-json\/wp\/v2\/product_cat?post=134307"},{"taxonomy":"product_tag","embeddable":true,"href":"https:\/\/moonia-boutique.com\/en\/wp-json\/wp\/v2\/product_tag?post=134307"},{"taxonomy":"giftcard-category","embeddable":true,"href":"https:\/\/moonia-boutique.com\/en\/wp-json\/wp\/v2\/giftcard-category?post=134307"}],"curies":[{"name":"wp","href":"https:\/\/api.w.org\/{rel}","templated":true}]}}