{"id":134877,"date":"2023-01-11T11:40:07","date_gmt":"2023-01-11T10:40:07","guid":{"rendered":"https:\/\/moonia-boutique.com\/?post_type=product&#038;p=134877"},"modified":"2026-04-05T12:18:10","modified_gmt":"2026-04-05T10:18:10","slug":"tapis-de-priere-peruvien","status":"publish","type":"product","link":"https:\/\/moonia-boutique.com\/en\/product\/tapis-de-priere-peruvien\/","title":{"rendered":"Tapis de pri\u00e8re P\u00e9ruvien"},"content":{"rendered":"<p>Nous avons le plaisir de vous proposez le <strong>Tapis de pri\u00e8re P\u00e9ruvien\u00a0<\/strong>un tapis tiss\u00e9 et \u00e9pais. Un <strong>design sobre et superbe<\/strong> \u00e0 la fois. Un tapis tr\u00e8s <strong>confortable<\/strong> de grande qualit\u00e9 et fabriqu\u00e9 en <strong>Turquie<\/strong>. La <strong>pri\u00e8re<\/strong> est une obligation pour tout musulmans et ce <strong>tapis<\/strong> vous <strong>motivera<\/strong> \u00e0 l&#8217;accomplir dans le plus grand des <strong>conforts<\/strong>. N&#8217;h\u00e9sitez pas \u00e0 l&#8217;accompagner de notre <strong>tenue de pri\u00e8re Aylin<\/strong> elle est aussi <strong><a href=\"https:\/\/moonia-boutique.com\/en\/product\/robe-de-priere-xl\/\">fabriqu\u00e9e en Turquie<\/a>.<\/strong><\/p>\n<p>Dimensions: 120 x 65cm<\/p>\n<p>&nbsp;<\/p>\n<p>&nbsp;<\/p>","protected":false},"excerpt":{"rendered":"<p>Nous avons le plaisir de vous proposez le <strong>Tapis de pri\u00e8re P\u00e9ruvien\u00a0<\/strong>un tapis tiss\u00e9 et \u00e9pais. Un <strong>design sobre et superbe<\/strong> \u00e0 la fois. Un tapis tr\u00e8s <strong>confortable<\/strong> de grande qualit\u00e9 et fabriqu\u00e9 en <strong>Turquie<\/strong>. La <strong>pri\u00e8re<\/strong> est une obligation pour tout musulmans et ce <strong>tapis<\/strong> vous <strong>motivera<\/strong> \u00e0 l&#8217;accomplir dans le plus grand des <strong>conforts<\/strong>. N&#8217;h\u00e9sitez pas \u00e0 l&#8217;accompagner de notre <strong>tenue de pri\u00e8re Aylin<\/strong> elle est aussi <strong><a href=\"https:\/\/moonia-boutique.com\/en\/product\/robe-de-priere-xl\/\">fabriqu\u00e9e en Turquie<\/a>.<\/strong><\/p>\n<p>Dimensions: 120 x 65cm<\/p>","protected":false},"featured_media":1477213,"comment_status":"open","ping_status":"closed","template":"","meta":{"_acf_changed":false,"_mo_disable_npp":""},"product_brand":[],"product_cat":[368,243,424,215],"product_tag":[],"giftcard-category":[],"class_list":{"0":"post-134877","1":"product","2":"type-product","3":"status-publish","4":"has-post-thumbnail","6":"product_cat-precommandes","7":"product_cat-tapis-de-priere","8":"product_cat-collection-ramadan","9":"product_cat-vetement-musulman-pour-homme","11":"first","12":"instock","13":"taxable","14":"shipping-taxable","15":"purchasable","16":"product-type-variable","17":"rtwpvs-product"},"composite_virtual":false,"composite_layout":"","composite_add_to_cart_form_location":"","composite_editable_in_cart":false,"composite_sold_individually_context":"","composite_shop_price_calc":"","composite_components":[],"composite_scenarios":[],"acf":[],"yoast_head":"<!-- This site is optimized with the Yoast SEO plugin v26.6 - https:\/\/yoast.com\/wordpress\/plugins\/seo\/ -->\n<title>Tapis de pri\u00e8re P\u00e9ruvien - Moonia Boutique<\/title>\n<meta name=\"description\" content=\"Nous avons le plaisir de vous proposez le Tapis de pri\u00e8re P\u00e9ruvien\u00a0un tapis tiss\u00e9 et \u00e9pais. Un design sobre et superbe \u00e0 la fois.\" \/>\n<meta name=\"robots\" content=\"index, follow, max-snippet:-1, max-image-preview:large, max-video-preview:-1\" \/>\n<link rel=\"canonical\" href=\"https:\/\/moonia-boutique.com\/en\/product\/tapis-de-priere-peruvien\/\" \/>\n<meta property=\"og:locale\" content=\"en_GB\" \/>\n<meta property=\"og:type\" content=\"article\" \/>\n<meta property=\"og:title\" content=\"Tapis de pri\u00e8re P\u00e9ruvien - Moonia Boutique\" \/>\n<meta property=\"og:description\" content=\"Nous avons le plaisir de vous proposez le Tapis de pri\u00e8re P\u00e9ruvien\u00a0un tapis tiss\u00e9 et \u00e9pais. Un design sobre et superbe \u00e0 la fois.\" \/>\n<meta property=\"og:url\" content=\"https:\/\/moonia-boutique.com\/en\/product\/tapis-de-priere-peruvien\/\" \/>\n<meta property=\"og:site_name\" content=\"Moonia Boutique\" \/>\n<meta property=\"article:modified_time\" content=\"2026-04-05T10:18:10+00:00\" \/>\n<meta property=\"og:image\" content=\"http:\/\/moonia-boutique.com\/wp-content\/uploads\/2024\/02\/img_8061-scaled.jpeg\" \/>\n\t<meta property=\"og:image:width\" content=\"1536\" \/>\n\t<meta property=\"og:image:height\" content=\"2048\" \/>\n\t<meta property=\"og:image:type\" content=\"image\/jpeg\" \/>\n<meta name=\"twitter:card\" content=\"summary_large_image\" \/>\n<meta name=\"twitter:label1\" content=\"Estimated reading time\" \/>\n\t<meta name=\"twitter:data1\" content=\"1 minute\" \/>\n<script type=\"application\/ld+json\" class=\"yoast-schema-graph\">{\"@context\":\"https:\/\/schema.org\",\"@graph\":[{\"@type\":\"WebPage\",\"@id\":\"https:\/\/moonia-boutique.com\/produit\/tapis-de-priere-peruvien\/\",\"url\":\"https:\/\/moonia-boutique.com\/produit\/tapis-de-priere-peruvien\/\",\"name\":\"Tapis de pri\u00e8re P\u00e9ruvien - Moonia Boutique\",\"isPartOf\":{\"@id\":\"https:\/\/moonia-boutique.com\/#website\"},\"primaryImageOfPage\":{\"@id\":\"https:\/\/moonia-boutique.com\/produit\/tapis-de-priere-peruvien\/#primaryimage\"},\"image\":{\"@id\":\"https:\/\/moonia-boutique.com\/produit\/tapis-de-priere-peruvien\/#primaryimage\"},\"thumbnailUrl\":\"https:\/\/moonia-boutique.com\/wp-content\/uploads\/2024\/02\/img_8061-scaled.jpeg\",\"datePublished\":\"2023-01-11T10:40:07+00:00\",\"dateModified\":\"2026-04-05T10:18:10+00:00\",\"description\":\"Nous avons le plaisir de vous proposez le Tapis de pri\u00e8re P\u00e9ruvien\u00a0un tapis tiss\u00e9 et \u00e9pais. Un design sobre et superbe \u00e0 la fois.\",\"breadcrumb\":{\"@id\":\"https:\/\/moonia-boutique.com\/produit\/tapis-de-priere-peruvien\/#breadcrumb\"},\"inLanguage\":\"en-GB\",\"potentialAction\":[{\"@type\":\"ReadAction\",\"target\":[\"https:\/\/moonia-boutique.com\/produit\/tapis-de-priere-peruvien\/\"]}]},{\"@type\":\"ImageObject\",\"inLanguage\":\"en-GB\",\"@id\":\"https:\/\/moonia-boutique.com\/produit\/tapis-de-priere-peruvien\/#primaryimage\",\"url\":\"https:\/\/moonia-boutique.com\/wp-content\/uploads\/2024\/02\/img_8061-scaled.jpeg\",\"contentUrl\":\"https:\/\/moonia-boutique.com\/wp-content\/uploads\/2024\/02\/img_8061-scaled.jpeg\",\"width\":1536,\"height\":2048,\"caption\":\"Tapis de pri\u00e8re P\u00e9ruvien\"},{\"@type\":\"BreadcrumbList\",\"@id\":\"https:\/\/moonia-boutique.com\/produit\/tapis-de-priere-peruvien\/#breadcrumb\",\"itemListElement\":[{\"@type\":\"ListItem\",\"position\":1,\"name\":\"Accueil\",\"item\":\"https:\/\/moonia-boutique.com\/\"},{\"@type\":\"ListItem\",\"position\":2,\"name\":\"Boutique Femme Musulmane\",\"item\":\"https:\/\/moonia-boutique.com\/boutique\/\"},{\"@type\":\"ListItem\",\"position\":3,\"name\":\"Tapis de pri\u00e8re P\u00e9ruvien\"}]},{\"@type\":\"WebSite\",\"@id\":\"https:\/\/moonia-boutique.com\/#website\",\"url\":\"https:\/\/moonia-boutique.com\/\",\"name\":\"Moonia Boutique\",\"description\":\"Moonia Boutique - Le site de mode de la femme musulmane !\",\"publisher\":{\"@id\":\"https:\/\/moonia-boutique.com\/#organization\"},\"potentialAction\":[{\"@type\":\"SearchAction\",\"target\":{\"@type\":\"EntryPoint\",\"urlTemplate\":\"https:\/\/moonia-boutique.com\/?s={search_term_string}\"},\"query-input\":{\"@type\":\"PropertyValueSpecification\",\"valueRequired\":true,\"valueName\":\"search_term_string\"}}],\"inLanguage\":\"en-GB\"},{\"@type\":\"Organization\",\"@id\":\"https:\/\/moonia-boutique.com\/#organization\",\"name\":\"Moonia Boutique\",\"url\":\"https:\/\/moonia-boutique.com\/\",\"logo\":{\"@type\":\"ImageObject\",\"inLanguage\":\"en-GB\",\"@id\":\"https:\/\/moonia-boutique.com\/#\/schema\/logo\/image\/\",\"url\":\"https:\/\/moonia-boutique.com\/wp-content\/uploads\/2023\/08\/Sans-titre-1000-x-1000-px.png\",\"contentUrl\":\"https:\/\/moonia-boutique.com\/wp-content\/uploads\/2023\/08\/Sans-titre-1000-x-1000-px.png\",\"width\":1000,\"height\":1000,\"caption\":\"Moonia Boutique\"},\"image\":{\"@id\":\"https:\/\/moonia-boutique.com\/#\/schema\/logo\/image\/\"}}]}<\/script>\n<!-- \/ Yoast SEO plugin. -->","yoast_head_json":{"title":"Tapis de pri\u00e8re P\u00e9ruvien - Moonia Boutique","description":"Nous avons le plaisir de vous proposez le Tapis de pri\u00e8re P\u00e9ruvien\u00a0un tapis tiss\u00e9 et \u00e9pais. Un design sobre et superbe \u00e0 la fois.","robots":{"index":"index","follow":"follow","max-snippet":"max-snippet:-1","max-image-preview":"max-image-preview:large","max-video-preview":"max-video-preview:-1"},"canonical":"https:\/\/moonia-boutique.com\/en\/product\/tapis-de-priere-peruvien\/","og_locale":"en_GB","og_type":"article","og_title":"Tapis de pri\u00e8re P\u00e9ruvien - Moonia Boutique","og_description":"Nous avons le plaisir de vous proposez le Tapis de pri\u00e8re P\u00e9ruvien\u00a0un tapis tiss\u00e9 et \u00e9pais. Un design sobre et superbe \u00e0 la fois.","og_url":"https:\/\/moonia-boutique.com\/en\/product\/tapis-de-priere-peruvien\/","og_site_name":"Moonia Boutique","article_modified_time":"2026-04-05T10:18:10+00:00","og_image":[{"width":1536,"height":2048,"url":"http:\/\/moonia-boutique.com\/wp-content\/uploads\/2024\/02\/img_8061-scaled.jpeg","type":"image\/jpeg"}],"twitter_card":"summary_large_image","twitter_misc":{"Estimated reading time":"1 minute"},"schema":{"@context":"https:\/\/schema.org","@graph":[{"@type":"WebPage","@id":"https:\/\/moonia-boutique.com\/produit\/tapis-de-priere-peruvien\/","url":"https:\/\/moonia-boutique.com\/produit\/tapis-de-priere-peruvien\/","name":"Tapis de pri\u00e8re P\u00e9ruvien - Moonia Boutique","isPartOf":{"@id":"https:\/\/moonia-boutique.com\/#website"},"primaryImageOfPage":{"@id":"https:\/\/moonia-boutique.com\/produit\/tapis-de-priere-peruvien\/#primaryimage"},"image":{"@id":"https:\/\/moonia-boutique.com\/produit\/tapis-de-priere-peruvien\/#primaryimage"},"thumbnailUrl":"https:\/\/moonia-boutique.com\/wp-content\/uploads\/2024\/02\/img_8061-scaled.jpeg","datePublished":"2023-01-11T10:40:07+00:00","dateModified":"2026-04-05T10:18:10+00:00","description":"Nous avons le plaisir de vous proposez le Tapis de pri\u00e8re P\u00e9ruvien\u00a0un tapis tiss\u00e9 et \u00e9pais. Un design sobre et superbe \u00e0 la fois.","breadcrumb":{"@id":"https:\/\/moonia-boutique.com\/produit\/tapis-de-priere-peruvien\/#breadcrumb"},"inLanguage":"en-GB","potentialAction":[{"@type":"ReadAction","target":["https:\/\/moonia-boutique.com\/produit\/tapis-de-priere-peruvien\/"]}]},{"@type":"ImageObject","inLanguage":"en-GB","@id":"https:\/\/moonia-boutique.com\/produit\/tapis-de-priere-peruvien\/#primaryimage","url":"https:\/\/moonia-boutique.com\/wp-content\/uploads\/2024\/02\/img_8061-scaled.jpeg","contentUrl":"https:\/\/moonia-boutique.com\/wp-content\/uploads\/2024\/02\/img_8061-scaled.jpeg","width":1536,"height":2048,"caption":"Tapis de pri\u00e8re P\u00e9ruvien"},{"@type":"BreadcrumbList","@id":"https:\/\/moonia-boutique.com\/produit\/tapis-de-priere-peruvien\/#breadcrumb","itemListElement":[{"@type":"ListItem","position":1,"name":"Accueil","item":"https:\/\/moonia-boutique.com\/"},{"@type":"ListItem","position":2,"name":"Boutique Femme Musulmane","item":"https:\/\/moonia-boutique.com\/boutique\/"},{"@type":"ListItem","position":3,"name":"Tapis de pri\u00e8re P\u00e9ruvien"}]},{"@type":"WebSite","@id":"https:\/\/moonia-boutique.com\/#website","url":"https:\/\/moonia-boutique.com\/","name":"Moonia Boutique","description":"Moonia Boutique - Le site de mode de la femme musulmane !","publisher":{"@id":"https:\/\/moonia-boutique.com\/#organization"},"potentialAction":[{"@type":"SearchAction","target":{"@type":"EntryPoint","urlTemplate":"https:\/\/moonia-boutique.com\/?s={search_term_string}"},"query-input":{"@type":"PropertyValueSpecification","valueRequired":true,"valueName":"search_term_string"}}],"inLanguage":"en-GB"},{"@type":"Organization","@id":"https:\/\/moonia-boutique.com\/#organization","name":"Moonia Boutique","url":"https:\/\/moonia-boutique.com\/","logo":{"@type":"ImageObject","inLanguage":"en-GB","@id":"https:\/\/moonia-boutique.com\/#\/schema\/logo\/image\/","url":"https:\/\/moonia-boutique.com\/wp-content\/uploads\/2023\/08\/Sans-titre-1000-x-1000-px.png","contentUrl":"https:\/\/moonia-boutique.com\/wp-content\/uploads\/2023\/08\/Sans-titre-1000-x-1000-px.png","width":1000,"height":1000,"caption":"Moonia Boutique"},"image":{"@id":"https:\/\/moonia-boutique.com\/#\/schema\/logo\/image\/"}}]}},"jetpack_sharing_enabled":true,"_links":{"self":[{"href":"https:\/\/moonia-boutique.com\/en\/wp-json\/wp\/v2\/product\/134877","targetHints":{"allow":["GET"]}}],"collection":[{"href":"https:\/\/moonia-boutique.com\/en\/wp-json\/wp\/v2\/product"}],"about":[{"href":"https:\/\/moonia-boutique.com\/en\/wp-json\/wp\/v2\/types\/product"}],"replies":[{"embeddable":true,"href":"https:\/\/moonia-boutique.com\/en\/wp-json\/wp\/v2\/comments?post=134877"}],"wp:featuredmedia":[{"embeddable":true,"href":"https:\/\/moonia-boutique.com\/en\/wp-json\/wp\/v2\/media\/1477213"}],"wp:attachment":[{"href":"https:\/\/moonia-boutique.com\/en\/wp-json\/wp\/v2\/media?parent=134877"}],"wp:term":[{"taxonomy":"product_brand","embeddable":true,"href":"https:\/\/moonia-boutique.com\/en\/wp-json\/wp\/v2\/product_brand?post=134877"},{"taxonomy":"product_cat","embeddable":true,"href":"https:\/\/moonia-boutique.com\/en\/wp-json\/wp\/v2\/product_cat?post=134877"},{"taxonomy":"product_tag","embeddable":true,"href":"https:\/\/moonia-boutique.com\/en\/wp-json\/wp\/v2\/product_tag?post=134877"},{"taxonomy":"giftcard-category","embeddable":true,"href":"https:\/\/moonia-boutique.com\/en\/wp-json\/wp\/v2\/giftcard-category?post=134877"}],"curies":[{"name":"wp","href":"https:\/\/api.w.org\/{rel}","templated":true}]}}