{"id":142247,"date":"2023-02-19T15:22:28","date_gmt":"2023-02-19T14:22:28","guid":{"rendered":"https:\/\/moonia-boutique.com\/?post_type=product&#038;p=142247"},"modified":"2026-03-14T22:47:43","modified_gmt":"2026-03-14T21:47:43","slug":"bouquet-de-voile-soie-de-medine","status":"publish","type":"product","link":"https:\/\/moonia-boutique.com\/en\/product\/bouquet-de-voile-soie-de-medine\/","title":{"rendered":"Bouquet de Voile Soie de Medine"},"content":{"rendered":"<h1><strong>Bouquet de Voile Soie de Medine : un cadeau original pour femme voil\u00e9e<\/strong><\/h1>\n<p>Le <strong>Bouquet de Voile Soie de Medine<\/strong>\u00a0est un <strong>cadeau musulman<\/strong> innovant et\u00a0original\u00a0qui peut \u00eatre offert \u00e0 diverses occasions. Que cela soit\u00a0pour c\u00e9l\u00e9brer une nouvelle <strong>femme voil\u00e9e<\/strong>, une <strong>conversion \u00e0 l&#8217;islam<\/strong>,\u00a0ne laissez pas \u00e9chapper l\u2019occasion de faire une heureuse\u00a0!\u00a0Il est \u00e9galement id\u00e9al pour les \u00e9v\u00e9nements sp\u00e9ciaux tels qu&#8217;un mariage ou l&#8217;<strong>A\u00efd<\/strong>. Ce bouquet est un cadeau musulman qui sort vraiment du lot\u2026 C\u2019est que vous avez pris le temps et la peine de choisir quelque chose de vraiment sp\u00e9cial pour elle.<\/p>\n<h2><strong>Description du Bouquet de hijab soie de medine<\/strong><\/h2>\n<p>Notre <strong>bouquet de\u00a0voile<\/strong> se compose de trois <a href=\"https:\/\/moonia-boutique.com\/en\/product-category\/hijab\/hijab-soie-de-medine\/\">hijab\u00a0en soie de M\u00e9dine<\/a>\u00a0et un hijab satin\u00e9 soigneusement s\u00e9lectionn\u00e9s. Et ce,\u00a0pour avoir des couleurs harmonieuses qui se marient parfaitement les unes aux autres.<\/p>\n<div>\u2022\u00a0Les <a href=\"https:\/\/moonia-boutique.com\/en\/product-category\/hijab\/\">hijabs<\/a> sont pli\u00e9s de mani\u00e8re experte pour ressembler \u00e0 de jolies fleurs, cr\u00e9ant un effet visuel saisissant.<\/div>\n<div>\u2022\u00a0Les\u00a0<a href=\"https:\/\/www.gerbeaud.com\/jardin\/fiches\/gypsophile.php\">fleurs de gypsophile<\/a>\u00a0ajout\u00e9es au bouquet donnent une touche de d\u00e9licatesse et de f\u00e9minit\u00e9, renfor\u00e7ant encore plus la beaut\u00e9 du produit. ou bien des <a href=\"https:\/\/moonia-boutique.com\/en\/product\/pinces-a-hijab\/\">pinces \u00e0 hijab<\/a> en cas de rupture<\/div>\n<div>\u2022\u00a0Les dimensions du <strong>hijab<\/strong> sont de 190*70 cm et le poids total du bouquet est de 950g.<\/div>\n<h2><strong>Le Bouquet de Voile Soie de Medine: Originalit\u00e9 de ce cadeau<\/strong><\/h2>\n<p>Notre <strong>bouquet de\u00a0voiles\u00a0hijab<\/strong> est un cadeau vraiment original qui se d\u00e9marque des autres cadeaux classiques.<\/p>\n<p>Les\u00a0<strong>voiles\u00a0<\/strong>pli\u00e9s en forme de fleurs donnent au bouquet un aspect \u00e9l\u00e9gant et esth\u00e9tique qui surprendra la personne qui le re\u00e7oit.<\/p>\n<p>De plus, la personnalisation de l&#8217;emballage permet de rendre le <strong>cadeau musulman<\/strong> encore plus sp\u00e9cial. En effet, tel un bouquet de fleurs,\u00a0il permet\u00a0de montrer \u00e0 la personne qui le re\u00e7oit que vous avez pens\u00e9 \u00e0 chaque d\u00e9tail. Et ce, dans le but de\u00a0lui offrir quelque chose d&#8217;exceptionnel.<\/p>\n<h2><strong>Les hijabs en soie de m\u00e9dine pour plus de style<\/strong><\/h2>\n<p>La <strong>soie de m\u00e9dine<\/strong> est une mati\u00e8re noble et qualitative. Choisir ce bouquet de hijab en soie de m\u00e9dine c&#8217;est choisir l&#8217;excellence. En effet, ce voile est si soyeux et doux qu&#8217;il ravira la femme musulmane qui le portera.<\/p>\n<h2><strong>Divers coloris de bouquet de voile<\/strong><\/h2>\n<p>Ainsi le bouquet de voiles est un produit original. Et pour faire encore plus plaisir \u00e0 la personne qui le re\u00e7oit, il sera important de choisir les bonnes couleurs.<\/p>\n<p>C\u2019est la raison pour laquelle nous avons pris le temps de travailler minutieusement les ensembles de\u00a0couleurs\u00a0pour offrir une harmonie parfaite au bouquet, en 5 d\u00e9clinaisons\u00a0:<\/p>\n<div>\u2022\u00a0Un bouquet plut\u00f4t\u00a0hivernal\u00a0avec son hijab\u00a0gris, bleu Maya, noisette et gris\u00a0;<\/div>\n<div>\u2022\u00a0Un autre qui vous\u00a0rappellera\u00a0les journ\u00e9es d\u2019automne avec son hijab\u00a0Noir,\u00a0noisette,\u00a0sable et nude.\u00a0Il se d\u00e9cline \u00e9galement en\u00a0couleurs\u00a0plus douces avec son blanc\u00a0\u00e9cru, taupe, noisette et nude\u00a0;<\/div>\n<div>\u2022\u00a0Celui\u00a0compos\u00e9 d\u2019un hijab\u00a0vert \u00e9meraude, \u00e9cru, nude et taupe vous\u00a0rappellera\u00a0les bourgeons du printemps\u00a0;<\/div>\n<div>\u2022\u00a0Et enfin celui compos\u00e9 de\u00a0rose, bordeaux, violet clair et blanc satin\u00e9\u00a0vous plongera dans les vives couleurs de l\u2019\u00e9t\u00e9.<\/div>\n<p>En somme, vous aurez toutes les chances de votre c\u00f4t\u00e9 pour un cadeau r\u00e9ussi et original avec notre <strong>bouquet de voile pas cher<\/strong> !<\/p>\n<p>De plus, vous pouvez composez le bouquet de votre choix en choisissant <a href=\"https:\/\/moonia-boutique.com\/en\/compose-ton-bouquet-de-hijab\/\">compose ton bouquet de hijab<\/a>.<\/p>","protected":false},"excerpt":{"rendered":"<p>D\u00e9couvrez le Bouquet de Voile Soie de Medine un cadeau pour femme musulmane voil\u00e9e. Un cadeau originale et qui fera son effet ! Dispo chez Moonia ! Le Bouquet de Voile de Moonia Boutique est un cadeau musulman original, id\u00e9al pour diverses occasions telles que les c\u00e9l\u00e9brations de femmes voil\u00e9es, les conversions \u00e0 l&#8217;islam, les mariages, ou l&#8217;A\u00efd. Compos\u00e9 de quatre hijabs en soie de M\u00e9dine pli\u00e9s en forme de fleurs, le bouquet offre une esth\u00e9tique \u00e9l\u00e9gante renforc\u00e9e par l&#8217;ajout de fleurs de gypsophile. Pesant 950g, chaque hijab mesure 190*70 cm. La personnalisation de l&#8217;emballage ajoute une touche sp\u00e9ciale, montrant une attention aux d\u00e9tails. La soie de M\u00e9dine conf\u00e8re douceur et qualit\u00e9, avec le choix de divers ensembles de couleurs, offrant une harmonie parfaite pour chaque saison. Ce cadeau exceptionnel promet d&#8217;\u00e9merveiller et de ravir la femme musulmane qui le re\u00e7oit.<\/p>\n<p><span style=\"color: #ed1c24\">Si un article du coffret est en rupture, nous le substituons par un produit d&#8217;une valeur \u00e9quivalente ou sup\u00e9rieure.<\/span><\/p>","protected":false},"featured_media":142254,"comment_status":"open","ping_status":"closed","template":"","meta":{"_acf_changed":false,"_mo_disable_npp":""},"product_brand":[],"product_cat":[430,486,197,206,431,134,480,478,482,420,424],"product_tag":[],"giftcard-category":[],"class_list":{"0":"post-142247","1":"product","2":"type-product","3":"status-publish","4":"has-post-thumbnail","6":"product_cat-a-e","7":"product_cat-box-a-hijab","8":"product_cat-box-prete-a-offrir","9":"product_cat-coffret-cadeau-islamique","10":"product_cat-f-t","11":"product_cat-hijab","12":"product_cat-hijab-de-prestige","13":"product_cat-hijab-femme","14":"product_cat-hijab-mariage","15":"product_cat-hijab-soie-de-medine","16":"product_cat-collection-ramadan","18":"first","19":"instock","20":"taxable","21":"shipping-taxable","22":"purchasable","23":"product-type-variable","24":"rtwpvs-product"},"composite_virtual":false,"composite_layout":"","composite_add_to_cart_form_location":"","composite_editable_in_cart":false,"composite_sold_individually_context":"","composite_shop_price_calc":"","composite_components":[],"composite_scenarios":[],"acf":[],"yoast_head":"<!-- This site is optimized with the Yoast SEO plugin v26.6 - https:\/\/yoast.com\/wordpress\/plugins\/seo\/ -->\n<title>Bouquet de Voile Soie de Medine - cadeau original femme voil\u00e9e<\/title>\n<meta name=\"description\" content=\"D\u00e9couvrez le Bouquet de Voile Soie de Medine un cadeau pour femme musulmane voil\u00e9e. Un cadeau originale et qui fera son effet ! Dispo chez Moonia !\" \/>\n<meta name=\"robots\" content=\"index, follow, max-snippet:-1, max-image-preview:large, max-video-preview:-1\" \/>\n<link rel=\"canonical\" href=\"https:\/\/moonia-boutique.com\/en\/product\/bouquet-de-voile-soie-de-medine\/\" \/>\n<meta property=\"og:locale\" content=\"en_GB\" \/>\n<meta property=\"og:type\" content=\"article\" \/>\n<meta property=\"og:title\" content=\"Bouquet de Voile Soie de Medine - cadeau original femme voil\u00e9e\" \/>\n<meta property=\"og:description\" content=\"D\u00e9couvrez le Bouquet de Voile Soie de Medine un cadeau pour femme musulmane voil\u00e9e. Un cadeau originale et qui fera son effet ! Dispo chez Moonia !\" \/>\n<meta property=\"og:url\" content=\"https:\/\/moonia-boutique.com\/en\/product\/bouquet-de-voile-soie-de-medine\/\" \/>\n<meta property=\"og:site_name\" content=\"Moonia Boutique\" \/>\n<meta property=\"article:modified_time\" content=\"2026-03-14T21:47:43+00:00\" \/>\n<meta property=\"og:image\" content=\"http:\/\/moonia-boutique.com\/wp-content\/uploads\/2023\/02\/7829A8D0-644D-46E5-B2B8-1BB6972D4891-scaled.jpeg\" \/>\n\t<meta property=\"og:image:width\" content=\"1536\" \/>\n\t<meta property=\"og:image:height\" content=\"2048\" \/>\n\t<meta property=\"og:image:type\" content=\"image\/jpeg\" \/>\n<meta name=\"twitter:card\" content=\"summary_large_image\" \/>\n<meta name=\"twitter:label1\" content=\"Estimated reading time\" \/>\n\t<meta name=\"twitter:data1\" content=\"4 minutes\" \/>\n<script type=\"application\/ld+json\" class=\"yoast-schema-graph\">{\"@context\":\"https:\/\/schema.org\",\"@graph\":[{\"@type\":\"WebPage\",\"@id\":\"https:\/\/moonia-boutique.com\/produit\/bouquet-de-voile-soie-de-medine\/\",\"url\":\"https:\/\/moonia-boutique.com\/produit\/bouquet-de-voile-soie-de-medine\/\",\"name\":\"Bouquet de Voile Soie de Medine - cadeau original femme voil\u00e9e\",\"isPartOf\":{\"@id\":\"https:\/\/moonia-boutique.com\/#website\"},\"primaryImageOfPage\":{\"@id\":\"https:\/\/moonia-boutique.com\/produit\/bouquet-de-voile-soie-de-medine\/#primaryimage\"},\"image\":{\"@id\":\"https:\/\/moonia-boutique.com\/produit\/bouquet-de-voile-soie-de-medine\/#primaryimage\"},\"thumbnailUrl\":\"https:\/\/moonia-boutique.com\/wp-content\/uploads\/2023\/02\/7829A8D0-644D-46E5-B2B8-1BB6972D4891-scaled.jpeg\",\"datePublished\":\"2023-02-19T14:22:28+00:00\",\"dateModified\":\"2026-03-14T21:47:43+00:00\",\"description\":\"D\u00e9couvrez le Bouquet de Voile Soie de Medine un cadeau pour femme musulmane voil\u00e9e. Un cadeau originale et qui fera son effet ! Dispo chez Moonia !\",\"breadcrumb\":{\"@id\":\"https:\/\/moonia-boutique.com\/produit\/bouquet-de-voile-soie-de-medine\/#breadcrumb\"},\"inLanguage\":\"en-GB\",\"potentialAction\":[{\"@type\":\"ReadAction\",\"target\":[\"https:\/\/moonia-boutique.com\/produit\/bouquet-de-voile-soie-de-medine\/\"]}]},{\"@type\":\"ImageObject\",\"inLanguage\":\"en-GB\",\"@id\":\"https:\/\/moonia-boutique.com\/produit\/bouquet-de-voile-soie-de-medine\/#primaryimage\",\"url\":\"https:\/\/moonia-boutique.com\/wp-content\/uploads\/2023\/02\/7829A8D0-644D-46E5-B2B8-1BB6972D4891-scaled.jpeg\",\"contentUrl\":\"https:\/\/moonia-boutique.com\/wp-content\/uploads\/2023\/02\/7829A8D0-644D-46E5-B2B8-1BB6972D4891-scaled.jpeg\",\"width\":1536,\"height\":2048,\"caption\":\"Bouquet de Voile Soie de Medine\"},{\"@type\":\"BreadcrumbList\",\"@id\":\"https:\/\/moonia-boutique.com\/produit\/bouquet-de-voile-soie-de-medine\/#breadcrumb\",\"itemListElement\":[{\"@type\":\"ListItem\",\"position\":1,\"name\":\"Accueil\",\"item\":\"https:\/\/moonia-boutique.com\/\"},{\"@type\":\"ListItem\",\"position\":2,\"name\":\"Boutique Femme Musulmane\",\"item\":\"https:\/\/moonia-boutique.com\/boutique\/\"},{\"@type\":\"ListItem\",\"position\":3,\"name\":\"Bouquet de Voile Soie de Medine\"}]},{\"@type\":\"WebSite\",\"@id\":\"https:\/\/moonia-boutique.com\/#website\",\"url\":\"https:\/\/moonia-boutique.com\/\",\"name\":\"Moonia Boutique\",\"description\":\"Moonia Boutique - Le site de mode de la femme musulmane !\",\"publisher\":{\"@id\":\"https:\/\/moonia-boutique.com\/#organization\"},\"potentialAction\":[{\"@type\":\"SearchAction\",\"target\":{\"@type\":\"EntryPoint\",\"urlTemplate\":\"https:\/\/moonia-boutique.com\/?s={search_term_string}\"},\"query-input\":{\"@type\":\"PropertyValueSpecification\",\"valueRequired\":true,\"valueName\":\"search_term_string\"}}],\"inLanguage\":\"en-GB\"},{\"@type\":\"Organization\",\"@id\":\"https:\/\/moonia-boutique.com\/#organization\",\"name\":\"Moonia Boutique\",\"url\":\"https:\/\/moonia-boutique.com\/\",\"logo\":{\"@type\":\"ImageObject\",\"inLanguage\":\"en-GB\",\"@id\":\"https:\/\/moonia-boutique.com\/#\/schema\/logo\/image\/\",\"url\":\"https:\/\/moonia-boutique.com\/wp-content\/uploads\/2023\/08\/Sans-titre-1000-x-1000-px.png\",\"contentUrl\":\"https:\/\/moonia-boutique.com\/wp-content\/uploads\/2023\/08\/Sans-titre-1000-x-1000-px.png\",\"width\":1000,\"height\":1000,\"caption\":\"Moonia Boutique\"},\"image\":{\"@id\":\"https:\/\/moonia-boutique.com\/#\/schema\/logo\/image\/\"}}]}<\/script>\n<!-- \/ Yoast SEO plugin. -->","yoast_head_json":{"title":"Bouquet de Voile Soie de Medine - cadeau original femme voil\u00e9e","description":"D\u00e9couvrez le Bouquet de Voile Soie de Medine un cadeau pour femme musulmane voil\u00e9e. Un cadeau originale et qui fera son effet ! Dispo chez Moonia !","robots":{"index":"index","follow":"follow","max-snippet":"max-snippet:-1","max-image-preview":"max-image-preview:large","max-video-preview":"max-video-preview:-1"},"canonical":"https:\/\/moonia-boutique.com\/en\/product\/bouquet-de-voile-soie-de-medine\/","og_locale":"en_GB","og_type":"article","og_title":"Bouquet de Voile Soie de Medine - cadeau original femme voil\u00e9e","og_description":"D\u00e9couvrez le Bouquet de Voile Soie de Medine un cadeau pour femme musulmane voil\u00e9e. Un cadeau originale et qui fera son effet ! Dispo chez Moonia !","og_url":"https:\/\/moonia-boutique.com\/en\/product\/bouquet-de-voile-soie-de-medine\/","og_site_name":"Moonia Boutique","article_modified_time":"2026-03-14T21:47:43+00:00","og_image":[{"width":1536,"height":2048,"url":"http:\/\/moonia-boutique.com\/wp-content\/uploads\/2023\/02\/7829A8D0-644D-46E5-B2B8-1BB6972D4891-scaled.jpeg","type":"image\/jpeg"}],"twitter_card":"summary_large_image","twitter_misc":{"Estimated reading time":"4 minutes"},"schema":{"@context":"https:\/\/schema.org","@graph":[{"@type":"WebPage","@id":"https:\/\/moonia-boutique.com\/produit\/bouquet-de-voile-soie-de-medine\/","url":"https:\/\/moonia-boutique.com\/produit\/bouquet-de-voile-soie-de-medine\/","name":"Bouquet de Voile Soie de Medine - cadeau original femme voil\u00e9e","isPartOf":{"@id":"https:\/\/moonia-boutique.com\/#website"},"primaryImageOfPage":{"@id":"https:\/\/moonia-boutique.com\/produit\/bouquet-de-voile-soie-de-medine\/#primaryimage"},"image":{"@id":"https:\/\/moonia-boutique.com\/produit\/bouquet-de-voile-soie-de-medine\/#primaryimage"},"thumbnailUrl":"https:\/\/moonia-boutique.com\/wp-content\/uploads\/2023\/02\/7829A8D0-644D-46E5-B2B8-1BB6972D4891-scaled.jpeg","datePublished":"2023-02-19T14:22:28+00:00","dateModified":"2026-03-14T21:47:43+00:00","description":"D\u00e9couvrez le Bouquet de Voile Soie de Medine un cadeau pour femme musulmane voil\u00e9e. Un cadeau originale et qui fera son effet ! Dispo chez Moonia !","breadcrumb":{"@id":"https:\/\/moonia-boutique.com\/produit\/bouquet-de-voile-soie-de-medine\/#breadcrumb"},"inLanguage":"en-GB","potentialAction":[{"@type":"ReadAction","target":["https:\/\/moonia-boutique.com\/produit\/bouquet-de-voile-soie-de-medine\/"]}]},{"@type":"ImageObject","inLanguage":"en-GB","@id":"https:\/\/moonia-boutique.com\/produit\/bouquet-de-voile-soie-de-medine\/#primaryimage","url":"https:\/\/moonia-boutique.com\/wp-content\/uploads\/2023\/02\/7829A8D0-644D-46E5-B2B8-1BB6972D4891-scaled.jpeg","contentUrl":"https:\/\/moonia-boutique.com\/wp-content\/uploads\/2023\/02\/7829A8D0-644D-46E5-B2B8-1BB6972D4891-scaled.jpeg","width":1536,"height":2048,"caption":"Bouquet de Voile Soie de Medine"},{"@type":"BreadcrumbList","@id":"https:\/\/moonia-boutique.com\/produit\/bouquet-de-voile-soie-de-medine\/#breadcrumb","itemListElement":[{"@type":"ListItem","position":1,"name":"Accueil","item":"https:\/\/moonia-boutique.com\/"},{"@type":"ListItem","position":2,"name":"Boutique Femme Musulmane","item":"https:\/\/moonia-boutique.com\/boutique\/"},{"@type":"ListItem","position":3,"name":"Bouquet de Voile Soie de Medine"}]},{"@type":"WebSite","@id":"https:\/\/moonia-boutique.com\/#website","url":"https:\/\/moonia-boutique.com\/","name":"Moonia Boutique","description":"Moonia Boutique - Le site de mode de la femme musulmane !","publisher":{"@id":"https:\/\/moonia-boutique.com\/#organization"},"potentialAction":[{"@type":"SearchAction","target":{"@type":"EntryPoint","urlTemplate":"https:\/\/moonia-boutique.com\/?s={search_term_string}"},"query-input":{"@type":"PropertyValueSpecification","valueRequired":true,"valueName":"search_term_string"}}],"inLanguage":"en-GB"},{"@type":"Organization","@id":"https:\/\/moonia-boutique.com\/#organization","name":"Moonia Boutique","url":"https:\/\/moonia-boutique.com\/","logo":{"@type":"ImageObject","inLanguage":"en-GB","@id":"https:\/\/moonia-boutique.com\/#\/schema\/logo\/image\/","url":"https:\/\/moonia-boutique.com\/wp-content\/uploads\/2023\/08\/Sans-titre-1000-x-1000-px.png","contentUrl":"https:\/\/moonia-boutique.com\/wp-content\/uploads\/2023\/08\/Sans-titre-1000-x-1000-px.png","width":1000,"height":1000,"caption":"Moonia Boutique"},"image":{"@id":"https:\/\/moonia-boutique.com\/#\/schema\/logo\/image\/"}}]}},"jetpack_sharing_enabled":true,"_links":{"self":[{"href":"https:\/\/moonia-boutique.com\/en\/wp-json\/wp\/v2\/product\/142247","targetHints":{"allow":["GET"]}}],"collection":[{"href":"https:\/\/moonia-boutique.com\/en\/wp-json\/wp\/v2\/product"}],"about":[{"href":"https:\/\/moonia-boutique.com\/en\/wp-json\/wp\/v2\/types\/product"}],"replies":[{"embeddable":true,"href":"https:\/\/moonia-boutique.com\/en\/wp-json\/wp\/v2\/comments?post=142247"}],"wp:featuredmedia":[{"embeddable":true,"href":"https:\/\/moonia-boutique.com\/en\/wp-json\/wp\/v2\/media\/142254"}],"wp:attachment":[{"href":"https:\/\/moonia-boutique.com\/en\/wp-json\/wp\/v2\/media?parent=142247"}],"wp:term":[{"taxonomy":"product_brand","embeddable":true,"href":"https:\/\/moonia-boutique.com\/en\/wp-json\/wp\/v2\/product_brand?post=142247"},{"taxonomy":"product_cat","embeddable":true,"href":"https:\/\/moonia-boutique.com\/en\/wp-json\/wp\/v2\/product_cat?post=142247"},{"taxonomy":"product_tag","embeddable":true,"href":"https:\/\/moonia-boutique.com\/en\/wp-json\/wp\/v2\/product_tag?post=142247"},{"taxonomy":"giftcard-category","embeddable":true,"href":"https:\/\/moonia-boutique.com\/en\/wp-json\/wp\/v2\/giftcard-category?post=142247"}],"curies":[{"name":"wp","href":"https:\/\/api.w.org\/{rel}","templated":true}]}}