{"id":1434684,"date":"2023-03-12T21:15:26","date_gmt":"2023-03-12T20:15:26","guid":{"rendered":"https:\/\/moonia-boutique.com\/?post_type=product&#038;p=1434684"},"modified":"2025-12-13T09:35:06","modified_gmt":"2025-12-13T08:35:06","slug":"box-el-imane","status":"publish","type":"product","link":"https:\/\/moonia-boutique.com\/en\/product\/box-el-imane\/","title":{"rendered":"Box Coran Tapis dor\u00e9e El Imane"},"content":{"rendered":"<p>La<strong>\u00a0Box El Imane\u00a0<\/strong>est une box <strong>pr\u00eate \u00e0 offrir<\/strong> ! Voici un <strong>magnifique<\/strong> <strong>coffret<\/strong> avec <strong>Coran.<\/strong><\/p>\n<p>Composition:<\/p>\n<ul>\n<li>Le <strong>Coran<\/strong> <strong>Dor\u00e9<\/strong>: couverture en\u00a0<strong>cuire <\/strong>avec motifs en relief, la <strong>tranche<\/strong> du livre est en dor\u00e9: \u00e9crit en <strong>arabe<\/strong> avec la <strong>traduction<\/strong> en <strong>fran\u00e7ais<\/strong>. Fabriqu\u00e9 en <strong>Turquie<\/strong>.<\/li>\n<li>Le <strong>tapis tiss\u00e9<\/strong>\u00a0taupe<b>:<\/b><span style=\"font-family: Muli, sans-serif;font-size: 16px;font-style: normal;font-weight: 300;letter-spacing: normal;text-align: center;text-indent: 0px;text-transform: none;text-decoration: none;float: none\"> Un tapis <\/span><span style=\"font-family: Muli, sans-serif;font-size: 16px;font-style: normal;font-weight: 300;letter-spacing: normal;text-align: center;text-indent: 0px;text-transform: none;text-decoration: none;float: none\"><strong>\u00e9pais<\/strong><\/span><span style=\"font-family: Muli, sans-serif;font-size: 16px;font-style: normal;font-weight: 300;letter-spacing: normal;text-align: center;text-indent: 0px;text-transform: none;text-decoration: none;float: none\"> tr\u00e8s<\/span> <strong style=\"border: 0px;margin: 0px;padding: 0px;vertical-align: baseline;font-family: Muli, sans-serif;font-size: 16px;font-style: normal;letter-spacing: normal;text-align: center;text-indent: 0px;text-transform: none;text-decoration: none;background-position: 0px 0px\">confortable<\/strong> <span style=\"font-family: Muli, sans-serif;font-size: 16px;font-style: normal;font-weight: 300;letter-spacing: normal;text-align: center;text-indent: 0px;text-transform: none;text-decoration: none;float: none\">de <\/span><span style=\"font-family: Muli, sans-serif;font-size: 16px;font-style: normal;font-weight: 300;letter-spacing: normal;text-align: center;text-indent: 0px;text-transform: none;text-decoration: none;float: none\"><strong>grande qualit\u00e9<\/strong><\/span><span style=\"font-family: Muli, sans-serif;font-size: 16px;font-style: normal;font-weight: 300;letter-spacing: normal;text-align: center;text-indent: 0px;text-transform: none;text-decoration: none;float: none\"> et fabriqu\u00e9 en<\/span> <strong style=\"border: 0px;margin: 0px;padding: 0px;vertical-align: baseline;font-family: Muli, sans-serif;font-size: 16px;font-style: normal;letter-spacing: normal;text-align: center;text-indent: 0px;text-transform: none;text-decoration: none;background-position: 0px 0px\">Turquie<\/strong><span style=\"font-family: Muli, sans-serif;font-size: 16px;font-style: normal;font-weight: 300;letter-spacing: normal;text-align: center;text-indent: 0px;text-transform: none;text-decoration: none;float: none\">. Sa mati\u00e8re<\/span> <span style=\"font-family: Muli, sans-serif;font-size: 16px;font-style: normal;font-weight: 300;letter-spacing: normal;text-align: center;text-indent: 0px;text-transform: none;text-decoration: none;float: none\">vous apportera<\/span><strong style=\"border: 0px;margin: 0px;padding: 0px;vertical-align: baseline;font-family: Muli, sans-serif;font-size: 16px;font-style: normal;letter-spacing: normal;text-align: center;text-indent: 0px;text-transform: none;text-decoration: none;background-position: 0px 0px\"> douceur <\/strong><span style=\"font-family: Muli, sans-serif;font-size: 16px;font-style: normal;font-weight: 300;letter-spacing: normal;text-align: center;text-indent: 0px;text-transform: none;text-decoration: none;float: none\">et une\u00a0<\/span><strong style=\"border: 0px;margin: 0px;padding: 0px;vertical-align: baseline;font-family: Muli, sans-serif;font-size: 16px;font-style: normal;letter-spacing: normal;text-align: center;text-indent: 0px;text-transform: none;text-decoration: none;background-position: 0px 0px\">agr\u00e9able <\/strong><span style=\"font-family: Muli, sans-serif;font-size: 16px;font-style: normal;font-weight: 300;letter-spacing: normal;text-align: center;text-indent: 0px;text-transform: none;text-decoration: none;float: none\">sensation au touch\u00e9.<\/span><\/li>\n<li><strong>Huile<\/strong> concentr\u00e9 parfum\u00e9 <strong>Oud al Layl: <\/strong>huile d&#8217;Ayat Perfumes, en bouteille de 12 ml. Ce parfum unisexe est un m\u00e9lange audacieux de notes \u00e9nergisantes de caramel, de vanille, d&#8217;agrumes, de notes florales, \u00e9pic\u00e9es, poudr\u00e9es, d&#8217;ambre, de bois d&#8217;agar, d&#8217;oud et de musc. Fabriqu\u00e9 et con\u00e7u \u00e0 Duba\u00ef avec des ingr\u00e9dients exotiques soigneusement s\u00e9lectionn\u00e9s, ce parfum r\u00e9pond aux normes \u00e9lev\u00e9es de l&#8217;industrie. Avec son \u00e9l\u00e9gance et sa fra\u00eecheur, Cotton Musk est l&#8217;ajout parfait \u00e0 tous les ensembles-cadeaux. Cet attar est halal, sans alcool et tr\u00e8s concentr\u00e9, quelques gouttes suffisent pour durer toute la journ\u00e9e.<\/li>\n<\/ul>\n<p>Avec le <strong>coffret Coran la Box El Imane<\/strong>, vous \u00eates s\u00fbr de faire une <a href=\"https:\/\/www.instagram.com\/reel\/CUR9MmLJB7b\/?utm_source=ig_web_copy_link\">heureuse<\/a> ou un heureux. C&#8217;est un <strong>cadeau original<\/strong> et tellement utile pour une <strong>conversion<\/strong> ou pour une personne qui se met \u00e0 <strong>prier<\/strong> et qui souhaite renforcer sa relation avec son <strong>Cr\u00e9ateur<\/strong>. De plus, vous pouvez l&#8217;offrir \u00e0 une <strong>soeur<\/strong> qui vient de porter le <strong>voile<\/strong>. C&#8217;est un coffret mixte. C&#8217;est un coffret id\u00e9al \u00e0 offrir pour Ramadan ou encore \u00e0 l&#8217;Aid.<\/p>\n<p>D\u00e9couvrez aussi notre collection de <strong><a href=\"https:\/\/moonia-boutique.com\/en\/product-category\/nos-boxs\/box-prete-a-offrir\/?_ga=2.227183387.746101221.1632574855-1487210365.1609018413\">coffret pr\u00eat \u00e0 offrir\u00a0<\/a><\/strong>.<\/p>","protected":false},"excerpt":{"rendered":"<p>La<strong>\u00a0Box El Imane\u00a0<\/strong>est une box <strong>pr\u00eate \u00e0 offrir<\/strong> ! Voici un <strong>magnifique<\/strong> <strong>coffret<\/strong> avec <strong>Coran.<\/strong><\/p>\n<p>Composition:<\/p>\n<ul>\n<li>Le <strong>Coran<\/strong> <strong>Dor\u00e9<\/strong>: couverture en\u00a0<strong>cuire <\/strong>avec motifs en relief, la <strong>tranche<\/strong> du livre est en dor\u00e9: \u00e9crit en <strong>arabe<\/strong> avec la <strong>traduction<\/strong> en <strong>fran\u00e7ais<\/strong>. Fabriqu\u00e9 en <strong>Turquie<\/strong>.<\/li>\n<li>Le <strong>tapis tiss\u00e9<\/strong>\u00a0taupe<b>:<\/b><span style=\"font-family: Muli, sans-serif;font-size: 16px;font-style: normal;font-weight: 300;letter-spacing: normal;text-align: center;text-indent: 0px;text-transform: none;text-decoration: none;float: none\"> Un tapis <\/span><span style=\"font-family: Muli, sans-serif;font-size: 16px;font-style: normal;font-weight: 300;letter-spacing: normal;text-align: center;text-indent: 0px;text-transform: none;text-decoration: none;float: none\"><strong>\u00e9pais<\/strong><\/span><span style=\"font-family: Muli, sans-serif;font-size: 16px;font-style: normal;font-weight: 300;letter-spacing: normal;text-align: center;text-indent: 0px;text-transform: none;text-decoration: none;float: none\"> tr\u00e8s<\/span> <strong style=\"border: 0px;margin: 0px;padding: 0px;vertical-align: baseline;font-family: Muli, sans-serif;font-size: 16px;font-style: normal;letter-spacing: normal;text-align: center;text-indent: 0px;text-transform: none;text-decoration: none;background-position: 0px 0px\">confortable<\/strong> <span style=\"font-family: Muli, sans-serif;font-size: 16px;font-style: normal;font-weight: 300;letter-spacing: normal;text-align: center;text-indent: 0px;text-transform: none;text-decoration: none;float: none\">de <\/span><span style=\"font-family: Muli, sans-serif;font-size: 16px;font-style: normal;font-weight: 300;letter-spacing: normal;text-align: center;text-indent: 0px;text-transform: none;text-decoration: none;float: none\"><strong>grande qualit\u00e9<\/strong><\/span><span style=\"font-family: Muli, sans-serif;font-size: 16px;font-style: normal;font-weight: 300;letter-spacing: normal;text-align: center;text-indent: 0px;text-transform: none;text-decoration: none;float: none\"> et fabriqu\u00e9 en<\/span> <strong style=\"border: 0px;margin: 0px;padding: 0px;vertical-align: baseline;font-family: Muli, sans-serif;font-size: 16px;font-style: normal;letter-spacing: normal;text-align: center;text-indent: 0px;text-transform: none;text-decoration: none;background-position: 0px 0px\">Turquie<\/strong><span style=\"font-family: Muli, sans-serif;font-size: 16px;font-style: normal;font-weight: 300;letter-spacing: normal;text-align: center;text-indent: 0px;text-transform: none;text-decoration: none;float: none\">. Sa mati\u00e8re<\/span> <span style=\"font-family: Muli, sans-serif;font-size: 16px;font-style: normal;font-weight: 300;letter-spacing: normal;text-align: center;text-indent: 0px;text-transform: none;text-decoration: none;float: none\">vous apportera<\/span><strong style=\"border: 0px;margin: 0px;padding: 0px;vertical-align: baseline;font-family: Muli, sans-serif;font-size: 16px;font-style: normal;letter-spacing: normal;text-align: center;text-indent: 0px;text-transform: none;text-decoration: none;background-position: 0px 0px\"> douceur <\/strong><span style=\"font-family: Muli, sans-serif;font-size: 16px;font-style: normal;font-weight: 300;letter-spacing: normal;text-align: center;text-indent: 0px;text-transform: none;text-decoration: none;float: none\">et une\u00a0<\/span><strong style=\"border: 0px;margin: 0px;padding: 0px;vertical-align: baseline;font-family: Muli, sans-serif;font-size: 16px;font-style: normal;letter-spacing: normal;text-align: center;text-indent: 0px;text-transform: none;text-decoration: none;background-position: 0px 0px\">agr\u00e9able <\/strong><span style=\"font-family: Muli, sans-serif;font-size: 16px;font-style: normal;font-weight: 300;letter-spacing: normal;text-align: center;text-indent: 0px;text-transform: none;text-decoration: none;float: none\">sensation au touch\u00e9.<\/span><\/li>\n<li><strong>Huile<\/strong> concentr\u00e9 parfum\u00e9 <strong>Oud al Layl: <\/strong><span style=\"font-family: S\u00f6hne, ui-sans-serif, system-ui, -apple-system,\">huile d\u2019Ayat Perfumes, en bouteille de 12 ml. Ce parfum unisexe est un m\u00e9lange audacieux de notes \u00e9nergisantes de caramel, de vanille, d\u2019agrumes, de notes florales, \u00e9pic\u00e9es, poudr\u00e9es, d\u2019ambre, de bois d\u2019agar, d\u2019oud et de musc. Fabriqu\u00e9 et con\u00e7u \u00e0 Duba\u00ef avec des ingr\u00e9dients exotiques soigneusement s\u00e9lectionn\u00e9s, ce parfum r\u00e9pond aux normes \u00e9lev\u00e9es de l\u2019industrie. Avec son \u00e9l\u00e9gance et sa fra\u00eecheur, Cotton Musk est l\u2019ajout parfait \u00e0 tous les ensembles-cadeaux. Cet attar est halal, sans alcool et tr\u00e8s concentr\u00e9, quelques gouttes suffisent pour durer toute la journ\u00e9e.<\/span><\/li>\n<\/ul>\n<p>Avec le <strong>coffret Coran la Box El Imane<\/strong>, vous \u00eates s\u00fbr de faire une <a href=\"https:\/\/www.instagram.com\/reel\/CUR9MmLJB7b\/?utm_source=ig_web_copy_link\">heureuse<\/a> ou un heureux. C\u2019est un <strong>cadeau original<\/strong> et tellement utile pour une <strong>conversion<\/strong> ou pour une personne qui se met \u00e0 <strong>prier<\/strong> et qui souhaite renforcer sa relation avec son <strong>Cr\u00e9ateur<\/strong>. De plus, vous pouvez l\u2019offrir \u00e0 une <strong>soeur<\/strong> qui vient de porter le <strong>voile<\/strong>. C\u2019est un coffret mixte. C\u2019est un coffret id\u00e9al \u00e0 offrir pour Ramadan ou encore \u00e0 l\u2019Aid.<\/p>\n<p>D\u00e9couvrez aussi notre collection de <strong><a href=\"https:\/\/moonia-boutique.com\/en\/product-category\/nos-boxs\/box-prete-a-offrir\/?_ga=2.227183387.746101221.1632574855-1487210365.1609018413\">coffret pr\u00eat \u00e0 offrir\u00a0<\/a><\/strong>.<\/p>\n<p><span style=\"color: #ed1c24\">Tout article indisponible sera automatiquement remplac\u00e9 par un produit de valeur \u00e9gale ou sup\u00e9rieure.<\/span><\/p>","protected":false},"featured_media":1434683,"comment_status":"open","ping_status":"closed","template":"","meta":{"_acf_changed":false,"_mo_disable_npp":""},"product_brand":[],"product_cat":[197,206,539,441,518,424,215],"product_tag":[],"giftcard-category":[],"class_list":{"0":"post-1434684","1":"product","2":"type-product","3":"status-publish","4":"has-post-thumbnail","6":"product_cat-box-prete-a-offrir","7":"product_cat-coffret-cadeau-islamique","8":"product_cat-coffret-coran","9":"product_cat-coffret-islam-homme","10":"product_cat-coran-arabe-francais","11":"product_cat-collection-ramadan","12":"product_cat-vetement-musulman-pour-homme","14":"first","15":"outofstock","16":"taxable","17":"shipping-taxable","18":"purchasable","19":"product-type-variable","20":"rtwpvs-product"},"composite_virtual":false,"composite_layout":"","composite_add_to_cart_form_location":"","composite_editable_in_cart":false,"composite_sold_individually_context":"","composite_shop_price_calc":"","composite_components":[],"composite_scenarios":[],"acf":[],"yoast_head":"<!-- This site is optimized with the Yoast SEO plugin v26.6 - https:\/\/yoast.com\/wordpress\/plugins\/seo\/ -->\n<title>Box Coran Tapis dor\u00e9e El Imane - Moonia Boutique<\/title>\n<meta name=\"description\" content=\"Voici un magnifique coffret avec Coran: La Box El Imane est une box pr\u00eate \u00e0 offrir ! Le Coran est \u00e9crit et arabe avec la traduction en fran\u00e7ais\" \/>\n<meta name=\"robots\" content=\"index, follow, max-snippet:-1, max-image-preview:large, max-video-preview:-1\" \/>\n<link rel=\"canonical\" href=\"https:\/\/moonia-boutique.com\/en\/product\/box-el-imane\/\" \/>\n<meta property=\"og:locale\" content=\"en_GB\" \/>\n<meta property=\"og:type\" content=\"article\" \/>\n<meta property=\"og:title\" content=\"Box Coran Tapis dor\u00e9e El Imane - Moonia Boutique\" \/>\n<meta property=\"og:description\" content=\"Voici un magnifique coffret avec Coran: La Box El Imane est une box pr\u00eate \u00e0 offrir ! Le Coran est \u00e9crit et arabe avec la traduction en fran\u00e7ais\" \/>\n<meta property=\"og:url\" content=\"https:\/\/moonia-boutique.com\/en\/product\/box-el-imane\/\" \/>\n<meta property=\"og:site_name\" content=\"Moonia Boutique\" \/>\n<meta property=\"article:modified_time\" content=\"2025-12-13T08:35:06+00:00\" \/>\n<meta property=\"og:image\" content=\"https:\/\/moonia-boutique.com\/wp-content\/uploads\/2023\/03\/2603F1C9-896C-4C98-8935-06092184FF83-scaled.jpeg\" \/>\n\t<meta property=\"og:image:width\" content=\"1401\" \/>\n\t<meta property=\"og:image:height\" content=\"2048\" \/>\n\t<meta property=\"og:image:type\" content=\"image\/jpeg\" \/>\n<meta name=\"twitter:card\" content=\"summary_large_image\" \/>\n<meta name=\"twitter:label1\" content=\"Estimated reading time\" \/>\n\t<meta name=\"twitter:data1\" content=\"2 minutes\" \/>\n<script type=\"application\/ld+json\" class=\"yoast-schema-graph\">{\"@context\":\"https:\/\/schema.org\",\"@graph\":[{\"@type\":\"WebPage\",\"@id\":\"https:\/\/moonia-boutique.com\/produit\/box-el-imane\/\",\"url\":\"https:\/\/moonia-boutique.com\/produit\/box-el-imane\/\",\"name\":\"Box Coran Tapis dor\u00e9e El Imane - Moonia Boutique\",\"isPartOf\":{\"@id\":\"https:\/\/moonia-boutique.com\/#website\"},\"primaryImageOfPage\":{\"@id\":\"https:\/\/moonia-boutique.com\/produit\/box-el-imane\/#primaryimage\"},\"image\":{\"@id\":\"https:\/\/moonia-boutique.com\/produit\/box-el-imane\/#primaryimage\"},\"thumbnailUrl\":\"https:\/\/moonia-boutique.com\/wp-content\/uploads\/2023\/03\/2603F1C9-896C-4C98-8935-06092184FF83-scaled.jpeg\",\"datePublished\":\"2023-03-12T20:15:26+00:00\",\"dateModified\":\"2025-12-13T08:35:06+00:00\",\"description\":\"Voici un magnifique coffret avec Coran: La Box El Imane est une box pr\u00eate \u00e0 offrir ! Le Coran est \u00e9crit et arabe avec la traduction en fran\u00e7ais\",\"breadcrumb\":{\"@id\":\"https:\/\/moonia-boutique.com\/produit\/box-el-imane\/#breadcrumb\"},\"inLanguage\":\"en-GB\",\"potentialAction\":[{\"@type\":\"ReadAction\",\"target\":[\"https:\/\/moonia-boutique.com\/produit\/box-el-imane\/\"]}]},{\"@type\":\"ImageObject\",\"inLanguage\":\"en-GB\",\"@id\":\"https:\/\/moonia-boutique.com\/produit\/box-el-imane\/#primaryimage\",\"url\":\"https:\/\/moonia-boutique.com\/wp-content\/uploads\/2023\/03\/2603F1C9-896C-4C98-8935-06092184FF83-scaled.jpeg\",\"contentUrl\":\"https:\/\/moonia-boutique.com\/wp-content\/uploads\/2023\/03\/2603F1C9-896C-4C98-8935-06092184FF83-scaled.jpeg\",\"width\":1401,\"height\":2048,\"caption\":\"Box El Imane\"},{\"@type\":\"BreadcrumbList\",\"@id\":\"https:\/\/moonia-boutique.com\/produit\/box-el-imane\/#breadcrumb\",\"itemListElement\":[{\"@type\":\"ListItem\",\"position\":1,\"name\":\"Accueil\",\"item\":\"https:\/\/moonia-boutique.com\/\"},{\"@type\":\"ListItem\",\"position\":2,\"name\":\"Boutique Femme Musulmane\",\"item\":\"https:\/\/moonia-boutique.com\/boutique\/\"},{\"@type\":\"ListItem\",\"position\":3,\"name\":\"Box Coran Tapis dor\u00e9e El Imane\"}]},{\"@type\":\"WebSite\",\"@id\":\"https:\/\/moonia-boutique.com\/#website\",\"url\":\"https:\/\/moonia-boutique.com\/\",\"name\":\"Moonia Boutique\",\"description\":\"Moonia Boutique - Le site de mode de la femme musulmane !\",\"publisher\":{\"@id\":\"https:\/\/moonia-boutique.com\/#organization\"},\"potentialAction\":[{\"@type\":\"SearchAction\",\"target\":{\"@type\":\"EntryPoint\",\"urlTemplate\":\"https:\/\/moonia-boutique.com\/?s={search_term_string}\"},\"query-input\":{\"@type\":\"PropertyValueSpecification\",\"valueRequired\":true,\"valueName\":\"search_term_string\"}}],\"inLanguage\":\"en-GB\"},{\"@type\":\"Organization\",\"@id\":\"https:\/\/moonia-boutique.com\/#organization\",\"name\":\"Moonia Boutique\",\"url\":\"https:\/\/moonia-boutique.com\/\",\"logo\":{\"@type\":\"ImageObject\",\"inLanguage\":\"en-GB\",\"@id\":\"https:\/\/moonia-boutique.com\/#\/schema\/logo\/image\/\",\"url\":\"https:\/\/moonia-boutique.com\/wp-content\/uploads\/2023\/08\/Sans-titre-1000-x-1000-px.png\",\"contentUrl\":\"https:\/\/moonia-boutique.com\/wp-content\/uploads\/2023\/08\/Sans-titre-1000-x-1000-px.png\",\"width\":1000,\"height\":1000,\"caption\":\"Moonia Boutique\"},\"image\":{\"@id\":\"https:\/\/moonia-boutique.com\/#\/schema\/logo\/image\/\"}}]}<\/script>\n<!-- \/ Yoast SEO plugin. -->","yoast_head_json":{"title":"Box Coran Tapis dor\u00e9e El Imane - Moonia Boutique","description":"Voici un magnifique coffret avec Coran: La Box El Imane est une box pr\u00eate \u00e0 offrir ! Le Coran est \u00e9crit et arabe avec la traduction en fran\u00e7ais","robots":{"index":"index","follow":"follow","max-snippet":"max-snippet:-1","max-image-preview":"max-image-preview:large","max-video-preview":"max-video-preview:-1"},"canonical":"https:\/\/moonia-boutique.com\/en\/product\/box-el-imane\/","og_locale":"en_GB","og_type":"article","og_title":"Box Coran Tapis dor\u00e9e El Imane - Moonia Boutique","og_description":"Voici un magnifique coffret avec Coran: La Box El Imane est une box pr\u00eate \u00e0 offrir ! Le Coran est \u00e9crit et arabe avec la traduction en fran\u00e7ais","og_url":"https:\/\/moonia-boutique.com\/en\/product\/box-el-imane\/","og_site_name":"Moonia Boutique","article_modified_time":"2025-12-13T08:35:06+00:00","og_image":[{"width":1401,"height":2048,"url":"https:\/\/moonia-boutique.com\/wp-content\/uploads\/2023\/03\/2603F1C9-896C-4C98-8935-06092184FF83-scaled.jpeg","type":"image\/jpeg"}],"twitter_card":"summary_large_image","twitter_misc":{"Estimated reading time":"2 minutes"},"schema":{"@context":"https:\/\/schema.org","@graph":[{"@type":"WebPage","@id":"https:\/\/moonia-boutique.com\/produit\/box-el-imane\/","url":"https:\/\/moonia-boutique.com\/produit\/box-el-imane\/","name":"Box Coran Tapis dor\u00e9e El Imane - Moonia Boutique","isPartOf":{"@id":"https:\/\/moonia-boutique.com\/#website"},"primaryImageOfPage":{"@id":"https:\/\/moonia-boutique.com\/produit\/box-el-imane\/#primaryimage"},"image":{"@id":"https:\/\/moonia-boutique.com\/produit\/box-el-imane\/#primaryimage"},"thumbnailUrl":"https:\/\/moonia-boutique.com\/wp-content\/uploads\/2023\/03\/2603F1C9-896C-4C98-8935-06092184FF83-scaled.jpeg","datePublished":"2023-03-12T20:15:26+00:00","dateModified":"2025-12-13T08:35:06+00:00","description":"Voici un magnifique coffret avec Coran: La Box El Imane est une box pr\u00eate \u00e0 offrir ! Le Coran est \u00e9crit et arabe avec la traduction en fran\u00e7ais","breadcrumb":{"@id":"https:\/\/moonia-boutique.com\/produit\/box-el-imane\/#breadcrumb"},"inLanguage":"en-GB","potentialAction":[{"@type":"ReadAction","target":["https:\/\/moonia-boutique.com\/produit\/box-el-imane\/"]}]},{"@type":"ImageObject","inLanguage":"en-GB","@id":"https:\/\/moonia-boutique.com\/produit\/box-el-imane\/#primaryimage","url":"https:\/\/moonia-boutique.com\/wp-content\/uploads\/2023\/03\/2603F1C9-896C-4C98-8935-06092184FF83-scaled.jpeg","contentUrl":"https:\/\/moonia-boutique.com\/wp-content\/uploads\/2023\/03\/2603F1C9-896C-4C98-8935-06092184FF83-scaled.jpeg","width":1401,"height":2048,"caption":"Box El Imane"},{"@type":"BreadcrumbList","@id":"https:\/\/moonia-boutique.com\/produit\/box-el-imane\/#breadcrumb","itemListElement":[{"@type":"ListItem","position":1,"name":"Accueil","item":"https:\/\/moonia-boutique.com\/"},{"@type":"ListItem","position":2,"name":"Boutique Femme Musulmane","item":"https:\/\/moonia-boutique.com\/boutique\/"},{"@type":"ListItem","position":3,"name":"Box Coran Tapis dor\u00e9e El Imane"}]},{"@type":"WebSite","@id":"https:\/\/moonia-boutique.com\/#website","url":"https:\/\/moonia-boutique.com\/","name":"Moonia Boutique","description":"Moonia Boutique - Le site de mode de la femme musulmane !","publisher":{"@id":"https:\/\/moonia-boutique.com\/#organization"},"potentialAction":[{"@type":"SearchAction","target":{"@type":"EntryPoint","urlTemplate":"https:\/\/moonia-boutique.com\/?s={search_term_string}"},"query-input":{"@type":"PropertyValueSpecification","valueRequired":true,"valueName":"search_term_string"}}],"inLanguage":"en-GB"},{"@type":"Organization","@id":"https:\/\/moonia-boutique.com\/#organization","name":"Moonia Boutique","url":"https:\/\/moonia-boutique.com\/","logo":{"@type":"ImageObject","inLanguage":"en-GB","@id":"https:\/\/moonia-boutique.com\/#\/schema\/logo\/image\/","url":"https:\/\/moonia-boutique.com\/wp-content\/uploads\/2023\/08\/Sans-titre-1000-x-1000-px.png","contentUrl":"https:\/\/moonia-boutique.com\/wp-content\/uploads\/2023\/08\/Sans-titre-1000-x-1000-px.png","width":1000,"height":1000,"caption":"Moonia Boutique"},"image":{"@id":"https:\/\/moonia-boutique.com\/#\/schema\/logo\/image\/"}}]}},"jetpack_sharing_enabled":true,"_links":{"self":[{"href":"https:\/\/moonia-boutique.com\/en\/wp-json\/wp\/v2\/product\/1434684","targetHints":{"allow":["GET"]}}],"collection":[{"href":"https:\/\/moonia-boutique.com\/en\/wp-json\/wp\/v2\/product"}],"about":[{"href":"https:\/\/moonia-boutique.com\/en\/wp-json\/wp\/v2\/types\/product"}],"replies":[{"embeddable":true,"href":"https:\/\/moonia-boutique.com\/en\/wp-json\/wp\/v2\/comments?post=1434684"}],"wp:featuredmedia":[{"embeddable":true,"href":"https:\/\/moonia-boutique.com\/en\/wp-json\/wp\/v2\/media\/1434683"}],"wp:attachment":[{"href":"https:\/\/moonia-boutique.com\/en\/wp-json\/wp\/v2\/media?parent=1434684"}],"wp:term":[{"taxonomy":"product_brand","embeddable":true,"href":"https:\/\/moonia-boutique.com\/en\/wp-json\/wp\/v2\/product_brand?post=1434684"},{"taxonomy":"product_cat","embeddable":true,"href":"https:\/\/moonia-boutique.com\/en\/wp-json\/wp\/v2\/product_cat?post=1434684"},{"taxonomy":"product_tag","embeddable":true,"href":"https:\/\/moonia-boutique.com\/en\/wp-json\/wp\/v2\/product_tag?post=1434684"},{"taxonomy":"giftcard-category","embeddable":true,"href":"https:\/\/moonia-boutique.com\/en\/wp-json\/wp\/v2\/giftcard-category?post=1434684"}],"curies":[{"name":"wp","href":"https:\/\/api.w.org\/{rel}","templated":true}]}}