{"id":1448038,"date":"2023-04-12T13:14:11","date_gmt":"2023-04-12T11:14:11","guid":{"rendered":"https:\/\/moonia-boutique.com\/?post_type=product&#038;p=1448038"},"modified":"2026-04-08T07:57:32","modified_gmt":"2026-04-08T05:57:32","slug":"qamis-saoudien-brode","status":"publish","type":"product","link":"https:\/\/moonia-boutique.com\/en\/product\/qamis-saoudien-brode\/","title":{"rendered":"Qamis Saoudien Brod\u00e9"},"content":{"rendered":"<h1>Le Qamis Saoudien Brod\u00e9 \u00e9l\u00e9gance et raffinement<\/h1>\n<h2>Le Qamis Saoudien Brod\u00e9: style et \u00e9l\u00e9gance<\/h2>\n<p>Ainsi Le Qamis Saoudien brod\u00e9 est un v\u00eatement traditionnel masculin \u00e9l\u00e9gant et confortable qui est tr\u00e8s appr\u00e9ci\u00e9 pour ses d\u00e9tails raffin\u00e9s. Ce v\u00eatement se compose d&#8217;une tunique longue et ample, qui descend jusqu&#8217;aux chevilles, et poss\u00e8de un col. Le col est orn\u00e9 de broderies discr\u00e8tes qui apportent une touche de sophistication \u00e0 l&#8217;ensemble.<\/p>\n<h2>Un Qamis Pratique<\/h2>\n<p>Le kamis Saoudien brod\u00e9 poss\u00e8de \u00e9galement de boutons sur le devant. Ils permettent de le fermer facilement et de le maintenir en place. De plus, ce v\u00eatement traditionnel poss\u00e8de une poche \u00e0 l&#8217;avant ainsi que deux poches lat\u00e9rales, qui offrent un espace de rangement pratique pour les petits objets.<\/p>\n<h2>Un Pantalon fourni avec le Qamis Saoudien Brod\u00e9<\/h2>\n<p>Le pantalon assorti qui accompagne le Kamis Saoudien brod\u00e9 est \u00e9galement con\u00e7u dans un tissu l\u00e9ger et confortable pour permettre une grande libert\u00e9 de mouvement. Il se porte sous la tunique, ce qui en fait une tenue compl\u00e8te et \u00e9l\u00e9gante. Le pantalon poss\u00e8de des poches.<\/p>\n<h2>Un Qamis avec des broderies discr\u00e8tes et raffin\u00e9s<\/h2>\n<p>Le Qamis Saoudien brod\u00e9 est un choix populaire pour les occasions sp\u00e9ciales, telles que les mariages et les f\u00eates religieuses. Sa broderie d\u00e9licate et ses d\u00e9tails sophistiqu\u00e9s lui conf\u00e8rent une \u00e9l\u00e9gance particuli\u00e8re. Ce qui en fait un v\u00eatement id\u00e9al pour les \u00e9v\u00e9nements formels. Cependant, il se porte comme tenue de tous les jours, car il est confortable et facile \u00e0 porter.<\/p>\n<p>En r\u00e9sum\u00e9, le Qamis Saoudien brod\u00e9 est un v\u00eatement traditionnel masculin \u00e9l\u00e9gant et confortable qui est parfait pour les occasions sp\u00e9ciales. Sa broderie discr\u00e8te, ses boutons pratiques, sa poche avant et ses poches lat\u00e9rales en font un choix pratique et sophistiqu\u00e9. Si vous recherchez un v\u00eatement traditionnel \u00e9l\u00e9gant et confortable, le Kamis Saoudien brod\u00e9 est un excellent choix.<\/p>\n<p>Vous pouvez composer une <a href=\"https:\/\/www.instagram.com\/p\/COAWnS2j7KB\/?utm_source=ig_web_copy_link\"><strong>Dine Box.<\/strong><\/a> Avec ce Qamis et choisir un <strong>Tapis<\/strong> puis un <strong>livre<\/strong> un ou <strong>bien-\u00eatre<\/strong> afin d&#8217;offrir un coffret sur mesure.<\/p>\n<p>D\u00e9couvrez toute la collection de<a href=\"https:\/\/moonia-boutique.com\/en\/product-category\/homme\/qamis\/\"><strong> Qamis for Brother<\/strong><\/a>.<\/p>\n<p>D&#8217;apr\u00e8s Oum Salama (qu&#8217;Allah l&#8217;agr\u00e9e), l&#8217;habit que le Proph\u00e8te (que la pri\u00e8re d&#8217;Allah et Son salut soient sur lui) aimait le plus est le <strong>qamis<\/strong>.<br \/>\n<b>(Tirmidhi dans ses Sounan n\u00b01762)<\/b><\/p>","protected":false},"excerpt":{"rendered":"<p>D\u00e9couvrez notre Qamis Saoudien brod\u00e9, un v\u00eatement traditionnel \u00e9l\u00e9gant pour les occasions sp\u00e9ciales. Boutonn\u00e9, poches lat\u00e9rales, broderies discr\u00e8tes \u2013 parfait pour un look sophistiqu\u00e9.<\/p>\n<p>Vous pouvez composer une <a href=\"https:\/\/www.instagram.com\/p\/COAWnS2j7KB\/?utm_source=ig_web_copy_link\"><strong>Dine Box<\/strong><\/a> avec ce Qamis et choisir un <strong>Tapis<\/strong> puis un <strong>livre<\/strong> un ou <strong>bien-\u00eatre<\/strong> afin d\u2019offrir un coffret sur mesure.<\/p>\n<p>D\u00e9couvrez toute la collection de<a href=\"https:\/\/moonia-boutique.com\/en\/product-category\/homme\/qamis\/\"><strong> Qamis for Brother<\/strong><\/a>.<\/p>\n<p>D\u2019apr\u00e8s Oum Salama (qu\u2019Allah l\u2019agr\u00e9e), l\u2019habit que le Proph\u00e8te (que la pri\u00e8re d\u2019Allah et Son salut soient sur lui) aimait le plus est le <strong>qamis<\/strong>.<br \/>\n<b>(Rapport\u00e9 par Tirmidhi dans ses Sounan n\u00b01762 qui l\u2019a authentifi\u00e9 et il a \u00e9galement \u00e9t\u00e9 authentifi\u00e9 par Cheikh Albani dans sa correction de Sounan Tirmidhi)<\/b><\/p>\n<table style=\"border-collapse: collapse;width: 99.9037%;height: 156px\">\n<tbody>\n<tr style=\"height: 26px\">\n<td style=\"width: 17.1136%;height: 26px;text-align: center\"><strong>Taille du Qamis<\/strong><\/td>\n<td style=\"width: 40.3322%;height: 26px;text-align: center\"><strong>Hauteur de la personne (cm)<\/strong><\/td>\n<td style=\"width: 74.9637%;height: 26px;text-align: center\"><strong>Longueur du Qamis (cm)<\/strong><\/td>\n<\/tr>\n<tr style=\"height: 26px\">\n<td style=\"width: 17.1136%;height: 26px;text-align: center\"><strong>54<\/strong><\/td>\n<td style=\"width: 40.3322%;height: 26px;text-align: center\"><strong>174-178<\/strong><\/td>\n<td style=\"width: 74.9637%;height: 26px;text-align: center\"><strong>137<\/strong><\/td>\n<\/tr>\n<tr style=\"height: 26px\">\n<td style=\"width: 17.1136%;height: 26px;text-align: center\"><strong>56<\/strong><\/td>\n<td style=\"width: 40.3322%;height: 26px;text-align: center\"><strong>178-781<\/strong><\/td>\n<td style=\"width: 74.9637%;height: 26px;text-align: center\"><strong>142<\/strong><\/td>\n<\/tr>\n<tr style=\"height: 26px\">\n<td style=\"width: 17.1136%;height: 26px;text-align: center\"><strong>58<\/strong><\/td>\n<td style=\"width: 40.3322%;height: 26px;text-align: center\"><strong>182-185<\/strong><\/td>\n<td style=\"width: 74.9637%;height: 26px;text-align: center\"><strong>147<\/strong><\/td>\n<\/tr>\n<tr style=\"height: 26px\">\n<td style=\"width: 17.1136%;height: 26px;text-align: center\"><strong>60<\/strong><\/td>\n<td style=\"width: 40.3322%;height: 26px;text-align: center\"><strong>186-189<\/strong><\/td>\n<td style=\"width: 74.9637%;height: 26px;text-align: center\"><strong>152<\/strong><\/td>\n<\/tr>\n<tr style=\"height: 26px\">\n<td style=\"width: 17.1136%;height: 26px;text-align: center\"><strong>62<\/strong><\/td>\n<td style=\"width: 40.3322%;height: 26px;text-align: center\"><strong>+ de 189<\/strong><\/td>\n<td style=\"width: 74.9637%;height: 26px;text-align: center\"><strong>158<\/strong><\/td>\n<\/tr>\n<\/tbody>\n<\/table>\n<p>&nbsp;<\/p>","protected":false},"featured_media":1449233,"comment_status":"open","ping_status":"closed","template":"","meta":{"_acf_changed":false,"_mo_disable_npp":""},"product_brand":[],"product_cat":[377,207,537,534,538,533,237,535,215,370],"product_tag":[],"giftcard-category":[],"class_list":{"0":"post-1448038","1":"product","2":"type-product","3":"status-publish","4":"has-post-thumbnail","6":"product_cat-dahwaa","7":"product_cat-qamis","8":"product_cat-qamis-blanc","9":"product_cat-qamis-homme","10":"product_cat-qamis-noir","11":"product_cat-qamis-pas-cher","12":"product_cat-qamis-box","13":"product_cat-qamis-saoudien","14":"product_cat-vetement-musulman-pour-homme","15":"product_cat-z-i","17":"first","18":"instock","19":"taxable","20":"shipping-taxable","21":"purchasable","22":"product-type-variable","23":"has-default-attributes","24":"rtwpvs-product"},"composite_virtual":false,"composite_layout":"","composite_add_to_cart_form_location":"","composite_editable_in_cart":false,"composite_sold_individually_context":"","composite_shop_price_calc":"","composite_components":[],"composite_scenarios":[],"acf":[],"yoast_head":"<!-- This site is optimized with the Yoast SEO plugin v26.6 - https:\/\/yoast.com\/wordpress\/plugins\/seo\/ -->\n<title>Qamis Saoudien Brod\u00e9 - Moonia Boutique<\/title>\n<meta name=\"description\" content=\"Le Qamis Saoudien brod\u00e9, un Kamis \u00e9l\u00e9gant pour les occasions sp\u00e9ciales. Boutonn\u00e9, poches lat\u00e9rales, broderies discr\u00e8tes - parfait pour un look sophistiqu\u00e9.\" \/>\n<meta name=\"robots\" content=\"index, follow, max-snippet:-1, max-image-preview:large, max-video-preview:-1\" \/>\n<link rel=\"canonical\" href=\"https:\/\/moonia-boutique.com\/en\/product\/qamis-saoudien-brode\/\" \/>\n<meta property=\"og:locale\" content=\"en_GB\" \/>\n<meta property=\"og:type\" content=\"article\" \/>\n<meta property=\"og:title\" content=\"Qamis Saoudien Brod\u00e9 - Moonia Boutique\" \/>\n<meta property=\"og:description\" content=\"Le Qamis Saoudien brod\u00e9, un Kamis \u00e9l\u00e9gant pour les occasions sp\u00e9ciales. Boutonn\u00e9, poches lat\u00e9rales, broderies discr\u00e8tes - parfait pour un look sophistiqu\u00e9.\" \/>\n<meta property=\"og:url\" content=\"https:\/\/moonia-boutique.com\/en\/product\/qamis-saoudien-brode\/\" \/>\n<meta property=\"og:site_name\" content=\"Moonia Boutique\" \/>\n<meta property=\"article:modified_time\" content=\"2026-04-08T05:57:32+00:00\" \/>\n<meta property=\"og:image\" content=\"https:\/\/moonia-boutique.com\/wp-content\/uploads\/2023\/04\/B5A3CF04-CE92-4143-BDC0-4A4FE51F72EA-scaled.jpeg\" \/>\n\t<meta property=\"og:image:width\" content=\"970\" \/>\n\t<meta property=\"og:image:height\" content=\"2048\" \/>\n\t<meta property=\"og:image:type\" content=\"image\/jpeg\" \/>\n<meta name=\"twitter:card\" content=\"summary_large_image\" \/>\n<meta name=\"twitter:label1\" content=\"Estimated reading time\" \/>\n\t<meta name=\"twitter:data1\" content=\"3 minutes\" \/>\n<script type=\"application\/ld+json\" class=\"yoast-schema-graph\">{\"@context\":\"https:\/\/schema.org\",\"@graph\":[{\"@type\":\"WebPage\",\"@id\":\"https:\/\/moonia-boutique.com\/produit\/qamis-saoudien-brode\/\",\"url\":\"https:\/\/moonia-boutique.com\/produit\/qamis-saoudien-brode\/\",\"name\":\"Qamis Saoudien Brod\u00e9 - Moonia Boutique\",\"isPartOf\":{\"@id\":\"https:\/\/moonia-boutique.com\/#website\"},\"primaryImageOfPage\":{\"@id\":\"https:\/\/moonia-boutique.com\/produit\/qamis-saoudien-brode\/#primaryimage\"},\"image\":{\"@id\":\"https:\/\/moonia-boutique.com\/produit\/qamis-saoudien-brode\/#primaryimage\"},\"thumbnailUrl\":\"https:\/\/moonia-boutique.com\/wp-content\/uploads\/2023\/04\/B5A3CF04-CE92-4143-BDC0-4A4FE51F72EA-scaled.jpeg\",\"datePublished\":\"2023-04-12T11:14:11+00:00\",\"dateModified\":\"2026-04-08T05:57:32+00:00\",\"description\":\"Le Qamis Saoudien brod\u00e9, un Kamis \u00e9l\u00e9gant pour les occasions sp\u00e9ciales. Boutonn\u00e9, poches lat\u00e9rales, broderies discr\u00e8tes - parfait pour un look sophistiqu\u00e9.\",\"breadcrumb\":{\"@id\":\"https:\/\/moonia-boutique.com\/produit\/qamis-saoudien-brode\/#breadcrumb\"},\"inLanguage\":\"en-GB\",\"potentialAction\":[{\"@type\":\"ReadAction\",\"target\":[\"https:\/\/moonia-boutique.com\/produit\/qamis-saoudien-brode\/\"]}]},{\"@type\":\"ImageObject\",\"inLanguage\":\"en-GB\",\"@id\":\"https:\/\/moonia-boutique.com\/produit\/qamis-saoudien-brode\/#primaryimage\",\"url\":\"https:\/\/moonia-boutique.com\/wp-content\/uploads\/2023\/04\/B5A3CF04-CE92-4143-BDC0-4A4FE51F72EA-scaled.jpeg\",\"contentUrl\":\"https:\/\/moonia-boutique.com\/wp-content\/uploads\/2023\/04\/B5A3CF04-CE92-4143-BDC0-4A4FE51F72EA-scaled.jpeg\",\"width\":970,\"height\":2048,\"caption\":\"Qamis Saoudien Brod\u00e9\"},{\"@type\":\"BreadcrumbList\",\"@id\":\"https:\/\/moonia-boutique.com\/produit\/qamis-saoudien-brode\/#breadcrumb\",\"itemListElement\":[{\"@type\":\"ListItem\",\"position\":1,\"name\":\"Accueil\",\"item\":\"https:\/\/moonia-boutique.com\/\"},{\"@type\":\"ListItem\",\"position\":2,\"name\":\"Boutique Femme Musulmane\",\"item\":\"https:\/\/moonia-boutique.com\/boutique\/\"},{\"@type\":\"ListItem\",\"position\":3,\"name\":\"Qamis Saoudien Brod\u00e9\"}]},{\"@type\":\"WebSite\",\"@id\":\"https:\/\/moonia-boutique.com\/#website\",\"url\":\"https:\/\/moonia-boutique.com\/\",\"name\":\"Moonia Boutique\",\"description\":\"Moonia Boutique - Le site de mode de la femme musulmane !\",\"publisher\":{\"@id\":\"https:\/\/moonia-boutique.com\/#organization\"},\"potentialAction\":[{\"@type\":\"SearchAction\",\"target\":{\"@type\":\"EntryPoint\",\"urlTemplate\":\"https:\/\/moonia-boutique.com\/?s={search_term_string}\"},\"query-input\":{\"@type\":\"PropertyValueSpecification\",\"valueRequired\":true,\"valueName\":\"search_term_string\"}}],\"inLanguage\":\"en-GB\"},{\"@type\":\"Organization\",\"@id\":\"https:\/\/moonia-boutique.com\/#organization\",\"name\":\"Moonia Boutique\",\"url\":\"https:\/\/moonia-boutique.com\/\",\"logo\":{\"@type\":\"ImageObject\",\"inLanguage\":\"en-GB\",\"@id\":\"https:\/\/moonia-boutique.com\/#\/schema\/logo\/image\/\",\"url\":\"https:\/\/moonia-boutique.com\/wp-content\/uploads\/2023\/08\/Sans-titre-1000-x-1000-px.png\",\"contentUrl\":\"https:\/\/moonia-boutique.com\/wp-content\/uploads\/2023\/08\/Sans-titre-1000-x-1000-px.png\",\"width\":1000,\"height\":1000,\"caption\":\"Moonia Boutique\"},\"image\":{\"@id\":\"https:\/\/moonia-boutique.com\/#\/schema\/logo\/image\/\"}}]}<\/script>\n<!-- \/ Yoast SEO plugin. -->","yoast_head_json":{"title":"Qamis Saoudien Brod\u00e9 - Moonia Boutique","description":"Le Qamis Saoudien brod\u00e9, un Kamis \u00e9l\u00e9gant pour les occasions sp\u00e9ciales. Boutonn\u00e9, poches lat\u00e9rales, broderies discr\u00e8tes - parfait pour un look sophistiqu\u00e9.","robots":{"index":"index","follow":"follow","max-snippet":"max-snippet:-1","max-image-preview":"max-image-preview:large","max-video-preview":"max-video-preview:-1"},"canonical":"https:\/\/moonia-boutique.com\/en\/product\/qamis-saoudien-brode\/","og_locale":"en_GB","og_type":"article","og_title":"Qamis Saoudien Brod\u00e9 - Moonia Boutique","og_description":"Le Qamis Saoudien brod\u00e9, un Kamis \u00e9l\u00e9gant pour les occasions sp\u00e9ciales. Boutonn\u00e9, poches lat\u00e9rales, broderies discr\u00e8tes - parfait pour un look sophistiqu\u00e9.","og_url":"https:\/\/moonia-boutique.com\/en\/product\/qamis-saoudien-brode\/","og_site_name":"Moonia Boutique","article_modified_time":"2026-04-08T05:57:32+00:00","og_image":[{"width":970,"height":2048,"url":"https:\/\/moonia-boutique.com\/wp-content\/uploads\/2023\/04\/B5A3CF04-CE92-4143-BDC0-4A4FE51F72EA-scaled.jpeg","type":"image\/jpeg"}],"twitter_card":"summary_large_image","twitter_misc":{"Estimated reading time":"3 minutes"},"schema":{"@context":"https:\/\/schema.org","@graph":[{"@type":"WebPage","@id":"https:\/\/moonia-boutique.com\/produit\/qamis-saoudien-brode\/","url":"https:\/\/moonia-boutique.com\/produit\/qamis-saoudien-brode\/","name":"Qamis Saoudien Brod\u00e9 - Moonia Boutique","isPartOf":{"@id":"https:\/\/moonia-boutique.com\/#website"},"primaryImageOfPage":{"@id":"https:\/\/moonia-boutique.com\/produit\/qamis-saoudien-brode\/#primaryimage"},"image":{"@id":"https:\/\/moonia-boutique.com\/produit\/qamis-saoudien-brode\/#primaryimage"},"thumbnailUrl":"https:\/\/moonia-boutique.com\/wp-content\/uploads\/2023\/04\/B5A3CF04-CE92-4143-BDC0-4A4FE51F72EA-scaled.jpeg","datePublished":"2023-04-12T11:14:11+00:00","dateModified":"2026-04-08T05:57:32+00:00","description":"Le Qamis Saoudien brod\u00e9, un Kamis \u00e9l\u00e9gant pour les occasions sp\u00e9ciales. Boutonn\u00e9, poches lat\u00e9rales, broderies discr\u00e8tes - parfait pour un look sophistiqu\u00e9.","breadcrumb":{"@id":"https:\/\/moonia-boutique.com\/produit\/qamis-saoudien-brode\/#breadcrumb"},"inLanguage":"en-GB","potentialAction":[{"@type":"ReadAction","target":["https:\/\/moonia-boutique.com\/produit\/qamis-saoudien-brode\/"]}]},{"@type":"ImageObject","inLanguage":"en-GB","@id":"https:\/\/moonia-boutique.com\/produit\/qamis-saoudien-brode\/#primaryimage","url":"https:\/\/moonia-boutique.com\/wp-content\/uploads\/2023\/04\/B5A3CF04-CE92-4143-BDC0-4A4FE51F72EA-scaled.jpeg","contentUrl":"https:\/\/moonia-boutique.com\/wp-content\/uploads\/2023\/04\/B5A3CF04-CE92-4143-BDC0-4A4FE51F72EA-scaled.jpeg","width":970,"height":2048,"caption":"Qamis Saoudien Brod\u00e9"},{"@type":"BreadcrumbList","@id":"https:\/\/moonia-boutique.com\/produit\/qamis-saoudien-brode\/#breadcrumb","itemListElement":[{"@type":"ListItem","position":1,"name":"Accueil","item":"https:\/\/moonia-boutique.com\/"},{"@type":"ListItem","position":2,"name":"Boutique Femme Musulmane","item":"https:\/\/moonia-boutique.com\/boutique\/"},{"@type":"ListItem","position":3,"name":"Qamis Saoudien Brod\u00e9"}]},{"@type":"WebSite","@id":"https:\/\/moonia-boutique.com\/#website","url":"https:\/\/moonia-boutique.com\/","name":"Moonia Boutique","description":"Moonia Boutique - Le site de mode de la femme musulmane !","publisher":{"@id":"https:\/\/moonia-boutique.com\/#organization"},"potentialAction":[{"@type":"SearchAction","target":{"@type":"EntryPoint","urlTemplate":"https:\/\/moonia-boutique.com\/?s={search_term_string}"},"query-input":{"@type":"PropertyValueSpecification","valueRequired":true,"valueName":"search_term_string"}}],"inLanguage":"en-GB"},{"@type":"Organization","@id":"https:\/\/moonia-boutique.com\/#organization","name":"Moonia Boutique","url":"https:\/\/moonia-boutique.com\/","logo":{"@type":"ImageObject","inLanguage":"en-GB","@id":"https:\/\/moonia-boutique.com\/#\/schema\/logo\/image\/","url":"https:\/\/moonia-boutique.com\/wp-content\/uploads\/2023\/08\/Sans-titre-1000-x-1000-px.png","contentUrl":"https:\/\/moonia-boutique.com\/wp-content\/uploads\/2023\/08\/Sans-titre-1000-x-1000-px.png","width":1000,"height":1000,"caption":"Moonia Boutique"},"image":{"@id":"https:\/\/moonia-boutique.com\/#\/schema\/logo\/image\/"}}]}},"jetpack_sharing_enabled":true,"_links":{"self":[{"href":"https:\/\/moonia-boutique.com\/en\/wp-json\/wp\/v2\/product\/1448038","targetHints":{"allow":["GET"]}}],"collection":[{"href":"https:\/\/moonia-boutique.com\/en\/wp-json\/wp\/v2\/product"}],"about":[{"href":"https:\/\/moonia-boutique.com\/en\/wp-json\/wp\/v2\/types\/product"}],"replies":[{"embeddable":true,"href":"https:\/\/moonia-boutique.com\/en\/wp-json\/wp\/v2\/comments?post=1448038"}],"wp:featuredmedia":[{"embeddable":true,"href":"https:\/\/moonia-boutique.com\/en\/wp-json\/wp\/v2\/media\/1449233"}],"wp:attachment":[{"href":"https:\/\/moonia-boutique.com\/en\/wp-json\/wp\/v2\/media?parent=1448038"}],"wp:term":[{"taxonomy":"product_brand","embeddable":true,"href":"https:\/\/moonia-boutique.com\/en\/wp-json\/wp\/v2\/product_brand?post=1448038"},{"taxonomy":"product_cat","embeddable":true,"href":"https:\/\/moonia-boutique.com\/en\/wp-json\/wp\/v2\/product_cat?post=1448038"},{"taxonomy":"product_tag","embeddable":true,"href":"https:\/\/moonia-boutique.com\/en\/wp-json\/wp\/v2\/product_tag?post=1448038"},{"taxonomy":"giftcard-category","embeddable":true,"href":"https:\/\/moonia-boutique.com\/en\/wp-json\/wp\/v2\/giftcard-category?post=1448038"}],"curies":[{"name":"wp","href":"https:\/\/api.w.org\/{rel}","templated":true}]}}