{"id":1461875,"date":"2023-06-01T10:41:55","date_gmt":"2023-06-01T08:41:55","guid":{"rendered":"https:\/\/moonia-boutique.com\/?post_type=product&#038;p=1461875"},"modified":"2025-12-03T22:10:13","modified_gmt":"2025-12-03T21:10:13","slug":"ensemble-abaya-jazz-mina","status":"publish","type":"product","link":"https:\/\/moonia-boutique.com\/en\/product\/ensemble-abaya-jazz-mina\/","title":{"rendered":"Ensemble Abaya Hijab Jazz Mina"},"content":{"rendered":"<p><span style=\"font-family: Helvetica\">D\u00e9couvrez l\u2019Ensemble Jazz Mina 3 pi\u00e8ces. Une tenue compl\u00e8te pour femme musulmane en tissu Jazz haute qualit\u00e9. Elle se compose d\u2019un Kimono d\u2019une sous-abaya et d\u2019un Maxi Hijab. Cet ensemble aussi poss\u00e8de des coutures apparentes qui ajoute une touche d&#8217;originalit\u00e9 \u00e0 l\u2019ensemble abaya.<\/span><\/p>\n<h2><span style=\"font-family: Helvetica\">Besoin d&#8217;un ensemble Abaya complet ?<\/span><\/h2>\n<p><span style=\"font-family: Helvetica\">Voici l&#8217;Ensemble Jazz Mina, une tenue en 3 pi\u00e8ces qui vous s\u00e9duira par son \u00e9l\u00e9gance et son style unique. Cet ensemble comprend un kimono, une sous-abaya et un maxi hijab, parfaits pour compl\u00e9ter votre garde-robe.<\/span><\/p>\n<p><span style=\"font-family: Helvetica\">Tout d&#8217;abord, laissez nous vous pr\u00e9senter le kimono \u00e9l\u00e9gant de cet ensemble. Fabriqu\u00e9 \u00e0 partir d&#8217;un tissu l\u00e9ger et fluide, il offre un confort optimal tout en mettant en valeur votre silhouette. Son effet froiss\u00e9 lui conf\u00e8re un charme particulier, ajoutant une touche d&#8217;\u00e9l\u00e9gance \u00e0 votre tenue. Avec sa coupe ample et \u00e9l\u00e9gante, ce kimono est id\u00e9al pour toutes les occasions. Ses manches \u00e9vas\u00e9es longues apportent une touche de f\u00e9minit\u00e9 et de gr\u00e2ce \u00e0 votre look.<\/span><\/p>\n<p><span style=\"font-family: Helvetica\">Ensuite, la sous-abaya sans manches en jazz est un autre \u00e9l\u00e9ment essentiel de cet ensemble. Vous pourrez la porter chez vous en famille, mais elle peut \u00e9galement \u00eatre associ\u00e9e \u00e0 d&#8217;autres kimonos pour cr\u00e9er des combinaisons uniques. Polyvalente et confortable, cette sous-abaya ajoute une note de modernit\u00e9 \u00e0 votre tenue.<\/span><\/p>\n<p><span style=\"font-family: Helvetica\">Enfin, l&#8217;ensemble Mina en jazz comprend \u00e9galement un maxi hijab assorti. Fabriqu\u00e9 \u00e0 partir de jazz de haute qualit\u00e9, ce hijab allie confort et style. Il vous offre la possibilit\u00e9 de le draper de diff\u00e9rentes mani\u00e8res, ce qui vous permet de personnaliser votre tenue selon vos pr\u00e9f\u00e9rences et votre style personnel. Le maxi hijab est suffisamment grand pour s&#8217;adapter \u00e0 toutes les formes de coiffure, vous offrant ainsi une libert\u00e9 totale dans votre expression vestimentaire.<\/span><\/p>\n<p><span style=\"font-family: Helvetica\">Enfin, l&#8217;ensemble Mina en jazz est un choix parfait pour celles qui recherchent une tenue compl\u00e8te \u00e9l\u00e9gante et moderne. Avec son kimono \u00e9l\u00e9gant, sa sous-abaya sans manches et son maxi hijab assorti, cet ensemble vous permettra de cr\u00e9er des looks uniques et \u00e9l\u00e9gants.\u00a0<\/span><\/p>\n<h2><span style=\"font-family: Helvetica\">L&#8217;Ensemble Jazz Mina: la tenue id\u00e9ale pour l\u2019\u00e9t\u00e9<\/span><\/h2>\n<p><span style=\"font-family: Helvetica\">L&#8217;ensemble Jazz Mina est une tenue id\u00e9ale pour l&#8217;\u00e9t\u00e9. Elle allie style, confort et l\u00e9g\u00e8ret\u00e9. Fabriqu\u00e9 \u00e0 partir d&#8217;un tissu l\u00e9ger et fluide, cet ensemble vous garantit une sensation de fra\u00eecheur m\u00eame lors des journ\u00e9es les plus chaudes. Son effet froiss\u00e9 lui conf\u00e8re une allure d\u00e9contract\u00e9e et tendance, parfaite pour les occasions estivales.<\/span><\/p>\n<p><span style=\"font-family: Helvetica\">Le choix du tissu Jazz pour cet ensemble est judicieux. Il est doux, respirant et agr\u00e9able \u00e0 porter, offrant une sensation de confort tout en pr\u00e9servant votre awrah(pudeur). Grace \u00e0 son \u00e9lasticit\u00e9, vous pourrez profiter d&#8217;une libert\u00e9 de mouvement optimale sans compromettre votre style.<\/span><\/p>\n<p><span style=\"font-family: Helvetica\">L&#8217;ensemble Jazz Mina met l&#8217;accent sur le confort et la libert\u00e9 de mouvement. Le kimono, la sous-robe et le hijab sont con\u00e7us pour vous offrir une tenue confortable tout au long de la journ\u00e9e. Vous pourrez vaquer \u00e0 vos activit\u00e9s en toute s\u00e9r\u00e9nit\u00e9, sans vous sentir limit\u00e9e dans vos mouvements.<\/span><\/p>\n<p><span style=\"font-family: Helvetica\">De plus, cet ensemble se distingue par ses coutures apparentes originales. Elles ajoutent une touche d&#8217;originalit\u00e9 et de style \u00e0 votre tenue, vous permettant de vous d\u00e9marquer avec \u00e9l\u00e9gance.<\/span><\/p>\n<p><span style=\"font-family: Helvetica\">En r\u00e9sum\u00e9, l&#8217;ensemble Jazz Mina en tissu jazz est un choix parfait pour l&#8217;\u00e9t\u00e9. Son tissu l\u00e9ger et fluide, son effet froiss\u00e9, sa douceur et son confort vous permettront de profiter pleinement de la saison estivale. Ne manquez pas l&#8217;occasion de vous procurer cet ensemble unique, alliant mode, praticit\u00e9 et raffinement.<\/span><\/p>\n<h2><span style=\"font-family: Helvetica\">L\u2019Ensemble Jazz Mina pour toutes les Occasion<\/span><\/h2>\n<p><span style=\"font-family: Helvetica\">L&#8217;ensemble Jazz Mina est parfait pour toutes les occasions, vous permettant de briller quel que soit l&#8217;\u00e9v\u00e9nement. Cet ensemble complet peut \u00eatre port\u00e9 de diff\u00e9rentes mani\u00e8res, s&#8217;adaptant ainsi \u00e0 diverses circonstances. Que ce soit pour c\u00e9l\u00e9brer les f\u00eates religieuses telles que l&#8217;A\u00efd al-Adha ou l&#8217;A\u00efd el-Fitr, pour assister \u00e0 une soir\u00e9e sp\u00e9ciale comme un mariage ou une naissance, ou m\u00eame pour accomplir le hajj ou la omra, cet ensemble sera votre alli\u00e9 de style.<\/span><\/p>\n<p><span style=\"font-family: Helvetica\">En plus de son adaptabilit\u00e9 aux occasions sp\u00e9ciales, l&#8217;ensemble Jazz Mina peut \u00e9galement \u00eatre port\u00e9 au quotidien pour ajouter une touche d&#8217;\u00e9l\u00e9gance \u00e0 votre tenue. Il offre une vari\u00e9t\u00e9 d&#8217;options de style pour vous permettre d&#8217;exprimer votre individualit\u00e9 et de vous sentir bien dans votre peau. Que vous pr\u00e9f\u00e9riez un look d\u00e9contract\u00e9 ou un style plus sophistiqu\u00e9, cet ensemble saura r\u00e9pondre \u00e0 vos besoins.<\/span><\/p>\n<h2><span style=\"font-family: Helvetica\">Tailles et disponibilit\u00e9s de l&#8217;Ensemble jazz Mina<\/span><\/h2>\n<p><span style=\"font-family: Helvetica\">C&#8217;est un ensemble en taille unique du 36 au 44.<\/span><\/p>\n<p><span style=\"font-family: Helvetica\">Le kimono mesure environ 140 cm<span style=\"font-size: 14.4px\">\u00a0<\/span><span style=\"font-size: 14.4px\">\u00e0 partir des \u00e9paules.<\/span><\/span><\/p>\n<p><span style=\"font-family: Helvetica\">La sous-abaya mesure environ 134 cm.<\/span><\/p>\n<p><span style=\"font-family: Helvetica\">Le hijab mesure environ 190\u00d770cm.<\/span><\/p>\n<p><span style=\"font-family: Helvetica\"><span style=\"font-size: 14.4px\">La mod\u00e8le<\/span><span style=\"font-family: S\u00f6hne, ui-sans-serif, system-ui, -apple-system,\"> mesure 1m73 porte du S habituellement.<\/span><\/span><\/p>\n<p><span style=\"font-family: Helvetica\">Disponible dans diff\u00e9rentes couleurs, cet ensemble abaya complet en Jazz est le choix parfait pour toutes les occasions. En \u00e9t\u00e9, ce sera votre alli\u00e9 contre les fortes chaleurs.<\/span><\/p>\n<p><span style=\"font-family: Helvetica\">Ne manquez pas l&#8217;occasion de vous procurer cet ensemble complet et tendance pour enrichir votre garde-robe. <a href=\"https:\/\/www.instagram.com\/reel\/Cs9JBEIoBRJ\/?utm_source=ig_web_copy_link&amp;igshid=MzRlODBiNWFlZA==\">(voir le tuto)<\/a><\/span><\/p>\n<p><span style=\"font-family: Helvetica\">D\u00e9couvrez aussi tous nos autres ensembles dans la cat\u00e9gorie <a href=\"https:\/\/moonia-boutique.com\/en\/product-category\/pret-a-porter-pour-femme-musulmane\/ensemble\/\">Ensembles.<\/a><\/span><\/p>\n<p>&nbsp;<\/p>","protected":false},"excerpt":{"rendered":"<p><span style=\"font-family: Helvetica\">D\u00e9couvrez l\u2019Ensemble Jazz Mina 3 pi\u00e8ces. Une tenue compl\u00e8te pour femme musulmane en tissu Jazz haute qualit\u00e9. Elle se compose d\u2019un Kimono d\u2019une sous-abaya et d\u2019un Maxi Hijab. Cet ensemble aussi poss\u00e8de des coutures apparentes qui ajoute une touche d&#8217;originalit\u00e9 \u00e0 l\u2019ensemble abaya.<\/span><\/p>\n<p><span style=\"font-family: Helvetica\">C&#8217;est un ensemble en taille unique du 36 au 44.<\/span><\/p>\n<p><span style=\"font-family: Helvetica\">Le kimono mesure environ 140 cm<span style=\"font-size: 14.4px\">\u00a0<\/span><span style=\"font-size: 14.4px\">\u00e0 partir des \u00e9paules.<\/span><\/span><\/p>\n<p><span style=\"font-family: Helvetica\">La sous-abaya mesure environ 134 cm.<\/span><\/p>\n<p><span style=\"font-family: Helvetica\">Le hijab mesure environ 190\u00d770cm.<\/span><\/p>\n<p><span style=\"font-family: Helvetica\"><span style=\"font-size: 14.4px\">La mod\u00e8le<\/span><span style=\"font-family: S\u00f6hne, ui-sans-serif, system-ui, -apple-system,\"> mesure 1m73 porte du S habituellement.<\/span><\/span><\/p>\n<p><span style=\"font-family: Helvetica\">Disponible dans diff\u00e9rentes couleurs, cet ensemble abaya complet en Jazz est le choix parfait pour toutes les occasions. En \u00e9t\u00e9, ce sera votre alli\u00e9 contre les fortes chaleurs.<\/span><\/p>\n<p><span style=\"font-family: Helvetica\">Ne manquez pas l&#8217;occasion de vous procurer cet ensemble complet et tendance pour enrichir votre garde-robe. <a href=\"https:\/\/www.instagram.com\/reel\/Cs9JBEIoBRJ\/?utm_source=ig_web_copy_link&amp;igshid=MzRlODBiNWFlZA==\">(voir le tuto)<\/a><\/span><\/p>\n<p><span style=\"font-family: Helvetica\">D\u00e9couvrez aussi tous nos autres ensembles dans la cat\u00e9gorie <a href=\"https:\/\/moonia-boutique.com\/en\/product-category\/pret-a-porter-pour-femme-musulmane\/ensemble\/\">Ensembles.<\/a><\/span><\/p>","protected":false},"featured_media":3202814,"comment_status":"open","ping_status":"closed","template":"","meta":{"_acf_changed":false,"_mo_disable_npp":""},"product_brand":[],"product_cat":[499,469,472,468,458,455,462,451,416,475,459,470,463,452,525,473,457,389,429,415,478,205,440,204,422],"product_tag":[],"giftcard-category":[],"class_list":{"0":"post-1461875","1":"product","2":"type-product","3":"status-publish","4":"has-post-thumbnail","6":"product_cat-abaya","7":"product_cat-abaya-3-piece","8":"product_cat-abaya-aid","9":"product_cat-abaya-beige","10":"product_cat-abaya-brodee","11":"product_cat-abaya-dubai","12":"product_cat-abaya-evase","13":"product_cat-abaya-femme","14":"product_cat-abaya-grande-taille","15":"product_cat-abaya-jazz","16":"product_cat-abaya-kimono","17":"product_cat-abaya-mariage","18":"product_cat-abaya-noir","19":"product_cat-abaya-papillon","20":"product_cat-abaya-pour-compose-ta-box","21":"product_cat-abaya-sans-manches","22":"product_cat-abaya-saoudienne","23":"product_cat-aid-collection","24":"product_cat-e-o","25":"product_cat-ensemble","26":"product_cat-hijab-femme","27":"product_cat-pret-a-porter-pour-femme-musulmane","28":"product_cat-robe-de-fete-pret-a-porter-pour-femme-musulmane","29":"product_cat-robe-mastour","30":"product_cat-hajj-omra","32":"first","33":"instock","34":"taxable","35":"shipping-taxable","36":"purchasable","37":"product-type-variable","38":"rtwpvs-product"},"composite_virtual":false,"composite_layout":"","composite_add_to_cart_form_location":"","composite_editable_in_cart":false,"composite_sold_individually_context":"","composite_shop_price_calc":"","composite_components":[],"composite_scenarios":[],"acf":[],"yoast_head":"<!-- This site is optimized with the Yoast SEO plugin v26.6 - https:\/\/yoast.com\/wordpress\/plugins\/seo\/ -->\n<title>Ensemble Abaya Hijab Jazz Mina - Moonia Boutique<\/title>\n<meta name=\"description\" content=\"D\u00e9couvrez l\u2019Ensemble Jazz Mina une tenue compl\u00e8te pour femme musulmane en tissu Jazz haute qualit\u00e9. C&#039;est une tenue id\u00e9al pour l&#039;\u00e9t\u00e9.\" \/>\n<meta name=\"robots\" content=\"index, follow, max-snippet:-1, max-image-preview:large, max-video-preview:-1\" \/>\n<link rel=\"canonical\" href=\"https:\/\/moonia-boutique.com\/en\/product\/ensemble-abaya-jazz-mina\/\" \/>\n<meta property=\"og:locale\" content=\"en_GB\" \/>\n<meta property=\"og:type\" content=\"article\" \/>\n<meta property=\"og:title\" content=\"Ensemble Abaya Hijab Jazz Mina - Moonia Boutique\" \/>\n<meta property=\"og:description\" content=\"D\u00e9couvrez l\u2019Ensemble Jazz Mina une tenue compl\u00e8te pour femme musulmane en tissu Jazz haute qualit\u00e9. C&#039;est une tenue id\u00e9al pour l&#039;\u00e9t\u00e9.\" \/>\n<meta property=\"og:url\" content=\"https:\/\/moonia-boutique.com\/en\/product\/ensemble-abaya-jazz-mina\/\" \/>\n<meta property=\"og:site_name\" content=\"Moonia Boutique\" \/>\n<meta property=\"article:modified_time\" content=\"2025-12-03T21:10:13+00:00\" \/>\n<meta property=\"og:image\" content=\"https:\/\/moonia-boutique.com\/wp-content\/uploads\/2023\/06\/DBAAC525-3FCE-44CD-B857-9BAE037F9140-scaled.jpeg\" \/>\n\t<meta property=\"og:image:width\" content=\"1235\" \/>\n\t<meta property=\"og:image:height\" content=\"2048\" \/>\n\t<meta property=\"og:image:type\" content=\"image\/jpeg\" \/>\n<meta name=\"twitter:card\" content=\"summary_large_image\" \/>\n<meta name=\"twitter:label1\" content=\"Estimated reading time\" \/>\n\t<meta name=\"twitter:data1\" content=\"4 minutes\" \/>\n<script type=\"application\/ld+json\" class=\"yoast-schema-graph\">{\"@context\":\"https:\/\/schema.org\",\"@graph\":[{\"@type\":\"WebPage\",\"@id\":\"https:\/\/moonia-boutique.com\/produit\/ensemble-abaya-jazz-mina\/\",\"url\":\"https:\/\/moonia-boutique.com\/produit\/ensemble-abaya-jazz-mina\/\",\"name\":\"Ensemble Abaya Hijab Jazz Mina - Moonia Boutique\",\"isPartOf\":{\"@id\":\"https:\/\/moonia-boutique.com\/#website\"},\"primaryImageOfPage\":{\"@id\":\"https:\/\/moonia-boutique.com\/produit\/ensemble-abaya-jazz-mina\/#primaryimage\"},\"image\":{\"@id\":\"https:\/\/moonia-boutique.com\/produit\/ensemble-abaya-jazz-mina\/#primaryimage\"},\"thumbnailUrl\":\"https:\/\/moonia-boutique.com\/wp-content\/uploads\/2023\/06\/img_9549.jpeg\",\"datePublished\":\"2023-06-01T08:41:55+00:00\",\"dateModified\":\"2025-12-03T21:10:13+00:00\",\"description\":\"D\u00e9couvrez l\u2019Ensemble Jazz Mina une tenue compl\u00e8te pour femme musulmane en tissu Jazz haute qualit\u00e9. C'est une tenue id\u00e9al pour l'\u00e9t\u00e9.\",\"breadcrumb\":{\"@id\":\"https:\/\/moonia-boutique.com\/produit\/ensemble-abaya-jazz-mina\/#breadcrumb\"},\"inLanguage\":\"en-GB\",\"potentialAction\":[{\"@type\":\"ReadAction\",\"target\":[\"https:\/\/moonia-boutique.com\/produit\/ensemble-abaya-jazz-mina\/\"]}]},{\"@type\":\"ImageObject\",\"inLanguage\":\"en-GB\",\"@id\":\"https:\/\/moonia-boutique.com\/produit\/ensemble-abaya-jazz-mina\/#primaryimage\",\"url\":\"https:\/\/moonia-boutique.com\/wp-content\/uploads\/2023\/06\/img_9549.jpeg\",\"contentUrl\":\"https:\/\/moonia-boutique.com\/wp-content\/uploads\/2023\/06\/img_9549.jpeg\",\"width\":1290,\"height\":1762,\"caption\":\"Ensemble Oversize Abaya Hijab Jazz Mina Nude\"},{\"@type\":\"BreadcrumbList\",\"@id\":\"https:\/\/moonia-boutique.com\/produit\/ensemble-abaya-jazz-mina\/#breadcrumb\",\"itemListElement\":[{\"@type\":\"ListItem\",\"position\":1,\"name\":\"Accueil\",\"item\":\"https:\/\/moonia-boutique.com\/\"},{\"@type\":\"ListItem\",\"position\":2,\"name\":\"Boutique Femme Musulmane\",\"item\":\"https:\/\/moonia-boutique.com\/boutique\/\"},{\"@type\":\"ListItem\",\"position\":3,\"name\":\"Ensemble Abaya Hijab Jazz Mina\"}]},{\"@type\":\"WebSite\",\"@id\":\"https:\/\/moonia-boutique.com\/#website\",\"url\":\"https:\/\/moonia-boutique.com\/\",\"name\":\"Moonia Boutique\",\"description\":\"Moonia Boutique - Le site de mode de la femme musulmane !\",\"publisher\":{\"@id\":\"https:\/\/moonia-boutique.com\/#organization\"},\"potentialAction\":[{\"@type\":\"SearchAction\",\"target\":{\"@type\":\"EntryPoint\",\"urlTemplate\":\"https:\/\/moonia-boutique.com\/?s={search_term_string}\"},\"query-input\":{\"@type\":\"PropertyValueSpecification\",\"valueRequired\":true,\"valueName\":\"search_term_string\"}}],\"inLanguage\":\"en-GB\"},{\"@type\":\"Organization\",\"@id\":\"https:\/\/moonia-boutique.com\/#organization\",\"name\":\"Moonia Boutique\",\"url\":\"https:\/\/moonia-boutique.com\/\",\"logo\":{\"@type\":\"ImageObject\",\"inLanguage\":\"en-GB\",\"@id\":\"https:\/\/moonia-boutique.com\/#\/schema\/logo\/image\/\",\"url\":\"https:\/\/moonia-boutique.com\/wp-content\/uploads\/2023\/08\/Sans-titre-1000-x-1000-px.png\",\"contentUrl\":\"https:\/\/moonia-boutique.com\/wp-content\/uploads\/2023\/08\/Sans-titre-1000-x-1000-px.png\",\"width\":1000,\"height\":1000,\"caption\":\"Moonia Boutique\"},\"image\":{\"@id\":\"https:\/\/moonia-boutique.com\/#\/schema\/logo\/image\/\"}}]}<\/script>\n<!-- \/ Yoast SEO plugin. -->","yoast_head_json":{"title":"Ensemble Abaya Hijab Jazz Mina - Moonia Boutique","description":"D\u00e9couvrez l\u2019Ensemble Jazz Mina une tenue compl\u00e8te pour femme musulmane en tissu Jazz haute qualit\u00e9. C'est une tenue id\u00e9al pour l'\u00e9t\u00e9.","robots":{"index":"index","follow":"follow","max-snippet":"max-snippet:-1","max-image-preview":"max-image-preview:large","max-video-preview":"max-video-preview:-1"},"canonical":"https:\/\/moonia-boutique.com\/en\/product\/ensemble-abaya-jazz-mina\/","og_locale":"en_GB","og_type":"article","og_title":"Ensemble Abaya Hijab Jazz Mina - Moonia Boutique","og_description":"D\u00e9couvrez l\u2019Ensemble Jazz Mina une tenue compl\u00e8te pour femme musulmane en tissu Jazz haute qualit\u00e9. C'est une tenue id\u00e9al pour l'\u00e9t\u00e9.","og_url":"https:\/\/moonia-boutique.com\/en\/product\/ensemble-abaya-jazz-mina\/","og_site_name":"Moonia Boutique","article_modified_time":"2025-12-03T21:10:13+00:00","og_image":[{"width":1235,"height":2048,"url":"https:\/\/moonia-boutique.com\/wp-content\/uploads\/2023\/06\/DBAAC525-3FCE-44CD-B857-9BAE037F9140-scaled.jpeg","type":"image\/jpeg"}],"twitter_card":"summary_large_image","twitter_misc":{"Estimated reading time":"4 minutes"},"schema":{"@context":"https:\/\/schema.org","@graph":[{"@type":"WebPage","@id":"https:\/\/moonia-boutique.com\/produit\/ensemble-abaya-jazz-mina\/","url":"https:\/\/moonia-boutique.com\/produit\/ensemble-abaya-jazz-mina\/","name":"Ensemble Abaya Hijab Jazz Mina - Moonia Boutique","isPartOf":{"@id":"https:\/\/moonia-boutique.com\/#website"},"primaryImageOfPage":{"@id":"https:\/\/moonia-boutique.com\/produit\/ensemble-abaya-jazz-mina\/#primaryimage"},"image":{"@id":"https:\/\/moonia-boutique.com\/produit\/ensemble-abaya-jazz-mina\/#primaryimage"},"thumbnailUrl":"https:\/\/moonia-boutique.com\/wp-content\/uploads\/2023\/06\/img_9549.jpeg","datePublished":"2023-06-01T08:41:55+00:00","dateModified":"2025-12-03T21:10:13+00:00","description":"D\u00e9couvrez l\u2019Ensemble Jazz Mina une tenue compl\u00e8te pour femme musulmane en tissu Jazz haute qualit\u00e9. C'est une tenue id\u00e9al pour l'\u00e9t\u00e9.","breadcrumb":{"@id":"https:\/\/moonia-boutique.com\/produit\/ensemble-abaya-jazz-mina\/#breadcrumb"},"inLanguage":"en-GB","potentialAction":[{"@type":"ReadAction","target":["https:\/\/moonia-boutique.com\/produit\/ensemble-abaya-jazz-mina\/"]}]},{"@type":"ImageObject","inLanguage":"en-GB","@id":"https:\/\/moonia-boutique.com\/produit\/ensemble-abaya-jazz-mina\/#primaryimage","url":"https:\/\/moonia-boutique.com\/wp-content\/uploads\/2023\/06\/img_9549.jpeg","contentUrl":"https:\/\/moonia-boutique.com\/wp-content\/uploads\/2023\/06\/img_9549.jpeg","width":1290,"height":1762,"caption":"Ensemble Oversize Abaya Hijab Jazz Mina Nude"},{"@type":"BreadcrumbList","@id":"https:\/\/moonia-boutique.com\/produit\/ensemble-abaya-jazz-mina\/#breadcrumb","itemListElement":[{"@type":"ListItem","position":1,"name":"Accueil","item":"https:\/\/moonia-boutique.com\/"},{"@type":"ListItem","position":2,"name":"Boutique Femme Musulmane","item":"https:\/\/moonia-boutique.com\/boutique\/"},{"@type":"ListItem","position":3,"name":"Ensemble Abaya Hijab Jazz Mina"}]},{"@type":"WebSite","@id":"https:\/\/moonia-boutique.com\/#website","url":"https:\/\/moonia-boutique.com\/","name":"Moonia Boutique","description":"Moonia Boutique - Le site de mode de la femme musulmane !","publisher":{"@id":"https:\/\/moonia-boutique.com\/#organization"},"potentialAction":[{"@type":"SearchAction","target":{"@type":"EntryPoint","urlTemplate":"https:\/\/moonia-boutique.com\/?s={search_term_string}"},"query-input":{"@type":"PropertyValueSpecification","valueRequired":true,"valueName":"search_term_string"}}],"inLanguage":"en-GB"},{"@type":"Organization","@id":"https:\/\/moonia-boutique.com\/#organization","name":"Moonia Boutique","url":"https:\/\/moonia-boutique.com\/","logo":{"@type":"ImageObject","inLanguage":"en-GB","@id":"https:\/\/moonia-boutique.com\/#\/schema\/logo\/image\/","url":"https:\/\/moonia-boutique.com\/wp-content\/uploads\/2023\/08\/Sans-titre-1000-x-1000-px.png","contentUrl":"https:\/\/moonia-boutique.com\/wp-content\/uploads\/2023\/08\/Sans-titre-1000-x-1000-px.png","width":1000,"height":1000,"caption":"Moonia Boutique"},"image":{"@id":"https:\/\/moonia-boutique.com\/#\/schema\/logo\/image\/"}}]}},"jetpack_sharing_enabled":true,"_links":{"self":[{"href":"https:\/\/moonia-boutique.com\/en\/wp-json\/wp\/v2\/product\/1461875","targetHints":{"allow":["GET"]}}],"collection":[{"href":"https:\/\/moonia-boutique.com\/en\/wp-json\/wp\/v2\/product"}],"about":[{"href":"https:\/\/moonia-boutique.com\/en\/wp-json\/wp\/v2\/types\/product"}],"replies":[{"embeddable":true,"href":"https:\/\/moonia-boutique.com\/en\/wp-json\/wp\/v2\/comments?post=1461875"}],"wp:featuredmedia":[{"embeddable":true,"href":"https:\/\/moonia-boutique.com\/en\/wp-json\/wp\/v2\/media\/3202814"}],"wp:attachment":[{"href":"https:\/\/moonia-boutique.com\/en\/wp-json\/wp\/v2\/media?parent=1461875"}],"wp:term":[{"taxonomy":"product_brand","embeddable":true,"href":"https:\/\/moonia-boutique.com\/en\/wp-json\/wp\/v2\/product_brand?post=1461875"},{"taxonomy":"product_cat","embeddable":true,"href":"https:\/\/moonia-boutique.com\/en\/wp-json\/wp\/v2\/product_cat?post=1461875"},{"taxonomy":"product_tag","embeddable":true,"href":"https:\/\/moonia-boutique.com\/en\/wp-json\/wp\/v2\/product_tag?post=1461875"},{"taxonomy":"giftcard-category","embeddable":true,"href":"https:\/\/moonia-boutique.com\/en\/wp-json\/wp\/v2\/giftcard-category?post=1461875"}],"curies":[{"name":"wp","href":"https:\/\/api.w.org\/{rel}","templated":true}]}}