{"id":14713,"date":"2021-04-10T16:54:59","date_gmt":"2021-04-10T14:54:59","guid":{"rendered":"https:\/\/moonia-boutique.com\/?post_type=product&#038;p=14713"},"modified":"2026-03-03T14:22:41","modified_gmt":"2026-03-03T13:22:41","slug":"qamis-saoudien-omar","status":"publish","type":"product","link":"https:\/\/moonia-boutique.com\/en\/product\/qamis-saoudien-omar\/","title":{"rendered":"Qamis Saoudien Omar"},"content":{"rendered":"<h1>Qamis Saoudien Omar<\/h1>\n<p>Voici un <strong>Qamis<\/strong> <strong>manches<\/strong> <strong>longues<\/strong> inspir\u00e9 du style <strong>qatari<\/strong>. Il poss\u00e8de un <strong>col<\/strong> <strong>ferm\u00e9<\/strong>. Le tissu est <strong>doux<\/strong> et <strong>agr\u00e9able<\/strong> \u00e0 porter.<\/p>\n<p>&nbsp;<\/p>","protected":false},"excerpt":{"rendered":"<p>Voici un <strong>Qamis<\/strong> <strong>manches<\/strong> <strong>longues<\/strong> inspir\u00e9 du style <strong>qatari<\/strong>. Il poss\u00e8de un <strong>col<\/strong> <strong>ferm\u00e9<\/strong>. Le tissu est <strong>doux<\/strong> et <strong>agr\u00e9able<\/strong> \u00e0 porter.<\/p>\n<p>&nbsp;<\/p>\n<table style=\"border-collapse: collapse; width: 99.9037%; height: 156px;\">\n<tbody>\n<tr style=\"height: 26px;\">\n<td style=\"width: 17.1136%; height: 26px; text-align: center;\"><strong>Taille du Qamis<\/strong><\/td>\n<td style=\"width: 40.3322%; height: 26px; text-align: center;\"><strong>Hauteur de la personne (cm)<\/strong><\/td>\n<td style=\"width: 74.9637%; height: 26px; text-align: center;\"><strong>Longueur du Qamis (cm)<\/strong><\/td>\n<\/tr>\n<tr style=\"height: 26px;\">\n<td style=\"width: 17.1136%; height: 26px; text-align: center;\"><strong>54<\/strong><\/td>\n<td style=\"width: 40.3322%; height: 26px; text-align: center;\"><strong>174-178<\/strong><\/td>\n<td style=\"width: 74.9637%; height: 26px; text-align: center;\"><strong>137<\/strong><\/td>\n<\/tr>\n<tr style=\"height: 26px;\">\n<td style=\"width: 17.1136%; height: 26px; text-align: center;\"><strong>56<\/strong><\/td>\n<td style=\"width: 40.3322%; height: 26px; text-align: center;\"><strong>178-781<\/strong><\/td>\n<td style=\"width: 74.9637%; height: 26px; text-align: center;\"><strong>142<\/strong><\/td>\n<\/tr>\n<tr style=\"height: 26px;\">\n<td style=\"width: 17.1136%; height: 26px; text-align: center;\"><strong>58<\/strong><\/td>\n<td style=\"width: 40.3322%; height: 26px; text-align: center;\"><strong>182-185<\/strong><\/td>\n<td style=\"width: 74.9637%; height: 26px; text-align: center;\"><strong>147<\/strong><\/td>\n<\/tr>\n<tr style=\"height: 26px;\">\n<td style=\"width: 17.1136%; height: 26px; text-align: center;\"><strong>60<\/strong><\/td>\n<td style=\"width: 40.3322%; height: 26px; text-align: center;\"><strong>186-189<\/strong><\/td>\n<td style=\"width: 74.9637%; height: 26px; text-align: center;\"><strong>152<\/strong><\/td>\n<\/tr>\n<tr style=\"height: 26px;\">\n<td style=\"width: 17.1136%; height: 26px; text-align: center;\"><strong>62<\/strong><\/td>\n<td style=\"width: 40.3322%; height: 26px; text-align: center;\"><strong>+ de 189<\/strong><\/td>\n<td style=\"width: 74.9637%; height: 26px; text-align: center;\"><strong>158<\/strong><\/td>\n<\/tr>\n<\/tbody>\n<\/table>\n<p>&nbsp;<\/p>","protected":false},"featured_media":52162,"comment_status":"open","ping_status":"closed","template":"","meta":{"_acf_changed":false,"_mo_disable_npp":""},"product_brand":[],"product_cat":[371,207,537,534,538,533,237,535,424,215],"product_tag":[],"giftcard-category":[],"class_list":{"0":"post-14713","1":"product","2":"type-product","3":"status-publish","4":"has-post-thumbnail","6":"product_cat-ini","7":"product_cat-qamis","8":"product_cat-qamis-blanc","9":"product_cat-qamis-homme","10":"product_cat-qamis-noir","11":"product_cat-qamis-pas-cher","12":"product_cat-qamis-box","13":"product_cat-qamis-saoudien","14":"product_cat-collection-ramadan","15":"product_cat-vetement-musulman-pour-homme","17":"first","18":"instock","19":"taxable","20":"shipping-taxable","21":"purchasable","22":"product-type-variable","23":"has-default-attributes","24":"rtwpvs-product"},"composite_virtual":false,"composite_layout":"","composite_add_to_cart_form_location":"","composite_editable_in_cart":false,"composite_sold_individually_context":"","composite_shop_price_calc":"","composite_components":[],"composite_scenarios":[],"acf":[],"yoast_head":"<!-- This site is optimized with the Yoast SEO plugin v26.6 - https:\/\/yoast.com\/wordpress\/plugins\/seo\/ -->\n<title>Qamis Saoudien Omar - Moonia Boutique<\/title>\n<meta name=\"description\" content=\"Voici un Qamis Saoudien Omar manches longues inspir\u00e9 du style qatari. Il poss\u00e8de un col ferm\u00e9. Le tissu est doux et agr\u00e9able \u00e0 porter.\" \/>\n<meta name=\"robots\" content=\"index, follow, max-snippet:-1, max-image-preview:large, max-video-preview:-1\" \/>\n<link rel=\"canonical\" href=\"https:\/\/moonia-boutique.com\/en\/product\/qamis-saoudien-omar\/\" \/>\n<meta property=\"og:locale\" content=\"en_GB\" \/>\n<meta property=\"og:type\" content=\"article\" \/>\n<meta property=\"og:title\" content=\"Qamis Saoudien Omar - Moonia Boutique\" \/>\n<meta property=\"og:description\" content=\"Voici un Qamis Saoudien Omar manches longues inspir\u00e9 du style qatari. Il poss\u00e8de un col ferm\u00e9. Le tissu est doux et agr\u00e9able \u00e0 porter.\" \/>\n<meta property=\"og:url\" content=\"https:\/\/moonia-boutique.com\/en\/product\/qamis-saoudien-omar\/\" \/>\n<meta property=\"og:site_name\" content=\"Moonia Boutique\" \/>\n<meta property=\"article:modified_time\" content=\"2026-03-03T13:22:41+00:00\" \/>\n<meta property=\"og:image\" content=\"http:\/\/moonia-boutique.com\/wp-content\/uploads\/2022\/02\/C302E892-46B4-4257-865E-0122B79C9FB3-scaled-scaled.jpeg\" \/>\n\t<meta property=\"og:image:width\" content=\"1492\" \/>\n\t<meta property=\"og:image:height\" content=\"2048\" \/>\n\t<meta property=\"og:image:type\" content=\"image\/jpeg\" \/>\n<meta name=\"twitter:card\" content=\"summary_large_image\" \/>\n<meta name=\"twitter:label1\" content=\"Estimated reading time\" \/>\n\t<meta name=\"twitter:data1\" content=\"1 minute\" \/>\n<script type=\"application\/ld+json\" class=\"yoast-schema-graph\">{\"@context\":\"https:\/\/schema.org\",\"@graph\":[{\"@type\":\"WebPage\",\"@id\":\"https:\/\/moonia-boutique.com\/produit\/qamis-saoudien-omar\/\",\"url\":\"https:\/\/moonia-boutique.com\/produit\/qamis-saoudien-omar\/\",\"name\":\"Qamis Saoudien Omar - Moonia Boutique\",\"isPartOf\":{\"@id\":\"https:\/\/moonia-boutique.com\/#website\"},\"primaryImageOfPage\":{\"@id\":\"https:\/\/moonia-boutique.com\/produit\/qamis-saoudien-omar\/#primaryimage\"},\"image\":{\"@id\":\"https:\/\/moonia-boutique.com\/produit\/qamis-saoudien-omar\/#primaryimage\"},\"thumbnailUrl\":\"https:\/\/moonia-boutique.com\/wp-content\/uploads\/2022\/02\/C302E892-46B4-4257-865E-0122B79C9FB3-scaled-scaled.jpeg\",\"datePublished\":\"2021-04-10T14:54:59+00:00\",\"dateModified\":\"2026-03-03T13:22:41+00:00\",\"description\":\"Voici un Qamis Saoudien Omar manches longues inspir\u00e9 du style qatari. Il poss\u00e8de un col ferm\u00e9. Le tissu est doux et agr\u00e9able \u00e0 porter.\",\"breadcrumb\":{\"@id\":\"https:\/\/moonia-boutique.com\/produit\/qamis-saoudien-omar\/#breadcrumb\"},\"inLanguage\":\"en-GB\",\"potentialAction\":[{\"@type\":\"ReadAction\",\"target\":[\"https:\/\/moonia-boutique.com\/produit\/qamis-saoudien-omar\/\"]}]},{\"@type\":\"ImageObject\",\"inLanguage\":\"en-GB\",\"@id\":\"https:\/\/moonia-boutique.com\/produit\/qamis-saoudien-omar\/#primaryimage\",\"url\":\"https:\/\/moonia-boutique.com\/wp-content\/uploads\/2022\/02\/C302E892-46B4-4257-865E-0122B79C9FB3-scaled-scaled.jpeg\",\"contentUrl\":\"https:\/\/moonia-boutique.com\/wp-content\/uploads\/2022\/02\/C302E892-46B4-4257-865E-0122B79C9FB3-scaled-scaled.jpeg\",\"width\":1492,\"height\":2048,\"caption\":\"Qamis Saoudien Omar\"},{\"@type\":\"BreadcrumbList\",\"@id\":\"https:\/\/moonia-boutique.com\/produit\/qamis-saoudien-omar\/#breadcrumb\",\"itemListElement\":[{\"@type\":\"ListItem\",\"position\":1,\"name\":\"Accueil\",\"item\":\"https:\/\/moonia-boutique.com\/\"},{\"@type\":\"ListItem\",\"position\":2,\"name\":\"Boutique Femme Musulmane\",\"item\":\"https:\/\/moonia-boutique.com\/boutique\/\"},{\"@type\":\"ListItem\",\"position\":3,\"name\":\"Qamis Saoudien Omar\"}]},{\"@type\":\"WebSite\",\"@id\":\"https:\/\/moonia-boutique.com\/#website\",\"url\":\"https:\/\/moonia-boutique.com\/\",\"name\":\"Moonia Boutique\",\"description\":\"Moonia Boutique - Le site de mode de la femme musulmane !\",\"publisher\":{\"@id\":\"https:\/\/moonia-boutique.com\/#organization\"},\"potentialAction\":[{\"@type\":\"SearchAction\",\"target\":{\"@type\":\"EntryPoint\",\"urlTemplate\":\"https:\/\/moonia-boutique.com\/?s={search_term_string}\"},\"query-input\":{\"@type\":\"PropertyValueSpecification\",\"valueRequired\":true,\"valueName\":\"search_term_string\"}}],\"inLanguage\":\"en-GB\"},{\"@type\":\"Organization\",\"@id\":\"https:\/\/moonia-boutique.com\/#organization\",\"name\":\"Moonia Boutique\",\"url\":\"https:\/\/moonia-boutique.com\/\",\"logo\":{\"@type\":\"ImageObject\",\"inLanguage\":\"en-GB\",\"@id\":\"https:\/\/moonia-boutique.com\/#\/schema\/logo\/image\/\",\"url\":\"https:\/\/moonia-boutique.com\/wp-content\/uploads\/2023\/08\/Sans-titre-1000-x-1000-px.png\",\"contentUrl\":\"https:\/\/moonia-boutique.com\/wp-content\/uploads\/2023\/08\/Sans-titre-1000-x-1000-px.png\",\"width\":1000,\"height\":1000,\"caption\":\"Moonia Boutique\"},\"image\":{\"@id\":\"https:\/\/moonia-boutique.com\/#\/schema\/logo\/image\/\"}}]}<\/script>\n<!-- \/ Yoast SEO plugin. -->","yoast_head_json":{"title":"Qamis Saoudien Omar - Moonia Boutique","description":"Voici un Qamis Saoudien Omar manches longues inspir\u00e9 du style qatari. Il poss\u00e8de un col ferm\u00e9. Le tissu est doux et agr\u00e9able \u00e0 porter.","robots":{"index":"index","follow":"follow","max-snippet":"max-snippet:-1","max-image-preview":"max-image-preview:large","max-video-preview":"max-video-preview:-1"},"canonical":"https:\/\/moonia-boutique.com\/en\/product\/qamis-saoudien-omar\/","og_locale":"en_GB","og_type":"article","og_title":"Qamis Saoudien Omar - Moonia Boutique","og_description":"Voici un Qamis Saoudien Omar manches longues inspir\u00e9 du style qatari. Il poss\u00e8de un col ferm\u00e9. Le tissu est doux et agr\u00e9able \u00e0 porter.","og_url":"https:\/\/moonia-boutique.com\/en\/product\/qamis-saoudien-omar\/","og_site_name":"Moonia Boutique","article_modified_time":"2026-03-03T13:22:41+00:00","og_image":[{"width":1492,"height":2048,"url":"http:\/\/moonia-boutique.com\/wp-content\/uploads\/2022\/02\/C302E892-46B4-4257-865E-0122B79C9FB3-scaled-scaled.jpeg","type":"image\/jpeg"}],"twitter_card":"summary_large_image","twitter_misc":{"Estimated reading time":"1 minute"},"schema":{"@context":"https:\/\/schema.org","@graph":[{"@type":"WebPage","@id":"https:\/\/moonia-boutique.com\/produit\/qamis-saoudien-omar\/","url":"https:\/\/moonia-boutique.com\/produit\/qamis-saoudien-omar\/","name":"Qamis Saoudien Omar - Moonia Boutique","isPartOf":{"@id":"https:\/\/moonia-boutique.com\/#website"},"primaryImageOfPage":{"@id":"https:\/\/moonia-boutique.com\/produit\/qamis-saoudien-omar\/#primaryimage"},"image":{"@id":"https:\/\/moonia-boutique.com\/produit\/qamis-saoudien-omar\/#primaryimage"},"thumbnailUrl":"https:\/\/moonia-boutique.com\/wp-content\/uploads\/2022\/02\/C302E892-46B4-4257-865E-0122B79C9FB3-scaled-scaled.jpeg","datePublished":"2021-04-10T14:54:59+00:00","dateModified":"2026-03-03T13:22:41+00:00","description":"Voici un Qamis Saoudien Omar manches longues inspir\u00e9 du style qatari. Il poss\u00e8de un col ferm\u00e9. Le tissu est doux et agr\u00e9able \u00e0 porter.","breadcrumb":{"@id":"https:\/\/moonia-boutique.com\/produit\/qamis-saoudien-omar\/#breadcrumb"},"inLanguage":"en-GB","potentialAction":[{"@type":"ReadAction","target":["https:\/\/moonia-boutique.com\/produit\/qamis-saoudien-omar\/"]}]},{"@type":"ImageObject","inLanguage":"en-GB","@id":"https:\/\/moonia-boutique.com\/produit\/qamis-saoudien-omar\/#primaryimage","url":"https:\/\/moonia-boutique.com\/wp-content\/uploads\/2022\/02\/C302E892-46B4-4257-865E-0122B79C9FB3-scaled-scaled.jpeg","contentUrl":"https:\/\/moonia-boutique.com\/wp-content\/uploads\/2022\/02\/C302E892-46B4-4257-865E-0122B79C9FB3-scaled-scaled.jpeg","width":1492,"height":2048,"caption":"Qamis Saoudien Omar"},{"@type":"BreadcrumbList","@id":"https:\/\/moonia-boutique.com\/produit\/qamis-saoudien-omar\/#breadcrumb","itemListElement":[{"@type":"ListItem","position":1,"name":"Accueil","item":"https:\/\/moonia-boutique.com\/"},{"@type":"ListItem","position":2,"name":"Boutique Femme Musulmane","item":"https:\/\/moonia-boutique.com\/boutique\/"},{"@type":"ListItem","position":3,"name":"Qamis Saoudien Omar"}]},{"@type":"WebSite","@id":"https:\/\/moonia-boutique.com\/#website","url":"https:\/\/moonia-boutique.com\/","name":"Moonia Boutique","description":"Moonia Boutique - Le site de mode de la femme musulmane !","publisher":{"@id":"https:\/\/moonia-boutique.com\/#organization"},"potentialAction":[{"@type":"SearchAction","target":{"@type":"EntryPoint","urlTemplate":"https:\/\/moonia-boutique.com\/?s={search_term_string}"},"query-input":{"@type":"PropertyValueSpecification","valueRequired":true,"valueName":"search_term_string"}}],"inLanguage":"en-GB"},{"@type":"Organization","@id":"https:\/\/moonia-boutique.com\/#organization","name":"Moonia Boutique","url":"https:\/\/moonia-boutique.com\/","logo":{"@type":"ImageObject","inLanguage":"en-GB","@id":"https:\/\/moonia-boutique.com\/#\/schema\/logo\/image\/","url":"https:\/\/moonia-boutique.com\/wp-content\/uploads\/2023\/08\/Sans-titre-1000-x-1000-px.png","contentUrl":"https:\/\/moonia-boutique.com\/wp-content\/uploads\/2023\/08\/Sans-titre-1000-x-1000-px.png","width":1000,"height":1000,"caption":"Moonia Boutique"},"image":{"@id":"https:\/\/moonia-boutique.com\/#\/schema\/logo\/image\/"}}]}},"jetpack_sharing_enabled":true,"_links":{"self":[{"href":"https:\/\/moonia-boutique.com\/en\/wp-json\/wp\/v2\/product\/14713","targetHints":{"allow":["GET"]}}],"collection":[{"href":"https:\/\/moonia-boutique.com\/en\/wp-json\/wp\/v2\/product"}],"about":[{"href":"https:\/\/moonia-boutique.com\/en\/wp-json\/wp\/v2\/types\/product"}],"replies":[{"embeddable":true,"href":"https:\/\/moonia-boutique.com\/en\/wp-json\/wp\/v2\/comments?post=14713"}],"wp:featuredmedia":[{"embeddable":true,"href":"https:\/\/moonia-boutique.com\/en\/wp-json\/wp\/v2\/media\/52162"}],"wp:attachment":[{"href":"https:\/\/moonia-boutique.com\/en\/wp-json\/wp\/v2\/media?parent=14713"}],"wp:term":[{"taxonomy":"product_brand","embeddable":true,"href":"https:\/\/moonia-boutique.com\/en\/wp-json\/wp\/v2\/product_brand?post=14713"},{"taxonomy":"product_cat","embeddable":true,"href":"https:\/\/moonia-boutique.com\/en\/wp-json\/wp\/v2\/product_cat?post=14713"},{"taxonomy":"product_tag","embeddable":true,"href":"https:\/\/moonia-boutique.com\/en\/wp-json\/wp\/v2\/product_tag?post=14713"},{"taxonomy":"giftcard-category","embeddable":true,"href":"https:\/\/moonia-boutique.com\/en\/wp-json\/wp\/v2\/giftcard-category?post=14713"}],"curies":[{"name":"wp","href":"https:\/\/api.w.org\/{rel}","templated":true}]}}