{"id":1477486,"date":"2024-02-15T13:59:24","date_gmt":"2024-02-15T12:59:24","guid":{"rendered":"https:\/\/moonia-boutique.com\/?post_type=product&#038;p=1477486"},"modified":"2025-11-06T19:08:42","modified_gmt":"2025-11-06T18:08:42","slug":"turban-plisse-a-enfiler","status":"publish","type":"product","link":"https:\/\/moonia-boutique.com\/en\/product\/turban-plisse-a-enfiler\/","title":{"rendered":"Turban Pliss\u00e9 \u00e0 enfiler"},"content":{"rendered":"<h1><strong>Le Turban Pliss\u00e9 \u00e0 enfiler pratique et chic<\/strong><\/h1>\n<h2><strong>Un accessoire pratique et \u00e9l\u00e9gant:<\/strong><\/h2>\n<p>Le turban pliss\u00e9 \u00e0 enfiler est un accessoire de mode pratique et \u00e9l\u00e9gant pour les femmes voil\u00e9es. Con\u00e7u en mousseline de qualit\u00e9. Ce turban est fabriqu\u00e9 \u00e0 partir de mousseline \u00e9lastique pour offrir un confort optimal et une grande flexibilit\u00e9.<\/p>\n<h2><strong>Un design unique en forme crois\u00e9 pour un ajustement parfait:<\/strong><\/h2>\n<p>Son design unique en forme crois\u00e9 \u00e0 l&#8217;avant est non seulement esth\u00e9tique, mais il permet \u00e9galement un ajustement parfait et une tenue s\u00e9curis\u00e9e tout au long de la journ\u00e9e. De plus, il est facile \u00e0 enfiler gr\u00e2ce \u00e0 sa fermeture \u00e0 l&#8217;arri\u00e8re qui rappelle celle d&#8217;un bonnet.<\/p>\n<h2><strong>Turban Pliss\u00e9 \u00e0 enfiler : Id\u00e9al pour les Occasions entre S\u0153urs et \u00e0 la Maison<\/strong><\/h2>\n<p>Attention ce turban pliss\u00e9 \u00e0 enfiler n&#8217;est pas l\u00e9gif\u00e9r\u00e9 pour sortir ou devant des hommes. Il est id\u00e9al pour les occasions entre s\u0153urs ou \u00e0 la <a href=\"https:\/\/www.larousse.fr\/dictionnaires\/francais\/maison\/48725\">maison<\/a>, parfait pour cuisiner et \u00e9viter que les cheveux ne tombent dans la nourriture. Avec une opacit\u00e9 de 100%, vous b\u00e9n\u00e9ficiez d&#8217;une couverture optimale. Ce bonnet s&#8217;adapte \u00e0 toutes les saisons, offrant un confort toute l&#8217;ann\u00e9e. Pour l&#8217;entretien, il vous suffit de le laver en machine \u00e0 30\u00b0 pour une utilisation facile et pratique. Optez pour ce turban bonnet crois\u00e9 pour une solution pratique et styl\u00e9e \u00e0 ajouter \u00e0 votre garde-robe de femme musulmane.<\/p>\n<h2><strong>Une vari\u00e9t\u00e9 de couleurs et de textures pour r\u00e9pondre \u00e0 tous les go\u00fbts:<\/strong><\/h2>\n<p>Le choix de la couleur et de la texture de ce turban est \u00e9galement important. Les mousseline ajoutent une touche de style suppl\u00e9mentaire, il est l\u00e9ger pour la maison, ne vous tiendra pas chaud tandis que les diff\u00e9rentes nuances de couleurs offertes permettent de trouver le turban parfait pour s&#8217;adapter \u00e0 votre garde-robe.<\/p>\n<h2><strong>Turban Pliss\u00e9 \u00e0 enfiler pratique<\/strong><\/h2>\n<p>Le turban pliss\u00e9 \u00e0 enfiler est \u00e9galement un excellent choix pour les femmes qui cherchent \u00e0 faire leurs premiers pas vers le hijab. Cet accessoire simple, mais \u00e9l\u00e9gant, est une introduction facile et pratique \u00e0 la pratique de la couverture de la t\u00eate.<\/p>\n<p>En r\u00e9sum\u00e9, Le turban pliss\u00e9 \u00e0 enfiler est un accessoire de mode polyvalent, confortable et pratique pour les femmes voil\u00e9es ou non. Avec son design unique en forme de croix, sa fermeture s\u00e9curis\u00e9e \u00e0 l&#8217;arri\u00e8re et ses mailles ray\u00e9es en coton \u00e9lastique, il est s\u00fbr de devenir un incontournable de votre garde-robe.<\/p>\n<p>Suivez nos tendances et d\u00e9couvre nos selections de <a href=\"https:\/\/moonia-boutique.com\/en\/product-category\/hijab\/\">hijab<\/a> et les autres <a href=\"https:\/\/moonia-boutique.com\/en\/product-category\/hijab\/hijab-turban\/\">turbans<\/a>.<\/p>","protected":false},"excerpt":{"rendered":"<p style=\"--tw-border-spacing-x: 0;--tw-border-spacing-y: 0;--tw-translate-x: 0;--tw-translate-y: 0;--tw-rotate: 0;--tw-skew-x: 0;--tw-skew-y: 0;--tw-scale-x: 1;--tw-scale-y: 1;--tw-pan-x;--tw-pan-y;--tw-pinch-zoom;--tw-scroll-snap-strictness: proximity;--tw-ordinal;--tw-slashed-zero;--tw-numeric-figure;--tw-numeric-spacing;--tw-numeric-fraction;--tw-ring-inset;--tw-ring-offset-width: 0px;--tw-ring-offset-color: #fff;--tw-ring-offset-shadow: 0 0 transparent;--tw-ring-shadow: 0 0 transparent;--tw-shadow: 0 0 transparent;--tw-shadow-colored: 0 0 transparent;--tw-blur;--tw-brightness;--tw-contrast;--tw-grayscale;--tw-hue-rotate;--tw-invert;--tw-saturate;--tw-sepia;--tw-drop-shadow;--tw-backdrop-blur;--tw-backdrop-brightness;--tw-backdrop-contrast;--tw-backdrop-grayscale;--tw-backdrop-hue-rotate;--tw-backdrop-invert;--tw-backdrop-opacity;--tw-backdrop-saturate;--tw-backdrop-sepia;margin: 0px 0px 1.25em;font-family: S\u00f6hne, ui-sans-serif, system-ui, -apple-system,\">Le turban crois\u00e9 \u00e0 enfiler est un accessoire de mode pratique et \u00e9l\u00e9gant pour les femmes voil\u00e9es. Con\u00e7u en maille ray\u00e9e, ce turban est fabriqu\u00e9 \u00e0 partir de coton \u00e9lastique pour offrir un confort optimal et une grande flexibilit\u00e9.<\/p>\n<p><span style=\"font-family: S\u00f6hne, ui-sans-serif, system-ui, -apple-system,\">Un design unique en forme de croix pour un ajustement parfait:<\/span><\/p>\n<p style=\"--tw-border-spacing-x: 0;--tw-border-spacing-y: 0;--tw-translate-x: 0;--tw-translate-y: 0;--tw-rotate: 0;--tw-skew-x: 0;--tw-skew-y: 0;--tw-scale-x: 1;--tw-scale-y: 1;--tw-pan-x;--tw-pan-y;--tw-pinch-zoom;--tw-scroll-snap-strictness: proximity;--tw-ordinal;--tw-slashed-zero;--tw-numeric-figure;--tw-numeric-spacing;--tw-numeric-fraction;--tw-ring-inset;--tw-ring-offset-width: 0px;--tw-ring-offset-color: #fff;--tw-ring-offset-shadow: 0 0 transparent;--tw-ring-shadow: 0 0 transparent;--tw-shadow: 0 0 transparent;--tw-shadow-colored: 0 0 transparent;--tw-blur;--tw-brightness;--tw-contrast;--tw-grayscale;--tw-hue-rotate;--tw-invert;--tw-saturate;--tw-sepia;--tw-drop-shadow;--tw-backdrop-blur;--tw-backdrop-brightness;--tw-backdrop-contrast;--tw-backdrop-grayscale;--tw-backdrop-hue-rotate;--tw-backdrop-invert;--tw-backdrop-opacity;--tw-backdrop-saturate;--tw-backdrop-sepia;margin: 1.25em 0px;font-family: S\u00f6hne, ui-sans-serif, system-ui, -apple-system,\">Son design unique en forme de croix \u00e0 l\u2019avant est non seulement esth\u00e9tique, mais il permet \u00e9galement un ajustement parfait et une tenue s\u00e9curis\u00e9e tout au long de la journ\u00e9e. De plus, il est facile \u00e0 enfiler gr\u00e2ce \u00e0 sa fermeture \u00e0 l\u2019arri\u00e8re qui rappelle celle d\u2019un bonnet.<\/p>","protected":false},"featured_media":1477507,"comment_status":"open","ping_status":"closed","template":"","meta":{"_acf_changed":false,"_mo_disable_npp":""},"product_brand":[],"product_cat":[373,134,438,478,240,437],"product_tag":[],"giftcard-category":[],"class_list":{"0":"post-1477486","1":"product","2":"type-product","3":"status-publish","4":"has-post-thumbnail","6":"product_cat-dlc","7":"product_cat-hijab","8":"product_cat-hijab-a-nouer","9":"product_cat-hijab-femme","10":"product_cat-hijab-jersey","11":"product_cat-hijab-pas-cher","13":"first","14":"instock","15":"taxable","16":"shipping-taxable","17":"purchasable","18":"product-type-variable","19":"rtwpvs-product"},"composite_virtual":false,"composite_layout":"","composite_add_to_cart_form_location":"","composite_editable_in_cart":false,"composite_sold_individually_context":"","composite_shop_price_calc":"","composite_components":[],"composite_scenarios":[],"acf":[],"yoast_head":"<!-- This site is optimized with the Yoast SEO plugin v26.6 - https:\/\/yoast.com\/wordpress\/plugins\/seo\/ -->\n<title>Turban Pliss\u00e9 \u00e0 Enfiler Crois\u00e9 facile \u00e0 Mettre<\/title>\n<meta name=\"description\" content=\"D\u00e9couvre le Turban Pliss\u00e9 \u00e0 Enfiler Crois\u00e9 facile \u00e0 Mettre un turban \u00e0 mettre en soeurs ou \u00e0 la maison hyper pratique. Opte pour un style Moonia !\" \/>\n<meta name=\"robots\" content=\"index, follow, max-snippet:-1, max-image-preview:large, max-video-preview:-1\" \/>\n<link rel=\"canonical\" href=\"https:\/\/moonia-boutique.com\/en\/product\/turban-plisse-a-enfiler\/\" \/>\n<meta property=\"og:locale\" content=\"en_GB\" \/>\n<meta property=\"og:type\" content=\"article\" \/>\n<meta property=\"og:title\" content=\"Turban Pliss\u00e9 \u00e0 Enfiler Crois\u00e9 facile \u00e0 Mettre\" \/>\n<meta property=\"og:description\" content=\"D\u00e9couvre le Turban Pliss\u00e9 \u00e0 Enfiler Crois\u00e9 facile \u00e0 Mettre un turban \u00e0 mettre en soeurs ou \u00e0 la maison hyper pratique. Opte pour un style Moonia !\" \/>\n<meta property=\"og:url\" content=\"https:\/\/moonia-boutique.com\/en\/product\/turban-plisse-a-enfiler\/\" \/>\n<meta property=\"og:site_name\" content=\"Moonia Boutique\" \/>\n<meta property=\"article:modified_time\" content=\"2025-11-06T18:08:42+00:00\" \/>\n<meta property=\"og:image\" content=\"https:\/\/moonia-boutique.com\/wp-content\/uploads\/2024\/02\/img_7949-scaled.jpeg\" \/>\n\t<meta property=\"og:image:width\" content=\"1536\" \/>\n\t<meta property=\"og:image:height\" content=\"2048\" \/>\n\t<meta property=\"og:image:type\" content=\"image\/jpeg\" \/>\n<meta name=\"twitter:card\" content=\"summary_large_image\" \/>\n<meta name=\"twitter:label1\" content=\"Estimated reading time\" \/>\n\t<meta name=\"twitter:data1\" content=\"3 minutes\" \/>\n<script type=\"application\/ld+json\" class=\"yoast-schema-graph\">{\"@context\":\"https:\/\/schema.org\",\"@graph\":[{\"@type\":\"WebPage\",\"@id\":\"https:\/\/moonia-boutique.com\/produit\/turban-plisse-a-enfiler\/\",\"url\":\"https:\/\/moonia-boutique.com\/produit\/turban-plisse-a-enfiler\/\",\"name\":\"Turban Pliss\u00e9 \u00e0 Enfiler Crois\u00e9 facile \u00e0 Mettre\",\"isPartOf\":{\"@id\":\"https:\/\/moonia-boutique.com\/#website\"},\"primaryImageOfPage\":{\"@id\":\"https:\/\/moonia-boutique.com\/produit\/turban-plisse-a-enfiler\/#primaryimage\"},\"image\":{\"@id\":\"https:\/\/moonia-boutique.com\/produit\/turban-plisse-a-enfiler\/#primaryimage\"},\"thumbnailUrl\":\"https:\/\/moonia-boutique.com\/wp-content\/uploads\/2024\/02\/img_7949-scaled.jpeg\",\"datePublished\":\"2024-02-15T12:59:24+00:00\",\"dateModified\":\"2025-11-06T18:08:42+00:00\",\"description\":\"D\u00e9couvre le Turban Pliss\u00e9 \u00e0 Enfiler Crois\u00e9 facile \u00e0 Mettre un turban \u00e0 mettre en soeurs ou \u00e0 la maison hyper pratique. Opte pour un style Moonia !\",\"breadcrumb\":{\"@id\":\"https:\/\/moonia-boutique.com\/produit\/turban-plisse-a-enfiler\/#breadcrumb\"},\"inLanguage\":\"en-GB\",\"potentialAction\":[{\"@type\":\"ReadAction\",\"target\":[\"https:\/\/moonia-boutique.com\/produit\/turban-plisse-a-enfiler\/\"]}]},{\"@type\":\"ImageObject\",\"inLanguage\":\"en-GB\",\"@id\":\"https:\/\/moonia-boutique.com\/produit\/turban-plisse-a-enfiler\/#primaryimage\",\"url\":\"https:\/\/moonia-boutique.com\/wp-content\/uploads\/2024\/02\/img_7949-scaled.jpeg\",\"contentUrl\":\"https:\/\/moonia-boutique.com\/wp-content\/uploads\/2024\/02\/img_7949-scaled.jpeg\",\"width\":1536,\"height\":2048,\"caption\":\"Turban Pliss\u00e9 \u00e0 enfiler beige marron\"},{\"@type\":\"BreadcrumbList\",\"@id\":\"https:\/\/moonia-boutique.com\/produit\/turban-plisse-a-enfiler\/#breadcrumb\",\"itemListElement\":[{\"@type\":\"ListItem\",\"position\":1,\"name\":\"Accueil\",\"item\":\"https:\/\/moonia-boutique.com\/\"},{\"@type\":\"ListItem\",\"position\":2,\"name\":\"Boutique Femme Musulmane\",\"item\":\"https:\/\/moonia-boutique.com\/boutique\/\"},{\"@type\":\"ListItem\",\"position\":3,\"name\":\"Turban Pliss\u00e9 \u00e0 enfiler\"}]},{\"@type\":\"WebSite\",\"@id\":\"https:\/\/moonia-boutique.com\/#website\",\"url\":\"https:\/\/moonia-boutique.com\/\",\"name\":\"Moonia Boutique\",\"description\":\"Moonia Boutique - Le site de mode de la femme musulmane !\",\"publisher\":{\"@id\":\"https:\/\/moonia-boutique.com\/#organization\"},\"potentialAction\":[{\"@type\":\"SearchAction\",\"target\":{\"@type\":\"EntryPoint\",\"urlTemplate\":\"https:\/\/moonia-boutique.com\/?s={search_term_string}\"},\"query-input\":{\"@type\":\"PropertyValueSpecification\",\"valueRequired\":true,\"valueName\":\"search_term_string\"}}],\"inLanguage\":\"en-GB\"},{\"@type\":\"Organization\",\"@id\":\"https:\/\/moonia-boutique.com\/#organization\",\"name\":\"Moonia Boutique\",\"url\":\"https:\/\/moonia-boutique.com\/\",\"logo\":{\"@type\":\"ImageObject\",\"inLanguage\":\"en-GB\",\"@id\":\"https:\/\/moonia-boutique.com\/#\/schema\/logo\/image\/\",\"url\":\"https:\/\/moonia-boutique.com\/wp-content\/uploads\/2023\/08\/Sans-titre-1000-x-1000-px.png\",\"contentUrl\":\"https:\/\/moonia-boutique.com\/wp-content\/uploads\/2023\/08\/Sans-titre-1000-x-1000-px.png\",\"width\":1000,\"height\":1000,\"caption\":\"Moonia Boutique\"},\"image\":{\"@id\":\"https:\/\/moonia-boutique.com\/#\/schema\/logo\/image\/\"}}]}<\/script>\n<!-- \/ Yoast SEO plugin. -->","yoast_head_json":{"title":"Turban Pliss\u00e9 \u00e0 Enfiler Crois\u00e9 facile \u00e0 Mettre","description":"D\u00e9couvre le Turban Pliss\u00e9 \u00e0 Enfiler Crois\u00e9 facile \u00e0 Mettre un turban \u00e0 mettre en soeurs ou \u00e0 la maison hyper pratique. Opte pour un style Moonia !","robots":{"index":"index","follow":"follow","max-snippet":"max-snippet:-1","max-image-preview":"max-image-preview:large","max-video-preview":"max-video-preview:-1"},"canonical":"https:\/\/moonia-boutique.com\/en\/product\/turban-plisse-a-enfiler\/","og_locale":"en_GB","og_type":"article","og_title":"Turban Pliss\u00e9 \u00e0 Enfiler Crois\u00e9 facile \u00e0 Mettre","og_description":"D\u00e9couvre le Turban Pliss\u00e9 \u00e0 Enfiler Crois\u00e9 facile \u00e0 Mettre un turban \u00e0 mettre en soeurs ou \u00e0 la maison hyper pratique. Opte pour un style Moonia !","og_url":"https:\/\/moonia-boutique.com\/en\/product\/turban-plisse-a-enfiler\/","og_site_name":"Moonia Boutique","article_modified_time":"2025-11-06T18:08:42+00:00","og_image":[{"width":1536,"height":2048,"url":"https:\/\/moonia-boutique.com\/wp-content\/uploads\/2024\/02\/img_7949-scaled.jpeg","type":"image\/jpeg"}],"twitter_card":"summary_large_image","twitter_misc":{"Estimated reading time":"3 minutes"},"schema":{"@context":"https:\/\/schema.org","@graph":[{"@type":"WebPage","@id":"https:\/\/moonia-boutique.com\/produit\/turban-plisse-a-enfiler\/","url":"https:\/\/moonia-boutique.com\/produit\/turban-plisse-a-enfiler\/","name":"Turban Pliss\u00e9 \u00e0 Enfiler Crois\u00e9 facile \u00e0 Mettre","isPartOf":{"@id":"https:\/\/moonia-boutique.com\/#website"},"primaryImageOfPage":{"@id":"https:\/\/moonia-boutique.com\/produit\/turban-plisse-a-enfiler\/#primaryimage"},"image":{"@id":"https:\/\/moonia-boutique.com\/produit\/turban-plisse-a-enfiler\/#primaryimage"},"thumbnailUrl":"https:\/\/moonia-boutique.com\/wp-content\/uploads\/2024\/02\/img_7949-scaled.jpeg","datePublished":"2024-02-15T12:59:24+00:00","dateModified":"2025-11-06T18:08:42+00:00","description":"D\u00e9couvre le Turban Pliss\u00e9 \u00e0 Enfiler Crois\u00e9 facile \u00e0 Mettre un turban \u00e0 mettre en soeurs ou \u00e0 la maison hyper pratique. Opte pour un style Moonia !","breadcrumb":{"@id":"https:\/\/moonia-boutique.com\/produit\/turban-plisse-a-enfiler\/#breadcrumb"},"inLanguage":"en-GB","potentialAction":[{"@type":"ReadAction","target":["https:\/\/moonia-boutique.com\/produit\/turban-plisse-a-enfiler\/"]}]},{"@type":"ImageObject","inLanguage":"en-GB","@id":"https:\/\/moonia-boutique.com\/produit\/turban-plisse-a-enfiler\/#primaryimage","url":"https:\/\/moonia-boutique.com\/wp-content\/uploads\/2024\/02\/img_7949-scaled.jpeg","contentUrl":"https:\/\/moonia-boutique.com\/wp-content\/uploads\/2024\/02\/img_7949-scaled.jpeg","width":1536,"height":2048,"caption":"Turban Pliss\u00e9 \u00e0 enfiler beige marron"},{"@type":"BreadcrumbList","@id":"https:\/\/moonia-boutique.com\/produit\/turban-plisse-a-enfiler\/#breadcrumb","itemListElement":[{"@type":"ListItem","position":1,"name":"Accueil","item":"https:\/\/moonia-boutique.com\/"},{"@type":"ListItem","position":2,"name":"Boutique Femme Musulmane","item":"https:\/\/moonia-boutique.com\/boutique\/"},{"@type":"ListItem","position":3,"name":"Turban Pliss\u00e9 \u00e0 enfiler"}]},{"@type":"WebSite","@id":"https:\/\/moonia-boutique.com\/#website","url":"https:\/\/moonia-boutique.com\/","name":"Moonia Boutique","description":"Moonia Boutique - Le site de mode de la femme musulmane !","publisher":{"@id":"https:\/\/moonia-boutique.com\/#organization"},"potentialAction":[{"@type":"SearchAction","target":{"@type":"EntryPoint","urlTemplate":"https:\/\/moonia-boutique.com\/?s={search_term_string}"},"query-input":{"@type":"PropertyValueSpecification","valueRequired":true,"valueName":"search_term_string"}}],"inLanguage":"en-GB"},{"@type":"Organization","@id":"https:\/\/moonia-boutique.com\/#organization","name":"Moonia Boutique","url":"https:\/\/moonia-boutique.com\/","logo":{"@type":"ImageObject","inLanguage":"en-GB","@id":"https:\/\/moonia-boutique.com\/#\/schema\/logo\/image\/","url":"https:\/\/moonia-boutique.com\/wp-content\/uploads\/2023\/08\/Sans-titre-1000-x-1000-px.png","contentUrl":"https:\/\/moonia-boutique.com\/wp-content\/uploads\/2023\/08\/Sans-titre-1000-x-1000-px.png","width":1000,"height":1000,"caption":"Moonia Boutique"},"image":{"@id":"https:\/\/moonia-boutique.com\/#\/schema\/logo\/image\/"}}]}},"jetpack_sharing_enabled":true,"_links":{"self":[{"href":"https:\/\/moonia-boutique.com\/en\/wp-json\/wp\/v2\/product\/1477486","targetHints":{"allow":["GET"]}}],"collection":[{"href":"https:\/\/moonia-boutique.com\/en\/wp-json\/wp\/v2\/product"}],"about":[{"href":"https:\/\/moonia-boutique.com\/en\/wp-json\/wp\/v2\/types\/product"}],"replies":[{"embeddable":true,"href":"https:\/\/moonia-boutique.com\/en\/wp-json\/wp\/v2\/comments?post=1477486"}],"wp:featuredmedia":[{"embeddable":true,"href":"https:\/\/moonia-boutique.com\/en\/wp-json\/wp\/v2\/media\/1477507"}],"wp:attachment":[{"href":"https:\/\/moonia-boutique.com\/en\/wp-json\/wp\/v2\/media?parent=1477486"}],"wp:term":[{"taxonomy":"product_brand","embeddable":true,"href":"https:\/\/moonia-boutique.com\/en\/wp-json\/wp\/v2\/product_brand?post=1477486"},{"taxonomy":"product_cat","embeddable":true,"href":"https:\/\/moonia-boutique.com\/en\/wp-json\/wp\/v2\/product_cat?post=1477486"},{"taxonomy":"product_tag","embeddable":true,"href":"https:\/\/moonia-boutique.com\/en\/wp-json\/wp\/v2\/product_tag?post=1477486"},{"taxonomy":"giftcard-category","embeddable":true,"href":"https:\/\/moonia-boutique.com\/en\/wp-json\/wp\/v2\/giftcard-category?post=1477486"}],"curies":[{"name":"wp","href":"https:\/\/api.w.org\/{rel}","templated":true}]}}