{"id":1478613,"date":"2024-03-03T18:12:42","date_gmt":"2024-03-03T17:12:42","guid":{"rendered":"https:\/\/moonia-boutique.com\/?post_type=product&#038;p=1478613"},"modified":"2025-03-13T23:17:07","modified_gmt":"2025-03-13T22:17:07","slug":"qamis-mystere","status":"publish","type":"product","link":"https:\/\/moonia-boutique.com\/en\/product\/qamis-mystere\/","title":{"rendered":"Qamis Myst\u00e8re"},"content":{"rendered":"<h1>Qamis Myst\u00e8re : Un concept In\u00e9dit !<\/h1>\n<p>Plongez dans l&#8217;univers du myst\u00e8re avec notre concept novateur du &#8220;Qamis Myst\u00e8re&#8221; ! Vous \u00eates \u00e0 la recherche d&#8217;une exp\u00e9rience unique, o\u00f9 le choix devient une aventure en soi ? Ne cherchez pas plus loin ! Optez pour notre Qamis Myst\u00e8re et laissez vous surprendre.<\/p>\n<h2>Comment \u00e7a marche ? Un qamis surprise<\/h2>\n<p>C&#8217;est simple ! Vous choisissez la taille de votre Qamis en consultant notre guide des tailles, et nous nous occupons du reste. Recevez chez vous un Qamis parmi nos mod\u00e8les et couleurs disponibles sur le site, d&#8217;une valeur \u00e9quivalente ou m\u00eame sup\u00e9rieure \u00e0 24.90\u20ac. Fini le casse-t\u00eate du choix, laissez-nous vous surprendre avec notre s\u00e9lection soigneusement con\u00e7ue pour vous.<\/p>\n<h3>Pourquoi choisir le Qamis Myst\u00e8re ?<\/h3>\n<p>Pour ceux qui aspirent \u00e0 d\u00e9couvrir de nouvelles tendances sans se prendre la t\u00eate, le Qamis Myst\u00e8re est la solution id\u00e9ale. Laissez-nous vous guider vers l&#8217;inconnu, avec des pi\u00e8ces uniques qui sauront vous ravir \u00e0 chaque r\u00e9ception. C&#8217;est le moyen de d\u00e9couvrir de nouvelle mati\u00e8re et de nouvelle couleurs que vous n&#8217;avez surement jamais tester !<\/p>\n<h3>Une Surprise dans Chaque Coffret !<\/h3>\n<p>En prime, votre Qamis Myst\u00e8re sera soigneusement emball\u00e9 dans nos coffrets exclusifs &#8220;Box For Brother&#8221;, ajoutant une touche de luxe \u00e0 votre exp\u00e9rience d&#8217;achat. Profitez de chaque d\u00e9ballage comme d&#8217;un moment de d\u00e9couverte et de joie !<\/p>\n<p>Ne manquez pas l&#8217;occasion de vivre une exp\u00e9rience shopping in\u00e9dite avec le Qamis Myst\u00e8re. Commandez d\u00e8s maintenant et laissez-vous surprendre par la magie de l&#8217;inattendu !<\/p>","protected":false},"excerpt":{"rendered":"<h3>Qamis Myst\u00e8re : Un concept In\u00e9dit !<\/h3>\n<p>Plongez dans l&#8217;univers du myst\u00e8re avec notre concept novateur du &#8220;Qamis Myst\u00e8re&#8221; ! Vous \u00eates \u00e0 la recherche d&#8217;une exp\u00e9rience unique, o\u00f9 le choix devient une aventure en soi ? Ne cherchez pas plus loin ! Optez pour notre Qamis Myst\u00e8re et laissez vous surprendre.<\/p>\n<h3>Comment \u00e7a marche ?<\/h3>\n<p>C&#8217;est simple ! Vous choisissez la taille de votre Qamis en consultant notre guide des tailles, et nous nous occupons du reste. Recevez chez vous un Qamis parmi nos mod\u00e8les et couleurs disponibles sur le site, d&#8217;une valeur \u00e9quivalente ou m\u00eame sup\u00e9rieure \u00e0 24.90\u20ac. Fini le casse-t\u00eate du choix, laissez-nous vous surprendre avec notre s\u00e9lection soigneusement con\u00e7ue pour vous.<\/p>\n<table style=\"border-collapse: collapse;width: 99.9037%;height: 156px\">\n<tbody>\n<tr style=\"height: 26px\">\n<td style=\"width: 17.1136%;height: 26px;text-align: center\"><strong>Taille du Qamis<\/strong><\/td>\n<td style=\"width: 40.3322%;height: 26px;text-align: center\"><strong>Hauteur de la personne (cm)<\/strong><\/td>\n<td style=\"width: 74.9637%;height: 26px;text-align: center\"><strong>Longueur du Qamis (cm)<\/strong><\/td>\n<\/tr>\n<tr style=\"height: 26px\">\n<td style=\"width: 17.1136%;height: 26px;text-align: center\"><strong>54<\/strong><\/td>\n<td style=\"width: 40.3322%;height: 26px;text-align: center\"><strong>174-178<\/strong><\/td>\n<td style=\"width: 74.9637%;height: 26px;text-align: center\"><strong>137<\/strong><\/td>\n<\/tr>\n<tr style=\"height: 26px\">\n<td style=\"width: 17.1136%;height: 26px;text-align: center\"><strong>56<\/strong><\/td>\n<td style=\"width: 40.3322%;height: 26px;text-align: center\"><strong>178-781<\/strong><\/td>\n<td style=\"width: 74.9637%;height: 26px;text-align: center\"><strong>142<\/strong><\/td>\n<\/tr>\n<tr style=\"height: 26px\">\n<td style=\"width: 17.1136%;height: 26px;text-align: center\"><strong>58<\/strong><\/td>\n<td style=\"width: 40.3322%;height: 26px;text-align: center\"><strong>182-185<\/strong><\/td>\n<td style=\"width: 74.9637%;height: 26px;text-align: center\"><strong>147<\/strong><\/td>\n<\/tr>\n<tr style=\"height: 26px\">\n<td style=\"width: 17.1136%;height: 26px;text-align: center\"><strong>60<\/strong><\/td>\n<td style=\"width: 40.3322%;height: 26px;text-align: center\"><strong>186-189<\/strong><\/td>\n<td style=\"width: 74.9637%;height: 26px;text-align: center\"><strong>152<\/strong><\/td>\n<\/tr>\n<tr style=\"height: 26px\">\n<td style=\"width: 17.1136%;height: 26px;text-align: center\"><strong>62<\/strong><\/td>\n<td style=\"width: 40.3322%;height: 26px;text-align: center\"><strong>+ de 189<\/strong><\/td>\n<td style=\"width: 74.9637%;height: 26px;text-align: center\"><strong>158<\/strong><\/td>\n<\/tr>\n<\/tbody>\n<\/table>\n<p>&nbsp;<\/p>","protected":false},"featured_media":1478013,"comment_status":"open","ping_status":"closed","template":"","meta":{"_acf_changed":false,"_mo_disable_npp":""},"product_brand":[],"product_cat":[377,439,368,207,237,215],"product_tag":[],"giftcard-category":[],"class_list":{"0":"post-1478613","1":"product","2":"type-product","3":"status-publish","4":"has-post-thumbnail","6":"product_cat-dahwaa","7":"product_cat-nouveautes","8":"product_cat-precommandes","9":"product_cat-qamis","10":"product_cat-qamis-box","11":"product_cat-vetement-musulman-pour-homme","13":"first","14":"instock","15":"taxable","16":"shipping-taxable","17":"purchasable","18":"product-type-variable","19":"rtwpvs-product"},"composite_virtual":false,"composite_layout":"","composite_add_to_cart_form_location":"","composite_editable_in_cart":false,"composite_sold_individually_context":"","composite_shop_price_calc":"","composite_components":[],"composite_scenarios":[],"acf":[],"yoast_head":"<!-- This site is optimized with the Yoast SEO plugin v26.6 - https:\/\/yoast.com\/wordpress\/plugins\/seo\/ -->\n<title>Qamis Myst\u00e8re - Moonia Boutique<\/title>\n<meta name=\"description\" content=\"D\u00e9couvrez notre concept Qamis Myst\u00e8re! Choisissez votre taille et recevez un Qamis Surprise choisis pour vous. Laissez-vous surprendre !\" \/>\n<meta name=\"robots\" content=\"index, follow, max-snippet:-1, max-image-preview:large, max-video-preview:-1\" \/>\n<link rel=\"canonical\" href=\"https:\/\/moonia-boutique.com\/en\/product\/qamis-mystere\/\" \/>\n<meta property=\"og:locale\" content=\"en_GB\" \/>\n<meta property=\"og:type\" content=\"article\" \/>\n<meta property=\"og:title\" content=\"Qamis Myst\u00e8re - Moonia Boutique\" \/>\n<meta property=\"og:description\" content=\"D\u00e9couvrez notre concept Qamis Myst\u00e8re! Choisissez votre taille et recevez un Qamis Surprise choisis pour vous. Laissez-vous surprendre !\" \/>\n<meta property=\"og:url\" content=\"https:\/\/moonia-boutique.com\/en\/product\/qamis-mystere\/\" \/>\n<meta property=\"og:site_name\" content=\"Moonia Boutique\" \/>\n<meta property=\"article:modified_time\" content=\"2025-03-13T22:17:07+00:00\" \/>\n<meta property=\"og:image\" content=\"https:\/\/moonia-boutique.com\/wp-content\/uploads\/2024\/02\/c1ef65d8-f97d-4452-8f6b-108a85cd02fb-e1709486835984.jpeg\" \/>\n\t<meta property=\"og:image:width\" content=\"569\" \/>\n\t<meta property=\"og:image:height\" content=\"624\" \/>\n\t<meta property=\"og:image:type\" content=\"image\/jpeg\" \/>\n<meta name=\"twitter:card\" content=\"summary_large_image\" \/>\n<meta name=\"twitter:label1\" content=\"Estimated reading time\" \/>\n\t<meta name=\"twitter:data1\" content=\"2 minutes\" \/>\n<script type=\"application\/ld+json\" class=\"yoast-schema-graph\">{\"@context\":\"https:\/\/schema.org\",\"@graph\":[{\"@type\":\"WebPage\",\"@id\":\"https:\/\/moonia-boutique.com\/produit\/qamis-mystere\/\",\"url\":\"https:\/\/moonia-boutique.com\/produit\/qamis-mystere\/\",\"name\":\"Qamis Myst\u00e8re - Moonia Boutique\",\"isPartOf\":{\"@id\":\"https:\/\/moonia-boutique.com\/#website\"},\"primaryImageOfPage\":{\"@id\":\"https:\/\/moonia-boutique.com\/produit\/qamis-mystere\/#primaryimage\"},\"image\":{\"@id\":\"https:\/\/moonia-boutique.com\/produit\/qamis-mystere\/#primaryimage\"},\"thumbnailUrl\":\"https:\/\/moonia-boutique.com\/wp-content\/uploads\/2024\/02\/c1ef65d8-f97d-4452-8f6b-108a85cd02fb-e1709486835984.jpeg\",\"datePublished\":\"2024-03-03T17:12:42+00:00\",\"dateModified\":\"2025-03-13T22:17:07+00:00\",\"description\":\"D\u00e9couvrez notre concept Qamis Myst\u00e8re! Choisissez votre taille et recevez un Qamis Surprise choisis pour vous. Laissez-vous surprendre !\",\"breadcrumb\":{\"@id\":\"https:\/\/moonia-boutique.com\/produit\/qamis-mystere\/#breadcrumb\"},\"inLanguage\":\"en-GB\",\"potentialAction\":[{\"@type\":\"ReadAction\",\"target\":[\"https:\/\/moonia-boutique.com\/produit\/qamis-mystere\/\"]}]},{\"@type\":\"ImageObject\",\"inLanguage\":\"en-GB\",\"@id\":\"https:\/\/moonia-boutique.com\/produit\/qamis-mystere\/#primaryimage\",\"url\":\"https:\/\/moonia-boutique.com\/wp-content\/uploads\/2024\/02\/c1ef65d8-f97d-4452-8f6b-108a85cd02fb-e1709486835984.jpeg\",\"contentUrl\":\"https:\/\/moonia-boutique.com\/wp-content\/uploads\/2024\/02\/c1ef65d8-f97d-4452-8f6b-108a85cd02fb-e1709486835984.jpeg\",\"width\":569,\"height\":624,\"caption\":\"Qamis Myst\u00e8re\"},{\"@type\":\"BreadcrumbList\",\"@id\":\"https:\/\/moonia-boutique.com\/produit\/qamis-mystere\/#breadcrumb\",\"itemListElement\":[{\"@type\":\"ListItem\",\"position\":1,\"name\":\"Accueil\",\"item\":\"https:\/\/moonia-boutique.com\/\"},{\"@type\":\"ListItem\",\"position\":2,\"name\":\"Boutique Femme Musulmane\",\"item\":\"https:\/\/moonia-boutique.com\/boutique\/\"},{\"@type\":\"ListItem\",\"position\":3,\"name\":\"Qamis Myst\u00e8re\"}]},{\"@type\":\"WebSite\",\"@id\":\"https:\/\/moonia-boutique.com\/#website\",\"url\":\"https:\/\/moonia-boutique.com\/\",\"name\":\"Moonia Boutique\",\"description\":\"Moonia Boutique - Le site de mode de la femme musulmane !\",\"publisher\":{\"@id\":\"https:\/\/moonia-boutique.com\/#organization\"},\"potentialAction\":[{\"@type\":\"SearchAction\",\"target\":{\"@type\":\"EntryPoint\",\"urlTemplate\":\"https:\/\/moonia-boutique.com\/?s={search_term_string}\"},\"query-input\":{\"@type\":\"PropertyValueSpecification\",\"valueRequired\":true,\"valueName\":\"search_term_string\"}}],\"inLanguage\":\"en-GB\"},{\"@type\":\"Organization\",\"@id\":\"https:\/\/moonia-boutique.com\/#organization\",\"name\":\"Moonia Boutique\",\"url\":\"https:\/\/moonia-boutique.com\/\",\"logo\":{\"@type\":\"ImageObject\",\"inLanguage\":\"en-GB\",\"@id\":\"https:\/\/moonia-boutique.com\/#\/schema\/logo\/image\/\",\"url\":\"https:\/\/moonia-boutique.com\/wp-content\/uploads\/2023\/08\/Sans-titre-1000-x-1000-px.png\",\"contentUrl\":\"https:\/\/moonia-boutique.com\/wp-content\/uploads\/2023\/08\/Sans-titre-1000-x-1000-px.png\",\"width\":1000,\"height\":1000,\"caption\":\"Moonia Boutique\"},\"image\":{\"@id\":\"https:\/\/moonia-boutique.com\/#\/schema\/logo\/image\/\"}}]}<\/script>\n<!-- \/ Yoast SEO plugin. -->","yoast_head_json":{"title":"Qamis Myst\u00e8re - Moonia Boutique","description":"D\u00e9couvrez notre concept Qamis Myst\u00e8re! Choisissez votre taille et recevez un Qamis Surprise choisis pour vous. Laissez-vous surprendre !","robots":{"index":"index","follow":"follow","max-snippet":"max-snippet:-1","max-image-preview":"max-image-preview:large","max-video-preview":"max-video-preview:-1"},"canonical":"https:\/\/moonia-boutique.com\/en\/product\/qamis-mystere\/","og_locale":"en_GB","og_type":"article","og_title":"Qamis Myst\u00e8re - Moonia Boutique","og_description":"D\u00e9couvrez notre concept Qamis Myst\u00e8re! Choisissez votre taille et recevez un Qamis Surprise choisis pour vous. Laissez-vous surprendre !","og_url":"https:\/\/moonia-boutique.com\/en\/product\/qamis-mystere\/","og_site_name":"Moonia Boutique","article_modified_time":"2025-03-13T22:17:07+00:00","og_image":[{"width":569,"height":624,"url":"https:\/\/moonia-boutique.com\/wp-content\/uploads\/2024\/02\/c1ef65d8-f97d-4452-8f6b-108a85cd02fb-e1709486835984.jpeg","type":"image\/jpeg"}],"twitter_card":"summary_large_image","twitter_misc":{"Estimated reading time":"2 minutes"},"schema":{"@context":"https:\/\/schema.org","@graph":[{"@type":"WebPage","@id":"https:\/\/moonia-boutique.com\/produit\/qamis-mystere\/","url":"https:\/\/moonia-boutique.com\/produit\/qamis-mystere\/","name":"Qamis Myst\u00e8re - Moonia Boutique","isPartOf":{"@id":"https:\/\/moonia-boutique.com\/#website"},"primaryImageOfPage":{"@id":"https:\/\/moonia-boutique.com\/produit\/qamis-mystere\/#primaryimage"},"image":{"@id":"https:\/\/moonia-boutique.com\/produit\/qamis-mystere\/#primaryimage"},"thumbnailUrl":"https:\/\/moonia-boutique.com\/wp-content\/uploads\/2024\/02\/c1ef65d8-f97d-4452-8f6b-108a85cd02fb-e1709486835984.jpeg","datePublished":"2024-03-03T17:12:42+00:00","dateModified":"2025-03-13T22:17:07+00:00","description":"D\u00e9couvrez notre concept Qamis Myst\u00e8re! Choisissez votre taille et recevez un Qamis Surprise choisis pour vous. Laissez-vous surprendre !","breadcrumb":{"@id":"https:\/\/moonia-boutique.com\/produit\/qamis-mystere\/#breadcrumb"},"inLanguage":"en-GB","potentialAction":[{"@type":"ReadAction","target":["https:\/\/moonia-boutique.com\/produit\/qamis-mystere\/"]}]},{"@type":"ImageObject","inLanguage":"en-GB","@id":"https:\/\/moonia-boutique.com\/produit\/qamis-mystere\/#primaryimage","url":"https:\/\/moonia-boutique.com\/wp-content\/uploads\/2024\/02\/c1ef65d8-f97d-4452-8f6b-108a85cd02fb-e1709486835984.jpeg","contentUrl":"https:\/\/moonia-boutique.com\/wp-content\/uploads\/2024\/02\/c1ef65d8-f97d-4452-8f6b-108a85cd02fb-e1709486835984.jpeg","width":569,"height":624,"caption":"Qamis Myst\u00e8re"},{"@type":"BreadcrumbList","@id":"https:\/\/moonia-boutique.com\/produit\/qamis-mystere\/#breadcrumb","itemListElement":[{"@type":"ListItem","position":1,"name":"Accueil","item":"https:\/\/moonia-boutique.com\/"},{"@type":"ListItem","position":2,"name":"Boutique Femme Musulmane","item":"https:\/\/moonia-boutique.com\/boutique\/"},{"@type":"ListItem","position":3,"name":"Qamis Myst\u00e8re"}]},{"@type":"WebSite","@id":"https:\/\/moonia-boutique.com\/#website","url":"https:\/\/moonia-boutique.com\/","name":"Moonia Boutique","description":"Moonia Boutique - Le site de mode de la femme musulmane !","publisher":{"@id":"https:\/\/moonia-boutique.com\/#organization"},"potentialAction":[{"@type":"SearchAction","target":{"@type":"EntryPoint","urlTemplate":"https:\/\/moonia-boutique.com\/?s={search_term_string}"},"query-input":{"@type":"PropertyValueSpecification","valueRequired":true,"valueName":"search_term_string"}}],"inLanguage":"en-GB"},{"@type":"Organization","@id":"https:\/\/moonia-boutique.com\/#organization","name":"Moonia Boutique","url":"https:\/\/moonia-boutique.com\/","logo":{"@type":"ImageObject","inLanguage":"en-GB","@id":"https:\/\/moonia-boutique.com\/#\/schema\/logo\/image\/","url":"https:\/\/moonia-boutique.com\/wp-content\/uploads\/2023\/08\/Sans-titre-1000-x-1000-px.png","contentUrl":"https:\/\/moonia-boutique.com\/wp-content\/uploads\/2023\/08\/Sans-titre-1000-x-1000-px.png","width":1000,"height":1000,"caption":"Moonia Boutique"},"image":{"@id":"https:\/\/moonia-boutique.com\/#\/schema\/logo\/image\/"}}]}},"jetpack_sharing_enabled":true,"_links":{"self":[{"href":"https:\/\/moonia-boutique.com\/en\/wp-json\/wp\/v2\/product\/1478613","targetHints":{"allow":["GET"]}}],"collection":[{"href":"https:\/\/moonia-boutique.com\/en\/wp-json\/wp\/v2\/product"}],"about":[{"href":"https:\/\/moonia-boutique.com\/en\/wp-json\/wp\/v2\/types\/product"}],"replies":[{"embeddable":true,"href":"https:\/\/moonia-boutique.com\/en\/wp-json\/wp\/v2\/comments?post=1478613"}],"wp:featuredmedia":[{"embeddable":true,"href":"https:\/\/moonia-boutique.com\/en\/wp-json\/wp\/v2\/media\/1478013"}],"wp:attachment":[{"href":"https:\/\/moonia-boutique.com\/en\/wp-json\/wp\/v2\/media?parent=1478613"}],"wp:term":[{"taxonomy":"product_brand","embeddable":true,"href":"https:\/\/moonia-boutique.com\/en\/wp-json\/wp\/v2\/product_brand?post=1478613"},{"taxonomy":"product_cat","embeddable":true,"href":"https:\/\/moonia-boutique.com\/en\/wp-json\/wp\/v2\/product_cat?post=1478613"},{"taxonomy":"product_tag","embeddable":true,"href":"https:\/\/moonia-boutique.com\/en\/wp-json\/wp\/v2\/product_tag?post=1478613"},{"taxonomy":"giftcard-category","embeddable":true,"href":"https:\/\/moonia-boutique.com\/en\/wp-json\/wp\/v2\/giftcard-category?post=1478613"}],"curies":[{"name":"wp","href":"https:\/\/api.w.org\/{rel}","templated":true}]}}