{"id":1479140,"date":"2024-03-06T22:12:41","date_gmt":"2024-03-06T21:12:41","guid":{"rendered":"https:\/\/moonia-boutique.com\/?post_type=product&#038;p=1479140"},"modified":"2025-12-12T11:26:54","modified_gmt":"2025-12-12T10:26:54","slug":"qamis-emirati","status":"publish","type":"product","link":"https:\/\/moonia-boutique.com\/en\/product\/qamis-emirati\/","title":{"rendered":"Qamis Emirati Omanais Homme"},"content":{"rendered":"<h1>Qamis Emirati: Classe et \u00e9l\u00e9gance<\/h1>\n<div>D\u00e9couvrez l&#8217;essence du raffinement avec notre Qamis \u00c9mirati, un v\u00e9ritable bijou de simplicit\u00e9 et de sophistication. Con\u00e7u dans un tissu uni de premi\u00e8re qualit\u00e9, ce Qamis incarne parfaitement l&#8217;alliance entre sobri\u00e9t\u00e9 et classe, offrant \u00e0 celui qui le porte une allure distingu\u00e9e en toutes circonstances.<\/div>\n<h2>Qamis Emirati Confort et Respirabilit\u00e9<\/h2>\n<div>Gr\u00e2ce \u00e0 son tissu haut de gamme, le Qamis \u00c9mirati offre un confort in\u00e9gal\u00e9. Sa texture agr\u00e9able sur la peau et sa capacit\u00e9 \u00e0 permettre une respiration ais\u00e9e en font le choix id\u00e9al pour ceux qui recherchent \u00e0 la fois \u00e9l\u00e9gance et bien-\u00eatre. Portez le en toute saison, son tissu respirant s&#8217;adaptant aux variations climatiques avec aisance.<\/div>\n<h2>Style Traditionnel du Qamis Emirati<\/h2>\n<div>Inspir\u00e9 du style \u00e9mirati authentique, ce Qamis se distingue par son col discret et sa fermeture pratique \u00e0 boutons pressions. Vous offrant ainsi un ajustement parfait et un look \u00e9pur\u00e9. De plus, sa cravate traditionnelle peut \u00eatre retir\u00e9e en un clin d&#8217;\u0153il gr\u00e2ce \u00e0 un bouton de pression, ajoutant une touche de versatilit\u00e9 \u00e0 votre tenue. Les manches simples, l\u00e9g\u00e8rement amples, garantissent un confort optimal tout au long de la journ\u00e9e.<\/div>\n<h2>Tailles Disponibles et box qamis<\/h2>\n<div>Disponible dans un large \u00e9ventail de tailles, du S au XL. Vous \u00eates assur\u00e9 de trouver le Qamis \u00c9mirati parfaitement adapt\u00e9 \u00e0 votre silhouette. Et pour une exp\u00e9rience encore plus personnalis\u00e9e, envisagez aussi\u00a0 de composer une Dine Box. En associant ce Qamis avec un tapis, un livre ou un article de bien-\u00eatre, pour offrir un cadeau sur mesure \u00e0 un proche. <span style=\"color: #555555\">Vous pouvez composer une\u00a0<\/span><a href=\"https:\/\/www.instagram.com\/p\/COAWnS2j7KB\/?utm_source=ig_web_copy_link\"><strong>Dine Box<\/strong><\/a><span style=\"color: #555555\">\u00a0avec ce Qamis et choisir un\u00a0<\/span><strong style=\"color: #555555\">Tapis<\/strong><span style=\"color: #555555\">\u00a0puis un\u00a0<\/span><strong style=\"color: #555555\">livre<\/strong><span style=\"color: #555555\">\u00a0un ou\u00a0<\/span><strong style=\"color: #555555\">bien-\u00eatre<\/strong><span style=\"color: #555555\">\u00a0afin d&#8217;offrir un coffret sur mesure.<\/span><\/div>\n<h2>Explorez Notre Collection Compl\u00e8te de qamis<\/h2>\n<div>Plongez ainsi dans l&#8217;univers riche de notre collection Qamis for Brother. D\u00e9couvrez donc une vari\u00e9t\u00e9 de styles et de couleurs pour r\u00e9pondre \u00e0 tous les go\u00fbts et toutes les occasions.<\/div>\n<div><\/div>\n<div>Optez pour l&#8217;\u00e9l\u00e9gance intemporelle du Qamis \u00c9mirati et faites une d\u00e9claration de style avec raffinement. Commandez d\u00e8s maintenant et laissez-vous s\u00e9duire par le charme discret de la tradition \u00e9miratie.<\/div>\n<p>D\u00e9couvrez toute la collection de<a href=\"https:\/\/moonia-boutique.com\/en\/product-category\/homme\/qamis\/\"><strong> Qamis for Brother<\/strong><\/a>.<\/p>","protected":false},"excerpt":{"rendered":"<p>Le <strong>Qamis Emirati Glac\u00e9 <\/strong>est un <strong>Qamis<\/strong> de <strong>couleur uni<\/strong>. Il est fabriqu\u00e9 \u00e0 partir d\u2019un tissu de tr\u00e8s bonne <strong>qualit\u00e9<\/strong> fabriqu\u00e9 \u00e0 <strong>Duba\u00ef<\/strong>. C\u2019est l\u2019alliance parfaite entre style <strong>sobre<\/strong> et <strong>classe<\/strong>. Le tissu est tr\u00e8s agr\u00e9able \u00e0 porter. Il vous garantira un confort optimal. De plus, le <strong>Qamis Emirati Glac\u00e9<\/strong> permet \u00e0 votre peau de respirer facilement.<\/p>\n<p>Le <strong>Qamis<\/strong> reprend le <strong>style \u00e9mirati<\/strong> et ne pr\u00e9sente donc pas de col. La fermeture se fait gr\u00e2ce \u00e0 plusieurs boutons pressions. De plus, ce mod\u00e8le poss\u00e8de la cravate traditionnelle \u00e9mirati mais vous pouvez facilement la retirer grace \u00e0 un bouton de pression. Le qamis poss\u00e8de des manches simples assez larges pour plus de confort. Il se porte \u00e0 toutes les saisons gr\u00e2ce \u00e0 son tissu respirant.<\/p>\n<p>Vous pouvez composer une <a href=\"https:\/\/www.instagram.com\/p\/COAWnS2j7KB\/?utm_source=ig_web_copy_link\"><strong>Dine Box<\/strong><\/a> avec ce Qamis et choisir un <strong>Tapis<\/strong> puis un <strong>livre<\/strong> un ou <strong>bien-\u00eatre<\/strong> afin d\u2019offrir un coffret sur mesure.<\/p>\n<p>D\u00e9couvrez toute la collection de<a href=\"https:\/\/moonia-boutique.com\/en\/product-category\/homme\/qamis\/\"><strong> Qamis for Brother<\/strong><\/a>.<\/p>\n<p>&nbsp;<\/p>\n<table style=\"border-collapse: collapse;width: 99.9037%;height: 156px\">\n<tbody>\n<tr style=\"height: 26px\">\n<td style=\"width: 17.1136%;height: 26px;text-align: center\"><strong>Taille du Qamis<\/strong><\/td>\n<td style=\"width: 40.3322%;height: 26px;text-align: center\"><strong>Hauteur de la personne (cm)<\/strong><\/td>\n<td style=\"width: 74.9637%;height: 26px;text-align: center\"><strong>Longueur du Qamis (cm)<\/strong><\/td>\n<\/tr>\n<tr style=\"height: 26px\">\n<td style=\"width: 17.1136%;height: 26px;text-align: center\"><strong>54<\/strong><\/td>\n<td style=\"width: 40.3322%;height: 26px;text-align: center\"><strong>174-178<\/strong><\/td>\n<td style=\"width: 74.9637%;height: 26px;text-align: center\"><strong>137<\/strong><\/td>\n<\/tr>\n<tr style=\"height: 26px\">\n<td style=\"width: 17.1136%;height: 26px;text-align: center\"><strong>56<\/strong><\/td>\n<td style=\"width: 40.3322%;height: 26px;text-align: center\"><strong>178-781<\/strong><\/td>\n<td style=\"width: 74.9637%;height: 26px;text-align: center\"><strong>142<\/strong><\/td>\n<\/tr>\n<tr style=\"height: 26px\">\n<td style=\"width: 17.1136%;height: 26px;text-align: center\"><strong>58<\/strong><\/td>\n<td style=\"width: 40.3322%;height: 26px;text-align: center\"><strong>182-185<\/strong><\/td>\n<td style=\"width: 74.9637%;height: 26px;text-align: center\"><strong>147<\/strong><\/td>\n<\/tr>\n<tr style=\"height: 26px\">\n<td style=\"width: 17.1136%;height: 26px;text-align: center\"><strong>60<\/strong><\/td>\n<td style=\"width: 40.3322%;height: 26px;text-align: center\"><strong>186-189<\/strong><\/td>\n<td style=\"width: 74.9637%;height: 26px;text-align: center\"><strong>152<\/strong><\/td>\n<\/tr>\n<tr style=\"height: 26px\">\n<td style=\"width: 17.1136%;height: 26px;text-align: center\"><strong>62<\/strong><\/td>\n<td style=\"width: 40.3322%;height: 26px;text-align: center\"><strong>+ de 189<\/strong><\/td>\n<td style=\"width: 74.9637%;height: 26px;text-align: center\"><strong>158<\/strong><\/td>\n<\/tr>\n<\/tbody>\n<\/table>\n<p>&nbsp;<\/p>","protected":false},"featured_media":1479245,"comment_status":"open","ping_status":"closed","template":"","meta":{"_acf_changed":false,"_mo_disable_npp":""},"product_brand":[],"product_cat":[377,371,368,207,537,536,534,538,533,237,424,215,370],"product_tag":[],"giftcard-category":[],"class_list":{"0":"post-1479140","1":"product","2":"type-product","3":"status-publish","4":"has-post-thumbnail","6":"product_cat-dahwaa","7":"product_cat-ini","8":"product_cat-precommandes","9":"product_cat-qamis","10":"product_cat-qamis-blanc","11":"product_cat-qamis-emirati","12":"product_cat-qamis-homme","13":"product_cat-qamis-noir","14":"product_cat-qamis-pas-cher","15":"product_cat-qamis-box","16":"product_cat-collection-ramadan","17":"product_cat-vetement-musulman-pour-homme","18":"product_cat-z-i","20":"first","21":"instock","22":"taxable","23":"shipping-taxable","24":"purchasable","25":"product-type-variable","26":"rtwpvs-product"},"composite_virtual":false,"composite_layout":"","composite_add_to_cart_form_location":"","composite_editable_in_cart":false,"composite_sold_individually_context":"","composite_shop_price_calc":"","composite_components":[],"composite_scenarios":[],"acf":[],"yoast_head":"<!-- This site is optimized with the Yoast SEO plugin v26.6 - https:\/\/yoast.com\/wordpress\/plugins\/seo\/ -->\n<title>Qamis Emirati Omanais Homme Style Dubai Luxe<\/title>\n<meta name=\"description\" content=\"Le Qamis Emirati est un Qamis de couleur uni. Il est fabriqu\u00e9 \u00e0 partir d&#039;un tissu de tr\u00e8s bonne qualit\u00e9 fabriqu\u00e9 \u00e0 Duba\u00ef.\" \/>\n<meta name=\"robots\" content=\"index, follow, max-snippet:-1, max-image-preview:large, max-video-preview:-1\" \/>\n<link rel=\"canonical\" href=\"https:\/\/moonia-boutique.com\/en\/product\/qamis-emirati\/\" \/>\n<meta property=\"og:locale\" content=\"en_GB\" \/>\n<meta property=\"og:type\" content=\"article\" \/>\n<meta property=\"og:title\" content=\"Qamis Emirati Omanais Homme Style Dubai Luxe\" \/>\n<meta property=\"og:description\" content=\"Le Qamis Emirati est un Qamis de couleur uni. Il est fabriqu\u00e9 \u00e0 partir d&#039;un tissu de tr\u00e8s bonne qualit\u00e9 fabriqu\u00e9 \u00e0 Duba\u00ef.\" \/>\n<meta property=\"og:url\" content=\"https:\/\/moonia-boutique.com\/en\/product\/qamis-emirati\/\" \/>\n<meta property=\"og:site_name\" content=\"Moonia Boutique\" \/>\n<meta property=\"article:modified_time\" content=\"2025-12-12T10:26:54+00:00\" \/>\n<meta property=\"og:image\" content=\"https:\/\/moonia-boutique.com\/wp-content\/uploads\/2024\/03\/img_9438-2-scaled.jpeg\" \/>\n\t<meta property=\"og:image:width\" content=\"1543\" \/>\n\t<meta property=\"og:image:height\" content=\"2048\" \/>\n\t<meta property=\"og:image:type\" content=\"image\/jpeg\" \/>\n<meta name=\"twitter:card\" content=\"summary_large_image\" \/>\n<meta name=\"twitter:label1\" content=\"Estimated reading time\" \/>\n\t<meta name=\"twitter:data1\" content=\"3 minutes\" \/>\n<script type=\"application\/ld+json\" class=\"yoast-schema-graph\">{\"@context\":\"https:\/\/schema.org\",\"@graph\":[{\"@type\":\"WebPage\",\"@id\":\"https:\/\/moonia-boutique.com\/produit\/qamis-emirati\/\",\"url\":\"https:\/\/moonia-boutique.com\/produit\/qamis-emirati\/\",\"name\":\"Qamis Emirati Omanais Homme Style Dubai Luxe\",\"isPartOf\":{\"@id\":\"https:\/\/moonia-boutique.com\/#website\"},\"primaryImageOfPage\":{\"@id\":\"https:\/\/moonia-boutique.com\/produit\/qamis-emirati\/#primaryimage\"},\"image\":{\"@id\":\"https:\/\/moonia-boutique.com\/produit\/qamis-emirati\/#primaryimage\"},\"thumbnailUrl\":\"https:\/\/moonia-boutique.com\/wp-content\/uploads\/2024\/03\/img_9438-2-scaled.jpeg\",\"datePublished\":\"2024-03-06T21:12:41+00:00\",\"dateModified\":\"2025-12-12T10:26:54+00:00\",\"description\":\"Le Qamis Emirati est un Qamis de couleur uni. Il est fabriqu\u00e9 \u00e0 partir d'un tissu de tr\u00e8s bonne qualit\u00e9 fabriqu\u00e9 \u00e0 Duba\u00ef.\",\"breadcrumb\":{\"@id\":\"https:\/\/moonia-boutique.com\/produit\/qamis-emirati\/#breadcrumb\"},\"inLanguage\":\"en-GB\",\"potentialAction\":[{\"@type\":\"ReadAction\",\"target\":[\"https:\/\/moonia-boutique.com\/produit\/qamis-emirati\/\"]}]},{\"@type\":\"ImageObject\",\"inLanguage\":\"en-GB\",\"@id\":\"https:\/\/moonia-boutique.com\/produit\/qamis-emirati\/#primaryimage\",\"url\":\"https:\/\/moonia-boutique.com\/wp-content\/uploads\/2024\/03\/img_9438-2-scaled.jpeg\",\"contentUrl\":\"https:\/\/moonia-boutique.com\/wp-content\/uploads\/2024\/03\/img_9438-2-scaled.jpeg\",\"width\":1543,\"height\":2048,\"caption\":\"Qamis \u00c9mirati : \u00c9l\u00e9gance et Tradition pour l\u2019Homme Musulman\"},{\"@type\":\"BreadcrumbList\",\"@id\":\"https:\/\/moonia-boutique.com\/produit\/qamis-emirati\/#breadcrumb\",\"itemListElement\":[{\"@type\":\"ListItem\",\"position\":1,\"name\":\"Accueil\",\"item\":\"https:\/\/moonia-boutique.com\/\"},{\"@type\":\"ListItem\",\"position\":2,\"name\":\"Boutique Femme Musulmane\",\"item\":\"https:\/\/moonia-boutique.com\/boutique\/\"},{\"@type\":\"ListItem\",\"position\":3,\"name\":\"Qamis Emirati Omanais Homme\"}]},{\"@type\":\"WebSite\",\"@id\":\"https:\/\/moonia-boutique.com\/#website\",\"url\":\"https:\/\/moonia-boutique.com\/\",\"name\":\"Moonia Boutique\",\"description\":\"Moonia Boutique - Le site de mode de la femme musulmane !\",\"publisher\":{\"@id\":\"https:\/\/moonia-boutique.com\/#organization\"},\"potentialAction\":[{\"@type\":\"SearchAction\",\"target\":{\"@type\":\"EntryPoint\",\"urlTemplate\":\"https:\/\/moonia-boutique.com\/?s={search_term_string}\"},\"query-input\":{\"@type\":\"PropertyValueSpecification\",\"valueRequired\":true,\"valueName\":\"search_term_string\"}}],\"inLanguage\":\"en-GB\"},{\"@type\":\"Organization\",\"@id\":\"https:\/\/moonia-boutique.com\/#organization\",\"name\":\"Moonia Boutique\",\"url\":\"https:\/\/moonia-boutique.com\/\",\"logo\":{\"@type\":\"ImageObject\",\"inLanguage\":\"en-GB\",\"@id\":\"https:\/\/moonia-boutique.com\/#\/schema\/logo\/image\/\",\"url\":\"https:\/\/moonia-boutique.com\/wp-content\/uploads\/2023\/08\/Sans-titre-1000-x-1000-px.png\",\"contentUrl\":\"https:\/\/moonia-boutique.com\/wp-content\/uploads\/2023\/08\/Sans-titre-1000-x-1000-px.png\",\"width\":1000,\"height\":1000,\"caption\":\"Moonia Boutique\"},\"image\":{\"@id\":\"https:\/\/moonia-boutique.com\/#\/schema\/logo\/image\/\"}}]}<\/script>\n<!-- \/ Yoast SEO plugin. -->","yoast_head_json":{"title":"Qamis Emirati Omanais Homme Style Dubai Luxe","description":"Le Qamis Emirati est un Qamis de couleur uni. Il est fabriqu\u00e9 \u00e0 partir d'un tissu de tr\u00e8s bonne qualit\u00e9 fabriqu\u00e9 \u00e0 Duba\u00ef.","robots":{"index":"index","follow":"follow","max-snippet":"max-snippet:-1","max-image-preview":"max-image-preview:large","max-video-preview":"max-video-preview:-1"},"canonical":"https:\/\/moonia-boutique.com\/en\/product\/qamis-emirati\/","og_locale":"en_GB","og_type":"article","og_title":"Qamis Emirati Omanais Homme Style Dubai Luxe","og_description":"Le Qamis Emirati est un Qamis de couleur uni. Il est fabriqu\u00e9 \u00e0 partir d'un tissu de tr\u00e8s bonne qualit\u00e9 fabriqu\u00e9 \u00e0 Duba\u00ef.","og_url":"https:\/\/moonia-boutique.com\/en\/product\/qamis-emirati\/","og_site_name":"Moonia Boutique","article_modified_time":"2025-12-12T10:26:54+00:00","og_image":[{"width":1543,"height":2048,"url":"https:\/\/moonia-boutique.com\/wp-content\/uploads\/2024\/03\/img_9438-2-scaled.jpeg","type":"image\/jpeg"}],"twitter_card":"summary_large_image","twitter_misc":{"Estimated reading time":"3 minutes"},"schema":{"@context":"https:\/\/schema.org","@graph":[{"@type":"WebPage","@id":"https:\/\/moonia-boutique.com\/produit\/qamis-emirati\/","url":"https:\/\/moonia-boutique.com\/produit\/qamis-emirati\/","name":"Qamis Emirati Omanais Homme Style Dubai Luxe","isPartOf":{"@id":"https:\/\/moonia-boutique.com\/#website"},"primaryImageOfPage":{"@id":"https:\/\/moonia-boutique.com\/produit\/qamis-emirati\/#primaryimage"},"image":{"@id":"https:\/\/moonia-boutique.com\/produit\/qamis-emirati\/#primaryimage"},"thumbnailUrl":"https:\/\/moonia-boutique.com\/wp-content\/uploads\/2024\/03\/img_9438-2-scaled.jpeg","datePublished":"2024-03-06T21:12:41+00:00","dateModified":"2025-12-12T10:26:54+00:00","description":"Le Qamis Emirati est un Qamis de couleur uni. Il est fabriqu\u00e9 \u00e0 partir d'un tissu de tr\u00e8s bonne qualit\u00e9 fabriqu\u00e9 \u00e0 Duba\u00ef.","breadcrumb":{"@id":"https:\/\/moonia-boutique.com\/produit\/qamis-emirati\/#breadcrumb"},"inLanguage":"en-GB","potentialAction":[{"@type":"ReadAction","target":["https:\/\/moonia-boutique.com\/produit\/qamis-emirati\/"]}]},{"@type":"ImageObject","inLanguage":"en-GB","@id":"https:\/\/moonia-boutique.com\/produit\/qamis-emirati\/#primaryimage","url":"https:\/\/moonia-boutique.com\/wp-content\/uploads\/2024\/03\/img_9438-2-scaled.jpeg","contentUrl":"https:\/\/moonia-boutique.com\/wp-content\/uploads\/2024\/03\/img_9438-2-scaled.jpeg","width":1543,"height":2048,"caption":"Qamis \u00c9mirati : \u00c9l\u00e9gance et Tradition pour l\u2019Homme Musulman"},{"@type":"BreadcrumbList","@id":"https:\/\/moonia-boutique.com\/produit\/qamis-emirati\/#breadcrumb","itemListElement":[{"@type":"ListItem","position":1,"name":"Accueil","item":"https:\/\/moonia-boutique.com\/"},{"@type":"ListItem","position":2,"name":"Boutique Femme Musulmane","item":"https:\/\/moonia-boutique.com\/boutique\/"},{"@type":"ListItem","position":3,"name":"Qamis Emirati Omanais Homme"}]},{"@type":"WebSite","@id":"https:\/\/moonia-boutique.com\/#website","url":"https:\/\/moonia-boutique.com\/","name":"Moonia Boutique","description":"Moonia Boutique - Le site de mode de la femme musulmane !","publisher":{"@id":"https:\/\/moonia-boutique.com\/#organization"},"potentialAction":[{"@type":"SearchAction","target":{"@type":"EntryPoint","urlTemplate":"https:\/\/moonia-boutique.com\/?s={search_term_string}"},"query-input":{"@type":"PropertyValueSpecification","valueRequired":true,"valueName":"search_term_string"}}],"inLanguage":"en-GB"},{"@type":"Organization","@id":"https:\/\/moonia-boutique.com\/#organization","name":"Moonia Boutique","url":"https:\/\/moonia-boutique.com\/","logo":{"@type":"ImageObject","inLanguage":"en-GB","@id":"https:\/\/moonia-boutique.com\/#\/schema\/logo\/image\/","url":"https:\/\/moonia-boutique.com\/wp-content\/uploads\/2023\/08\/Sans-titre-1000-x-1000-px.png","contentUrl":"https:\/\/moonia-boutique.com\/wp-content\/uploads\/2023\/08\/Sans-titre-1000-x-1000-px.png","width":1000,"height":1000,"caption":"Moonia Boutique"},"image":{"@id":"https:\/\/moonia-boutique.com\/#\/schema\/logo\/image\/"}}]}},"jetpack_sharing_enabled":true,"_links":{"self":[{"href":"https:\/\/moonia-boutique.com\/en\/wp-json\/wp\/v2\/product\/1479140","targetHints":{"allow":["GET"]}}],"collection":[{"href":"https:\/\/moonia-boutique.com\/en\/wp-json\/wp\/v2\/product"}],"about":[{"href":"https:\/\/moonia-boutique.com\/en\/wp-json\/wp\/v2\/types\/product"}],"replies":[{"embeddable":true,"href":"https:\/\/moonia-boutique.com\/en\/wp-json\/wp\/v2\/comments?post=1479140"}],"wp:featuredmedia":[{"embeddable":true,"href":"https:\/\/moonia-boutique.com\/en\/wp-json\/wp\/v2\/media\/1479245"}],"wp:attachment":[{"href":"https:\/\/moonia-boutique.com\/en\/wp-json\/wp\/v2\/media?parent=1479140"}],"wp:term":[{"taxonomy":"product_brand","embeddable":true,"href":"https:\/\/moonia-boutique.com\/en\/wp-json\/wp\/v2\/product_brand?post=1479140"},{"taxonomy":"product_cat","embeddable":true,"href":"https:\/\/moonia-boutique.com\/en\/wp-json\/wp\/v2\/product_cat?post=1479140"},{"taxonomy":"product_tag","embeddable":true,"href":"https:\/\/moonia-boutique.com\/en\/wp-json\/wp\/v2\/product_tag?post=1479140"},{"taxonomy":"giftcard-category","embeddable":true,"href":"https:\/\/moonia-boutique.com\/en\/wp-json\/wp\/v2\/giftcard-category?post=1479140"}],"curies":[{"name":"wp","href":"https:\/\/api.w.org\/{rel}","templated":true}]}}