{"id":1481434,"date":"2024-03-23T18:29:23","date_gmt":"2024-03-23T17:29:23","guid":{"rendered":"https:\/\/moonia-boutique.com\/?post_type=product&#038;p=1481434"},"modified":"2026-03-01T21:14:18","modified_gmt":"2026-03-01T20:14:18","slug":"abaya-brode-coeur","status":"publish","type":"product","link":"https:\/\/moonia-boutique.com\/en\/product\/abaya-brode-coeur\/","title":{"rendered":"Abaya Brod\u00e9 C\u0153ur"},"content":{"rendered":"<h1><strong>Abaya Brod\u00e9 C\u0153ur &#8211; Moonia : El\u00e9gance et Modestie<\/strong><\/h1>\n<h1><strong style=\"font-weight: bold\">Abaya Brod\u00e9 C\u0153ur &#8211; Moonia<\/strong><\/h1>\n<h2><strong style=\"font-weight: bold\">Un style raffin\u00e9 et discret<\/strong><\/h2>\n<p data-sourcepos=\"7:1-7:310\">Succombez au charme de l&#8217;Abaya Brod\u00e9 C\u0153ur de Moonia. Cette abaya extra large mastour se distingue par ses manches larges brod\u00e9es de c\u0153urs, lui conf\u00e9rant une allure \u00e0 la fois \u00e9l\u00e9gante et modeste. La ceinture int\u00e9gr\u00e9e \u00e0 l&#8217;int\u00e9rieur permet de cintrer la abaya \u00e0 votre guise, pour une silhouette toujours f\u00e9minine.<\/p>\n<h2><strong style=\"font-weight: bold\">Confort et qualit\u00e9 sup\u00e9rieure<\/strong><\/h2>\n<p data-sourcepos=\"11:1-11:187\">Confectionn\u00e9e dans un tissu de haute qualit\u00e9, cette abaya vous offre un confort optimal tout au long de la journ\u00e9e. Sa finition soign\u00e9e et raffin\u00e9e est un v\u00e9ritable plaisir pour les yeux.<\/p>\n<p data-sourcepos=\"13:1-13:22\"><strong style=\"font-weight: bold\">Caract\u00e9ristiques :<\/strong><\/p>\n<ul data-sourcepos=\"15:1-24:0\">\n<li style=\"margin-bottom: 0px\" data-sourcepos=\"15:1-15:21\"><strong style=\"font-weight: bold\">Marque :<\/strong><span class=\"Apple-converted-space\">\u00a0<\/span>Moonia<\/li>\n<li style=\"margin-bottom: 0px\" data-sourcepos=\"16:1-16:31\"><strong style=\"font-weight: bold\">Mod\u00e8le :<\/strong><span class=\"Apple-converted-space\">\u00a0<\/span>Abaya Brod\u00e9 C\u0153ur<\/li>\n<li style=\"margin-bottom: 0px\" data-sourcepos=\"17:1-17:20\"><strong style=\"font-weight: bold\">Couleur :<\/strong><span class=\"Apple-converted-space\">\u00a0<\/span>blanc, rose et taupe clair<\/li>\n<li style=\"margin-bottom: 0px\" data-sourcepos=\"18:1-18:42\"><strong style=\"font-weight: bold\">Manches :<\/strong><span class=\"Apple-converted-space\">\u00a0<\/span>Larges et brod\u00e9es de c\u0153urs<\/li>\n<li style=\"margin-bottom: 0px\" data-sourcepos=\"19:1-19:23\"><strong style=\"font-weight: bold\">Longueur :<\/strong><span class=\"Apple-converted-space\">\u00a0<\/span>145 cm<\/li>\n<li style=\"margin-bottom: 0px\" data-sourcepos=\"20:1-20:44\"><strong style=\"font-weight: bold\">Taille :<\/strong><span class=\"Apple-converted-space\">\u00a0<\/span>Unique (convient du 36 au 50)<\/li>\n<li style=\"margin-bottom: 0px\" data-sourcepos=\"21:1-21:39\"><strong style=\"font-weight: bold\">Ceinture :<\/strong><span class=\"Apple-converted-space\">\u00a0<\/span>Int\u00e9gr\u00e9e \u00e0 l&#8217;int\u00e9rieur<\/li>\n<li style=\"margin-bottom: 0px\" data-sourcepos=\"22:1-22:27\"><strong style=\"font-weight: bold\">Tissu :<\/strong><span class=\"Apple-converted-space\">\u00a0<\/span>Haute qualit\u00e9<\/li>\n<li style=\"margin-bottom: 0px\" data-sourcepos=\"23:1-24:0\"><strong style=\"font-weight: bold\">Finition :<\/strong><span class=\"Apple-converted-space\">\u00a0<\/span>Soign\u00e9e et raffin\u00e9e<\/li>\n<\/ul>\n<p data-sourcepos=\"25:1-25:15\"><strong style=\"font-weight: bold\">Avantages :<\/strong><\/p>\n<ul data-sourcepos=\"27:1-33:0\">\n<li style=\"margin-bottom: 0px\" data-sourcepos=\"27:1-27:20\">El\u00e9gant et modeste<\/li>\n<li style=\"margin-bottom: 0px\" data-sourcepos=\"28:1-28:26\">Confortable et respirant<\/li>\n<li style=\"margin-bottom: 0px\" data-sourcepos=\"29:1-29:15\">Taille unique<\/li>\n<li style=\"margin-bottom: 0px\" data-sourcepos=\"30:1-30:19\">Ceinture int\u00e9gr\u00e9e (\u00e0 mettre qu&#8217;entre sisters car non l\u00e9gif\u00e9rer)<\/li>\n<li style=\"margin-bottom: 0px\" data-sourcepos=\"31:1-31:21\">Finition impeccable<\/li>\n<li style=\"margin-bottom: 0px\" data-sourcepos=\"32:1-33:0\">Livraison rapide et exp\u00e9dition express<\/li>\n<\/ul>\n<p data-sourcepos=\"34:1-34:121\"><strong style=\"font-weight: bold\">L&#8217;Abaya Brod\u00e9 C\u0153ur de Moonia est la pi\u00e8ce ma\u00eetresse de votre garde-robe modeste. Commandez la v\u00f4tre d\u00e8s aujourd&#8217;hui !<\/strong><\/p>\n<p data-sourcepos=\"34:1-34:121\"><strong style=\"font-weight: bold\">(<\/strong><strong>Certaines n&#8217;ont<\/strong> <strong>pas<\/strong><strong style=\"font-weight: bold\"> de <\/strong><strong>ceinture<\/strong><strong style=\"font-weight: bold\">) <\/strong><\/p>\n<p data-sourcepos=\"38:1-38:65\"><strong style=\"font-weight: bold\">N&#8217;h\u00e9sitez pas \u00e0 me contacter si vous avez d&#8217;autres questions.<\/strong><\/p>","protected":false},"excerpt":{"rendered":"<p data-sourcepos=\"13:1-13:22\"><strong style=\"font-weight: bold\">Caract\u00e9ristiques :<\/strong><\/p>\n<ul data-sourcepos=\"15:1-24:0\">\n<li style=\"margin-bottom: 0px\" data-sourcepos=\"15:1-15:21\"><strong style=\"font-weight: bold\">Marque :<\/strong><span class=\"Apple-converted-space\">\u00a0<\/span>Moonia<\/li>\n<li style=\"margin-bottom: 0px\" data-sourcepos=\"16:1-16:31\"><strong style=\"font-weight: bold\">Mod\u00e8le :<\/strong><span class=\"Apple-converted-space\">\u00a0<\/span>Abaya Brod\u00e9 C\u0153ur<\/li>\n<li style=\"margin-bottom: 0px\" data-sourcepos=\"17:1-17:20\"><strong style=\"font-weight: bold\">Couleur :<\/strong><span class=\"Apple-converted-space\">\u00a0<\/span>Noir<\/li>\n<li style=\"margin-bottom: 0px\" data-sourcepos=\"18:1-18:42\"><strong style=\"font-weight: bold\">Manches :<\/strong><span class=\"Apple-converted-space\">\u00a0<\/span>Larges et brod\u00e9es de c\u0153urs<\/li>\n<li style=\"margin-bottom: 0px\" data-sourcepos=\"19:1-19:23\"><strong style=\"font-weight: bold\">Longueur :<\/strong><span class=\"Apple-converted-space\">\u00a0<\/span>145 cm<\/li>\n<li style=\"margin-bottom: 0px\" data-sourcepos=\"20:1-20:44\"><strong style=\"font-weight: bold\">Taille :<\/strong><span class=\"Apple-converted-space\">\u00a0<\/span>Unique (convient du 36 au 50)<\/li>\n<li style=\"margin-bottom: 0px\" data-sourcepos=\"21:1-21:39\"><strong style=\"font-weight: bold\">Ceinture :<\/strong><span class=\"Apple-converted-space\">\u00a0<\/span>Int\u00e9gr\u00e9e \u00e0 l&#8217;int\u00e9rieur<\/li>\n<li style=\"margin-bottom: 0px\" data-sourcepos=\"22:1-22:27\"><strong style=\"font-weight: bold\">Tissu :<\/strong><span class=\"Apple-converted-space\">\u00a0<\/span>Haute qualit\u00e9<\/li>\n<li style=\"margin-bottom: 0px\" data-sourcepos=\"23:1-24:0\"><strong style=\"font-weight: bold\">Finition :<\/strong><span class=\"Apple-converted-space\">\u00a0<\/span>Soign\u00e9e et raffin\u00e9e<\/li>\n<\/ul>\n<p data-sourcepos=\"25:1-25:15\"><strong style=\"font-weight: bold\">Avantages :<\/strong><\/p>\n<ul data-sourcepos=\"27:1-33:0\">\n<li style=\"margin-bottom: 0px\" data-sourcepos=\"27:1-27:20\">El\u00e9gant et modeste<\/li>\n<li style=\"margin-bottom: 0px\" data-sourcepos=\"28:1-28:26\">Confortable et respirant<\/li>\n<li style=\"margin-bottom: 0px\" data-sourcepos=\"29:1-29:15\">Taille unique<\/li>\n<li style=\"margin-bottom: 0px\" data-sourcepos=\"30:1-30:19\">Ceinture int\u00e9gr\u00e9e<\/li>\n<li style=\"margin-bottom: 0px\" data-sourcepos=\"31:1-31:21\">Finition impeccable<\/li>\n<li style=\"margin-bottom: 0px\" data-sourcepos=\"32:1-33:0\">Livraison rapide et exp\u00e9dition express<\/li>\n<\/ul>\n<p data-sourcepos=\"34:1-34:121\"><strong style=\"font-weight: bold\">L&#8217;Abaya Brod\u00e9 C\u0153ur de Moonia est la pi\u00e8ce ma\u00eetresse de votre garde-robe modeste. Commandez la v\u00f4tre d\u00e8s aujourd&#8217;hui !<\/strong><\/p>","protected":false},"featured_media":1481437,"comment_status":"open","ping_status":"closed","template":"","meta":{"_acf_changed":false,"_mo_disable_npp":""},"product_brand":[],"product_cat":[499,472,468,461,458,455,476,451,470,452,525,456,457,477,402,389,205,440,204,424],"product_tag":[],"giftcard-category":[],"class_list":{"0":"post-1481434","1":"product","2":"type-product","3":"status-publish","4":"has-post-thumbnail","6":"product_cat-abaya","7":"product_cat-abaya-aid","8":"product_cat-abaya-beige","9":"product_cat-abaya-blanche","10":"product_cat-abaya-brodee","11":"product_cat-abaya-dubai","12":"product_cat-abaya-ete","13":"product_cat-abaya-femme","14":"product_cat-abaya-mariage","15":"product_cat-abaya-papillon","16":"product_cat-abaya-pour-compose-ta-box","17":"product_cat-abaya-robe","18":"product_cat-abaya-saoudienne","19":"product_cat-abaya-simple","20":"product_cat-collection-ete","21":"product_cat-aid-collection","22":"product_cat-pret-a-porter-pour-femme-musulmane","23":"product_cat-robe-de-fete-pret-a-porter-pour-femme-musulmane","24":"product_cat-robe-mastour","25":"product_cat-collection-ramadan","27":"first","28":"instock","29":"taxable","30":"shipping-taxable","31":"purchasable","32":"product-type-variable","33":"rtwpvs-product"},"composite_virtual":false,"composite_layout":"","composite_add_to_cart_form_location":"","composite_editable_in_cart":false,"composite_sold_individually_context":"","composite_shop_price_calc":"","composite_components":[],"composite_scenarios":[],"acf":[],"yoast_head":"<!-- This site is optimized with the Yoast SEO plugin v26.6 - https:\/\/yoast.com\/wordpress\/plugins\/seo\/ -->\n<title>Abaya Brod\u00e9 C\u0153ur - Moonia Boutique<\/title>\n<meta name=\"robots\" content=\"index, follow, max-snippet:-1, max-image-preview:large, max-video-preview:-1\" \/>\n<link rel=\"canonical\" href=\"https:\/\/moonia-boutique.com\/en\/product\/abaya-brode-coeur\/\" \/>\n<meta property=\"og:locale\" content=\"en_GB\" \/>\n<meta property=\"og:type\" content=\"article\" \/>\n<meta property=\"og:title\" content=\"Abaya Brod\u00e9 C\u0153ur - Moonia Boutique\" \/>\n<meta property=\"og:description\" content=\"Caract\u00e9ristiques :    Marque :\u00a0Moonia  Mod\u00e8le :\u00a0Abaya Brod\u00e9 C\u0153ur  Couleur :\u00a0Noir  Manches :\u00a0Larges et brod\u00e9es de c\u0153urs  Longueur :\u00a0145 cm  Taille :\u00a0Unique (convient du 36 au 50)  Ceinture :\u00a0Int\u00e9gr\u00e9e \u00e0 l&#039;int\u00e9rieur  Tissu :\u00a0Haute qualit\u00e9  Finition :\u00a0Soign\u00e9e et raffin\u00e9e  Avantages :    El\u00e9gant et modeste  Confortable et respirant  Taille unique  Ceinture int\u00e9gr\u00e9e  Finition impeccable  Livraison rapide et exp\u00e9dition express  L&#039;Abaya Brod\u00e9 C\u0153ur de Moonia est la pi\u00e8ce ma\u00eetresse de votre garde-robe modeste. Commandez la v\u00f4tre d\u00e8s aujourd&#039;hui !\" \/>\n<meta property=\"og:url\" content=\"https:\/\/moonia-boutique.com\/en\/product\/abaya-brode-coeur\/\" \/>\n<meta property=\"og:site_name\" content=\"Moonia Boutique\" \/>\n<meta property=\"article:modified_time\" content=\"2026-03-01T20:14:18+00:00\" \/>\n<meta property=\"og:image\" content=\"https:\/\/moonia-boutique.com\/wp-content\/uploads\/2024\/03\/img_0555-scaled.jpeg\" \/>\n\t<meta property=\"og:image:width\" content=\"1536\" \/>\n\t<meta property=\"og:image:height\" content=\"2048\" \/>\n\t<meta property=\"og:image:type\" content=\"image\/jpeg\" \/>\n<meta name=\"twitter:card\" content=\"summary_large_image\" \/>\n<meta name=\"twitter:label1\" content=\"Estimated reading time\" \/>\n\t<meta name=\"twitter:data1\" content=\"2 minutes\" \/>\n<script type=\"application\/ld+json\" class=\"yoast-schema-graph\">{\"@context\":\"https:\/\/schema.org\",\"@graph\":[{\"@type\":\"WebPage\",\"@id\":\"https:\/\/moonia-boutique.com\/produit\/abaya-brode-coeur\/\",\"url\":\"https:\/\/moonia-boutique.com\/produit\/abaya-brode-coeur\/\",\"name\":\"Abaya Brod\u00e9 C\u0153ur - Moonia Boutique\",\"isPartOf\":{\"@id\":\"https:\/\/moonia-boutique.com\/#website\"},\"primaryImageOfPage\":{\"@id\":\"https:\/\/moonia-boutique.com\/produit\/abaya-brode-coeur\/#primaryimage\"},\"image\":{\"@id\":\"https:\/\/moonia-boutique.com\/produit\/abaya-brode-coeur\/#primaryimage\"},\"thumbnailUrl\":\"https:\/\/moonia-boutique.com\/wp-content\/uploads\/2024\/03\/img_0555-scaled.jpeg\",\"datePublished\":\"2024-03-23T17:29:23+00:00\",\"dateModified\":\"2026-03-01T20:14:18+00:00\",\"breadcrumb\":{\"@id\":\"https:\/\/moonia-boutique.com\/produit\/abaya-brode-coeur\/#breadcrumb\"},\"inLanguage\":\"en-GB\",\"potentialAction\":[{\"@type\":\"ReadAction\",\"target\":[\"https:\/\/moonia-boutique.com\/produit\/abaya-brode-coeur\/\"]}]},{\"@type\":\"ImageObject\",\"inLanguage\":\"en-GB\",\"@id\":\"https:\/\/moonia-boutique.com\/produit\/abaya-brode-coeur\/#primaryimage\",\"url\":\"https:\/\/moonia-boutique.com\/wp-content\/uploads\/2024\/03\/img_0555-scaled.jpeg\",\"contentUrl\":\"https:\/\/moonia-boutique.com\/wp-content\/uploads\/2024\/03\/img_0555-scaled.jpeg\",\"width\":1536,\"height\":2048,\"caption\":\"Abaya Brod\u00e9 C\u0153ur\"},{\"@type\":\"BreadcrumbList\",\"@id\":\"https:\/\/moonia-boutique.com\/produit\/abaya-brode-coeur\/#breadcrumb\",\"itemListElement\":[{\"@type\":\"ListItem\",\"position\":1,\"name\":\"Accueil\",\"item\":\"https:\/\/moonia-boutique.com\/\"},{\"@type\":\"ListItem\",\"position\":2,\"name\":\"Boutique Femme Musulmane\",\"item\":\"https:\/\/moonia-boutique.com\/boutique\/\"},{\"@type\":\"ListItem\",\"position\":3,\"name\":\"Abaya Brod\u00e9 C\u0153ur\"}]},{\"@type\":\"WebSite\",\"@id\":\"https:\/\/moonia-boutique.com\/#website\",\"url\":\"https:\/\/moonia-boutique.com\/\",\"name\":\"Moonia Boutique\",\"description\":\"Moonia Boutique - Le site de mode de la femme musulmane !\",\"publisher\":{\"@id\":\"https:\/\/moonia-boutique.com\/#organization\"},\"potentialAction\":[{\"@type\":\"SearchAction\",\"target\":{\"@type\":\"EntryPoint\",\"urlTemplate\":\"https:\/\/moonia-boutique.com\/?s={search_term_string}\"},\"query-input\":{\"@type\":\"PropertyValueSpecification\",\"valueRequired\":true,\"valueName\":\"search_term_string\"}}],\"inLanguage\":\"en-GB\"},{\"@type\":\"Organization\",\"@id\":\"https:\/\/moonia-boutique.com\/#organization\",\"name\":\"Moonia Boutique\",\"url\":\"https:\/\/moonia-boutique.com\/\",\"logo\":{\"@type\":\"ImageObject\",\"inLanguage\":\"en-GB\",\"@id\":\"https:\/\/moonia-boutique.com\/#\/schema\/logo\/image\/\",\"url\":\"https:\/\/moonia-boutique.com\/wp-content\/uploads\/2023\/08\/Sans-titre-1000-x-1000-px.png\",\"contentUrl\":\"https:\/\/moonia-boutique.com\/wp-content\/uploads\/2023\/08\/Sans-titre-1000-x-1000-px.png\",\"width\":1000,\"height\":1000,\"caption\":\"Moonia Boutique\"},\"image\":{\"@id\":\"https:\/\/moonia-boutique.com\/#\/schema\/logo\/image\/\"}}]}<\/script>\n<!-- \/ Yoast SEO plugin. -->","yoast_head_json":{"title":"Abaya Brod\u00e9 C\u0153ur - Moonia Boutique","robots":{"index":"index","follow":"follow","max-snippet":"max-snippet:-1","max-image-preview":"max-image-preview:large","max-video-preview":"max-video-preview:-1"},"canonical":"https:\/\/moonia-boutique.com\/en\/product\/abaya-brode-coeur\/","og_locale":"en_GB","og_type":"article","og_title":"Abaya Brod\u00e9 C\u0153ur - Moonia Boutique","og_description":"Caract\u00e9ristiques :    Marque :\u00a0Moonia  Mod\u00e8le :\u00a0Abaya Brod\u00e9 C\u0153ur  Couleur :\u00a0Noir  Manches :\u00a0Larges et brod\u00e9es de c\u0153urs  Longueur :\u00a0145 cm  Taille :\u00a0Unique (convient du 36 au 50)  Ceinture :\u00a0Int\u00e9gr\u00e9e \u00e0 l'int\u00e9rieur  Tissu :\u00a0Haute qualit\u00e9  Finition :\u00a0Soign\u00e9e et raffin\u00e9e  Avantages :    El\u00e9gant et modeste  Confortable et respirant  Taille unique  Ceinture int\u00e9gr\u00e9e  Finition impeccable  Livraison rapide et exp\u00e9dition express  L'Abaya Brod\u00e9 C\u0153ur de Moonia est la pi\u00e8ce ma\u00eetresse de votre garde-robe modeste. Commandez la v\u00f4tre d\u00e8s aujourd'hui !","og_url":"https:\/\/moonia-boutique.com\/en\/product\/abaya-brode-coeur\/","og_site_name":"Moonia Boutique","article_modified_time":"2026-03-01T20:14:18+00:00","og_image":[{"width":1536,"height":2048,"url":"https:\/\/moonia-boutique.com\/wp-content\/uploads\/2024\/03\/img_0555-scaled.jpeg","type":"image\/jpeg"}],"twitter_card":"summary_large_image","twitter_misc":{"Estimated reading time":"2 minutes"},"schema":{"@context":"https:\/\/schema.org","@graph":[{"@type":"WebPage","@id":"https:\/\/moonia-boutique.com\/produit\/abaya-brode-coeur\/","url":"https:\/\/moonia-boutique.com\/produit\/abaya-brode-coeur\/","name":"Abaya Brod\u00e9 C\u0153ur - Moonia Boutique","isPartOf":{"@id":"https:\/\/moonia-boutique.com\/#website"},"primaryImageOfPage":{"@id":"https:\/\/moonia-boutique.com\/produit\/abaya-brode-coeur\/#primaryimage"},"image":{"@id":"https:\/\/moonia-boutique.com\/produit\/abaya-brode-coeur\/#primaryimage"},"thumbnailUrl":"https:\/\/moonia-boutique.com\/wp-content\/uploads\/2024\/03\/img_0555-scaled.jpeg","datePublished":"2024-03-23T17:29:23+00:00","dateModified":"2026-03-01T20:14:18+00:00","breadcrumb":{"@id":"https:\/\/moonia-boutique.com\/produit\/abaya-brode-coeur\/#breadcrumb"},"inLanguage":"en-GB","potentialAction":[{"@type":"ReadAction","target":["https:\/\/moonia-boutique.com\/produit\/abaya-brode-coeur\/"]}]},{"@type":"ImageObject","inLanguage":"en-GB","@id":"https:\/\/moonia-boutique.com\/produit\/abaya-brode-coeur\/#primaryimage","url":"https:\/\/moonia-boutique.com\/wp-content\/uploads\/2024\/03\/img_0555-scaled.jpeg","contentUrl":"https:\/\/moonia-boutique.com\/wp-content\/uploads\/2024\/03\/img_0555-scaled.jpeg","width":1536,"height":2048,"caption":"Abaya Brod\u00e9 C\u0153ur"},{"@type":"BreadcrumbList","@id":"https:\/\/moonia-boutique.com\/produit\/abaya-brode-coeur\/#breadcrumb","itemListElement":[{"@type":"ListItem","position":1,"name":"Accueil","item":"https:\/\/moonia-boutique.com\/"},{"@type":"ListItem","position":2,"name":"Boutique Femme Musulmane","item":"https:\/\/moonia-boutique.com\/boutique\/"},{"@type":"ListItem","position":3,"name":"Abaya Brod\u00e9 C\u0153ur"}]},{"@type":"WebSite","@id":"https:\/\/moonia-boutique.com\/#website","url":"https:\/\/moonia-boutique.com\/","name":"Moonia Boutique","description":"Moonia Boutique - Le site de mode de la femme musulmane !","publisher":{"@id":"https:\/\/moonia-boutique.com\/#organization"},"potentialAction":[{"@type":"SearchAction","target":{"@type":"EntryPoint","urlTemplate":"https:\/\/moonia-boutique.com\/?s={search_term_string}"},"query-input":{"@type":"PropertyValueSpecification","valueRequired":true,"valueName":"search_term_string"}}],"inLanguage":"en-GB"},{"@type":"Organization","@id":"https:\/\/moonia-boutique.com\/#organization","name":"Moonia Boutique","url":"https:\/\/moonia-boutique.com\/","logo":{"@type":"ImageObject","inLanguage":"en-GB","@id":"https:\/\/moonia-boutique.com\/#\/schema\/logo\/image\/","url":"https:\/\/moonia-boutique.com\/wp-content\/uploads\/2023\/08\/Sans-titre-1000-x-1000-px.png","contentUrl":"https:\/\/moonia-boutique.com\/wp-content\/uploads\/2023\/08\/Sans-titre-1000-x-1000-px.png","width":1000,"height":1000,"caption":"Moonia Boutique"},"image":{"@id":"https:\/\/moonia-boutique.com\/#\/schema\/logo\/image\/"}}]}},"jetpack_sharing_enabled":true,"_links":{"self":[{"href":"https:\/\/moonia-boutique.com\/en\/wp-json\/wp\/v2\/product\/1481434","targetHints":{"allow":["GET"]}}],"collection":[{"href":"https:\/\/moonia-boutique.com\/en\/wp-json\/wp\/v2\/product"}],"about":[{"href":"https:\/\/moonia-boutique.com\/en\/wp-json\/wp\/v2\/types\/product"}],"replies":[{"embeddable":true,"href":"https:\/\/moonia-boutique.com\/en\/wp-json\/wp\/v2\/comments?post=1481434"}],"wp:featuredmedia":[{"embeddable":true,"href":"https:\/\/moonia-boutique.com\/en\/wp-json\/wp\/v2\/media\/1481437"}],"wp:attachment":[{"href":"https:\/\/moonia-boutique.com\/en\/wp-json\/wp\/v2\/media?parent=1481434"}],"wp:term":[{"taxonomy":"product_brand","embeddable":true,"href":"https:\/\/moonia-boutique.com\/en\/wp-json\/wp\/v2\/product_brand?post=1481434"},{"taxonomy":"product_cat","embeddable":true,"href":"https:\/\/moonia-boutique.com\/en\/wp-json\/wp\/v2\/product_cat?post=1481434"},{"taxonomy":"product_tag","embeddable":true,"href":"https:\/\/moonia-boutique.com\/en\/wp-json\/wp\/v2\/product_tag?post=1481434"},{"taxonomy":"giftcard-category","embeddable":true,"href":"https:\/\/moonia-boutique.com\/en\/wp-json\/wp\/v2\/giftcard-category?post=1481434"}],"curies":[{"name":"wp","href":"https:\/\/api.w.org\/{rel}","templated":true}]}}