{"id":18684,"date":"2021-05-19T16:48:16","date_gmt":"2021-05-19T14:48:16","guid":{"rendered":"https:\/\/moonia-boutique.com\/?post_type=product&#038;p=18684"},"modified":"2024-02-29T13:57:48","modified_gmt":"2024-02-29T12:57:48","slug":"little-box","status":"publish","type":"product","link":"https:\/\/moonia-boutique.com\/en\/product\/little-box\/","title":{"rendered":"Little Box"},"content":{"rendered":"<h2>Personnalisez Votre Little Box avec deux Voiles de Votre Choix<\/h2>\n<p>Voici la Little Box est un coffret unique qui a \u00e9t\u00e9 sp\u00e9cialement con\u00e7u pour les femmes musulmanes qui souhaitent personnaliser leur look en choisissant des voiles de qualit\u00e9 sup\u00e9rieure et qui r\u00e9pondent \u00e0 leurs besoins et \u00e0 leurs go\u00fbts. Que vous cherchiez un voile pour le quotidien ou pour une occasion sp\u00e9ciale, notre coffret vous offre la possibilit\u00e9 de cr\u00e9er votre propre style unique.<\/p>\n<h2>Un Accessoire pour Compl\u00e9ter Votre Little Box<\/h2>\n<p>En plus des voiles personnalisables, la Little Box comprend \u00e9galement un accessoire pour compl\u00e9ter votre tenue. Que ce soit une broche , des \u00e9pingles, ou un bonnet , nous avons s\u00e9lectionn\u00e9 les meilleurs accessoires pour vous permettre de cr\u00e9er un look \u00e9l\u00e9gant et raffin\u00e9.<\/p>\n<h2>Un Produit Bien-\u00catre pour Prendre Soin de Vous<\/h2>\n<p>Parce que nous croyons que la beaut\u00e9 vient de l&#8217;int\u00e9rieur, la Little Box inclut \u00e9galement un produit bien-\u00eatre pour prendre soin de vous. Que ce soit une cr\u00e8me hydratante, un parfum, un savon ou une bougie parfum\u00e9e. Nous avons choisi des produits de qualit\u00e9 pour vous offrir une exp\u00e9rience de d\u00e9tente et de bien-\u00eatre.<\/p>\n<h2>Un Produit Offert en Cadeau pour Vous Faire Plaisir<\/h2>\n<p>Enfin, pour vous remercier de votre fid\u00e9lit\u00e9, nous avons ajout\u00e9 un produit offert en cadeau dans chaque coffret. Que ce soit un petit accessoire ou un produit de beaut\u00e9, nous voulons que vous vous sentiez choy\u00e9e et g\u00e2t\u00e9e. Et ce \u00e0 chaque fois que vous recevez votre Little Box.<\/p>\n<p>De plus, avec la Box personnalis\u00e9, vous pouvez cr\u00e9er votre propre style, prendre soin de vous et vous faire plaisir. Tout en respectant votre foi et votre culture. Ainsi commandez d\u00e8s maintenant votre coffret personnalis\u00e9 et d\u00e9couvrez une nouvelle fa\u00e7on de vivre votre f\u00e9minit\u00e9 avec \u00e9l\u00e9gance et s\u00e9r\u00e9nit\u00e9.<\/p>\n<p>D\u00e9couvrez aussi les autres coffrets de <a href=\"https:\/\/moonia-boutique.com\/en\/compose-ta-box\/\">la collection Box For Sister<\/a> . Avec des coffrets pour femme et homme \u00e0 <a href=\"https:\/\/www.instagram.com\/reel\/CfjsamqovYz\/?utm_source=ig_web_copy_link\">tous les prix.<\/a><\/p>","protected":false},"excerpt":{"rendered":"<p><span style=\"color: #000000;\"><span style=\"font-size: 20px;\">D\u00e9couvrez la Little Box ! Choisissez les 4 articles de votre choix et votre produit offert, nous vous emballons le tout dans le coffret Box For Sister.<\/span><\/span><\/p>","protected":false},"featured_media":15474,"comment_status":"open","ping_status":"closed","template":"","meta":{"_acf_changed":false,"_mo_disable_npp":""},"product_brand":[],"product_cat":[486,202,478],"product_tag":[],"giftcard-category":[],"class_list":{"0":"post-18684","1":"product","2":"type-product","3":"status-publish","4":"has-post-thumbnail","6":"product_cat-box-a-hijab","7":"product_cat-box-personnalisable","8":"product_cat-hijab-femme","10":"first","11":"instock","12":"virtual","13":"taxable","14":"purchasable","15":"product-type-composite"},"composite_virtual":false,"composite_layout":"paged-componentized","composite_add_to_cart_form_location":"default","composite_editable_in_cart":true,"composite_sold_individually_context":"product","composite_shop_price_calc":"hidden","composite_components":[{"id":"1605305822","title":"1er Hijab","description":"<p>Choisissez un mod\u00e8le de Hijab et n'oubliez pas de s\u00e9lectionner une couleur.<\/p>","query_type":"category_ids","query_ids":[524],"default_option_id":"","thumbnail_id":141926,"thumbnail_src":"https:\/\/moonia-boutique.com\/wp-content\/uploads\/2021\/05\/33.png","quantity_min":1,"quantity_max":1,"priced_individually":true,"shipped_individually":true,"optional":false,"discount":"","options_style":"thumbnails","pagination_style":"load-more","display_prices":"absolute","show_sorting_options":true,"show_filtering_options":false,"attribute_filter_ids":[],"select_action":"view","product_title_visible":true,"product_descr_visible":true,"product_price_visible":true,"product_thumb_visible":true,"subtotal_visible_product":false,"subtotal_visible_cart":false,"subtotal_visible_orders":false},{"id":"1708598877","title":"2\u00e8me Hijab","description":"<p>Choisissez un mod\u00e8le de Hijab et n'oubliez pas de s\u00e9lectionner une couleur.<\/p>","query_type":"category_ids","query_ids":[524],"default_option_id":"","thumbnail_id":141926,"thumbnail_src":"https:\/\/moonia-boutique.com\/wp-content\/uploads\/2021\/05\/33.png","quantity_min":1,"quantity_max":1,"priced_individually":true,"shipped_individually":true,"optional":false,"discount":"","options_style":"thumbnails","pagination_style":"load-more","display_prices":"absolute","show_sorting_options":true,"show_filtering_options":false,"attribute_filter_ids":[],"select_action":"view","product_title_visible":true,"product_descr_visible":true,"product_price_visible":true,"product_thumb_visible":true,"subtotal_visible_product":true,"subtotal_visible_cart":true,"subtotal_visible_orders":true},{"id":"1605724344","title":"Un Accessoire","description":"<p>Choisissez un accessoire<\/p>","query_type":"category_ids","query_ids":[146],"default_option_id":"","thumbnail_id":141865,"thumbnail_src":"https:\/\/moonia-boutique.com\/wp-content\/uploads\/2021\/05\/29.png","quantity_min":1,"quantity_max":1,"priced_individually":true,"shipped_individually":true,"optional":true,"discount":"","options_style":"thumbnails","pagination_style":"load-more","display_prices":"absolute","show_sorting_options":true,"show_filtering_options":false,"attribute_filter_ids":[],"select_action":"view","product_title_visible":true,"product_descr_visible":true,"product_price_visible":true,"product_thumb_visible":true,"subtotal_visible_product":false,"subtotal_visible_cart":false,"subtotal_visible_orders":false},{"id":"1605724345","title":"Un Bien-\u00eatre","description":"","query_type":"category_ids","query_ids":[182],"default_option_id":"","thumbnail_id":141862,"thumbnail_src":"","quantity_min":1,"quantity_max":1,"priced_individually":true,"shipped_individually":true,"optional":true,"discount":"","options_style":"thumbnails","pagination_style":"load-more","display_prices":"absolute","show_sorting_options":true,"show_filtering_options":false,"attribute_filter_ids":[],"select_action":"view","product_title_visible":true,"product_descr_visible":true,"product_price_visible":true,"product_thumb_visible":true,"subtotal_visible_product":false,"subtotal_visible_cart":false,"subtotal_visible_orders":false},{"id":"1605724580","title":"Un Cadeaux","description":"<p>Choisissez votre cadeau<\/p>","query_type":"category_ids","query_ids":[235],"default_option_id":"","thumbnail_id":141864,"thumbnail_src":"","quantity_min":1,"quantity_max":1,"priced_individually":true,"shipped_individually":true,"optional":true,"discount":100,"options_style":"thumbnails","pagination_style":"load-more","display_prices":"relative","show_sorting_options":true,"show_filtering_options":false,"attribute_filter_ids":[],"select_action":"view","product_title_visible":true,"product_descr_visible":true,"product_price_visible":true,"product_thumb_visible":true,"subtotal_visible_product":false,"subtotal_visible_cart":false,"subtotal_visible_orders":false}],"composite_scenarios":[],"acf":[],"yoast_head":"<!-- This site is optimized with the Yoast SEO plugin v26.6 - https:\/\/yoast.com\/wordpress\/plugins\/seo\/ -->\n<title>Little Box - Moonia Boutique<\/title>\n<meta name=\"description\" content=\"La Little Box est le coffret id\u00e9al pour les femmes musulmanes qui souhaitent personnaliser leur look en choisissant parmi une large s\u00e9lection de couleurs .\" \/>\n<meta name=\"robots\" content=\"index, follow, max-snippet:-1, max-image-preview:large, max-video-preview:-1\" \/>\n<link rel=\"canonical\" href=\"https:\/\/moonia-boutique.com\/en\/product\/little-box\/\" \/>\n<meta property=\"og:locale\" content=\"en_GB\" \/>\n<meta property=\"og:type\" content=\"article\" \/>\n<meta property=\"og:title\" content=\"Little Box - Moonia Boutique\" \/>\n<meta property=\"og:description\" content=\"La Little Box est le coffret id\u00e9al pour les femmes musulmanes qui souhaitent personnaliser leur look en choisissant parmi une large s\u00e9lection de couleurs .\" \/>\n<meta property=\"og:url\" content=\"https:\/\/moonia-boutique.com\/en\/product\/little-box\/\" \/>\n<meta property=\"og:site_name\" content=\"Moonia Boutique\" \/>\n<meta property=\"article:modified_time\" content=\"2024-02-29T12:57:48+00:00\" \/>\n<meta property=\"og:image\" content=\"https:\/\/moonia-boutique.com\/wp-content\/uploads\/2021\/04\/0572A0E7-39EA-4E14-9560-6386BDE2491A-scaled-e1618669689149-scaled.jpeg\" \/>\n\t<meta property=\"og:image:width\" content=\"1663\" \/>\n\t<meta property=\"og:image:height\" content=\"2048\" \/>\n\t<meta property=\"og:image:type\" content=\"image\/jpeg\" \/>\n<meta name=\"twitter:card\" content=\"summary_large_image\" \/>\n<meta name=\"twitter:label1\" content=\"Estimated reading time\" \/>\n\t<meta name=\"twitter:data1\" content=\"2 minutes\" \/>\n<script type=\"application\/ld+json\" class=\"yoast-schema-graph\">{\"@context\":\"https:\/\/schema.org\",\"@graph\":[{\"@type\":\"WebPage\",\"@id\":\"https:\/\/moonia-boutique.com\/produit\/little-box\/\",\"url\":\"https:\/\/moonia-boutique.com\/produit\/little-box\/\",\"name\":\"Little Box - Moonia Boutique\",\"isPartOf\":{\"@id\":\"https:\/\/moonia-boutique.com\/#website\"},\"primaryImageOfPage\":{\"@id\":\"https:\/\/moonia-boutique.com\/produit\/little-box\/#primaryimage\"},\"image\":{\"@id\":\"https:\/\/moonia-boutique.com\/produit\/little-box\/#primaryimage\"},\"thumbnailUrl\":\"https:\/\/moonia-boutique.com\/wp-content\/uploads\/2021\/04\/0572A0E7-39EA-4E14-9560-6386BDE2491A-scaled-e1618669689149-scaled.jpeg\",\"datePublished\":\"2021-05-19T14:48:16+00:00\",\"dateModified\":\"2024-02-29T12:57:48+00:00\",\"description\":\"La Little Box est le coffret id\u00e9al pour les femmes musulmanes qui souhaitent personnaliser leur look en choisissant parmi une large s\u00e9lection de couleurs .\",\"breadcrumb\":{\"@id\":\"https:\/\/moonia-boutique.com\/produit\/little-box\/#breadcrumb\"},\"inLanguage\":\"en-GB\",\"potentialAction\":[{\"@type\":\"ReadAction\",\"target\":[\"https:\/\/moonia-boutique.com\/produit\/little-box\/\"]}]},{\"@type\":\"ImageObject\",\"inLanguage\":\"en-GB\",\"@id\":\"https:\/\/moonia-boutique.com\/produit\/little-box\/#primaryimage\",\"url\":\"https:\/\/moonia-boutique.com\/wp-content\/uploads\/2021\/04\/0572A0E7-39EA-4E14-9560-6386BDE2491A-scaled-e1618669689149-scaled.jpeg\",\"contentUrl\":\"https:\/\/moonia-boutique.com\/wp-content\/uploads\/2021\/04\/0572A0E7-39EA-4E14-9560-6386BDE2491A-scaled-e1618669689149-scaled.jpeg\",\"width\":1663,\"height\":2048,\"caption\":\"Little Box\"},{\"@type\":\"BreadcrumbList\",\"@id\":\"https:\/\/moonia-boutique.com\/produit\/little-box\/#breadcrumb\",\"itemListElement\":[{\"@type\":\"ListItem\",\"position\":1,\"name\":\"Accueil\",\"item\":\"https:\/\/moonia-boutique.com\/\"},{\"@type\":\"ListItem\",\"position\":2,\"name\":\"Boutique Femme Musulmane\",\"item\":\"https:\/\/moonia-boutique.com\/boutique\/\"},{\"@type\":\"ListItem\",\"position\":3,\"name\":\"Little Box\"}]},{\"@type\":\"WebSite\",\"@id\":\"https:\/\/moonia-boutique.com\/#website\",\"url\":\"https:\/\/moonia-boutique.com\/\",\"name\":\"Moonia Boutique\",\"description\":\"Moonia Boutique - Le site de mode de la femme musulmane !\",\"publisher\":{\"@id\":\"https:\/\/moonia-boutique.com\/#organization\"},\"potentialAction\":[{\"@type\":\"SearchAction\",\"target\":{\"@type\":\"EntryPoint\",\"urlTemplate\":\"https:\/\/moonia-boutique.com\/?s={search_term_string}\"},\"query-input\":{\"@type\":\"PropertyValueSpecification\",\"valueRequired\":true,\"valueName\":\"search_term_string\"}}],\"inLanguage\":\"en-GB\"},{\"@type\":\"Organization\",\"@id\":\"https:\/\/moonia-boutique.com\/#organization\",\"name\":\"Moonia Boutique\",\"url\":\"https:\/\/moonia-boutique.com\/\",\"logo\":{\"@type\":\"ImageObject\",\"inLanguage\":\"en-GB\",\"@id\":\"https:\/\/moonia-boutique.com\/#\/schema\/logo\/image\/\",\"url\":\"https:\/\/moonia-boutique.com\/wp-content\/uploads\/2023\/08\/Sans-titre-1000-x-1000-px.png\",\"contentUrl\":\"https:\/\/moonia-boutique.com\/wp-content\/uploads\/2023\/08\/Sans-titre-1000-x-1000-px.png\",\"width\":1000,\"height\":1000,\"caption\":\"Moonia Boutique\"},\"image\":{\"@id\":\"https:\/\/moonia-boutique.com\/#\/schema\/logo\/image\/\"}}]}<\/script>\n<!-- \/ Yoast SEO plugin. -->","yoast_head_json":{"title":"Little Box - Moonia Boutique","description":"La Little Box est le coffret id\u00e9al pour les femmes musulmanes qui souhaitent personnaliser leur look en choisissant parmi une large s\u00e9lection de couleurs .","robots":{"index":"index","follow":"follow","max-snippet":"max-snippet:-1","max-image-preview":"max-image-preview:large","max-video-preview":"max-video-preview:-1"},"canonical":"https:\/\/moonia-boutique.com\/en\/product\/little-box\/","og_locale":"en_GB","og_type":"article","og_title":"Little Box - Moonia Boutique","og_description":"La Little Box est le coffret id\u00e9al pour les femmes musulmanes qui souhaitent personnaliser leur look en choisissant parmi une large s\u00e9lection de couleurs .","og_url":"https:\/\/moonia-boutique.com\/en\/product\/little-box\/","og_site_name":"Moonia Boutique","article_modified_time":"2024-02-29T12:57:48+00:00","og_image":[{"width":1663,"height":2048,"url":"https:\/\/moonia-boutique.com\/wp-content\/uploads\/2021\/04\/0572A0E7-39EA-4E14-9560-6386BDE2491A-scaled-e1618669689149-scaled.jpeg","type":"image\/jpeg"}],"twitter_card":"summary_large_image","twitter_misc":{"Estimated reading time":"2 minutes"},"schema":{"@context":"https:\/\/schema.org","@graph":[{"@type":"WebPage","@id":"https:\/\/moonia-boutique.com\/produit\/little-box\/","url":"https:\/\/moonia-boutique.com\/produit\/little-box\/","name":"Little Box - Moonia Boutique","isPartOf":{"@id":"https:\/\/moonia-boutique.com\/#website"},"primaryImageOfPage":{"@id":"https:\/\/moonia-boutique.com\/produit\/little-box\/#primaryimage"},"image":{"@id":"https:\/\/moonia-boutique.com\/produit\/little-box\/#primaryimage"},"thumbnailUrl":"https:\/\/moonia-boutique.com\/wp-content\/uploads\/2021\/04\/0572A0E7-39EA-4E14-9560-6386BDE2491A-scaled-e1618669689149-scaled.jpeg","datePublished":"2021-05-19T14:48:16+00:00","dateModified":"2024-02-29T12:57:48+00:00","description":"La Little Box est le coffret id\u00e9al pour les femmes musulmanes qui souhaitent personnaliser leur look en choisissant parmi une large s\u00e9lection de couleurs .","breadcrumb":{"@id":"https:\/\/moonia-boutique.com\/produit\/little-box\/#breadcrumb"},"inLanguage":"en-GB","potentialAction":[{"@type":"ReadAction","target":["https:\/\/moonia-boutique.com\/produit\/little-box\/"]}]},{"@type":"ImageObject","inLanguage":"en-GB","@id":"https:\/\/moonia-boutique.com\/produit\/little-box\/#primaryimage","url":"https:\/\/moonia-boutique.com\/wp-content\/uploads\/2021\/04\/0572A0E7-39EA-4E14-9560-6386BDE2491A-scaled-e1618669689149-scaled.jpeg","contentUrl":"https:\/\/moonia-boutique.com\/wp-content\/uploads\/2021\/04\/0572A0E7-39EA-4E14-9560-6386BDE2491A-scaled-e1618669689149-scaled.jpeg","width":1663,"height":2048,"caption":"Little Box"},{"@type":"BreadcrumbList","@id":"https:\/\/moonia-boutique.com\/produit\/little-box\/#breadcrumb","itemListElement":[{"@type":"ListItem","position":1,"name":"Accueil","item":"https:\/\/moonia-boutique.com\/"},{"@type":"ListItem","position":2,"name":"Boutique Femme Musulmane","item":"https:\/\/moonia-boutique.com\/boutique\/"},{"@type":"ListItem","position":3,"name":"Little Box"}]},{"@type":"WebSite","@id":"https:\/\/moonia-boutique.com\/#website","url":"https:\/\/moonia-boutique.com\/","name":"Moonia Boutique","description":"Moonia Boutique - Le site de mode de la femme musulmane !","publisher":{"@id":"https:\/\/moonia-boutique.com\/#organization"},"potentialAction":[{"@type":"SearchAction","target":{"@type":"EntryPoint","urlTemplate":"https:\/\/moonia-boutique.com\/?s={search_term_string}"},"query-input":{"@type":"PropertyValueSpecification","valueRequired":true,"valueName":"search_term_string"}}],"inLanguage":"en-GB"},{"@type":"Organization","@id":"https:\/\/moonia-boutique.com\/#organization","name":"Moonia Boutique","url":"https:\/\/moonia-boutique.com\/","logo":{"@type":"ImageObject","inLanguage":"en-GB","@id":"https:\/\/moonia-boutique.com\/#\/schema\/logo\/image\/","url":"https:\/\/moonia-boutique.com\/wp-content\/uploads\/2023\/08\/Sans-titre-1000-x-1000-px.png","contentUrl":"https:\/\/moonia-boutique.com\/wp-content\/uploads\/2023\/08\/Sans-titre-1000-x-1000-px.png","width":1000,"height":1000,"caption":"Moonia Boutique"},"image":{"@id":"https:\/\/moonia-boutique.com\/#\/schema\/logo\/image\/"}}]}},"jetpack_sharing_enabled":true,"_links":{"self":[{"href":"https:\/\/moonia-boutique.com\/en\/wp-json\/wp\/v2\/product\/18684","targetHints":{"allow":["GET"]}}],"collection":[{"href":"https:\/\/moonia-boutique.com\/en\/wp-json\/wp\/v2\/product"}],"about":[{"href":"https:\/\/moonia-boutique.com\/en\/wp-json\/wp\/v2\/types\/product"}],"replies":[{"embeddable":true,"href":"https:\/\/moonia-boutique.com\/en\/wp-json\/wp\/v2\/comments?post=18684"}],"wp:featuredmedia":[{"embeddable":true,"href":"https:\/\/moonia-boutique.com\/en\/wp-json\/wp\/v2\/media\/15474"}],"wp:attachment":[{"href":"https:\/\/moonia-boutique.com\/en\/wp-json\/wp\/v2\/media?parent=18684"}],"wp:term":[{"taxonomy":"product_brand","embeddable":true,"href":"https:\/\/moonia-boutique.com\/en\/wp-json\/wp\/v2\/product_brand?post=18684"},{"taxonomy":"product_cat","embeddable":true,"href":"https:\/\/moonia-boutique.com\/en\/wp-json\/wp\/v2\/product_cat?post=18684"},{"taxonomy":"product_tag","embeddable":true,"href":"https:\/\/moonia-boutique.com\/en\/wp-json\/wp\/v2\/product_tag?post=18684"},{"taxonomy":"giftcard-category","embeddable":true,"href":"https:\/\/moonia-boutique.com\/en\/wp-json\/wp\/v2\/giftcard-category?post=18684"}],"curies":[{"name":"wp","href":"https:\/\/api.w.org\/{rel}","templated":true}]}}