{"id":20757,"date":"2021-07-16T21:35:50","date_gmt":"2021-07-16T19:35:50","guid":{"rendered":"https:\/\/moonia-boutique.com\/?post_type=product&#038;p=20757"},"modified":"2026-04-20T12:19:15","modified_gmt":"2026-04-20T10:19:15","slug":"robe-safiyah","status":"publish","type":"product","link":"https:\/\/moonia-boutique.com\/en\/product\/robe-safiyah\/","title":{"rendered":"Robe Safiyah"},"content":{"rendered":"<p>La robe Safiyah est sublim\u00e9e par son tissu fluide, l\u00e9ger et opaque. Elle s\u2019adapte \u00e0 toutes les morphologies gr\u00e2ce \u00e0 sa coupe droite, tout en \u00e9tant magnifier par des manches larges et resserr\u00e9s au niveau des poign\u00e9es pour plus de pudeur et un col rond.<\/p>\n<p>Elle d\u00e9voile une ceinture exceptionnelle qui donne un aspect chic et f\u00e9minin \u00e0 la robe en nouant de fabuleux n\u0153uds.<\/p>","protected":false},"excerpt":{"rendered":"<p>La robe Safiyah est sublim\u00e9e par son tissu fluide, l\u00e9ger et opaque. Elle s\u2019adapte \u00e0 toutes les morphologies gr\u00e2ce \u00e0 sa coupe droite, tout en \u00e9tant magnifier par des manches larges et resserr\u00e9s au niveau des poign\u00e9es pour plus de pudeur et un col rond. Elle d\u00e9voile une ceinture exceptionnelle qui donne un aspect chic [&#8230;]","protected":false},"featured_media":31214,"comment_status":"open","ping_status":"closed","template":"","meta":{"_acf_changed":false,"_mo_disable_npp":""},"product_brand":[],"product_cat":[468,476,462,451,448,456,477,411,558,569,209,567,500,374,205,204],"product_tag":[],"giftcard-category":[],"class_list":{"0":"post-20757","1":"product","2":"type-product","3":"status-publish","4":"has-post-thumbnail","6":"product_cat-abaya-beige","7":"product_cat-abaya-ete","8":"product_cat-abaya-evase","9":"product_cat-abaya-femme","10":"product_cat-abaya-pas-cher","11":"product_cat-abaya-robe","12":"product_cat-abaya-simple","13":"product_cat-soldes-2023","14":"product_cat-black-november-2024","15":"product_cat-black-november-2025","16":"product_cat-destockage","17":"product_cat-destockage-printemps","18":"product_cat-hijab-black-november","19":"product_cat-mil","20":"product_cat-pret-a-porter-pour-femme-musulmane","21":"product_cat-robe-mastour","23":"first","24":"instock","25":"sale","26":"taxable","27":"shipping-taxable","28":"purchasable","29":"product-type-variable","30":"rtwpvs-product"},"composite_virtual":false,"composite_layout":"","composite_add_to_cart_form_location":"","composite_editable_in_cart":false,"composite_sold_individually_context":"","composite_shop_price_calc":"","composite_components":[],"composite_scenarios":[],"acf":[],"yoast_head":"<!-- This site is optimized with the Yoast SEO plugin v26.6 - https:\/\/yoast.com\/wordpress\/plugins\/seo\/ -->\n<title>Robe Safiyah - Moonia Boutique<\/title>\n<meta name=\"description\" content=\"La robe Safiyah est sublim\u00e9e par son tissu fluide, l\u00e9ger et opaque. Elle s\u2019adapte \u00e0 toutes les morphologies gr\u00e2ce \u00e0 sa coupe droite\" \/>\n<meta name=\"robots\" content=\"index, follow, max-snippet:-1, max-image-preview:large, max-video-preview:-1\" \/>\n<link rel=\"canonical\" href=\"https:\/\/moonia-boutique.com\/en\/product\/robe-safiyah\/\" \/>\n<meta property=\"og:locale\" content=\"en_GB\" \/>\n<meta property=\"og:type\" content=\"article\" \/>\n<meta property=\"og:title\" content=\"Robe Safiyah - Moonia Boutique\" \/>\n<meta property=\"og:description\" content=\"La robe Safiyah est sublim\u00e9e par son tissu fluide, l\u00e9ger et opaque. Elle s\u2019adapte \u00e0 toutes les morphologies gr\u00e2ce \u00e0 sa coupe droite\" \/>\n<meta property=\"og:url\" content=\"https:\/\/moonia-boutique.com\/en\/product\/robe-safiyah\/\" \/>\n<meta property=\"og:site_name\" content=\"Moonia Boutique\" \/>\n<meta property=\"article:modified_time\" content=\"2026-04-20T10:19:15+00:00\" \/>\n<meta property=\"og:image\" content=\"http:\/\/moonia-boutique.com\/wp-content\/uploads\/2021\/12\/348B09DF-C00D-40FF-817B-961A527C09BE-scaled-scaled.jpeg\" \/>\n\t<meta property=\"og:image:width\" content=\"995\" \/>\n\t<meta property=\"og:image:height\" content=\"2048\" \/>\n\t<meta property=\"og:image:type\" content=\"image\/jpeg\" \/>\n<meta name=\"twitter:card\" content=\"summary_large_image\" \/>\n<meta name=\"twitter:label1\" content=\"Estimated reading time\" \/>\n\t<meta name=\"twitter:data1\" content=\"1 minute\" \/>\n<script type=\"application\/ld+json\" class=\"yoast-schema-graph\">{\"@context\":\"https:\/\/schema.org\",\"@graph\":[{\"@type\":\"WebPage\",\"@id\":\"https:\/\/moonia-boutique.com\/produit\/robe-safiyah\/\",\"url\":\"https:\/\/moonia-boutique.com\/produit\/robe-safiyah\/\",\"name\":\"Robe Safiyah - Moonia Boutique\",\"isPartOf\":{\"@id\":\"https:\/\/moonia-boutique.com\/#website\"},\"primaryImageOfPage\":{\"@id\":\"https:\/\/moonia-boutique.com\/produit\/robe-safiyah\/#primaryimage\"},\"image\":{\"@id\":\"https:\/\/moonia-boutique.com\/produit\/robe-safiyah\/#primaryimage\"},\"thumbnailUrl\":\"https:\/\/moonia-boutique.com\/wp-content\/uploads\/2021\/12\/348B09DF-C00D-40FF-817B-961A527C09BE-scaled-scaled.jpeg\",\"datePublished\":\"2021-07-16T19:35:50+00:00\",\"dateModified\":\"2026-04-20T10:19:15+00:00\",\"description\":\"La robe Safiyah est sublim\u00e9e par son tissu fluide, l\u00e9ger et opaque. Elle s\u2019adapte \u00e0 toutes les morphologies gr\u00e2ce \u00e0 sa coupe droite\",\"breadcrumb\":{\"@id\":\"https:\/\/moonia-boutique.com\/produit\/robe-safiyah\/#breadcrumb\"},\"inLanguage\":\"en-GB\",\"potentialAction\":[{\"@type\":\"ReadAction\",\"target\":[\"https:\/\/moonia-boutique.com\/produit\/robe-safiyah\/\"]}]},{\"@type\":\"ImageObject\",\"inLanguage\":\"en-GB\",\"@id\":\"https:\/\/moonia-boutique.com\/produit\/robe-safiyah\/#primaryimage\",\"url\":\"https:\/\/moonia-boutique.com\/wp-content\/uploads\/2021\/12\/348B09DF-C00D-40FF-817B-961A527C09BE-scaled-scaled.jpeg\",\"contentUrl\":\"https:\/\/moonia-boutique.com\/wp-content\/uploads\/2021\/12\/348B09DF-C00D-40FF-817B-961A527C09BE-scaled-scaled.jpeg\",\"width\":995,\"height\":2048,\"caption\":\"Robe Safiyah\"},{\"@type\":\"BreadcrumbList\",\"@id\":\"https:\/\/moonia-boutique.com\/produit\/robe-safiyah\/#breadcrumb\",\"itemListElement\":[{\"@type\":\"ListItem\",\"position\":1,\"name\":\"Accueil\",\"item\":\"https:\/\/moonia-boutique.com\/\"},{\"@type\":\"ListItem\",\"position\":2,\"name\":\"Boutique Femme Musulmane\",\"item\":\"https:\/\/moonia-boutique.com\/boutique\/\"},{\"@type\":\"ListItem\",\"position\":3,\"name\":\"Robe Safiyah\"}]},{\"@type\":\"WebSite\",\"@id\":\"https:\/\/moonia-boutique.com\/#website\",\"url\":\"https:\/\/moonia-boutique.com\/\",\"name\":\"Moonia Boutique\",\"description\":\"Moonia Boutique - Le site de mode de la femme musulmane !\",\"publisher\":{\"@id\":\"https:\/\/moonia-boutique.com\/#organization\"},\"potentialAction\":[{\"@type\":\"SearchAction\",\"target\":{\"@type\":\"EntryPoint\",\"urlTemplate\":\"https:\/\/moonia-boutique.com\/?s={search_term_string}\"},\"query-input\":{\"@type\":\"PropertyValueSpecification\",\"valueRequired\":true,\"valueName\":\"search_term_string\"}}],\"inLanguage\":\"en-GB\"},{\"@type\":\"Organization\",\"@id\":\"https:\/\/moonia-boutique.com\/#organization\",\"name\":\"Moonia Boutique\",\"url\":\"https:\/\/moonia-boutique.com\/\",\"logo\":{\"@type\":\"ImageObject\",\"inLanguage\":\"en-GB\",\"@id\":\"https:\/\/moonia-boutique.com\/#\/schema\/logo\/image\/\",\"url\":\"https:\/\/moonia-boutique.com\/wp-content\/uploads\/2023\/08\/Sans-titre-1000-x-1000-px.png\",\"contentUrl\":\"https:\/\/moonia-boutique.com\/wp-content\/uploads\/2023\/08\/Sans-titre-1000-x-1000-px.png\",\"width\":1000,\"height\":1000,\"caption\":\"Moonia Boutique\"},\"image\":{\"@id\":\"https:\/\/moonia-boutique.com\/#\/schema\/logo\/image\/\"}}]}<\/script>\n<!-- \/ Yoast SEO plugin. -->","yoast_head_json":{"title":"Robe Safiyah - Moonia Boutique","description":"La robe Safiyah est sublim\u00e9e par son tissu fluide, l\u00e9ger et opaque. Elle s\u2019adapte \u00e0 toutes les morphologies gr\u00e2ce \u00e0 sa coupe droite","robots":{"index":"index","follow":"follow","max-snippet":"max-snippet:-1","max-image-preview":"max-image-preview:large","max-video-preview":"max-video-preview:-1"},"canonical":"https:\/\/moonia-boutique.com\/en\/product\/robe-safiyah\/","og_locale":"en_GB","og_type":"article","og_title":"Robe Safiyah - Moonia Boutique","og_description":"La robe Safiyah est sublim\u00e9e par son tissu fluide, l\u00e9ger et opaque. Elle s\u2019adapte \u00e0 toutes les morphologies gr\u00e2ce \u00e0 sa coupe droite","og_url":"https:\/\/moonia-boutique.com\/en\/product\/robe-safiyah\/","og_site_name":"Moonia Boutique","article_modified_time":"2026-04-20T10:19:15+00:00","og_image":[{"width":995,"height":2048,"url":"http:\/\/moonia-boutique.com\/wp-content\/uploads\/2021\/12\/348B09DF-C00D-40FF-817B-961A527C09BE-scaled-scaled.jpeg","type":"image\/jpeg"}],"twitter_card":"summary_large_image","twitter_misc":{"Estimated reading time":"1 minute"},"schema":{"@context":"https:\/\/schema.org","@graph":[{"@type":"WebPage","@id":"https:\/\/moonia-boutique.com\/produit\/robe-safiyah\/","url":"https:\/\/moonia-boutique.com\/produit\/robe-safiyah\/","name":"Robe Safiyah - Moonia Boutique","isPartOf":{"@id":"https:\/\/moonia-boutique.com\/#website"},"primaryImageOfPage":{"@id":"https:\/\/moonia-boutique.com\/produit\/robe-safiyah\/#primaryimage"},"image":{"@id":"https:\/\/moonia-boutique.com\/produit\/robe-safiyah\/#primaryimage"},"thumbnailUrl":"https:\/\/moonia-boutique.com\/wp-content\/uploads\/2021\/12\/348B09DF-C00D-40FF-817B-961A527C09BE-scaled-scaled.jpeg","datePublished":"2021-07-16T19:35:50+00:00","dateModified":"2026-04-20T10:19:15+00:00","description":"La robe Safiyah est sublim\u00e9e par son tissu fluide, l\u00e9ger et opaque. Elle s\u2019adapte \u00e0 toutes les morphologies gr\u00e2ce \u00e0 sa coupe droite","breadcrumb":{"@id":"https:\/\/moonia-boutique.com\/produit\/robe-safiyah\/#breadcrumb"},"inLanguage":"en-GB","potentialAction":[{"@type":"ReadAction","target":["https:\/\/moonia-boutique.com\/produit\/robe-safiyah\/"]}]},{"@type":"ImageObject","inLanguage":"en-GB","@id":"https:\/\/moonia-boutique.com\/produit\/robe-safiyah\/#primaryimage","url":"https:\/\/moonia-boutique.com\/wp-content\/uploads\/2021\/12\/348B09DF-C00D-40FF-817B-961A527C09BE-scaled-scaled.jpeg","contentUrl":"https:\/\/moonia-boutique.com\/wp-content\/uploads\/2021\/12\/348B09DF-C00D-40FF-817B-961A527C09BE-scaled-scaled.jpeg","width":995,"height":2048,"caption":"Robe Safiyah"},{"@type":"BreadcrumbList","@id":"https:\/\/moonia-boutique.com\/produit\/robe-safiyah\/#breadcrumb","itemListElement":[{"@type":"ListItem","position":1,"name":"Accueil","item":"https:\/\/moonia-boutique.com\/"},{"@type":"ListItem","position":2,"name":"Boutique Femme Musulmane","item":"https:\/\/moonia-boutique.com\/boutique\/"},{"@type":"ListItem","position":3,"name":"Robe Safiyah"}]},{"@type":"WebSite","@id":"https:\/\/moonia-boutique.com\/#website","url":"https:\/\/moonia-boutique.com\/","name":"Moonia Boutique","description":"Moonia Boutique - Le site de mode de la femme musulmane !","publisher":{"@id":"https:\/\/moonia-boutique.com\/#organization"},"potentialAction":[{"@type":"SearchAction","target":{"@type":"EntryPoint","urlTemplate":"https:\/\/moonia-boutique.com\/?s={search_term_string}"},"query-input":{"@type":"PropertyValueSpecification","valueRequired":true,"valueName":"search_term_string"}}],"inLanguage":"en-GB"},{"@type":"Organization","@id":"https:\/\/moonia-boutique.com\/#organization","name":"Moonia Boutique","url":"https:\/\/moonia-boutique.com\/","logo":{"@type":"ImageObject","inLanguage":"en-GB","@id":"https:\/\/moonia-boutique.com\/#\/schema\/logo\/image\/","url":"https:\/\/moonia-boutique.com\/wp-content\/uploads\/2023\/08\/Sans-titre-1000-x-1000-px.png","contentUrl":"https:\/\/moonia-boutique.com\/wp-content\/uploads\/2023\/08\/Sans-titre-1000-x-1000-px.png","width":1000,"height":1000,"caption":"Moonia Boutique"},"image":{"@id":"https:\/\/moonia-boutique.com\/#\/schema\/logo\/image\/"}}]}},"jetpack_sharing_enabled":true,"_links":{"self":[{"href":"https:\/\/moonia-boutique.com\/en\/wp-json\/wp\/v2\/product\/20757","targetHints":{"allow":["GET"]}}],"collection":[{"href":"https:\/\/moonia-boutique.com\/en\/wp-json\/wp\/v2\/product"}],"about":[{"href":"https:\/\/moonia-boutique.com\/en\/wp-json\/wp\/v2\/types\/product"}],"replies":[{"embeddable":true,"href":"https:\/\/moonia-boutique.com\/en\/wp-json\/wp\/v2\/comments?post=20757"}],"wp:featuredmedia":[{"embeddable":true,"href":"https:\/\/moonia-boutique.com\/en\/wp-json\/wp\/v2\/media\/31214"}],"wp:attachment":[{"href":"https:\/\/moonia-boutique.com\/en\/wp-json\/wp\/v2\/media?parent=20757"}],"wp:term":[{"taxonomy":"product_brand","embeddable":true,"href":"https:\/\/moonia-boutique.com\/en\/wp-json\/wp\/v2\/product_brand?post=20757"},{"taxonomy":"product_cat","embeddable":true,"href":"https:\/\/moonia-boutique.com\/en\/wp-json\/wp\/v2\/product_cat?post=20757"},{"taxonomy":"product_tag","embeddable":true,"href":"https:\/\/moonia-boutique.com\/en\/wp-json\/wp\/v2\/product_tag?post=20757"},{"taxonomy":"giftcard-category","embeddable":true,"href":"https:\/\/moonia-boutique.com\/en\/wp-json\/wp\/v2\/giftcard-category?post=20757"}],"curies":[{"name":"wp","href":"https:\/\/api.w.org\/{rel}","templated":true}]}}