{"id":26872,"date":"2021-10-19T15:04:15","date_gmt":"2021-10-19T13:04:15","guid":{"rendered":"https:\/\/moonia-boutique.com\/?post_type=product&#038;p=26872"},"modified":"2026-03-16T11:07:58","modified_gmt":"2026-03-16T10:07:58","slug":"abaya-t-shirt-oversize-poches","status":"publish","type":"product","link":"https:\/\/moonia-boutique.com\/en\/product\/abaya-t-shirt-oversize-poches\/","title":{"rendered":"Abaya T-shirt Oversize Poches"},"content":{"rendered":"<p>Abaya T-shirt Oversize Poches  s\u2019ajoute \u00e0 notre vaste collection abaya papillon femme. C\u2019est une robe<br \/>\nlongue orientale inspir\u00e9e du style saoudien, celle-ci \u00e9tant sp\u00e9cialement con\u00e7ue pour pour toutes les saisons. En plus<br \/>\nd\u2019\u00eatre tr\u00e8s confortable, elle vous couvrira parfaitement. Elle est, en effet,<br \/>\nconfectionn\u00e9e dans un tissu en maille qui favoriser un confort maximal.<\/p>\n<p>Son \u00e9l\u00e9gance islamique et la pudeur d\u00e9gag\u00e9e vous feront craquer. Cette abaya papillon en maille<br \/>\npourra \u00eatre port\u00e9e quotidiennement, et ce, peu importe vos activit\u00e9s ou vos sorties. Une robe<br \/>\nlarge qui s\u2019adapte \u00e0 toutes les morphologies \u00e9tant donn\u00e9 sa coupe, elle ne marque<br \/>\npas la taille et favorise la couvrance. C\u2019est, d\u2019ailleurs, une TAILLE UNIQUE qui va du 36 au 54 (taille<br \/>\nmaxi : 1m72, pour un retomb\u00e9 parfait).<\/p>\n<p>Abaya T-shirt Oversize Poches  ample est totalement opaque et ne laisse rien transpara\u00eetre. Elle poss\u00e8de des<br \/>\nmanches joliment retrouss\u00e9es, apportant du d\u00e9tail \u00e0 la tenue islamique.<\/p>\n<p>Nous conseillons, personnellement, de la porter avec un hijab Soie de M\u00e9dine et pourquoi pas<br \/>\nl\u2019assortir d\u2019un kimono femme musulmane que vous trouverez sur le site, pour plus de style modest<br \/>\nfashion et de look muslima tendance !<\/p>\n<p>La abaya, incontournable de la mode islamique, est un v\u00eatement traditionnel oriental. Il s\u2019agit d\u2019un<br \/>\nv\u00eatement sp\u00e9cifiquement destin\u00e9 \u00e0 la femme musulmane, inspir\u00e9 du monde oriental o\u00f9 il naquit. C\u2019est une longue robe large, g\u00e9n\u00e9ralement port\u00e9e par-dessus d\u2019autres v\u00eatements dans les pays de culture<br \/>\nislamique. Tr\u00e8s pris\u00e9e au Moyen-Orient, principalement en Arabie Saoudite, dans les pays du Golfe et<br \/>\nau Maghreb. Elle se d\u00e9cline et \u00e9volue \u00e0 travers le temps, et la simple abaya devient de plus en plus<br \/>\nune abaya moderne classe. Box For Sister vous propose des abayas caftan, abaya moderne, abaya<br \/>\ntunique, abaya avec ceinture, abaya kimono, abaya jilbab, abaya allaitement&#8230;<\/p>\n<p>Pour une multitude de style vestimentaire islamique, d\u00e9couvrez l\u2019ensemble de notre vaste gamme de<br \/>\n<a href=\"https:\/\/moonia-boutique.com\/en\/product-category\/pret-a-porter-pour-femme-musulmane\/robe-mastour\/\">abaya musulmanes et de nos jolies robes mastour.<\/a><\/p>\n<p><a href=\"https:\/\/www.instagram.com\/boxforsister\/\">Suivez nos tendances et tutos sur Instagram<\/a><\/p>\n<p>la robe ne poss\u00e8de pas de poche dans notre nouveau mod\u00e8le.<\/p>","protected":false},"excerpt":{"rendered":"<p>L\u2019Abaya Oversize s\u2019ajoute \u00e0 notre vaste collection abaya papillon femme. C\u2019est une robe<br \/>\nlongue orientale inspir\u00e9e du style saoudien, celle-ci \u00e9tant sp\u00e9cialement con\u00e7ue pour pour toutes les saisons. En plus<br \/>\nd\u2019\u00eatre tr\u00e8s confortable, elle vous couvrira parfaitement. Elle est, en effet,<br \/>\nconfectionn\u00e9e dans un tissu en maille qui favoriser un confort maximal.<\/p>\n<p>Son \u00e9l\u00e9gance islamique et la pudeur d\u00e9gag\u00e9e vous feront craquer. Cette abaya papillon en maille<br \/>\npourra \u00eatre port\u00e9e quotidiennement, et ce, peu importe vos activit\u00e9s ou vos sorties. Une robe<br \/>\nlarge qui s\u2019adapte \u00e0 toutes les morphologies \u00e9tant donn\u00e9 sa coupe, elle ne marque<br \/>\npas la taille et favorise la couvrance. C\u2019est, d\u2019ailleurs, une TAILLE UNIQUE qui va du 36 au 54 (taille<br \/>\nmaxi : 1m72, pour un retomb\u00e9 parfait).<\/p>\n<p>L\u2019Abaya Oversize ample est totalement opaque et ne laisse rien transpara\u00eetre. Elle poss\u00e8de des<br \/>\nmanches joliment retrouss\u00e9es, apportant du d\u00e9tail \u00e0 la tenue islamique.<\/p>\n<p>Nous conseillons, personnellement, de la porter avec un hijab Soie de M\u00e9dine et pourquoi pas<br \/>\nl\u2019assortir d\u2019un kimono femme musulmane que vous trouverez sur le site, pour plus de style modest<br \/>\nfashion et de look muslima tendance !<\/p>\n<p>La abaya, incontournable de la mode islamique, est un v\u00eatement traditionnel oriental. Il s\u2019agit d\u2019un<br \/>\nv\u00eatement sp\u00e9cifiquement destin\u00e9 \u00e0 la femme musulmane, inspir\u00e9 du monde oriental o\u00f9 il naquit. C\u2019est<br \/>\nune longue robe large, g\u00e9n\u00e9ralement port\u00e9e par-dessus d\u2019autres v\u00eatements dans les pays de culture<br \/>\nislamique. Tr\u00e8s pris\u00e9e au Moyen-Orient, principalement en Arabie Saoudite, dans les pays du Golfe et<br \/>\nau Maghreb. Elle se d\u00e9cline et \u00e9volue \u00e0 travers le temps, et la simple abaya devient de plus en plus<br \/>\nune abaya moderne classe. Box For Sister vous propose des abayas caftan, abaya moderne, abaya<br \/>\ntunique, abaya avec ceinture, abaya kimono, abaya jilbab, abaya allaitement&#8230;<\/p>\n<p>Pour une multitude de style vestimentaire islamique, d\u00e9couvrez l\u2019ensemble de notre vaste gamme de<br \/>\n<a href=\"https:\/\/moonia-boutique.com\/en\/product-category\/pret-a-porter-pour-femme-musulmane\/robe-mastour\/\">abaya musulmanes et de nos jolies robes mastour.<\/a><\/p>\n<p><a href=\"https:\/\/www.instagram.com\/boxforsister\/\">Suivez nos tendances et tutos sur Instagram<\/a><\/p>","protected":false},"featured_media":3201782,"comment_status":"open","ping_status":"closed","template":"","meta":{"_acf_changed":false,"_mo_disable_npp":""},"product_brand":[],"product_cat":[468,455,476,462,451,416,463,452,448,525,456,457,477,556,402,374,205,204,364],"product_tag":[],"giftcard-category":[],"class_list":{"0":"post-26872","1":"product","2":"type-product","3":"status-publish","4":"has-post-thumbnail","6":"product_cat-abaya-beige","7":"product_cat-abaya-dubai","8":"product_cat-abaya-ete","9":"product_cat-abaya-evase","10":"product_cat-abaya-femme","11":"product_cat-abaya-grande-taille","12":"product_cat-abaya-noir","13":"product_cat-abaya-papillon","14":"product_cat-abaya-pas-cher","15":"product_cat-abaya-pour-compose-ta-box","16":"product_cat-abaya-robe","17":"product_cat-abaya-saoudienne","18":"product_cat-abaya-simple","19":"product_cat-boutique-musulmane-metz","20":"product_cat-collection-ete","21":"product_cat-mil","22":"product_cat-pret-a-porter-pour-femme-musulmane","23":"product_cat-robe-mastour","24":"product_cat-collection-hiver","26":"first","27":"instock","28":"taxable","29":"shipping-taxable","30":"purchasable","31":"product-type-variable","32":"rtwpvs-product"},"composite_virtual":false,"composite_layout":"","composite_add_to_cart_form_location":"","composite_editable_in_cart":false,"composite_sold_individually_context":"","composite_shop_price_calc":"","composite_components":[],"composite_scenarios":[],"acf":[],"yoast_head":"<!-- This site is optimized with the Yoast SEO plugin v26.6 - https:\/\/yoast.com\/wordpress\/plugins\/seo\/ -->\n<title>Abaya T-shirt Oversize Poches - Moonia Boutique<\/title>\n<meta name=\"description\" content=\"La Abaya Farasha c\u00f4tel\u00e9 est une abaya inspir\u00e9e du style saoudien. Tr\u00e8s confortable, elle vous couvrira parfaitement. La Abaya allie \u00e9l\u00e9gance et pudeur.\" \/>\n<meta name=\"robots\" content=\"index, follow, max-snippet:-1, max-image-preview:large, max-video-preview:-1\" \/>\n<link rel=\"canonical\" href=\"https:\/\/moonia-boutique.com\/en\/product\/abaya-t-shirt-oversize-poches\/\" \/>\n<meta property=\"og:locale\" content=\"en_GB\" \/>\n<meta property=\"og:type\" content=\"article\" \/>\n<meta property=\"og:title\" content=\"Abaya T-shirt Oversize Poches - Moonia Boutique\" \/>\n<meta property=\"og:description\" content=\"La Abaya Farasha c\u00f4tel\u00e9 est une abaya inspir\u00e9e du style saoudien. Tr\u00e8s confortable, elle vous couvrira parfaitement. La Abaya allie \u00e9l\u00e9gance et pudeur.\" \/>\n<meta property=\"og:url\" content=\"https:\/\/moonia-boutique.com\/en\/product\/abaya-t-shirt-oversize-poches\/\" \/>\n<meta property=\"og:site_name\" content=\"Moonia Boutique\" \/>\n<meta property=\"article:modified_time\" content=\"2026-03-16T10:07:58+00:00\" \/>\n<meta property=\"og:image\" content=\"https:\/\/moonia-boutique.com\/wp-content\/uploads\/2021\/11\/img_7263.jpeg\" \/>\n\t<meta property=\"og:image:width\" content=\"1290\" \/>\n\t<meta property=\"og:image:height\" content=\"1937\" \/>\n\t<meta property=\"og:image:type\" content=\"image\/jpeg\" \/>\n<meta name=\"twitter:card\" content=\"summary_large_image\" \/>\n<meta name=\"twitter:label1\" content=\"Estimated reading time\" \/>\n\t<meta name=\"twitter:data1\" content=\"1 minute\" \/>\n<script type=\"application\/ld+json\" class=\"yoast-schema-graph\">{\"@context\":\"https:\/\/schema.org\",\"@graph\":[{\"@type\":\"WebPage\",\"@id\":\"https:\/\/moonia-boutique.com\/produit\/abaya-t-shirt-oversize-poches\/\",\"url\":\"https:\/\/moonia-boutique.com\/produit\/abaya-t-shirt-oversize-poches\/\",\"name\":\"Abaya T-shirt Oversize Poches - Moonia Boutique\",\"isPartOf\":{\"@id\":\"https:\/\/moonia-boutique.com\/#website\"},\"primaryImageOfPage\":{\"@id\":\"https:\/\/moonia-boutique.com\/produit\/abaya-t-shirt-oversize-poches\/#primaryimage\"},\"image\":{\"@id\":\"https:\/\/moonia-boutique.com\/produit\/abaya-t-shirt-oversize-poches\/#primaryimage\"},\"thumbnailUrl\":\"https:\/\/moonia-boutique.com\/wp-content\/uploads\/2021\/11\/img_7263.jpeg\",\"datePublished\":\"2021-10-19T13:04:15+00:00\",\"dateModified\":\"2026-03-16T10:07:58+00:00\",\"description\":\"La Abaya Farasha c\u00f4tel\u00e9 est une abaya inspir\u00e9e du style saoudien. Tr\u00e8s confortable, elle vous couvrira parfaitement. La Abaya allie \u00e9l\u00e9gance et pudeur.\",\"breadcrumb\":{\"@id\":\"https:\/\/moonia-boutique.com\/produit\/abaya-t-shirt-oversize-poches\/#breadcrumb\"},\"inLanguage\":\"en-GB\",\"potentialAction\":[{\"@type\":\"ReadAction\",\"target\":[\"https:\/\/moonia-boutique.com\/produit\/abaya-t-shirt-oversize-poches\/\"]}]},{\"@type\":\"ImageObject\",\"inLanguage\":\"en-GB\",\"@id\":\"https:\/\/moonia-boutique.com\/produit\/abaya-t-shirt-oversize-poches\/#primaryimage\",\"url\":\"https:\/\/moonia-boutique.com\/wp-content\/uploads\/2021\/11\/img_7263.jpeg\",\"contentUrl\":\"https:\/\/moonia-boutique.com\/wp-content\/uploads\/2021\/11\/img_7263.jpeg\",\"width\":1290,\"height\":1937,\"caption\":\"Abaya T-shirt Oversize Poches Gris\"},{\"@type\":\"BreadcrumbList\",\"@id\":\"https:\/\/moonia-boutique.com\/produit\/abaya-t-shirt-oversize-poches\/#breadcrumb\",\"itemListElement\":[{\"@type\":\"ListItem\",\"position\":1,\"name\":\"Accueil\",\"item\":\"https:\/\/moonia-boutique.com\/\"},{\"@type\":\"ListItem\",\"position\":2,\"name\":\"Boutique Femme Musulmane\",\"item\":\"https:\/\/moonia-boutique.com\/boutique\/\"},{\"@type\":\"ListItem\",\"position\":3,\"name\":\"Abaya T-shirt Oversize Poches\"}]},{\"@type\":\"WebSite\",\"@id\":\"https:\/\/moonia-boutique.com\/#website\",\"url\":\"https:\/\/moonia-boutique.com\/\",\"name\":\"Moonia Boutique\",\"description\":\"Moonia Boutique - Le site de mode de la femme musulmane !\",\"publisher\":{\"@id\":\"https:\/\/moonia-boutique.com\/#organization\"},\"potentialAction\":[{\"@type\":\"SearchAction\",\"target\":{\"@type\":\"EntryPoint\",\"urlTemplate\":\"https:\/\/moonia-boutique.com\/?s={search_term_string}\"},\"query-input\":{\"@type\":\"PropertyValueSpecification\",\"valueRequired\":true,\"valueName\":\"search_term_string\"}}],\"inLanguage\":\"en-GB\"},{\"@type\":\"Organization\",\"@id\":\"https:\/\/moonia-boutique.com\/#organization\",\"name\":\"Moonia Boutique\",\"url\":\"https:\/\/moonia-boutique.com\/\",\"logo\":{\"@type\":\"ImageObject\",\"inLanguage\":\"en-GB\",\"@id\":\"https:\/\/moonia-boutique.com\/#\/schema\/logo\/image\/\",\"url\":\"https:\/\/moonia-boutique.com\/wp-content\/uploads\/2023\/08\/Sans-titre-1000-x-1000-px.png\",\"contentUrl\":\"https:\/\/moonia-boutique.com\/wp-content\/uploads\/2023\/08\/Sans-titre-1000-x-1000-px.png\",\"width\":1000,\"height\":1000,\"caption\":\"Moonia Boutique\"},\"image\":{\"@id\":\"https:\/\/moonia-boutique.com\/#\/schema\/logo\/image\/\"}}]}<\/script>\n<!-- \/ Yoast SEO plugin. -->","yoast_head_json":{"title":"Abaya T-shirt Oversize Poches - Moonia Boutique","description":"La Abaya Farasha c\u00f4tel\u00e9 est une abaya inspir\u00e9e du style saoudien. Tr\u00e8s confortable, elle vous couvrira parfaitement. La Abaya allie \u00e9l\u00e9gance et pudeur.","robots":{"index":"index","follow":"follow","max-snippet":"max-snippet:-1","max-image-preview":"max-image-preview:large","max-video-preview":"max-video-preview:-1"},"canonical":"https:\/\/moonia-boutique.com\/en\/product\/abaya-t-shirt-oversize-poches\/","og_locale":"en_GB","og_type":"article","og_title":"Abaya T-shirt Oversize Poches - Moonia Boutique","og_description":"La Abaya Farasha c\u00f4tel\u00e9 est une abaya inspir\u00e9e du style saoudien. Tr\u00e8s confortable, elle vous couvrira parfaitement. La Abaya allie \u00e9l\u00e9gance et pudeur.","og_url":"https:\/\/moonia-boutique.com\/en\/product\/abaya-t-shirt-oversize-poches\/","og_site_name":"Moonia Boutique","article_modified_time":"2026-03-16T10:07:58+00:00","og_image":[{"width":1290,"height":1937,"url":"https:\/\/moonia-boutique.com\/wp-content\/uploads\/2021\/11\/img_7263.jpeg","type":"image\/jpeg"}],"twitter_card":"summary_large_image","twitter_misc":{"Estimated reading time":"1 minute"},"schema":{"@context":"https:\/\/schema.org","@graph":[{"@type":"WebPage","@id":"https:\/\/moonia-boutique.com\/produit\/abaya-t-shirt-oversize-poches\/","url":"https:\/\/moonia-boutique.com\/produit\/abaya-t-shirt-oversize-poches\/","name":"Abaya T-shirt Oversize Poches - Moonia Boutique","isPartOf":{"@id":"https:\/\/moonia-boutique.com\/#website"},"primaryImageOfPage":{"@id":"https:\/\/moonia-boutique.com\/produit\/abaya-t-shirt-oversize-poches\/#primaryimage"},"image":{"@id":"https:\/\/moonia-boutique.com\/produit\/abaya-t-shirt-oversize-poches\/#primaryimage"},"thumbnailUrl":"https:\/\/moonia-boutique.com\/wp-content\/uploads\/2021\/11\/img_7263.jpeg","datePublished":"2021-10-19T13:04:15+00:00","dateModified":"2026-03-16T10:07:58+00:00","description":"La Abaya Farasha c\u00f4tel\u00e9 est une abaya inspir\u00e9e du style saoudien. Tr\u00e8s confortable, elle vous couvrira parfaitement. La Abaya allie \u00e9l\u00e9gance et pudeur.","breadcrumb":{"@id":"https:\/\/moonia-boutique.com\/produit\/abaya-t-shirt-oversize-poches\/#breadcrumb"},"inLanguage":"en-GB","potentialAction":[{"@type":"ReadAction","target":["https:\/\/moonia-boutique.com\/produit\/abaya-t-shirt-oversize-poches\/"]}]},{"@type":"ImageObject","inLanguage":"en-GB","@id":"https:\/\/moonia-boutique.com\/produit\/abaya-t-shirt-oversize-poches\/#primaryimage","url":"https:\/\/moonia-boutique.com\/wp-content\/uploads\/2021\/11\/img_7263.jpeg","contentUrl":"https:\/\/moonia-boutique.com\/wp-content\/uploads\/2021\/11\/img_7263.jpeg","width":1290,"height":1937,"caption":"Abaya T-shirt Oversize Poches Gris"},{"@type":"BreadcrumbList","@id":"https:\/\/moonia-boutique.com\/produit\/abaya-t-shirt-oversize-poches\/#breadcrumb","itemListElement":[{"@type":"ListItem","position":1,"name":"Accueil","item":"https:\/\/moonia-boutique.com\/"},{"@type":"ListItem","position":2,"name":"Boutique Femme Musulmane","item":"https:\/\/moonia-boutique.com\/boutique\/"},{"@type":"ListItem","position":3,"name":"Abaya T-shirt Oversize Poches"}]},{"@type":"WebSite","@id":"https:\/\/moonia-boutique.com\/#website","url":"https:\/\/moonia-boutique.com\/","name":"Moonia Boutique","description":"Moonia Boutique - Le site de mode de la femme musulmane !","publisher":{"@id":"https:\/\/moonia-boutique.com\/#organization"},"potentialAction":[{"@type":"SearchAction","target":{"@type":"EntryPoint","urlTemplate":"https:\/\/moonia-boutique.com\/?s={search_term_string}"},"query-input":{"@type":"PropertyValueSpecification","valueRequired":true,"valueName":"search_term_string"}}],"inLanguage":"en-GB"},{"@type":"Organization","@id":"https:\/\/moonia-boutique.com\/#organization","name":"Moonia Boutique","url":"https:\/\/moonia-boutique.com\/","logo":{"@type":"ImageObject","inLanguage":"en-GB","@id":"https:\/\/moonia-boutique.com\/#\/schema\/logo\/image\/","url":"https:\/\/moonia-boutique.com\/wp-content\/uploads\/2023\/08\/Sans-titre-1000-x-1000-px.png","contentUrl":"https:\/\/moonia-boutique.com\/wp-content\/uploads\/2023\/08\/Sans-titre-1000-x-1000-px.png","width":1000,"height":1000,"caption":"Moonia Boutique"},"image":{"@id":"https:\/\/moonia-boutique.com\/#\/schema\/logo\/image\/"}}]}},"jetpack_sharing_enabled":true,"_links":{"self":[{"href":"https:\/\/moonia-boutique.com\/en\/wp-json\/wp\/v2\/product\/26872","targetHints":{"allow":["GET"]}}],"collection":[{"href":"https:\/\/moonia-boutique.com\/en\/wp-json\/wp\/v2\/product"}],"about":[{"href":"https:\/\/moonia-boutique.com\/en\/wp-json\/wp\/v2\/types\/product"}],"replies":[{"embeddable":true,"href":"https:\/\/moonia-boutique.com\/en\/wp-json\/wp\/v2\/comments?post=26872"}],"wp:featuredmedia":[{"embeddable":true,"href":"https:\/\/moonia-boutique.com\/en\/wp-json\/wp\/v2\/media\/3201782"}],"wp:attachment":[{"href":"https:\/\/moonia-boutique.com\/en\/wp-json\/wp\/v2\/media?parent=26872"}],"wp:term":[{"taxonomy":"product_brand","embeddable":true,"href":"https:\/\/moonia-boutique.com\/en\/wp-json\/wp\/v2\/product_brand?post=26872"},{"taxonomy":"product_cat","embeddable":true,"href":"https:\/\/moonia-boutique.com\/en\/wp-json\/wp\/v2\/product_cat?post=26872"},{"taxonomy":"product_tag","embeddable":true,"href":"https:\/\/moonia-boutique.com\/en\/wp-json\/wp\/v2\/product_tag?post=26872"},{"taxonomy":"giftcard-category","embeddable":true,"href":"https:\/\/moonia-boutique.com\/en\/wp-json\/wp\/v2\/giftcard-category?post=26872"}],"curies":[{"name":"wp","href":"https:\/\/api.w.org\/{rel}","templated":true}]}}