{"id":3189404,"date":"2024-09-23T12:08:06","date_gmt":"2024-09-23T10:08:06","guid":{"rendered":"https:\/\/moonia-boutique.com\/?post_type=product&#038;p=3189404"},"modified":"2026-04-14T20:58:54","modified_gmt":"2026-04-14T18:58:54","slug":"hijab-malaisien-cache-cou-a-lunette","status":"publish","type":"product","link":"https:\/\/moonia-boutique.com\/en\/product\/hijab-malaisien-cache-cou-a-lunette\/","title":{"rendered":"Hijab Modal cache-cou \u00e0 lunette"},"content":{"rendered":"<h1><strong>Hijab <\/strong>Modal<strong> cache-cou \u00e0 lunette \u00e0 enfiler&nbsp;<\/strong><\/h1>\n<p>Bienvenue, ma sister ! Si tu cherches un hijab aussi confortable que pratique et styl\u00e9, tu es au bon endroit. Chez <strong>Moonia Boutique<\/strong>, nous avons sp\u00e9cialement s\u00e9lectionn\u00e9 pour toi le Hijab Modal cache-cou \u00e0 lunette, con\u00e7u pour les femmes musulmanes modernes, qui aiment allier \u00e9l\u00e9gance et praticit\u00e9 au quotidien.<\/p>\n<h2><strong>Pourquoi choisir le Hijab <\/strong>Modal<strong> Cache-Cou \u00e0 Lunette ?<\/strong><\/h2>\n<p>Le <strong>Hijab Modal <\/strong>se distingue par ses caract\u00e9ristiques uniques, adapt\u00e9es aux besoins des <strong>femmes voil\u00e9es<\/strong>. Gr\u00e2ce \u00e0 ses <strong>fentes pour les lunettes ou \u00e9couteurs<\/strong>, ce hijab est un v\u00e9ritable atout pour les <strong>hijabis<\/strong> qui veulent allier confort et style. Fini les probl\u00e8mes d\u2019inconfort li\u00e9s aux lunettes, ce hijab est con\u00e7u pour te faciliter la vie tout en restant pudique.<\/p>\n<h3><strong>Un Hijab <\/strong>Modal<strong> cache-cou \u00e0 lunette \u00e9l\u00e9gant pour un style unique<\/strong><\/h3>\n<p>Le <strong>Hijab <\/strong>Modal<strong> Cache-Cou<\/strong> offre un look authentique gr\u00e2ce \u00e0 son retomb\u00e9 frontal typique du style Modal . Ce petit d\u00e9tail te permettra donc de te d\u00e9marquer tout en restant fid\u00e8le aux <strong>valeurs de la modest fashion<\/strong>. Le cache-cou int\u00e9gr\u00e9 t\u2019assure une couverture optimale du cou, m\u00eame dans les situations les plus inattendues. De plus, son voile en <strong>jersey haute qualit\u00e9<\/strong> garantit un confort maximal tout au long de la journ\u00e9e.<\/p>\n<h3><strong>Un Hijab Pratique et Fonctionnel pour la Femme musulmane<\/strong><\/h3>\n<p>Que tu sois au travail, en d\u00e9placement ou simplement en train de profiter de ta journ\u00e9e, ce <strong>Hijab Cache-Cou<\/strong> te simplifie la vie. Ses fentes discr\u00e8tes te permettent de porter tes lunettes sans g\u00eane, tout en te permettant d\u2019utiliser des \u00e9couteurs si n\u00e9cessaire. Ce d\u00e9tail peut sembler petit, mais il fait une grande diff\u00e9rence au quotidien pour les femmes voil\u00e9es actives. C&#8217;est un hijab \u00e0 enfiler qui se met facilement.<\/p>\n<h3><strong>Un Hijab <\/strong>Modal<strong> cache-cou \u00e0 lunette en Jersey Haute Qualit\u00e9 pour un Confort In\u00e9gal\u00e9<\/strong><\/h3>\n<p>Chez <strong>Moonia Boutique<\/strong>, nous comprenons que le confort est primordial. C\u2019est pourquoi ce hijab est confectionn\u00e9 \u00e0 partir de <strong>jersey de haute qualit\u00e9<\/strong>. L\u00e9ger, doux et respirant, ce tissu te garantit un port agr\u00e9able, m\u00eame durant les journ\u00e9es les plus charg\u00e9es. Sa texture extensible s\u2019adapte parfaitement \u00e0 toutes les morphologies, te permettant de rester <strong>pudique<\/strong> tout en \u00e9tant \u00e0 l\u2019aise.<\/p>\n<h2><strong>Adopte la Modest Fashion avec le Hijab <\/strong>Modal<strong> cache-cou \u00e0 lunette<\/strong><\/h2>\n<p>La <strong>modest fashion<\/strong> n&#8217;a jamais \u00e9t\u00e9 aussi tendance ! Ce Hijab indon\u00e9sien \u00e0 lunette incarne parfaitement ce courant en combinant un style \u00e9l\u00e9gant et une <strong>couverture mastour<\/strong>. Si tu aimes les <strong>v\u00eatements amples<\/strong> et <strong>longs<\/strong>, ce mod\u00e8le est fait pour toi. Il te permet d\u2019affirmer ta foi tout en restant \u00e0 la pointe de la mode.<\/p>\n<h3><strong>D\u00e9couvre d\u2019autres produits sur Moonia Boutique<\/strong><\/h3>\n<p>Envie de compl\u00e9ter ta tenue ? Explore aussi notre s\u00e9lection d\u2019<strong>abayas<\/strong> <a href=\"https:\/\/moonia-boutique.com\/en\/product-category\/abaya\/\" target=\"_new\" rel=\"noopener\">ici<\/a> ou d\u00e9couvre d\u2019autres <strong>hijabs<\/strong> <a href=\"https:\/\/moonia-boutique.com\/en\/product-category\/hijab\/\" target=\"_new\" rel=\"noopener\">ici<\/a>. Nous avons tout ce qu\u2019il te faut pour composer une garde-robe \u00e0 la fois pudique et styl\u00e9e. De plus, notre boutique musulmane en ligne est aussi sp\u00e9cialement con\u00e7ue pour r\u00e9pondre aux besoins des femmes musulmanes, en offrant des v\u00eatements <strong>oversize<\/strong>, <strong>extra-larges<\/strong> et <strong>modestes<\/strong>.<\/p>\n<h3><strong>Respect des Valeurs de l\u2019Islam<\/strong><\/h3>\n<p>Ainsi, ce hijab respecte pleinement les <strong>valeurs de l&#8217;Islam<\/strong>, te permettant de rester fid\u00e8le \u00e0 tes convictions. Afin d&#8217;en savoir plus sur les principes de l\u2019habillement en Islam, tu peux aussi consulter des ressources utiles sur des sites comme <a href=\"https:\/\/www.islamweb.net\/fr\/\" target=\"_new\" rel=\"noopener\">Islam Web<\/a>. Gr\u00e2ce \u00e0 ce <strong>Hijab Malaisien Cache-Cou<\/strong>, tu peux rester <strong>mastour<\/strong> tout en profitant d\u2019une tenue pratique et tendance.<\/p>","protected":false},"excerpt":{"rendered":"<p>Le <strong>Hijab Malaisien Cache-Cou \u00e0 Lunette<\/strong>, disponible sur <strong>Moonia Boutique<\/strong>, est id\u00e9al pour les femmes voil\u00e9es qui portent des lunettes ou \u00e9couteurs. Con\u00e7u avec des fentes pour plus de confort, ce hijab en <strong>jersey haute qualit\u00e9<\/strong> combine praticit\u00e9 et style, tout en offrant une couverture optimale gr\u00e2ce \u00e0 son cache-cou int\u00e9gr\u00e9. Son design Malaisien unique, avec un retomb\u00e9 frontal, s\u2019inscrit parfaitement dans la <strong>modest fashion<\/strong>. L\u00e9ger et confortable, il te permet de rester \u00e9l\u00e9gante tout en respectant les valeurs de l\u2019Islam. Explore notre collection de <strong>hijabs<\/strong> et <strong>abayas<\/strong> pour compl\u00e9ter ta tenue.<\/p>\n<p>dimension : 190cm * 50cm<\/p>","protected":false},"featured_media":3189659,"comment_status":"open","ping_status":"closed","template":"","meta":{"_acf_changed":false,"_mo_disable_npp":""},"product_brand":[],"product_cat":[134,239,478,240,484,554,437,524,371,439],"product_tag":[],"giftcard-category":[],"class_list":{"0":"post-3189404","1":"product","2":"type-product","3":"status-publish","4":"has-post-thumbnail","6":"product_cat-hijab","7":"product_cat-hijab-a-enfiler","8":"product_cat-hijab-femme","9":"product_cat-hijab-jersey","10":"product_cat-hijab-jersey-premium","11":"product_cat-hijab-metz","12":"product_cat-hijab-pas-cher","13":"product_cat-hijab-pour-compose-ta-box","14":"product_cat-ini","15":"product_cat-nouveautes","17":"first","18":"instock","19":"taxable","20":"shipping-taxable","21":"purchasable","22":"product-type-variable","23":"rtwpvs-product"},"composite_virtual":false,"composite_layout":"","composite_add_to_cart_form_location":"","composite_editable_in_cart":false,"composite_sold_individually_context":"","composite_shop_price_calc":"","composite_components":[],"composite_scenarios":[],"acf":[],"yoast_head":"<!-- This site is optimized with the Yoast SEO plugin v26.6 - https:\/\/yoast.com\/wordpress\/plugins\/seo\/ -->\n<title>Hijab Malaisien cache-cou \u00e0 lunette dispo chez Moonia<\/title>\n<meta name=\"description\" content=\"D\u00e9couvrez le Hijab Malaisien Cache-Cou \u00e0 Lunette sur Moonia Boutique. \u00c9l\u00e9gant et pratique, parfait pour les femmes voil\u00e9es avec lunettes ou \u00e9couteurs.\" \/>\n<meta name=\"robots\" content=\"index, follow, max-snippet:-1, max-image-preview:large, max-video-preview:-1\" \/>\n<link rel=\"canonical\" href=\"https:\/\/moonia-boutique.com\/en\/product\/hijab-malaisien-cache-cou-a-lunette\/\" \/>\n<meta property=\"og:locale\" content=\"en_GB\" \/>\n<meta property=\"og:type\" content=\"article\" \/>\n<meta property=\"og:title\" content=\"Hijab Malaisien cache-cou \u00e0 lunette dispo chez Moonia\" \/>\n<meta property=\"og:description\" content=\"D\u00e9couvrez le Hijab Malaisien Cache-Cou \u00e0 Lunette sur Moonia Boutique. \u00c9l\u00e9gant et pratique, parfait pour les femmes voil\u00e9es avec lunettes ou \u00e9couteurs.\" \/>\n<meta property=\"og:url\" content=\"https:\/\/moonia-boutique.com\/en\/product\/hijab-malaisien-cache-cou-a-lunette\/\" \/>\n<meta property=\"og:site_name\" content=\"Moonia Boutique\" \/>\n<meta property=\"article:modified_time\" content=\"2026-04-14T18:58:54+00:00\" \/>\n<meta property=\"og:image\" content=\"https:\/\/moonia-boutique.com\/wp-content\/uploads\/2024\/09\/IMG_6689-scaled.jpeg\" \/>\n\t<meta property=\"og:image:width\" content=\"1536\" \/>\n\t<meta property=\"og:image:height\" content=\"2048\" \/>\n\t<meta property=\"og:image:type\" content=\"image\/jpeg\" \/>\n<meta name=\"twitter:card\" content=\"summary_large_image\" \/>\n<meta name=\"twitter:label1\" content=\"Estimated reading time\" \/>\n\t<meta name=\"twitter:data1\" content=\"4 minutes\" \/>\n<script type=\"application\/ld+json\" class=\"yoast-schema-graph\">{\"@context\":\"https:\/\/schema.org\",\"@graph\":[{\"@type\":\"WebPage\",\"@id\":\"https:\/\/moonia-boutique.com\/produit\/hijab-malaisien-cache-cou-a-lunette\/\",\"url\":\"https:\/\/moonia-boutique.com\/produit\/hijab-malaisien-cache-cou-a-lunette\/\",\"name\":\"Hijab Malaisien cache-cou \u00e0 lunette dispo chez Moonia\",\"isPartOf\":{\"@id\":\"https:\/\/moonia-boutique.com\/#website\"},\"primaryImageOfPage\":{\"@id\":\"https:\/\/moonia-boutique.com\/produit\/hijab-malaisien-cache-cou-a-lunette\/#primaryimage\"},\"image\":{\"@id\":\"https:\/\/moonia-boutique.com\/produit\/hijab-malaisien-cache-cou-a-lunette\/#primaryimage\"},\"thumbnailUrl\":\"https:\/\/moonia-boutique.com\/wp-content\/uploads\/2024\/09\/IMG_6689-scaled.jpeg\",\"datePublished\":\"2024-09-23T10:08:06+00:00\",\"dateModified\":\"2026-04-14T18:58:54+00:00\",\"description\":\"D\u00e9couvrez le Hijab Malaisien Cache-Cou \u00e0 Lunette sur Moonia Boutique. \u00c9l\u00e9gant et pratique, parfait pour les femmes voil\u00e9es avec lunettes ou \u00e9couteurs.\",\"breadcrumb\":{\"@id\":\"https:\/\/moonia-boutique.com\/produit\/hijab-malaisien-cache-cou-a-lunette\/#breadcrumb\"},\"inLanguage\":\"en-GB\",\"potentialAction\":[{\"@type\":\"ReadAction\",\"target\":[\"https:\/\/moonia-boutique.com\/produit\/hijab-malaisien-cache-cou-a-lunette\/\"]}]},{\"@type\":\"ImageObject\",\"inLanguage\":\"en-GB\",\"@id\":\"https:\/\/moonia-boutique.com\/produit\/hijab-malaisien-cache-cou-a-lunette\/#primaryimage\",\"url\":\"https:\/\/moonia-boutique.com\/wp-content\/uploads\/2024\/09\/IMG_6689-scaled.jpeg\",\"contentUrl\":\"https:\/\/moonia-boutique.com\/wp-content\/uploads\/2024\/09\/IMG_6689-scaled.jpeg\",\"width\":1536,\"height\":2048,\"caption\":\"Hijab Malaisien cache-cou \u00e0 lunette\"},{\"@type\":\"BreadcrumbList\",\"@id\":\"https:\/\/moonia-boutique.com\/produit\/hijab-malaisien-cache-cou-a-lunette\/#breadcrumb\",\"itemListElement\":[{\"@type\":\"ListItem\",\"position\":1,\"name\":\"Accueil\",\"item\":\"https:\/\/moonia-boutique.com\/\"},{\"@type\":\"ListItem\",\"position\":2,\"name\":\"Boutique Femme Musulmane\",\"item\":\"https:\/\/moonia-boutique.com\/boutique\/\"},{\"@type\":\"ListItem\",\"position\":3,\"name\":\"Hijab Modal cache-cou \u00e0 lunette\"}]},{\"@type\":\"WebSite\",\"@id\":\"https:\/\/moonia-boutique.com\/#website\",\"url\":\"https:\/\/moonia-boutique.com\/\",\"name\":\"Moonia Boutique\",\"description\":\"Moonia Boutique - Le site de mode de la femme musulmane !\",\"publisher\":{\"@id\":\"https:\/\/moonia-boutique.com\/#organization\"},\"potentialAction\":[{\"@type\":\"SearchAction\",\"target\":{\"@type\":\"EntryPoint\",\"urlTemplate\":\"https:\/\/moonia-boutique.com\/?s={search_term_string}\"},\"query-input\":{\"@type\":\"PropertyValueSpecification\",\"valueRequired\":true,\"valueName\":\"search_term_string\"}}],\"inLanguage\":\"en-GB\"},{\"@type\":\"Organization\",\"@id\":\"https:\/\/moonia-boutique.com\/#organization\",\"name\":\"Moonia Boutique\",\"url\":\"https:\/\/moonia-boutique.com\/\",\"logo\":{\"@type\":\"ImageObject\",\"inLanguage\":\"en-GB\",\"@id\":\"https:\/\/moonia-boutique.com\/#\/schema\/logo\/image\/\",\"url\":\"https:\/\/moonia-boutique.com\/wp-content\/uploads\/2023\/08\/Sans-titre-1000-x-1000-px.png\",\"contentUrl\":\"https:\/\/moonia-boutique.com\/wp-content\/uploads\/2023\/08\/Sans-titre-1000-x-1000-px.png\",\"width\":1000,\"height\":1000,\"caption\":\"Moonia Boutique\"},\"image\":{\"@id\":\"https:\/\/moonia-boutique.com\/#\/schema\/logo\/image\/\"}}]}<\/script>\n<!-- \/ Yoast SEO plugin. -->","yoast_head_json":{"title":"Hijab Malaisien cache-cou \u00e0 lunette dispo chez Moonia","description":"D\u00e9couvrez le Hijab Malaisien Cache-Cou \u00e0 Lunette sur Moonia Boutique. \u00c9l\u00e9gant et pratique, parfait pour les femmes voil\u00e9es avec lunettes ou \u00e9couteurs.","robots":{"index":"index","follow":"follow","max-snippet":"max-snippet:-1","max-image-preview":"max-image-preview:large","max-video-preview":"max-video-preview:-1"},"canonical":"https:\/\/moonia-boutique.com\/en\/product\/hijab-malaisien-cache-cou-a-lunette\/","og_locale":"en_GB","og_type":"article","og_title":"Hijab Malaisien cache-cou \u00e0 lunette dispo chez Moonia","og_description":"D\u00e9couvrez le Hijab Malaisien Cache-Cou \u00e0 Lunette sur Moonia Boutique. \u00c9l\u00e9gant et pratique, parfait pour les femmes voil\u00e9es avec lunettes ou \u00e9couteurs.","og_url":"https:\/\/moonia-boutique.com\/en\/product\/hijab-malaisien-cache-cou-a-lunette\/","og_site_name":"Moonia Boutique","article_modified_time":"2026-04-14T18:58:54+00:00","og_image":[{"width":1536,"height":2048,"url":"https:\/\/moonia-boutique.com\/wp-content\/uploads\/2024\/09\/IMG_6689-scaled.jpeg","type":"image\/jpeg"}],"twitter_card":"summary_large_image","twitter_misc":{"Estimated reading time":"4 minutes"},"schema":{"@context":"https:\/\/schema.org","@graph":[{"@type":"WebPage","@id":"https:\/\/moonia-boutique.com\/produit\/hijab-malaisien-cache-cou-a-lunette\/","url":"https:\/\/moonia-boutique.com\/produit\/hijab-malaisien-cache-cou-a-lunette\/","name":"Hijab Malaisien cache-cou \u00e0 lunette dispo chez Moonia","isPartOf":{"@id":"https:\/\/moonia-boutique.com\/#website"},"primaryImageOfPage":{"@id":"https:\/\/moonia-boutique.com\/produit\/hijab-malaisien-cache-cou-a-lunette\/#primaryimage"},"image":{"@id":"https:\/\/moonia-boutique.com\/produit\/hijab-malaisien-cache-cou-a-lunette\/#primaryimage"},"thumbnailUrl":"https:\/\/moonia-boutique.com\/wp-content\/uploads\/2024\/09\/IMG_6689-scaled.jpeg","datePublished":"2024-09-23T10:08:06+00:00","dateModified":"2026-04-14T18:58:54+00:00","description":"D\u00e9couvrez le Hijab Malaisien Cache-Cou \u00e0 Lunette sur Moonia Boutique. \u00c9l\u00e9gant et pratique, parfait pour les femmes voil\u00e9es avec lunettes ou \u00e9couteurs.","breadcrumb":{"@id":"https:\/\/moonia-boutique.com\/produit\/hijab-malaisien-cache-cou-a-lunette\/#breadcrumb"},"inLanguage":"en-GB","potentialAction":[{"@type":"ReadAction","target":["https:\/\/moonia-boutique.com\/produit\/hijab-malaisien-cache-cou-a-lunette\/"]}]},{"@type":"ImageObject","inLanguage":"en-GB","@id":"https:\/\/moonia-boutique.com\/produit\/hijab-malaisien-cache-cou-a-lunette\/#primaryimage","url":"https:\/\/moonia-boutique.com\/wp-content\/uploads\/2024\/09\/IMG_6689-scaled.jpeg","contentUrl":"https:\/\/moonia-boutique.com\/wp-content\/uploads\/2024\/09\/IMG_6689-scaled.jpeg","width":1536,"height":2048,"caption":"Hijab Malaisien cache-cou \u00e0 lunette"},{"@type":"BreadcrumbList","@id":"https:\/\/moonia-boutique.com\/produit\/hijab-malaisien-cache-cou-a-lunette\/#breadcrumb","itemListElement":[{"@type":"ListItem","position":1,"name":"Accueil","item":"https:\/\/moonia-boutique.com\/"},{"@type":"ListItem","position":2,"name":"Boutique Femme Musulmane","item":"https:\/\/moonia-boutique.com\/boutique\/"},{"@type":"ListItem","position":3,"name":"Hijab Modal cache-cou \u00e0 lunette"}]},{"@type":"WebSite","@id":"https:\/\/moonia-boutique.com\/#website","url":"https:\/\/moonia-boutique.com\/","name":"Moonia Boutique","description":"Moonia Boutique - Le site de mode de la femme musulmane !","publisher":{"@id":"https:\/\/moonia-boutique.com\/#organization"},"potentialAction":[{"@type":"SearchAction","target":{"@type":"EntryPoint","urlTemplate":"https:\/\/moonia-boutique.com\/?s={search_term_string}"},"query-input":{"@type":"PropertyValueSpecification","valueRequired":true,"valueName":"search_term_string"}}],"inLanguage":"en-GB"},{"@type":"Organization","@id":"https:\/\/moonia-boutique.com\/#organization","name":"Moonia Boutique","url":"https:\/\/moonia-boutique.com\/","logo":{"@type":"ImageObject","inLanguage":"en-GB","@id":"https:\/\/moonia-boutique.com\/#\/schema\/logo\/image\/","url":"https:\/\/moonia-boutique.com\/wp-content\/uploads\/2023\/08\/Sans-titre-1000-x-1000-px.png","contentUrl":"https:\/\/moonia-boutique.com\/wp-content\/uploads\/2023\/08\/Sans-titre-1000-x-1000-px.png","width":1000,"height":1000,"caption":"Moonia Boutique"},"image":{"@id":"https:\/\/moonia-boutique.com\/#\/schema\/logo\/image\/"}}]}},"jetpack_sharing_enabled":true,"_links":{"self":[{"href":"https:\/\/moonia-boutique.com\/en\/wp-json\/wp\/v2\/product\/3189404","targetHints":{"allow":["GET"]}}],"collection":[{"href":"https:\/\/moonia-boutique.com\/en\/wp-json\/wp\/v2\/product"}],"about":[{"href":"https:\/\/moonia-boutique.com\/en\/wp-json\/wp\/v2\/types\/product"}],"replies":[{"embeddable":true,"href":"https:\/\/moonia-boutique.com\/en\/wp-json\/wp\/v2\/comments?post=3189404"}],"wp:featuredmedia":[{"embeddable":true,"href":"https:\/\/moonia-boutique.com\/en\/wp-json\/wp\/v2\/media\/3189659"}],"wp:attachment":[{"href":"https:\/\/moonia-boutique.com\/en\/wp-json\/wp\/v2\/media?parent=3189404"}],"wp:term":[{"taxonomy":"product_brand","embeddable":true,"href":"https:\/\/moonia-boutique.com\/en\/wp-json\/wp\/v2\/product_brand?post=3189404"},{"taxonomy":"product_cat","embeddable":true,"href":"https:\/\/moonia-boutique.com\/en\/wp-json\/wp\/v2\/product_cat?post=3189404"},{"taxonomy":"product_tag","embeddable":true,"href":"https:\/\/moonia-boutique.com\/en\/wp-json\/wp\/v2\/product_tag?post=3189404"},{"taxonomy":"giftcard-category","embeddable":true,"href":"https:\/\/moonia-boutique.com\/en\/wp-json\/wp\/v2\/giftcard-category?post=3189404"}],"curies":[{"name":"wp","href":"https:\/\/api.w.org\/{rel}","templated":true}]}}