{"id":4134,"date":"2020-11-18T16:30:04","date_gmt":"2020-11-18T15:30:04","guid":{"rendered":"https:\/\/moonia-boutique.com\/?post_type=product&#038;p=4134"},"modified":"2026-03-13T23:39:32","modified_gmt":"2026-03-13T22:39:32","slug":"hijab-soie-de-medine","status":"publish","type":"product","link":"https:\/\/moonia-boutique.com\/en\/product\/hijab-soie-de-medine\/","title":{"rendered":"Hijab Soie de M\u00e9dine de Turquie"},"content":{"rendered":"<div class=\"flex max-w-full flex-col flex-grow\">\n<div class=\"min-h-8 text-message flex w-full flex-col items-end gap-2 whitespace-normal break-words text-start [.text-message+&amp;]:mt-5\" dir=\"auto\" data-message-author-role=\"assistant\" data-message-id=\"3d0f2feb-fafd-4e35-b51b-106e1c3d0f41\" data-message-model-slug=\"gpt-4o\">\n<div class=\"flex w-full flex-col gap-1 empty:hidden first:pt-[3px]\">\n<div class=\"markdown prose w-full break-words dark:prose-invert dark\">\n<h2><span style=\"color: #000000;\"><strong>Hijab Soie de M\u00e9dine de Turquie : \u00c9l\u00e9gance et Confort au Quotidien<\/strong><\/span><\/h2>\n<h2><span style=\"color: #000000;\"><strong>Un Hijab Soie de M\u00e9dine de Turquie de Qualit\u00e9<\/strong><\/span><\/h2>\n<p><span style=\"color: #000000;\">Ma s\u0153ur, si tu cherches un hijab \u00e0 la fois chic et pratique, laisse-moi donc te pr\u00e9senter le Hijab Soie de M\u00e9dine de Turquie. Ce tissu exceptionnel est le choix id\u00e9al pour sublimer ta garde-robe de femme musulmane. Fabriqu\u00e9 en Turquie, ce hijab est con\u00e7u \u00e0 partir d&#8217;une mati\u00e8re l\u00e9g\u00e8re, douce et totalement opaque, id\u00e9ale pour pr\u00e9server ta pudeur tout en restant \u00e9l\u00e9gante.<\/span><\/p>\n<p><span style=\"color: #000000;\">Gr\u00e2ce \u00e0 sa texture l\u00e9g\u00e8rement brillante et son aspect fluide, le hijab en soie de M\u00e9dine s&#8217;adapte \u00e0 toutes les occasions. Que ce soit pour le quotidien ou pour un \u00e9v\u00e9nement sp\u00e9cial, il t&#8217;offre une tenue raffin\u00e9e tout en garantissant un confort absolu.<\/span><\/p>\n<h2><span style=\"color: #000000;\"><strong>Un Ch\u00e2le Simple \u00e0 Mettre Comme Tu le Souhaites<\/strong><\/span><\/h2>\n<p><span style=\"color: #000000;\">Le <a style=\"color: #000000;\" href=\"https:\/\/moonia-boutique.com\/en\/product-category\/hijab\/hijab-soie-de-medine\/\">hijab en soie de M\u00e9dine<\/a> se distingue par sa facilit\u00e9 d&#8217;utilisation. Que tu sois une experte du style ou une nouvelle hijabi, ce voile s&#8217;ajuste en un rien de temps. Tu peux le porter simplement drap\u00e9 ou le nouer selon tes envies.<\/span><\/p>\n<p><span style=\"color: #000000;\">Sa grande taille (190 x 70 cm) te permet une multitude de styles pour sublimer ton look. De plus, gr\u00e2ce \u00e0 sa composition infroissable, il reste impeccable m\u00eame apr\u00e8s une longue journ\u00e9e ou plusieurs lavages. Pas besoin de repasser\u202f: pratique, n\u2019est-ce pas ?<\/span><\/p>\n<h2><span style=\"color: #000000;\"><strong>Un Hijab de Luxe pour les Grandes Occasions<\/strong><\/span><\/h2>\n<p><span style=\"color: #000000;\">Tu as un mariage, une f\u00eate religieuse ou un \u00e9v\u00e9nement important\u202f? Ce hijab est ton alli\u00e9 incontournable. Son effet chic et son rendu haut de gamme ajoutent une touche d\u2019\u00e9l\u00e9gance \u00e0 tes tenues. Combine-le avec une <strong>abaya<\/strong> assortie pour un style sobre et distingu\u00e9.<\/span><\/p>\n<p><span style=\"color: #000000;\">Disponible dans une large palette de couleurs, il s\u2019adapte parfaitement \u00e0 ton teint et \u00e0 tes envies. Tu pourras ainsi varier les plaisirs et assortir ton hijab \u00e0 toutes tes tenues.<\/span><\/p>\n<h2><span style=\"color: #000000;\"><strong>Qu\u2019est-ce Que la Soie de M\u00e9dine ?<\/strong><\/span><\/h2>\n<p><span style=\"color: #000000;\">Ne te laisse pas tromper par son nom\u202f! La soie de M\u00e9dine ne provient pas de la ville sainte, mais est un m\u00e9lange de viscose et de polyester. Ce tissu est r\u00e9put\u00e9 pour sa douceur, sa brillance subtile et sa r\u00e9sistance. C\u2019est une mati\u00e8re id\u00e9ale pour les femmes voil\u00e9es \u00e0 la recherche de v\u00eatements \u00e9l\u00e9gants, confortables et durables.<\/span><\/p>\n<p><span style=\"color: #000000;\">L\u2019origine de cette mati\u00e8re noble\u202f? La Turquie, pays connu pour son expertise dans le textile islamique. En choisissant un hijab en soie de M\u00e9dine, tu investis dans un produit de haute qualit\u00e9 qui respectera tes attentes.<\/span><\/p>\n<h2><span style=\"color: #000000;\"><strong>Pourquoi Commander Ton Hijab Soie de M\u00e9dine de Turquie Chez Moonia\u202f?<\/strong><\/span><\/h2>\n<p><span style=\"color: #000000;\">Chez <strong>Moonia Boutique<\/strong>, nous savons \u00e0 quel point il est important de se sentir belle et \u00e0 l\u2019aise dans ses v\u00eatements. Voici pourquoi notre hijab en soie de M\u00e9dine est fait pour toi :<\/span><\/p>\n<ul>\n<li><span style=\"color: #000000;\"><strong>Qualit\u00e9 exceptionnelle<\/strong> : Nos hijabs sont soigneusement confectionn\u00e9s en Turquie pour garantir ainsi le meilleur rendu.<\/span><\/li>\n<li><span style=\"color: #000000;\"><strong>Large choix de couleurs<\/strong> : Trouve donc facilement la teinte parfaite pour sublimer ton teint.<\/span><\/li>\n<li><span style=\"color: #000000;\"><strong>Prix abordables<\/strong> : Une \u00e9l\u00e9gance accessible, pour te faire plaisir sans te ruiner.<\/span><\/li>\n<li><span style=\"color: #000000;\"><strong>Service client au top<\/strong> : Nous sommes l\u00e0 pour r\u00e9pondre \u00e0 toutes tes questions et aussi t\u2019accompagner dans ton choix.<\/span><\/li>\n<\/ul>\n<p><span style=\"color: #000000;\">De plus, pour compl\u00e9ter ton look, d\u00e9couvre aussi notre collection d\u2019<strong>abayas \u00e9l\u00e9gantes<\/strong> : <a style=\"color: #000000;\" href=\"https:\/\/moonia-boutique.com\/en\/product-category\/abaya\/\" target=\"_new\" rel=\"noopener\">Abaya<\/a>.<\/span><\/p>\n<h2><span style=\"color: #000000;\"><strong>Hijab Soie de M\u00e9dine de Turquie: Un Cadeau Id\u00e9al pour Une Hijabi<\/strong><\/span><\/h2>\n<p><span style=\"color: #000000;\">Ce hijab est aussi parfait comme cadeau\u202f! Si tu veux faire plaisir \u00e0 une amie ou bien \u00e0 une s\u0153ur, c\u2019est le choix r\u00eav\u00e9. Pense \u00e0 nos box cadeaux disponibles sur le site, pour une surprise \u00e9l\u00e9gante et pratique.<\/span><\/p>\n<h2><span style=\"color: #000000;\"><strong>Pr\u00e9cautions d\u2019Entretien<\/strong><\/span><\/h2>\n<p><span style=\"color: #000000;\">Pour que ton hijab garde toute sa beaut\u00e9 :<\/span><\/p>\n<ul>\n<li><span style=\"color: #000000;\">Lave-le \u00e0 la machine \u00e0 30 \u00b0C (ou \u00e0 la main pour plus de pr\u00e9caution).<\/span><\/li>\n<li><span style=\"color: #000000;\">\u00c9vite le repassage : il reste lisse naturellement.<\/span><\/li>\n<li><span style=\"color: #000000;\">Ne le m\u00e9lange pas avec d&#8217;autres couleurs lors du lavage.<\/span><\/li>\n<\/ul>\n<h2><span style=\"color: #000000;\"><strong>D\u00e9couvre Plus sur Notre Boutique Musulmane<\/strong><\/span><\/h2>\n<p><span style=\"color: #000000;\">Pr\u00eate \u00e0 adopter ce must-have\u202f? Commande d\u00e8s maintenant sur notre site\u202f: <a style=\"color: #000000;\" href=\"https:\/\/moonia-boutique.com\/en\/\" target=\"_new\" rel=\"noopener\">Moonia Boutique<\/a>. Tu y trouveras aussi une s\u00e9lection de hijabs vari\u00e9s pour compl\u00e9ter ta collection : <a style=\"color: #000000;\" href=\"https:\/\/moonia-boutique.com\/en\/product-category\/hijab\/\" target=\"_new\" rel=\"noopener\">Hijab<\/a>.<\/span><\/p>\n<p><span style=\"color: #000000;\">Et pour en savoir plus sur les valeurs islamiques li\u00e9es \u00e0 la pudeur, visite donc ce site : <a style=\"color: #000000;\" href=\"https:\/\/www.3ilmchar3i.net\/\" target=\"_new\" rel=\"noopener\">ilm char3i<\/a>.<\/span><\/p>\n<\/div>\n<\/div>\n<\/div>\n<\/div>","protected":false},"excerpt":{"rendered":"<p dir=\"auto\" data-sanitized-data-mce-fragment=\"1\">Hijab Soie de M\u00e9dine Turquie : chic et pratique pour femmes musulmanes. Douceur, opacit\u00e9 et \u00e9l\u00e9gance pour toutes les occasions. Commande sur Moonia\u202f!C\u2019est le hijab num\u00e9ro 1 du moment . Il est un\u00a0<strong>incontournable<\/strong>\u00a0de la garde-robe de la femme musulmane.\u00a0<span data-sanitized-data-mce-fragment=\"1\">Avec sa\u00a0<strong>douceur<\/strong>\u00a0et\u00a0son aspect l\u00e9g\u00e8rement\u00a0<strong>brillant<\/strong>\u00a0la Soie de Medine est un hijab\u00a0<strong>premium<\/strong>. C\u2019est le hijab pour toutes les grandes occasions. Effet\u00a0<strong>classe<\/strong>,\u00a0<strong>chic<\/strong>\u00a0et\u00a0<strong>raffin\u00e9<\/strong>. Une touche d\u2019<strong>\u00e9l\u00e9gance<\/strong>\u00a0qui ira avec toute vos tenues.\u00a0\u00a0Il est\u00a0<strong>l\u00e9ger<\/strong>\u00a0et\u00a0<strong>fluide<\/strong>\u00a0malgr\u00e9 cela il reste totalement\u00a0<strong>opaque<\/strong>. Box For Sister vous propose la meilleure qualit\u00e9 de soie de Medine. Nos hijabs sont fabriqu\u00e9s en <strong>Turquie<\/strong>.<\/span><\/p>","protected":false},"featured_media":3199699,"comment_status":"open","ping_status":"closed","template":"","meta":{"_acf_changed":false,"_mo_disable_npp":""},"product_brand":[],"product_cat":[570,431,134,524,340,420,371],"product_tag":[],"giftcard-category":[],"class_list":{"0":"post-4134","1":"product","2":"type-product","3":"status-publish","4":"has-post-thumbnail","6":"product_cat-bestseller","7":"product_cat-f-t","8":"product_cat-hijab","9":"product_cat-hijab-pour-compose-ta-box","10":"product_cat-hijab-premium","11":"product_cat-hijab-soie-de-medine","12":"product_cat-ini","14":"first","15":"instock","16":"taxable","17":"shipping-taxable","18":"purchasable","19":"product-type-variable","20":"rtwpvs-product"},"composite_virtual":false,"composite_layout":"","composite_add_to_cart_form_location":"","composite_editable_in_cart":false,"composite_sold_individually_context":"","composite_shop_price_calc":"","composite_components":[],"composite_scenarios":[],"acf":[],"yoast_head":"<!-- This site is optimized with the Yoast SEO plugin v26.6 - https:\/\/yoast.com\/wordpress\/plugins\/seo\/ -->\n<title>Hijab Soie de M\u00e9dine de Turquie \u2013 \u00c9l\u00e9gance Femme Musulmane<\/title>\n<meta name=\"description\" content=\"Hijab Soie de M\u00e9dine Turquie : chic et pratique pour femmes musulmanes. Douceur, opacit\u00e9 et \u00e9l\u00e9gance pour toutes les occasions. Commande sur Moonia\u202f!\" \/>\n<meta name=\"robots\" content=\"index, follow, max-snippet:-1, max-image-preview:large, max-video-preview:-1\" \/>\n<link rel=\"canonical\" href=\"https:\/\/moonia-boutique.com\/en\/product\/hijab-soie-de-medine\/\" \/>\n<meta property=\"og:locale\" content=\"en_GB\" \/>\n<meta property=\"og:type\" content=\"article\" \/>\n<meta property=\"og:title\" content=\"Hijab Soie de M\u00e9dine de Turquie \u2013 \u00c9l\u00e9gance Femme Musulmane\" \/>\n<meta property=\"og:description\" content=\"Hijab Soie de M\u00e9dine Turquie : chic et pratique pour femmes musulmanes. Douceur, opacit\u00e9 et \u00e9l\u00e9gance pour toutes les occasions. Commande sur Moonia\u202f!\" \/>\n<meta property=\"og:url\" content=\"https:\/\/moonia-boutique.com\/en\/product\/hijab-soie-de-medine\/\" \/>\n<meta property=\"og:site_name\" content=\"Moonia Boutique\" \/>\n<meta property=\"article:modified_time\" content=\"2026-03-13T22:39:32+00:00\" \/>\n<meta property=\"og:image\" content=\"http:\/\/moonia-boutique.com\/wp-content\/uploads\/2021\/12\/img_4393.jpeg\" \/>\n\t<meta property=\"og:image:width\" content=\"1290\" \/>\n\t<meta property=\"og:image:height\" content=\"1489\" \/>\n\t<meta property=\"og:image:type\" content=\"image\/jpeg\" \/>\n<meta name=\"twitter:card\" content=\"summary_large_image\" \/>\n<meta name=\"twitter:label1\" content=\"Estimated reading time\" \/>\n\t<meta name=\"twitter:data1\" content=\"4 minutes\" \/>\n<script type=\"application\/ld+json\" class=\"yoast-schema-graph\">{\"@context\":\"https:\/\/schema.org\",\"@graph\":[{\"@type\":\"WebPage\",\"@id\":\"https:\/\/moonia-boutique.com\/produit\/hijab-soie-de-medine\/\",\"url\":\"https:\/\/moonia-boutique.com\/produit\/hijab-soie-de-medine\/\",\"name\":\"Hijab Soie de M\u00e9dine de Turquie \u2013 \u00c9l\u00e9gance Femme Musulmane\",\"isPartOf\":{\"@id\":\"https:\/\/moonia-boutique.com\/#website\"},\"primaryImageOfPage\":{\"@id\":\"https:\/\/moonia-boutique.com\/produit\/hijab-soie-de-medine\/#primaryimage\"},\"image\":{\"@id\":\"https:\/\/moonia-boutique.com\/produit\/hijab-soie-de-medine\/#primaryimage\"},\"thumbnailUrl\":\"https:\/\/moonia-boutique.com\/wp-content\/uploads\/2021\/12\/img_4393.jpeg\",\"datePublished\":\"2020-11-18T15:30:04+00:00\",\"dateModified\":\"2026-03-13T22:39:32+00:00\",\"description\":\"Hijab Soie de M\u00e9dine Turquie : chic et pratique pour femmes musulmanes. Douceur, opacit\u00e9 et \u00e9l\u00e9gance pour toutes les occasions. Commande sur Moonia\u202f!\",\"breadcrumb\":{\"@id\":\"https:\/\/moonia-boutique.com\/produit\/hijab-soie-de-medine\/#breadcrumb\"},\"inLanguage\":\"en-GB\",\"potentialAction\":[{\"@type\":\"ReadAction\",\"target\":[\"https:\/\/moonia-boutique.com\/produit\/hijab-soie-de-medine\/\"]}]},{\"@type\":\"ImageObject\",\"inLanguage\":\"en-GB\",\"@id\":\"https:\/\/moonia-boutique.com\/produit\/hijab-soie-de-medine\/#primaryimage\",\"url\":\"https:\/\/moonia-boutique.com\/wp-content\/uploads\/2021\/12\/img_4393.jpeg\",\"contentUrl\":\"https:\/\/moonia-boutique.com\/wp-content\/uploads\/2021\/12\/img_4393.jpeg\",\"width\":1290,\"height\":1489},{\"@type\":\"BreadcrumbList\",\"@id\":\"https:\/\/moonia-boutique.com\/produit\/hijab-soie-de-medine\/#breadcrumb\",\"itemListElement\":[{\"@type\":\"ListItem\",\"position\":1,\"name\":\"Accueil\",\"item\":\"https:\/\/moonia-boutique.com\/\"},{\"@type\":\"ListItem\",\"position\":2,\"name\":\"Boutique Femme Musulmane\",\"item\":\"https:\/\/moonia-boutique.com\/boutique\/\"},{\"@type\":\"ListItem\",\"position\":3,\"name\":\"Hijab Soie de M\u00e9dine de Turquie\"}]},{\"@type\":\"WebSite\",\"@id\":\"https:\/\/moonia-boutique.com\/#website\",\"url\":\"https:\/\/moonia-boutique.com\/\",\"name\":\"Moonia Boutique\",\"description\":\"Moonia Boutique - Le site de mode de la femme musulmane !\",\"publisher\":{\"@id\":\"https:\/\/moonia-boutique.com\/#organization\"},\"potentialAction\":[{\"@type\":\"SearchAction\",\"target\":{\"@type\":\"EntryPoint\",\"urlTemplate\":\"https:\/\/moonia-boutique.com\/?s={search_term_string}\"},\"query-input\":{\"@type\":\"PropertyValueSpecification\",\"valueRequired\":true,\"valueName\":\"search_term_string\"}}],\"inLanguage\":\"en-GB\"},{\"@type\":\"Organization\",\"@id\":\"https:\/\/moonia-boutique.com\/#organization\",\"name\":\"Moonia Boutique\",\"url\":\"https:\/\/moonia-boutique.com\/\",\"logo\":{\"@type\":\"ImageObject\",\"inLanguage\":\"en-GB\",\"@id\":\"https:\/\/moonia-boutique.com\/#\/schema\/logo\/image\/\",\"url\":\"https:\/\/moonia-boutique.com\/wp-content\/uploads\/2023\/08\/Sans-titre-1000-x-1000-px.png\",\"contentUrl\":\"https:\/\/moonia-boutique.com\/wp-content\/uploads\/2023\/08\/Sans-titre-1000-x-1000-px.png\",\"width\":1000,\"height\":1000,\"caption\":\"Moonia Boutique\"},\"image\":{\"@id\":\"https:\/\/moonia-boutique.com\/#\/schema\/logo\/image\/\"}}]}<\/script>\n<!-- \/ Yoast SEO plugin. -->","yoast_head_json":{"title":"Hijab Soie de M\u00e9dine de Turquie \u2013 \u00c9l\u00e9gance Femme Musulmane","description":"Hijab Soie de M\u00e9dine Turquie : chic et pratique pour femmes musulmanes. Douceur, opacit\u00e9 et \u00e9l\u00e9gance pour toutes les occasions. Commande sur Moonia\u202f!","robots":{"index":"index","follow":"follow","max-snippet":"max-snippet:-1","max-image-preview":"max-image-preview:large","max-video-preview":"max-video-preview:-1"},"canonical":"https:\/\/moonia-boutique.com\/en\/product\/hijab-soie-de-medine\/","og_locale":"en_GB","og_type":"article","og_title":"Hijab Soie de M\u00e9dine de Turquie \u2013 \u00c9l\u00e9gance Femme Musulmane","og_description":"Hijab Soie de M\u00e9dine Turquie : chic et pratique pour femmes musulmanes. Douceur, opacit\u00e9 et \u00e9l\u00e9gance pour toutes les occasions. Commande sur Moonia\u202f!","og_url":"https:\/\/moonia-boutique.com\/en\/product\/hijab-soie-de-medine\/","og_site_name":"Moonia Boutique","article_modified_time":"2026-03-13T22:39:32+00:00","og_image":[{"width":1290,"height":1489,"url":"http:\/\/moonia-boutique.com\/wp-content\/uploads\/2021\/12\/img_4393.jpeg","type":"image\/jpeg"}],"twitter_card":"summary_large_image","twitter_misc":{"Estimated reading time":"4 minutes"},"schema":{"@context":"https:\/\/schema.org","@graph":[{"@type":"WebPage","@id":"https:\/\/moonia-boutique.com\/produit\/hijab-soie-de-medine\/","url":"https:\/\/moonia-boutique.com\/produit\/hijab-soie-de-medine\/","name":"Hijab Soie de M\u00e9dine de Turquie \u2013 \u00c9l\u00e9gance Femme Musulmane","isPartOf":{"@id":"https:\/\/moonia-boutique.com\/#website"},"primaryImageOfPage":{"@id":"https:\/\/moonia-boutique.com\/produit\/hijab-soie-de-medine\/#primaryimage"},"image":{"@id":"https:\/\/moonia-boutique.com\/produit\/hijab-soie-de-medine\/#primaryimage"},"thumbnailUrl":"https:\/\/moonia-boutique.com\/wp-content\/uploads\/2021\/12\/img_4393.jpeg","datePublished":"2020-11-18T15:30:04+00:00","dateModified":"2026-03-13T22:39:32+00:00","description":"Hijab Soie de M\u00e9dine Turquie : chic et pratique pour femmes musulmanes. Douceur, opacit\u00e9 et \u00e9l\u00e9gance pour toutes les occasions. Commande sur Moonia\u202f!","breadcrumb":{"@id":"https:\/\/moonia-boutique.com\/produit\/hijab-soie-de-medine\/#breadcrumb"},"inLanguage":"en-GB","potentialAction":[{"@type":"ReadAction","target":["https:\/\/moonia-boutique.com\/produit\/hijab-soie-de-medine\/"]}]},{"@type":"ImageObject","inLanguage":"en-GB","@id":"https:\/\/moonia-boutique.com\/produit\/hijab-soie-de-medine\/#primaryimage","url":"https:\/\/moonia-boutique.com\/wp-content\/uploads\/2021\/12\/img_4393.jpeg","contentUrl":"https:\/\/moonia-boutique.com\/wp-content\/uploads\/2021\/12\/img_4393.jpeg","width":1290,"height":1489},{"@type":"BreadcrumbList","@id":"https:\/\/moonia-boutique.com\/produit\/hijab-soie-de-medine\/#breadcrumb","itemListElement":[{"@type":"ListItem","position":1,"name":"Accueil","item":"https:\/\/moonia-boutique.com\/"},{"@type":"ListItem","position":2,"name":"Boutique Femme Musulmane","item":"https:\/\/moonia-boutique.com\/boutique\/"},{"@type":"ListItem","position":3,"name":"Hijab Soie de M\u00e9dine de Turquie"}]},{"@type":"WebSite","@id":"https:\/\/moonia-boutique.com\/#website","url":"https:\/\/moonia-boutique.com\/","name":"Moonia Boutique","description":"Moonia Boutique - Le site de mode de la femme musulmane !","publisher":{"@id":"https:\/\/moonia-boutique.com\/#organization"},"potentialAction":[{"@type":"SearchAction","target":{"@type":"EntryPoint","urlTemplate":"https:\/\/moonia-boutique.com\/?s={search_term_string}"},"query-input":{"@type":"PropertyValueSpecification","valueRequired":true,"valueName":"search_term_string"}}],"inLanguage":"en-GB"},{"@type":"Organization","@id":"https:\/\/moonia-boutique.com\/#organization","name":"Moonia Boutique","url":"https:\/\/moonia-boutique.com\/","logo":{"@type":"ImageObject","inLanguage":"en-GB","@id":"https:\/\/moonia-boutique.com\/#\/schema\/logo\/image\/","url":"https:\/\/moonia-boutique.com\/wp-content\/uploads\/2023\/08\/Sans-titre-1000-x-1000-px.png","contentUrl":"https:\/\/moonia-boutique.com\/wp-content\/uploads\/2023\/08\/Sans-titre-1000-x-1000-px.png","width":1000,"height":1000,"caption":"Moonia Boutique"},"image":{"@id":"https:\/\/moonia-boutique.com\/#\/schema\/logo\/image\/"}}]}},"jetpack_sharing_enabled":true,"_links":{"self":[{"href":"https:\/\/moonia-boutique.com\/en\/wp-json\/wp\/v2\/product\/4134","targetHints":{"allow":["GET"]}}],"collection":[{"href":"https:\/\/moonia-boutique.com\/en\/wp-json\/wp\/v2\/product"}],"about":[{"href":"https:\/\/moonia-boutique.com\/en\/wp-json\/wp\/v2\/types\/product"}],"replies":[{"embeddable":true,"href":"https:\/\/moonia-boutique.com\/en\/wp-json\/wp\/v2\/comments?post=4134"}],"wp:featuredmedia":[{"embeddable":true,"href":"https:\/\/moonia-boutique.com\/en\/wp-json\/wp\/v2\/media\/3199699"}],"wp:attachment":[{"href":"https:\/\/moonia-boutique.com\/en\/wp-json\/wp\/v2\/media?parent=4134"}],"wp:term":[{"taxonomy":"product_brand","embeddable":true,"href":"https:\/\/moonia-boutique.com\/en\/wp-json\/wp\/v2\/product_brand?post=4134"},{"taxonomy":"product_cat","embeddable":true,"href":"https:\/\/moonia-boutique.com\/en\/wp-json\/wp\/v2\/product_cat?post=4134"},{"taxonomy":"product_tag","embeddable":true,"href":"https:\/\/moonia-boutique.com\/en\/wp-json\/wp\/v2\/product_tag?post=4134"},{"taxonomy":"giftcard-category","embeddable":true,"href":"https:\/\/moonia-boutique.com\/en\/wp-json\/wp\/v2\/giftcard-category?post=4134"}],"curies":[{"name":"wp","href":"https:\/\/api.w.org\/{rel}","templated":true}]}}