{"id":4567,"date":"2020-09-25T18:08:44","date_gmt":"2020-09-25T16:08:44","guid":{"rendered":"https:\/\/moonia-boutique.com\/?post_type=product&#038;p=4567"},"modified":"2026-04-12T21:41:21","modified_gmt":"2026-04-12T19:41:21","slug":"pic-a-hijab-avec-capuchon","status":"publish","type":"product","link":"https:\/\/moonia-boutique.com\/en\/product\/pic-a-hijab-avec-capuchon\/","title":{"rendered":"Broche \u00e0 Hijab"},"content":{"rendered":"<p>Voici une magnifique broche \u00e0 hijab compos\u00e9 d&#8217;un diamant et d&#8217;une perle de quoi apporter une touche d&#8217;\u00e9l\u00e9gance \u00e0 toutes vos tenues.<\/p>","protected":false},"excerpt":{"rendered":"<p>Voici un magnifique pic \u00e0 hijab compos\u00e9 d&#8217;un diamant et d&#8217;une perle de quoi apporter une touche d&#8217;\u00e9l\u00e9gance \u00e0 toutes vos tenues.<\/p>","protected":false},"featured_media":6948,"comment_status":"open","ping_status":"closed","template":"","meta":{"_acf_changed":false,"_mo_disable_npp":""},"product_brand":[],"product_cat":[146,235,241,371],"product_tag":[],"giftcard-category":[],"class_list":{"0":"post-4567","1":"product","2":"type-product","3":"status-publish","4":"has-post-thumbnail","6":"product_cat-accessoire-hijab","7":"product_cat-bonus-femme","8":"product_cat-pinces-et-epingles","9":"product_cat-ini","11":"first","12":"instock","13":"taxable","14":"shipping-taxable","15":"purchasable","16":"product-type-simple"},"composite_virtual":false,"composite_layout":"","composite_add_to_cart_form_location":"","composite_editable_in_cart":false,"composite_sold_individually_context":"","composite_shop_price_calc":"","composite_components":[],"composite_scenarios":[],"acf":[],"yoast_head":"<!-- This site is optimized with the Yoast SEO plugin v26.6 - https:\/\/yoast.com\/wordpress\/plugins\/seo\/ -->\n<title>Broche \u00e0 Hijab - Moonia Boutique<\/title>\n<meta name=\"robots\" content=\"index, follow, max-snippet:-1, max-image-preview:large, max-video-preview:-1\" \/>\n<link rel=\"canonical\" href=\"https:\/\/moonia-boutique.com\/en\/product\/pic-a-hijab-avec-capuchon\/\" \/>\n<meta property=\"og:locale\" content=\"en_GB\" \/>\n<meta property=\"og:type\" content=\"article\" \/>\n<meta property=\"og:title\" content=\"Broche \u00e0 Hijab - Moonia Boutique\" \/>\n<meta property=\"og:description\" content=\"Voici un magnifique pic \u00e0 hijab compos\u00e9 d&#8217;un diamant et d&#8217;une perle de quoi apporter une touche d&#8217;\u00e9l\u00e9gance \u00e0 toutes vos tenues.\" \/>\n<meta property=\"og:url\" content=\"https:\/\/moonia-boutique.com\/en\/product\/pic-a-hijab-avec-capuchon\/\" \/>\n<meta property=\"og:site_name\" content=\"Moonia Boutique\" \/>\n<meta property=\"article:modified_time\" content=\"2026-04-12T19:41:21+00:00\" \/>\n<meta property=\"og:image\" content=\"https:\/\/moonia-boutique.com\/wp-content\/uploads\/2020\/11\/82465511-A59B-403B-BA40-B27C23BD4937.jpeg\" \/>\n\t<meta property=\"og:image:width\" content=\"2048\" \/>\n\t<meta property=\"og:image:height\" content=\"1991\" \/>\n\t<meta property=\"og:image:type\" content=\"image\/jpeg\" \/>\n<meta name=\"twitter:card\" content=\"summary_large_image\" \/>\n<script type=\"application\/ld+json\" class=\"yoast-schema-graph\">{\"@context\":\"https:\/\/schema.org\",\"@graph\":[{\"@type\":\"WebPage\",\"@id\":\"https:\/\/moonia-boutique.com\/produit\/pic-a-hijab-avec-capuchon\/\",\"url\":\"https:\/\/moonia-boutique.com\/produit\/pic-a-hijab-avec-capuchon\/\",\"name\":\"Broche \u00e0 Hijab - Moonia Boutique\",\"isPartOf\":{\"@id\":\"https:\/\/moonia-boutique.com\/#website\"},\"primaryImageOfPage\":{\"@id\":\"https:\/\/moonia-boutique.com\/produit\/pic-a-hijab-avec-capuchon\/#primaryimage\"},\"image\":{\"@id\":\"https:\/\/moonia-boutique.com\/produit\/pic-a-hijab-avec-capuchon\/#primaryimage\"},\"thumbnailUrl\":\"https:\/\/moonia-boutique.com\/wp-content\/uploads\/2020\/11\/82465511-A59B-403B-BA40-B27C23BD4937.jpeg\",\"datePublished\":\"2020-09-25T16:08:44+00:00\",\"dateModified\":\"2026-04-12T19:41:21+00:00\",\"breadcrumb\":{\"@id\":\"https:\/\/moonia-boutique.com\/produit\/pic-a-hijab-avec-capuchon\/#breadcrumb\"},\"inLanguage\":\"en-GB\",\"potentialAction\":[{\"@type\":\"ReadAction\",\"target\":[\"https:\/\/moonia-boutique.com\/produit\/pic-a-hijab-avec-capuchon\/\"]}]},{\"@type\":\"ImageObject\",\"inLanguage\":\"en-GB\",\"@id\":\"https:\/\/moonia-boutique.com\/produit\/pic-a-hijab-avec-capuchon\/#primaryimage\",\"url\":\"https:\/\/moonia-boutique.com\/wp-content\/uploads\/2020\/11\/82465511-A59B-403B-BA40-B27C23BD4937.jpeg\",\"contentUrl\":\"https:\/\/moonia-boutique.com\/wp-content\/uploads\/2020\/11\/82465511-A59B-403B-BA40-B27C23BD4937.jpeg\",\"width\":2048,\"height\":1991,\"caption\":\"Broche \u00e0 Hijab\"},{\"@type\":\"BreadcrumbList\",\"@id\":\"https:\/\/moonia-boutique.com\/produit\/pic-a-hijab-avec-capuchon\/#breadcrumb\",\"itemListElement\":[{\"@type\":\"ListItem\",\"position\":1,\"name\":\"Accueil\",\"item\":\"https:\/\/moonia-boutique.com\/\"},{\"@type\":\"ListItem\",\"position\":2,\"name\":\"Boutique Femme Musulmane\",\"item\":\"https:\/\/moonia-boutique.com\/boutique\/\"},{\"@type\":\"ListItem\",\"position\":3,\"name\":\"Broche \u00e0 Hijab\"}]},{\"@type\":\"WebSite\",\"@id\":\"https:\/\/moonia-boutique.com\/#website\",\"url\":\"https:\/\/moonia-boutique.com\/\",\"name\":\"Moonia Boutique\",\"description\":\"Moonia Boutique - Le site de mode de la femme musulmane !\",\"publisher\":{\"@id\":\"https:\/\/moonia-boutique.com\/#organization\"},\"potentialAction\":[{\"@type\":\"SearchAction\",\"target\":{\"@type\":\"EntryPoint\",\"urlTemplate\":\"https:\/\/moonia-boutique.com\/?s={search_term_string}\"},\"query-input\":{\"@type\":\"PropertyValueSpecification\",\"valueRequired\":true,\"valueName\":\"search_term_string\"}}],\"inLanguage\":\"en-GB\"},{\"@type\":\"Organization\",\"@id\":\"https:\/\/moonia-boutique.com\/#organization\",\"name\":\"Moonia Boutique\",\"url\":\"https:\/\/moonia-boutique.com\/\",\"logo\":{\"@type\":\"ImageObject\",\"inLanguage\":\"en-GB\",\"@id\":\"https:\/\/moonia-boutique.com\/#\/schema\/logo\/image\/\",\"url\":\"https:\/\/moonia-boutique.com\/wp-content\/uploads\/2023\/08\/Sans-titre-1000-x-1000-px.png\",\"contentUrl\":\"https:\/\/moonia-boutique.com\/wp-content\/uploads\/2023\/08\/Sans-titre-1000-x-1000-px.png\",\"width\":1000,\"height\":1000,\"caption\":\"Moonia Boutique\"},\"image\":{\"@id\":\"https:\/\/moonia-boutique.com\/#\/schema\/logo\/image\/\"}}]}<\/script>\n<!-- \/ Yoast SEO plugin. -->","yoast_head_json":{"title":"Broche \u00e0 Hijab - Moonia Boutique","robots":{"index":"index","follow":"follow","max-snippet":"max-snippet:-1","max-image-preview":"max-image-preview:large","max-video-preview":"max-video-preview:-1"},"canonical":"https:\/\/moonia-boutique.com\/en\/product\/pic-a-hijab-avec-capuchon\/","og_locale":"en_GB","og_type":"article","og_title":"Broche \u00e0 Hijab - Moonia Boutique","og_description":"Voici un magnifique pic \u00e0 hijab compos\u00e9 d&#8217;un diamant et d&#8217;une perle de quoi apporter une touche d&#8217;\u00e9l\u00e9gance \u00e0 toutes vos tenues.","og_url":"https:\/\/moonia-boutique.com\/en\/product\/pic-a-hijab-avec-capuchon\/","og_site_name":"Moonia Boutique","article_modified_time":"2026-04-12T19:41:21+00:00","og_image":[{"width":2048,"height":1991,"url":"https:\/\/moonia-boutique.com\/wp-content\/uploads\/2020\/11\/82465511-A59B-403B-BA40-B27C23BD4937.jpeg","type":"image\/jpeg"}],"twitter_card":"summary_large_image","schema":{"@context":"https:\/\/schema.org","@graph":[{"@type":"WebPage","@id":"https:\/\/moonia-boutique.com\/produit\/pic-a-hijab-avec-capuchon\/","url":"https:\/\/moonia-boutique.com\/produit\/pic-a-hijab-avec-capuchon\/","name":"Broche \u00e0 Hijab - Moonia Boutique","isPartOf":{"@id":"https:\/\/moonia-boutique.com\/#website"},"primaryImageOfPage":{"@id":"https:\/\/moonia-boutique.com\/produit\/pic-a-hijab-avec-capuchon\/#primaryimage"},"image":{"@id":"https:\/\/moonia-boutique.com\/produit\/pic-a-hijab-avec-capuchon\/#primaryimage"},"thumbnailUrl":"https:\/\/moonia-boutique.com\/wp-content\/uploads\/2020\/11\/82465511-A59B-403B-BA40-B27C23BD4937.jpeg","datePublished":"2020-09-25T16:08:44+00:00","dateModified":"2026-04-12T19:41:21+00:00","breadcrumb":{"@id":"https:\/\/moonia-boutique.com\/produit\/pic-a-hijab-avec-capuchon\/#breadcrumb"},"inLanguage":"en-GB","potentialAction":[{"@type":"ReadAction","target":["https:\/\/moonia-boutique.com\/produit\/pic-a-hijab-avec-capuchon\/"]}]},{"@type":"ImageObject","inLanguage":"en-GB","@id":"https:\/\/moonia-boutique.com\/produit\/pic-a-hijab-avec-capuchon\/#primaryimage","url":"https:\/\/moonia-boutique.com\/wp-content\/uploads\/2020\/11\/82465511-A59B-403B-BA40-B27C23BD4937.jpeg","contentUrl":"https:\/\/moonia-boutique.com\/wp-content\/uploads\/2020\/11\/82465511-A59B-403B-BA40-B27C23BD4937.jpeg","width":2048,"height":1991,"caption":"Broche \u00e0 Hijab"},{"@type":"BreadcrumbList","@id":"https:\/\/moonia-boutique.com\/produit\/pic-a-hijab-avec-capuchon\/#breadcrumb","itemListElement":[{"@type":"ListItem","position":1,"name":"Accueil","item":"https:\/\/moonia-boutique.com\/"},{"@type":"ListItem","position":2,"name":"Boutique Femme Musulmane","item":"https:\/\/moonia-boutique.com\/boutique\/"},{"@type":"ListItem","position":3,"name":"Broche \u00e0 Hijab"}]},{"@type":"WebSite","@id":"https:\/\/moonia-boutique.com\/#website","url":"https:\/\/moonia-boutique.com\/","name":"Moonia Boutique","description":"Moonia Boutique - Le site de mode de la femme musulmane !","publisher":{"@id":"https:\/\/moonia-boutique.com\/#organization"},"potentialAction":[{"@type":"SearchAction","target":{"@type":"EntryPoint","urlTemplate":"https:\/\/moonia-boutique.com\/?s={search_term_string}"},"query-input":{"@type":"PropertyValueSpecification","valueRequired":true,"valueName":"search_term_string"}}],"inLanguage":"en-GB"},{"@type":"Organization","@id":"https:\/\/moonia-boutique.com\/#organization","name":"Moonia Boutique","url":"https:\/\/moonia-boutique.com\/","logo":{"@type":"ImageObject","inLanguage":"en-GB","@id":"https:\/\/moonia-boutique.com\/#\/schema\/logo\/image\/","url":"https:\/\/moonia-boutique.com\/wp-content\/uploads\/2023\/08\/Sans-titre-1000-x-1000-px.png","contentUrl":"https:\/\/moonia-boutique.com\/wp-content\/uploads\/2023\/08\/Sans-titre-1000-x-1000-px.png","width":1000,"height":1000,"caption":"Moonia Boutique"},"image":{"@id":"https:\/\/moonia-boutique.com\/#\/schema\/logo\/image\/"}}]}},"jetpack_sharing_enabled":true,"_links":{"self":[{"href":"https:\/\/moonia-boutique.com\/en\/wp-json\/wp\/v2\/product\/4567","targetHints":{"allow":["GET"]}}],"collection":[{"href":"https:\/\/moonia-boutique.com\/en\/wp-json\/wp\/v2\/product"}],"about":[{"href":"https:\/\/moonia-boutique.com\/en\/wp-json\/wp\/v2\/types\/product"}],"replies":[{"embeddable":true,"href":"https:\/\/moonia-boutique.com\/en\/wp-json\/wp\/v2\/comments?post=4567"}],"wp:featuredmedia":[{"embeddable":true,"href":"https:\/\/moonia-boutique.com\/en\/wp-json\/wp\/v2\/media\/6948"}],"wp:attachment":[{"href":"https:\/\/moonia-boutique.com\/en\/wp-json\/wp\/v2\/media?parent=4567"}],"wp:term":[{"taxonomy":"product_brand","embeddable":true,"href":"https:\/\/moonia-boutique.com\/en\/wp-json\/wp\/v2\/product_brand?post=4567"},{"taxonomy":"product_cat","embeddable":true,"href":"https:\/\/moonia-boutique.com\/en\/wp-json\/wp\/v2\/product_cat?post=4567"},{"taxonomy":"product_tag","embeddable":true,"href":"https:\/\/moonia-boutique.com\/en\/wp-json\/wp\/v2\/product_tag?post=4567"},{"taxonomy":"giftcard-category","embeddable":true,"href":"https:\/\/moonia-boutique.com\/en\/wp-json\/wp\/v2\/giftcard-category?post=4567"}],"curies":[{"name":"wp","href":"https:\/\/api.w.org\/{rel}","templated":true}]}}