{"id":4918,"date":"2021-08-26T09:55:55","date_gmt":"2021-08-26T07:55:55","guid":{"rendered":"https:\/\/moonia-boutique.com\/?post_type=product&#038;p=4918"},"modified":"2026-03-09T17:20:39","modified_gmt":"2026-03-09T16:20:39","slug":"robe-de-priere-aylin","status":"publish","type":"product","link":"https:\/\/moonia-boutique.com\/en\/product\/robe-de-priere-aylin\/","title":{"rendered":"Robe de pri\u00e8re 2 pi\u00e8ces Aylin"},"content":{"rendered":"<h1>Robe de pri\u00e8re Aylin facile \u00e0 enfiler<\/h1>\n<p>D\u00e9couvrez&nbsp;<strong>la robe de pri\u00e8re<\/strong> Aylin !&nbsp; Celle-ci est compos\u00e9e d\u2019une <strong>longue tunique<\/strong>&nbsp;et d\u2019un&nbsp;<strong>hijab int\u00e9gr\u00e9<\/strong>. Ainsi, le&nbsp;<strong>hijab<\/strong> est cousu dans la robe. De plus, elle est tr\u00e8s <strong>facile \u00e0 enfiler<\/strong>, en 5 secondes vous \u00eates<strong>&nbsp;pr\u00eate \u00e0 prier<\/strong>. Son tissu en&nbsp;<strong>jersey et en cotton<\/strong>&nbsp;est tr\u00e8s&nbsp;<strong>confortable<\/strong>. Le <strong>tissu<\/strong> en <strong>jersey<\/strong> est <strong>\u00e9lastique<\/strong> et permet notamment un bon <strong>maintien<\/strong> pendant la pri\u00e8re. Le <strong>cotton<\/strong> vous donne une agr\u00e9able <strong>sensation<\/strong> au touch\u00e9. Elle est <strong>ample<\/strong> et cache bien les formes. Cette tenue s\u2019adapte \u00e0 toutes les morphologies. Elle est aussi tr\u00e8s&nbsp;<strong>joli<\/strong>&nbsp;et peut \u00eatre aussi&nbsp;<strong>porter<\/strong>&nbsp;au quotidien. En cas d\u2019invit\u00e9 surprise, vous pourrez vous habiller tr\u00e8s rapidement. Enfin, La tenue est tr\u00e8s&nbsp;<strong>pratique<\/strong>&nbsp;afin de permettre \u00e0 toutes nos&nbsp;<strong>s\u0153urs<\/strong>&nbsp;d\u2019avoir un&nbsp;<strong>v\u00eatement<\/strong>&nbsp;<strong>d\u00e9di\u00e9 \u00e0 la pri\u00e8re<\/strong>. Vous pouvez essayer aussi nos autres mod\u00e8les de&nbsp;<strong>tenue de pri\u00e8re&nbsp;<\/strong>dont la&nbsp;<strong><a href=\"https:\/\/moonia-boutique.com\/en\/product\/robe-de-priere\/\">robe de pri\u00e8re taille unique<\/a>.<\/strong>&nbsp;N\u2019h\u00e9sitez pas regarder le&nbsp;<strong>tuto<\/strong>&nbsp;afin de voir \u00e0 quel point elle se met&nbsp;<strong>facilement<\/strong>. Retrouvez toutes nos vid\u00e9o sur&nbsp;<strong><a href=\"https:\/\/www.instagram.com\/p\/CI84VzGIL49\/?utm_source=ig_web_copy_link\">Instagram<\/a><\/strong>. Enfin, c&#8217;est un tr\u00e8s joli cadeau \u00e0 offrir pour une conversion<\/p>\n<p><strong><u>Tissus<\/u><\/strong>: Polyester (50% Jersey 50% viscose)<\/p>\n<p>Taille unique du S au XXL (36-44)<\/p>\n<p>Fabriqu\u00e9e en Turquie<\/p>\n<p>Le Mod\u00e8le mesure 1m72 et porte du&nbsp; habituellement<\/p>\n<p>&nbsp;<\/p>\n<p>&nbsp;<\/p>","protected":false},"excerpt":{"rendered":"<p>D\u00e9couvrez&nbsp;<strong>la robe de pri\u00e8re<\/strong> Aylin !&nbsp; Celle-ci est compos\u00e9e d\u2019une <strong>longue tunique<\/strong>&nbsp;et d\u2019un&nbsp;<strong>hijab int\u00e9gr\u00e9<\/strong>. Ainsi, le&nbsp;<strong>hijab<\/strong> est cousu dans la robe. De plus, elle est tr\u00e8s <strong>facile \u00e0 enfiler<\/strong>, en 5 secondes vous \u00eates<strong>&nbsp;pr\u00eate \u00e0 prier<\/strong>. Son tissu en&nbsp;<strong>jersey et en cotton<\/strong>&nbsp;est tr\u00e8s&nbsp;<strong>confortable<\/strong>. Le <strong>tissu<\/strong> en <strong>jersey<\/strong> est <strong>\u00e9lastique<\/strong> et permet notamment un bon <strong>maintien<\/strong> pendant la pri\u00e8re. Le <strong>cotton<\/strong> vous donne une agr\u00e9able <strong>sensation<\/strong> au touch\u00e9. Elle est <strong>ample<\/strong> et cache bien les formes. Cette tenue s\u2019adapte \u00e0 toutes les morphologies. Elle est aussi tr\u00e8s&nbsp;<strong>joli<\/strong>&nbsp;et peut \u00eatre aussi&nbsp;<strong>porter<\/strong>&nbsp;au quotidien. En cas d\u2019invit\u00e9 surprise, vous pourrez vous habiller tr\u00e8s rapidement. Enfin, La tenue est tr\u00e8s&nbsp;<strong>pratique<\/strong>&nbsp;afin de permettre \u00e0 toutes nos&nbsp;<strong>s\u0153urs<\/strong>&nbsp;d\u2019avoir un&nbsp;<strong>v\u00eatement<\/strong>&nbsp;<strong>d\u00e9di\u00e9 \u00e0 la pri\u00e8re<\/strong>. Vous pouvez essayer aussi nos autres mod\u00e8les de&nbsp;<strong>tenue de pri\u00e8re&nbsp;<\/strong>dont la&nbsp;<strong><a href=\"https:\/\/moonia-boutique.com\/en\/product\/robe-de-priere\/\">robe de pri\u00e8re taille unique<\/a>.<\/strong>&nbsp;N\u2019h\u00e9sitez pas regarder le&nbsp;<strong>tuto<\/strong>&nbsp;afin de voir \u00e0 quel point elle se met&nbsp;<strong>facilement<\/strong>. Retrouvez toutes nos vid\u00e9o sur&nbsp;<strong><a href=\"https:\/\/www.instagram.com\/p\/CI84VzGIL49\/?utm_source=ig_web_copy_link\">Instagram<\/a><\/strong>. Enfin, c\u2019est un tr\u00e8s joli cadeau \u00e0 offrir pour une conversion<\/p>\n<p><strong><u>Tissus<\/u><\/strong>: Polyester (50% Jersey 50% viscose)<\/p>\n<p><strong>Taille unique du S au XXL (36-44)<\/strong><\/p>\n<p>Fabriqu\u00e9e en Turquie<\/p>\n<p>Le Mod\u00e8le mesure 1m72 et porte du&nbsp; habituellement<\/p>","protected":false},"featured_media":3202768,"comment_status":"open","ping_status":"closed","template":"","meta":{"_acf_changed":false,"_mo_disable_npp":""},"product_brand":[],"product_cat":[411,558,569,500,205,196,204,424,422,370],"product_tag":[],"giftcard-category":[],"class_list":{"0":"post-4918","1":"product","2":"type-product","3":"status-publish","4":"has-post-thumbnail","6":"product_cat-soldes-2023","7":"product_cat-black-november-2024","8":"product_cat-black-november-2025","9":"product_cat-hijab-black-november","10":"product_cat-pret-a-porter-pour-femme-musulmane","11":"product_cat-robe-de-priere","12":"product_cat-robe-mastour","13":"product_cat-collection-ramadan","14":"product_cat-hajj-omra","15":"product_cat-z-i","17":"first","18":"instock","19":"sale","20":"taxable","21":"shipping-taxable","22":"purchasable","23":"product-type-variable","24":"rtwpvs-product"},"composite_virtual":false,"composite_layout":"","composite_add_to_cart_form_location":"","composite_editable_in_cart":false,"composite_sold_individually_context":"","composite_shop_price_calc":"","composite_components":[],"composite_scenarios":[],"acf":[],"yoast_head":"<!-- This site is optimized with the Yoast SEO plugin v26.6 - https:\/\/yoast.com\/wordpress\/plugins\/seo\/ -->\n<title>Robe de pri\u00e8re 2 pi\u00e8ces Aylin - Moonia Boutique<\/title>\n<meta name=\"description\" content=\"D\u00e9couvrez\u00a0la robe de pri\u00e8re\u00a0Aylin !\u00a0Celle-ci est compos\u00e9e d\u2019une\u00a0longue tunique\u00a0et d\u2019un\u00a0hijab int\u00e9gr\u00e9. Elle s&#039;enfile tr\u00e8s facilement.\" \/>\n<meta name=\"robots\" content=\"index, follow, max-snippet:-1, max-image-preview:large, max-video-preview:-1\" \/>\n<link rel=\"canonical\" href=\"https:\/\/moonia-boutique.com\/en\/product\/robe-de-priere-aylin\/\" \/>\n<meta property=\"og:locale\" content=\"en_GB\" \/>\n<meta property=\"og:type\" content=\"article\" \/>\n<meta property=\"og:title\" content=\"Robe de pri\u00e8re 2 pi\u00e8ces Aylin - Moonia Boutique\" \/>\n<meta property=\"og:description\" content=\"D\u00e9couvrez\u00a0la robe de pri\u00e8re\u00a0Aylin !\u00a0Celle-ci est compos\u00e9e d\u2019une\u00a0longue tunique\u00a0et d\u2019un\u00a0hijab int\u00e9gr\u00e9. Elle s&#039;enfile tr\u00e8s facilement.\" \/>\n<meta property=\"og:url\" content=\"https:\/\/moonia-boutique.com\/en\/product\/robe-de-priere-aylin\/\" \/>\n<meta property=\"og:site_name\" content=\"Moonia Boutique\" \/>\n<meta property=\"article:modified_time\" content=\"2026-03-09T16:20:39+00:00\" \/>\n<meta property=\"og:image\" content=\"https:\/\/moonia-boutique.com\/wp-content\/uploads\/2022\/06\/img_9530.jpeg\" \/>\n\t<meta property=\"og:image:width\" content=\"1290\" \/>\n\t<meta property=\"og:image:height\" content=\"1915\" \/>\n\t<meta property=\"og:image:type\" content=\"image\/jpeg\" \/>\n<meta name=\"twitter:card\" content=\"summary_large_image\" \/>\n<meta name=\"twitter:label1\" content=\"Estimated reading time\" \/>\n\t<meta name=\"twitter:data1\" content=\"2 minutes\" \/>\n<script type=\"application\/ld+json\" class=\"yoast-schema-graph\">{\"@context\":\"https:\/\/schema.org\",\"@graph\":[{\"@type\":\"WebPage\",\"@id\":\"https:\/\/moonia-boutique.com\/produit\/robe-de-priere-aylin\/\",\"url\":\"https:\/\/moonia-boutique.com\/produit\/robe-de-priere-aylin\/\",\"name\":\"Robe de pri\u00e8re 2 pi\u00e8ces Aylin - Moonia Boutique\",\"isPartOf\":{\"@id\":\"https:\/\/moonia-boutique.com\/#website\"},\"primaryImageOfPage\":{\"@id\":\"https:\/\/moonia-boutique.com\/produit\/robe-de-priere-aylin\/#primaryimage\"},\"image\":{\"@id\":\"https:\/\/moonia-boutique.com\/produit\/robe-de-priere-aylin\/#primaryimage\"},\"thumbnailUrl\":\"https:\/\/moonia-boutique.com\/wp-content\/uploads\/2022\/06\/img_9530.jpeg\",\"datePublished\":\"2021-08-26T07:55:55+00:00\",\"dateModified\":\"2026-03-09T16:20:39+00:00\",\"description\":\"D\u00e9couvrez\u00a0la robe de pri\u00e8re\u00a0Aylin !\u00a0Celle-ci est compos\u00e9e d\u2019une\u00a0longue tunique\u00a0et d\u2019un\u00a0hijab int\u00e9gr\u00e9. Elle s'enfile tr\u00e8s facilement.\",\"breadcrumb\":{\"@id\":\"https:\/\/moonia-boutique.com\/produit\/robe-de-priere-aylin\/#breadcrumb\"},\"inLanguage\":\"en-GB\",\"potentialAction\":[{\"@type\":\"ReadAction\",\"target\":[\"https:\/\/moonia-boutique.com\/produit\/robe-de-priere-aylin\/\"]}]},{\"@type\":\"ImageObject\",\"inLanguage\":\"en-GB\",\"@id\":\"https:\/\/moonia-boutique.com\/produit\/robe-de-priere-aylin\/#primaryimage\",\"url\":\"https:\/\/moonia-boutique.com\/wp-content\/uploads\/2022\/06\/img_9530.jpeg\",\"contentUrl\":\"https:\/\/moonia-boutique.com\/wp-content\/uploads\/2022\/06\/img_9530.jpeg\",\"width\":1290,\"height\":1915,\"caption\":\"Robe de pri\u00e8re 2 pi\u00e8ces Aylin Nude\"},{\"@type\":\"BreadcrumbList\",\"@id\":\"https:\/\/moonia-boutique.com\/produit\/robe-de-priere-aylin\/#breadcrumb\",\"itemListElement\":[{\"@type\":\"ListItem\",\"position\":1,\"name\":\"Accueil\",\"item\":\"https:\/\/moonia-boutique.com\/\"},{\"@type\":\"ListItem\",\"position\":2,\"name\":\"Boutique Femme Musulmane\",\"item\":\"https:\/\/moonia-boutique.com\/boutique\/\"},{\"@type\":\"ListItem\",\"position\":3,\"name\":\"Robe de pri\u00e8re 2 pi\u00e8ces Aylin\"}]},{\"@type\":\"WebSite\",\"@id\":\"https:\/\/moonia-boutique.com\/#website\",\"url\":\"https:\/\/moonia-boutique.com\/\",\"name\":\"Moonia Boutique\",\"description\":\"Moonia Boutique - Le site de mode de la femme musulmane !\",\"publisher\":{\"@id\":\"https:\/\/moonia-boutique.com\/#organization\"},\"potentialAction\":[{\"@type\":\"SearchAction\",\"target\":{\"@type\":\"EntryPoint\",\"urlTemplate\":\"https:\/\/moonia-boutique.com\/?s={search_term_string}\"},\"query-input\":{\"@type\":\"PropertyValueSpecification\",\"valueRequired\":true,\"valueName\":\"search_term_string\"}}],\"inLanguage\":\"en-GB\"},{\"@type\":\"Organization\",\"@id\":\"https:\/\/moonia-boutique.com\/#organization\",\"name\":\"Moonia Boutique\",\"url\":\"https:\/\/moonia-boutique.com\/\",\"logo\":{\"@type\":\"ImageObject\",\"inLanguage\":\"en-GB\",\"@id\":\"https:\/\/moonia-boutique.com\/#\/schema\/logo\/image\/\",\"url\":\"https:\/\/moonia-boutique.com\/wp-content\/uploads\/2023\/08\/Sans-titre-1000-x-1000-px.png\",\"contentUrl\":\"https:\/\/moonia-boutique.com\/wp-content\/uploads\/2023\/08\/Sans-titre-1000-x-1000-px.png\",\"width\":1000,\"height\":1000,\"caption\":\"Moonia Boutique\"},\"image\":{\"@id\":\"https:\/\/moonia-boutique.com\/#\/schema\/logo\/image\/\"}}]}<\/script>\n<!-- \/ Yoast SEO plugin. -->","yoast_head_json":{"title":"Robe de pri\u00e8re 2 pi\u00e8ces Aylin - Moonia Boutique","description":"D\u00e9couvrez\u00a0la robe de pri\u00e8re\u00a0Aylin !\u00a0Celle-ci est compos\u00e9e d\u2019une\u00a0longue tunique\u00a0et d\u2019un\u00a0hijab int\u00e9gr\u00e9. Elle s'enfile tr\u00e8s facilement.","robots":{"index":"index","follow":"follow","max-snippet":"max-snippet:-1","max-image-preview":"max-image-preview:large","max-video-preview":"max-video-preview:-1"},"canonical":"https:\/\/moonia-boutique.com\/en\/product\/robe-de-priere-aylin\/","og_locale":"en_GB","og_type":"article","og_title":"Robe de pri\u00e8re 2 pi\u00e8ces Aylin - Moonia Boutique","og_description":"D\u00e9couvrez\u00a0la robe de pri\u00e8re\u00a0Aylin !\u00a0Celle-ci est compos\u00e9e d\u2019une\u00a0longue tunique\u00a0et d\u2019un\u00a0hijab int\u00e9gr\u00e9. Elle s'enfile tr\u00e8s facilement.","og_url":"https:\/\/moonia-boutique.com\/en\/product\/robe-de-priere-aylin\/","og_site_name":"Moonia Boutique","article_modified_time":"2026-03-09T16:20:39+00:00","og_image":[{"width":1290,"height":1915,"url":"https:\/\/moonia-boutique.com\/wp-content\/uploads\/2022\/06\/img_9530.jpeg","type":"image\/jpeg"}],"twitter_card":"summary_large_image","twitter_misc":{"Estimated reading time":"2 minutes"},"schema":{"@context":"https:\/\/schema.org","@graph":[{"@type":"WebPage","@id":"https:\/\/moonia-boutique.com\/produit\/robe-de-priere-aylin\/","url":"https:\/\/moonia-boutique.com\/produit\/robe-de-priere-aylin\/","name":"Robe de pri\u00e8re 2 pi\u00e8ces Aylin - Moonia Boutique","isPartOf":{"@id":"https:\/\/moonia-boutique.com\/#website"},"primaryImageOfPage":{"@id":"https:\/\/moonia-boutique.com\/produit\/robe-de-priere-aylin\/#primaryimage"},"image":{"@id":"https:\/\/moonia-boutique.com\/produit\/robe-de-priere-aylin\/#primaryimage"},"thumbnailUrl":"https:\/\/moonia-boutique.com\/wp-content\/uploads\/2022\/06\/img_9530.jpeg","datePublished":"2021-08-26T07:55:55+00:00","dateModified":"2026-03-09T16:20:39+00:00","description":"D\u00e9couvrez\u00a0la robe de pri\u00e8re\u00a0Aylin !\u00a0Celle-ci est compos\u00e9e d\u2019une\u00a0longue tunique\u00a0et d\u2019un\u00a0hijab int\u00e9gr\u00e9. Elle s'enfile tr\u00e8s facilement.","breadcrumb":{"@id":"https:\/\/moonia-boutique.com\/produit\/robe-de-priere-aylin\/#breadcrumb"},"inLanguage":"en-GB","potentialAction":[{"@type":"ReadAction","target":["https:\/\/moonia-boutique.com\/produit\/robe-de-priere-aylin\/"]}]},{"@type":"ImageObject","inLanguage":"en-GB","@id":"https:\/\/moonia-boutique.com\/produit\/robe-de-priere-aylin\/#primaryimage","url":"https:\/\/moonia-boutique.com\/wp-content\/uploads\/2022\/06\/img_9530.jpeg","contentUrl":"https:\/\/moonia-boutique.com\/wp-content\/uploads\/2022\/06\/img_9530.jpeg","width":1290,"height":1915,"caption":"Robe de pri\u00e8re 2 pi\u00e8ces Aylin Nude"},{"@type":"BreadcrumbList","@id":"https:\/\/moonia-boutique.com\/produit\/robe-de-priere-aylin\/#breadcrumb","itemListElement":[{"@type":"ListItem","position":1,"name":"Accueil","item":"https:\/\/moonia-boutique.com\/"},{"@type":"ListItem","position":2,"name":"Boutique Femme Musulmane","item":"https:\/\/moonia-boutique.com\/boutique\/"},{"@type":"ListItem","position":3,"name":"Robe de pri\u00e8re 2 pi\u00e8ces Aylin"}]},{"@type":"WebSite","@id":"https:\/\/moonia-boutique.com\/#website","url":"https:\/\/moonia-boutique.com\/","name":"Moonia Boutique","description":"Moonia Boutique - Le site de mode de la femme musulmane !","publisher":{"@id":"https:\/\/moonia-boutique.com\/#organization"},"potentialAction":[{"@type":"SearchAction","target":{"@type":"EntryPoint","urlTemplate":"https:\/\/moonia-boutique.com\/?s={search_term_string}"},"query-input":{"@type":"PropertyValueSpecification","valueRequired":true,"valueName":"search_term_string"}}],"inLanguage":"en-GB"},{"@type":"Organization","@id":"https:\/\/moonia-boutique.com\/#organization","name":"Moonia Boutique","url":"https:\/\/moonia-boutique.com\/","logo":{"@type":"ImageObject","inLanguage":"en-GB","@id":"https:\/\/moonia-boutique.com\/#\/schema\/logo\/image\/","url":"https:\/\/moonia-boutique.com\/wp-content\/uploads\/2023\/08\/Sans-titre-1000-x-1000-px.png","contentUrl":"https:\/\/moonia-boutique.com\/wp-content\/uploads\/2023\/08\/Sans-titre-1000-x-1000-px.png","width":1000,"height":1000,"caption":"Moonia Boutique"},"image":{"@id":"https:\/\/moonia-boutique.com\/#\/schema\/logo\/image\/"}}]}},"jetpack_sharing_enabled":true,"_links":{"self":[{"href":"https:\/\/moonia-boutique.com\/en\/wp-json\/wp\/v2\/product\/4918","targetHints":{"allow":["GET"]}}],"collection":[{"href":"https:\/\/moonia-boutique.com\/en\/wp-json\/wp\/v2\/product"}],"about":[{"href":"https:\/\/moonia-boutique.com\/en\/wp-json\/wp\/v2\/types\/product"}],"replies":[{"embeddable":true,"href":"https:\/\/moonia-boutique.com\/en\/wp-json\/wp\/v2\/comments?post=4918"}],"wp:featuredmedia":[{"embeddable":true,"href":"https:\/\/moonia-boutique.com\/en\/wp-json\/wp\/v2\/media\/3202768"}],"wp:attachment":[{"href":"https:\/\/moonia-boutique.com\/en\/wp-json\/wp\/v2\/media?parent=4918"}],"wp:term":[{"taxonomy":"product_brand","embeddable":true,"href":"https:\/\/moonia-boutique.com\/en\/wp-json\/wp\/v2\/product_brand?post=4918"},{"taxonomy":"product_cat","embeddable":true,"href":"https:\/\/moonia-boutique.com\/en\/wp-json\/wp\/v2\/product_cat?post=4918"},{"taxonomy":"product_tag","embeddable":true,"href":"https:\/\/moonia-boutique.com\/en\/wp-json\/wp\/v2\/product_tag?post=4918"},{"taxonomy":"giftcard-category","embeddable":true,"href":"https:\/\/moonia-boutique.com\/en\/wp-json\/wp\/v2\/giftcard-category?post=4918"}],"curies":[{"name":"wp","href":"https:\/\/api.w.org\/{rel}","templated":true}]}}