{"id":56230,"date":"2022-02-19T16:32:36","date_gmt":"2022-02-19T15:32:36","guid":{"rendered":"https:\/\/moonia-boutique.com\/?post_type=product&#038;p=56230"},"modified":"2026-02-26T12:59:31","modified_gmt":"2026-02-26T11:59:31","slug":"riyad-as-salihin-le-jardin-des-vertueux","status":"publish","type":"product","link":"https:\/\/moonia-boutique.com\/en\/product\/riyad-as-salihin-le-jardin-des-vertueux\/","title":{"rendered":"Riyad As-Salihin &#8211; Le Jardin des Vertueux"},"content":{"rendered":"<p>Riyad As-Salihin &#8211; Le Jardin des Vertueux dont la renomm\u00e9e est incontestable, se passe de toute pr\u00e9sentation. Ecrit par l&#8217;\u00e9minent Cheikh l&#8217;imam An-Nawaw\u00ee, qui y a compil\u00e9 des hadiths majoritairement authentiques portant sur diff\u00e9rents th\u00e8mes et axant plus particuli\u00e8rement sur les valeurs morales afin d\u2019atteindre la vertu.<\/p>\n<p>Ryad As-Salihin est l&#8217;une des r\u00e9f\u00e9rences en mati\u00e8re de hadith, il constitue l&#8217;une des \u0153uvres les plus r\u00e9pandues et les plus lues par les musulmans apr\u00e8s le Saint Coran. Ayant pour but de consolider le dogme et de purifier l&#8217;\u00e2me, il renferme des r\u00e9ponses relatives aux questions de foi et au mode de vie du croyant selon les pr\u00e9ceptes islamiques. Il facilite ainsi la mise en place d&#8217;un lien entre la tradition proph\u00e9tique et la vie pratique du musulman.<\/p>\n<p>L\u2019authentification des hadiths (tahq\u00eeq al-ah\u00e2d\u00eeth) est faite par le grand savant et sp\u00e9cialiste en la mati\u00e8re Cheikh Al-Alb\u00e2n\u00ee.<\/p>\n<p>Impression en deux couleurs, papier de qualit\u00e9 et marque page.<\/p>\n<table width=\"100%\">\n<tbody>\n<tr>\n<td><strong>Auteur :<\/strong>\u00a0Yahya Ibn Charaf Ed-dine An-Nawawi<\/td>\n<\/tr>\n<tr>\n<td><strong>Type de produit :<\/strong>\u00a0Livre<\/td>\n<\/tr>\n<tr>\n<td><strong>Nombre de pages :<\/strong>\u00a01198<\/td>\n<\/tr>\n<tr>\n<td><strong>Mod\u00e8le ou Format :<\/strong>\u00a0broch\u00e9 12,5 x 17 cm &#8211; Couverture souple simili cuir &amp; dorure et bords arrondis<\/td>\n<\/tr>\n<tr>\n<td><strong>Editeur : <\/strong>Orientica<\/td>\n<\/tr>\n<tr>\n<td><strong>Langue :<\/strong>\u00a0fran\u00e7ais &#8211; arabe<\/td>\n<\/tr>\n<\/tbody>\n<\/table>","protected":false},"excerpt":{"rendered":"<p>Riyad As-Salihin &#8211; Le Jardin des Vertueux dont la renomm\u00e9e est incontestable, se passe de toute pr\u00e9sentation. Ecrit par l&#8217;\u00e9minent Cheikh l&#8217;imam An-Nawaw\u00ee, qui y a compil\u00e9 des hadiths majoritairement authentiques portant sur diff\u00e9rents th\u00e8mes et axant plus particuli\u00e8rement sur les valeurs morales afin d\u2019atteindre la vertu.<\/p>\n<p>Ryad As-Salihin est l&#8217;une des r\u00e9f\u00e9rences en mati\u00e8re de hadith, il constitue l&#8217;une des \u0153uvres les plus r\u00e9pandues et les plus lues par les musulmans apr\u00e8s le Saint Coran. Ayant pour but de consolider le dogme et de purifier l&#8217;\u00e2me, il renferme des r\u00e9ponses relatives aux questions de foi et au mode de vie du croyant selon les pr\u00e9ceptes islamiques. Il facilite ainsi la mise en place d&#8217;un lien entre la tradition proph\u00e9tique et la vie pratique du musulman.<\/p>\n<p>L\u2019authentification des hadiths (tahq\u00eeq al-ah\u00e2d\u00eeth) est faite par le grand savant et sp\u00e9cialiste en la mati\u00e8re Cheikh Al-Alb\u00e2n\u00ee.<\/p>\n<p>Impression en deux couleurs, papier de qualit\u00e9 et marque page.<\/p>\n<p>&nbsp;<\/p>","protected":false},"featured_media":56237,"comment_status":"open","ping_status":"closed","template":"","meta":{"_acf_changed":false,"_mo_disable_npp":""},"product_brand":[],"product_cat":[203,424,215],"product_tag":[],"giftcard-category":[],"class_list":{"0":"post-56230","1":"product","2":"type-product","3":"status-publish","4":"has-post-thumbnail","6":"product_cat-livres","7":"product_cat-collection-ramadan","8":"product_cat-vetement-musulman-pour-homme","10":"first","11":"instock","12":"taxable","13":"shipping-taxable","14":"purchasable","15":"product-type-variable","16":"rtwpvs-product"},"composite_virtual":false,"composite_layout":"","composite_add_to_cart_form_location":"","composite_editable_in_cart":false,"composite_sold_individually_context":"","composite_shop_price_calc":"","composite_components":[],"composite_scenarios":[],"acf":[],"yoast_head":"<!-- This site is optimized with the Yoast SEO plugin v26.6 - https:\/\/yoast.com\/wordpress\/plugins\/seo\/ -->\n<title>Riyad As-Salihin - Le Jardin des Vertueux - Moonia Boutique<\/title>\n<meta name=\"description\" content=\"Riyad As-Salihin - Le Jardin des Vertueux dont la renomm\u00e9e est incontestable, se passe de toute pr\u00e9sentation. Ecrit par l&#039;\u00e9minent Cheikh l&#039;imam An-Nawaw\u00ee.\" \/>\n<meta name=\"robots\" content=\"index, follow, max-snippet:-1, max-image-preview:large, max-video-preview:-1\" \/>\n<link rel=\"canonical\" href=\"https:\/\/moonia-boutique.com\/en\/product\/riyad-as-salihin-le-jardin-des-vertueux\/\" \/>\n<meta property=\"og:locale\" content=\"en_GB\" \/>\n<meta property=\"og:type\" content=\"article\" \/>\n<meta property=\"og:title\" content=\"Riyad As-Salihin - Le Jardin des Vertueux - Moonia Boutique\" \/>\n<meta property=\"og:description\" content=\"Riyad As-Salihin - Le Jardin des Vertueux dont la renomm\u00e9e est incontestable, se passe de toute pr\u00e9sentation. Ecrit par l&#039;\u00e9minent Cheikh l&#039;imam An-Nawaw\u00ee.\" \/>\n<meta property=\"og:url\" content=\"https:\/\/moonia-boutique.com\/en\/product\/riyad-as-salihin-le-jardin-des-vertueux\/\" \/>\n<meta property=\"og:site_name\" content=\"Moonia Boutique\" \/>\n<meta property=\"article:modified_time\" content=\"2026-02-26T11:59:31+00:00\" \/>\n<meta property=\"og:image\" content=\"https:\/\/moonia-boutique.com\/wp-content\/uploads\/2022\/02\/blanc.jpg\" \/>\n\t<meta property=\"og:image:width\" content=\"922\" \/>\n\t<meta property=\"og:image:height\" content=\"761\" \/>\n\t<meta property=\"og:image:type\" content=\"image\/jpeg\" \/>\n<meta name=\"twitter:card\" content=\"summary_large_image\" \/>\n<meta name=\"twitter:label1\" content=\"Estimated reading time\" \/>\n\t<meta name=\"twitter:data1\" content=\"1 minute\" \/>\n<script type=\"application\/ld+json\" class=\"yoast-schema-graph\">{\"@context\":\"https:\/\/schema.org\",\"@graph\":[{\"@type\":\"WebPage\",\"@id\":\"https:\/\/moonia-boutique.com\/produit\/riyad-as-salihin-le-jardin-des-vertueux\/\",\"url\":\"https:\/\/moonia-boutique.com\/produit\/riyad-as-salihin-le-jardin-des-vertueux\/\",\"name\":\"Riyad As-Salihin - Le Jardin des Vertueux - Moonia Boutique\",\"isPartOf\":{\"@id\":\"https:\/\/moonia-boutique.com\/#website\"},\"primaryImageOfPage\":{\"@id\":\"https:\/\/moonia-boutique.com\/produit\/riyad-as-salihin-le-jardin-des-vertueux\/#primaryimage\"},\"image\":{\"@id\":\"https:\/\/moonia-boutique.com\/produit\/riyad-as-salihin-le-jardin-des-vertueux\/#primaryimage\"},\"thumbnailUrl\":\"https:\/\/moonia-boutique.com\/wp-content\/uploads\/2022\/02\/blanc.jpg\",\"datePublished\":\"2022-02-19T15:32:36+00:00\",\"dateModified\":\"2026-02-26T11:59:31+00:00\",\"description\":\"Riyad As-Salihin - Le Jardin des Vertueux dont la renomm\u00e9e est incontestable, se passe de toute pr\u00e9sentation. Ecrit par l'\u00e9minent Cheikh l'imam An-Nawaw\u00ee.\",\"breadcrumb\":{\"@id\":\"https:\/\/moonia-boutique.com\/produit\/riyad-as-salihin-le-jardin-des-vertueux\/#breadcrumb\"},\"inLanguage\":\"en-GB\",\"potentialAction\":[{\"@type\":\"ReadAction\",\"target\":[\"https:\/\/moonia-boutique.com\/produit\/riyad-as-salihin-le-jardin-des-vertueux\/\"]}]},{\"@type\":\"ImageObject\",\"inLanguage\":\"en-GB\",\"@id\":\"https:\/\/moonia-boutique.com\/produit\/riyad-as-salihin-le-jardin-des-vertueux\/#primaryimage\",\"url\":\"https:\/\/moonia-boutique.com\/wp-content\/uploads\/2022\/02\/blanc.jpg\",\"contentUrl\":\"https:\/\/moonia-boutique.com\/wp-content\/uploads\/2022\/02\/blanc.jpg\",\"width\":922,\"height\":761,\"caption\":\"Riyad As-Salihin &#8211; Le Jardin des Vertueux\"},{\"@type\":\"BreadcrumbList\",\"@id\":\"https:\/\/moonia-boutique.com\/produit\/riyad-as-salihin-le-jardin-des-vertueux\/#breadcrumb\",\"itemListElement\":[{\"@type\":\"ListItem\",\"position\":1,\"name\":\"Accueil\",\"item\":\"https:\/\/moonia-boutique.com\/\"},{\"@type\":\"ListItem\",\"position\":2,\"name\":\"Boutique Femme Musulmane\",\"item\":\"https:\/\/moonia-boutique.com\/boutique\/\"},{\"@type\":\"ListItem\",\"position\":3,\"name\":\"Riyad As-Salihin &#8211; Le Jardin des Vertueux\"}]},{\"@type\":\"WebSite\",\"@id\":\"https:\/\/moonia-boutique.com\/#website\",\"url\":\"https:\/\/moonia-boutique.com\/\",\"name\":\"Moonia Boutique\",\"description\":\"Moonia Boutique - Le site de mode de la femme musulmane !\",\"publisher\":{\"@id\":\"https:\/\/moonia-boutique.com\/#organization\"},\"potentialAction\":[{\"@type\":\"SearchAction\",\"target\":{\"@type\":\"EntryPoint\",\"urlTemplate\":\"https:\/\/moonia-boutique.com\/?s={search_term_string}\"},\"query-input\":{\"@type\":\"PropertyValueSpecification\",\"valueRequired\":true,\"valueName\":\"search_term_string\"}}],\"inLanguage\":\"en-GB\"},{\"@type\":\"Organization\",\"@id\":\"https:\/\/moonia-boutique.com\/#organization\",\"name\":\"Moonia Boutique\",\"url\":\"https:\/\/moonia-boutique.com\/\",\"logo\":{\"@type\":\"ImageObject\",\"inLanguage\":\"en-GB\",\"@id\":\"https:\/\/moonia-boutique.com\/#\/schema\/logo\/image\/\",\"url\":\"https:\/\/moonia-boutique.com\/wp-content\/uploads\/2023\/08\/Sans-titre-1000-x-1000-px.png\",\"contentUrl\":\"https:\/\/moonia-boutique.com\/wp-content\/uploads\/2023\/08\/Sans-titre-1000-x-1000-px.png\",\"width\":1000,\"height\":1000,\"caption\":\"Moonia Boutique\"},\"image\":{\"@id\":\"https:\/\/moonia-boutique.com\/#\/schema\/logo\/image\/\"}}]}<\/script>\n<!-- \/ Yoast SEO plugin. -->","yoast_head_json":{"title":"Riyad As-Salihin - Le Jardin des Vertueux - Moonia Boutique","description":"Riyad As-Salihin - Le Jardin des Vertueux dont la renomm\u00e9e est incontestable, se passe de toute pr\u00e9sentation. Ecrit par l'\u00e9minent Cheikh l'imam An-Nawaw\u00ee.","robots":{"index":"index","follow":"follow","max-snippet":"max-snippet:-1","max-image-preview":"max-image-preview:large","max-video-preview":"max-video-preview:-1"},"canonical":"https:\/\/moonia-boutique.com\/en\/product\/riyad-as-salihin-le-jardin-des-vertueux\/","og_locale":"en_GB","og_type":"article","og_title":"Riyad As-Salihin - Le Jardin des Vertueux - Moonia Boutique","og_description":"Riyad As-Salihin - Le Jardin des Vertueux dont la renomm\u00e9e est incontestable, se passe de toute pr\u00e9sentation. Ecrit par l'\u00e9minent Cheikh l'imam An-Nawaw\u00ee.","og_url":"https:\/\/moonia-boutique.com\/en\/product\/riyad-as-salihin-le-jardin-des-vertueux\/","og_site_name":"Moonia Boutique","article_modified_time":"2026-02-26T11:59:31+00:00","og_image":[{"width":922,"height":761,"url":"https:\/\/moonia-boutique.com\/wp-content\/uploads\/2022\/02\/blanc.jpg","type":"image\/jpeg"}],"twitter_card":"summary_large_image","twitter_misc":{"Estimated reading time":"1 minute"},"schema":{"@context":"https:\/\/schema.org","@graph":[{"@type":"WebPage","@id":"https:\/\/moonia-boutique.com\/produit\/riyad-as-salihin-le-jardin-des-vertueux\/","url":"https:\/\/moonia-boutique.com\/produit\/riyad-as-salihin-le-jardin-des-vertueux\/","name":"Riyad As-Salihin - Le Jardin des Vertueux - Moonia Boutique","isPartOf":{"@id":"https:\/\/moonia-boutique.com\/#website"},"primaryImageOfPage":{"@id":"https:\/\/moonia-boutique.com\/produit\/riyad-as-salihin-le-jardin-des-vertueux\/#primaryimage"},"image":{"@id":"https:\/\/moonia-boutique.com\/produit\/riyad-as-salihin-le-jardin-des-vertueux\/#primaryimage"},"thumbnailUrl":"https:\/\/moonia-boutique.com\/wp-content\/uploads\/2022\/02\/blanc.jpg","datePublished":"2022-02-19T15:32:36+00:00","dateModified":"2026-02-26T11:59:31+00:00","description":"Riyad As-Salihin - Le Jardin des Vertueux dont la renomm\u00e9e est incontestable, se passe de toute pr\u00e9sentation. Ecrit par l'\u00e9minent Cheikh l'imam An-Nawaw\u00ee.","breadcrumb":{"@id":"https:\/\/moonia-boutique.com\/produit\/riyad-as-salihin-le-jardin-des-vertueux\/#breadcrumb"},"inLanguage":"en-GB","potentialAction":[{"@type":"ReadAction","target":["https:\/\/moonia-boutique.com\/produit\/riyad-as-salihin-le-jardin-des-vertueux\/"]}]},{"@type":"ImageObject","inLanguage":"en-GB","@id":"https:\/\/moonia-boutique.com\/produit\/riyad-as-salihin-le-jardin-des-vertueux\/#primaryimage","url":"https:\/\/moonia-boutique.com\/wp-content\/uploads\/2022\/02\/blanc.jpg","contentUrl":"https:\/\/moonia-boutique.com\/wp-content\/uploads\/2022\/02\/blanc.jpg","width":922,"height":761,"caption":"Riyad As-Salihin &#8211; Le Jardin des Vertueux"},{"@type":"BreadcrumbList","@id":"https:\/\/moonia-boutique.com\/produit\/riyad-as-salihin-le-jardin-des-vertueux\/#breadcrumb","itemListElement":[{"@type":"ListItem","position":1,"name":"Accueil","item":"https:\/\/moonia-boutique.com\/"},{"@type":"ListItem","position":2,"name":"Boutique Femme Musulmane","item":"https:\/\/moonia-boutique.com\/boutique\/"},{"@type":"ListItem","position":3,"name":"Riyad As-Salihin &#8211; Le Jardin des Vertueux"}]},{"@type":"WebSite","@id":"https:\/\/moonia-boutique.com\/#website","url":"https:\/\/moonia-boutique.com\/","name":"Moonia Boutique","description":"Moonia Boutique - Le site de mode de la femme musulmane !","publisher":{"@id":"https:\/\/moonia-boutique.com\/#organization"},"potentialAction":[{"@type":"SearchAction","target":{"@type":"EntryPoint","urlTemplate":"https:\/\/moonia-boutique.com\/?s={search_term_string}"},"query-input":{"@type":"PropertyValueSpecification","valueRequired":true,"valueName":"search_term_string"}}],"inLanguage":"en-GB"},{"@type":"Organization","@id":"https:\/\/moonia-boutique.com\/#organization","name":"Moonia Boutique","url":"https:\/\/moonia-boutique.com\/","logo":{"@type":"ImageObject","inLanguage":"en-GB","@id":"https:\/\/moonia-boutique.com\/#\/schema\/logo\/image\/","url":"https:\/\/moonia-boutique.com\/wp-content\/uploads\/2023\/08\/Sans-titre-1000-x-1000-px.png","contentUrl":"https:\/\/moonia-boutique.com\/wp-content\/uploads\/2023\/08\/Sans-titre-1000-x-1000-px.png","width":1000,"height":1000,"caption":"Moonia Boutique"},"image":{"@id":"https:\/\/moonia-boutique.com\/#\/schema\/logo\/image\/"}}]}},"jetpack_sharing_enabled":true,"_links":{"self":[{"href":"https:\/\/moonia-boutique.com\/en\/wp-json\/wp\/v2\/product\/56230","targetHints":{"allow":["GET"]}}],"collection":[{"href":"https:\/\/moonia-boutique.com\/en\/wp-json\/wp\/v2\/product"}],"about":[{"href":"https:\/\/moonia-boutique.com\/en\/wp-json\/wp\/v2\/types\/product"}],"replies":[{"embeddable":true,"href":"https:\/\/moonia-boutique.com\/en\/wp-json\/wp\/v2\/comments?post=56230"}],"wp:featuredmedia":[{"embeddable":true,"href":"https:\/\/moonia-boutique.com\/en\/wp-json\/wp\/v2\/media\/56237"}],"wp:attachment":[{"href":"https:\/\/moonia-boutique.com\/en\/wp-json\/wp\/v2\/media?parent=56230"}],"wp:term":[{"taxonomy":"product_brand","embeddable":true,"href":"https:\/\/moonia-boutique.com\/en\/wp-json\/wp\/v2\/product_brand?post=56230"},{"taxonomy":"product_cat","embeddable":true,"href":"https:\/\/moonia-boutique.com\/en\/wp-json\/wp\/v2\/product_cat?post=56230"},{"taxonomy":"product_tag","embeddable":true,"href":"https:\/\/moonia-boutique.com\/en\/wp-json\/wp\/v2\/product_tag?post=56230"},{"taxonomy":"giftcard-category","embeddable":true,"href":"https:\/\/moonia-boutique.com\/en\/wp-json\/wp\/v2\/giftcard-category?post=56230"}],"curies":[{"name":"wp","href":"https:\/\/api.w.org\/{rel}","templated":true}]}}