{"id":56399,"date":"2022-02-20T15:14:45","date_gmt":"2022-02-20T14:14:45","guid":{"rendered":"https:\/\/moonia-boutique.com\/?post_type=product&#038;p=56399"},"modified":"2026-03-31T21:48:05","modified_gmt":"2026-03-31T19:48:05","slug":"qamis-emirati-wholepeach","status":"publish","type":"product","link":"https:\/\/moonia-boutique.com\/en\/product\/qamis-emirati-wholepeach\/","title":{"rendered":"Qamis Emirati Dubai Wholepeach"},"content":{"rendered":"<h1><strong>Qamis Emirati Dubai Wholepeach<\/strong><\/h1>\n<p>Le <strong>Qamis Emirati Wholepeach<\/strong> est un <strong>Qamis<\/strong> de <strong>couleur uni<\/strong>. Il est fabriqu\u00e9 \u00e0 partir d&#8217;un tissu de tr\u00e8s bonne <strong>qualit\u00e9:<\/strong> le Wholepeach fabriqu\u00e9 \u00e0 <strong>Duba\u00ef<\/strong>. C&#8217;est l&#8217;alliance parfaite entre style <strong>sobre<\/strong> et <strong>classe<\/strong>. Le tissu est tr\u00e8s agr\u00e9able \u00e0 porter. Il vous garantira un confort optimal. De plus, le Qamis Emirati Wholepeach permet \u00e0 votre peau de respirer facilement.<\/p>\n<p>Le Qamis reprend le style \u00e9mirati et ne pr\u00e9sente donc pas de col. Il poss\u00e8de une fermeture avec plusieurs boutons de pressions pour l&#8217;enfiler ais\u00e9ment. De plus, ce mod\u00e8le poss\u00e8de la cravate traditionnelle \u00e9mirati mais vous pouvez facilement la retirer grace un bouton de pression. Le qamis poss\u00e8de des manches simples assez larges pour plus de confort. Il se porte \u00e0 toutes les saisons gr\u00e2ce \u00e0 son tissu respirant.<\/p>\n<p>Vous pouvez composer une <a href=\"https:\/\/www.instagram.com\/p\/COAWnS2j7KB\/?utm_source=ig_web_copy_link\"><strong>Dine Box<\/strong><\/a> avec ce Qamis et choisir un Tapis puis un livre un ou bien-\u00eatre afin d&#8217;offrir un coffret sur mesure.<\/p>\n<p>D\u00e9couvrez tous la collection de<a href=\"https:\/\/moonia-boutique.com\/en\/product-category\/homme\/qamis\/\"><strong> Qamis for Brother<\/strong><\/a>.<\/p>\n<p>Fabriqu\u00e9 aux <strong>Emirats Arabes Unis<\/strong>.<\/p>\n<p>D&#8217;apr\u00e8s Oum Salama (qu&#8217;Allah l&#8217;agr\u00e9e), l&#8217;habit que le Proph\u00e8te (que la pri\u00e8re d&#8217;Allah et Son salut soient sur lui) aimait le plus est le qamis.<br \/>\n<b>(Rapport\u00e9 par Tirmidhi dans ses Sounan n\u00b01762 qui l&#8217;a authentifi\u00e9 et il a \u00e9galement \u00e9t\u00e9 authentifi\u00e9 par Cheikh Albani dans sa correction de Sounan Tirmidhi)<\/b><\/p>","protected":false},"excerpt":{"rendered":"<p>Le <strong>Qamis Emirati Wholepeach<\/strong> est un <strong>Qamis<\/strong> de <strong>couleur uni<\/strong>. Il est fabriqu\u00e9 \u00e0 partir d\u2019un tissu de tr\u00e8s bonne <strong>qualit\u00e9:<\/strong> le Wholepeach fabriqu\u00e9 \u00e0 <strong>Duba\u00ef<\/strong>. C\u2019est l\u2019alliance parfaite entre style <strong>sobre<\/strong> et <strong>classe<\/strong>. Le tissu est tr\u00e8s agr\u00e9able \u00e0 porter. Il vous garantira un confort optimal. De plus, le Qamis Emirati Wholepeach permet \u00e0 votre peau de respirer facilement.<\/p>\n<p>Le Qamis reprend le style \u00e9mirati et ne pr\u00e9sente donc pas de col. Il poss\u00e8de une fermeture avec plusieurs boutons de pressions pour l\u2019enfiler ais\u00e9ment. De plus, ce mod\u00e8le poss\u00e8de la cravate traditionnelle \u00e9mirati mais vous pouvez facilement la retirer grace un bouton de pression. Le qamis poss\u00e8de des manches simples assez larges pour plus de confort. Il se porte \u00e0 toutes les saisons gr\u00e2ce \u00e0 son tissu respirant.<\/p>\n<p>A noter que sur le vert \u00e9meraude, le gris perle et le taupe : la cravate ne s\u2019enl\u00e8ve pas et les boutons sont simples.<\/p>\n<p>Vous pouvez composer une <a href=\"https:\/\/www.instagram.com\/p\/COAWnS2j7KB\/?utm_source=ig_web_copy_link\"><strong>Dine Box<\/strong><\/a> avec ce Qamis et choisir un Tapis puis un livre un ou bien-\u00eatre afin d\u2019offrir un coffret sur mesure.<\/p>\n<p>D\u00e9couvrez tous la collection de<a href=\"https:\/\/moonia-boutique.com\/en\/product-category\/homme\/qamis\/\"><strong> Qamis for Brother<\/strong><\/a>.<\/p>\n<p>Fabriqu\u00e9 aux <strong>Emirats Arabes Unis<\/strong>.<\/p>\n<p>Le Mod\u00e8le mesure 1,74m et porte du S\/M habituellement<\/p>\n<p>&nbsp;<\/p>\n<table style=\"border-collapse: collapse; width: 99.9037%; height: 140px;\">\n<tbody>\n<tr style=\"height: 26px;\">\n<td style=\"width: 224.219px; height: 26px; text-align: center;\"><strong>Taille du Qamis<\/strong><\/td>\n<td style=\"width: 532.469px; height: 26px; text-align: center;\"><strong>Hauteur de la personne (cm)<\/strong><\/td>\n<td style=\"width: 562.031px; height: 26px; text-align: center;\"><strong>Longueur du Qamis (cm)<\/strong><\/td>\n<\/tr>\n<tr style=\"height: 26px;\">\n<td style=\"width: 224.219px; height: 26px; text-align: center;\"><strong>52<\/strong><\/td>\n<td style=\"width: 532.469px; height: 26px; text-align: center;\"><strong>169-173<\/strong><\/td>\n<td style=\"width: 562.031px; height: 26px; text-align: center;\"><strong>132<\/strong><\/td>\n<\/tr>\n<tr style=\"height: 26px;\">\n<td style=\"width: 224.219px; height: 26px; text-align: center;\"><strong>54<\/strong><\/td>\n<td style=\"width: 532.469px; height: 26px; text-align: center;\"><strong>174-178<\/strong><\/td>\n<td style=\"width: 562.031px; height: 26px; text-align: center;\"><strong>137<\/strong><\/td>\n<\/tr>\n<tr style=\"height: 26px;\">\n<td style=\"width: 224.219px; height: 26px; text-align: center;\"><strong>56<\/strong><\/td>\n<td style=\"width: 532.469px; height: 26px; text-align: center;\"><strong>178-182<\/strong><\/td>\n<td style=\"width: 562.031px; height: 26px; text-align: center;\"><strong>142<\/strong><\/td>\n<\/tr>\n<tr style=\"height: 26px;\">\n<td style=\"width: 224.219px; height: 26px; text-align: center;\"><strong>58<\/strong><\/td>\n<td style=\"width: 532.469px; height: 26px; text-align: center;\"><strong>183 et plus<\/strong><\/td>\n<td style=\"width: 562.031px; height: 26px; text-align: center;\"><strong>150<\/strong><\/td>\n<\/tr>\n<tr style=\"height: 26px;\">\n<td style=\"width: 224.219px; height: 10px; text-align: center;\"><\/td>\n<td style=\"width: 532.469px; height: 10px; text-align: center;\"><\/td>\n<td style=\"width: 562.031px; height: 10px; text-align: center;\"><\/td>\n<\/tr>\n<\/tbody>\n<\/table>","protected":false},"featured_media":74287,"comment_status":"open","ping_status":"closed","template":"","meta":{"_acf_changed":false,"_mo_disable_npp":""},"product_brand":[],"product_cat":[377,368,207,537,536,534,538,533,237,424,215],"product_tag":[],"giftcard-category":[],"class_list":{"0":"post-56399","1":"product","2":"type-product","3":"status-publish","4":"has-post-thumbnail","6":"product_cat-dahwaa","7":"product_cat-precommandes","8":"product_cat-qamis","9":"product_cat-qamis-blanc","10":"product_cat-qamis-emirati","11":"product_cat-qamis-homme","12":"product_cat-qamis-noir","13":"product_cat-qamis-pas-cher","14":"product_cat-qamis-box","15":"product_cat-collection-ramadan","16":"product_cat-vetement-musulman-pour-homme","18":"first","19":"instock","20":"taxable","21":"shipping-taxable","22":"purchasable","23":"product-type-variable","24":"rtwpvs-product"},"composite_virtual":false,"composite_layout":"","composite_add_to_cart_form_location":"","composite_editable_in_cart":false,"composite_sold_individually_context":"","composite_shop_price_calc":"","composite_components":[],"composite_scenarios":[],"acf":[],"yoast_head":"<!-- This site is optimized with the Yoast SEO plugin v26.6 - https:\/\/yoast.com\/wordpress\/plugins\/seo\/ -->\n<title>Qamis Emirati Dubai Wholepeach<\/title>\n<meta name=\"description\" content=\"Le Qamis Emirati Wholepeach est un Qamis de couleur uni. Il est fabriqu\u00e9 \u00e0 partir d&#039;un tissu de tr\u00e8s bonne qualit\u00e9: le Wholepeach fabriqu\u00e9 \u00e0 Duba\u00ef.\" \/>\n<meta name=\"robots\" content=\"index, follow, max-snippet:-1, max-image-preview:large, max-video-preview:-1\" \/>\n<link rel=\"canonical\" href=\"https:\/\/moonia-boutique.com\/en\/product\/qamis-emirati-wholepeach\/\" \/>\n<meta property=\"og:locale\" content=\"en_GB\" \/>\n<meta property=\"og:type\" content=\"article\" \/>\n<meta property=\"og:title\" content=\"Qamis Emirati Dubai Wholepeach\" \/>\n<meta property=\"og:description\" content=\"Le Qamis Emirati Wholepeach est un Qamis de couleur uni. Il est fabriqu\u00e9 \u00e0 partir d&#039;un tissu de tr\u00e8s bonne qualit\u00e9: le Wholepeach fabriqu\u00e9 \u00e0 Duba\u00ef.\" \/>\n<meta property=\"og:url\" content=\"https:\/\/moonia-boutique.com\/en\/product\/qamis-emirati-wholepeach\/\" \/>\n<meta property=\"og:site_name\" content=\"Moonia Boutique\" \/>\n<meta property=\"article:modified_time\" content=\"2026-03-31T19:48:05+00:00\" \/>\n<meta property=\"og:image\" content=\"https:\/\/moonia-boutique.com\/wp-content\/uploads\/2022\/04\/DAFFF1A0-83E6-4931-95CE-A47DAF950BFC-scaled-scaled.jpeg\" \/>\n\t<meta property=\"og:image:width\" content=\"1191\" \/>\n\t<meta property=\"og:image:height\" content=\"2048\" \/>\n\t<meta property=\"og:image:type\" content=\"image\/jpeg\" \/>\n<meta name=\"twitter:card\" content=\"summary_large_image\" \/>\n<meta name=\"twitter:label1\" content=\"Estimated reading time\" \/>\n\t<meta name=\"twitter:data1\" content=\"2 minutes\" \/>\n<script type=\"application\/ld+json\" class=\"yoast-schema-graph\">{\"@context\":\"https:\/\/schema.org\",\"@graph\":[{\"@type\":\"WebPage\",\"@id\":\"https:\/\/moonia-boutique.com\/produit\/qamis-emirati-wholepeach\/\",\"url\":\"https:\/\/moonia-boutique.com\/produit\/qamis-emirati-wholepeach\/\",\"name\":\"Qamis Emirati Dubai Wholepeach\",\"isPartOf\":{\"@id\":\"https:\/\/moonia-boutique.com\/#website\"},\"primaryImageOfPage\":{\"@id\":\"https:\/\/moonia-boutique.com\/produit\/qamis-emirati-wholepeach\/#primaryimage\"},\"image\":{\"@id\":\"https:\/\/moonia-boutique.com\/produit\/qamis-emirati-wholepeach\/#primaryimage\"},\"thumbnailUrl\":\"https:\/\/moonia-boutique.com\/wp-content\/uploads\/2022\/04\/DAFFF1A0-83E6-4931-95CE-A47DAF950BFC-scaled-scaled.jpeg\",\"datePublished\":\"2022-02-20T14:14:45+00:00\",\"dateModified\":\"2026-03-31T19:48:05+00:00\",\"description\":\"Le Qamis Emirati Wholepeach est un Qamis de couleur uni. Il est fabriqu\u00e9 \u00e0 partir d'un tissu de tr\u00e8s bonne qualit\u00e9: le Wholepeach fabriqu\u00e9 \u00e0 Duba\u00ef.\",\"breadcrumb\":{\"@id\":\"https:\/\/moonia-boutique.com\/produit\/qamis-emirati-wholepeach\/#breadcrumb\"},\"inLanguage\":\"en-GB\",\"potentialAction\":[{\"@type\":\"ReadAction\",\"target\":[\"https:\/\/moonia-boutique.com\/produit\/qamis-emirati-wholepeach\/\"]}]},{\"@type\":\"ImageObject\",\"inLanguage\":\"en-GB\",\"@id\":\"https:\/\/moonia-boutique.com\/produit\/qamis-emirati-wholepeach\/#primaryimage\",\"url\":\"https:\/\/moonia-boutique.com\/wp-content\/uploads\/2022\/04\/DAFFF1A0-83E6-4931-95CE-A47DAF950BFC-scaled-scaled.jpeg\",\"contentUrl\":\"https:\/\/moonia-boutique.com\/wp-content\/uploads\/2022\/04\/DAFFF1A0-83E6-4931-95CE-A47DAF950BFC-scaled-scaled.jpeg\",\"width\":1191,\"height\":2048,\"caption\":\"Qamis Emirati Wholepeach\"},{\"@type\":\"BreadcrumbList\",\"@id\":\"https:\/\/moonia-boutique.com\/produit\/qamis-emirati-wholepeach\/#breadcrumb\",\"itemListElement\":[{\"@type\":\"ListItem\",\"position\":1,\"name\":\"Accueil\",\"item\":\"https:\/\/moonia-boutique.com\/\"},{\"@type\":\"ListItem\",\"position\":2,\"name\":\"Boutique Femme Musulmane\",\"item\":\"https:\/\/moonia-boutique.com\/boutique\/\"},{\"@type\":\"ListItem\",\"position\":3,\"name\":\"Qamis Emirati Dubai Wholepeach\"}]},{\"@type\":\"WebSite\",\"@id\":\"https:\/\/moonia-boutique.com\/#website\",\"url\":\"https:\/\/moonia-boutique.com\/\",\"name\":\"Moonia Boutique\",\"description\":\"Moonia Boutique - Le site de mode de la femme musulmane !\",\"publisher\":{\"@id\":\"https:\/\/moonia-boutique.com\/#organization\"},\"potentialAction\":[{\"@type\":\"SearchAction\",\"target\":{\"@type\":\"EntryPoint\",\"urlTemplate\":\"https:\/\/moonia-boutique.com\/?s={search_term_string}\"},\"query-input\":{\"@type\":\"PropertyValueSpecification\",\"valueRequired\":true,\"valueName\":\"search_term_string\"}}],\"inLanguage\":\"en-GB\"},{\"@type\":\"Organization\",\"@id\":\"https:\/\/moonia-boutique.com\/#organization\",\"name\":\"Moonia Boutique\",\"url\":\"https:\/\/moonia-boutique.com\/\",\"logo\":{\"@type\":\"ImageObject\",\"inLanguage\":\"en-GB\",\"@id\":\"https:\/\/moonia-boutique.com\/#\/schema\/logo\/image\/\",\"url\":\"https:\/\/moonia-boutique.com\/wp-content\/uploads\/2023\/08\/Sans-titre-1000-x-1000-px.png\",\"contentUrl\":\"https:\/\/moonia-boutique.com\/wp-content\/uploads\/2023\/08\/Sans-titre-1000-x-1000-px.png\",\"width\":1000,\"height\":1000,\"caption\":\"Moonia Boutique\"},\"image\":{\"@id\":\"https:\/\/moonia-boutique.com\/#\/schema\/logo\/image\/\"}}]}<\/script>\n<!-- \/ Yoast SEO plugin. -->","yoast_head_json":{"title":"Qamis Emirati Dubai Wholepeach","description":"Le Qamis Emirati Wholepeach est un Qamis de couleur uni. Il est fabriqu\u00e9 \u00e0 partir d'un tissu de tr\u00e8s bonne qualit\u00e9: le Wholepeach fabriqu\u00e9 \u00e0 Duba\u00ef.","robots":{"index":"index","follow":"follow","max-snippet":"max-snippet:-1","max-image-preview":"max-image-preview:large","max-video-preview":"max-video-preview:-1"},"canonical":"https:\/\/moonia-boutique.com\/en\/product\/qamis-emirati-wholepeach\/","og_locale":"en_GB","og_type":"article","og_title":"Qamis Emirati Dubai Wholepeach","og_description":"Le Qamis Emirati Wholepeach est un Qamis de couleur uni. Il est fabriqu\u00e9 \u00e0 partir d'un tissu de tr\u00e8s bonne qualit\u00e9: le Wholepeach fabriqu\u00e9 \u00e0 Duba\u00ef.","og_url":"https:\/\/moonia-boutique.com\/en\/product\/qamis-emirati-wholepeach\/","og_site_name":"Moonia Boutique","article_modified_time":"2026-03-31T19:48:05+00:00","og_image":[{"width":1191,"height":2048,"url":"https:\/\/moonia-boutique.com\/wp-content\/uploads\/2022\/04\/DAFFF1A0-83E6-4931-95CE-A47DAF950BFC-scaled-scaled.jpeg","type":"image\/jpeg"}],"twitter_card":"summary_large_image","twitter_misc":{"Estimated reading time":"2 minutes"},"schema":{"@context":"https:\/\/schema.org","@graph":[{"@type":"WebPage","@id":"https:\/\/moonia-boutique.com\/produit\/qamis-emirati-wholepeach\/","url":"https:\/\/moonia-boutique.com\/produit\/qamis-emirati-wholepeach\/","name":"Qamis Emirati Dubai Wholepeach","isPartOf":{"@id":"https:\/\/moonia-boutique.com\/#website"},"primaryImageOfPage":{"@id":"https:\/\/moonia-boutique.com\/produit\/qamis-emirati-wholepeach\/#primaryimage"},"image":{"@id":"https:\/\/moonia-boutique.com\/produit\/qamis-emirati-wholepeach\/#primaryimage"},"thumbnailUrl":"https:\/\/moonia-boutique.com\/wp-content\/uploads\/2022\/04\/DAFFF1A0-83E6-4931-95CE-A47DAF950BFC-scaled-scaled.jpeg","datePublished":"2022-02-20T14:14:45+00:00","dateModified":"2026-03-31T19:48:05+00:00","description":"Le Qamis Emirati Wholepeach est un Qamis de couleur uni. Il est fabriqu\u00e9 \u00e0 partir d'un tissu de tr\u00e8s bonne qualit\u00e9: le Wholepeach fabriqu\u00e9 \u00e0 Duba\u00ef.","breadcrumb":{"@id":"https:\/\/moonia-boutique.com\/produit\/qamis-emirati-wholepeach\/#breadcrumb"},"inLanguage":"en-GB","potentialAction":[{"@type":"ReadAction","target":["https:\/\/moonia-boutique.com\/produit\/qamis-emirati-wholepeach\/"]}]},{"@type":"ImageObject","inLanguage":"en-GB","@id":"https:\/\/moonia-boutique.com\/produit\/qamis-emirati-wholepeach\/#primaryimage","url":"https:\/\/moonia-boutique.com\/wp-content\/uploads\/2022\/04\/DAFFF1A0-83E6-4931-95CE-A47DAF950BFC-scaled-scaled.jpeg","contentUrl":"https:\/\/moonia-boutique.com\/wp-content\/uploads\/2022\/04\/DAFFF1A0-83E6-4931-95CE-A47DAF950BFC-scaled-scaled.jpeg","width":1191,"height":2048,"caption":"Qamis Emirati Wholepeach"},{"@type":"BreadcrumbList","@id":"https:\/\/moonia-boutique.com\/produit\/qamis-emirati-wholepeach\/#breadcrumb","itemListElement":[{"@type":"ListItem","position":1,"name":"Accueil","item":"https:\/\/moonia-boutique.com\/"},{"@type":"ListItem","position":2,"name":"Boutique Femme Musulmane","item":"https:\/\/moonia-boutique.com\/boutique\/"},{"@type":"ListItem","position":3,"name":"Qamis Emirati Dubai Wholepeach"}]},{"@type":"WebSite","@id":"https:\/\/moonia-boutique.com\/#website","url":"https:\/\/moonia-boutique.com\/","name":"Moonia Boutique","description":"Moonia Boutique - Le site de mode de la femme musulmane !","publisher":{"@id":"https:\/\/moonia-boutique.com\/#organization"},"potentialAction":[{"@type":"SearchAction","target":{"@type":"EntryPoint","urlTemplate":"https:\/\/moonia-boutique.com\/?s={search_term_string}"},"query-input":{"@type":"PropertyValueSpecification","valueRequired":true,"valueName":"search_term_string"}}],"inLanguage":"en-GB"},{"@type":"Organization","@id":"https:\/\/moonia-boutique.com\/#organization","name":"Moonia Boutique","url":"https:\/\/moonia-boutique.com\/","logo":{"@type":"ImageObject","inLanguage":"en-GB","@id":"https:\/\/moonia-boutique.com\/#\/schema\/logo\/image\/","url":"https:\/\/moonia-boutique.com\/wp-content\/uploads\/2023\/08\/Sans-titre-1000-x-1000-px.png","contentUrl":"https:\/\/moonia-boutique.com\/wp-content\/uploads\/2023\/08\/Sans-titre-1000-x-1000-px.png","width":1000,"height":1000,"caption":"Moonia Boutique"},"image":{"@id":"https:\/\/moonia-boutique.com\/#\/schema\/logo\/image\/"}}]}},"jetpack_sharing_enabled":true,"_links":{"self":[{"href":"https:\/\/moonia-boutique.com\/en\/wp-json\/wp\/v2\/product\/56399","targetHints":{"allow":["GET"]}}],"collection":[{"href":"https:\/\/moonia-boutique.com\/en\/wp-json\/wp\/v2\/product"}],"about":[{"href":"https:\/\/moonia-boutique.com\/en\/wp-json\/wp\/v2\/types\/product"}],"replies":[{"embeddable":true,"href":"https:\/\/moonia-boutique.com\/en\/wp-json\/wp\/v2\/comments?post=56399"}],"wp:featuredmedia":[{"embeddable":true,"href":"https:\/\/moonia-boutique.com\/en\/wp-json\/wp\/v2\/media\/74287"}],"wp:attachment":[{"href":"https:\/\/moonia-boutique.com\/en\/wp-json\/wp\/v2\/media?parent=56399"}],"wp:term":[{"taxonomy":"product_brand","embeddable":true,"href":"https:\/\/moonia-boutique.com\/en\/wp-json\/wp\/v2\/product_brand?post=56399"},{"taxonomy":"product_cat","embeddable":true,"href":"https:\/\/moonia-boutique.com\/en\/wp-json\/wp\/v2\/product_cat?post=56399"},{"taxonomy":"product_tag","embeddable":true,"href":"https:\/\/moonia-boutique.com\/en\/wp-json\/wp\/v2\/product_tag?post=56399"},{"taxonomy":"giftcard-category","embeddable":true,"href":"https:\/\/moonia-boutique.com\/en\/wp-json\/wp\/v2\/giftcard-category?post=56399"}],"curies":[{"name":"wp","href":"https:\/\/api.w.org\/{rel}","templated":true}]}}