{"id":56588,"date":"2022-02-21T07:41:26","date_gmt":"2022-02-21T06:41:26","guid":{"rendered":"https:\/\/moonia-boutique.com\/?post_type=product&#038;p=56588"},"modified":"2026-03-22T16:50:51","modified_gmt":"2026-03-22T15:50:51","slug":"qamis-emirati-glace","status":"publish","type":"product","link":"https:\/\/moonia-boutique.com\/en\/product\/qamis-emirati-glace\/","title":{"rendered":"Qamis Emirati Glac\u00e9"},"content":{"rendered":"<h1><strong>Qamis Emirati Glac\u00e9: Classe et \u00e9l\u00e9gance<\/strong><\/h1>\n<p>Le <strong>Qamis Emirati Glac\u00e9 <\/strong>est un <strong>Qamis<\/strong> de <strong>couleur uni<\/strong>. Il est fabriqu\u00e9 \u00e0 partir d&#8217;un tissu de tr\u00e8s bonne <strong>qualit\u00e9<\/strong> fabriqu\u00e9 \u00e0 <strong>Duba\u00ef<\/strong>. C&#8217;est l&#8217;alliance parfaite entre style <strong>sobre<\/strong> et <strong>classe<\/strong>. Le tissu est tr\u00e8s agr\u00e9able \u00e0 porter. Il vous garantira un confort optimal. De plus, le <strong>Qamis Emirati Glac\u00e9<\/strong> permet \u00e0 votre peau de respirer facilement.<\/p>\n<h2><strong>D\u00e9couvrez l&#8217;\u00e9l\u00e9gance du Qamis Emirati Glac\u00e9<\/strong><\/h2>\n<p>Le <strong>Qamis<\/strong> reprend le <strong>style \u00e9mirati<\/strong> et ne pr\u00e9sente donc pas de col. La fermeture se fait gr\u00e2ce \u00e0 plusieurs boutons pressions. De plus, ce mod\u00e8le poss\u00e8de la cravate traditionnelle \u00e9mirati mais vous pouvez facilement la retirer grace \u00e0 un bouton de pression. Le qamis poss\u00e8de des manches simples assez larges pour plus de confort. Il se porte \u00e0 toutes les saisons gr\u00e2ce \u00e0 son tissu respirant.<\/p>\n<p>Une pi\u00e8ce incontournable pour ceux en qu\u00eate de raffinement et de confort. Fabriqu\u00e9 avec soin \u00e0 Duba\u00ef, ce Qamis de couleur uni incarne l&#8217;essence m\u00eame du style \u00e9mirati, alliant subtilement sobri\u00e9t\u00e9 et classe.<\/p>\n<h2><strong>Qamis Emirati Brillant de haute qualit\u00e9<\/strong><\/h2>\n<p>Ce Qamis offre une sensation de douceur incomparable sur la peau, garantissant un confort optimal tout au long de la journ\u00e9e. Sa texture respirante permet \u00e0 votre peau de rester fra\u00eeche, m\u00eame dans les climats les plus chauds.<\/p>\n<p><strong>Qamis de f\u00eate gr\u00e2ce son Design \u00e9l\u00e9gant et fonctionnel<\/strong><\/p>\n<p>Le design sans col et la fermeture par boutons pressions conf\u00e8rent ainsi \u00e0 ce Qamis une esth\u00e9tique \u00e9pur\u00e9e et moderne, tout en pr\u00e9servant les traditions \u00e9miraties. N\u00e9anmoins, la cravate traditionnelle peut \u00eatre facilement retir\u00e9e gr\u00e2ce \u00e0 un bouton de pression, offrant ainsi une polyvalence adapt\u00e9e \u00e0 chaque occasion. Id\u00e9al pour les jours de f\u00eate comme l&#8217;Aid ou bien pour Tarawih ou le joumou3ah<\/p>\n<h2><strong>Confort et libert\u00e9 de mouvement<\/strong><\/h2>\n<p>Les manches simples et larges ajoutent une touche de d\u00e9contraction tout en assurant une libert\u00e9 de mouvement optimale. Que ce soit en \u00e9t\u00e9 ou en hiver, ce Qamis est votre alli\u00e9 saisonnier gr\u00e2ce \u00e0 son tissu qui s&#8217;adapte \u00e0 toutes les conditions.<\/p>\n<h2><strong>Rejoignez la tradition \u00e9miratie avec le Qamis Emirati Glac\u00e9<\/strong><\/h2>\n<p>Une pi\u00e8ce d&#8217;exception fabriqu\u00e9e avec fiert\u00e9 aux Emirats Arabes Unis. Inspir\u00e9 par les paroles d&#8217;Oum Salama (qu&#8217;Allah l&#8217;agr\u00e9e), qui rapport<\/p>\n<h2 style=\"font-size: 23.04px\"><strong>Personnalisation et cadeaux sur mesure<\/strong><\/h2>\n<p>De plus, vous pouvez composer une <a href=\"https:\/\/www.instagram.com\/p\/COAWnS2j7KB\/?utm_source=ig_web_copy_link\"><strong>Dine Box<\/strong><\/a> avec ce Qamis et choisir un <strong>Tapis<\/strong> puis un <strong>livre<\/strong> un ou <strong>bien-\u00eatre<\/strong> afin d&#8217;offrir un coffret sur mesure.<\/p>\n<p>D\u00e9couvrez aussi toute la collection de <a href=\"https:\/\/moonia-boutique.com\/en\/product-category\/homme\/qamis\/\"><strong>Qamis<\/strong><\/a>.<\/p>\n<p>Fabriqu\u00e9 aux <strong>Emirats Arabes Unis<\/strong>.<\/p>\n<p>D&#8217;apr\u00e8s Oum Salama, l&#8217;habit que le Proph\u00e8te (sws) aimait le plus est le <strong>qamis<\/strong>.<\/p>","protected":false},"excerpt":{"rendered":"<p>Le <strong>Qamis Emirati Glac\u00e9 <\/strong>est un <strong>Qamis<\/strong> de <strong>couleur uni<\/strong>. Il est fabriqu\u00e9 \u00e0 partir d\u2019un tissu de tr\u00e8s bonne <strong>qualit\u00e9<\/strong> fabriqu\u00e9 \u00e0 <strong>Duba\u00ef<\/strong>. C\u2019est l\u2019alliance parfaite entre style <strong>sobre<\/strong> et <strong>classe<\/strong>. Le tissu est tr\u00e8s agr\u00e9able \u00e0 porter. Il vous garantira un confort optimal. De plus, le <strong>Qamis Emirati Glac\u00e9<\/strong> permet \u00e0 votre peau de respirer facilement.<\/p>\n<p>Le <strong>Qamis<\/strong> reprend le <strong>style \u00e9mirati<\/strong> et ne pr\u00e9sente donc pas de col. La fermeture se fait gr\u00e2ce \u00e0 plusieurs boutons pressions. De plus, ce mod\u00e8le poss\u00e8de la cravate traditionnelle \u00e9mirati mais vous pouvez facilement la retirer grace \u00e0 un bouton de pression. Le qamis poss\u00e8de des manches simples assez larges pour plus de confort. Il se porte \u00e0 toutes les saisons gr\u00e2ce \u00e0 son tissu respirant.<\/p>\n<p>Vous pouvez composer une <a href=\"https:\/\/www.instagram.com\/p\/COAWnS2j7KB\/?utm_source=ig_web_copy_link\"><strong>Dine Box<\/strong><\/a> avec ce Qamis et choisir un <strong>Tapis<\/strong> puis un <strong>livre<\/strong> un ou <strong>bien-\u00eatre<\/strong> afin d\u2019offrir un coffret sur mesure.<\/p>\n<p>D\u00e9couvrez toute la collection de<a href=\"https:\/\/moonia-boutique.com\/en\/product-category\/homme\/qamis\/\"><strong> Qamis for Brother<\/strong><\/a>.<\/p>\n<p>Fabriqu\u00e9 aux <strong>Emirats Arabes Unis<\/strong>.<\/p>\n<p>&nbsp;<\/p>\n<table style=\"border-collapse: collapse;width: 99.9037%;height: 156px\">\n<tbody>\n<tr style=\"height: 26px\">\n<td style=\"width: 17.1136%;height: 26px;text-align: center\"><strong>Taille du Qamis<\/strong><\/td>\n<td style=\"width: 40.3322%;height: 26px;text-align: center\"><strong>Hauteur de la personne (cm)<\/strong><\/td>\n<td style=\"width: 74.9637%;height: 26px;text-align: center\"><strong>Longueur du Qamis (cm)<\/strong><\/td>\n<\/tr>\n<tr style=\"height: 26px\">\n<td style=\"width: 17.1136%;height: 26px;text-align: center\"><strong>54<\/strong><\/td>\n<td style=\"width: 40.3322%;height: 26px;text-align: center\"><strong>174-178<\/strong><\/td>\n<td style=\"width: 74.9637%;height: 26px;text-align: center\"><strong>137<\/strong><\/td>\n<\/tr>\n<tr style=\"height: 26px\">\n<td style=\"width: 17.1136%;height: 26px;text-align: center\"><strong>56<\/strong><\/td>\n<td style=\"width: 40.3322%;height: 26px;text-align: center\"><strong>178-781<\/strong><\/td>\n<td style=\"width: 74.9637%;height: 26px;text-align: center\"><strong>142<\/strong><\/td>\n<\/tr>\n<tr style=\"height: 26px\">\n<td style=\"width: 17.1136%;height: 26px;text-align: center\"><strong>58<\/strong><\/td>\n<td style=\"width: 40.3322%;height: 26px;text-align: center\"><strong>182-185<\/strong><\/td>\n<td style=\"width: 74.9637%;height: 26px;text-align: center\"><strong>147<\/strong><\/td>\n<\/tr>\n<tr style=\"height: 26px\">\n<td style=\"width: 17.1136%;height: 26px;text-align: center\"><strong>60<\/strong><\/td>\n<td style=\"width: 40.3322%;height: 26px;text-align: center\"><strong>186-189<\/strong><\/td>\n<td style=\"width: 74.9637%;height: 26px;text-align: center\"><strong>152<\/strong><\/td>\n<\/tr>\n<tr style=\"height: 26px\">\n<td style=\"width: 17.1136%;height: 26px;text-align: center\"><strong>62<\/strong><\/td>\n<td style=\"width: 40.3322%;height: 26px;text-align: center\"><strong>+ de 189<\/strong><\/td>\n<td style=\"width: 74.9637%;height: 26px;text-align: center\"><strong>158<\/strong><\/td>\n<\/tr>\n<\/tbody>\n<\/table>\n<p>&nbsp;<\/p>","protected":false},"featured_media":56635,"comment_status":"open","ping_status":"closed","template":"","meta":{"_acf_changed":false,"_mo_disable_npp":""},"product_brand":[],"product_cat":[377,368,207,237,424,215,370],"product_tag":[],"giftcard-category":[],"class_list":{"0":"post-56588","1":"product","2":"type-product","3":"status-publish","4":"has-post-thumbnail","6":"product_cat-dahwaa","7":"product_cat-precommandes","8":"product_cat-qamis","9":"product_cat-qamis-box","10":"product_cat-collection-ramadan","11":"product_cat-vetement-musulman-pour-homme","12":"product_cat-z-i","14":"first","15":"instock","16":"taxable","17":"shipping-taxable","18":"purchasable","19":"product-type-variable","20":"rtwpvs-product"},"composite_virtual":false,"composite_layout":"","composite_add_to_cart_form_location":"","composite_editable_in_cart":false,"composite_sold_individually_context":"","composite_shop_price_calc":"","composite_components":[],"composite_scenarios":[],"acf":[],"yoast_head":"<!-- This site is optimized with the Yoast SEO plugin v26.6 - https:\/\/yoast.com\/wordpress\/plugins\/seo\/ -->\n<title>Qamis Emirati Glac\u00e9 - L&#039;\u00e9l\u00e9gance \u00e0 l&#039;\u00e9tat pur<\/title>\n<meta name=\"description\" content=\"Le Qamis Emirati Glac\u00e9 est un Qamis brillant de couleur uni. Une tenue Id\u00e9al pour les jours de f\u00eate. fabriqu\u00e9 \u00e0 Duba\u00ef. Optez pour son style Classe !\" \/>\n<meta name=\"robots\" content=\"index, follow, max-snippet:-1, max-image-preview:large, max-video-preview:-1\" \/>\n<link rel=\"canonical\" href=\"https:\/\/moonia-boutique.com\/en\/product\/qamis-emirati-glace\/\" \/>\n<meta property=\"og:locale\" content=\"en_GB\" \/>\n<meta property=\"og:type\" content=\"article\" \/>\n<meta property=\"og:title\" content=\"Qamis Emirati Glac\u00e9 - L&#039;\u00e9l\u00e9gance \u00e0 l&#039;\u00e9tat pur\" \/>\n<meta property=\"og:description\" content=\"Le Qamis Emirati Glac\u00e9 est un Qamis brillant de couleur uni. Une tenue Id\u00e9al pour les jours de f\u00eate. fabriqu\u00e9 \u00e0 Duba\u00ef. Optez pour son style Classe !\" \/>\n<meta property=\"og:url\" content=\"https:\/\/moonia-boutique.com\/en\/product\/qamis-emirati-glace\/\" \/>\n<meta property=\"og:site_name\" content=\"Moonia Boutique\" \/>\n<meta property=\"article:modified_time\" content=\"2026-03-22T15:50:51+00:00\" \/>\n<meta property=\"og:image\" content=\"https:\/\/moonia-boutique.com\/wp-content\/uploads\/2022\/02\/D0B9617A-FBD6-4EDE-9321-211EC6573141-scaled-scaled.jpeg\" \/>\n\t<meta property=\"og:image:width\" content=\"1494\" \/>\n\t<meta property=\"og:image:height\" content=\"2048\" \/>\n\t<meta property=\"og:image:type\" content=\"image\/jpeg\" \/>\n<meta name=\"twitter:card\" content=\"summary_large_image\" \/>\n<meta name=\"twitter:label1\" content=\"Estimated reading time\" \/>\n\t<meta name=\"twitter:data1\" content=\"3 minutes\" \/>\n<script type=\"application\/ld+json\" class=\"yoast-schema-graph\">{\"@context\":\"https:\/\/schema.org\",\"@graph\":[{\"@type\":\"WebPage\",\"@id\":\"https:\/\/moonia-boutique.com\/produit\/qamis-emirati-glace\/\",\"url\":\"https:\/\/moonia-boutique.com\/produit\/qamis-emirati-glace\/\",\"name\":\"Qamis Emirati Glac\u00e9 - L'\u00e9l\u00e9gance \u00e0 l'\u00e9tat pur\",\"isPartOf\":{\"@id\":\"https:\/\/moonia-boutique.com\/#website\"},\"primaryImageOfPage\":{\"@id\":\"https:\/\/moonia-boutique.com\/produit\/qamis-emirati-glace\/#primaryimage\"},\"image\":{\"@id\":\"https:\/\/moonia-boutique.com\/produit\/qamis-emirati-glace\/#primaryimage\"},\"thumbnailUrl\":\"https:\/\/moonia-boutique.com\/wp-content\/uploads\/2022\/02\/D0B9617A-FBD6-4EDE-9321-211EC6573141-scaled-scaled.jpeg\",\"datePublished\":\"2022-02-21T06:41:26+00:00\",\"dateModified\":\"2026-03-22T15:50:51+00:00\",\"description\":\"Le Qamis Emirati Glac\u00e9 est un Qamis brillant de couleur uni. Une tenue Id\u00e9al pour les jours de f\u00eate. fabriqu\u00e9 \u00e0 Duba\u00ef. Optez pour son style Classe !\",\"breadcrumb\":{\"@id\":\"https:\/\/moonia-boutique.com\/produit\/qamis-emirati-glace\/#breadcrumb\"},\"inLanguage\":\"en-GB\",\"potentialAction\":[{\"@type\":\"ReadAction\",\"target\":[\"https:\/\/moonia-boutique.com\/produit\/qamis-emirati-glace\/\"]}]},{\"@type\":\"ImageObject\",\"inLanguage\":\"en-GB\",\"@id\":\"https:\/\/moonia-boutique.com\/produit\/qamis-emirati-glace\/#primaryimage\",\"url\":\"https:\/\/moonia-boutique.com\/wp-content\/uploads\/2022\/02\/D0B9617A-FBD6-4EDE-9321-211EC6573141-scaled-scaled.jpeg\",\"contentUrl\":\"https:\/\/moonia-boutique.com\/wp-content\/uploads\/2022\/02\/D0B9617A-FBD6-4EDE-9321-211EC6573141-scaled-scaled.jpeg\",\"width\":1494,\"height\":2048,\"caption\":\"Qamis Emirati Glac\u00e9\"},{\"@type\":\"BreadcrumbList\",\"@id\":\"https:\/\/moonia-boutique.com\/produit\/qamis-emirati-glace\/#breadcrumb\",\"itemListElement\":[{\"@type\":\"ListItem\",\"position\":1,\"name\":\"Accueil\",\"item\":\"https:\/\/moonia-boutique.com\/\"},{\"@type\":\"ListItem\",\"position\":2,\"name\":\"Boutique Femme Musulmane\",\"item\":\"https:\/\/moonia-boutique.com\/boutique\/\"},{\"@type\":\"ListItem\",\"position\":3,\"name\":\"Qamis Emirati Glac\u00e9\"}]},{\"@type\":\"WebSite\",\"@id\":\"https:\/\/moonia-boutique.com\/#website\",\"url\":\"https:\/\/moonia-boutique.com\/\",\"name\":\"Moonia Boutique\",\"description\":\"Moonia Boutique - Le site de mode de la femme musulmane !\",\"publisher\":{\"@id\":\"https:\/\/moonia-boutique.com\/#organization\"},\"potentialAction\":[{\"@type\":\"SearchAction\",\"target\":{\"@type\":\"EntryPoint\",\"urlTemplate\":\"https:\/\/moonia-boutique.com\/?s={search_term_string}\"},\"query-input\":{\"@type\":\"PropertyValueSpecification\",\"valueRequired\":true,\"valueName\":\"search_term_string\"}}],\"inLanguage\":\"en-GB\"},{\"@type\":\"Organization\",\"@id\":\"https:\/\/moonia-boutique.com\/#organization\",\"name\":\"Moonia Boutique\",\"url\":\"https:\/\/moonia-boutique.com\/\",\"logo\":{\"@type\":\"ImageObject\",\"inLanguage\":\"en-GB\",\"@id\":\"https:\/\/moonia-boutique.com\/#\/schema\/logo\/image\/\",\"url\":\"https:\/\/moonia-boutique.com\/wp-content\/uploads\/2023\/08\/Sans-titre-1000-x-1000-px.png\",\"contentUrl\":\"https:\/\/moonia-boutique.com\/wp-content\/uploads\/2023\/08\/Sans-titre-1000-x-1000-px.png\",\"width\":1000,\"height\":1000,\"caption\":\"Moonia Boutique\"},\"image\":{\"@id\":\"https:\/\/moonia-boutique.com\/#\/schema\/logo\/image\/\"}}]}<\/script>\n<!-- \/ Yoast SEO plugin. -->","yoast_head_json":{"title":"Qamis Emirati Glac\u00e9 - L'\u00e9l\u00e9gance \u00e0 l'\u00e9tat pur","description":"Le Qamis Emirati Glac\u00e9 est un Qamis brillant de couleur uni. Une tenue Id\u00e9al pour les jours de f\u00eate. fabriqu\u00e9 \u00e0 Duba\u00ef. Optez pour son style Classe !","robots":{"index":"index","follow":"follow","max-snippet":"max-snippet:-1","max-image-preview":"max-image-preview:large","max-video-preview":"max-video-preview:-1"},"canonical":"https:\/\/moonia-boutique.com\/en\/product\/qamis-emirati-glace\/","og_locale":"en_GB","og_type":"article","og_title":"Qamis Emirati Glac\u00e9 - L'\u00e9l\u00e9gance \u00e0 l'\u00e9tat pur","og_description":"Le Qamis Emirati Glac\u00e9 est un Qamis brillant de couleur uni. Une tenue Id\u00e9al pour les jours de f\u00eate. fabriqu\u00e9 \u00e0 Duba\u00ef. Optez pour son style Classe !","og_url":"https:\/\/moonia-boutique.com\/en\/product\/qamis-emirati-glace\/","og_site_name":"Moonia Boutique","article_modified_time":"2026-03-22T15:50:51+00:00","og_image":[{"width":1494,"height":2048,"url":"https:\/\/moonia-boutique.com\/wp-content\/uploads\/2022\/02\/D0B9617A-FBD6-4EDE-9321-211EC6573141-scaled-scaled.jpeg","type":"image\/jpeg"}],"twitter_card":"summary_large_image","twitter_misc":{"Estimated reading time":"3 minutes"},"schema":{"@context":"https:\/\/schema.org","@graph":[{"@type":"WebPage","@id":"https:\/\/moonia-boutique.com\/produit\/qamis-emirati-glace\/","url":"https:\/\/moonia-boutique.com\/produit\/qamis-emirati-glace\/","name":"Qamis Emirati Glac\u00e9 - L'\u00e9l\u00e9gance \u00e0 l'\u00e9tat pur","isPartOf":{"@id":"https:\/\/moonia-boutique.com\/#website"},"primaryImageOfPage":{"@id":"https:\/\/moonia-boutique.com\/produit\/qamis-emirati-glace\/#primaryimage"},"image":{"@id":"https:\/\/moonia-boutique.com\/produit\/qamis-emirati-glace\/#primaryimage"},"thumbnailUrl":"https:\/\/moonia-boutique.com\/wp-content\/uploads\/2022\/02\/D0B9617A-FBD6-4EDE-9321-211EC6573141-scaled-scaled.jpeg","datePublished":"2022-02-21T06:41:26+00:00","dateModified":"2026-03-22T15:50:51+00:00","description":"Le Qamis Emirati Glac\u00e9 est un Qamis brillant de couleur uni. Une tenue Id\u00e9al pour les jours de f\u00eate. fabriqu\u00e9 \u00e0 Duba\u00ef. Optez pour son style Classe !","breadcrumb":{"@id":"https:\/\/moonia-boutique.com\/produit\/qamis-emirati-glace\/#breadcrumb"},"inLanguage":"en-GB","potentialAction":[{"@type":"ReadAction","target":["https:\/\/moonia-boutique.com\/produit\/qamis-emirati-glace\/"]}]},{"@type":"ImageObject","inLanguage":"en-GB","@id":"https:\/\/moonia-boutique.com\/produit\/qamis-emirati-glace\/#primaryimage","url":"https:\/\/moonia-boutique.com\/wp-content\/uploads\/2022\/02\/D0B9617A-FBD6-4EDE-9321-211EC6573141-scaled-scaled.jpeg","contentUrl":"https:\/\/moonia-boutique.com\/wp-content\/uploads\/2022\/02\/D0B9617A-FBD6-4EDE-9321-211EC6573141-scaled-scaled.jpeg","width":1494,"height":2048,"caption":"Qamis Emirati Glac\u00e9"},{"@type":"BreadcrumbList","@id":"https:\/\/moonia-boutique.com\/produit\/qamis-emirati-glace\/#breadcrumb","itemListElement":[{"@type":"ListItem","position":1,"name":"Accueil","item":"https:\/\/moonia-boutique.com\/"},{"@type":"ListItem","position":2,"name":"Boutique Femme Musulmane","item":"https:\/\/moonia-boutique.com\/boutique\/"},{"@type":"ListItem","position":3,"name":"Qamis Emirati Glac\u00e9"}]},{"@type":"WebSite","@id":"https:\/\/moonia-boutique.com\/#website","url":"https:\/\/moonia-boutique.com\/","name":"Moonia Boutique","description":"Moonia Boutique - Le site de mode de la femme musulmane !","publisher":{"@id":"https:\/\/moonia-boutique.com\/#organization"},"potentialAction":[{"@type":"SearchAction","target":{"@type":"EntryPoint","urlTemplate":"https:\/\/moonia-boutique.com\/?s={search_term_string}"},"query-input":{"@type":"PropertyValueSpecification","valueRequired":true,"valueName":"search_term_string"}}],"inLanguage":"en-GB"},{"@type":"Organization","@id":"https:\/\/moonia-boutique.com\/#organization","name":"Moonia Boutique","url":"https:\/\/moonia-boutique.com\/","logo":{"@type":"ImageObject","inLanguage":"en-GB","@id":"https:\/\/moonia-boutique.com\/#\/schema\/logo\/image\/","url":"https:\/\/moonia-boutique.com\/wp-content\/uploads\/2023\/08\/Sans-titre-1000-x-1000-px.png","contentUrl":"https:\/\/moonia-boutique.com\/wp-content\/uploads\/2023\/08\/Sans-titre-1000-x-1000-px.png","width":1000,"height":1000,"caption":"Moonia Boutique"},"image":{"@id":"https:\/\/moonia-boutique.com\/#\/schema\/logo\/image\/"}}]}},"jetpack_sharing_enabled":true,"_links":{"self":[{"href":"https:\/\/moonia-boutique.com\/en\/wp-json\/wp\/v2\/product\/56588","targetHints":{"allow":["GET"]}}],"collection":[{"href":"https:\/\/moonia-boutique.com\/en\/wp-json\/wp\/v2\/product"}],"about":[{"href":"https:\/\/moonia-boutique.com\/en\/wp-json\/wp\/v2\/types\/product"}],"replies":[{"embeddable":true,"href":"https:\/\/moonia-boutique.com\/en\/wp-json\/wp\/v2\/comments?post=56588"}],"wp:featuredmedia":[{"embeddable":true,"href":"https:\/\/moonia-boutique.com\/en\/wp-json\/wp\/v2\/media\/56635"}],"wp:attachment":[{"href":"https:\/\/moonia-boutique.com\/en\/wp-json\/wp\/v2\/media?parent=56588"}],"wp:term":[{"taxonomy":"product_brand","embeddable":true,"href":"https:\/\/moonia-boutique.com\/en\/wp-json\/wp\/v2\/product_brand?post=56588"},{"taxonomy":"product_cat","embeddable":true,"href":"https:\/\/moonia-boutique.com\/en\/wp-json\/wp\/v2\/product_cat?post=56588"},{"taxonomy":"product_tag","embeddable":true,"href":"https:\/\/moonia-boutique.com\/en\/wp-json\/wp\/v2\/product_tag?post=56588"},{"taxonomy":"giftcard-category","embeddable":true,"href":"https:\/\/moonia-boutique.com\/en\/wp-json\/wp\/v2\/giftcard-category?post=56588"}],"curies":[{"name":"wp","href":"https:\/\/api.w.org\/{rel}","templated":true}]}}