{"id":6155,"date":"2020-11-11T10:58:03","date_gmt":"2020-11-11T09:58:03","guid":{"rendered":"https:\/\/moonia-boutique.com\/?post_type=product&#038;p=6155"},"modified":"2025-11-14T21:58:42","modified_gmt":"2025-11-14T20:58:42","slug":"brume-corporelle-karamat","status":"publish","type":"product","link":"https:\/\/moonia-boutique.com\/en\/product\/brume-corporelle-karamat\/","title":{"rendered":"Brume Corporelle"},"content":{"rendered":"<p>La <strong>brume corporelle<\/strong> de <strong>Karamat<\/strong> est une <strong>eau parfum\u00e9e<\/strong>.\u00a0Sa formule est con\u00e7ue \u00e0 la fois pour le <strong>corps<\/strong> et les <strong>cheveux<\/strong> \u00e0 vaporiser directement sur la peau <strong>apr\u00e8s la douche<\/strong> pour une d\u00e9licieuse touche de <strong>fra\u00eecheur<\/strong> ou \u00e0 tout moment dans la journ\u00e9e. Nous vous proposons quatre parfums Fatina, Lovely, Musc Tahara et musc Love.<\/p>\n<p>Contenance: 250ml<\/p>\n<p><strong>Ingr\u00e9dients:\u00a0<\/strong>Alcohol Denat, Aqua, PEG-40 Hydrogenated Castor Oil, Parfum, Linalool, Citronellol, Limonene, Benzyl Benzoate, Geraniol<\/p>","protected":false},"excerpt":{"rendered":"<p>La <strong>brume corporelle<\/strong> de <strong>Karamat<\/strong> est une <strong>eau parfum\u00e9e<\/strong>.\u00a0Sa formule est con\u00e7ue \u00e0 la fois pour le <strong>corps<\/strong> et les <strong>cheveux<\/strong> \u00e0 vaporiser directement sur la peau <strong>apr\u00e8s la douche<\/strong> pour une d\u00e9licieuse touche de <strong>fra\u00eecheur<\/strong> ou \u00e0 tout moment dans la journ\u00e9e. Nous vous proposons quatre parfums Fatina, Lovely, Musc Tahara et musc Love.<\/p>\n<p>Contenance: 250ml<\/p>","protected":false},"featured_media":0,"comment_status":"open","ping_status":"closed","template":"","meta":{"_acf_changed":false,"_mo_disable_npp":""},"product_brand":[],"product_cat":[249,182,411,370],"product_tag":[],"giftcard-category":[],"class_list":{"0":"post-6155","1":"product","2":"type-product","3":"status-publish","5":"product_cat-bain","6":"product_cat-bien-etre","7":"product_cat-soldes-2023","8":"product_cat-z-i","10":"first","11":"instock","12":"sale","13":"taxable","14":"shipping-taxable","15":"purchasable","16":"product-type-variable","17":"rtwpvs-product"},"composite_virtual":false,"composite_layout":"","composite_add_to_cart_form_location":"","composite_editable_in_cart":false,"composite_sold_individually_context":"","composite_shop_price_calc":"","composite_components":[],"composite_scenarios":[],"acf":[],"yoast_head":"<!-- This site is optimized with the Yoast SEO plugin v26.6 - https:\/\/yoast.com\/wordpress\/plugins\/seo\/ -->\n<title>Brume Corporelle - Moonia Boutique<\/title>\n<meta name=\"robots\" content=\"index, follow, max-snippet:-1, max-image-preview:large, max-video-preview:-1\" \/>\n<link rel=\"canonical\" href=\"https:\/\/moonia-boutique.com\/en\/product\/brume-corporelle-karamat\/\" \/>\n<meta property=\"og:locale\" content=\"en_GB\" \/>\n<meta property=\"og:type\" content=\"article\" \/>\n<meta property=\"og:title\" content=\"Brume Corporelle - Moonia Boutique\" \/>\n<meta property=\"og:description\" content=\"La brume corporelle de Karamat est une eau parfum\u00e9e.\u00a0Sa formule est con\u00e7ue \u00e0 la fois pour le corps et les cheveux \u00e0 vaporiser directement sur la peau apr\u00e8s la douche pour une d\u00e9licieuse touche de fra\u00eecheur ou \u00e0 tout moment dans la journ\u00e9e. Nous vous proposons quatre parfums Fatina, Lovely, Musc Tahara et musc Love.  Contenance: 250ml\" \/>\n<meta property=\"og:url\" content=\"https:\/\/moonia-boutique.com\/en\/product\/brume-corporelle-karamat\/\" \/>\n<meta property=\"og:site_name\" content=\"Moonia Boutique\" \/>\n<meta property=\"article:modified_time\" content=\"2025-11-14T20:58:42+00:00\" \/>\n<meta property=\"og:image\" content=\"https:\/\/moonia-boutique.com\/wp-content\/uploads\/2021\/01\/img_7288-scaled-scaled.jpeg\" \/>\n\t<meta property=\"og:image:width\" content=\"1536\" \/>\n\t<meta property=\"og:image:height\" content=\"2048\" \/>\n\t<meta property=\"og:image:type\" content=\"image\/jpeg\" \/>\n<meta name=\"twitter:card\" content=\"summary_large_image\" \/>\n<meta name=\"twitter:label1\" content=\"Estimated reading time\" \/>\n\t<meta name=\"twitter:data1\" content=\"1 minute\" \/>\n<script type=\"application\/ld+json\" class=\"yoast-schema-graph\">{\"@context\":\"https:\/\/schema.org\",\"@graph\":[{\"@type\":\"WebPage\",\"@id\":\"https:\/\/moonia-boutique.com\/produit\/brume-corporelle-karamat\/\",\"url\":\"https:\/\/moonia-boutique.com\/produit\/brume-corporelle-karamat\/\",\"name\":\"Brume Corporelle - Moonia Boutique\",\"isPartOf\":{\"@id\":\"https:\/\/moonia-boutique.com\/#website\"},\"datePublished\":\"2020-11-11T09:58:03+00:00\",\"dateModified\":\"2025-11-14T20:58:42+00:00\",\"breadcrumb\":{\"@id\":\"https:\/\/moonia-boutique.com\/produit\/brume-corporelle-karamat\/#breadcrumb\"},\"inLanguage\":\"en-GB\",\"potentialAction\":[{\"@type\":\"ReadAction\",\"target\":[\"https:\/\/moonia-boutique.com\/produit\/brume-corporelle-karamat\/\"]}]},{\"@type\":\"BreadcrumbList\",\"@id\":\"https:\/\/moonia-boutique.com\/produit\/brume-corporelle-karamat\/#breadcrumb\",\"itemListElement\":[{\"@type\":\"ListItem\",\"position\":1,\"name\":\"Accueil\",\"item\":\"https:\/\/moonia-boutique.com\/\"},{\"@type\":\"ListItem\",\"position\":2,\"name\":\"Boutique Femme Musulmane\",\"item\":\"https:\/\/moonia-boutique.com\/boutique\/\"},{\"@type\":\"ListItem\",\"position\":3,\"name\":\"Brume Corporelle\"}]},{\"@type\":\"WebSite\",\"@id\":\"https:\/\/moonia-boutique.com\/#website\",\"url\":\"https:\/\/moonia-boutique.com\/\",\"name\":\"Moonia Boutique\",\"description\":\"Moonia Boutique - Le site de mode de la femme musulmane !\",\"publisher\":{\"@id\":\"https:\/\/moonia-boutique.com\/#organization\"},\"potentialAction\":[{\"@type\":\"SearchAction\",\"target\":{\"@type\":\"EntryPoint\",\"urlTemplate\":\"https:\/\/moonia-boutique.com\/?s={search_term_string}\"},\"query-input\":{\"@type\":\"PropertyValueSpecification\",\"valueRequired\":true,\"valueName\":\"search_term_string\"}}],\"inLanguage\":\"en-GB\"},{\"@type\":\"Organization\",\"@id\":\"https:\/\/moonia-boutique.com\/#organization\",\"name\":\"Moonia Boutique\",\"url\":\"https:\/\/moonia-boutique.com\/\",\"logo\":{\"@type\":\"ImageObject\",\"inLanguage\":\"en-GB\",\"@id\":\"https:\/\/moonia-boutique.com\/#\/schema\/logo\/image\/\",\"url\":\"https:\/\/moonia-boutique.com\/wp-content\/uploads\/2023\/08\/Sans-titre-1000-x-1000-px.png\",\"contentUrl\":\"https:\/\/moonia-boutique.com\/wp-content\/uploads\/2023\/08\/Sans-titre-1000-x-1000-px.png\",\"width\":1000,\"height\":1000,\"caption\":\"Moonia Boutique\"},\"image\":{\"@id\":\"https:\/\/moonia-boutique.com\/#\/schema\/logo\/image\/\"}}]}<\/script>\n<!-- \/ Yoast SEO plugin. -->","yoast_head_json":{"title":"Brume Corporelle - Moonia Boutique","robots":{"index":"index","follow":"follow","max-snippet":"max-snippet:-1","max-image-preview":"max-image-preview:large","max-video-preview":"max-video-preview:-1"},"canonical":"https:\/\/moonia-boutique.com\/en\/product\/brume-corporelle-karamat\/","og_locale":"en_GB","og_type":"article","og_title":"Brume Corporelle - Moonia Boutique","og_description":"La brume corporelle de Karamat est une eau parfum\u00e9e.\u00a0Sa formule est con\u00e7ue \u00e0 la fois pour le corps et les cheveux \u00e0 vaporiser directement sur la peau apr\u00e8s la douche pour une d\u00e9licieuse touche de fra\u00eecheur ou \u00e0 tout moment dans la journ\u00e9e. Nous vous proposons quatre parfums Fatina, Lovely, Musc Tahara et musc Love.  Contenance: 250ml","og_url":"https:\/\/moonia-boutique.com\/en\/product\/brume-corporelle-karamat\/","og_site_name":"Moonia Boutique","article_modified_time":"2025-11-14T20:58:42+00:00","og_image":[{"width":1536,"height":2048,"url":"https:\/\/moonia-boutique.com\/wp-content\/uploads\/2021\/01\/img_7288-scaled-scaled.jpeg","type":"image\/jpeg"}],"twitter_card":"summary_large_image","twitter_misc":{"Estimated reading time":"1 minute"},"schema":{"@context":"https:\/\/schema.org","@graph":[{"@type":"WebPage","@id":"https:\/\/moonia-boutique.com\/produit\/brume-corporelle-karamat\/","url":"https:\/\/moonia-boutique.com\/produit\/brume-corporelle-karamat\/","name":"Brume Corporelle - Moonia Boutique","isPartOf":{"@id":"https:\/\/moonia-boutique.com\/#website"},"datePublished":"2020-11-11T09:58:03+00:00","dateModified":"2025-11-14T20:58:42+00:00","breadcrumb":{"@id":"https:\/\/moonia-boutique.com\/produit\/brume-corporelle-karamat\/#breadcrumb"},"inLanguage":"en-GB","potentialAction":[{"@type":"ReadAction","target":["https:\/\/moonia-boutique.com\/produit\/brume-corporelle-karamat\/"]}]},{"@type":"BreadcrumbList","@id":"https:\/\/moonia-boutique.com\/produit\/brume-corporelle-karamat\/#breadcrumb","itemListElement":[{"@type":"ListItem","position":1,"name":"Accueil","item":"https:\/\/moonia-boutique.com\/"},{"@type":"ListItem","position":2,"name":"Boutique Femme Musulmane","item":"https:\/\/moonia-boutique.com\/boutique\/"},{"@type":"ListItem","position":3,"name":"Brume Corporelle"}]},{"@type":"WebSite","@id":"https:\/\/moonia-boutique.com\/#website","url":"https:\/\/moonia-boutique.com\/","name":"Moonia Boutique","description":"Moonia Boutique - Le site de mode de la femme musulmane !","publisher":{"@id":"https:\/\/moonia-boutique.com\/#organization"},"potentialAction":[{"@type":"SearchAction","target":{"@type":"EntryPoint","urlTemplate":"https:\/\/moonia-boutique.com\/?s={search_term_string}"},"query-input":{"@type":"PropertyValueSpecification","valueRequired":true,"valueName":"search_term_string"}}],"inLanguage":"en-GB"},{"@type":"Organization","@id":"https:\/\/moonia-boutique.com\/#organization","name":"Moonia Boutique","url":"https:\/\/moonia-boutique.com\/","logo":{"@type":"ImageObject","inLanguage":"en-GB","@id":"https:\/\/moonia-boutique.com\/#\/schema\/logo\/image\/","url":"https:\/\/moonia-boutique.com\/wp-content\/uploads\/2023\/08\/Sans-titre-1000-x-1000-px.png","contentUrl":"https:\/\/moonia-boutique.com\/wp-content\/uploads\/2023\/08\/Sans-titre-1000-x-1000-px.png","width":1000,"height":1000,"caption":"Moonia Boutique"},"image":{"@id":"https:\/\/moonia-boutique.com\/#\/schema\/logo\/image\/"}}]}},"jetpack_sharing_enabled":true,"_links":{"self":[{"href":"https:\/\/moonia-boutique.com\/en\/wp-json\/wp\/v2\/product\/6155","targetHints":{"allow":["GET"]}}],"collection":[{"href":"https:\/\/moonia-boutique.com\/en\/wp-json\/wp\/v2\/product"}],"about":[{"href":"https:\/\/moonia-boutique.com\/en\/wp-json\/wp\/v2\/types\/product"}],"replies":[{"embeddable":true,"href":"https:\/\/moonia-boutique.com\/en\/wp-json\/wp\/v2\/comments?post=6155"}],"wp:attachment":[{"href":"https:\/\/moonia-boutique.com\/en\/wp-json\/wp\/v2\/media?parent=6155"}],"wp:term":[{"taxonomy":"product_brand","embeddable":true,"href":"https:\/\/moonia-boutique.com\/en\/wp-json\/wp\/v2\/product_brand?post=6155"},{"taxonomy":"product_cat","embeddable":true,"href":"https:\/\/moonia-boutique.com\/en\/wp-json\/wp\/v2\/product_cat?post=6155"},{"taxonomy":"product_tag","embeddable":true,"href":"https:\/\/moonia-boutique.com\/en\/wp-json\/wp\/v2\/product_tag?post=6155"},{"taxonomy":"giftcard-category","embeddable":true,"href":"https:\/\/moonia-boutique.com\/en\/wp-json\/wp\/v2\/giftcard-category?post=6155"}],"curies":[{"name":"wp","href":"https:\/\/api.w.org\/{rel}","templated":true}]}}