{"id":6495,"date":"2020-11-15T11:20:51","date_gmt":"2020-11-15T10:20:51","guid":{"rendered":"https:\/\/moonia-boutique.com\/?post_type=product&#038;p=6495"},"modified":"2026-04-05T07:33:27","modified_gmt":"2026-04-05T05:33:27","slug":"jersey-a-enfiler","status":"publish","type":"product","link":"https:\/\/moonia-boutique.com\/en\/product\/jersey-a-enfiler\/","title":{"rendered":"Hijab Jersey \u00e0 Enfiler"},"content":{"rendered":"<h1><strong>Hijab jersey \u00e0 enfiler confort et facilit\u00e9<\/strong><\/h1>\n<h2><strong>Hijab Jersey \u00e0 enfiler le plus pratique<\/strong><\/h2>\n<p class=\"p1\"><span class=\"s1\">Le <strong>hijab Jersey \u00e0 enfiler<\/strong> est un voile <strong>facile<\/strong>\u00a0et\u00a0<\/span><strong>rapide\u00a0<\/strong><span class=\"s1\">\u00e0\u00a0<strong>enfil<\/strong><\/span><strong>er <\/strong>! <span class=\"s1\">Le\u00a0<strong>Hijab<\/strong>\u00a0<strong>Jersey<\/strong>\u00a0est un\u00a0<strong>incontournable<\/strong>\u00a0! Il vous donne l\u2019impression de porter un petit nuage sur la t\u00eate. Il est tr\u00e8s facile \u00e0 mettre et\u00a0<strong>tient<\/strong>\u00a0tr\u00e8s bien sur la t\u00eate. Le\u00a0<strong>Jersey<\/strong>\u00a0s\u2019adapte \u00e0 toutes les\u00a0<strong>formes<\/strong>\u00a0de t\u00eate. C\u2019est un hijab\u00a0<strong>mall\u00e9able<\/strong>\u00a0et l\u00e9g\u00e8rement\u00a0<strong>extensible<\/strong>.<\/span><\/p>\n<p class=\"p1\"><span class=\"s1\">Le <strong>hijab jersey \u00e0 enfiler<\/strong> est\u00a0enti\u00e8rement en <b>Jersey<\/b>\u00a0d\u2019avoir la\u00a0<strong>meilleure<\/strong>\u00a0<strong>tenue<\/strong>\u00a0<strong>possible<\/strong>.<\/span><\/p>\n<h2><strong>Hijab avec un bonnet int\u00e9gr\u00e9<\/strong><\/h2>\n<p class=\"p1\"><span class=\"s1\">Le\u00a0<strong>bonnet<\/strong> n\u2019est pas visible car le voile en <b>jersey <\/b>le recouvre, il n\u2019est donc pas n\u00e9cessaire de mettre un bonnet en dessous.\u00a0<\/span><span class=\"s1\">Ce hijab est recommand\u00e9 pour les\u00a0<strong>Sisters<\/strong>\u00a0qui viennent de\u00a0<strong>porter le hijab<\/strong>. <\/span>D\u00e9couvrez aussi toute la gamme des<strong>\u00a0<a href=\"https:\/\/moonia-boutique.com\/en\/product-category\/hijab\/hijab-a-enfiler\/\">hijab \u00e0 enfiler<\/a>.<\/strong><\/p>\n<h2><strong>Le hijab jersey un grand classique<\/strong><\/h2>\n<p>Le\u00a0<strong>hijab Jersey <\/strong>est un grand classique de la\u00a0<strong>garde-robe<\/strong>\u00a0de la\u00a0<strong>femme\u00a0<\/strong><b>musulmane<\/b>. C\u2019est un\u00a0<strong>voile<\/strong>\u00a0<b>\u00e9pais <\/b>et\u00a0<strong>doux <\/strong>, ce qui donne beaucoup\u00a0<strong>d\u2019\u00e9l\u00e9gance<\/strong>\u00a0une fois port\u00e9. Comme la\u00a0<a href=\"https:\/\/moonia-boutique.com\/en\/product-category\/hijab\/hijab-soie-de-medine\/\"><strong>Soie de Medine<\/strong><\/a>\u00a0c\u2019est un tissu noble, doux au touch\u00e9 et agr\u00e9able \u00e0 porter.\u00a0<span data-sanitized-data-mce-fragment=\"1\">Il est tr\u00e8s appr\u00e9ci\u00e9 pour sa\u00a0<strong>douceur<\/strong>\u00a0mais aussi pour le fait qu\u2019il soit\u00a0<strong>infroissable<\/strong>.\u00a0<\/span><span data-sanitized-data-mce-fragment=\"1\">Ainsi, il reste lisse m\u00eame apr\u00e8s de nombreux lavages.<\/span><\/p>\n<h2><strong>Jersey en une multitude de couleurs<\/strong><\/h2>\n<p><span data-sanitized-data-mce-fragment=\"1\">Nous vous proposons une\u00a0<strong>multitude de couleur<\/strong>, choisissez celles qui iront le mieux avec votre teint.\u00a0<\/span><span data-sanitized-data-mce-fragment=\"1\">Une touche d\u2019<\/span><span data-sanitized-data-mce-fragment=\"1\"><strong>\u00e9l\u00e9gance<\/strong><\/span><span data-sanitized-data-mce-fragment=\"1\">\u00a0qui ira avec toute vos\u00a0<strong><a href=\"https:\/\/www.instagram.com\/p\/CMpvHrEjmAr\/?utm_source=ig_web_copy_link\">tenues<\/a><\/strong>. Nous vous recommandons de l\u2019accompagner avec une\u00a0<strong>Abaya Sarah<\/strong>.<\/span><span data-sanitized-data-mce-fragment=\"1\">\u00a0<\/span><\/p>\n<h2><strong>Hijab jersey \u00e9lastique<\/strong><\/h2>\n<p class=\"p1\"><span class=\"s1\">Le\u00a0<strong>Hijab<\/strong>\u00a0<strong>Jersey<\/strong>\u00a0est un\u00a0<strong>incontournable<\/strong>\u00a0! Il vous donne l\u2019impression de porter un petit nuage sur la t\u00eate. Il est tr\u00e8s facile \u00e0 mettre et\u00a0<strong>tient<\/strong>\u00a0tr\u00e8s bien sur la t\u00eate. Le\u00a0<strong>Jersey<\/strong>\u00a0s\u2019adapte \u00e0 toutes les\u00a0<strong>formes<\/strong>\u00a0de t\u00eate. C\u2019est un hijab\u00a0<strong>mall\u00e9able<\/strong>\u00a0et l\u00e9g\u00e8rement\u00a0<strong>extensible<\/strong>.<\/span><\/p>\n<h2><strong>Le Jersey: une mati\u00e8re agr\u00e9able<\/strong><\/h2>\n<p><span class=\"s1\">Le\u00a0<strong>Hijab<\/strong>\u00a0<strong>Jersey<\/strong>\u00a0est un\u00a0<strong>incontournable<\/strong>\u00a0! Il vous donne l\u2019impression de porter un petit nuage sur la t\u00eate. Il est tr\u00e8s facile \u00e0 mettre et\u00a0<strong>tient<\/strong>\u00a0tr\u00e8s bien sur la t\u00eate. Le\u00a0<strong>Jersey<\/strong>\u00a0s\u2019adapte \u00e0 toutes les\u00a0<strong>formes<\/strong>\u00a0de t\u00eate. C\u2019est un hijab\u00a0<strong>mall\u00e9able<\/strong>\u00a0et l\u00e9g\u00e8rement\u00a0<strong>extensible<\/strong>.<\/span><\/p>\n<h2><strong>Collection jersey<\/strong><\/h2>\n<p>Le\u00a0<a href=\"https:\/\/moonia-boutique.com\/en\/product-category\/hijab\/hijab-jersey\/\"><strong>hijab jersey <\/strong><\/a>se d\u00e9cline en plusieurs fa\u00e7ons :\u00a0<strong>jersey \u00e0 enfiler, jersey maxi, jersey pliss\u00e9 , jersey crois\u00e9<\/strong>\u00a0et bien d\u2019autres encore. Ainsi, <strong>Box For Sister<\/strong> a choisi cette qualit\u00e9 de <strong>jersey<\/strong> pour la qualit\u00e9 de son tissu. En effet, Le jersey est une mati\u00e8re douce et \u00e9lastique tricot\u00e9e et fabriqu\u00e9e \u00e0 partir de diff\u00e9rents fils comme la viscose, la laine ou le coton.<\/p>\n<p>Mati\u00e8re: 100% Viscose<\/p>\n<p>Dimension: 80 x 160 cm<\/p>\n<p>Entretien : Lavage \u00e0 30\u00b0C<\/p>\n<p>&nbsp;<\/p>","protected":false},"excerpt":{"rendered":"<p><span class=\"s1\">Le hijab Jersey \u00e0 enfiler est un voile facile et rapide \u00e0 enfiler ! La douceur du jersey et la facilit\u00e9 du hijab \u00e0 enfiler. Le <strong>hijab Jersey \u00e0 enfiler<\/strong> est un voile <strong>facile<\/strong>\u00a0et\u00a0<\/span><strong>rapide\u00a0<\/strong><span class=\"s1\">\u00e0\u00a0<strong>enfil<\/strong><\/span><strong>er <\/strong>! <span class=\"s1\">Le\u00a0<strong>Hijab<\/strong>\u00a0<strong>Jersey<\/strong>\u00a0est un\u00a0<strong>incontournable<\/strong>\u00a0! Il vous donne l\u2019impression de porter un petit nuage sur la t\u00eate. Il est tr\u00e8s facile \u00e0 mettre et\u00a0<strong>tient<\/strong>\u00a0tr\u00e8s bien sur la t\u00eate. Le\u00a0<strong>Jersey<\/strong>\u00a0s\u2019adapte \u00e0 toutes les\u00a0<strong>formes<\/strong>\u00a0de t\u00eate. C\u2019est un hijab\u00a0<strong>mall\u00e9able<\/strong>\u00a0et l\u00e9g\u00e8rement\u00a0<strong>extensible<\/strong>.<\/span><\/p>","protected":false},"featured_media":3199732,"comment_status":"open","ping_status":"closed","template":"","meta":{"_acf_changed":false,"_mo_disable_npp":""},"product_brand":[],"product_cat":[570,134,239,240,524,371],"product_tag":[],"giftcard-category":[],"class_list":{"0":"post-6495","1":"product","2":"type-product","3":"status-publish","4":"has-post-thumbnail","6":"product_cat-bestseller","7":"product_cat-hijab","8":"product_cat-hijab-a-enfiler","9":"product_cat-hijab-jersey","10":"product_cat-hijab-pour-compose-ta-box","11":"product_cat-ini","13":"first","14":"instock","15":"taxable","16":"shipping-taxable","17":"purchasable","18":"product-type-variable","19":"rtwpvs-product"},"composite_virtual":false,"composite_layout":"","composite_add_to_cart_form_location":"","composite_editable_in_cart":false,"composite_sold_individually_context":"","composite_shop_price_calc":"","composite_components":[],"composite_scenarios":[],"acf":[],"yoast_head":"<!-- This site is optimized with the Yoast SEO plugin v26.6 - https:\/\/yoast.com\/wordpress\/plugins\/seo\/ -->\n<title>Hijab Jersey \u00e0 Enfiler Pas Cher - Moonia Boutique<\/title>\n<meta name=\"description\" content=\"Le hijab Jersey \u00e0 enfiler est un voile facile\u00a0et\u00a0rapide\u00a0\u00e0\u00a0enfiler ! La douceur du jersey et la facilit\u00e9 du hijab \u00e0 enfiler.\" \/>\n<meta name=\"robots\" content=\"index, follow, max-snippet:-1, max-image-preview:large, max-video-preview:-1\" \/>\n<link rel=\"canonical\" href=\"https:\/\/moonia-boutique.com\/en\/product\/jersey-a-enfiler\/\" \/>\n<meta property=\"og:locale\" content=\"en_GB\" \/>\n<meta property=\"og:type\" content=\"article\" \/>\n<meta property=\"og:title\" content=\"Hijab Jersey \u00e0 Enfiler Pas Cher - Moonia Boutique\" \/>\n<meta property=\"og:description\" content=\"Le hijab Jersey \u00e0 enfiler est un voile facile\u00a0et\u00a0rapide\u00a0\u00e0\u00a0enfiler ! La douceur du jersey et la facilit\u00e9 du hijab \u00e0 enfiler.\" \/>\n<meta property=\"og:url\" content=\"https:\/\/moonia-boutique.com\/en\/product\/jersey-a-enfiler\/\" \/>\n<meta property=\"og:site_name\" content=\"Moonia Boutique\" \/>\n<meta property=\"article:modified_time\" content=\"2026-04-05T05:33:27+00:00\" \/>\n<meta property=\"og:image\" content=\"https:\/\/moonia-boutique.com\/wp-content\/uploads\/2020\/11\/img_4459.jpeg\" \/>\n\t<meta property=\"og:image:width\" content=\"1290\" \/>\n\t<meta property=\"og:image:height\" content=\"1624\" \/>\n\t<meta property=\"og:image:type\" content=\"image\/jpeg\" \/>\n<meta name=\"twitter:card\" content=\"summary_large_image\" \/>\n<meta name=\"twitter:label1\" content=\"Estimated reading time\" \/>\n\t<meta name=\"twitter:data1\" content=\"3 minutes\" \/>\n<script type=\"application\/ld+json\" class=\"yoast-schema-graph\">{\"@context\":\"https:\/\/schema.org\",\"@graph\":[{\"@type\":\"WebPage\",\"@id\":\"https:\/\/moonia-boutique.com\/produit\/jersey-a-enfiler\/\",\"url\":\"https:\/\/moonia-boutique.com\/produit\/jersey-a-enfiler\/\",\"name\":\"Hijab Jersey \u00e0 Enfiler Pas Cher - Moonia Boutique\",\"isPartOf\":{\"@id\":\"https:\/\/moonia-boutique.com\/#website\"},\"primaryImageOfPage\":{\"@id\":\"https:\/\/moonia-boutique.com\/produit\/jersey-a-enfiler\/#primaryimage\"},\"image\":{\"@id\":\"https:\/\/moonia-boutique.com\/produit\/jersey-a-enfiler\/#primaryimage\"},\"thumbnailUrl\":\"https:\/\/moonia-boutique.com\/wp-content\/uploads\/2020\/11\/img_4459.jpeg\",\"datePublished\":\"2020-11-15T10:20:51+00:00\",\"dateModified\":\"2026-04-05T05:33:27+00:00\",\"description\":\"Le hijab Jersey \u00e0 enfiler est un voile facile\u00a0et\u00a0rapide\u00a0\u00e0\u00a0enfiler ! La douceur du jersey et la facilit\u00e9 du hijab \u00e0 enfiler.\",\"breadcrumb\":{\"@id\":\"https:\/\/moonia-boutique.com\/produit\/jersey-a-enfiler\/#breadcrumb\"},\"inLanguage\":\"en-GB\",\"potentialAction\":[{\"@type\":\"ReadAction\",\"target\":[\"https:\/\/moonia-boutique.com\/produit\/jersey-a-enfiler\/\"]}]},{\"@type\":\"ImageObject\",\"inLanguage\":\"en-GB\",\"@id\":\"https:\/\/moonia-boutique.com\/produit\/jersey-a-enfiler\/#primaryimage\",\"url\":\"https:\/\/moonia-boutique.com\/wp-content\/uploads\/2020\/11\/img_4459.jpeg\",\"contentUrl\":\"https:\/\/moonia-boutique.com\/wp-content\/uploads\/2020\/11\/img_4459.jpeg\",\"width\":1290,\"height\":1624},{\"@type\":\"BreadcrumbList\",\"@id\":\"https:\/\/moonia-boutique.com\/produit\/jersey-a-enfiler\/#breadcrumb\",\"itemListElement\":[{\"@type\":\"ListItem\",\"position\":1,\"name\":\"Accueil\",\"item\":\"https:\/\/moonia-boutique.com\/\"},{\"@type\":\"ListItem\",\"position\":2,\"name\":\"Boutique Femme Musulmane\",\"item\":\"https:\/\/moonia-boutique.com\/boutique\/\"},{\"@type\":\"ListItem\",\"position\":3,\"name\":\"Hijab Jersey \u00e0 Enfiler\"}]},{\"@type\":\"WebSite\",\"@id\":\"https:\/\/moonia-boutique.com\/#website\",\"url\":\"https:\/\/moonia-boutique.com\/\",\"name\":\"Moonia Boutique\",\"description\":\"Moonia Boutique - Le site de mode de la femme musulmane !\",\"publisher\":{\"@id\":\"https:\/\/moonia-boutique.com\/#organization\"},\"potentialAction\":[{\"@type\":\"SearchAction\",\"target\":{\"@type\":\"EntryPoint\",\"urlTemplate\":\"https:\/\/moonia-boutique.com\/?s={search_term_string}\"},\"query-input\":{\"@type\":\"PropertyValueSpecification\",\"valueRequired\":true,\"valueName\":\"search_term_string\"}}],\"inLanguage\":\"en-GB\"},{\"@type\":\"Organization\",\"@id\":\"https:\/\/moonia-boutique.com\/#organization\",\"name\":\"Moonia Boutique\",\"url\":\"https:\/\/moonia-boutique.com\/\",\"logo\":{\"@type\":\"ImageObject\",\"inLanguage\":\"en-GB\",\"@id\":\"https:\/\/moonia-boutique.com\/#\/schema\/logo\/image\/\",\"url\":\"https:\/\/moonia-boutique.com\/wp-content\/uploads\/2023\/08\/Sans-titre-1000-x-1000-px.png\",\"contentUrl\":\"https:\/\/moonia-boutique.com\/wp-content\/uploads\/2023\/08\/Sans-titre-1000-x-1000-px.png\",\"width\":1000,\"height\":1000,\"caption\":\"Moonia Boutique\"},\"image\":{\"@id\":\"https:\/\/moonia-boutique.com\/#\/schema\/logo\/image\/\"}}]}<\/script>\n<!-- \/ Yoast SEO plugin. -->","yoast_head_json":{"title":"Hijab Jersey \u00e0 Enfiler Pas Cher - Moonia Boutique","description":"Le hijab Jersey \u00e0 enfiler est un voile facile\u00a0et\u00a0rapide\u00a0\u00e0\u00a0enfiler ! La douceur du jersey et la facilit\u00e9 du hijab \u00e0 enfiler.","robots":{"index":"index","follow":"follow","max-snippet":"max-snippet:-1","max-image-preview":"max-image-preview:large","max-video-preview":"max-video-preview:-1"},"canonical":"https:\/\/moonia-boutique.com\/en\/product\/jersey-a-enfiler\/","og_locale":"en_GB","og_type":"article","og_title":"Hijab Jersey \u00e0 Enfiler Pas Cher - Moonia Boutique","og_description":"Le hijab Jersey \u00e0 enfiler est un voile facile\u00a0et\u00a0rapide\u00a0\u00e0\u00a0enfiler ! La douceur du jersey et la facilit\u00e9 du hijab \u00e0 enfiler.","og_url":"https:\/\/moonia-boutique.com\/en\/product\/jersey-a-enfiler\/","og_site_name":"Moonia Boutique","article_modified_time":"2026-04-05T05:33:27+00:00","og_image":[{"width":1290,"height":1624,"url":"https:\/\/moonia-boutique.com\/wp-content\/uploads\/2020\/11\/img_4459.jpeg","type":"image\/jpeg"}],"twitter_card":"summary_large_image","twitter_misc":{"Estimated reading time":"3 minutes"},"schema":{"@context":"https:\/\/schema.org","@graph":[{"@type":"WebPage","@id":"https:\/\/moonia-boutique.com\/produit\/jersey-a-enfiler\/","url":"https:\/\/moonia-boutique.com\/produit\/jersey-a-enfiler\/","name":"Hijab Jersey \u00e0 Enfiler Pas Cher - Moonia Boutique","isPartOf":{"@id":"https:\/\/moonia-boutique.com\/#website"},"primaryImageOfPage":{"@id":"https:\/\/moonia-boutique.com\/produit\/jersey-a-enfiler\/#primaryimage"},"image":{"@id":"https:\/\/moonia-boutique.com\/produit\/jersey-a-enfiler\/#primaryimage"},"thumbnailUrl":"https:\/\/moonia-boutique.com\/wp-content\/uploads\/2020\/11\/img_4459.jpeg","datePublished":"2020-11-15T10:20:51+00:00","dateModified":"2026-04-05T05:33:27+00:00","description":"Le hijab Jersey \u00e0 enfiler est un voile facile\u00a0et\u00a0rapide\u00a0\u00e0\u00a0enfiler ! La douceur du jersey et la facilit\u00e9 du hijab \u00e0 enfiler.","breadcrumb":{"@id":"https:\/\/moonia-boutique.com\/produit\/jersey-a-enfiler\/#breadcrumb"},"inLanguage":"en-GB","potentialAction":[{"@type":"ReadAction","target":["https:\/\/moonia-boutique.com\/produit\/jersey-a-enfiler\/"]}]},{"@type":"ImageObject","inLanguage":"en-GB","@id":"https:\/\/moonia-boutique.com\/produit\/jersey-a-enfiler\/#primaryimage","url":"https:\/\/moonia-boutique.com\/wp-content\/uploads\/2020\/11\/img_4459.jpeg","contentUrl":"https:\/\/moonia-boutique.com\/wp-content\/uploads\/2020\/11\/img_4459.jpeg","width":1290,"height":1624},{"@type":"BreadcrumbList","@id":"https:\/\/moonia-boutique.com\/produit\/jersey-a-enfiler\/#breadcrumb","itemListElement":[{"@type":"ListItem","position":1,"name":"Accueil","item":"https:\/\/moonia-boutique.com\/"},{"@type":"ListItem","position":2,"name":"Boutique Femme Musulmane","item":"https:\/\/moonia-boutique.com\/boutique\/"},{"@type":"ListItem","position":3,"name":"Hijab Jersey \u00e0 Enfiler"}]},{"@type":"WebSite","@id":"https:\/\/moonia-boutique.com\/#website","url":"https:\/\/moonia-boutique.com\/","name":"Moonia Boutique","description":"Moonia Boutique - Le site de mode de la femme musulmane !","publisher":{"@id":"https:\/\/moonia-boutique.com\/#organization"},"potentialAction":[{"@type":"SearchAction","target":{"@type":"EntryPoint","urlTemplate":"https:\/\/moonia-boutique.com\/?s={search_term_string}"},"query-input":{"@type":"PropertyValueSpecification","valueRequired":true,"valueName":"search_term_string"}}],"inLanguage":"en-GB"},{"@type":"Organization","@id":"https:\/\/moonia-boutique.com\/#organization","name":"Moonia Boutique","url":"https:\/\/moonia-boutique.com\/","logo":{"@type":"ImageObject","inLanguage":"en-GB","@id":"https:\/\/moonia-boutique.com\/#\/schema\/logo\/image\/","url":"https:\/\/moonia-boutique.com\/wp-content\/uploads\/2023\/08\/Sans-titre-1000-x-1000-px.png","contentUrl":"https:\/\/moonia-boutique.com\/wp-content\/uploads\/2023\/08\/Sans-titre-1000-x-1000-px.png","width":1000,"height":1000,"caption":"Moonia Boutique"},"image":{"@id":"https:\/\/moonia-boutique.com\/#\/schema\/logo\/image\/"}}]}},"jetpack_sharing_enabled":true,"_links":{"self":[{"href":"https:\/\/moonia-boutique.com\/en\/wp-json\/wp\/v2\/product\/6495","targetHints":{"allow":["GET"]}}],"collection":[{"href":"https:\/\/moonia-boutique.com\/en\/wp-json\/wp\/v2\/product"}],"about":[{"href":"https:\/\/moonia-boutique.com\/en\/wp-json\/wp\/v2\/types\/product"}],"replies":[{"embeddable":true,"href":"https:\/\/moonia-boutique.com\/en\/wp-json\/wp\/v2\/comments?post=6495"}],"wp:featuredmedia":[{"embeddable":true,"href":"https:\/\/moonia-boutique.com\/en\/wp-json\/wp\/v2\/media\/3199732"}],"wp:attachment":[{"href":"https:\/\/moonia-boutique.com\/en\/wp-json\/wp\/v2\/media?parent=6495"}],"wp:term":[{"taxonomy":"product_brand","embeddable":true,"href":"https:\/\/moonia-boutique.com\/en\/wp-json\/wp\/v2\/product_brand?post=6495"},{"taxonomy":"product_cat","embeddable":true,"href":"https:\/\/moonia-boutique.com\/en\/wp-json\/wp\/v2\/product_cat?post=6495"},{"taxonomy":"product_tag","embeddable":true,"href":"https:\/\/moonia-boutique.com\/en\/wp-json\/wp\/v2\/product_tag?post=6495"},{"taxonomy":"giftcard-category","embeddable":true,"href":"https:\/\/moonia-boutique.com\/en\/wp-json\/wp\/v2\/giftcard-category?post=6495"}],"curies":[{"name":"wp","href":"https:\/\/api.w.org\/{rel}","templated":true}]}}