{"id":7055,"date":"2020-11-20T10:56:58","date_gmt":"2020-11-20T09:56:58","guid":{"rendered":"https:\/\/moonia-boutique.com\/?post_type=product&#038;p=7055"},"modified":"2025-11-12T14:03:19","modified_gmt":"2025-11-12T13:03:19","slug":"huile-de-massage-nigelle","status":"publish","type":"product","link":"https:\/\/moonia-boutique.com\/en\/product\/huile-de-massage-nigelle\/","title":{"rendered":"Huile de Massage Nigelle"},"content":{"rendered":"<div>Nigella body le Roll-on de relaxation musculaire est une huile de massage \u00e9labor\u00e9e avec de l\u2019huile de nigelle d\u2019\u00c9thiopie certifi\u00e9e pure \u00e0 99,9 %.<\/div>\n<div dir=\"auto\">Une formule unique d\u00e9velopp\u00e9e avec quatre huiles essentielles sp\u00e9cifiquement s\u00e9lectionn\u00e9es pour soulager et apaiser douleurs musculaires et rhumatismes. 50ml<\/div>\n<div dir=\"auto\"><\/div>\n<div dir=\"auto\">C\u2019est une huile de massage antidouleur d\u00e9velopp\u00e9 avec la fameuse huile de nigelles d\u2019\u00c9thiopie sp\u00e9cialement con\u00e7u pour p\u00e9n\u00e9trer en profondeur et aider vos muscles et vos articulations \u00e0 r\u00e9cup\u00e9rer, \u00e0 les soulager et \u00e0 les apaiser. Une formule exclusive sp\u00e9cialement \u00e9labor\u00e9e pour d\u00e9tendre efficacement les muscles gr\u00e2ce \u00e0 l\u2019action combin\u00e9e d\u2019une bille de massage et d\u2019un compos\u00e9 d\u2019une s\u00e9lection de quatre huiles essentielles 100 % naturelle qui sont l&#8217;huile essentielle de Gaulth\u00e9rie l&#8217;huile essentielle de pin Sylvestre l\u2019huile essentielle de menthe poivr\u00e9e et l&#8217;huile essentielle de Camphre.<\/div>\n<div dir=\"auto\"><\/div>\n<div dir=\"auto\">Pr\u00e9caution d&#8217;usage:<\/div>\n<div dir=\"auto\">Tenir hors de port\u00e9e des enfants. En usage externe uniquement.<\/div>\n<div dir=\"auto\">Conserver \u00e0 temp\u00e9rature ambiante \u00e0 l\u2019abri de l\u2019humidit\u00e9 et de la lumi\u00e8re.<\/div>\n<div dir=\"auto\">\u00c0 l\u2019aide de sa bille de massage appliquer l\u2019huile de massage en mouvement circulaire sur les zones sensibles ou douloureuse. Pour un confort respiratoire appliquer l\u2019habit de massage sur le torse et la partie haute du dos. Si besoin, compl\u00e9t\u00e9 par un massage manuel. Lavez vous les mains apr\u00e8s application. Le Roll-on peut \u00eatre utilis\u00e9 ponctuellement ou quotidiennement une \u00e0 deux fois par jour.<\/div>\n<div dir=\"auto\"><\/div>\n<div dir=\"auto\">Contre-indication :<\/div>\n<div dir=\"auto\">Ne pas utiliser chez l\u2019enfant de moins de sept ans, chez la femme enceinte ou allaitantes chez les personnes \u00e9pileptiques ou en cas d\u2019allergie \u00e0 un des composants. Ne pas appliquer sur les muqueuses ou zones irrit\u00e9es ou une peau ab\u00eem\u00e9e \u00e9vitez tout contact avec les yeux. \u00c0 proscrire chez les personnes allergiques \u00e0 l\u2019aspirine ou aux d\u00e9riv\u00e9s salicyl\u00e9es en raison de ses effets fluidifiants possibles ne pas utiliser chez les personnes suivants un traitement anticoagulant, effet cortisone\u2013like possible \u00e0 prendre en compte. Chez les personnes allergiques ou sujette \u00e0 des dermatite de peau certaines huiles essentielles peuvent pr\u00e9senter un risque allergique il convient de commencer par un usage tr\u00e8s localis\u00e9 pour \u00e9carter le risque d\u2019allergie en r\u00e8gle g\u00e9n\u00e9rale, faites toujours un test d\u2019application dans le pli du coude, au moins 48 heures avant de l\u2019utiliser.<\/div>","protected":false},"excerpt":{"rendered":"<div>Nigella body le Roll-on de relaxation musculaire est une huile de massage \u00e9labor\u00e9e avec de l\u2019huile de nigelle d\u2019\u00c9thiopie certifi\u00e9e pure \u00e0 99,9 %.<\/div>\n<div dir=\"auto\">Une formule unique d\u00e9velopp\u00e9e avec quatre huiles essentielles sp\u00e9cifiquement s\u00e9lectionn\u00e9es pour soulager et apaiser douleurs musculaires et rhumatismes.<\/div>\n<div dir=\"auto\">50ml<\/div>\n<p>&nbsp;<\/p>","protected":false},"featured_media":15479,"comment_status":"open","ping_status":"closed","template":"","meta":{"_acf_changed":false,"_mo_disable_npp":""},"product_brand":[],"product_cat":[182,236,411,209,100,102,215,376],"product_tag":[],"giftcard-category":[],"class_list":{"0":"post-7055","1":"product","2":"type-product","3":"status-publish","4":"has-post-thumbnail","6":"product_cat-bien-etre","7":"product_cat-bien-etre-homme","8":"product_cat-soldes-2023","9":"product_cat-destockage","10":"product_cat-la-nigelle","11":"product_cat-nos-huiles","12":"product_cat-vetement-musulman-pour-homme","13":"product_cat-wadi","15":"first","16":"instock","17":"sale","18":"taxable","19":"shipping-taxable","20":"purchasable","21":"product-type-simple"},"composite_virtual":false,"composite_layout":"","composite_add_to_cart_form_location":"","composite_editable_in_cart":false,"composite_sold_individually_context":"","composite_shop_price_calc":"","composite_components":[],"composite_scenarios":[],"acf":[],"yoast_head":"<!-- This site is optimized with the Yoast SEO plugin v26.6 - https:\/\/yoast.com\/wordpress\/plugins\/seo\/ -->\n<title>Huile de Massage Nigelle - Moonia Boutique<\/title>\n<meta name=\"description\" content=\"Nigella body le Roll-on de relaxation musculaire est une huile de massage \u00e9labor\u00e9e avec de l\u2019huile de nigelle d\u2019\u00c9thiopie certifi\u00e9e pure \u00e0 99,9 %.\" \/>\n<meta name=\"robots\" content=\"index, follow, max-snippet:-1, max-image-preview:large, max-video-preview:-1\" \/>\n<link rel=\"canonical\" href=\"https:\/\/moonia-boutique.com\/en\/product\/huile-de-massage-nigelle\/\" \/>\n<meta property=\"og:locale\" content=\"en_GB\" \/>\n<meta property=\"og:type\" content=\"article\" \/>\n<meta property=\"og:title\" content=\"Huile de Massage Nigelle - Moonia Boutique\" \/>\n<meta property=\"og:description\" content=\"Nigella body le Roll-on de relaxation musculaire est une huile de massage \u00e9labor\u00e9e avec de l\u2019huile de nigelle d\u2019\u00c9thiopie certifi\u00e9e pure \u00e0 99,9 %.\" \/>\n<meta property=\"og:url\" content=\"https:\/\/moonia-boutique.com\/en\/product\/huile-de-massage-nigelle\/\" \/>\n<meta property=\"og:site_name\" content=\"Moonia Boutique\" \/>\n<meta property=\"article:modified_time\" content=\"2025-11-12T13:03:19+00:00\" \/>\n<meta property=\"og:image\" content=\"https:\/\/moonia-boutique.com\/wp-content\/uploads\/2020\/11\/nigella-body.jpg\" \/>\n\t<meta property=\"og:image:width\" content=\"566\" \/>\n\t<meta property=\"og:image:height\" content=\"580\" \/>\n\t<meta property=\"og:image:type\" content=\"image\/jpeg\" \/>\n<meta name=\"twitter:card\" content=\"summary_large_image\" \/>\n<meta name=\"twitter:label1\" content=\"Estimated reading time\" \/>\n\t<meta name=\"twitter:data1\" content=\"2 minutes\" \/>\n<script type=\"application\/ld+json\" class=\"yoast-schema-graph\">{\"@context\":\"https:\/\/schema.org\",\"@graph\":[{\"@type\":\"WebPage\",\"@id\":\"https:\/\/moonia-boutique.com\/produit\/huile-de-massage-nigelle\/\",\"url\":\"https:\/\/moonia-boutique.com\/produit\/huile-de-massage-nigelle\/\",\"name\":\"Huile de Massage Nigelle - Moonia Boutique\",\"isPartOf\":{\"@id\":\"https:\/\/moonia-boutique.com\/#website\"},\"primaryImageOfPage\":{\"@id\":\"https:\/\/moonia-boutique.com\/produit\/huile-de-massage-nigelle\/#primaryimage\"},\"image\":{\"@id\":\"https:\/\/moonia-boutique.com\/produit\/huile-de-massage-nigelle\/#primaryimage\"},\"thumbnailUrl\":\"https:\/\/moonia-boutique.com\/wp-content\/uploads\/2020\/11\/nigella-body.jpg\",\"datePublished\":\"2020-11-20T09:56:58+00:00\",\"dateModified\":\"2025-11-12T13:03:19+00:00\",\"description\":\"Nigella body le Roll-on de relaxation musculaire est une huile de massage \u00e9labor\u00e9e avec de l\u2019huile de nigelle d\u2019\u00c9thiopie certifi\u00e9e pure \u00e0 99,9 %.\",\"breadcrumb\":{\"@id\":\"https:\/\/moonia-boutique.com\/produit\/huile-de-massage-nigelle\/#breadcrumb\"},\"inLanguage\":\"en-GB\",\"potentialAction\":[{\"@type\":\"ReadAction\",\"target\":[\"https:\/\/moonia-boutique.com\/produit\/huile-de-massage-nigelle\/\"]}]},{\"@type\":\"ImageObject\",\"inLanguage\":\"en-GB\",\"@id\":\"https:\/\/moonia-boutique.com\/produit\/huile-de-massage-nigelle\/#primaryimage\",\"url\":\"https:\/\/moonia-boutique.com\/wp-content\/uploads\/2020\/11\/nigella-body.jpg\",\"contentUrl\":\"https:\/\/moonia-boutique.com\/wp-content\/uploads\/2020\/11\/nigella-body.jpg\",\"width\":566,\"height\":580,\"caption\":\"Priv\u00e9\u00a0: Huile de Massage Nigelle\"},{\"@type\":\"BreadcrumbList\",\"@id\":\"https:\/\/moonia-boutique.com\/produit\/huile-de-massage-nigelle\/#breadcrumb\",\"itemListElement\":[{\"@type\":\"ListItem\",\"position\":1,\"name\":\"Accueil\",\"item\":\"https:\/\/moonia-boutique.com\/\"},{\"@type\":\"ListItem\",\"position\":2,\"name\":\"Boutique Femme Musulmane\",\"item\":\"https:\/\/moonia-boutique.com\/boutique\/\"},{\"@type\":\"ListItem\",\"position\":3,\"name\":\"Huile de Massage Nigelle\"}]},{\"@type\":\"WebSite\",\"@id\":\"https:\/\/moonia-boutique.com\/#website\",\"url\":\"https:\/\/moonia-boutique.com\/\",\"name\":\"Moonia Boutique\",\"description\":\"Moonia Boutique - Le site de mode de la femme musulmane !\",\"publisher\":{\"@id\":\"https:\/\/moonia-boutique.com\/#organization\"},\"potentialAction\":[{\"@type\":\"SearchAction\",\"target\":{\"@type\":\"EntryPoint\",\"urlTemplate\":\"https:\/\/moonia-boutique.com\/?s={search_term_string}\"},\"query-input\":{\"@type\":\"PropertyValueSpecification\",\"valueRequired\":true,\"valueName\":\"search_term_string\"}}],\"inLanguage\":\"en-GB\"},{\"@type\":\"Organization\",\"@id\":\"https:\/\/moonia-boutique.com\/#organization\",\"name\":\"Moonia Boutique\",\"url\":\"https:\/\/moonia-boutique.com\/\",\"logo\":{\"@type\":\"ImageObject\",\"inLanguage\":\"en-GB\",\"@id\":\"https:\/\/moonia-boutique.com\/#\/schema\/logo\/image\/\",\"url\":\"https:\/\/moonia-boutique.com\/wp-content\/uploads\/2023\/08\/Sans-titre-1000-x-1000-px.png\",\"contentUrl\":\"https:\/\/moonia-boutique.com\/wp-content\/uploads\/2023\/08\/Sans-titre-1000-x-1000-px.png\",\"width\":1000,\"height\":1000,\"caption\":\"Moonia Boutique\"},\"image\":{\"@id\":\"https:\/\/moonia-boutique.com\/#\/schema\/logo\/image\/\"}}]}<\/script>\n<!-- \/ Yoast SEO plugin. -->","yoast_head_json":{"title":"Huile de Massage Nigelle - Moonia Boutique","description":"Nigella body le Roll-on de relaxation musculaire est une huile de massage \u00e9labor\u00e9e avec de l\u2019huile de nigelle d\u2019\u00c9thiopie certifi\u00e9e pure \u00e0 99,9 %.","robots":{"index":"index","follow":"follow","max-snippet":"max-snippet:-1","max-image-preview":"max-image-preview:large","max-video-preview":"max-video-preview:-1"},"canonical":"https:\/\/moonia-boutique.com\/en\/product\/huile-de-massage-nigelle\/","og_locale":"en_GB","og_type":"article","og_title":"Huile de Massage Nigelle - Moonia Boutique","og_description":"Nigella body le Roll-on de relaxation musculaire est une huile de massage \u00e9labor\u00e9e avec de l\u2019huile de nigelle d\u2019\u00c9thiopie certifi\u00e9e pure \u00e0 99,9 %.","og_url":"https:\/\/moonia-boutique.com\/en\/product\/huile-de-massage-nigelle\/","og_site_name":"Moonia Boutique","article_modified_time":"2025-11-12T13:03:19+00:00","og_image":[{"width":566,"height":580,"url":"https:\/\/moonia-boutique.com\/wp-content\/uploads\/2020\/11\/nigella-body.jpg","type":"image\/jpeg"}],"twitter_card":"summary_large_image","twitter_misc":{"Estimated reading time":"2 minutes"},"schema":{"@context":"https:\/\/schema.org","@graph":[{"@type":"WebPage","@id":"https:\/\/moonia-boutique.com\/produit\/huile-de-massage-nigelle\/","url":"https:\/\/moonia-boutique.com\/produit\/huile-de-massage-nigelle\/","name":"Huile de Massage Nigelle - Moonia Boutique","isPartOf":{"@id":"https:\/\/moonia-boutique.com\/#website"},"primaryImageOfPage":{"@id":"https:\/\/moonia-boutique.com\/produit\/huile-de-massage-nigelle\/#primaryimage"},"image":{"@id":"https:\/\/moonia-boutique.com\/produit\/huile-de-massage-nigelle\/#primaryimage"},"thumbnailUrl":"https:\/\/moonia-boutique.com\/wp-content\/uploads\/2020\/11\/nigella-body.jpg","datePublished":"2020-11-20T09:56:58+00:00","dateModified":"2025-11-12T13:03:19+00:00","description":"Nigella body le Roll-on de relaxation musculaire est une huile de massage \u00e9labor\u00e9e avec de l\u2019huile de nigelle d\u2019\u00c9thiopie certifi\u00e9e pure \u00e0 99,9 %.","breadcrumb":{"@id":"https:\/\/moonia-boutique.com\/produit\/huile-de-massage-nigelle\/#breadcrumb"},"inLanguage":"en-GB","potentialAction":[{"@type":"ReadAction","target":["https:\/\/moonia-boutique.com\/produit\/huile-de-massage-nigelle\/"]}]},{"@type":"ImageObject","inLanguage":"en-GB","@id":"https:\/\/moonia-boutique.com\/produit\/huile-de-massage-nigelle\/#primaryimage","url":"https:\/\/moonia-boutique.com\/wp-content\/uploads\/2020\/11\/nigella-body.jpg","contentUrl":"https:\/\/moonia-boutique.com\/wp-content\/uploads\/2020\/11\/nigella-body.jpg","width":566,"height":580,"caption":"Priv\u00e9\u00a0: Huile de Massage Nigelle"},{"@type":"BreadcrumbList","@id":"https:\/\/moonia-boutique.com\/produit\/huile-de-massage-nigelle\/#breadcrumb","itemListElement":[{"@type":"ListItem","position":1,"name":"Accueil","item":"https:\/\/moonia-boutique.com\/"},{"@type":"ListItem","position":2,"name":"Boutique Femme Musulmane","item":"https:\/\/moonia-boutique.com\/boutique\/"},{"@type":"ListItem","position":3,"name":"Huile de Massage Nigelle"}]},{"@type":"WebSite","@id":"https:\/\/moonia-boutique.com\/#website","url":"https:\/\/moonia-boutique.com\/","name":"Moonia Boutique","description":"Moonia Boutique - Le site de mode de la femme musulmane !","publisher":{"@id":"https:\/\/moonia-boutique.com\/#organization"},"potentialAction":[{"@type":"SearchAction","target":{"@type":"EntryPoint","urlTemplate":"https:\/\/moonia-boutique.com\/?s={search_term_string}"},"query-input":{"@type":"PropertyValueSpecification","valueRequired":true,"valueName":"search_term_string"}}],"inLanguage":"en-GB"},{"@type":"Organization","@id":"https:\/\/moonia-boutique.com\/#organization","name":"Moonia Boutique","url":"https:\/\/moonia-boutique.com\/","logo":{"@type":"ImageObject","inLanguage":"en-GB","@id":"https:\/\/moonia-boutique.com\/#\/schema\/logo\/image\/","url":"https:\/\/moonia-boutique.com\/wp-content\/uploads\/2023\/08\/Sans-titre-1000-x-1000-px.png","contentUrl":"https:\/\/moonia-boutique.com\/wp-content\/uploads\/2023\/08\/Sans-titre-1000-x-1000-px.png","width":1000,"height":1000,"caption":"Moonia Boutique"},"image":{"@id":"https:\/\/moonia-boutique.com\/#\/schema\/logo\/image\/"}}]}},"jetpack_sharing_enabled":true,"_links":{"self":[{"href":"https:\/\/moonia-boutique.com\/en\/wp-json\/wp\/v2\/product\/7055","targetHints":{"allow":["GET"]}}],"collection":[{"href":"https:\/\/moonia-boutique.com\/en\/wp-json\/wp\/v2\/product"}],"about":[{"href":"https:\/\/moonia-boutique.com\/en\/wp-json\/wp\/v2\/types\/product"}],"replies":[{"embeddable":true,"href":"https:\/\/moonia-boutique.com\/en\/wp-json\/wp\/v2\/comments?post=7055"}],"wp:featuredmedia":[{"embeddable":true,"href":"https:\/\/moonia-boutique.com\/en\/wp-json\/wp\/v2\/media\/15479"}],"wp:attachment":[{"href":"https:\/\/moonia-boutique.com\/en\/wp-json\/wp\/v2\/media?parent=7055"}],"wp:term":[{"taxonomy":"product_brand","embeddable":true,"href":"https:\/\/moonia-boutique.com\/en\/wp-json\/wp\/v2\/product_brand?post=7055"},{"taxonomy":"product_cat","embeddable":true,"href":"https:\/\/moonia-boutique.com\/en\/wp-json\/wp\/v2\/product_cat?post=7055"},{"taxonomy":"product_tag","embeddable":true,"href":"https:\/\/moonia-boutique.com\/en\/wp-json\/wp\/v2\/product_tag?post=7055"},{"taxonomy":"giftcard-category","embeddable":true,"href":"https:\/\/moonia-boutique.com\/en\/wp-json\/wp\/v2\/giftcard-category?post=7055"}],"curies":[{"name":"wp","href":"https:\/\/api.w.org\/{rel}","templated":true}]}}