{"id":75789,"date":"2022-04-08T09:08:58","date_gmt":"2022-04-08T07:08:58","guid":{"rendered":"https:\/\/moonia-boutique.com\/?post_type=product&#038;p=75789"},"modified":"2025-11-07T08:15:24","modified_gmt":"2025-11-07T07:15:24","slug":"bougie-parfumee","status":"publish","type":"product","link":"https:\/\/moonia-boutique.com\/en\/product\/bougie-parfumee\/","title":{"rendered":"Bougie Parfum\u00e9e"},"content":{"rendered":"<p><span style=\"font-size: 12px\">Nous avons s\u00e9lectionn\u00e9 pour vous des parfums d\u00e9licats et raffin\u00e9s pour votre int\u00e9rieur. En allumant nos bougies d&#8217;int\u00e9rieurs pourrez en faire profiter tout votre foyer. Profitez de nos diff\u00e9rentes senteurs, chacune \u00e9voquant un parfum et un voyage olfactif particulier.<\/span><span style=\"font-size: 12px\">\u00a0Ainsi la <b><strong>bougie parfum\u00e9e<\/strong><\/b> est aussi \u00e9l\u00e9gante que cosy et pourra ais\u00e9ment trouver sa place dans votre d\u00e9coration, allum\u00e9e ou \u00e9teinte. <\/span><span style=\"font-size: 12px\">Contenance: 40 hour \/ 170 gr\u00a0 Poids: 220gr<\/span><\/p>\n<p><span style=\"font-size: 12px\">CONSEILS D&#8217;UTILISATION: <\/span><span style=\"font-size: 12px\">Pour une br\u00fblure douce et harmonieuse, laissez la bougie br\u00fbler pendant au moins quatre heures<\/span><\/p>\n<ul>\n<li><span style=\"font-size: 12px\"><span style=\"font-family: Arial, Helvetica, sans-serif\">BOUGIES MUSC TAHARA : <\/span><span style=\"font-family: Arial, Helvetica, sans-serif\">NOTES OLFACTIVES <\/span>M\u00e9lange de notes musqu\u00e9es. CARACT\u00c9RISTIQUES Le musc blanc et l&#8217;ambre flottent \u00e0 travers des parfums doux de vanille et d&#8217;ambre cr\u00e9ant une exp\u00e9rience de parfum douce mais chaleureuse comme aucune autre.<\/span><\/li>\n<li><span style=\"font-size: 12px\"><span style=\"font-family: Arial, Helvetica, sans-serif\">BOUGIES ROSE &amp; MUSK:\u00a0 <\/span><span style=\"font-family: Arial, Helvetica, sans-serif;color: #000000\">NOTES OLFACTIVES <\/span><span style=\"font-family: Arial, Helvetica, sans-serif\">M\u00e9lange de notes: musc pur, rose orientale et ambre doux . <\/span><span style=\"font-family: Arial, Helvetica, sans-serif\">CARACT\u00c9RISTIQUES <\/span><span style=\"font-family: Arial, Helvetica, sans-serif\">Le musc et la rose se marient pour cr\u00e9er une ambiance empreinte d&#8217;ambre doux.<\/span><\/span><\/li>\n<li><span style=\"font-size: 12px\">BOUGIES OUD ROYAL : NOTES OLFACTIVES: M\u00e9lange de notes: oud pur, bois de c\u00e8dre doux et roses musqu\u00e9es. CARACT\u00c9RISTIQUES: Le oud pur et les roses sombres et calmes s&#8217;ouvrent sur des notes de bois de c\u00e8dre doux dans ce parfum \u00e9l\u00e9gant et r\u00e9solument royal.<\/span><\/li>\n<li><span style=\"font-size: 12px\">BOUGIE MUSK: NOTES OLFACTIVES: M\u00e9lange de notes musqu\u00e9es CARACT\u00c9RISTIQUES Ingr\u00e9dient cl\u00e9 des odeurs \u00e9l\u00e9gantes depuis des temps imm\u00e9moriaux, Musk est parfait pour toutes les occasions.<\/span><\/li>\n<li><span style=\"font-size: 12px\">BOUGIE 1001 NUITS: NOTES OLFACTIVES M\u00e9lange de notes: myrrhe, f\u00e8ve tonka, lavande et roses CARACT\u00c9RISTIQUES Une nuit sombre, l&#8217;aventure guette \u00e0 chaque coin de rue, les anciens myst\u00e8res de l&#8217;Orient racont\u00e9s par le oud exotique et les fleurs de clown.<\/span><\/li>\n<\/ul>\n<p>Composition :<\/p>\n<ul>\n<li>Cedar Wood<\/li>\n<li>Sandalwood<\/li>\n<li>Musk<\/li>\n<li>Rose<\/li>\n<\/ul>","protected":false},"excerpt":{"rendered":"<p><span style=\"font-size: 12px\">Nous avons s\u00e9lectionn\u00e9 pour vous des parfums d\u00e9licats et raffin\u00e9s pour votre int\u00e9rieur. En allumant nos bougies d\u2019int\u00e9rieurs pourrez en faire profiter tout votre foyer. Profitez de nos diff\u00e9rentes senteurs, chacune \u00e9voquant un parfum et un voyage olfactif particulier.<\/span><span style=\"font-size: 12px\">\u00a0Ainsi la <b><strong>bougie parfum\u00e9e<\/strong><\/b> est aussi \u00e9l\u00e9gante que cosy et pourra ais\u00e9ment trouver sa place dans votre d\u00e9coration, allum\u00e9e ou \u00e9teinte. <\/span><span style=\"font-size: 12px\">Contenance: 40 hour \/ 170 gr\u00a0 Poids: 220gr<\/span><\/p>\n<p><span style=\"font-size: 12px\">CONSEILS D\u2019UTILISATION: <\/span><span style=\"font-size: 12px\">Pour une br\u00fblure douce et harmonieuse, laissez la bougie br\u00fbler pendant au moins quatre heures<\/span><\/p>\n<ul>\n<li><span style=\"font-size: 12px\"><span style=\"font-family: Arial, Helvetica, sans-serif\">BOUGIES MUSC TAHARA : <\/span><span style=\"font-family: Arial, Helvetica, sans-serif\">NOTES OLFACTIVES <\/span>M\u00e9lange de notes musqu\u00e9es. CARACT\u00c9RISTIQUES Le musc blanc et l\u2019ambre flottent \u00e0 travers des parfums doux de vanille et d\u2019ambre cr\u00e9ant une exp\u00e9rience de parfum douce mais chaleureuse comme aucune autre.<\/span><\/li>\n<li><span style=\"font-size: 12px\"><span style=\"font-family: Arial, Helvetica, sans-serif\">BOUGIES ROSE &amp; MUSK:\u00a0 <\/span><span style=\"font-family: Arial, Helvetica, sans-serif;color: #000000\">NOTES OLFACTIVES <\/span><span style=\"font-family: Arial, Helvetica, sans-serif\">M\u00e9lange de notes: musc pur, rose orientale et ambre doux . <\/span><span style=\"font-family: Arial, Helvetica, sans-serif\">CARACT\u00c9RISTIQUES <\/span><span style=\"font-family: Arial, Helvetica, sans-serif\">Le musc et la rose se marient pour cr\u00e9er une ambiance empreinte d\u2019ambre doux.<\/span><\/span><\/li>\n<li><span style=\"font-size: 12px\">BOUGIES OUD ROYAL : NOTES OLFACTIVES: M\u00e9lange de notes: oud pur, bois de c\u00e8dre doux et roses musqu\u00e9es. CARACT\u00c9RISTIQUES: Le oud pur et les roses sombres et calmes s\u2019ouvrent sur des notes de bois de c\u00e8dre doux dans ce parfum \u00e9l\u00e9gant et r\u00e9solument royal.<\/span><\/li>\n<li><span style=\"font-size: 12px\">BOUGIE MUSK: NOTES OLFACTIVES: M\u00e9lange de notes musqu\u00e9es CARACT\u00c9RISTIQUES Ingr\u00e9dient cl\u00e9 des odeurs \u00e9l\u00e9gantes depuis des temps imm\u00e9moriaux, Musk est parfait pour toutes les occasions.<\/span><\/li>\n<li><span style=\"font-size: 12px\">BOUGIE 1001 NUITS: NOTES OLFACTIVES M\u00e9lange de notes: myrrhe, f\u00e8ve tonka, lavande et roses CARACT\u00c9RISTIQUES Une nuit sombre, l\u2019aventure guette \u00e0 chaque coin de rue, les anciens myst\u00e8res de l\u2019Orient racont\u00e9s par le oud exotique et les fleurs de clown.<\/span><\/li>\n<\/ul>","protected":false},"featured_media":75893,"comment_status":"open","ping_status":"closed","template":"","meta":{"_acf_changed":false,"_mo_disable_npp":""},"product_brand":[],"product_cat":[182,236,209],"product_tag":[],"giftcard-category":[],"class_list":{"0":"post-75789","1":"product","2":"type-product","3":"status-publish","4":"has-post-thumbnail","6":"product_cat-bien-etre","7":"product_cat-bien-etre-homme","8":"product_cat-destockage","10":"first","11":"instock","12":"sale","13":"taxable","14":"shipping-taxable","15":"purchasable","16":"product-type-variable","17":"rtwpvs-product"},"composite_virtual":false,"composite_layout":"","composite_add_to_cart_form_location":"","composite_editable_in_cart":false,"composite_sold_individually_context":"","composite_shop_price_calc":"","composite_components":[],"composite_scenarios":[],"acf":[],"yoast_head":"<!-- This site is optimized with the Yoast SEO plugin v26.6 - https:\/\/yoast.com\/wordpress\/plugins\/seo\/ -->\n<title>Bougie Parfum\u00e9e - Moonia Boutique<\/title>\n<meta name=\"description\" content=\"Nous avons s\u00e9lectionn\u00e9 pour vous des parfums d\u00e9licats et raffin\u00e9s pour votre int\u00e9rieur. En allumant nos bougies d&#039;int\u00e9rieurs pourrez en faire profiter tout votre foyer.\" \/>\n<meta name=\"robots\" content=\"index, follow, max-snippet:-1, max-image-preview:large, max-video-preview:-1\" \/>\n<link rel=\"canonical\" href=\"https:\/\/moonia-boutique.com\/en\/product\/bougie-parfumee\/\" \/>\n<meta property=\"og:locale\" content=\"en_GB\" \/>\n<meta property=\"og:type\" content=\"article\" \/>\n<meta property=\"og:title\" content=\"Bougie Parfum\u00e9e - Moonia Boutique\" \/>\n<meta property=\"og:description\" content=\"Nous avons s\u00e9lectionn\u00e9 pour vous des parfums d\u00e9licats et raffin\u00e9s pour votre int\u00e9rieur. En allumant nos bougies d&#039;int\u00e9rieurs pourrez en faire profiter tout votre foyer.\" \/>\n<meta property=\"og:url\" content=\"https:\/\/moonia-boutique.com\/en\/product\/bougie-parfumee\/\" \/>\n<meta property=\"og:site_name\" content=\"Moonia Boutique\" \/>\n<meta property=\"article:modified_time\" content=\"2025-11-07T07:15:24+00:00\" \/>\n<meta property=\"og:image\" content=\"https:\/\/moonia-boutique.com\/wp-content\/uploads\/2022\/04\/musk-tahara.png\" \/>\n\t<meta property=\"og:image:width\" content=\"500\" \/>\n\t<meta property=\"og:image:height\" content=\"500\" \/>\n\t<meta property=\"og:image:type\" content=\"image\/png\" \/>\n<meta name=\"twitter:card\" content=\"summary_large_image\" \/>\n<meta name=\"twitter:label1\" content=\"Estimated reading time\" \/>\n\t<meta name=\"twitter:data1\" content=\"2 minutes\" \/>\n<script type=\"application\/ld+json\" class=\"yoast-schema-graph\">{\"@context\":\"https:\/\/schema.org\",\"@graph\":[{\"@type\":\"WebPage\",\"@id\":\"https:\/\/moonia-boutique.com\/produit\/bougie-parfumee\/\",\"url\":\"https:\/\/moonia-boutique.com\/produit\/bougie-parfumee\/\",\"name\":\"Bougie Parfum\u00e9e - Moonia Boutique\",\"isPartOf\":{\"@id\":\"https:\/\/moonia-boutique.com\/#website\"},\"primaryImageOfPage\":{\"@id\":\"https:\/\/moonia-boutique.com\/produit\/bougie-parfumee\/#primaryimage\"},\"image\":{\"@id\":\"https:\/\/moonia-boutique.com\/produit\/bougie-parfumee\/#primaryimage\"},\"thumbnailUrl\":\"https:\/\/moonia-boutique.com\/wp-content\/uploads\/2022\/04\/musk-tahara.png\",\"datePublished\":\"2022-04-08T07:08:58+00:00\",\"dateModified\":\"2025-11-07T07:15:24+00:00\",\"description\":\"Nous avons s\u00e9lectionn\u00e9 pour vous des parfums d\u00e9licats et raffin\u00e9s pour votre int\u00e9rieur. En allumant nos bougies d'int\u00e9rieurs pourrez en faire profiter tout votre foyer.\",\"breadcrumb\":{\"@id\":\"https:\/\/moonia-boutique.com\/produit\/bougie-parfumee\/#breadcrumb\"},\"inLanguage\":\"en-GB\",\"potentialAction\":[{\"@type\":\"ReadAction\",\"target\":[\"https:\/\/moonia-boutique.com\/produit\/bougie-parfumee\/\"]}]},{\"@type\":\"ImageObject\",\"inLanguage\":\"en-GB\",\"@id\":\"https:\/\/moonia-boutique.com\/produit\/bougie-parfumee\/#primaryimage\",\"url\":\"https:\/\/moonia-boutique.com\/wp-content\/uploads\/2022\/04\/musk-tahara.png\",\"contentUrl\":\"https:\/\/moonia-boutique.com\/wp-content\/uploads\/2022\/04\/musk-tahara.png\",\"width\":500,\"height\":500,\"caption\":\"Bougie Parfum\u00e9e\"},{\"@type\":\"BreadcrumbList\",\"@id\":\"https:\/\/moonia-boutique.com\/produit\/bougie-parfumee\/#breadcrumb\",\"itemListElement\":[{\"@type\":\"ListItem\",\"position\":1,\"name\":\"Accueil\",\"item\":\"https:\/\/moonia-boutique.com\/\"},{\"@type\":\"ListItem\",\"position\":2,\"name\":\"Boutique Femme Musulmane\",\"item\":\"https:\/\/moonia-boutique.com\/boutique\/\"},{\"@type\":\"ListItem\",\"position\":3,\"name\":\"Bougie Parfum\u00e9e\"}]},{\"@type\":\"WebSite\",\"@id\":\"https:\/\/moonia-boutique.com\/#website\",\"url\":\"https:\/\/moonia-boutique.com\/\",\"name\":\"Moonia Boutique\",\"description\":\"Moonia Boutique - Le site de mode de la femme musulmane !\",\"publisher\":{\"@id\":\"https:\/\/moonia-boutique.com\/#organization\"},\"potentialAction\":[{\"@type\":\"SearchAction\",\"target\":{\"@type\":\"EntryPoint\",\"urlTemplate\":\"https:\/\/moonia-boutique.com\/?s={search_term_string}\"},\"query-input\":{\"@type\":\"PropertyValueSpecification\",\"valueRequired\":true,\"valueName\":\"search_term_string\"}}],\"inLanguage\":\"en-GB\"},{\"@type\":\"Organization\",\"@id\":\"https:\/\/moonia-boutique.com\/#organization\",\"name\":\"Moonia Boutique\",\"url\":\"https:\/\/moonia-boutique.com\/\",\"logo\":{\"@type\":\"ImageObject\",\"inLanguage\":\"en-GB\",\"@id\":\"https:\/\/moonia-boutique.com\/#\/schema\/logo\/image\/\",\"url\":\"https:\/\/moonia-boutique.com\/wp-content\/uploads\/2023\/08\/Sans-titre-1000-x-1000-px.png\",\"contentUrl\":\"https:\/\/moonia-boutique.com\/wp-content\/uploads\/2023\/08\/Sans-titre-1000-x-1000-px.png\",\"width\":1000,\"height\":1000,\"caption\":\"Moonia Boutique\"},\"image\":{\"@id\":\"https:\/\/moonia-boutique.com\/#\/schema\/logo\/image\/\"}}]}<\/script>\n<!-- \/ Yoast SEO plugin. -->","yoast_head_json":{"title":"Bougie Parfum\u00e9e - Moonia Boutique","description":"Nous avons s\u00e9lectionn\u00e9 pour vous des parfums d\u00e9licats et raffin\u00e9s pour votre int\u00e9rieur. En allumant nos bougies d'int\u00e9rieurs pourrez en faire profiter tout votre foyer.","robots":{"index":"index","follow":"follow","max-snippet":"max-snippet:-1","max-image-preview":"max-image-preview:large","max-video-preview":"max-video-preview:-1"},"canonical":"https:\/\/moonia-boutique.com\/en\/product\/bougie-parfumee\/","og_locale":"en_GB","og_type":"article","og_title":"Bougie Parfum\u00e9e - Moonia Boutique","og_description":"Nous avons s\u00e9lectionn\u00e9 pour vous des parfums d\u00e9licats et raffin\u00e9s pour votre int\u00e9rieur. En allumant nos bougies d'int\u00e9rieurs pourrez en faire profiter tout votre foyer.","og_url":"https:\/\/moonia-boutique.com\/en\/product\/bougie-parfumee\/","og_site_name":"Moonia Boutique","article_modified_time":"2025-11-07T07:15:24+00:00","og_image":[{"width":500,"height":500,"url":"https:\/\/moonia-boutique.com\/wp-content\/uploads\/2022\/04\/musk-tahara.png","type":"image\/png"}],"twitter_card":"summary_large_image","twitter_misc":{"Estimated reading time":"2 minutes"},"schema":{"@context":"https:\/\/schema.org","@graph":[{"@type":"WebPage","@id":"https:\/\/moonia-boutique.com\/produit\/bougie-parfumee\/","url":"https:\/\/moonia-boutique.com\/produit\/bougie-parfumee\/","name":"Bougie Parfum\u00e9e - Moonia Boutique","isPartOf":{"@id":"https:\/\/moonia-boutique.com\/#website"},"primaryImageOfPage":{"@id":"https:\/\/moonia-boutique.com\/produit\/bougie-parfumee\/#primaryimage"},"image":{"@id":"https:\/\/moonia-boutique.com\/produit\/bougie-parfumee\/#primaryimage"},"thumbnailUrl":"https:\/\/moonia-boutique.com\/wp-content\/uploads\/2022\/04\/musk-tahara.png","datePublished":"2022-04-08T07:08:58+00:00","dateModified":"2025-11-07T07:15:24+00:00","description":"Nous avons s\u00e9lectionn\u00e9 pour vous des parfums d\u00e9licats et raffin\u00e9s pour votre int\u00e9rieur. En allumant nos bougies d'int\u00e9rieurs pourrez en faire profiter tout votre foyer.","breadcrumb":{"@id":"https:\/\/moonia-boutique.com\/produit\/bougie-parfumee\/#breadcrumb"},"inLanguage":"en-GB","potentialAction":[{"@type":"ReadAction","target":["https:\/\/moonia-boutique.com\/produit\/bougie-parfumee\/"]}]},{"@type":"ImageObject","inLanguage":"en-GB","@id":"https:\/\/moonia-boutique.com\/produit\/bougie-parfumee\/#primaryimage","url":"https:\/\/moonia-boutique.com\/wp-content\/uploads\/2022\/04\/musk-tahara.png","contentUrl":"https:\/\/moonia-boutique.com\/wp-content\/uploads\/2022\/04\/musk-tahara.png","width":500,"height":500,"caption":"Bougie Parfum\u00e9e"},{"@type":"BreadcrumbList","@id":"https:\/\/moonia-boutique.com\/produit\/bougie-parfumee\/#breadcrumb","itemListElement":[{"@type":"ListItem","position":1,"name":"Accueil","item":"https:\/\/moonia-boutique.com\/"},{"@type":"ListItem","position":2,"name":"Boutique Femme Musulmane","item":"https:\/\/moonia-boutique.com\/boutique\/"},{"@type":"ListItem","position":3,"name":"Bougie Parfum\u00e9e"}]},{"@type":"WebSite","@id":"https:\/\/moonia-boutique.com\/#website","url":"https:\/\/moonia-boutique.com\/","name":"Moonia Boutique","description":"Moonia Boutique - Le site de mode de la femme musulmane !","publisher":{"@id":"https:\/\/moonia-boutique.com\/#organization"},"potentialAction":[{"@type":"SearchAction","target":{"@type":"EntryPoint","urlTemplate":"https:\/\/moonia-boutique.com\/?s={search_term_string}"},"query-input":{"@type":"PropertyValueSpecification","valueRequired":true,"valueName":"search_term_string"}}],"inLanguage":"en-GB"},{"@type":"Organization","@id":"https:\/\/moonia-boutique.com\/#organization","name":"Moonia Boutique","url":"https:\/\/moonia-boutique.com\/","logo":{"@type":"ImageObject","inLanguage":"en-GB","@id":"https:\/\/moonia-boutique.com\/#\/schema\/logo\/image\/","url":"https:\/\/moonia-boutique.com\/wp-content\/uploads\/2023\/08\/Sans-titre-1000-x-1000-px.png","contentUrl":"https:\/\/moonia-boutique.com\/wp-content\/uploads\/2023\/08\/Sans-titre-1000-x-1000-px.png","width":1000,"height":1000,"caption":"Moonia Boutique"},"image":{"@id":"https:\/\/moonia-boutique.com\/#\/schema\/logo\/image\/"}}]}},"jetpack_sharing_enabled":true,"_links":{"self":[{"href":"https:\/\/moonia-boutique.com\/en\/wp-json\/wp\/v2\/product\/75789","targetHints":{"allow":["GET"]}}],"collection":[{"href":"https:\/\/moonia-boutique.com\/en\/wp-json\/wp\/v2\/product"}],"about":[{"href":"https:\/\/moonia-boutique.com\/en\/wp-json\/wp\/v2\/types\/product"}],"replies":[{"embeddable":true,"href":"https:\/\/moonia-boutique.com\/en\/wp-json\/wp\/v2\/comments?post=75789"}],"wp:featuredmedia":[{"embeddable":true,"href":"https:\/\/moonia-boutique.com\/en\/wp-json\/wp\/v2\/media\/75893"}],"wp:attachment":[{"href":"https:\/\/moonia-boutique.com\/en\/wp-json\/wp\/v2\/media?parent=75789"}],"wp:term":[{"taxonomy":"product_brand","embeddable":true,"href":"https:\/\/moonia-boutique.com\/en\/wp-json\/wp\/v2\/product_brand?post=75789"},{"taxonomy":"product_cat","embeddable":true,"href":"https:\/\/moonia-boutique.com\/en\/wp-json\/wp\/v2\/product_cat?post=75789"},{"taxonomy":"product_tag","embeddable":true,"href":"https:\/\/moonia-boutique.com\/en\/wp-json\/wp\/v2\/product_tag?post=75789"},{"taxonomy":"giftcard-category","embeddable":true,"href":"https:\/\/moonia-boutique.com\/en\/wp-json\/wp\/v2\/giftcard-category?post=75789"}],"curies":[{"name":"wp","href":"https:\/\/api.w.org\/{rel}","templated":true}]}}