{"id":76330,"date":"2022-04-09T08:23:29","date_gmt":"2022-04-09T06:23:29","guid":{"rendered":"https:\/\/moonia-boutique.com\/?post_type=product&#038;p=76330"},"modified":"2026-04-20T13:33:23","modified_gmt":"2026-04-20T11:33:23","slug":"khimar-soie-de-medine-maxi","status":"publish","type":"product","link":"https:\/\/moonia-boutique.com\/en\/product\/khimar-soie-de-medine-maxi\/","title":{"rendered":"Khimar Soie de Medine Maxi"},"content":{"rendered":"<p>Voici le <strong>Khimar Soie de Medine Maxi<\/strong>. C&#8217;est un Khimar qui se noue tr\u00e8s facilement \u00e0 l&#8217;arri\u00e8re comme un <a href=\"https:\/\/moonia-boutique.com\/en\/product\/jilbab\/\"><strong>Jilbab <\/strong><\/a>. Le Khimar reste <strong>bien en place<\/strong> et vous pouvez l&#8217;ajuster selon vos envies.<\/p>\n<p><strong>Le Khimar Soie de Medine Maxi couvre<\/strong> enti\u00e8rement le <strong>dos<\/strong> et la <strong>poitrine<\/strong> gr\u00e2ce \u00e0 sa <strong>longueur de 1,60m <\/strong>(bandeau compris)<b>.<\/b> Vous appr\u00e9cierez sa forme pointu \u00e0 l&#8217;avant et \u00e0 l&#8217;arri\u00e8re. Il existe aussi en version plus courte: <a href=\"https:\/\/moonia-boutique.com\/en\/product\/khimar-soie-de-medine\/\"><em><strong>Khimar soie de\u00a0<\/strong><\/em><\/a><span style=\"color: #3b3b3b\"><b><i>M\u00e9dine<\/i><\/b><\/span>. Le Tissu est tr\u00e8s l\u00e9ger et fluide. La caract\u00e9ristique du soie de M\u00e9dine, c&#8217;est qu&#8217;il est doux et qu&#8217;il ne froisse pas. Malgr\u00e9 cela il reste tr\u00e8s opaque.<\/p>\n<p>Le Khimar se marie tr\u00e8s bien avec la <a href=\"https:\/\/www.instagram.com\/p\/CXjZGAQI_v7\/?utm_source=ig_web_copy_link\"><strong>Abaya <\/strong><\/a><b>Farasha<\/b>.\u00a0N\u2019h\u00e9sitez \u00e0 jeter un \u0153il aux autres\u00a0<em><strong><a href=\"https:\/\/moonia-boutique.com\/en\/product-category\/pret-a-porter-pour-femme-musulmane\/?_ga=2.171804640.1502423077.1649484460-1487210365.1609018413\">Abayas<\/a>\u00a0<\/strong><\/em>et \u00e0 notre <em><strong><a href=\"https:\/\/moonia-boutique.com\/en\/product-category\/hijab\/\">collection de hijab<\/a>\u00a0<\/strong><\/em>afin de composer la tenue qui vous ressemble.<\/p>\n<div class=\"product__description rte\">\n<p>Longueur du Khimar: 1m60 ( bandeau compris)<\/p>\n<p>Le mod\u00e8le mesure 1,69m et porte du 36 habituellement.<\/p>\n<p>Disponible en plusieurs couleurs, trouvez celle qui vous plaira.<\/p>\n<p>Le Khimar est cit\u00e9 dans le Quran sourate Nour verset 31: <strong>&#8220;Et dis aux croyantes de baisser leurs regards, de garder leur chastet\u00e9, et de ne montrer de leurs atours que ce qui en para\u00eet et qu&#8217;elles rabattent leur Voile (Khimar) sur leurs poitrines;&#8230;&#8221;<\/strong><\/p>\n<p>&nbsp;<\/p>\n<\/div>\n<div id=\"shopify-block-f7072ad4-46de-49ca-83bc-4d1823867783\" class=\"shopify-block shopify-app-block\">\n<div id=\"shopify-product-reviews\" data-id=\"7445781512411\">\n<div class=\"spr-container\"><\/div>\n<\/div>\n<\/div>","protected":false},"excerpt":{"rendered":"<p>Voici le <strong>Khimar Soie de Medine Maxi<\/strong>. C\u2019est un Khimar qui se noue tr\u00e8s facilement \u00e0 l\u2019arri\u00e8re comme un <a href=\"https:\/\/moonia-boutique.com\/en\/product\/jilbab\/\"><strong>Jilbab <\/strong><\/a>. Le Khimar reste <strong>bien en place<\/strong> et vous pouvez l\u2019ajuster selon vos envies.<\/p>\n<p><strong>Le Khimar Soie de Medine Maxi couvre<\/strong> enti\u00e8rement le <strong>dos<\/strong> et la <strong>poitrine<\/strong> gr\u00e2ce \u00e0 sa <strong>longueur de 1,60m <\/strong>(bandeau compris)<b>.<\/b> Vous appr\u00e9cierez sa forme pointu \u00e0 l\u2019avant et \u00e0 l\u2019arri\u00e8re. Il existe aussi en version plus courte: <a href=\"https:\/\/moonia-boutique.com\/en\/product\/khimar-soie-de-medine\/\"><em><strong>Khimar soie de\u00a0<\/strong><\/em><\/a><span style=\"color: #3b3b3b\"><b><i>M\u00e9dine<\/i><\/b><\/span>. Le Tissu est tr\u00e8s l\u00e9ger et fluide. La caract\u00e9ristique du soie de M\u00e9dine, c\u2019est qu\u2019il est doux et qu\u2019il ne froisse pas. Malgr\u00e9 cela il reste tr\u00e8s opaque.<\/p>\n<p>Le Khimar se marie tr\u00e8s bien avec la <a href=\"https:\/\/www.instagram.com\/p\/CXjZGAQI_v7\/?utm_source=ig_web_copy_link\"><strong>Abaya <\/strong><\/a><b>Farasha<\/b>.\u00a0N\u2019h\u00e9sitez \u00e0 jeter un \u0153il aux autres\u00a0<em><strong><a href=\"https:\/\/moonia-boutique.com\/en\/product-category\/pret-a-porter-pour-femme-musulmane\/?_ga=2.171804640.1502423077.1649484460-1487210365.1609018413\">Abayas<\/a>\u00a0<\/strong><\/em>et \u00e0 notre <em><strong><a href=\"https:\/\/moonia-boutique.com\/en\/product-category\/hijab\/\">collection de hijab<\/a>\u00a0<\/strong><\/em>afin de composer la tenue qui vous ressemble.<\/p>\n<div class=\"product__description rte\">\n<p>Longueur du Khimar: 1m60 ( bandeau compris)<\/p>\n<p>Le mod\u00e8le mesure 1,69m et porte du 36 habituellement.<\/p>\n<\/div>","protected":false},"featured_media":3199949,"comment_status":"open","ping_status":"closed","template":"","meta":{"_acf_changed":false,"_mo_disable_npp":""},"product_brand":[],"product_cat":[242,490,495,428,375],"product_tag":[],"giftcard-category":[],"class_list":{"0":"post-76330","1":"product","2":"type-product","3":"status-publish","4":"has-post-thumbnail","6":"product_cat-khimar","7":"product_cat-khimar-pas-cher","8":"product_cat-khimar-soie-de-medine","9":"product_cat-l-g","10":"product_cat-s-f","12":"first","13":"instock","14":"taxable","15":"shipping-taxable","16":"purchasable","17":"product-type-variable","18":"rtwpvs-product"},"composite_virtual":false,"composite_layout":"","composite_add_to_cart_form_location":"","composite_editable_in_cart":false,"composite_sold_individually_context":"","composite_shop_price_calc":"","composite_components":[],"composite_scenarios":[],"acf":[],"yoast_head":"<!-- This site is optimized with the Yoast SEO plugin v26.6 - https:\/\/yoast.com\/wordpress\/plugins\/seo\/ -->\n<title>Khimar Soie de Medine Maxi - Moonia Boutique<\/title>\n<meta name=\"description\" content=\"Voici le Khimar Soie de Medine Maxi. C&#039;est un Khimar qui se noue tr\u00e8s facilement \u00e0 l&#039;arri\u00e8re comme un Jilbab .\" \/>\n<meta name=\"robots\" content=\"index, follow, max-snippet:-1, max-image-preview:large, max-video-preview:-1\" \/>\n<link rel=\"canonical\" href=\"https:\/\/moonia-boutique.com\/en\/product\/khimar-soie-de-medine-maxi\/\" \/>\n<meta property=\"og:locale\" content=\"en_GB\" \/>\n<meta property=\"og:type\" content=\"article\" \/>\n<meta property=\"og:title\" content=\"Khimar Soie de Medine Maxi - Moonia Boutique\" \/>\n<meta property=\"og:description\" content=\"Voici le Khimar Soie de Medine Maxi. C&#039;est un Khimar qui se noue tr\u00e8s facilement \u00e0 l&#039;arri\u00e8re comme un Jilbab .\" \/>\n<meta property=\"og:url\" content=\"https:\/\/moonia-boutique.com\/en\/product\/khimar-soie-de-medine-maxi\/\" \/>\n<meta property=\"og:site_name\" content=\"Moonia Boutique\" \/>\n<meta property=\"article:modified_time\" content=\"2026-04-20T11:33:23+00:00\" \/>\n<meta property=\"og:image\" content=\"https:\/\/moonia-boutique.com\/wp-content\/uploads\/2022\/04\/img_4834.jpeg\" \/>\n\t<meta property=\"og:image:width\" content=\"1290\" \/>\n\t<meta property=\"og:image:height\" content=\"1744\" \/>\n\t<meta property=\"og:image:type\" content=\"image\/jpeg\" \/>\n<meta name=\"twitter:card\" content=\"summary_large_image\" \/>\n<meta name=\"twitter:label1\" content=\"Estimated reading time\" \/>\n\t<meta name=\"twitter:data1\" content=\"2 minutes\" \/>\n<script type=\"application\/ld+json\" class=\"yoast-schema-graph\">{\"@context\":\"https:\/\/schema.org\",\"@graph\":[{\"@type\":\"WebPage\",\"@id\":\"https:\/\/moonia-boutique.com\/produit\/khimar-soie-de-medine-maxi\/\",\"url\":\"https:\/\/moonia-boutique.com\/produit\/khimar-soie-de-medine-maxi\/\",\"name\":\"Khimar Soie de Medine Maxi - Moonia Boutique\",\"isPartOf\":{\"@id\":\"https:\/\/moonia-boutique.com\/#website\"},\"primaryImageOfPage\":{\"@id\":\"https:\/\/moonia-boutique.com\/produit\/khimar-soie-de-medine-maxi\/#primaryimage\"},\"image\":{\"@id\":\"https:\/\/moonia-boutique.com\/produit\/khimar-soie-de-medine-maxi\/#primaryimage\"},\"thumbnailUrl\":\"https:\/\/moonia-boutique.com\/wp-content\/uploads\/2022\/04\/img_4837-scaled.jpeg\",\"datePublished\":\"2022-04-09T06:23:29+00:00\",\"dateModified\":\"2026-04-20T11:33:23+00:00\",\"description\":\"Voici le Khimar Soie de Medine Maxi. C'est un Khimar qui se noue tr\u00e8s facilement \u00e0 l'arri\u00e8re comme un Jilbab .\",\"breadcrumb\":{\"@id\":\"https:\/\/moonia-boutique.com\/produit\/khimar-soie-de-medine-maxi\/#breadcrumb\"},\"inLanguage\":\"en-GB\",\"potentialAction\":[{\"@type\":\"ReadAction\",\"target\":[\"https:\/\/moonia-boutique.com\/produit\/khimar-soie-de-medine-maxi\/\"]}]},{\"@type\":\"ImageObject\",\"inLanguage\":\"en-GB\",\"@id\":\"https:\/\/moonia-boutique.com\/produit\/khimar-soie-de-medine-maxi\/#primaryimage\",\"url\":\"https:\/\/moonia-boutique.com\/wp-content\/uploads\/2022\/04\/img_4837-scaled.jpeg\",\"contentUrl\":\"https:\/\/moonia-boutique.com\/wp-content\/uploads\/2022\/04\/img_4837-scaled.jpeg\",\"width\":1286,\"height\":2048,\"caption\":\"Khimar Soie de Medine Maxi Bleu Marine\"},{\"@type\":\"BreadcrumbList\",\"@id\":\"https:\/\/moonia-boutique.com\/produit\/khimar-soie-de-medine-maxi\/#breadcrumb\",\"itemListElement\":[{\"@type\":\"ListItem\",\"position\":1,\"name\":\"Accueil\",\"item\":\"https:\/\/moonia-boutique.com\/\"},{\"@type\":\"ListItem\",\"position\":2,\"name\":\"Boutique Femme Musulmane\",\"item\":\"https:\/\/moonia-boutique.com\/boutique\/\"},{\"@type\":\"ListItem\",\"position\":3,\"name\":\"Khimar Soie de Medine Maxi\"}]},{\"@type\":\"WebSite\",\"@id\":\"https:\/\/moonia-boutique.com\/#website\",\"url\":\"https:\/\/moonia-boutique.com\/\",\"name\":\"Moonia Boutique\",\"description\":\"Moonia Boutique - Le site de mode de la femme musulmane !\",\"publisher\":{\"@id\":\"https:\/\/moonia-boutique.com\/#organization\"},\"potentialAction\":[{\"@type\":\"SearchAction\",\"target\":{\"@type\":\"EntryPoint\",\"urlTemplate\":\"https:\/\/moonia-boutique.com\/?s={search_term_string}\"},\"query-input\":{\"@type\":\"PropertyValueSpecification\",\"valueRequired\":true,\"valueName\":\"search_term_string\"}}],\"inLanguage\":\"en-GB\"},{\"@type\":\"Organization\",\"@id\":\"https:\/\/moonia-boutique.com\/#organization\",\"name\":\"Moonia Boutique\",\"url\":\"https:\/\/moonia-boutique.com\/\",\"logo\":{\"@type\":\"ImageObject\",\"inLanguage\":\"en-GB\",\"@id\":\"https:\/\/moonia-boutique.com\/#\/schema\/logo\/image\/\",\"url\":\"https:\/\/moonia-boutique.com\/wp-content\/uploads\/2023\/08\/Sans-titre-1000-x-1000-px.png\",\"contentUrl\":\"https:\/\/moonia-boutique.com\/wp-content\/uploads\/2023\/08\/Sans-titre-1000-x-1000-px.png\",\"width\":1000,\"height\":1000,\"caption\":\"Moonia Boutique\"},\"image\":{\"@id\":\"https:\/\/moonia-boutique.com\/#\/schema\/logo\/image\/\"}}]}<\/script>\n<!-- \/ Yoast SEO plugin. -->","yoast_head_json":{"title":"Khimar Soie de Medine Maxi - Moonia Boutique","description":"Voici le Khimar Soie de Medine Maxi. C'est un Khimar qui se noue tr\u00e8s facilement \u00e0 l'arri\u00e8re comme un Jilbab .","robots":{"index":"index","follow":"follow","max-snippet":"max-snippet:-1","max-image-preview":"max-image-preview:large","max-video-preview":"max-video-preview:-1"},"canonical":"https:\/\/moonia-boutique.com\/en\/product\/khimar-soie-de-medine-maxi\/","og_locale":"en_GB","og_type":"article","og_title":"Khimar Soie de Medine Maxi - Moonia Boutique","og_description":"Voici le Khimar Soie de Medine Maxi. C'est un Khimar qui se noue tr\u00e8s facilement \u00e0 l'arri\u00e8re comme un Jilbab .","og_url":"https:\/\/moonia-boutique.com\/en\/product\/khimar-soie-de-medine-maxi\/","og_site_name":"Moonia Boutique","article_modified_time":"2026-04-20T11:33:23+00:00","og_image":[{"width":1290,"height":1744,"url":"https:\/\/moonia-boutique.com\/wp-content\/uploads\/2022\/04\/img_4834.jpeg","type":"image\/jpeg"}],"twitter_card":"summary_large_image","twitter_misc":{"Estimated reading time":"2 minutes"},"schema":{"@context":"https:\/\/schema.org","@graph":[{"@type":"WebPage","@id":"https:\/\/moonia-boutique.com\/produit\/khimar-soie-de-medine-maxi\/","url":"https:\/\/moonia-boutique.com\/produit\/khimar-soie-de-medine-maxi\/","name":"Khimar Soie de Medine Maxi - Moonia Boutique","isPartOf":{"@id":"https:\/\/moonia-boutique.com\/#website"},"primaryImageOfPage":{"@id":"https:\/\/moonia-boutique.com\/produit\/khimar-soie-de-medine-maxi\/#primaryimage"},"image":{"@id":"https:\/\/moonia-boutique.com\/produit\/khimar-soie-de-medine-maxi\/#primaryimage"},"thumbnailUrl":"https:\/\/moonia-boutique.com\/wp-content\/uploads\/2022\/04\/img_4837-scaled.jpeg","datePublished":"2022-04-09T06:23:29+00:00","dateModified":"2026-04-20T11:33:23+00:00","description":"Voici le Khimar Soie de Medine Maxi. C'est un Khimar qui se noue tr\u00e8s facilement \u00e0 l'arri\u00e8re comme un Jilbab .","breadcrumb":{"@id":"https:\/\/moonia-boutique.com\/produit\/khimar-soie-de-medine-maxi\/#breadcrumb"},"inLanguage":"en-GB","potentialAction":[{"@type":"ReadAction","target":["https:\/\/moonia-boutique.com\/produit\/khimar-soie-de-medine-maxi\/"]}]},{"@type":"ImageObject","inLanguage":"en-GB","@id":"https:\/\/moonia-boutique.com\/produit\/khimar-soie-de-medine-maxi\/#primaryimage","url":"https:\/\/moonia-boutique.com\/wp-content\/uploads\/2022\/04\/img_4837-scaled.jpeg","contentUrl":"https:\/\/moonia-boutique.com\/wp-content\/uploads\/2022\/04\/img_4837-scaled.jpeg","width":1286,"height":2048,"caption":"Khimar Soie de Medine Maxi Bleu Marine"},{"@type":"BreadcrumbList","@id":"https:\/\/moonia-boutique.com\/produit\/khimar-soie-de-medine-maxi\/#breadcrumb","itemListElement":[{"@type":"ListItem","position":1,"name":"Accueil","item":"https:\/\/moonia-boutique.com\/"},{"@type":"ListItem","position":2,"name":"Boutique Femme Musulmane","item":"https:\/\/moonia-boutique.com\/boutique\/"},{"@type":"ListItem","position":3,"name":"Khimar Soie de Medine Maxi"}]},{"@type":"WebSite","@id":"https:\/\/moonia-boutique.com\/#website","url":"https:\/\/moonia-boutique.com\/","name":"Moonia Boutique","description":"Moonia Boutique - Le site de mode de la femme musulmane !","publisher":{"@id":"https:\/\/moonia-boutique.com\/#organization"},"potentialAction":[{"@type":"SearchAction","target":{"@type":"EntryPoint","urlTemplate":"https:\/\/moonia-boutique.com\/?s={search_term_string}"},"query-input":{"@type":"PropertyValueSpecification","valueRequired":true,"valueName":"search_term_string"}}],"inLanguage":"en-GB"},{"@type":"Organization","@id":"https:\/\/moonia-boutique.com\/#organization","name":"Moonia Boutique","url":"https:\/\/moonia-boutique.com\/","logo":{"@type":"ImageObject","inLanguage":"en-GB","@id":"https:\/\/moonia-boutique.com\/#\/schema\/logo\/image\/","url":"https:\/\/moonia-boutique.com\/wp-content\/uploads\/2023\/08\/Sans-titre-1000-x-1000-px.png","contentUrl":"https:\/\/moonia-boutique.com\/wp-content\/uploads\/2023\/08\/Sans-titre-1000-x-1000-px.png","width":1000,"height":1000,"caption":"Moonia Boutique"},"image":{"@id":"https:\/\/moonia-boutique.com\/#\/schema\/logo\/image\/"}}]}},"jetpack_sharing_enabled":true,"_links":{"self":[{"href":"https:\/\/moonia-boutique.com\/en\/wp-json\/wp\/v2\/product\/76330","targetHints":{"allow":["GET"]}}],"collection":[{"href":"https:\/\/moonia-boutique.com\/en\/wp-json\/wp\/v2\/product"}],"about":[{"href":"https:\/\/moonia-boutique.com\/en\/wp-json\/wp\/v2\/types\/product"}],"replies":[{"embeddable":true,"href":"https:\/\/moonia-boutique.com\/en\/wp-json\/wp\/v2\/comments?post=76330"}],"wp:featuredmedia":[{"embeddable":true,"href":"https:\/\/moonia-boutique.com\/en\/wp-json\/wp\/v2\/media\/3199949"}],"wp:attachment":[{"href":"https:\/\/moonia-boutique.com\/en\/wp-json\/wp\/v2\/media?parent=76330"}],"wp:term":[{"taxonomy":"product_brand","embeddable":true,"href":"https:\/\/moonia-boutique.com\/en\/wp-json\/wp\/v2\/product_brand?post=76330"},{"taxonomy":"product_cat","embeddable":true,"href":"https:\/\/moonia-boutique.com\/en\/wp-json\/wp\/v2\/product_cat?post=76330"},{"taxonomy":"product_tag","embeddable":true,"href":"https:\/\/moonia-boutique.com\/en\/wp-json\/wp\/v2\/product_tag?post=76330"},{"taxonomy":"giftcard-category","embeddable":true,"href":"https:\/\/moonia-boutique.com\/en\/wp-json\/wp\/v2\/giftcard-category?post=76330"}],"curies":[{"name":"wp","href":"https:\/\/api.w.org\/{rel}","templated":true}]}}