{"id":82304,"date":"2022-04-15T11:24:34","date_gmt":"2022-04-15T09:24:34","guid":{"rendered":"https:\/\/moonia-boutique.com\/?post_type=product&#038;p=82304"},"modified":"2025-12-11T13:40:34","modified_gmt":"2025-12-11T12:40:34","slug":"qamis-emirati-glace-enfant","status":"publish","type":"product","link":"https:\/\/moonia-boutique.com\/en\/product\/qamis-emirati-glace-enfant\/","title":{"rendered":"Qamis \u00e9mirati glac\u00e9 enfant"},"content":{"rendered":"<h1>Qamis \u00c9mirati Glac\u00e9 Enfant : \u00c9l\u00e9gance et \u00c9clat pour les Festivit\u00e9s<\/h1>\n<div>Donnez ainsi \u00e0 votre enfant un look festif et raffin\u00e9 avec notre Qamis \u00c9mirati Glac\u00e9 Enfant. Fabriqu\u00e9 avec soin \u00e0 partir d&#8217;un tissu satin\u00e9 et brillant, ce Qamis uni est l&#8217;incarnation m\u00eame de l&#8217;\u00e9l\u00e9gance et du style.<\/div>\n<div><\/div>\n<div><span style=\"font-size: 23.04px\">Qamis \u00c9mirati Glac\u00e9 Enfant Style \u00c9clatant, Confort Absolu<\/span><\/div>\n<div><\/div>\n<div>Dot\u00e9 de manches longues et d&#8217;une coupe ample, ce Qamis offre \u00e0 votre enfant une libert\u00e9 de mouvement totale tout en conservant un look sophistiqu\u00e9. Son tissu satin\u00e9 procure un confort optimal, id\u00e9al pour les f\u00eates et les occasions sp\u00e9ciales.<\/div>\n<div><\/div>\n<div>\n<h2>Qamis \u00c9mirati Glac\u00e9 Enfant Adapt\u00e9 \u00e0 Toutes les Saisons<\/h2>\n<\/div>\n<div>Gr\u00e2ce \u00e0 sa conception respirante, ce Qamis convient \u00e0 toutes les saisons, assurant \u00e0 votre enfant une sensation de fra\u00eecheur et de confort, peu importe le climat. Avec des tailles disponibles pour les enfants de 4 ans \u00e0 14 ans, assurez-vous de choisir une taille au-dessus pour permettre \u00e0 votre enfant de profiter pleinement de son Qamis.<\/div>\n<h2>Composez une Box avec qamis<\/h2>\n<div>Cr\u00e9ez une Dine Box personnalis\u00e9e en associant ce Qamis avec un tapis et un livre ou un article de bien-\u00eatre. Pour offrir un cadeau unique \u00e0 votre enfant. Pour les adultes, d\u00e9couvrez notre mod\u00e8le \u00e9quivalent, le Qamis \u00c9mirati Glac\u00e9. Vous pouvez composer une <strong><a href=\"https:\/\/www.instagram.com\/p\/COAWnS2j7KB\/?utm_source=ig_web_copy_link\">Dine Box<\/a><\/strong> avec ce Qamis. Et choisir un <strong>Tapis<\/strong>\u00a0puis un\u00a0<strong>livre<\/strong>\u00a0un ou\u00a0<strong>bien-\u00eatre<\/strong> afin d\u2019offrir un coffret sur mesure. Pour avoir le m\u00eame mod\u00e8le en adulte il faut choisir le qamis \u00e9mirati glac\u00e9.<\/div>\n<h2>Une Collection Compl\u00e8te pour Toute la Famille<\/h2>\n<div>Explorez aussi notre gamme compl\u00e8te Qamis for Brother et d\u00e9couvrez le style parfait pour chaque membre de votre famille. Disponible en plusieurs couleurs \u00e9l\u00e9gantes : blanc, beige et bleu marine&#8230; ce Qamis est un choix polyvalent et intemporel pour votre enfant.<\/div>\n<div><\/div>\n<div>Offrez ainsi \u00e0 votre enfant le meilleur de l&#8217;\u00e9l\u00e9gance et du confort avec notre Qamis \u00c9mirati Glac\u00e9 Enfant. Commandez d\u00e8s maintenant et laissez votre enfant briller de mille feux dans l&#8217;authenticit\u00e9 de la tradition \u00e9miratie.<\/div>\n<p>D\u00e9couvrez aussi toute la collection de<strong><a href=\"https:\/\/moonia-boutique.com\/en\/product-category\/homme\/qamis\/\">\u00a0Qamis for Brother<\/a><\/strong>.<\/p>\n<p>Fabriqu\u00e9 aux\u00a0<strong>Emirats Arabes Unis<\/strong>.<\/p>","protected":false},"excerpt":{"rendered":"<p>Le Qamis \u00e9mirati glac\u00e9 enfant<strong>\u00a0<\/strong>est un\u00a0<strong>Qamis<\/strong>\u00a0de\u00a0<strong>couleur uni<\/strong>. Il est fabriqu\u00e9 \u00e0 partir d\u2019un tissu de tr\u00e8s bonne\u00a0<strong>qualit\u00e9.<\/strong> C\u2019est l\u2019alliance parfaite entre style\u00a0<strong>sobre<\/strong>\u00a0et\u00a0<strong>classe<\/strong>. Le tissu est tr\u00e8s agr\u00e9able \u00e0 porter. Il garantira un confort optimal. De plus, le <strong>Qamis Emirati enfant <\/strong>permet \u00e0 votre peau de respirer facilement. C\u2019est un <strong>Qamis manches longues<\/strong>\u00a0inspir\u00e9 du\u00a0<strong>style \u00e9mirati<\/strong>.<\/p>\n<table class=\"aligncenter\" width=\"521\">\n<tbody>\n<tr>\n<td style=\"font-style: inherit\" width=\"107\">Taille Qamis<\/td>\n<td style=\"font-style: inherit\" width=\"99\">Age<\/td>\n<td style=\"font-style: inherit\" width=\"157\">Taille de l\u2019enfant<\/td>\n<td style=\"font-style: inherit\" width=\"158\">\u00a0Longueur Qamis cm<\/td>\n<\/tr>\n<tr>\n<td>28<\/td>\n<td style=\"font-style: inherit\">3 ans<\/td>\n<td>100<\/td>\n<td>72<\/td>\n<\/tr>\n<tr>\n<td>30<\/td>\n<td>4 ans<\/td>\n<td style=\"font-style: inherit\">107<\/td>\n<td style=\"font-style: inherit\">76<\/td>\n<\/tr>\n<tr>\n<td>32<\/td>\n<td>5 ans<\/td>\n<td style=\"font-style: inherit\">112<\/td>\n<td style=\"font-style: inherit\">81<\/td>\n<\/tr>\n<tr>\n<td>34<\/td>\n<td>6 ans<\/td>\n<td style=\"font-style: inherit\">117<\/td>\n<td style=\"font-style: inherit\">84<\/td>\n<\/tr>\n<tr>\n<td>36<\/td>\n<td>7 ans<\/td>\n<td style=\"font-style: inherit\">122<\/td>\n<td style=\"font-style: inherit\">94<\/td>\n<\/tr>\n<tr>\n<td>38<\/td>\n<td>8 ans<\/td>\n<td style=\"font-style: inherit\">128<\/td>\n<td style=\"font-style: inherit\">95<\/td>\n<\/tr>\n<tr>\n<td>40<\/td>\n<td>9 ans<\/td>\n<td style=\"font-style: inherit\">133<\/td>\n<td style=\"font-style: inherit\">100<\/td>\n<\/tr>\n<tr>\n<td>42<\/td>\n<td>10 ans<\/td>\n<td style=\"font-style: inherit\">138<\/td>\n<td style=\"font-style: inherit\">106<\/td>\n<\/tr>\n<tr>\n<td>44<\/td>\n<td>11 ans<\/td>\n<td style=\"font-style: inherit\">143<\/td>\n<td style=\"font-style: inherit\">113<\/td>\n<\/tr>\n<tr>\n<td>46<\/td>\n<td>12 ans<\/td>\n<td style=\"font-style: inherit\">149<\/td>\n<td style=\"font-style: inherit\">116<\/td>\n<\/tr>\n<tr>\n<td>48<\/td>\n<td>13 ans<\/td>\n<td style=\"font-style: inherit\">154<\/td>\n<td style=\"font-style: inherit\">122<\/td>\n<\/tr>\n<tr>\n<td>50<\/td>\n<td>14 ans<\/td>\n<td style=\"font-style: inherit\">160<\/td>\n<td style=\"font-style: inherit\">127<\/td>\n<\/tr>\n<\/tbody>\n<\/table>","protected":false},"featured_media":81845,"comment_status":"open","ping_status":"closed","template":"","meta":{"_acf_changed":false,"_mo_disable_npp":""},"product_brand":[],"product_cat":[207,537,536,444,534,538,533,237,424,349,215,370],"product_tag":[],"giftcard-category":[],"class_list":{"0":"post-82304","1":"product","2":"type-product","3":"status-publish","4":"has-post-thumbnail","6":"product_cat-qamis","7":"product_cat-qamis-blanc","8":"product_cat-qamis-emirati","9":"product_cat-qamis-enfant","10":"product_cat-qamis-homme","11":"product_cat-qamis-noir","12":"product_cat-qamis-pas-cher","13":"product_cat-qamis-box","14":"product_cat-collection-ramadan","15":"product_cat-vetement-enfant-musulman","16":"product_cat-vetement-musulman-pour-homme","17":"product_cat-z-i","19":"first","20":"instock","21":"taxable","22":"shipping-taxable","23":"purchasable","24":"product-type-variable","25":"rtwpvs-product"},"composite_virtual":false,"composite_layout":"","composite_add_to_cart_form_location":"","composite_editable_in_cart":false,"composite_sold_individually_context":"","composite_shop_price_calc":"","composite_components":[],"composite_scenarios":[],"acf":[],"yoast_head":"<!-- This site is optimized with the Yoast SEO plugin v26.6 - https:\/\/yoast.com\/wordpress\/plugins\/seo\/ -->\n<title>Qamis \u00e9mirati glac\u00e9 enfant - Moonia Boutique<\/title>\n<meta name=\"description\" content=\"Le\u00a0Qamis \u00e9mirati glac\u00e9 enfant est un\u00a0Qamis pour enfant\u00a0de\u00a0couleur uni avec cravate. Il est fabriqu\u00e9 \u00e0 partir d\u2019un tissu de tr\u00e8s bonne\u00a0qualit\u00e9.\" \/>\n<meta name=\"robots\" content=\"index, follow, max-snippet:-1, max-image-preview:large, max-video-preview:-1\" \/>\n<link rel=\"canonical\" href=\"https:\/\/moonia-boutique.com\/en\/product\/qamis-emirati-glace-enfant\/\" \/>\n<meta property=\"og:locale\" content=\"en_GB\" \/>\n<meta property=\"og:type\" content=\"article\" \/>\n<meta property=\"og:title\" content=\"Qamis \u00e9mirati glac\u00e9 enfant - Moonia Boutique\" \/>\n<meta property=\"og:description\" content=\"Le\u00a0Qamis \u00e9mirati glac\u00e9 enfant est un\u00a0Qamis pour enfant\u00a0de\u00a0couleur uni avec cravate. Il est fabriqu\u00e9 \u00e0 partir d\u2019un tissu de tr\u00e8s bonne\u00a0qualit\u00e9.\" \/>\n<meta property=\"og:url\" content=\"https:\/\/moonia-boutique.com\/en\/product\/qamis-emirati-glace-enfant\/\" \/>\n<meta property=\"og:site_name\" content=\"Moonia Boutique\" \/>\n<meta property=\"article:modified_time\" content=\"2025-12-11T12:40:34+00:00\" \/>\n<meta property=\"og:image\" content=\"https:\/\/moonia-boutique.com\/wp-content\/uploads\/2022\/04\/87CD3EBA-9083-4B7D-8571-62FCE7024E54-scaled-scaled.jpeg\" \/>\n\t<meta property=\"og:image:width\" content=\"1763\" \/>\n\t<meta property=\"og:image:height\" content=\"2048\" \/>\n\t<meta property=\"og:image:type\" content=\"image\/jpeg\" \/>\n<meta name=\"twitter:card\" content=\"summary_large_image\" \/>\n<meta name=\"twitter:label1\" content=\"Estimated reading time\" \/>\n\t<meta name=\"twitter:data1\" content=\"2 minutes\" \/>\n<script type=\"application\/ld+json\" class=\"yoast-schema-graph\">{\"@context\":\"https:\/\/schema.org\",\"@graph\":[{\"@type\":\"WebPage\",\"@id\":\"https:\/\/moonia-boutique.com\/produit\/qamis-emirati-glace-enfant\/\",\"url\":\"https:\/\/moonia-boutique.com\/produit\/qamis-emirati-glace-enfant\/\",\"name\":\"Qamis \u00e9mirati glac\u00e9 enfant - Moonia Boutique\",\"isPartOf\":{\"@id\":\"https:\/\/moonia-boutique.com\/#website\"},\"primaryImageOfPage\":{\"@id\":\"https:\/\/moonia-boutique.com\/produit\/qamis-emirati-glace-enfant\/#primaryimage\"},\"image\":{\"@id\":\"https:\/\/moonia-boutique.com\/produit\/qamis-emirati-glace-enfant\/#primaryimage\"},\"thumbnailUrl\":\"https:\/\/moonia-boutique.com\/wp-content\/uploads\/2022\/04\/87CD3EBA-9083-4B7D-8571-62FCE7024E54-scaled-scaled.jpeg\",\"datePublished\":\"2022-04-15T09:24:34+00:00\",\"dateModified\":\"2025-12-11T12:40:34+00:00\",\"description\":\"Le\u00a0Qamis \u00e9mirati glac\u00e9 enfant est un\u00a0Qamis pour enfant\u00a0de\u00a0couleur uni avec cravate. Il est fabriqu\u00e9 \u00e0 partir d\u2019un tissu de tr\u00e8s bonne\u00a0qualit\u00e9.\",\"breadcrumb\":{\"@id\":\"https:\/\/moonia-boutique.com\/produit\/qamis-emirati-glace-enfant\/#breadcrumb\"},\"inLanguage\":\"en-GB\",\"potentialAction\":[{\"@type\":\"ReadAction\",\"target\":[\"https:\/\/moonia-boutique.com\/produit\/qamis-emirati-glace-enfant\/\"]}]},{\"@type\":\"ImageObject\",\"inLanguage\":\"en-GB\",\"@id\":\"https:\/\/moonia-boutique.com\/produit\/qamis-emirati-glace-enfant\/#primaryimage\",\"url\":\"https:\/\/moonia-boutique.com\/wp-content\/uploads\/2022\/04\/87CD3EBA-9083-4B7D-8571-62FCE7024E54-scaled-scaled.jpeg\",\"contentUrl\":\"https:\/\/moonia-boutique.com\/wp-content\/uploads\/2022\/04\/87CD3EBA-9083-4B7D-8571-62FCE7024E54-scaled-scaled.jpeg\",\"width\":1763,\"height\":2048,\"caption\":\"Qamis \u00e9mirati glac\u00e9 enfant\"},{\"@type\":\"BreadcrumbList\",\"@id\":\"https:\/\/moonia-boutique.com\/produit\/qamis-emirati-glace-enfant\/#breadcrumb\",\"itemListElement\":[{\"@type\":\"ListItem\",\"position\":1,\"name\":\"Accueil\",\"item\":\"https:\/\/moonia-boutique.com\/\"},{\"@type\":\"ListItem\",\"position\":2,\"name\":\"Boutique Femme Musulmane\",\"item\":\"https:\/\/moonia-boutique.com\/boutique\/\"},{\"@type\":\"ListItem\",\"position\":3,\"name\":\"Qamis \u00e9mirati glac\u00e9 enfant\"}]},{\"@type\":\"WebSite\",\"@id\":\"https:\/\/moonia-boutique.com\/#website\",\"url\":\"https:\/\/moonia-boutique.com\/\",\"name\":\"Moonia Boutique\",\"description\":\"Moonia Boutique - Le site de mode de la femme musulmane !\",\"publisher\":{\"@id\":\"https:\/\/moonia-boutique.com\/#organization\"},\"potentialAction\":[{\"@type\":\"SearchAction\",\"target\":{\"@type\":\"EntryPoint\",\"urlTemplate\":\"https:\/\/moonia-boutique.com\/?s={search_term_string}\"},\"query-input\":{\"@type\":\"PropertyValueSpecification\",\"valueRequired\":true,\"valueName\":\"search_term_string\"}}],\"inLanguage\":\"en-GB\"},{\"@type\":\"Organization\",\"@id\":\"https:\/\/moonia-boutique.com\/#organization\",\"name\":\"Moonia Boutique\",\"url\":\"https:\/\/moonia-boutique.com\/\",\"logo\":{\"@type\":\"ImageObject\",\"inLanguage\":\"en-GB\",\"@id\":\"https:\/\/moonia-boutique.com\/#\/schema\/logo\/image\/\",\"url\":\"https:\/\/moonia-boutique.com\/wp-content\/uploads\/2023\/08\/Sans-titre-1000-x-1000-px.png\",\"contentUrl\":\"https:\/\/moonia-boutique.com\/wp-content\/uploads\/2023\/08\/Sans-titre-1000-x-1000-px.png\",\"width\":1000,\"height\":1000,\"caption\":\"Moonia Boutique\"},\"image\":{\"@id\":\"https:\/\/moonia-boutique.com\/#\/schema\/logo\/image\/\"}}]}<\/script>\n<!-- \/ Yoast SEO plugin. -->","yoast_head_json":{"title":"Qamis \u00e9mirati glac\u00e9 enfant - Moonia Boutique","description":"Le\u00a0Qamis \u00e9mirati glac\u00e9 enfant est un\u00a0Qamis pour enfant\u00a0de\u00a0couleur uni avec cravate. Il est fabriqu\u00e9 \u00e0 partir d\u2019un tissu de tr\u00e8s bonne\u00a0qualit\u00e9.","robots":{"index":"index","follow":"follow","max-snippet":"max-snippet:-1","max-image-preview":"max-image-preview:large","max-video-preview":"max-video-preview:-1"},"canonical":"https:\/\/moonia-boutique.com\/en\/product\/qamis-emirati-glace-enfant\/","og_locale":"en_GB","og_type":"article","og_title":"Qamis \u00e9mirati glac\u00e9 enfant - Moonia Boutique","og_description":"Le\u00a0Qamis \u00e9mirati glac\u00e9 enfant est un\u00a0Qamis pour enfant\u00a0de\u00a0couleur uni avec cravate. Il est fabriqu\u00e9 \u00e0 partir d\u2019un tissu de tr\u00e8s bonne\u00a0qualit\u00e9.","og_url":"https:\/\/moonia-boutique.com\/en\/product\/qamis-emirati-glace-enfant\/","og_site_name":"Moonia Boutique","article_modified_time":"2025-12-11T12:40:34+00:00","og_image":[{"width":1763,"height":2048,"url":"https:\/\/moonia-boutique.com\/wp-content\/uploads\/2022\/04\/87CD3EBA-9083-4B7D-8571-62FCE7024E54-scaled-scaled.jpeg","type":"image\/jpeg"}],"twitter_card":"summary_large_image","twitter_misc":{"Estimated reading time":"2 minutes"},"schema":{"@context":"https:\/\/schema.org","@graph":[{"@type":"WebPage","@id":"https:\/\/moonia-boutique.com\/produit\/qamis-emirati-glace-enfant\/","url":"https:\/\/moonia-boutique.com\/produit\/qamis-emirati-glace-enfant\/","name":"Qamis \u00e9mirati glac\u00e9 enfant - Moonia Boutique","isPartOf":{"@id":"https:\/\/moonia-boutique.com\/#website"},"primaryImageOfPage":{"@id":"https:\/\/moonia-boutique.com\/produit\/qamis-emirati-glace-enfant\/#primaryimage"},"image":{"@id":"https:\/\/moonia-boutique.com\/produit\/qamis-emirati-glace-enfant\/#primaryimage"},"thumbnailUrl":"https:\/\/moonia-boutique.com\/wp-content\/uploads\/2022\/04\/87CD3EBA-9083-4B7D-8571-62FCE7024E54-scaled-scaled.jpeg","datePublished":"2022-04-15T09:24:34+00:00","dateModified":"2025-12-11T12:40:34+00:00","description":"Le\u00a0Qamis \u00e9mirati glac\u00e9 enfant est un\u00a0Qamis pour enfant\u00a0de\u00a0couleur uni avec cravate. Il est fabriqu\u00e9 \u00e0 partir d\u2019un tissu de tr\u00e8s bonne\u00a0qualit\u00e9.","breadcrumb":{"@id":"https:\/\/moonia-boutique.com\/produit\/qamis-emirati-glace-enfant\/#breadcrumb"},"inLanguage":"en-GB","potentialAction":[{"@type":"ReadAction","target":["https:\/\/moonia-boutique.com\/produit\/qamis-emirati-glace-enfant\/"]}]},{"@type":"ImageObject","inLanguage":"en-GB","@id":"https:\/\/moonia-boutique.com\/produit\/qamis-emirati-glace-enfant\/#primaryimage","url":"https:\/\/moonia-boutique.com\/wp-content\/uploads\/2022\/04\/87CD3EBA-9083-4B7D-8571-62FCE7024E54-scaled-scaled.jpeg","contentUrl":"https:\/\/moonia-boutique.com\/wp-content\/uploads\/2022\/04\/87CD3EBA-9083-4B7D-8571-62FCE7024E54-scaled-scaled.jpeg","width":1763,"height":2048,"caption":"Qamis \u00e9mirati glac\u00e9 enfant"},{"@type":"BreadcrumbList","@id":"https:\/\/moonia-boutique.com\/produit\/qamis-emirati-glace-enfant\/#breadcrumb","itemListElement":[{"@type":"ListItem","position":1,"name":"Accueil","item":"https:\/\/moonia-boutique.com\/"},{"@type":"ListItem","position":2,"name":"Boutique Femme Musulmane","item":"https:\/\/moonia-boutique.com\/boutique\/"},{"@type":"ListItem","position":3,"name":"Qamis \u00e9mirati glac\u00e9 enfant"}]},{"@type":"WebSite","@id":"https:\/\/moonia-boutique.com\/#website","url":"https:\/\/moonia-boutique.com\/","name":"Moonia Boutique","description":"Moonia Boutique - Le site de mode de la femme musulmane !","publisher":{"@id":"https:\/\/moonia-boutique.com\/#organization"},"potentialAction":[{"@type":"SearchAction","target":{"@type":"EntryPoint","urlTemplate":"https:\/\/moonia-boutique.com\/?s={search_term_string}"},"query-input":{"@type":"PropertyValueSpecification","valueRequired":true,"valueName":"search_term_string"}}],"inLanguage":"en-GB"},{"@type":"Organization","@id":"https:\/\/moonia-boutique.com\/#organization","name":"Moonia Boutique","url":"https:\/\/moonia-boutique.com\/","logo":{"@type":"ImageObject","inLanguage":"en-GB","@id":"https:\/\/moonia-boutique.com\/#\/schema\/logo\/image\/","url":"https:\/\/moonia-boutique.com\/wp-content\/uploads\/2023\/08\/Sans-titre-1000-x-1000-px.png","contentUrl":"https:\/\/moonia-boutique.com\/wp-content\/uploads\/2023\/08\/Sans-titre-1000-x-1000-px.png","width":1000,"height":1000,"caption":"Moonia Boutique"},"image":{"@id":"https:\/\/moonia-boutique.com\/#\/schema\/logo\/image\/"}}]}},"jetpack_sharing_enabled":true,"_links":{"self":[{"href":"https:\/\/moonia-boutique.com\/en\/wp-json\/wp\/v2\/product\/82304","targetHints":{"allow":["GET"]}}],"collection":[{"href":"https:\/\/moonia-boutique.com\/en\/wp-json\/wp\/v2\/product"}],"about":[{"href":"https:\/\/moonia-boutique.com\/en\/wp-json\/wp\/v2\/types\/product"}],"replies":[{"embeddable":true,"href":"https:\/\/moonia-boutique.com\/en\/wp-json\/wp\/v2\/comments?post=82304"}],"wp:featuredmedia":[{"embeddable":true,"href":"https:\/\/moonia-boutique.com\/en\/wp-json\/wp\/v2\/media\/81845"}],"wp:attachment":[{"href":"https:\/\/moonia-boutique.com\/en\/wp-json\/wp\/v2\/media?parent=82304"}],"wp:term":[{"taxonomy":"product_brand","embeddable":true,"href":"https:\/\/moonia-boutique.com\/en\/wp-json\/wp\/v2\/product_brand?post=82304"},{"taxonomy":"product_cat","embeddable":true,"href":"https:\/\/moonia-boutique.com\/en\/wp-json\/wp\/v2\/product_cat?post=82304"},{"taxonomy":"product_tag","embeddable":true,"href":"https:\/\/moonia-boutique.com\/en\/wp-json\/wp\/v2\/product_tag?post=82304"},{"taxonomy":"giftcard-category","embeddable":true,"href":"https:\/\/moonia-boutique.com\/en\/wp-json\/wp\/v2\/giftcard-category?post=82304"}],"curies":[{"name":"wp","href":"https:\/\/api.w.org\/{rel}","templated":true}]}}