{"id":91924,"date":"2022-04-27T11:32:26","date_gmt":"2022-04-27T09:32:26","guid":{"rendered":"https:\/\/moonia-boutique.com\/?post_type=product&#038;p=91924"},"modified":"2025-12-12T11:38:08","modified_gmt":"2025-12-12T10:38:08","slug":"qamis-saoudien-glace","status":"publish","type":"product","link":"https:\/\/moonia-boutique.com\/en\/product\/qamis-saoudien-glace\/","title":{"rendered":"Qamis Saoudien Glac\u00e9"},"content":{"rendered":"<h1>Qamis Saoudien Glac\u00e9<\/h1>\n<p>Le <strong>Qamis Saoudien Glac\u00e9 <\/strong>est un <strong>Qamis<\/strong> de <strong>couleur uni<\/strong>. Il est fabriqu\u00e9 \u00e0 partir d&#8217;un tissu de tr\u00e8s bonne <strong>qualit\u00e9<\/strong>. C&#8217;est l&#8217;alliance parfaite entre style <strong>sobre<\/strong> et <strong>classe<\/strong>. Le tissu est tr\u00e8s agr\u00e9able \u00e0 porter. Il vous garantira un confort optimal. De plus, le Qamis Saoudien Glac\u00e9 permet \u00e0 votre peau de respirer facilement. C&#8217;est un <strong>qamis brillan<\/strong>t id\u00e9al pour les grandes occasions.<\/p>\n<p>Le <strong>Qamis<\/strong> reprend le <strong>style Saoudien <\/strong>et pr\u00e9sente donc un col boutonn\u00e9. La fermeture se fait gr\u00e2ce \u00e0 plusieurs boutons classique au niveau du buste. Le qamis poss\u00e8de des manches rigides pour un style plus raffin\u00e9. Ses manches poss\u00e8dent des boutons de manchette tr\u00e8s jolis pour plus d&#8217;\u00e9l\u00e9gance. Il se porte \u00e0 toutes les saisons gr\u00e2ce \u00e0 son tissu respirant. Le Qamis poss\u00e8de une poche \u00e0 l&#8217;avant pour y mettre des petits objets comme un siwak par exemple. Il poss\u00e8de aussi des poche lat\u00e9ral tr\u00e8s large pour y conserver des objets plus volumineux t\u00e9l\u00e9phone, portefeuille,&#8230;<\/p>\n<p>Vous pouvez composer une <a href=\"https:\/\/www.instagram.com\/p\/COAWnS2j7KB\/?utm_source=ig_web_copy_link\"><strong>Dine Box<\/strong><\/a> avec ce Qamis et choisir un <strong>Tapis<\/strong> puis un <strong>livre<\/strong> un ou <strong>bien-\u00eatre<\/strong> afin d&#8217;offrir un coffret sur mesure.<\/p>\n<p>D\u00e9couvrez toute la collection de<a href=\"https:\/\/moonia-boutique.com\/en\/product-category\/homme\/qamis\/\"><strong> Qamis for Brother<\/strong><\/a>.<\/p>\n<p>D&#8217;apr\u00e8s Oum Salama (qu&#8217;Allah l&#8217;agr\u00e9e), l&#8217;habit que le Proph\u00e8te (que la pri\u00e8re d&#8217;Allah et Son salut soient sur lui) aimait le plus est le <strong>qamis<\/strong>.<br \/>\n<b>(Rapport\u00e9 par Tirmidhi dans ses Sounan n\u00b01762 qui l&#8217;a authentifi\u00e9 et il a \u00e9galement \u00e9t\u00e9 authentifi\u00e9 par Cheikh Albani dans sa correction de Sounan Tirmidhi)<\/b><\/p>","protected":false},"excerpt":{"rendered":"<p>Le <strong>Qamis Saoudien Glac\u00e9 <\/strong>est un <strong>Qamis<\/strong> de <strong>couleur uni<\/strong>. Il est fabriqu\u00e9 \u00e0 partir d&#8217;un tissu de tr\u00e8s bonne <strong>qualit\u00e9<\/strong>. C&#8217;est l&#8217;alliance parfaite entre style <strong>sobre<\/strong> et <strong>classe<\/strong>. Le tissu est tr\u00e8s agr\u00e9able \u00e0 porter. Il vous garantira un confort optimal. De plus, le Qamis Saoudien Glac\u00e9 permet \u00e0 votre peau de respirer facilement. C&#8217;est un <strong>qamis brillan<\/strong>t id\u00e9al pour les grandes occasions.<\/p>\n<p>Le <strong>Qamis<\/strong> reprend le <strong>style Saoudien <\/strong>et pr\u00e9sente donc un col boutonn\u00e9. La fermeture se fait gr\u00e2ce \u00e0 plusieurs boutons classique au niveau du buste. Le qamis poss\u00e8de des manches rigides pour un style plus raffin\u00e9. Ses manches poss\u00e8dent des boutons de manchette tr\u00e8s jolis pour plus d&#8217;\u00e9l\u00e9gance. Il se porte \u00e0 toutes les saisons gr\u00e2ce \u00e0 son tissu respirant. Le Qamis poss\u00e8de une poche \u00e0 l&#8217;avant pour y mettre des petits objets comme un siwak par exemple. Il poss\u00e8de aussi des poche lat\u00e9ral tr\u00e8s large pour y conserver des objets plus volumineux t\u00e9l\u00e9phone, portefeuille,&#8230;<\/p>\n<p>Vous pouvez composer une <a href=\"https:\/\/www.instagram.com\/p\/COAWnS2j7KB\/?utm_source=ig_web_copy_link\"><strong>Dine Box<\/strong><\/a> avec ce Qamis et choisir un <strong>Tapis<\/strong> puis un <strong>livre<\/strong> un ou <strong>bien-\u00eatre<\/strong> afin d&#8217;offrir un coffret sur mesure.<\/p>\n<p>D\u00e9couvrez toute la collection de<a href=\"https:\/\/moonia-boutique.com\/en\/product-category\/homme\/qamis\/\"><strong> Qamis for Brother<\/strong><\/a>.<\/p>\n<p>D&#8217;apr\u00e8s Oum Salama (qu&#8217;Allah l&#8217;agr\u00e9e), l&#8217;habit que le Proph\u00e8te (que la pri\u00e8re d&#8217;Allah et Son salut soient sur lui) aimait le plus est le <strong>qamis<\/strong>.<br \/>\n<b>(Rapport\u00e9 par Tirmidhi dans ses Sounan n\u00b01762 qui l&#8217;a authentifi\u00e9 et il a \u00e9galement \u00e9t\u00e9 authentifi\u00e9 par Cheikh Albani dans sa correction de Sounan Tirmidhi)<\/b><\/p>\n<table style=\"border-collapse: collapse;width: 99.9037%;height: 156px\">\n<tbody>\n<tr style=\"height: 26px\">\n<td style=\"width: 17.1136%;height: 26px;text-align: center\"><strong>Taille du Qamis<\/strong><\/td>\n<td style=\"width: 40.3322%;height: 26px;text-align: center\"><strong>Hauteur de la personne (cm)<\/strong><\/td>\n<td style=\"width: 74.9637%;height: 26px;text-align: center\"><strong>Longueur du Qamis (cm)<\/strong><\/td>\n<\/tr>\n<tr style=\"height: 26px\">\n<td style=\"width: 17.1136%;height: 26px;text-align: center\"><strong>54<\/strong><\/td>\n<td style=\"width: 40.3322%;height: 26px;text-align: center\"><strong>174-178<\/strong><\/td>\n<td style=\"width: 74.9637%;height: 26px;text-align: center\"><strong>137<\/strong><\/td>\n<\/tr>\n<tr style=\"height: 26px\">\n<td style=\"width: 17.1136%;height: 26px;text-align: center\"><strong>56<\/strong><\/td>\n<td style=\"width: 40.3322%;height: 26px;text-align: center\"><strong>178-781<\/strong><\/td>\n<td style=\"width: 74.9637%;height: 26px;text-align: center\"><strong>142<\/strong><\/td>\n<\/tr>\n<tr style=\"height: 26px\">\n<td style=\"width: 17.1136%;height: 26px;text-align: center\"><strong>58<\/strong><\/td>\n<td style=\"width: 40.3322%;height: 26px;text-align: center\"><strong>182-185<\/strong><\/td>\n<td style=\"width: 74.9637%;height: 26px;text-align: center\"><strong>147<\/strong><\/td>\n<\/tr>\n<tr style=\"height: 26px\">\n<td style=\"width: 17.1136%;height: 26px;text-align: center\"><strong>60<\/strong><\/td>\n<td style=\"width: 40.3322%;height: 26px;text-align: center\"><strong>186-189<\/strong><\/td>\n<td style=\"width: 74.9637%;height: 26px;text-align: center\"><strong>152<\/strong><\/td>\n<\/tr>\n<tr style=\"height: 26px\">\n<td style=\"width: 17.1136%;height: 26px;text-align: center\"><strong>62<\/strong><\/td>\n<td style=\"width: 40.3322%;height: 26px;text-align: center\"><strong>+ de 189<\/strong><\/td>\n<td style=\"width: 74.9637%;height: 26px;text-align: center\"><strong>158<\/strong><\/td>\n<\/tr>\n<\/tbody>\n<\/table>\n<p>&nbsp;<\/p>","protected":false},"featured_media":52165,"comment_status":"open","ping_status":"closed","template":"","meta":{"_acf_changed":false,"_mo_disable_npp":""},"product_brand":[],"product_cat":[377,368,207,537,534,538,533,237,535,215],"product_tag":[],"giftcard-category":[],"class_list":{"0":"post-91924","1":"product","2":"type-product","3":"status-publish","4":"has-post-thumbnail","6":"product_cat-dahwaa","7":"product_cat-precommandes","8":"product_cat-qamis","9":"product_cat-qamis-blanc","10":"product_cat-qamis-homme","11":"product_cat-qamis-noir","12":"product_cat-qamis-pas-cher","13":"product_cat-qamis-box","14":"product_cat-qamis-saoudien","15":"product_cat-vetement-musulman-pour-homme","17":"first","18":"instock","19":"taxable","20":"shipping-taxable","21":"purchasable","22":"product-type-variable","23":"rtwpvs-product"},"composite_virtual":false,"composite_layout":"","composite_add_to_cart_form_location":"","composite_editable_in_cart":false,"composite_sold_individually_context":"","composite_shop_price_calc":"","composite_components":[],"composite_scenarios":[],"acf":[],"yoast_head":"<!-- This site is optimized with the Yoast SEO plugin v26.6 - https:\/\/yoast.com\/wordpress\/plugins\/seo\/ -->\n<title>Qamis Saoudien Glac\u00e9 - Moonia Boutique<\/title>\n<meta name=\"description\" content=\"Le Qamis Saoudien Glac\u00e9 est un Qamis de couleur uni. Il est fabriqu\u00e9 \u00e0 partir d&#039;un tissu de tr\u00e8s bonne qualit\u00e9.\" \/>\n<meta name=\"robots\" content=\"index, follow, max-snippet:-1, max-image-preview:large, max-video-preview:-1\" \/>\n<link rel=\"canonical\" href=\"https:\/\/moonia-boutique.com\/en\/product\/qamis-saoudien-glace\/\" \/>\n<meta property=\"og:locale\" content=\"en_GB\" \/>\n<meta property=\"og:type\" content=\"article\" \/>\n<meta property=\"og:title\" content=\"Qamis Saoudien Glac\u00e9 - Moonia Boutique\" \/>\n<meta property=\"og:description\" content=\"Le Qamis Saoudien Glac\u00e9 est un Qamis de couleur uni. Il est fabriqu\u00e9 \u00e0 partir d&#039;un tissu de tr\u00e8s bonne qualit\u00e9.\" \/>\n<meta property=\"og:url\" content=\"https:\/\/moonia-boutique.com\/en\/product\/qamis-saoudien-glace\/\" \/>\n<meta property=\"og:site_name\" content=\"Moonia Boutique\" \/>\n<meta property=\"article:modified_time\" content=\"2025-12-12T10:38:08+00:00\" \/>\n<meta property=\"og:image\" content=\"https:\/\/moonia-boutique.com\/wp-content\/uploads\/2022\/02\/1163B026-4C0F-4585-B807-7F65345E12AE-scaled-scaled.jpeg\" \/>\n\t<meta property=\"og:image:width\" content=\"1618\" \/>\n\t<meta property=\"og:image:height\" content=\"2048\" \/>\n\t<meta property=\"og:image:type\" content=\"image\/jpeg\" \/>\n<meta name=\"twitter:card\" content=\"summary_large_image\" \/>\n<meta name=\"twitter:label1\" content=\"Estimated reading time\" \/>\n\t<meta name=\"twitter:data1\" content=\"2 minutes\" \/>\n<script type=\"application\/ld+json\" class=\"yoast-schema-graph\">{\"@context\":\"https:\/\/schema.org\",\"@graph\":[{\"@type\":\"WebPage\",\"@id\":\"https:\/\/moonia-boutique.com\/produit\/qamis-saoudien-glace\/\",\"url\":\"https:\/\/moonia-boutique.com\/produit\/qamis-saoudien-glace\/\",\"name\":\"Qamis Saoudien Glac\u00e9 - Moonia Boutique\",\"isPartOf\":{\"@id\":\"https:\/\/moonia-boutique.com\/#website\"},\"primaryImageOfPage\":{\"@id\":\"https:\/\/moonia-boutique.com\/produit\/qamis-saoudien-glace\/#primaryimage\"},\"image\":{\"@id\":\"https:\/\/moonia-boutique.com\/produit\/qamis-saoudien-glace\/#primaryimage\"},\"thumbnailUrl\":\"https:\/\/moonia-boutique.com\/wp-content\/uploads\/2022\/02\/1163B026-4C0F-4585-B807-7F65345E12AE-scaled-scaled.jpeg\",\"datePublished\":\"2022-04-27T09:32:26+00:00\",\"dateModified\":\"2025-12-12T10:38:08+00:00\",\"description\":\"Le Qamis Saoudien Glac\u00e9 est un Qamis de couleur uni. Il est fabriqu\u00e9 \u00e0 partir d'un tissu de tr\u00e8s bonne qualit\u00e9.\",\"breadcrumb\":{\"@id\":\"https:\/\/moonia-boutique.com\/produit\/qamis-saoudien-glace\/#breadcrumb\"},\"inLanguage\":\"en-GB\",\"potentialAction\":[{\"@type\":\"ReadAction\",\"target\":[\"https:\/\/moonia-boutique.com\/produit\/qamis-saoudien-glace\/\"]}]},{\"@type\":\"ImageObject\",\"inLanguage\":\"en-GB\",\"@id\":\"https:\/\/moonia-boutique.com\/produit\/qamis-saoudien-glace\/#primaryimage\",\"url\":\"https:\/\/moonia-boutique.com\/wp-content\/uploads\/2022\/02\/1163B026-4C0F-4585-B807-7F65345E12AE-scaled-scaled.jpeg\",\"contentUrl\":\"https:\/\/moonia-boutique.com\/wp-content\/uploads\/2022\/02\/1163B026-4C0F-4585-B807-7F65345E12AE-scaled-scaled.jpeg\",\"width\":1618,\"height\":2048,\"caption\":\"Qamis Qatari Glac\u00e9\"},{\"@type\":\"BreadcrumbList\",\"@id\":\"https:\/\/moonia-boutique.com\/produit\/qamis-saoudien-glace\/#breadcrumb\",\"itemListElement\":[{\"@type\":\"ListItem\",\"position\":1,\"name\":\"Accueil\",\"item\":\"https:\/\/moonia-boutique.com\/\"},{\"@type\":\"ListItem\",\"position\":2,\"name\":\"Boutique Femme Musulmane\",\"item\":\"https:\/\/moonia-boutique.com\/boutique\/\"},{\"@type\":\"ListItem\",\"position\":3,\"name\":\"Qamis Saoudien Glac\u00e9\"}]},{\"@type\":\"WebSite\",\"@id\":\"https:\/\/moonia-boutique.com\/#website\",\"url\":\"https:\/\/moonia-boutique.com\/\",\"name\":\"Moonia Boutique\",\"description\":\"Moonia Boutique - Le site de mode de la femme musulmane !\",\"publisher\":{\"@id\":\"https:\/\/moonia-boutique.com\/#organization\"},\"potentialAction\":[{\"@type\":\"SearchAction\",\"target\":{\"@type\":\"EntryPoint\",\"urlTemplate\":\"https:\/\/moonia-boutique.com\/?s={search_term_string}\"},\"query-input\":{\"@type\":\"PropertyValueSpecification\",\"valueRequired\":true,\"valueName\":\"search_term_string\"}}],\"inLanguage\":\"en-GB\"},{\"@type\":\"Organization\",\"@id\":\"https:\/\/moonia-boutique.com\/#organization\",\"name\":\"Moonia Boutique\",\"url\":\"https:\/\/moonia-boutique.com\/\",\"logo\":{\"@type\":\"ImageObject\",\"inLanguage\":\"en-GB\",\"@id\":\"https:\/\/moonia-boutique.com\/#\/schema\/logo\/image\/\",\"url\":\"https:\/\/moonia-boutique.com\/wp-content\/uploads\/2023\/08\/Sans-titre-1000-x-1000-px.png\",\"contentUrl\":\"https:\/\/moonia-boutique.com\/wp-content\/uploads\/2023\/08\/Sans-titre-1000-x-1000-px.png\",\"width\":1000,\"height\":1000,\"caption\":\"Moonia Boutique\"},\"image\":{\"@id\":\"https:\/\/moonia-boutique.com\/#\/schema\/logo\/image\/\"}}]}<\/script>\n<!-- \/ Yoast SEO plugin. -->","yoast_head_json":{"title":"Qamis Saoudien Glac\u00e9 - Moonia Boutique","description":"Le Qamis Saoudien Glac\u00e9 est un Qamis de couleur uni. Il est fabriqu\u00e9 \u00e0 partir d'un tissu de tr\u00e8s bonne qualit\u00e9.","robots":{"index":"index","follow":"follow","max-snippet":"max-snippet:-1","max-image-preview":"max-image-preview:large","max-video-preview":"max-video-preview:-1"},"canonical":"https:\/\/moonia-boutique.com\/en\/product\/qamis-saoudien-glace\/","og_locale":"en_GB","og_type":"article","og_title":"Qamis Saoudien Glac\u00e9 - Moonia Boutique","og_description":"Le Qamis Saoudien Glac\u00e9 est un Qamis de couleur uni. Il est fabriqu\u00e9 \u00e0 partir d'un tissu de tr\u00e8s bonne qualit\u00e9.","og_url":"https:\/\/moonia-boutique.com\/en\/product\/qamis-saoudien-glace\/","og_site_name":"Moonia Boutique","article_modified_time":"2025-12-12T10:38:08+00:00","og_image":[{"width":1618,"height":2048,"url":"https:\/\/moonia-boutique.com\/wp-content\/uploads\/2022\/02\/1163B026-4C0F-4585-B807-7F65345E12AE-scaled-scaled.jpeg","type":"image\/jpeg"}],"twitter_card":"summary_large_image","twitter_misc":{"Estimated reading time":"2 minutes"},"schema":{"@context":"https:\/\/schema.org","@graph":[{"@type":"WebPage","@id":"https:\/\/moonia-boutique.com\/produit\/qamis-saoudien-glace\/","url":"https:\/\/moonia-boutique.com\/produit\/qamis-saoudien-glace\/","name":"Qamis Saoudien Glac\u00e9 - Moonia Boutique","isPartOf":{"@id":"https:\/\/moonia-boutique.com\/#website"},"primaryImageOfPage":{"@id":"https:\/\/moonia-boutique.com\/produit\/qamis-saoudien-glace\/#primaryimage"},"image":{"@id":"https:\/\/moonia-boutique.com\/produit\/qamis-saoudien-glace\/#primaryimage"},"thumbnailUrl":"https:\/\/moonia-boutique.com\/wp-content\/uploads\/2022\/02\/1163B026-4C0F-4585-B807-7F65345E12AE-scaled-scaled.jpeg","datePublished":"2022-04-27T09:32:26+00:00","dateModified":"2025-12-12T10:38:08+00:00","description":"Le Qamis Saoudien Glac\u00e9 est un Qamis de couleur uni. Il est fabriqu\u00e9 \u00e0 partir d'un tissu de tr\u00e8s bonne qualit\u00e9.","breadcrumb":{"@id":"https:\/\/moonia-boutique.com\/produit\/qamis-saoudien-glace\/#breadcrumb"},"inLanguage":"en-GB","potentialAction":[{"@type":"ReadAction","target":["https:\/\/moonia-boutique.com\/produit\/qamis-saoudien-glace\/"]}]},{"@type":"ImageObject","inLanguage":"en-GB","@id":"https:\/\/moonia-boutique.com\/produit\/qamis-saoudien-glace\/#primaryimage","url":"https:\/\/moonia-boutique.com\/wp-content\/uploads\/2022\/02\/1163B026-4C0F-4585-B807-7F65345E12AE-scaled-scaled.jpeg","contentUrl":"https:\/\/moonia-boutique.com\/wp-content\/uploads\/2022\/02\/1163B026-4C0F-4585-B807-7F65345E12AE-scaled-scaled.jpeg","width":1618,"height":2048,"caption":"Qamis Qatari Glac\u00e9"},{"@type":"BreadcrumbList","@id":"https:\/\/moonia-boutique.com\/produit\/qamis-saoudien-glace\/#breadcrumb","itemListElement":[{"@type":"ListItem","position":1,"name":"Accueil","item":"https:\/\/moonia-boutique.com\/"},{"@type":"ListItem","position":2,"name":"Boutique Femme Musulmane","item":"https:\/\/moonia-boutique.com\/boutique\/"},{"@type":"ListItem","position":3,"name":"Qamis Saoudien Glac\u00e9"}]},{"@type":"WebSite","@id":"https:\/\/moonia-boutique.com\/#website","url":"https:\/\/moonia-boutique.com\/","name":"Moonia Boutique","description":"Moonia Boutique - Le site de mode de la femme musulmane !","publisher":{"@id":"https:\/\/moonia-boutique.com\/#organization"},"potentialAction":[{"@type":"SearchAction","target":{"@type":"EntryPoint","urlTemplate":"https:\/\/moonia-boutique.com\/?s={search_term_string}"},"query-input":{"@type":"PropertyValueSpecification","valueRequired":true,"valueName":"search_term_string"}}],"inLanguage":"en-GB"},{"@type":"Organization","@id":"https:\/\/moonia-boutique.com\/#organization","name":"Moonia Boutique","url":"https:\/\/moonia-boutique.com\/","logo":{"@type":"ImageObject","inLanguage":"en-GB","@id":"https:\/\/moonia-boutique.com\/#\/schema\/logo\/image\/","url":"https:\/\/moonia-boutique.com\/wp-content\/uploads\/2023\/08\/Sans-titre-1000-x-1000-px.png","contentUrl":"https:\/\/moonia-boutique.com\/wp-content\/uploads\/2023\/08\/Sans-titre-1000-x-1000-px.png","width":1000,"height":1000,"caption":"Moonia Boutique"},"image":{"@id":"https:\/\/moonia-boutique.com\/#\/schema\/logo\/image\/"}}]}},"jetpack_sharing_enabled":true,"_links":{"self":[{"href":"https:\/\/moonia-boutique.com\/en\/wp-json\/wp\/v2\/product\/91924","targetHints":{"allow":["GET"]}}],"collection":[{"href":"https:\/\/moonia-boutique.com\/en\/wp-json\/wp\/v2\/product"}],"about":[{"href":"https:\/\/moonia-boutique.com\/en\/wp-json\/wp\/v2\/types\/product"}],"replies":[{"embeddable":true,"href":"https:\/\/moonia-boutique.com\/en\/wp-json\/wp\/v2\/comments?post=91924"}],"wp:featuredmedia":[{"embeddable":true,"href":"https:\/\/moonia-boutique.com\/en\/wp-json\/wp\/v2\/media\/52165"}],"wp:attachment":[{"href":"https:\/\/moonia-boutique.com\/en\/wp-json\/wp\/v2\/media?parent=91924"}],"wp:term":[{"taxonomy":"product_brand","embeddable":true,"href":"https:\/\/moonia-boutique.com\/en\/wp-json\/wp\/v2\/product_brand?post=91924"},{"taxonomy":"product_cat","embeddable":true,"href":"https:\/\/moonia-boutique.com\/en\/wp-json\/wp\/v2\/product_cat?post=91924"},{"taxonomy":"product_tag","embeddable":true,"href":"https:\/\/moonia-boutique.com\/en\/wp-json\/wp\/v2\/product_tag?post=91924"},{"taxonomy":"giftcard-category","embeddable":true,"href":"https:\/\/moonia-boutique.com\/en\/wp-json\/wp\/v2\/giftcard-category?post=91924"}],"curies":[{"name":"wp","href":"https:\/\/api.w.org\/{rel}","templated":true}]}}